{"id":8076,"date":"2024-09-20T16:26:25","date_gmt":"2024-09-20T08:26:25","guid":{"rendered":"https:\/\/qqpets.com\/?post_type=product&#038;p=8076"},"modified":"2024-09-20T16:26:25","modified_gmt":"2024-09-20T08:26:25","slug":"waterproof-dog-harness-leash-collar-set","status":"publish","type":"product","link":"https:\/\/qqpets.com\/et\/toode\/waterproof-dog-harness-leash-collar-set\/","title":{"rendered":"Veekindel koera rakmed rihma kaelarihma komplekt"},"content":{"rendered":"<p>Tutvustame meie k\u00f5ik-\u00fches veekindla koerarihma ja rihma kaelarihma komplekti, mis on parim lahendus lemmikloomaomanikele, kes ei lase ilmastikuoludel oma seiklusi \u00f5ues dikteerida. See terviklik komplekt tagab, et teie koer on varustatud mis tahes tingimustes, olgu vihma v\u00f5i p\u00e4ikese k\u00e4es.<\/p>\n<p><strong>Peamised omadused:<\/strong><\/p>\n<ul>\n<li><strong>Veekindlad materjalid:<\/strong> Iga osa on valmistatud veekindlast materjalist, mis takistab niiskuse imendumist, hoides teie koera vihmastel jalutusk\u00e4ikudel v\u00f5i mudases keskkonnas kuivana ja mugavalt.<\/li>\n<li><strong>Reguleeritav sobivus:<\/strong> Rakmed ja kaelarihm on t\u00e4ielikult reguleeritavate rihmadega, mis tagavad kindla ja turvalise istuvuse igas suuruses koertele. Selline kohandatavus takistab libisemist ja ebamugavustunnet, suurendades teie jalutusk\u00e4ikude ohutust ja nauditavust.<\/li>\n<li><strong>Vastupidav disain:<\/strong> Meie komplekt on valmistatud kestma, sest selles on kasutatud kvaliteetseid materjale, mis on vastupidavad kulumisele. Vastupidav riistvara tagab, et rihm, kaelarihm ja rakmed peavad vastu aktiivsete lemmikloomade karmidele n\u00f5udmistele.<\/li>\n<li><strong>Mugavus ja kontroll:<\/strong> Rakmed jaotavad surve \u00fchtlaselt teie koera rinnale ja seljale, v\u00e4hendades koormust kaelale ja andes teile parema kontrolli jalutusk\u00e4igu ajal.<\/li>\n<li><strong>Lihtne hooldus:<\/strong> Praktilisust silmas pidades on kogu komplekt h\u00f5lpsasti puhastatav ja kiiresti kuivav, mis teeb hoolduse p\u00e4rast mudaseid v\u00f5i niiskeid v\u00e4ljas\u00f5ite imelihtne.<\/li>\n<\/ul>\n<p>Meie veekindel koerarihma- ja rihmakaelarihma komplekt sobib ideaalselt neile, kes naudivad igap\u00e4evaseid jalutusk\u00e4ike, olenemata ilmastikuoludest, ja on loodud nii, et teie koer oleks mugav, turvaline ja stiilne. Olenemata sellest, kas uurite linna t\u00e4navaid vihmastel p\u00e4evadel v\u00f5i seiklete m\u00e4rjadel radadel, hoiab see komplekt teie lemmiklooma valmis ja kaitstud, tagades, et ilm ei tee teie \u00fchisele ajale kunagi kriipsu peale.<\/p>\n<p>Valige meie veekindel koerarihma ja rihma kaelarihma komplekt, mis \u00fchendab endas funktsionaalsuse, stiili ja vastupidavuse, tagades, et teie lemmikloom naudib iga v\u00e4ljas\u00f5itu mugavalt ja stiilselt.<\/p>","protected":false},"excerpt":{"rendered":"<p>Varustage end iga ilmaga meie veekindla koera rakmete ja rihma kaelarihma komplektiga. See komplekt, mis on loodud ilmastikule vastu pidama, sisaldab veekindlat rakmeid, rihma ja kaelarihma, mis tagavad, et teie lemmikloom j\u00e4\u00e4b mugavaks ja kuivaks ka niisketes tingimustes. T\u00e4iusliku sobivuse tagamiseks reguleeritav ja vastupidavast materjalist valmistatud komplekt pakub t\u00e4iustatud kontrolli ja turvalisust igap\u00e4evastel jalutusk\u00e4ikudel. Ideaalne vihmaste p\u00e4evade v\u00f5i mudaste radade jaoks, see hoiab teie lemmiklooma valmis \u00f5ues seiklusteks, s\u00e4ilitades samas lihtsa hoolduse ja suure vastupidavuse.<\/p>","protected":false},"featured_media":8077,"template":"","meta":[],"product_brand":[],"product_cat":[23],"product_tag":[],"class_list":{"0":"post-8076","1":"product","2":"type-product","3":"status-publish","4":"has-post-thumbnail","6":"product_cat-dog-harness","7":"pa_brand-qqpets","9":"first","10":"instock","11":"shipping-taxable","12":"product-type-simple"},"yoast_head":"<!-- This site is optimized with the Yoast SEO plugin v26.6 - https:\/\/yoast.com\/wordpress\/plugins\/seo\/ -->\n<title>Waterproof Dog Harness Leash Collar Set | QQPETS<\/title>\n<meta name=\"description\" content=\"Explore our Waterproof Dog Harness Leash Collar Set for all-weather adventures. Durable, stylish, and practical!\" \/>\n<meta name=\"robots\" content=\"index, follow, max-snippet:-1, max-image-preview:large, max-video-preview:-1\" \/>\n<link rel=\"canonical\" href=\"https:\/\/qqpets.com\/et\/toode\/waterproof-dog-harness-leash-collar-set\/\" \/>\n<meta property=\"og:locale\" content=\"et_EE\" \/>\n<meta property=\"og:type\" content=\"article\" \/>\n<meta property=\"og:title\" content=\"Waterproof Dog Harness Leash Collar Set | QQPETS\" \/>\n<meta property=\"og:description\" content=\"Explore our Waterproof Dog Harness Leash Collar Set for all-weather adventures. Durable, stylish, and practical!\" \/>\n<meta property=\"og:url\" content=\"https:\/\/qqpets.com\/et\/toode\/waterproof-dog-harness-leash-collar-set\/\" \/>\n<meta property=\"og:site_name\" content=\"QQPETS\" \/>\n<meta property=\"article:publisher\" content=\"https:\/\/www.facebook.com\/QQpetsdogcollars\" \/>\n<meta property=\"og:image\" content=\"https:\/\/qqpets.com\/wp-content\/uploads\/2024\/09\/waterprood-dog-harness-collar-leash-set1.webp\" \/>\n\t<meta property=\"og:image:width\" content=\"1000\" \/>\n\t<meta property=\"og:image:height\" content=\"1000\" \/>\n\t<meta property=\"og:image:type\" content=\"image\/webp\" \/>\n<meta name=\"twitter:card\" content=\"summary_large_image\" \/>\n<meta name=\"twitter:label1\" content=\"Est. reading time\" \/>\n\t<meta name=\"twitter:data1\" content=\"2 minutit\" \/>\n<script type=\"application\/ld+json\" class=\"yoast-schema-graph\">{\"@context\":\"https:\/\/schema.org\",\"@graph\":[{\"@type\":\"WebPage\",\"@id\":\"https:\/\/qqpets.com\/product\/waterproof-dog-harness-leash-collar-set\/\",\"url\":\"https:\/\/qqpets.com\/product\/waterproof-dog-harness-leash-collar-set\/\",\"name\":\"Waterproof Dog Harness Leash Collar Set | QQPETS\",\"isPartOf\":{\"@id\":\"https:\/\/qqpets.com\/#website\"},\"primaryImageOfPage\":{\"@id\":\"https:\/\/qqpets.com\/product\/waterproof-dog-harness-leash-collar-set\/#primaryimage\"},\"image\":{\"@id\":\"https:\/\/qqpets.com\/product\/waterproof-dog-harness-leash-collar-set\/#primaryimage\"},\"thumbnailUrl\":\"https:\/\/qqpets.com\/wp-content\/uploads\/2024\/09\/waterprood-dog-harness-collar-leash-set1.webp\",\"datePublished\":\"2024-09-20T08:26:25+00:00\",\"description\":\"Explore our Waterproof Dog Harness Leash Collar Set for all-weather adventures. Durable, stylish, and practical!\",\"breadcrumb\":{\"@id\":\"https:\/\/qqpets.com\/product\/waterproof-dog-harness-leash-collar-set\/#breadcrumb\"},\"inLanguage\":\"et\",\"potentialAction\":[{\"@type\":\"ReadAction\",\"target\":[\"https:\/\/qqpets.com\/product\/waterproof-dog-harness-leash-collar-set\/\"]}]},{\"@type\":\"ImageObject\",\"inLanguage\":\"et\",\"@id\":\"https:\/\/qqpets.com\/product\/waterproof-dog-harness-leash-collar-set\/#primaryimage\",\"url\":\"https:\/\/qqpets.com\/wp-content\/uploads\/2024\/09\/waterprood-dog-harness-collar-leash-set1.webp\",\"contentUrl\":\"https:\/\/qqpets.com\/wp-content\/uploads\/2024\/09\/waterprood-dog-harness-collar-leash-set1.webp\",\"width\":1000,\"height\":1000},{\"@type\":\"BreadcrumbList\",\"@id\":\"https:\/\/qqpets.com\/product\/waterproof-dog-harness-leash-collar-set\/#breadcrumb\",\"itemListElement\":[{\"@type\":\"ListItem\",\"position\":1,\"name\":\"Home\",\"item\":\"https:\/\/qqpets.com\/\"},{\"@type\":\"ListItem\",\"position\":2,\"name\":\"Products\",\"item\":\"https:\/\/qqpets.com\/pet-products-manufacturer\/\"},{\"@type\":\"ListItem\",\"position\":3,\"name\":\"Waterproof Dog Harness Leash Collar Set\"}]},{\"@type\":\"WebSite\",\"@id\":\"https:\/\/qqpets.com\/#website\",\"url\":\"https:\/\/qqpets.com\/\",\"name\":\"QQPETS\",\"description\":\"QQPETS is a pet products factory for dog harnesses, dog collars, dog leashes and dog accessories with professional customized service since 2005.\",\"publisher\":{\"@id\":\"https:\/\/qqpets.com\/#organization\"},\"potentialAction\":[{\"@type\":\"SearchAction\",\"target\":{\"@type\":\"EntryPoint\",\"urlTemplate\":\"https:\/\/qqpets.com\/?s={search_term_string}\"},\"query-input\":{\"@type\":\"PropertyValueSpecification\",\"valueRequired\":true,\"valueName\":\"search_term_string\"}}],\"inLanguage\":\"et\"},{\"@type\":\"Organization\",\"@id\":\"https:\/\/qqpets.com\/#organization\",\"name\":\"QQPETS\",\"url\":\"https:\/\/qqpets.com\/\",\"logo\":{\"@type\":\"ImageObject\",\"inLanguage\":\"et\",\"@id\":\"https:\/\/qqpets.com\/#\/schema\/logo\/image\/\",\"url\":\"https:\/\/qqpets.com\/wp-content\/uploads\/2023\/09\/cropped-cropped-qqpets-tiktok.jpg\",\"contentUrl\":\"https:\/\/qqpets.com\/wp-content\/uploads\/2023\/09\/cropped-cropped-qqpets-tiktok.jpg\",\"width\":511,\"height\":511,\"caption\":\"QQPETS\"},\"image\":{\"@id\":\"https:\/\/qqpets.com\/#\/schema\/logo\/image\/\"},\"sameAs\":[\"https:\/\/www.facebook.com\/QQpetsdogcollars\",\"https:\/\/www.instagram.com\/qqpetscollar\/\",\"https:\/\/www.pinterest.com\/qqpetsdogcollarsfactory\/\"]}]}<\/script>\n<!-- \/ Yoast SEO plugin. -->","yoast_head_json":{"title":"Veekindel koera rakmed ja rihma kaelarihma komplekt | QQPETS","description":"Tutvu meie veekindla koerarihma ja rihma kaelarihma komplektiga, mis on m\u00f5eldud k\u00f5ikv\u00f5imalike seikluste jaoks. Vastupidav, stiilne ja praktiline!","robots":{"index":"index","follow":"follow","max-snippet":"max-snippet:-1","max-image-preview":"max-image-preview:large","max-video-preview":"max-video-preview:-1"},"canonical":"https:\/\/qqpets.com\/et\/toode\/waterproof-dog-harness-leash-collar-set\/","og_locale":"et_EE","og_type":"article","og_title":"Waterproof Dog Harness Leash Collar Set | QQPETS","og_description":"Explore our Waterproof Dog Harness Leash Collar Set for all-weather adventures. Durable, stylish, and practical!","og_url":"https:\/\/qqpets.com\/et\/toode\/waterproof-dog-harness-leash-collar-set\/","og_site_name":"QQPETS","article_publisher":"https:\/\/www.facebook.com\/QQpetsdogcollars","og_image":[{"width":1000,"height":1000,"url":"https:\/\/qqpets.com\/wp-content\/uploads\/2024\/09\/waterprood-dog-harness-collar-leash-set1.webp","type":"image\/webp"}],"twitter_card":"summary_large_image","twitter_misc":{"Est. reading time":"2 minutit"},"schema":{"@context":"https:\/\/schema.org","@graph":[{"@type":"WebPage","@id":"https:\/\/qqpets.com\/product\/waterproof-dog-harness-leash-collar-set\/","url":"https:\/\/qqpets.com\/product\/waterproof-dog-harness-leash-collar-set\/","name":"Veekindel koera rakmed ja rihma kaelarihma komplekt | QQPETS","isPartOf":{"@id":"https:\/\/qqpets.com\/#website"},"primaryImageOfPage":{"@id":"https:\/\/qqpets.com\/product\/waterproof-dog-harness-leash-collar-set\/#primaryimage"},"image":{"@id":"https:\/\/qqpets.com\/product\/waterproof-dog-harness-leash-collar-set\/#primaryimage"},"thumbnailUrl":"https:\/\/qqpets.com\/wp-content\/uploads\/2024\/09\/waterprood-dog-harness-collar-leash-set1.webp","datePublished":"2024-09-20T08:26:25+00:00","description":"Tutvu meie veekindla koerarihma ja rihma kaelarihma komplektiga, mis on m\u00f5eldud k\u00f5ikv\u00f5imalike seikluste jaoks. Vastupidav, stiilne ja praktiline!","breadcrumb":{"@id":"https:\/\/qqpets.com\/product\/waterproof-dog-harness-leash-collar-set\/#breadcrumb"},"inLanguage":"et","potentialAction":[{"@type":"ReadAction","target":["https:\/\/qqpets.com\/product\/waterproof-dog-harness-leash-collar-set\/"]}]},{"@type":"ImageObject","inLanguage":"et","@id":"https:\/\/qqpets.com\/product\/waterproof-dog-harness-leash-collar-set\/#primaryimage","url":"https:\/\/qqpets.com\/wp-content\/uploads\/2024\/09\/waterprood-dog-harness-collar-leash-set1.webp","contentUrl":"https:\/\/qqpets.com\/wp-content\/uploads\/2024\/09\/waterprood-dog-harness-collar-leash-set1.webp","width":1000,"height":1000},{"@type":"BreadcrumbList","@id":"https:\/\/qqpets.com\/product\/waterproof-dog-harness-leash-collar-set\/#breadcrumb","itemListElement":[{"@type":"ListItem","position":1,"name":"Home","item":"https:\/\/qqpets.com\/"},{"@type":"ListItem","position":2,"name":"Products","item":"https:\/\/qqpets.com\/pet-products-manufacturer\/"},{"@type":"ListItem","position":3,"name":"Waterproof Dog Harness Leash Collar Set"}]},{"@type":"WebSite","@id":"https:\/\/qqpets.com\/#website","url":"https:\/\/qqpets.com\/","name":"QQPETS","description":"QQPETS on lemmikloomatoodete tehas koerte rakmete, koerte kaelarihmade, koerte rihmade ja koerte tarvikute jaoks, mis pakub professionaalset kohandatud teenust alates 2005. aastast.","publisher":{"@id":"https:\/\/qqpets.com\/#organization"},"potentialAction":[{"@type":"SearchAction","target":{"@type":"EntryPoint","urlTemplate":"https:\/\/qqpets.com\/?s={search_term_string}"},"query-input":{"@type":"PropertyValueSpecification","valueRequired":true,"valueName":"search_term_string"}}],"inLanguage":"et"},{"@type":"Organization","@id":"https:\/\/qqpets.com\/#organization","name":"QQPETS","url":"https:\/\/qqpets.com\/","logo":{"@type":"ImageObject","inLanguage":"et","@id":"https:\/\/qqpets.com\/#\/schema\/logo\/image\/","url":"https:\/\/qqpets.com\/wp-content\/uploads\/2023\/09\/cropped-cropped-qqpets-tiktok.jpg","contentUrl":"https:\/\/qqpets.com\/wp-content\/uploads\/2023\/09\/cropped-cropped-qqpets-tiktok.jpg","width":511,"height":511,"caption":"QQPETS"},"image":{"@id":"https:\/\/qqpets.com\/#\/schema\/logo\/image\/"},"sameAs":["https:\/\/www.facebook.com\/QQpetsdogcollars","https:\/\/www.instagram.com\/qqpetscollar\/","https:\/\/www.pinterest.com\/qqpetsdogcollarsfactory\/"]}]}},"_links":{"self":[{"href":"https:\/\/qqpets.com\/et\/wp-json\/wp\/v2\/product\/8076","targetHints":{"allow":["GET"]}}],"collection":[{"href":"https:\/\/qqpets.com\/et\/wp-json\/wp\/v2\/product"}],"about":[{"href":"https:\/\/qqpets.com\/et\/wp-json\/wp\/v2\/types\/product"}],"wp:featuredmedia":[{"embeddable":true,"href":"https:\/\/qqpets.com\/et\/wp-json\/wp\/v2\/media\/8077"}],"wp:attachment":[{"href":"https:\/\/qqpets.com\/et\/wp-json\/wp\/v2\/media?parent=8076"}],"wp:term":[{"taxonomy":"product_brand","embeddable":true,"href":"https:\/\/qqpets.com\/et\/wp-json\/wp\/v2\/product_brand?post=8076"},{"taxonomy":"product_cat","embeddable":true,"href":"https:\/\/qqpets.com\/et\/wp-json\/wp\/v2\/product_cat?post=8076"},{"taxonomy":"product_tag","embeddable":true,"href":"https:\/\/qqpets.com\/et\/wp-json\/wp\/v2\/product_tag?post=8076"}],"curies":[{"name":"wp","href":"https:\/\/api.w.org\/{rel}","templated":true}]}}