{"id":8086,"date":"2024-09-20T17:52:18","date_gmt":"2024-09-20T09:52:18","guid":{"rendered":"https:\/\/qqpets.com\/?post_type=product&#038;p=8086"},"modified":"2024-11-13T14:04:02","modified_gmt":"2024-11-13T06:04:02","slug":"reflective-dog-harness-with-handle","status":"publish","type":"product","link":"https:\/\/qqpets.com\/et\/toode\/reflective-dog-harness-with-handle\/","title":{"rendered":"No Pull Reflective koera rakmed koos k\u00e4epidemega"},"content":{"rendered":"<p>Viige oma koera rutiini uus treenimise ja mugavuse tase meie No Pull Training Reflective Dog Harness koos k\u00e4epidemega. See k\u00f5rgekvaliteediline rakmed on spetsiaalselt loodud t\u00f5mbamise v\u00e4hendamiseks, muutes jalutusk\u00e4igud ja treeningud meeldivamaks ja v\u00e4hem stressirohkeks nii teile kui ka teie lemmikloomale.<\/p>\n<p><strong>Peamised omadused:<\/strong><\/p>\n<ul>\n<li><strong>Helkurribad:<\/strong> \u00d6iste jalutusk\u00e4ikude lisaturvalisuse tagamiseks on rakmed varustatud helkurribadega, mis tagavad, et teie koer on h\u00e4marates tingimustes kaugelt n\u00e4htav.<\/li>\n<li><strong>Tugev k\u00e4epide:<\/strong> Sisseehitatud k\u00e4epide pakub t\u00e4iendavat kontrolli treeningute ajal v\u00f5i kui teil on vaja koera l\u00e4hedalt juhtida, pakkudes koerale vahetut ja \u00f5rna ohjeldamist.<\/li>\n<li><strong>No Pull Design:<\/strong> Kuna see rakmed jaotavad surve \u00fchtlaselt koera rinnale, mitte kaelale, takistab see rakmed l\u00e4mbumist ja v\u00e4hendab t\u00f5mbamise instinkti, soodustades meeldivamat jalutuskogemust.<\/li>\n<li><strong>Vastupidavad materjalid:<\/strong> Kvaliteetsetest kangastest valmistatud rakmed, mis peavad vastu igap\u00e4evasele kasutamisele, on nii vastupidavad kui ka mugavad, ning nende pehme polsterdus kaitseb teie koera nahka.<\/li>\n<li><strong>Reguleeritav sobivus:<\/strong> T\u00e4ielikult reguleeritavad rihmad v\u00f5imaldavad teil kohandada seda vastavalt teie koera ainulaadsele suurusele, tagades mugavuse ja turvalisuse mis tahes tegevuse ajal.<\/li>\n<li><strong>Mitmek\u00fclgne kasutamine:<\/strong> See rakmed sobivad ideaalselt igap\u00e4evasteks jalutusk\u00e4ikudeks, rangeteks treeninguteks ja k\u00f5igeks vahepealseks - need vastavad aktiivsete lemmikloomade ja nende omanike erinevatele vajadustele.<\/li>\n<\/ul>\n<p>Meie No Pull Training peegeldav koeravaljend koos k\u00e4epidemega on rohkem kui lihtsalt vahend teie lemmiklooma juhtimiseks; see on investeering teie \u00f5ues seikluste kvaliteedi t\u00f5stmiseks. See tagab ohutuse, mugavuse ja kontrolli, mist\u00f5ttu on see h\u00e4davajalik s\u00fcdametunnistusega loomaomanikele, kes on p\u00fchendunud oma koera parimale hooldusele ja treenimisele. Varustage oma karvane s\u00f5ber meie rakmetega ja muutke oma treeningud ja jalutusk\u00e4igud t\u00e4iesti stressivabaks ja nauditavaks tegevuseks.<\/p>","protected":false},"excerpt":{"rendered":"<p>Meisterdage treeninguid ja jalutusk\u00e4ike meie No Pull Reflective koera rakmetega, millel on tugev k\u00e4epide parema kontrolli tagamiseks. See rakmed on disainitud nii, et surve jaotub \u00fchtlaselt \u00fcle rindkere, v\u00e4ltides l\u00e4mbumist ja v\u00e4hendades t\u00f5mbamist. See on valmistatud vastupidavast materjalist, millel on \u00f6ise ohutuse tagamiseks helkurribad, ning pakub nii tugevust kui ka n\u00e4htavust. Reguleeritavad rihmad tagavad t\u00e4iusliku sobivuse, mist\u00f5ttu sobib see k\u00f5ikidele t\u00f5ugudele. Ideaalne igap\u00e4evasteks jalutusk\u00e4ikudeks ja treeninguteks, see soodustab paremat k\u00e4sitsemist ning ohutumaid ja meeldivamaid v\u00e4ljas\u00f5ite.<\/p>","protected":false},"featured_media":8087,"template":"","meta":[],"product_brand":[],"product_cat":[23],"product_tag":[],"class_list":{"0":"post-8086","1":"product","2":"type-product","3":"status-publish","4":"has-post-thumbnail","6":"product_cat-dog-harness","7":"pa_brand-qqpets","9":"first","10":"instock","11":"shipping-taxable","12":"product-type-simple"},"yoast_head":"<!-- This site is optimized with the Yoast SEO plugin v26.6 - https:\/\/yoast.com\/wordpress\/plugins\/seo\/ -->\n<title>No Pull Reflective Dog Harness With Handle | QQPETS<\/title>\n<meta name=\"description\" content=\"Train with ease using our No Pull Reflective Dog Harness. Enhanced control and comfort for your pet. Shop now!\" \/>\n<meta name=\"robots\" content=\"index, follow, max-snippet:-1, max-image-preview:large, max-video-preview:-1\" \/>\n<link rel=\"canonical\" href=\"https:\/\/qqpets.com\/et\/toode\/reflective-dog-harness-with-handle\/\" \/>\n<meta property=\"og:locale\" content=\"et_EE\" \/>\n<meta property=\"og:type\" content=\"article\" \/>\n<meta property=\"og:title\" content=\"No Pull Reflective Dog Harness With Handle | QQPETS\" \/>\n<meta property=\"og:description\" content=\"Train with ease using our No Pull Reflective Dog Harness. Enhanced control and comfort for your pet. Shop now!\" \/>\n<meta property=\"og:url\" content=\"https:\/\/qqpets.com\/et\/toode\/reflective-dog-harness-with-handle\/\" \/>\n<meta property=\"og:site_name\" content=\"QQPETS\" \/>\n<meta property=\"article:publisher\" content=\"https:\/\/www.facebook.com\/QQpetsdogcollars\" \/>\n<meta property=\"article:modified_time\" content=\"2024-11-13T06:04:02+00:00\" \/>\n<meta property=\"og:image\" content=\"https:\/\/qqpets.com\/wp-content\/uploads\/2024\/09\/No-Pull-Traning-Reflective-Dog-Harness-With-Handle1.webp\" \/>\n\t<meta property=\"og:image:width\" content=\"1600\" \/>\n\t<meta property=\"og:image:height\" content=\"1600\" \/>\n\t<meta property=\"og:image:type\" content=\"image\/webp\" \/>\n<meta name=\"twitter:card\" content=\"summary_large_image\" \/>\n<meta name=\"twitter:label1\" content=\"Est. reading time\" \/>\n\t<meta name=\"twitter:data1\" content=\"2 minutit\" \/>\n<script type=\"application\/ld+json\" class=\"yoast-schema-graph\">{\"@context\":\"https:\/\/schema.org\",\"@graph\":[{\"@type\":\"WebPage\",\"@id\":\"https:\/\/qqpets.com\/product\/reflective-dog-harness-with-handle\/\",\"url\":\"https:\/\/qqpets.com\/product\/reflective-dog-harness-with-handle\/\",\"name\":\"No Pull Reflective Dog Harness With Handle | QQPETS\",\"isPartOf\":{\"@id\":\"https:\/\/qqpets.com\/#website\"},\"primaryImageOfPage\":{\"@id\":\"https:\/\/qqpets.com\/product\/reflective-dog-harness-with-handle\/#primaryimage\"},\"image\":{\"@id\":\"https:\/\/qqpets.com\/product\/reflective-dog-harness-with-handle\/#primaryimage\"},\"thumbnailUrl\":\"https:\/\/qqpets.com\/wp-content\/uploads\/2024\/09\/No-Pull-Traning-Reflective-Dog-Harness-With-Handle1.webp\",\"datePublished\":\"2024-09-20T09:52:18+00:00\",\"dateModified\":\"2024-11-13T06:04:02+00:00\",\"description\":\"Train with ease using our No Pull Reflective Dog Harness. Enhanced control and comfort for your pet. Shop now!\",\"breadcrumb\":{\"@id\":\"https:\/\/qqpets.com\/product\/reflective-dog-harness-with-handle\/#breadcrumb\"},\"inLanguage\":\"et\",\"potentialAction\":[{\"@type\":\"ReadAction\",\"target\":[\"https:\/\/qqpets.com\/product\/reflective-dog-harness-with-handle\/\"]}]},{\"@type\":\"ImageObject\",\"inLanguage\":\"et\",\"@id\":\"https:\/\/qqpets.com\/product\/reflective-dog-harness-with-handle\/#primaryimage\",\"url\":\"https:\/\/qqpets.com\/wp-content\/uploads\/2024\/09\/No-Pull-Traning-Reflective-Dog-Harness-With-Handle1.webp\",\"contentUrl\":\"https:\/\/qqpets.com\/wp-content\/uploads\/2024\/09\/No-Pull-Traning-Reflective-Dog-Harness-With-Handle1.webp\",\"width\":1600,\"height\":1600},{\"@type\":\"BreadcrumbList\",\"@id\":\"https:\/\/qqpets.com\/product\/reflective-dog-harness-with-handle\/#breadcrumb\",\"itemListElement\":[{\"@type\":\"ListItem\",\"position\":1,\"name\":\"Home\",\"item\":\"https:\/\/qqpets.com\/\"},{\"@type\":\"ListItem\",\"position\":2,\"name\":\"Products\",\"item\":\"https:\/\/qqpets.com\/pet-products-manufacturer\/\"},{\"@type\":\"ListItem\",\"position\":3,\"name\":\"No Pull Reflective Dog Harness With Handle\"}]},{\"@type\":\"WebSite\",\"@id\":\"https:\/\/qqpets.com\/#website\",\"url\":\"https:\/\/qqpets.com\/\",\"name\":\"QQPETS\",\"description\":\"QQPETS is a pet products factory for dog harnesses, dog collars, dog leashes and dog accessories with professional customized service since 2005.\",\"publisher\":{\"@id\":\"https:\/\/qqpets.com\/#organization\"},\"potentialAction\":[{\"@type\":\"SearchAction\",\"target\":{\"@type\":\"EntryPoint\",\"urlTemplate\":\"https:\/\/qqpets.com\/?s={search_term_string}\"},\"query-input\":{\"@type\":\"PropertyValueSpecification\",\"valueRequired\":true,\"valueName\":\"search_term_string\"}}],\"inLanguage\":\"et\"},{\"@type\":\"Organization\",\"@id\":\"https:\/\/qqpets.com\/#organization\",\"name\":\"QQPETS\",\"url\":\"https:\/\/qqpets.com\/\",\"logo\":{\"@type\":\"ImageObject\",\"inLanguage\":\"et\",\"@id\":\"https:\/\/qqpets.com\/#\/schema\/logo\/image\/\",\"url\":\"https:\/\/qqpets.com\/wp-content\/uploads\/2023\/09\/cropped-cropped-qqpets-tiktok.jpg\",\"contentUrl\":\"https:\/\/qqpets.com\/wp-content\/uploads\/2023\/09\/cropped-cropped-qqpets-tiktok.jpg\",\"width\":511,\"height\":511,\"caption\":\"QQPETS\"},\"image\":{\"@id\":\"https:\/\/qqpets.com\/#\/schema\/logo\/image\/\"},\"sameAs\":[\"https:\/\/www.facebook.com\/QQpetsdogcollars\",\"https:\/\/www.instagram.com\/qqpetscollar\/\",\"https:\/\/www.pinterest.com\/qqpetsdogcollarsfactory\/\"]}]}<\/script>\n<!-- \/ Yoast SEO plugin. -->","yoast_head_json":{"title":"No Pull peegeldav koera rakmed k\u00e4epidemega | QQPETS","description":"Treenige h\u00f5lpsasti meie No Pull Reflective koerarihma abil. Parem kontroll ja mugavus teie lemmikloomale. Osta n\u00fc\u00fcd!","robots":{"index":"index","follow":"follow","max-snippet":"max-snippet:-1","max-image-preview":"max-image-preview:large","max-video-preview":"max-video-preview:-1"},"canonical":"https:\/\/qqpets.com\/et\/toode\/reflective-dog-harness-with-handle\/","og_locale":"et_EE","og_type":"article","og_title":"No Pull Reflective Dog Harness With Handle | QQPETS","og_description":"Train with ease using our No Pull Reflective Dog Harness. Enhanced control and comfort for your pet. Shop now!","og_url":"https:\/\/qqpets.com\/et\/toode\/reflective-dog-harness-with-handle\/","og_site_name":"QQPETS","article_publisher":"https:\/\/www.facebook.com\/QQpetsdogcollars","article_modified_time":"2024-11-13T06:04:02+00:00","og_image":[{"width":1600,"height":1600,"url":"https:\/\/qqpets.com\/wp-content\/uploads\/2024\/09\/No-Pull-Traning-Reflective-Dog-Harness-With-Handle1.webp","type":"image\/webp"}],"twitter_card":"summary_large_image","twitter_misc":{"Est. reading time":"2 minutit"},"schema":{"@context":"https:\/\/schema.org","@graph":[{"@type":"WebPage","@id":"https:\/\/qqpets.com\/product\/reflective-dog-harness-with-handle\/","url":"https:\/\/qqpets.com\/product\/reflective-dog-harness-with-handle\/","name":"No Pull peegeldav koera rakmed k\u00e4epidemega | QQPETS","isPartOf":{"@id":"https:\/\/qqpets.com\/#website"},"primaryImageOfPage":{"@id":"https:\/\/qqpets.com\/product\/reflective-dog-harness-with-handle\/#primaryimage"},"image":{"@id":"https:\/\/qqpets.com\/product\/reflective-dog-harness-with-handle\/#primaryimage"},"thumbnailUrl":"https:\/\/qqpets.com\/wp-content\/uploads\/2024\/09\/No-Pull-Traning-Reflective-Dog-Harness-With-Handle1.webp","datePublished":"2024-09-20T09:52:18+00:00","dateModified":"2024-11-13T06:04:02+00:00","description":"Treenige h\u00f5lpsasti meie No Pull Reflective koerarihma abil. Parem kontroll ja mugavus teie lemmikloomale. Osta n\u00fc\u00fcd!","breadcrumb":{"@id":"https:\/\/qqpets.com\/product\/reflective-dog-harness-with-handle\/#breadcrumb"},"inLanguage":"et","potentialAction":[{"@type":"ReadAction","target":["https:\/\/qqpets.com\/product\/reflective-dog-harness-with-handle\/"]}]},{"@type":"ImageObject","inLanguage":"et","@id":"https:\/\/qqpets.com\/product\/reflective-dog-harness-with-handle\/#primaryimage","url":"https:\/\/qqpets.com\/wp-content\/uploads\/2024\/09\/No-Pull-Traning-Reflective-Dog-Harness-With-Handle1.webp","contentUrl":"https:\/\/qqpets.com\/wp-content\/uploads\/2024\/09\/No-Pull-Traning-Reflective-Dog-Harness-With-Handle1.webp","width":1600,"height":1600},{"@type":"BreadcrumbList","@id":"https:\/\/qqpets.com\/product\/reflective-dog-harness-with-handle\/#breadcrumb","itemListElement":[{"@type":"ListItem","position":1,"name":"Home","item":"https:\/\/qqpets.com\/"},{"@type":"ListItem","position":2,"name":"Products","item":"https:\/\/qqpets.com\/pet-products-manufacturer\/"},{"@type":"ListItem","position":3,"name":"No Pull Reflective Dog Harness With Handle"}]},{"@type":"WebSite","@id":"https:\/\/qqpets.com\/#website","url":"https:\/\/qqpets.com\/","name":"QQPETS","description":"QQPETS on lemmikloomatoodete tehas koerte rakmete, koerte kaelarihmade, koerte rihmade ja koerte tarvikute jaoks, mis pakub professionaalset kohandatud teenust alates 2005. aastast.","publisher":{"@id":"https:\/\/qqpets.com\/#organization"},"potentialAction":[{"@type":"SearchAction","target":{"@type":"EntryPoint","urlTemplate":"https:\/\/qqpets.com\/?s={search_term_string}"},"query-input":{"@type":"PropertyValueSpecification","valueRequired":true,"valueName":"search_term_string"}}],"inLanguage":"et"},{"@type":"Organization","@id":"https:\/\/qqpets.com\/#organization","name":"QQPETS","url":"https:\/\/qqpets.com\/","logo":{"@type":"ImageObject","inLanguage":"et","@id":"https:\/\/qqpets.com\/#\/schema\/logo\/image\/","url":"https:\/\/qqpets.com\/wp-content\/uploads\/2023\/09\/cropped-cropped-qqpets-tiktok.jpg","contentUrl":"https:\/\/qqpets.com\/wp-content\/uploads\/2023\/09\/cropped-cropped-qqpets-tiktok.jpg","width":511,"height":511,"caption":"QQPETS"},"image":{"@id":"https:\/\/qqpets.com\/#\/schema\/logo\/image\/"},"sameAs":["https:\/\/www.facebook.com\/QQpetsdogcollars","https:\/\/www.instagram.com\/qqpetscollar\/","https:\/\/www.pinterest.com\/qqpetsdogcollarsfactory\/"]}]}},"_links":{"self":[{"href":"https:\/\/qqpets.com\/et\/wp-json\/wp\/v2\/product\/8086","targetHints":{"allow":["GET"]}}],"collection":[{"href":"https:\/\/qqpets.com\/et\/wp-json\/wp\/v2\/product"}],"about":[{"href":"https:\/\/qqpets.com\/et\/wp-json\/wp\/v2\/types\/product"}],"wp:featuredmedia":[{"embeddable":true,"href":"https:\/\/qqpets.com\/et\/wp-json\/wp\/v2\/media\/8087"}],"wp:attachment":[{"href":"https:\/\/qqpets.com\/et\/wp-json\/wp\/v2\/media?parent=8086"}],"wp:term":[{"taxonomy":"product_brand","embeddable":true,"href":"https:\/\/qqpets.com\/et\/wp-json\/wp\/v2\/product_brand?post=8086"},{"taxonomy":"product_cat","embeddable":true,"href":"https:\/\/qqpets.com\/et\/wp-json\/wp\/v2\/product_cat?post=8086"},{"taxonomy":"product_tag","embeddable":true,"href":"https:\/\/qqpets.com\/et\/wp-json\/wp\/v2\/product_tag?post=8086"}],"curies":[{"name":"wp","href":"https:\/\/api.w.org\/{rel}","templated":true}]}}