{"id":8219,"date":"2024-09-24T15:55:57","date_gmt":"2024-09-24T07:55:57","guid":{"rendered":"https:\/\/qqpets.com\/?post_type=product&#038;p=8219"},"modified":"2024-09-24T15:58:32","modified_gmt":"2024-09-24T07:58:32","slug":"qr-code-adjustable-dog-harness","status":"publish","type":"product","link":"https:\/\/qqpets.com\/et\/toode\/qr-code-adjustable-dog-harness\/","title":{"rendered":"QR-koodiga reguleeritav koera rakmed"},"content":{"rendered":"<p>Tutvustame meie QR-koodiga reguleeritavat koerte rakmeid, mis on loodud ohutuse, mugavuse ja stiili tagamiseks. See rakmed on h\u00e4davajalik lemmikloomaomanikele, kes soovivad hoida oma lemmikloomi turvaliselt ja kergesti tuvastatavana.<\/p>\n<p><strong>Peamised omadused:<\/strong><\/p>\n<ul>\n<li><strong>Integreeritud QR-koodi silt:<\/strong> Komplektis on skaneeritav QR-kood, mis viitab \u00fcksikasjalikule veebiprofiilile, nii et teie lemmiklooma elut\u00e4htsad andmed on vaid \u00fche skaneerimise kaugusel. See funktsioon on oluline kiireks tuvastamiseks ja taastamiseks, kui teie lemmikloom peaks kunagi kaduma.<\/li>\n<li><strong>Reguleeritav sobivus:<\/strong> Kohandage rakmed reguleeritavate rihmade abil oma koera suurusele, tagades t\u00e4iusliku sobivuse, mis hoiab koera turvaliselt ja mugavalt k\u00f5igi tegevuste ajal.<\/li>\n<li><strong>Hingav mugavus:<\/strong> Valmistatud kergest, hingavast v\u00f5rgust, mis hoiab teie lemmiklooma jahedana ja mugavana ka soojematel p\u00e4evadel.<\/li>\n<li><strong>Stiilne disain:<\/strong> Rakmedel on erksaroosa lillemustriga, mis on nii pilkup\u00fc\u00fcdev kui ka moodne, mis muudab teie lemmiklooma silmapaistvaks, tagades samal ajal, et ta j\u00e4\u00e4b teie ja teiste jaoks n\u00e4htavaks v\u00e4ljas\u00f5itudel.<\/li>\n<li><strong>Vastupidav materjal:<\/strong> Igap\u00e4evase kasutamise raskustele vastu pidamiseks valmistatud rakmed on nii vastupidavad kui ka kergesti hooldatavad ning sobivad regulaarseks pesemiseks, kaotamata seejuures oma atraktiivsust.<\/li>\n<\/ul>\n<p>Meie QR-koodiga reguleeritav koerarihm \u00fchendab endas funktsionaalsuse ja moe, pakkudes turvalist viisi teie lemmiklooma identifitseerimiseks ilma stiili v\u00f5i mugavuse ohverdamata. See sobib ideaalselt igap\u00e4evasteks jalutusk\u00e4ikudeks, v\u00e4ljas\u00f5itudeks v\u00f5i mis tahes seikluseks, tagades, et teie lemmikloom on turvaline ja n\u00e4eb samal ajal suurep\u00e4rane v\u00e4lja. Varustage oma karvane s\u00f5ber selle rakmetega ja nautige muretult seiklusi, teades, et ta on alati vaid \u00fche skaneeringu kaugusel.<\/p>","protected":false},"excerpt":{"rendered":"<p>Tagage oma lemmiklooma turvalisus meie QR-koodiga reguleeritava koerarihma abil. See rakmed on varustatud skaneeritava QR-koodiga, mis v\u00f5imaldab kiiret juurdep\u00e4\u00e4su teie lemmiklooma andmetele, tagades, et ta on alati tuvastatav. See on valmistatud hingava v\u00f5rgustiku ja reguleeritavate rihmadega, mis tagavad mugava istuvuse, ning sobib ideaalselt igap\u00e4evasteks jalutusk\u00e4ikudeks. Elav roosa lilleline disain lisab stiilsust.<\/p>","protected":false},"featured_media":8210,"template":"","meta":[],"product_brand":[],"product_cat":[23],"product_tag":[],"class_list":{"0":"post-8219","1":"product","2":"type-product","3":"status-publish","4":"has-post-thumbnail","6":"product_cat-dog-harness","7":"pa_brand-qqpets","9":"first","10":"instock","11":"shipping-taxable","12":"product-type-simple"},"yoast_head":"<!-- This site is optimized with the Yoast SEO plugin v26.6 - https:\/\/yoast.com\/wordpress\/plugins\/seo\/ -->\n<title>QR Code Adjustable Dog Harness | QQPETS<\/title>\n<meta name=\"description\" content=\"Secure and stylish QR Code Adjustable Dog Harness. Easy identification with a smart QR tag. Perfect fit!\" \/>\n<meta name=\"robots\" content=\"index, follow, max-snippet:-1, max-image-preview:large, max-video-preview:-1\" \/>\n<link rel=\"canonical\" href=\"https:\/\/qqpets.com\/et\/toode\/qr-code-adjustable-dog-harness\/\" \/>\n<meta property=\"og:locale\" content=\"et_EE\" \/>\n<meta property=\"og:type\" content=\"article\" \/>\n<meta property=\"og:title\" content=\"QR Code Adjustable Dog Harness | QQPETS\" \/>\n<meta property=\"og:description\" content=\"Secure and stylish QR Code Adjustable Dog Harness. Easy identification with a smart QR tag. Perfect fit!\" \/>\n<meta property=\"og:url\" content=\"https:\/\/qqpets.com\/et\/toode\/qr-code-adjustable-dog-harness\/\" \/>\n<meta property=\"og:site_name\" content=\"QQPETS\" \/>\n<meta property=\"article:publisher\" content=\"https:\/\/www.facebook.com\/QQpetsdogcollars\" \/>\n<meta property=\"article:modified_time\" content=\"2024-09-24T07:58:32+00:00\" \/>\n<meta property=\"og:image\" content=\"https:\/\/qqpets.com\/wp-content\/uploads\/2024\/09\/QR-Code-Adjustable-Dog-Harness2.webp\" \/>\n\t<meta property=\"og:image:width\" content=\"1000\" \/>\n\t<meta property=\"og:image:height\" content=\"1000\" \/>\n\t<meta property=\"og:image:type\" content=\"image\/webp\" \/>\n<meta name=\"twitter:card\" content=\"summary_large_image\" \/>\n<meta name=\"twitter:label1\" content=\"Est. reading time\" \/>\n\t<meta name=\"twitter:data1\" content=\"2 minutit\" \/>\n<script type=\"application\/ld+json\" class=\"yoast-schema-graph\">{\"@context\":\"https:\/\/schema.org\",\"@graph\":[{\"@type\":\"WebPage\",\"@id\":\"https:\/\/qqpets.com\/product\/qr-code-adjustable-dog-harness\/\",\"url\":\"https:\/\/qqpets.com\/product\/qr-code-adjustable-dog-harness\/\",\"name\":\"QR Code Adjustable Dog Harness | QQPETS\",\"isPartOf\":{\"@id\":\"https:\/\/qqpets.com\/#website\"},\"primaryImageOfPage\":{\"@id\":\"https:\/\/qqpets.com\/product\/qr-code-adjustable-dog-harness\/#primaryimage\"},\"image\":{\"@id\":\"https:\/\/qqpets.com\/product\/qr-code-adjustable-dog-harness\/#primaryimage\"},\"thumbnailUrl\":\"https:\/\/qqpets.com\/wp-content\/uploads\/2024\/09\/QR-Code-Adjustable-Dog-Harness2.webp\",\"datePublished\":\"2024-09-24T07:55:57+00:00\",\"dateModified\":\"2024-09-24T07:58:32+00:00\",\"description\":\"Secure and stylish QR Code Adjustable Dog Harness. Easy identification with a smart QR tag. Perfect fit!\",\"breadcrumb\":{\"@id\":\"https:\/\/qqpets.com\/product\/qr-code-adjustable-dog-harness\/#breadcrumb\"},\"inLanguage\":\"et\",\"potentialAction\":[{\"@type\":\"ReadAction\",\"target\":[\"https:\/\/qqpets.com\/product\/qr-code-adjustable-dog-harness\/\"]}]},{\"@type\":\"ImageObject\",\"inLanguage\":\"et\",\"@id\":\"https:\/\/qqpets.com\/product\/qr-code-adjustable-dog-harness\/#primaryimage\",\"url\":\"https:\/\/qqpets.com\/wp-content\/uploads\/2024\/09\/QR-Code-Adjustable-Dog-Harness2.webp\",\"contentUrl\":\"https:\/\/qqpets.com\/wp-content\/uploads\/2024\/09\/QR-Code-Adjustable-Dog-Harness2.webp\",\"width\":1000,\"height\":1000},{\"@type\":\"BreadcrumbList\",\"@id\":\"https:\/\/qqpets.com\/product\/qr-code-adjustable-dog-harness\/#breadcrumb\",\"itemListElement\":[{\"@type\":\"ListItem\",\"position\":1,\"name\":\"Home\",\"item\":\"https:\/\/qqpets.com\/\"},{\"@type\":\"ListItem\",\"position\":2,\"name\":\"Products\",\"item\":\"https:\/\/qqpets.com\/pet-products-manufacturer\/\"},{\"@type\":\"ListItem\",\"position\":3,\"name\":\"QR Code Adjustable Dog Harness\"}]},{\"@type\":\"WebSite\",\"@id\":\"https:\/\/qqpets.com\/#website\",\"url\":\"https:\/\/qqpets.com\/\",\"name\":\"QQPETS\",\"description\":\"QQPETS is a pet products factory for dog harnesses, dog collars, dog leashes and dog accessories with professional customized service since 2005.\",\"publisher\":{\"@id\":\"https:\/\/qqpets.com\/#organization\"},\"potentialAction\":[{\"@type\":\"SearchAction\",\"target\":{\"@type\":\"EntryPoint\",\"urlTemplate\":\"https:\/\/qqpets.com\/?s={search_term_string}\"},\"query-input\":{\"@type\":\"PropertyValueSpecification\",\"valueRequired\":true,\"valueName\":\"search_term_string\"}}],\"inLanguage\":\"et\"},{\"@type\":\"Organization\",\"@id\":\"https:\/\/qqpets.com\/#organization\",\"name\":\"QQPETS\",\"url\":\"https:\/\/qqpets.com\/\",\"logo\":{\"@type\":\"ImageObject\",\"inLanguage\":\"et\",\"@id\":\"https:\/\/qqpets.com\/#\/schema\/logo\/image\/\",\"url\":\"https:\/\/qqpets.com\/wp-content\/uploads\/2023\/09\/cropped-cropped-qqpets-tiktok.jpg\",\"contentUrl\":\"https:\/\/qqpets.com\/wp-content\/uploads\/2023\/09\/cropped-cropped-qqpets-tiktok.jpg\",\"width\":511,\"height\":511,\"caption\":\"QQPETS\"},\"image\":{\"@id\":\"https:\/\/qqpets.com\/#\/schema\/logo\/image\/\"},\"sameAs\":[\"https:\/\/www.facebook.com\/QQpetsdogcollars\",\"https:\/\/www.instagram.com\/qqpetscollar\/\",\"https:\/\/www.pinterest.com\/qqpetsdogcollarsfactory\/\"]}]}<\/script>\n<!-- \/ Yoast SEO plugin. -->","yoast_head_json":{"title":"QR-koodiga reguleeritav koera rakmed | QQPETS","description":"Turvaline ja stiilne QR-koodiga reguleeritav koerarihm. Lihtne identifitseerimine nutika QR-m\u00e4rgise abil. Sobib ideaalselt!","robots":{"index":"index","follow":"follow","max-snippet":"max-snippet:-1","max-image-preview":"max-image-preview:large","max-video-preview":"max-video-preview:-1"},"canonical":"https:\/\/qqpets.com\/et\/toode\/qr-code-adjustable-dog-harness\/","og_locale":"et_EE","og_type":"article","og_title":"QR Code Adjustable Dog Harness | QQPETS","og_description":"Secure and stylish QR Code Adjustable Dog Harness. Easy identification with a smart QR tag. Perfect fit!","og_url":"https:\/\/qqpets.com\/et\/toode\/qr-code-adjustable-dog-harness\/","og_site_name":"QQPETS","article_publisher":"https:\/\/www.facebook.com\/QQpetsdogcollars","article_modified_time":"2024-09-24T07:58:32+00:00","og_image":[{"width":1000,"height":1000,"url":"https:\/\/qqpets.com\/wp-content\/uploads\/2024\/09\/QR-Code-Adjustable-Dog-Harness2.webp","type":"image\/webp"}],"twitter_card":"summary_large_image","twitter_misc":{"Est. reading time":"2 minutit"},"schema":{"@context":"https:\/\/schema.org","@graph":[{"@type":"WebPage","@id":"https:\/\/qqpets.com\/product\/qr-code-adjustable-dog-harness\/","url":"https:\/\/qqpets.com\/product\/qr-code-adjustable-dog-harness\/","name":"QR-koodiga reguleeritav koera rakmed | QQPETS","isPartOf":{"@id":"https:\/\/qqpets.com\/#website"},"primaryImageOfPage":{"@id":"https:\/\/qqpets.com\/product\/qr-code-adjustable-dog-harness\/#primaryimage"},"image":{"@id":"https:\/\/qqpets.com\/product\/qr-code-adjustable-dog-harness\/#primaryimage"},"thumbnailUrl":"https:\/\/qqpets.com\/wp-content\/uploads\/2024\/09\/QR-Code-Adjustable-Dog-Harness2.webp","datePublished":"2024-09-24T07:55:57+00:00","dateModified":"2024-09-24T07:58:32+00:00","description":"Turvaline ja stiilne QR-koodiga reguleeritav koerarihm. Lihtne identifitseerimine nutika QR-m\u00e4rgise abil. Sobib ideaalselt!","breadcrumb":{"@id":"https:\/\/qqpets.com\/product\/qr-code-adjustable-dog-harness\/#breadcrumb"},"inLanguage":"et","potentialAction":[{"@type":"ReadAction","target":["https:\/\/qqpets.com\/product\/qr-code-adjustable-dog-harness\/"]}]},{"@type":"ImageObject","inLanguage":"et","@id":"https:\/\/qqpets.com\/product\/qr-code-adjustable-dog-harness\/#primaryimage","url":"https:\/\/qqpets.com\/wp-content\/uploads\/2024\/09\/QR-Code-Adjustable-Dog-Harness2.webp","contentUrl":"https:\/\/qqpets.com\/wp-content\/uploads\/2024\/09\/QR-Code-Adjustable-Dog-Harness2.webp","width":1000,"height":1000},{"@type":"BreadcrumbList","@id":"https:\/\/qqpets.com\/product\/qr-code-adjustable-dog-harness\/#breadcrumb","itemListElement":[{"@type":"ListItem","position":1,"name":"Home","item":"https:\/\/qqpets.com\/"},{"@type":"ListItem","position":2,"name":"Products","item":"https:\/\/qqpets.com\/pet-products-manufacturer\/"},{"@type":"ListItem","position":3,"name":"QR Code Adjustable Dog Harness"}]},{"@type":"WebSite","@id":"https:\/\/qqpets.com\/#website","url":"https:\/\/qqpets.com\/","name":"QQPETS","description":"QQPETS on lemmikloomatoodete tehas koerte rakmete, koerte kaelarihmade, koerte rihmade ja koerte tarvikute jaoks, mis pakub professionaalset kohandatud teenust alates 2005. aastast.","publisher":{"@id":"https:\/\/qqpets.com\/#organization"},"potentialAction":[{"@type":"SearchAction","target":{"@type":"EntryPoint","urlTemplate":"https:\/\/qqpets.com\/?s={search_term_string}"},"query-input":{"@type":"PropertyValueSpecification","valueRequired":true,"valueName":"search_term_string"}}],"inLanguage":"et"},{"@type":"Organization","@id":"https:\/\/qqpets.com\/#organization","name":"QQPETS","url":"https:\/\/qqpets.com\/","logo":{"@type":"ImageObject","inLanguage":"et","@id":"https:\/\/qqpets.com\/#\/schema\/logo\/image\/","url":"https:\/\/qqpets.com\/wp-content\/uploads\/2023\/09\/cropped-cropped-qqpets-tiktok.jpg","contentUrl":"https:\/\/qqpets.com\/wp-content\/uploads\/2023\/09\/cropped-cropped-qqpets-tiktok.jpg","width":511,"height":511,"caption":"QQPETS"},"image":{"@id":"https:\/\/qqpets.com\/#\/schema\/logo\/image\/"},"sameAs":["https:\/\/www.facebook.com\/QQpetsdogcollars","https:\/\/www.instagram.com\/qqpetscollar\/","https:\/\/www.pinterest.com\/qqpetsdogcollarsfactory\/"]}]}},"_links":{"self":[{"href":"https:\/\/qqpets.com\/et\/wp-json\/wp\/v2\/product\/8219","targetHints":{"allow":["GET"]}}],"collection":[{"href":"https:\/\/qqpets.com\/et\/wp-json\/wp\/v2\/product"}],"about":[{"href":"https:\/\/qqpets.com\/et\/wp-json\/wp\/v2\/types\/product"}],"wp:featuredmedia":[{"embeddable":true,"href":"https:\/\/qqpets.com\/et\/wp-json\/wp\/v2\/media\/8210"}],"wp:attachment":[{"href":"https:\/\/qqpets.com\/et\/wp-json\/wp\/v2\/media?parent=8219"}],"wp:term":[{"taxonomy":"product_brand","embeddable":true,"href":"https:\/\/qqpets.com\/et\/wp-json\/wp\/v2\/product_brand?post=8219"},{"taxonomy":"product_cat","embeddable":true,"href":"https:\/\/qqpets.com\/et\/wp-json\/wp\/v2\/product_cat?post=8219"},{"taxonomy":"product_tag","embeddable":true,"href":"https:\/\/qqpets.com\/et\/wp-json\/wp\/v2\/product_tag?post=8219"}],"curies":[{"name":"wp","href":"https:\/\/api.w.org\/{rel}","templated":true}]}}