{"id":8416,"date":"2024-09-30T11:31:44","date_gmt":"2024-09-30T03:31:44","guid":{"rendered":"https:\/\/qqpets.com\/?post_type=product&#038;p=8416"},"modified":"2024-09-30T11:31:44","modified_gmt":"2024-09-30T03:31:44","slug":"dog-leash-car-seat-belt","status":"publish","type":"product","link":"https:\/\/qqpets.com\/et\/toode\/dog-leash-car-seat-belt\/","title":{"rendered":"Koera rihma auto turvav\u00f6\u00f6"},"content":{"rendered":"<p>Tutvustame koerarihma auto turvav\u00f6\u00f6d - teie parim lahendus lemmiklooma ohutuse tagamiseks s\u00f5idu ajal. See spetsiaalselt koertele m\u00f5eldud auto turvav\u00f6\u00f6 tagab, et teie karvane s\u00f5ber on s\u00f5idu ajal kindlalt kinnitatud, v\u00e4hendades vigastuste ohtu ootamatute peatumiste v\u00f5i \u00f5nnetuste ajal.<\/p>\n<p><strong>Peamised omadused:<\/strong><\/p>\n<ul>\n<li><strong>Universaalne sobivus:<\/strong> See auto turvav\u00f6\u00f6 sobib kokku enamiku s\u00f5idukite turvav\u00f6\u00f6s\u00fcsteemidega ja sellel on universaalne turvav\u00f6\u00f6klamber, mis sobib kindlalt turvav\u00f6\u00f6 lukustusse.<\/li>\n<li><strong>Reguleeritav pikkus:<\/strong> Reguleerige h\u00f5lpsasti turvav\u00f6\u00f6 pikkust, et teie lemmikloom saaks mugavalt istuda, lamada v\u00f5i seista autoistmel.<\/li>\n<li><strong>Kvaliteetne materjal:<\/strong> See vastupidavast nailonist valmistatud rihm on valmistatud nii, et see talub aktiivsete lemmikloomade kasutamisel tekkivat stressi ja pinget. See on ka ilmastikukindel, mist\u00f5ttu sobib see k\u00f5ikidesse tingimustesse.<\/li>\n<li><strong>Turvaline kinnitus:<\/strong> See on varustatud tugeva metalls\u00f5ela ja -klambriga, mis tagab, et rihm j\u00e4\u00e4b kindlalt teie lemmiklooma rakmete v\u00f5i kaelarihma k\u00fclge, pakkudes tugevat ja usaldusv\u00e4\u00e4rset kontrolli s\u00f5idukis.<\/li>\n<li><strong>Lihtne kasutada ja mitmek\u00fclgne:<\/strong> Seda saab kiiresti lahti v\u00f5tta ja kinnitada ning see sobib ka tavalise jalutusrihma jaoks, mist\u00f5ttu on see ideaalne reisimiseks.<\/li>\n<\/ul>\n<p>Koerarihma auto turvav\u00f6\u00f6 on m\u00f5eldud mitte ainult ohutuse, vaid ka teie lemmiklooma mugavuse tagamiseks. Olenemata sellest, kas l\u00e4hete l\u00fchikesele autos\u00f5idule parki v\u00f5i pikale reisile, muudab see turvav\u00f6\u00f6 teie lemmikloomaga reisimise lihtsaks, turvaliseks ja mugavaks. Varustage oma auto selle olulise lemmiklooma reisitarvikuga ja nautige rahulikke ja turvalisi reise koos oma parima s\u00f5braga.<\/p>\n<h5><strong>Kas koerte turvav\u00f6\u00f6d t\u00f5esti t\u00f6\u00f6tavad?<\/strong><\/h5>\n<p>Jah, koera turvav\u00f6\u00f6d v\u00f5ivad t\u00f5husalt v\u00e4hendada teie koera vigastuste ohtu auto\u00f5nnetuse v\u00f5i \u00e4kilise peatumise ajal, hoides koerad paigal ja piirates nende liikumist s\u00f5idukis.<\/p>\n<h5><strong>Kas koerad peavad turvav\u00f6\u00f6d kandma?<\/strong><\/h5>\n<p>Kuigi see ei ole k\u00f5ikjal kohustuslik, on koertele tungivalt soovitatav kasutada autos reisides turvav\u00f6\u00f6d, et tagada nende ja kaass\u00f5itjate ohutus. M\u00f5nes piirkonnas on olemas seadused, mis n\u00f5uavad, et lemmikloomad peavad s\u00f5idukis viibides olema kinnitatud.<\/p>\n<h5><strong>Milline on parim auto turvav\u00f6\u00f6 koertele?<\/strong><\/h5>\n<p>Parim auto turvav\u00f6\u00f6 koertele on selline, mis on l\u00e4binud kokkup\u00f5rkekatse ja mille on sertifitseerinud usaldusv\u00e4\u00e4rne organisatsioon. Otsige reguleeritavaid, vastupidavaid turvav\u00f6\u00f6sid, mida saab kinnitada teie koera rakmete (mitte kaelarihma) k\u00fclge ja mis kinnituvad turvaliselt s\u00f5iduki turvav\u00f6\u00f6s\u00fcsteemi k\u00fclge.<\/p>\n<h5><strong>Kuidas kasutada auto turvav\u00f6\u00f6d koerale?<\/strong><\/h5>\n<p>Kinnitage turvav\u00f6\u00f6klamber koera rakmete k\u00fclge (kaelavigastuse ohu t\u00f5ttu mitte kunagi kaelarihma k\u00fclge). Seej\u00e4rel kinnitage turvav\u00f6\u00f6 auto turvav\u00f6\u00f6s\u00fcsteemi. Veenduge, et turvav\u00f6\u00f6 on piisavalt pingul, et v\u00e4ltida liigset liikumist, kuid v\u00f5imaldab koeral siiski mugavalt istuda v\u00f5i lamada. Reguleerige vastavalt vajadusele, et tagada sobivus ja mugavus.<\/p>","protected":false},"excerpt":{"rendered":"<p>Reisige koos oma lemmikloomaga turvaliselt, kasutades meie koerarihma auto turvav\u00f6\u00f6d. See vastupidavuse ja ohutuse tagamiseks loodud turvav\u00f6\u00f6 kinnitub kindlalt teie s\u00f5iduki turvav\u00f6\u00f6 kinnitusklambri k\u00fclge. Sellel on reguleeritav pikkus, et see sobiks eri suurusega koertele ja s\u00f5idukitele, tagades, et teie lemmikloom j\u00e4\u00e4b turvaliselt paigale. Tugev klamber ja lukus\u00fcsteem takistavad teie lemmiklooma v\u00e4lja h\u00fcppamist, muutes iga reisi muretu. Sobib ideaalselt k\u00f5ikidele koerat\u00f5ugudele ja -suurustele.<\/p>","protected":false},"featured_media":8417,"template":"","meta":[],"product_brand":[],"product_cat":[27],"product_tag":[],"class_list":{"0":"post-8416","1":"product","2":"type-product","3":"status-publish","4":"has-post-thumbnail","6":"product_cat-dog-leash","7":"pa_brand-qqpets","9":"first","10":"instock","11":"shipping-taxable","12":"product-type-simple"},"yoast_head":"<!-- This site is optimized with the Yoast SEO plugin v26.6 - https:\/\/yoast.com\/wordpress\/plugins\/seo\/ -->\n<title>Dog Leash Car Seat Belt | QQPETS<\/title>\n<meta name=\"description\" content=\"Ensure your pet\u2019s safety on the road with our durable Dog Leash Car Seat Belt. Adjustable and secure!\" \/>\n<meta name=\"robots\" content=\"index, follow, max-snippet:-1, max-image-preview:large, max-video-preview:-1\" \/>\n<link rel=\"canonical\" href=\"https:\/\/qqpets.com\/et\/toode\/dog-leash-car-seat-belt\/\" \/>\n<meta property=\"og:locale\" content=\"et_EE\" \/>\n<meta property=\"og:type\" content=\"article\" \/>\n<meta property=\"og:title\" content=\"Dog Leash Car Seat Belt | QQPETS\" \/>\n<meta property=\"og:description\" content=\"Ensure your pet\u2019s safety on the road with our durable Dog Leash Car Seat Belt. Adjustable and secure!\" \/>\n<meta property=\"og:url\" content=\"https:\/\/qqpets.com\/et\/toode\/dog-leash-car-seat-belt\/\" \/>\n<meta property=\"og:site_name\" content=\"QQPETS\" \/>\n<meta property=\"article:publisher\" content=\"https:\/\/www.facebook.com\/QQpetsdogcollars\" \/>\n<meta property=\"og:image\" content=\"https:\/\/qqpets.com\/wp-content\/uploads\/2024\/09\/Car-Seat-Belt.webp\" \/>\n\t<meta property=\"og:image:width\" content=\"1486\" \/>\n\t<meta property=\"og:image:height\" content=\"1500\" \/>\n\t<meta property=\"og:image:type\" content=\"image\/webp\" \/>\n<meta name=\"twitter:card\" content=\"summary_large_image\" \/>\n<meta name=\"twitter:label1\" content=\"Est. reading time\" \/>\n\t<meta name=\"twitter:data1\" content=\"3 minutit\" \/>\n<script type=\"application\/ld+json\" class=\"yoast-schema-graph\">{\"@context\":\"https:\/\/schema.org\",\"@graph\":[{\"@type\":\"WebPage\",\"@id\":\"https:\/\/qqpets.com\/product\/dog-leash-car-seat-belt\/\",\"url\":\"https:\/\/qqpets.com\/product\/dog-leash-car-seat-belt\/\",\"name\":\"Dog Leash Car Seat Belt | QQPETS\",\"isPartOf\":{\"@id\":\"https:\/\/qqpets.com\/#website\"},\"primaryImageOfPage\":{\"@id\":\"https:\/\/qqpets.com\/product\/dog-leash-car-seat-belt\/#primaryimage\"},\"image\":{\"@id\":\"https:\/\/qqpets.com\/product\/dog-leash-car-seat-belt\/#primaryimage\"},\"thumbnailUrl\":\"https:\/\/qqpets.com\/wp-content\/uploads\/2024\/09\/Car-Seat-Belt.webp\",\"datePublished\":\"2024-09-30T03:31:44+00:00\",\"description\":\"Ensure your pet\u2019s safety on the road with our durable Dog Leash Car Seat Belt. Adjustable and secure!\",\"breadcrumb\":{\"@id\":\"https:\/\/qqpets.com\/product\/dog-leash-car-seat-belt\/#breadcrumb\"},\"inLanguage\":\"et\",\"potentialAction\":[{\"@type\":\"ReadAction\",\"target\":[\"https:\/\/qqpets.com\/product\/dog-leash-car-seat-belt\/\"]}]},{\"@type\":\"ImageObject\",\"inLanguage\":\"et\",\"@id\":\"https:\/\/qqpets.com\/product\/dog-leash-car-seat-belt\/#primaryimage\",\"url\":\"https:\/\/qqpets.com\/wp-content\/uploads\/2024\/09\/Car-Seat-Belt.webp\",\"contentUrl\":\"https:\/\/qqpets.com\/wp-content\/uploads\/2024\/09\/Car-Seat-Belt.webp\",\"width\":1486,\"height\":1500},{\"@type\":\"BreadcrumbList\",\"@id\":\"https:\/\/qqpets.com\/product\/dog-leash-car-seat-belt\/#breadcrumb\",\"itemListElement\":[{\"@type\":\"ListItem\",\"position\":1,\"name\":\"Home\",\"item\":\"https:\/\/qqpets.com\/\"},{\"@type\":\"ListItem\",\"position\":2,\"name\":\"Products\",\"item\":\"https:\/\/qqpets.com\/pet-products-manufacturer\/\"},{\"@type\":\"ListItem\",\"position\":3,\"name\":\"Dog Leash Car Seat Belt\"}]},{\"@type\":\"WebSite\",\"@id\":\"https:\/\/qqpets.com\/#website\",\"url\":\"https:\/\/qqpets.com\/\",\"name\":\"QQPETS\",\"description\":\"QQPETS is a pet products factory for dog harnesses, dog collars, dog leashes and dog accessories with professional customized service since 2005.\",\"publisher\":{\"@id\":\"https:\/\/qqpets.com\/#organization\"},\"potentialAction\":[{\"@type\":\"SearchAction\",\"target\":{\"@type\":\"EntryPoint\",\"urlTemplate\":\"https:\/\/qqpets.com\/?s={search_term_string}\"},\"query-input\":{\"@type\":\"PropertyValueSpecification\",\"valueRequired\":true,\"valueName\":\"search_term_string\"}}],\"inLanguage\":\"et\"},{\"@type\":\"Organization\",\"@id\":\"https:\/\/qqpets.com\/#organization\",\"name\":\"QQPETS\",\"url\":\"https:\/\/qqpets.com\/\",\"logo\":{\"@type\":\"ImageObject\",\"inLanguage\":\"et\",\"@id\":\"https:\/\/qqpets.com\/#\/schema\/logo\/image\/\",\"url\":\"https:\/\/qqpets.com\/wp-content\/uploads\/2023\/09\/cropped-cropped-qqpets-tiktok.jpg\",\"contentUrl\":\"https:\/\/qqpets.com\/wp-content\/uploads\/2023\/09\/cropped-cropped-qqpets-tiktok.jpg\",\"width\":511,\"height\":511,\"caption\":\"QQPETS\"},\"image\":{\"@id\":\"https:\/\/qqpets.com\/#\/schema\/logo\/image\/\"},\"sameAs\":[\"https:\/\/www.facebook.com\/QQpetsdogcollars\",\"https:\/\/www.instagram.com\/qqpetscollar\/\",\"https:\/\/www.pinterest.com\/qqpetsdogcollarsfactory\/\"]}]}<\/script>\n<!-- \/ Yoast SEO plugin. -->","yoast_head_json":{"title":"Koera rihma auto turvav\u00f6\u00f6 | QQPETS","description":"Tagage oma lemmiklooma ohutus teel meie vastupidava koerarihma auto turvav\u00f6\u00f6ga. Reguleeritav ja turvaline!","robots":{"index":"index","follow":"follow","max-snippet":"max-snippet:-1","max-image-preview":"max-image-preview:large","max-video-preview":"max-video-preview:-1"},"canonical":"https:\/\/qqpets.com\/et\/toode\/dog-leash-car-seat-belt\/","og_locale":"et_EE","og_type":"article","og_title":"Dog Leash Car Seat Belt | QQPETS","og_description":"Ensure your pet\u2019s safety on the road with our durable Dog Leash Car Seat Belt. Adjustable and secure!","og_url":"https:\/\/qqpets.com\/et\/toode\/dog-leash-car-seat-belt\/","og_site_name":"QQPETS","article_publisher":"https:\/\/www.facebook.com\/QQpetsdogcollars","og_image":[{"width":1486,"height":1500,"url":"https:\/\/qqpets.com\/wp-content\/uploads\/2024\/09\/Car-Seat-Belt.webp","type":"image\/webp"}],"twitter_card":"summary_large_image","twitter_misc":{"Est. reading time":"3 minutit"},"schema":{"@context":"https:\/\/schema.org","@graph":[{"@type":"WebPage","@id":"https:\/\/qqpets.com\/product\/dog-leash-car-seat-belt\/","url":"https:\/\/qqpets.com\/product\/dog-leash-car-seat-belt\/","name":"Koera rihma auto turvav\u00f6\u00f6 | QQPETS","isPartOf":{"@id":"https:\/\/qqpets.com\/#website"},"primaryImageOfPage":{"@id":"https:\/\/qqpets.com\/product\/dog-leash-car-seat-belt\/#primaryimage"},"image":{"@id":"https:\/\/qqpets.com\/product\/dog-leash-car-seat-belt\/#primaryimage"},"thumbnailUrl":"https:\/\/qqpets.com\/wp-content\/uploads\/2024\/09\/Car-Seat-Belt.webp","datePublished":"2024-09-30T03:31:44+00:00","description":"Tagage oma lemmiklooma ohutus teel meie vastupidava koerarihma auto turvav\u00f6\u00f6ga. Reguleeritav ja turvaline!","breadcrumb":{"@id":"https:\/\/qqpets.com\/product\/dog-leash-car-seat-belt\/#breadcrumb"},"inLanguage":"et","potentialAction":[{"@type":"ReadAction","target":["https:\/\/qqpets.com\/product\/dog-leash-car-seat-belt\/"]}]},{"@type":"ImageObject","inLanguage":"et","@id":"https:\/\/qqpets.com\/product\/dog-leash-car-seat-belt\/#primaryimage","url":"https:\/\/qqpets.com\/wp-content\/uploads\/2024\/09\/Car-Seat-Belt.webp","contentUrl":"https:\/\/qqpets.com\/wp-content\/uploads\/2024\/09\/Car-Seat-Belt.webp","width":1486,"height":1500},{"@type":"BreadcrumbList","@id":"https:\/\/qqpets.com\/product\/dog-leash-car-seat-belt\/#breadcrumb","itemListElement":[{"@type":"ListItem","position":1,"name":"Home","item":"https:\/\/qqpets.com\/"},{"@type":"ListItem","position":2,"name":"Products","item":"https:\/\/qqpets.com\/pet-products-manufacturer\/"},{"@type":"ListItem","position":3,"name":"Dog Leash Car Seat Belt"}]},{"@type":"WebSite","@id":"https:\/\/qqpets.com\/#website","url":"https:\/\/qqpets.com\/","name":"QQPETS","description":"QQPETS on lemmikloomatoodete tehas koerte rakmete, koerte kaelarihmade, koerte rihmade ja koerte tarvikute jaoks, mis pakub professionaalset kohandatud teenust alates 2005. aastast.","publisher":{"@id":"https:\/\/qqpets.com\/#organization"},"potentialAction":[{"@type":"SearchAction","target":{"@type":"EntryPoint","urlTemplate":"https:\/\/qqpets.com\/?s={search_term_string}"},"query-input":{"@type":"PropertyValueSpecification","valueRequired":true,"valueName":"search_term_string"}}],"inLanguage":"et"},{"@type":"Organization","@id":"https:\/\/qqpets.com\/#organization","name":"QQPETS","url":"https:\/\/qqpets.com\/","logo":{"@type":"ImageObject","inLanguage":"et","@id":"https:\/\/qqpets.com\/#\/schema\/logo\/image\/","url":"https:\/\/qqpets.com\/wp-content\/uploads\/2023\/09\/cropped-cropped-qqpets-tiktok.jpg","contentUrl":"https:\/\/qqpets.com\/wp-content\/uploads\/2023\/09\/cropped-cropped-qqpets-tiktok.jpg","width":511,"height":511,"caption":"QQPETS"},"image":{"@id":"https:\/\/qqpets.com\/#\/schema\/logo\/image\/"},"sameAs":["https:\/\/www.facebook.com\/QQpetsdogcollars","https:\/\/www.instagram.com\/qqpetscollar\/","https:\/\/www.pinterest.com\/qqpetsdogcollarsfactory\/"]}]}},"_links":{"self":[{"href":"https:\/\/qqpets.com\/et\/wp-json\/wp\/v2\/product\/8416","targetHints":{"allow":["GET"]}}],"collection":[{"href":"https:\/\/qqpets.com\/et\/wp-json\/wp\/v2\/product"}],"about":[{"href":"https:\/\/qqpets.com\/et\/wp-json\/wp\/v2\/types\/product"}],"wp:featuredmedia":[{"embeddable":true,"href":"https:\/\/qqpets.com\/et\/wp-json\/wp\/v2\/media\/8417"}],"wp:attachment":[{"href":"https:\/\/qqpets.com\/et\/wp-json\/wp\/v2\/media?parent=8416"}],"wp:term":[{"taxonomy":"product_brand","embeddable":true,"href":"https:\/\/qqpets.com\/et\/wp-json\/wp\/v2\/product_brand?post=8416"},{"taxonomy":"product_cat","embeddable":true,"href":"https:\/\/qqpets.com\/et\/wp-json\/wp\/v2\/product_cat?post=8416"},{"taxonomy":"product_tag","embeddable":true,"href":"https:\/\/qqpets.com\/et\/wp-json\/wp\/v2\/product_tag?post=8416"}],"curies":[{"name":"wp","href":"https:\/\/api.w.org\/{rel}","templated":true}]}}