{"id":8437,"date":"2024-09-30T15:58:12","date_gmt":"2024-09-30T07:58:12","guid":{"rendered":"https:\/\/qqpets.com\/?post_type=product&#038;p=8437"},"modified":"2024-09-30T15:58:12","modified_gmt":"2024-09-30T07:58:12","slug":"easy-walk-canvas-dog-harness","status":"publish","type":"product","link":"https:\/\/qqpets.com\/et\/toode\/easy-walk-canvas-dog-harness\/","title":{"rendered":"Easy Walk l\u00f5uendist koera rakmed"},"content":{"rendered":"<p>Tutvustame Easy Walk Canvas koeravalja - teie lahendus stressivabadele, stiilsetele jalutusk\u00e4ikudele. See rakmed on loodud nii mugavust kui ka moodi silmas pidades ning sobivad ideaalselt nii igap\u00e4evaseks kasutamiseks kui ka erilisteks v\u00e4ljas\u00f5itudeks.<\/p>\n<p><strong>Peamised omadused:<\/strong><\/p>\n<ul>\n<li><strong>Materjali kvaliteet:<\/strong> See vastupidavast kangast valmistatud rakmed on loodud vastu pidama aktiivsete koerte ja sagedase kasutamise raskustele, tagades pikaealisuse.<\/li>\n<li><strong>Mugavus ja ohutus:<\/strong> Hingav v\u00f5rkvooder pakub lisamugavust, v\u00e4hendades niiskuse ja soojuse kogunemist, hoides teie koera alati jahedana ja mugavalt. Ergonoomiline disain tagab surve \u00fchtlase jaotumise, et v\u00e4ltida t\u00f5mblemist ja l\u00e4mbumist.<\/li>\n<li><strong>Reguleeritavus:<\/strong> T\u00e4ielikult reguleeritavad rihmad v\u00f5imaldavad sobida igas suuruses koertele. Kiirlukustusluku muudab selle h\u00f5lpsasti selga ja seljast v\u00f5tmise lihtsaks, tagades nii lemmikloomale kui ka omanikule probleemideta kasutuskogemuse.<\/li>\n<li><strong>Stiilne disain:<\/strong> Sellel on r\u00f5\u00f5msameelne ja elav muster, mis paistab silma. Kaasaegne disain ja silmatorkav v\u00e4rv ei tee teie koerale mitte ainult head v\u00e4ljan\u00e4gemist, vaid parandab ka n\u00e4htavust \u00f5htustel v\u00f5i varahommikustel jalutusk\u00e4ikudel.<\/li>\n<li><strong>Mitmek\u00fclgsus:<\/strong> Ideaalne igap\u00e4evaseks k\u00f5ndimiseks, jooksmiseks, treeninguks ja mis tahes vaba aja veetmiseks. Sobib kutsikatele kuni t\u00e4iskasvanud koertele.<\/li>\n<\/ul>\n<p>Easy Walk Canvas koerarihmaga annad oma koerale vabaduse uurida mugavalt ja turvaliselt. Selle esmaklassiline konstruktsioon ja atraktiivne disain teevad sellest olulise aksessuaari igale koeraomanikule, kes soovib \u00fchendada stiili ja funktsionaalsuse.<\/p>","protected":false},"excerpt":{"rendered":"<p>Parandage oma koera igap\u00e4evaseid jalutusk\u00e4ike meie Easy Walk Canvas koerarihmaga. See kvaliteetsest kangast valmistatud rakmed on mugava ja hingava disainiga, mis takistab t\u00f5mbumist ja tagab kerge liikumise. Selle reguleeritavad rihmad ja turvaline lukk tagavad t\u00e4iusliku istuvuse, samas kui stiilne muster lisab teie lemmiklooma riietusele v\u00f5lu. See rakmed sobib ideaalselt k\u00f5ikidele t\u00f5ugudele ja \u00fchendab endas funktsionaalsuse ja stiilsuse, mist\u00f5ttu on see vastutustundlikele ja moekatele koeraomanikele kohustuslik.<\/p>","protected":false},"featured_media":8441,"template":"","meta":[],"product_brand":[],"product_cat":[23],"product_tag":[],"class_list":{"0":"post-8437","1":"product","2":"type-product","3":"status-publish","4":"has-post-thumbnail","6":"product_cat-dog-harness","7":"pa_brand-qqpets","9":"first","10":"instock","11":"shipping-taxable","12":"product-type-simple"},"yoast_head":"<!-- This site is optimized with the Yoast SEO plugin v26.6 - https:\/\/yoast.com\/wordpress\/plugins\/seo\/ -->\n<title>Easy Walk Canvas Dog Harness | QQPETS<\/title>\n<meta name=\"description\" content=\"Stylish Easy Walk Canvas Dog Harness, perfect for daily walks with secure and comfortable fit.\" \/>\n<meta name=\"robots\" content=\"index, follow, max-snippet:-1, max-image-preview:large, max-video-preview:-1\" \/>\n<link rel=\"canonical\" href=\"https:\/\/qqpets.com\/et\/toode\/easy-walk-canvas-dog-harness\/\" \/>\n<meta property=\"og:locale\" content=\"et_EE\" \/>\n<meta property=\"og:type\" content=\"article\" \/>\n<meta property=\"og:title\" content=\"Easy Walk Canvas Dog Harness | QQPETS\" \/>\n<meta property=\"og:description\" content=\"Stylish Easy Walk Canvas Dog Harness, perfect for daily walks with secure and comfortable fit.\" \/>\n<meta property=\"og:url\" content=\"https:\/\/qqpets.com\/et\/toode\/easy-walk-canvas-dog-harness\/\" \/>\n<meta property=\"og:site_name\" content=\"QQPETS\" \/>\n<meta property=\"article:publisher\" content=\"https:\/\/www.facebook.com\/QQpetsdogcollars\" \/>\n<meta property=\"og:image\" content=\"https:\/\/qqpets.com\/wp-content\/uploads\/2024\/09\/Canvas-dog-harness1.webp\" \/>\n\t<meta property=\"og:image:width\" content=\"800\" \/>\n\t<meta property=\"og:image:height\" content=\"800\" \/>\n\t<meta property=\"og:image:type\" content=\"image\/webp\" \/>\n<meta name=\"twitter:card\" content=\"summary_large_image\" \/>\n<meta name=\"twitter:label1\" content=\"Est. reading time\" \/>\n\t<meta name=\"twitter:data1\" content=\"2 minutit\" \/>\n<script type=\"application\/ld+json\" class=\"yoast-schema-graph\">{\"@context\":\"https:\/\/schema.org\",\"@graph\":[{\"@type\":\"WebPage\",\"@id\":\"https:\/\/qqpets.com\/product\/easy-walk-canvas-dog-harness\/\",\"url\":\"https:\/\/qqpets.com\/product\/easy-walk-canvas-dog-harness\/\",\"name\":\"Easy Walk Canvas Dog Harness | QQPETS\",\"isPartOf\":{\"@id\":\"https:\/\/qqpets.com\/#website\"},\"primaryImageOfPage\":{\"@id\":\"https:\/\/qqpets.com\/product\/easy-walk-canvas-dog-harness\/#primaryimage\"},\"image\":{\"@id\":\"https:\/\/qqpets.com\/product\/easy-walk-canvas-dog-harness\/#primaryimage\"},\"thumbnailUrl\":\"https:\/\/qqpets.com\/wp-content\/uploads\/2024\/09\/Canvas-dog-harness1.webp\",\"datePublished\":\"2024-09-30T07:58:12+00:00\",\"description\":\"Stylish Easy Walk Canvas Dog Harness, perfect for daily walks with secure and comfortable fit.\",\"breadcrumb\":{\"@id\":\"https:\/\/qqpets.com\/product\/easy-walk-canvas-dog-harness\/#breadcrumb\"},\"inLanguage\":\"et\",\"potentialAction\":[{\"@type\":\"ReadAction\",\"target\":[\"https:\/\/qqpets.com\/product\/easy-walk-canvas-dog-harness\/\"]}]},{\"@type\":\"ImageObject\",\"inLanguage\":\"et\",\"@id\":\"https:\/\/qqpets.com\/product\/easy-walk-canvas-dog-harness\/#primaryimage\",\"url\":\"https:\/\/qqpets.com\/wp-content\/uploads\/2024\/09\/Canvas-dog-harness1.webp\",\"contentUrl\":\"https:\/\/qqpets.com\/wp-content\/uploads\/2024\/09\/Canvas-dog-harness1.webp\",\"width\":800,\"height\":800},{\"@type\":\"BreadcrumbList\",\"@id\":\"https:\/\/qqpets.com\/product\/easy-walk-canvas-dog-harness\/#breadcrumb\",\"itemListElement\":[{\"@type\":\"ListItem\",\"position\":1,\"name\":\"Home\",\"item\":\"https:\/\/qqpets.com\/\"},{\"@type\":\"ListItem\",\"position\":2,\"name\":\"Products\",\"item\":\"https:\/\/qqpets.com\/pet-products-manufacturer\/\"},{\"@type\":\"ListItem\",\"position\":3,\"name\":\"Easy Walk Canvas Dog Harness\"}]},{\"@type\":\"WebSite\",\"@id\":\"https:\/\/qqpets.com\/#website\",\"url\":\"https:\/\/qqpets.com\/\",\"name\":\"QQPETS\",\"description\":\"QQPETS is a pet products factory for dog harnesses, dog collars, dog leashes and dog accessories with professional customized service since 2005.\",\"publisher\":{\"@id\":\"https:\/\/qqpets.com\/#organization\"},\"potentialAction\":[{\"@type\":\"SearchAction\",\"target\":{\"@type\":\"EntryPoint\",\"urlTemplate\":\"https:\/\/qqpets.com\/?s={search_term_string}\"},\"query-input\":{\"@type\":\"PropertyValueSpecification\",\"valueRequired\":true,\"valueName\":\"search_term_string\"}}],\"inLanguage\":\"et\"},{\"@type\":\"Organization\",\"@id\":\"https:\/\/qqpets.com\/#organization\",\"name\":\"QQPETS\",\"url\":\"https:\/\/qqpets.com\/\",\"logo\":{\"@type\":\"ImageObject\",\"inLanguage\":\"et\",\"@id\":\"https:\/\/qqpets.com\/#\/schema\/logo\/image\/\",\"url\":\"https:\/\/qqpets.com\/wp-content\/uploads\/2023\/09\/cropped-cropped-qqpets-tiktok.jpg\",\"contentUrl\":\"https:\/\/qqpets.com\/wp-content\/uploads\/2023\/09\/cropped-cropped-qqpets-tiktok.jpg\",\"width\":511,\"height\":511,\"caption\":\"QQPETS\"},\"image\":{\"@id\":\"https:\/\/qqpets.com\/#\/schema\/logo\/image\/\"},\"sameAs\":[\"https:\/\/www.facebook.com\/QQpetsdogcollars\",\"https:\/\/www.instagram.com\/qqpetscollar\/\",\"https:\/\/www.pinterest.com\/qqpetsdogcollarsfactory\/\"]}]}<\/script>\n<!-- \/ Yoast SEO plugin. -->","yoast_head_json":{"title":"Easy Walk koera rakmed | QQPETS","description":"Stiilne Easy Walk Canvas koerarihm, mis sobib ideaalselt igap\u00e4evasteks jalutusk\u00e4ikudeks ning on turvaline ja mugav.","robots":{"index":"index","follow":"follow","max-snippet":"max-snippet:-1","max-image-preview":"max-image-preview:large","max-video-preview":"max-video-preview:-1"},"canonical":"https:\/\/qqpets.com\/et\/toode\/easy-walk-canvas-dog-harness\/","og_locale":"et_EE","og_type":"article","og_title":"Easy Walk Canvas Dog Harness | QQPETS","og_description":"Stylish Easy Walk Canvas Dog Harness, perfect for daily walks with secure and comfortable fit.","og_url":"https:\/\/qqpets.com\/et\/toode\/easy-walk-canvas-dog-harness\/","og_site_name":"QQPETS","article_publisher":"https:\/\/www.facebook.com\/QQpetsdogcollars","og_image":[{"width":800,"height":800,"url":"https:\/\/qqpets.com\/wp-content\/uploads\/2024\/09\/Canvas-dog-harness1.webp","type":"image\/webp"}],"twitter_card":"summary_large_image","twitter_misc":{"Est. reading time":"2 minutit"},"schema":{"@context":"https:\/\/schema.org","@graph":[{"@type":"WebPage","@id":"https:\/\/qqpets.com\/product\/easy-walk-canvas-dog-harness\/","url":"https:\/\/qqpets.com\/product\/easy-walk-canvas-dog-harness\/","name":"Easy Walk koera rakmed | QQPETS","isPartOf":{"@id":"https:\/\/qqpets.com\/#website"},"primaryImageOfPage":{"@id":"https:\/\/qqpets.com\/product\/easy-walk-canvas-dog-harness\/#primaryimage"},"image":{"@id":"https:\/\/qqpets.com\/product\/easy-walk-canvas-dog-harness\/#primaryimage"},"thumbnailUrl":"https:\/\/qqpets.com\/wp-content\/uploads\/2024\/09\/Canvas-dog-harness1.webp","datePublished":"2024-09-30T07:58:12+00:00","description":"Stiilne Easy Walk Canvas koerarihm, mis sobib ideaalselt igap\u00e4evasteks jalutusk\u00e4ikudeks ning on turvaline ja mugav.","breadcrumb":{"@id":"https:\/\/qqpets.com\/product\/easy-walk-canvas-dog-harness\/#breadcrumb"},"inLanguage":"et","potentialAction":[{"@type":"ReadAction","target":["https:\/\/qqpets.com\/product\/easy-walk-canvas-dog-harness\/"]}]},{"@type":"ImageObject","inLanguage":"et","@id":"https:\/\/qqpets.com\/product\/easy-walk-canvas-dog-harness\/#primaryimage","url":"https:\/\/qqpets.com\/wp-content\/uploads\/2024\/09\/Canvas-dog-harness1.webp","contentUrl":"https:\/\/qqpets.com\/wp-content\/uploads\/2024\/09\/Canvas-dog-harness1.webp","width":800,"height":800},{"@type":"BreadcrumbList","@id":"https:\/\/qqpets.com\/product\/easy-walk-canvas-dog-harness\/#breadcrumb","itemListElement":[{"@type":"ListItem","position":1,"name":"Home","item":"https:\/\/qqpets.com\/"},{"@type":"ListItem","position":2,"name":"Products","item":"https:\/\/qqpets.com\/pet-products-manufacturer\/"},{"@type":"ListItem","position":3,"name":"Easy Walk Canvas Dog Harness"}]},{"@type":"WebSite","@id":"https:\/\/qqpets.com\/#website","url":"https:\/\/qqpets.com\/","name":"QQPETS","description":"QQPETS on lemmikloomatoodete tehas koerte rakmete, koerte kaelarihmade, koerte rihmade ja koerte tarvikute jaoks, mis pakub professionaalset kohandatud teenust alates 2005. aastast.","publisher":{"@id":"https:\/\/qqpets.com\/#organization"},"potentialAction":[{"@type":"SearchAction","target":{"@type":"EntryPoint","urlTemplate":"https:\/\/qqpets.com\/?s={search_term_string}"},"query-input":{"@type":"PropertyValueSpecification","valueRequired":true,"valueName":"search_term_string"}}],"inLanguage":"et"},{"@type":"Organization","@id":"https:\/\/qqpets.com\/#organization","name":"QQPETS","url":"https:\/\/qqpets.com\/","logo":{"@type":"ImageObject","inLanguage":"et","@id":"https:\/\/qqpets.com\/#\/schema\/logo\/image\/","url":"https:\/\/qqpets.com\/wp-content\/uploads\/2023\/09\/cropped-cropped-qqpets-tiktok.jpg","contentUrl":"https:\/\/qqpets.com\/wp-content\/uploads\/2023\/09\/cropped-cropped-qqpets-tiktok.jpg","width":511,"height":511,"caption":"QQPETS"},"image":{"@id":"https:\/\/qqpets.com\/#\/schema\/logo\/image\/"},"sameAs":["https:\/\/www.facebook.com\/QQpetsdogcollars","https:\/\/www.instagram.com\/qqpetscollar\/","https:\/\/www.pinterest.com\/qqpetsdogcollarsfactory\/"]}]}},"_links":{"self":[{"href":"https:\/\/qqpets.com\/et\/wp-json\/wp\/v2\/product\/8437","targetHints":{"allow":["GET"]}}],"collection":[{"href":"https:\/\/qqpets.com\/et\/wp-json\/wp\/v2\/product"}],"about":[{"href":"https:\/\/qqpets.com\/et\/wp-json\/wp\/v2\/types\/product"}],"wp:featuredmedia":[{"embeddable":true,"href":"https:\/\/qqpets.com\/et\/wp-json\/wp\/v2\/media\/8441"}],"wp:attachment":[{"href":"https:\/\/qqpets.com\/et\/wp-json\/wp\/v2\/media?parent=8437"}],"wp:term":[{"taxonomy":"product_brand","embeddable":true,"href":"https:\/\/qqpets.com\/et\/wp-json\/wp\/v2\/product_brand?post=8437"},{"taxonomy":"product_cat","embeddable":true,"href":"https:\/\/qqpets.com\/et\/wp-json\/wp\/v2\/product_cat?post=8437"},{"taxonomy":"product_tag","embeddable":true,"href":"https:\/\/qqpets.com\/et\/wp-json\/wp\/v2\/product_tag?post=8437"}],"curies":[{"name":"wp","href":"https:\/\/api.w.org\/{rel}","templated":true}]}}