{"id":8444,"date":"2024-09-30T16:17:02","date_gmt":"2024-09-30T08:17:02","guid":{"rendered":"https:\/\/qqpets.com\/?post_type=product&#038;p=8444"},"modified":"2024-09-30T16:17:02","modified_gmt":"2024-09-30T08:17:02","slug":"easy-walk-step-in-dog-harness-set","status":"publish","type":"product","link":"https:\/\/qqpets.com\/et\/toode\/easy-walk-step-in-dog-harness-set\/","title":{"rendered":"Easy Walk Step In koera rakmete komplekt"},"content":{"rendered":"<p>Tutvustame Easy Walk Step In koerte rakmete komplekti - parim lahendus teie armastatud lemmikloomaga jalutusk\u00e4ikudeks. See komplekt on loodud kaasaegset lemmikloomaomanikku silmas pidades ning selles on step-in rakmed, mis v\u00e4listavad traditsiooniliste \u00fclevalpool olevate rakmete komplikatsioonid, mist\u00f5ttu on teie koera v\u00e4ga lihtne ilma ebamugavustundeta kinnitada.<\/p>\n<p>Rakmed on valmistatud kvaliteetsest, hingavast kangast, mis s\u00e4ilitab oma vormi ja funktsiooni ka p\u00e4rast korduvat kasutamist. Reguleeritavad rihmad tagavad sobivuse mis tahes suurusega koerale, tagades mugavuse ja takistades p\u00f5genemist. Helkur\u00f5mblused rakmete ja rihma peal suurendavad n\u00e4htavust varahommikustel v\u00f5i hilis\u00f5htustel jalutusk\u00e4ikudel, lisades teie lemmikloomale lisaturvalisust.<\/p>\n<p>Sobiv rihm on tugev ja sellel on tugev klamber turvaliseks kinnitamiseks, mis annab teile jalutusk\u00e4ikudel kontrolli, samas kui pehme k\u00e4epide tagab teie k\u00e4e mugavuse. Easy Walk Step In koera rakmete komplekt ei ole mitte ainult praktiline, vaid ka stiilne, sest selle elav roosa disain peegeldab l\u00f5busat ja elavat isiksust.<\/p>\n<p>See toode on suurep\u00e4rane valik lemmikloomaomanikele, kes otsivad segu stiilist, ohutusest ja mugavusest. See sobib ideaalselt igap\u00e4evasteks jalutusk\u00e4ikudeks, loomaarstivisiitideks v\u00f5i mis tahes seiklusteks v\u00e4ljas koos oma karvase s\u00f5braga, tagades, et nad n\u00e4evad suurep\u00e4raselt v\u00e4lja, olles samal ajal turvalised ja mugavad. See rakmete komplekt sobib igat t\u00f5ugu ja suurusega koertele ning lihtsustab lemmiklooma k\u00e4sitsemist, mist\u00f5ttu on see teie koera aksessuaaride kollektsiooni h\u00e4davajalik.<\/p>\n<h5><strong>Kas astmelised rakmed on koertele head?<\/strong><\/h5>\n<p>Jah, astmelised rakmed on koertele head, sest neid on \u00fcldiselt lihtne selga panna ja maha v\u00f5tta, nad jaotavad surve \u00fchtlaselt rinnale ja \u00f5lgadele ning p\u00f5hjustavad v\u00e4hem kaela pingutust. Need on eriti kasulikud v\u00e4ikestele ja keskmise suurusega koertele.<\/p>\n<h5><strong>Kas Easy Walk rakmed on head koertele?<\/strong><\/h5>\n<p>Jah, Easy Walk rakmed on kasulikud koertele, eriti neile, kes t\u00f5mbavad, sest neil on esirihma kinnitus, mis aitab suunata koera t\u00f5mbej\u00f5udu pigem k\u00fcljele kui ettepoole, muutes jalutusk\u00e4igu lihtsamaks ja treeningu t\u00f5husamaks.<\/p>\n<h5><strong>Kuidas panna koerale rakmed Easy Walk?<\/strong><\/h5>\n<p>Asetage rakmed lamades maapinnale, suunake koera jalad avadesse, seej\u00e4rel t\u00f5mmake rakmed \u00fcles ja kinnitage seljas olev lukk. Veenduge, et rinnarihm on horisontaalne ja istub madalalt \u00fcle rinnaluu, mitte kaela.<\/p>\n<h5><strong>Kuidas panna oma koer astuma oma rakmete sisse?<\/strong><\/h5>\n<p>Asetage rakmed maapinnale ja meelitage koer maiuspaladega igasse jalaavasse astuma. Kui koer astub sisse, t\u00f5mmake rakmed \u00f5rnalt \u00fcles ja \u00fcle selja ning kinnitage klambrid, andes palju kiitust ja maiustusi, et luua positiivne kogemus.<\/p>","protected":false},"excerpt":{"rendered":"<p>Meie Easy Walk Step In koerte rakmete komplekt on loodud \u00fclima mugavuse ja kasutusmugavuse tagamiseks. See k\u00f5ik-\u00fches-komplekt sisaldab kerget step-in-valjastust ja sobivat rihma, mis on ideaalne igap\u00e4evasteks jalutusk\u00e4ikudeks. Rakmed on t\u00f5mbevaba disainiga, et v\u00e4ltida koormust koera kaelale, samas kui pehme, hingav kangas tagab mugavuse ka pikemaajalise kandmise ajal. Kiirlukustuslukkude abil on rakmeid lihtne selga panna ja maha v\u00f5tta, mis tagab iga kord probleemideta kasutamise. See sobib ideaalselt k\u00f5ikidele t\u00f5ugudele ja \u00fchendab endas funktsionaalsuse ja stiili ning on saadaval elava roosa v\u00e4rviga, mis tagab, et teie koer paistab silma, j\u00e4\u00e4des samal ajal turvaliseks.<\/p>","protected":false},"featured_media":8445,"template":"","meta":[],"product_brand":[],"product_cat":[23],"product_tag":[],"class_list":{"0":"post-8444","1":"product","2":"type-product","3":"status-publish","4":"has-post-thumbnail","6":"product_cat-dog-harness","7":"pa_brand-qqpets","9":"first","10":"instock","11":"shipping-taxable","12":"product-type-simple"},"yoast_head":"<!-- This site is optimized with the Yoast SEO plugin v26.6 - https:\/\/yoast.com\/wordpress\/plugins\/seo\/ -->\n<title>Easy Walk Step In Dog Harness Set | QQPETS<\/title>\n<meta name=\"description\" content=\"Enhance your dog&#039;s comfort and safety with our Easy Walk Step In Dog Harness Set, perfect for daily use.\" \/>\n<meta name=\"robots\" content=\"index, follow, max-snippet:-1, max-image-preview:large, max-video-preview:-1\" \/>\n<link rel=\"canonical\" href=\"https:\/\/qqpets.com\/et\/toode\/easy-walk-step-in-dog-harness-set\/\" \/>\n<meta property=\"og:locale\" content=\"et_EE\" \/>\n<meta property=\"og:type\" content=\"article\" \/>\n<meta property=\"og:title\" content=\"Easy Walk Step In Dog Harness Set | QQPETS\" \/>\n<meta property=\"og:description\" content=\"Enhance your dog&#039;s comfort and safety with our Easy Walk Step In Dog Harness Set, perfect for daily use.\" \/>\n<meta property=\"og:url\" content=\"https:\/\/qqpets.com\/et\/toode\/easy-walk-step-in-dog-harness-set\/\" \/>\n<meta property=\"og:site_name\" content=\"QQPETS\" \/>\n<meta property=\"article:publisher\" content=\"https:\/\/www.facebook.com\/QQpetsdogcollars\" \/>\n<meta property=\"og:image\" content=\"https:\/\/qqpets.com\/wp-content\/uploads\/2024\/09\/step-in-dog-harness-set5.webp\" \/>\n\t<meta property=\"og:image:width\" content=\"800\" \/>\n\t<meta property=\"og:image:height\" content=\"800\" \/>\n\t<meta property=\"og:image:type\" content=\"image\/webp\" \/>\n<meta name=\"twitter:card\" content=\"summary_large_image\" \/>\n<meta name=\"twitter:label1\" content=\"Est. reading time\" \/>\n\t<meta name=\"twitter:data1\" content=\"3 minutit\" \/>\n<script type=\"application\/ld+json\" class=\"yoast-schema-graph\">{\"@context\":\"https:\/\/schema.org\",\"@graph\":[{\"@type\":\"WebPage\",\"@id\":\"https:\/\/qqpets.com\/product\/easy-walk-step-in-dog-harness-set\/\",\"url\":\"https:\/\/qqpets.com\/product\/easy-walk-step-in-dog-harness-set\/\",\"name\":\"Easy Walk Step In Dog Harness Set | QQPETS\",\"isPartOf\":{\"@id\":\"https:\/\/qqpets.com\/#website\"},\"primaryImageOfPage\":{\"@id\":\"https:\/\/qqpets.com\/product\/easy-walk-step-in-dog-harness-set\/#primaryimage\"},\"image\":{\"@id\":\"https:\/\/qqpets.com\/product\/easy-walk-step-in-dog-harness-set\/#primaryimage\"},\"thumbnailUrl\":\"https:\/\/qqpets.com\/wp-content\/uploads\/2024\/09\/step-in-dog-harness-set5.webp\",\"datePublished\":\"2024-09-30T08:17:02+00:00\",\"description\":\"Enhance your dog's comfort and safety with our Easy Walk Step In Dog Harness Set, perfect for daily use.\",\"breadcrumb\":{\"@id\":\"https:\/\/qqpets.com\/product\/easy-walk-step-in-dog-harness-set\/#breadcrumb\"},\"inLanguage\":\"et\",\"potentialAction\":[{\"@type\":\"ReadAction\",\"target\":[\"https:\/\/qqpets.com\/product\/easy-walk-step-in-dog-harness-set\/\"]}]},{\"@type\":\"ImageObject\",\"inLanguage\":\"et\",\"@id\":\"https:\/\/qqpets.com\/product\/easy-walk-step-in-dog-harness-set\/#primaryimage\",\"url\":\"https:\/\/qqpets.com\/wp-content\/uploads\/2024\/09\/step-in-dog-harness-set5.webp\",\"contentUrl\":\"https:\/\/qqpets.com\/wp-content\/uploads\/2024\/09\/step-in-dog-harness-set5.webp\",\"width\":800,\"height\":800},{\"@type\":\"BreadcrumbList\",\"@id\":\"https:\/\/qqpets.com\/product\/easy-walk-step-in-dog-harness-set\/#breadcrumb\",\"itemListElement\":[{\"@type\":\"ListItem\",\"position\":1,\"name\":\"Home\",\"item\":\"https:\/\/qqpets.com\/\"},{\"@type\":\"ListItem\",\"position\":2,\"name\":\"Products\",\"item\":\"https:\/\/qqpets.com\/pet-products-manufacturer\/\"},{\"@type\":\"ListItem\",\"position\":3,\"name\":\"Easy Walk Step In Dog Harness Set\"}]},{\"@type\":\"WebSite\",\"@id\":\"https:\/\/qqpets.com\/#website\",\"url\":\"https:\/\/qqpets.com\/\",\"name\":\"QQPETS\",\"description\":\"QQPETS is a pet products factory for dog harnesses, dog collars, dog leashes and dog accessories with professional customized service since 2005.\",\"publisher\":{\"@id\":\"https:\/\/qqpets.com\/#organization\"},\"potentialAction\":[{\"@type\":\"SearchAction\",\"target\":{\"@type\":\"EntryPoint\",\"urlTemplate\":\"https:\/\/qqpets.com\/?s={search_term_string}\"},\"query-input\":{\"@type\":\"PropertyValueSpecification\",\"valueRequired\":true,\"valueName\":\"search_term_string\"}}],\"inLanguage\":\"et\"},{\"@type\":\"Organization\",\"@id\":\"https:\/\/qqpets.com\/#organization\",\"name\":\"QQPETS\",\"url\":\"https:\/\/qqpets.com\/\",\"logo\":{\"@type\":\"ImageObject\",\"inLanguage\":\"et\",\"@id\":\"https:\/\/qqpets.com\/#\/schema\/logo\/image\/\",\"url\":\"https:\/\/qqpets.com\/wp-content\/uploads\/2023\/09\/cropped-cropped-qqpets-tiktok.jpg\",\"contentUrl\":\"https:\/\/qqpets.com\/wp-content\/uploads\/2023\/09\/cropped-cropped-qqpets-tiktok.jpg\",\"width\":511,\"height\":511,\"caption\":\"QQPETS\"},\"image\":{\"@id\":\"https:\/\/qqpets.com\/#\/schema\/logo\/image\/\"},\"sameAs\":[\"https:\/\/www.facebook.com\/QQpetsdogcollars\",\"https:\/\/www.instagram.com\/qqpetscollar\/\",\"https:\/\/www.pinterest.com\/qqpetsdogcollarsfactory\/\"]}]}<\/script>\n<!-- \/ Yoast SEO plugin. -->","yoast_head_json":{"title":"Easy Walk Step In koera rakmete komplekt | QQPETS","description":"Suurendage oma koera mugavust ja turvalisust meie Easy Walk Step In koerat\u00f5kkekomplektiga, mis sobib ideaalselt igap\u00e4evaseks kasutamiseks.","robots":{"index":"index","follow":"follow","max-snippet":"max-snippet:-1","max-image-preview":"max-image-preview:large","max-video-preview":"max-video-preview:-1"},"canonical":"https:\/\/qqpets.com\/et\/toode\/easy-walk-step-in-dog-harness-set\/","og_locale":"et_EE","og_type":"article","og_title":"Easy Walk Step In Dog Harness Set | QQPETS","og_description":"Enhance your dog's comfort and safety with our Easy Walk Step In Dog Harness Set, perfect for daily use.","og_url":"https:\/\/qqpets.com\/et\/toode\/easy-walk-step-in-dog-harness-set\/","og_site_name":"QQPETS","article_publisher":"https:\/\/www.facebook.com\/QQpetsdogcollars","og_image":[{"width":800,"height":800,"url":"https:\/\/qqpets.com\/wp-content\/uploads\/2024\/09\/step-in-dog-harness-set5.webp","type":"image\/webp"}],"twitter_card":"summary_large_image","twitter_misc":{"Est. reading time":"3 minutit"},"schema":{"@context":"https:\/\/schema.org","@graph":[{"@type":"WebPage","@id":"https:\/\/qqpets.com\/product\/easy-walk-step-in-dog-harness-set\/","url":"https:\/\/qqpets.com\/product\/easy-walk-step-in-dog-harness-set\/","name":"Easy Walk Step In koera rakmete komplekt | QQPETS","isPartOf":{"@id":"https:\/\/qqpets.com\/#website"},"primaryImageOfPage":{"@id":"https:\/\/qqpets.com\/product\/easy-walk-step-in-dog-harness-set\/#primaryimage"},"image":{"@id":"https:\/\/qqpets.com\/product\/easy-walk-step-in-dog-harness-set\/#primaryimage"},"thumbnailUrl":"https:\/\/qqpets.com\/wp-content\/uploads\/2024\/09\/step-in-dog-harness-set5.webp","datePublished":"2024-09-30T08:17:02+00:00","description":"Suurendage oma koera mugavust ja turvalisust meie Easy Walk Step In koerat\u00f5kkekomplektiga, mis sobib ideaalselt igap\u00e4evaseks kasutamiseks.","breadcrumb":{"@id":"https:\/\/qqpets.com\/product\/easy-walk-step-in-dog-harness-set\/#breadcrumb"},"inLanguage":"et","potentialAction":[{"@type":"ReadAction","target":["https:\/\/qqpets.com\/product\/easy-walk-step-in-dog-harness-set\/"]}]},{"@type":"ImageObject","inLanguage":"et","@id":"https:\/\/qqpets.com\/product\/easy-walk-step-in-dog-harness-set\/#primaryimage","url":"https:\/\/qqpets.com\/wp-content\/uploads\/2024\/09\/step-in-dog-harness-set5.webp","contentUrl":"https:\/\/qqpets.com\/wp-content\/uploads\/2024\/09\/step-in-dog-harness-set5.webp","width":800,"height":800},{"@type":"BreadcrumbList","@id":"https:\/\/qqpets.com\/product\/easy-walk-step-in-dog-harness-set\/#breadcrumb","itemListElement":[{"@type":"ListItem","position":1,"name":"Home","item":"https:\/\/qqpets.com\/"},{"@type":"ListItem","position":2,"name":"Products","item":"https:\/\/qqpets.com\/pet-products-manufacturer\/"},{"@type":"ListItem","position":3,"name":"Easy Walk Step In Dog Harness Set"}]},{"@type":"WebSite","@id":"https:\/\/qqpets.com\/#website","url":"https:\/\/qqpets.com\/","name":"QQPETS","description":"QQPETS on lemmikloomatoodete tehas koerte rakmete, koerte kaelarihmade, koerte rihmade ja koerte tarvikute jaoks, mis pakub professionaalset kohandatud teenust alates 2005. aastast.","publisher":{"@id":"https:\/\/qqpets.com\/#organization"},"potentialAction":[{"@type":"SearchAction","target":{"@type":"EntryPoint","urlTemplate":"https:\/\/qqpets.com\/?s={search_term_string}"},"query-input":{"@type":"PropertyValueSpecification","valueRequired":true,"valueName":"search_term_string"}}],"inLanguage":"et"},{"@type":"Organization","@id":"https:\/\/qqpets.com\/#organization","name":"QQPETS","url":"https:\/\/qqpets.com\/","logo":{"@type":"ImageObject","inLanguage":"et","@id":"https:\/\/qqpets.com\/#\/schema\/logo\/image\/","url":"https:\/\/qqpets.com\/wp-content\/uploads\/2023\/09\/cropped-cropped-qqpets-tiktok.jpg","contentUrl":"https:\/\/qqpets.com\/wp-content\/uploads\/2023\/09\/cropped-cropped-qqpets-tiktok.jpg","width":511,"height":511,"caption":"QQPETS"},"image":{"@id":"https:\/\/qqpets.com\/#\/schema\/logo\/image\/"},"sameAs":["https:\/\/www.facebook.com\/QQpetsdogcollars","https:\/\/www.instagram.com\/qqpetscollar\/","https:\/\/www.pinterest.com\/qqpetsdogcollarsfactory\/"]}]}},"_links":{"self":[{"href":"https:\/\/qqpets.com\/et\/wp-json\/wp\/v2\/product\/8444","targetHints":{"allow":["GET"]}}],"collection":[{"href":"https:\/\/qqpets.com\/et\/wp-json\/wp\/v2\/product"}],"about":[{"href":"https:\/\/qqpets.com\/et\/wp-json\/wp\/v2\/types\/product"}],"wp:featuredmedia":[{"embeddable":true,"href":"https:\/\/qqpets.com\/et\/wp-json\/wp\/v2\/media\/8445"}],"wp:attachment":[{"href":"https:\/\/qqpets.com\/et\/wp-json\/wp\/v2\/media?parent=8444"}],"wp:term":[{"taxonomy":"product_brand","embeddable":true,"href":"https:\/\/qqpets.com\/et\/wp-json\/wp\/v2\/product_brand?post=8444"},{"taxonomy":"product_cat","embeddable":true,"href":"https:\/\/qqpets.com\/et\/wp-json\/wp\/v2\/product_cat?post=8444"},{"taxonomy":"product_tag","embeddable":true,"href":"https:\/\/qqpets.com\/et\/wp-json\/wp\/v2\/product_tag?post=8444"}],"curies":[{"name":"wp","href":"https:\/\/api.w.org\/{rel}","templated":true}]}}