{"id":8457,"date":"2024-09-30T17:26:38","date_gmt":"2024-09-30T09:26:38","guid":{"rendered":"https:\/\/qqpets.com\/?post_type=product&#038;p=8457"},"modified":"2024-09-30T17:26:38","modified_gmt":"2024-09-30T09:26:38","slug":"cat-collar-with-bell","status":"publish","type":"product","link":"https:\/\/qqpets.com\/et\/toode\/cat-collar-with-bell\/","title":{"rendered":"Kassikaelarihm koos kellaga"},"content":{"rendered":"<p>Tutvustame t\u00e4iuslikku funktsionaalsuse ja moe segu, meie kassikaelarihma koos kellukesega. See veetlev aksessuaar on loodud selleks, et hoida teie armastatud kassi turvaliselt ja tervena, lisades samal ajal nende igap\u00e4evasele v\u00e4limusele elegantsi.<\/p>\n<p><strong>Peamised omadused:<\/strong><\/p>\n<ul>\n<li><strong>Mugav kandmine:<\/strong> Kvaliteetsetest ja kergetest materjalidest valmistatud kassikaelarihm on loodud nii, et see tagab teie kassi mugavuse kogu p\u00e4eva jooksul, ilma et see tekitaks \u00e4rritust.<\/li>\n<li><strong>Ohutuskell:<\/strong> See v\u00f5luva kellukesega varustatud kaelarihm aitab teil j\u00e4lgida teie kassi asukohta, andes \u00f5rnalt helisevat helinat. See funktsioon on eriti kasulik kassidele, kes armastavad hiilida ja uurida, pakkudes omanikele meelerahu.<\/li>\n<li><strong>Reguleeritav disain:<\/strong> See kaelarihm on h\u00f5lpsasti reguleeritav, et see sobiks erinevate kaelasuuruste jaoks, nii et see v\u00f5ib kasvada koos teie lemmikloomaga alates kassipoegadest kuni t\u00e4iskasvanud loomani. Turvaline klambermehhanism tagab, et kaelarihm p\u00fcsib paigal, kuid seda on piisavalt lihtne eemaldada v\u00f5i kohandada vastavalt vajadusele.<\/li>\n<li><strong>Vastupidav ja pestav:<\/strong> See kasside elu raskustele vastu pidamiseks loodud kaelarihm on vastupidav ja kergesti puhastatav, s\u00e4ilitades oma elava v\u00e4limuse ka p\u00e4rast lugematuid seiklusi.<\/li>\n<li><strong>Stiilsed valikud:<\/strong> Saadaval erinevates v\u00e4rvides ja mustrites, saate valida t\u00e4iusliku stiili, mis sobib teie kassi isiksusega, muutes nad k\u00f5ige stiilsemaks kassiks plokis.<\/li>\n<\/ul>\n<p>Meie kassikaelarihm koos kellaga ei ole lihtsalt lisatarvik; see on v\u00e4ike detail, mis v\u00f5ib oluliselt suurendada teie kassi turvalisust \u00f5ues. See \u00fchendab endas praktilisuse ja stiili, mist\u00f5ttu on see h\u00e4davajalik toode igale kassiomanikule, kes hindab oma lemmiklooma turvalisust ja mugavust.<\/p>\n<h5><strong>Kas kelladega kaelarihmad on kassidele head?<\/strong><\/h5>\n<p>Kellukestega kaelarihmad v\u00f5ivad olla kassidele, eriti \u00f5uekassidele, kasulikud, kuna kelluke aitab lindudele ja teistele metsloomadele kasside kohalolekust m\u00e4rku anda, mis v\u00f5ib v\u00e4hendada edukat jahti.<\/p>\n<h5><strong>Mida t\u00e4hendab kelluke kassi kaelarihmas?<\/strong><\/h5>\n<p>Kelluke kassi kaelarihmal n\u00e4itab tavaliselt, et kass on v\u00e4litingimustes viibiv lemmikloom. Kelluke aitab j\u00e4lgida kassi liikumist ja v\u00f5ib hoiatada saakloomi, n\u00e4iteks linde ja v\u00e4ikeseid imetajad, kassi l\u00e4henemisest.<\/p>\n<h5><strong>Kas kelluke peatab minu kassi jahipidamise?<\/strong><\/h5>\n<p>Kell ei pruugi t\u00e4ielikult takistada kasside jahti, kuid see v\u00f5ib v\u00e4hendada nende v\u00f5imalusi saagi p\u00fc\u00fcdmiseks, kuna see hoiatab v\u00f5imalikke sihtm\u00e4rke heli abil, kui kass liigub.<\/p>\n<h5><strong>Kas kassid peaksid kogu aeg kaelarihma kandma?<\/strong><\/h5>\n<p>Kassid, kes k\u00e4ivad \u00f5ues, peaksid identifitseerimise ja ohutuse tagamiseks kandma kogu aeg kaelarihma. Vigastuste v\u00e4ltimiseks veenduge siiski, et kaelarihm on lahtiv\u00f5etav, mis saab kergesti maha tulla, kui see millegi k\u00fclge kinni j\u00e4\u00e4b. Sisekassid ei pruugi pidevalt kanda kaelarihma, olenevalt omaniku eelistustest ja kassi taluvusest.<\/p>","protected":false},"excerpt":{"rendered":"<p>Suurendage oma kassi turvalisust ja stiili meie kassikaelarihma koos kellukesega. Sellel reguleeritaval kaelarihmal on turvaline klamber ja elav kelluke, mis aitab teil j\u00e4lgida teie lemmiklooma liikumist. See on valmistatud pehmest ja vastupidavast materjalist, mis tagab mugavuse ja pikaealisuse. Kelluke lisab omap\u00e4ra ja t\u00e4idab samas praktilist eesm\u00e4rki, hoiatades linde ja teisi metsloomi, mist\u00f5ttu on see ideaalne valik nii \u00f5ues seiklejatele kui ka siseruumide uurijatele.<\/p>","protected":false},"featured_media":8459,"template":"","meta":[],"product_brand":[],"product_cat":[26],"product_tag":[],"class_list":{"0":"post-8457","1":"product","2":"type-product","3":"status-publish","4":"has-post-thumbnail","6":"product_cat-dog-collar","7":"pa_brand-qqpets","9":"first","10":"instock","11":"shipping-taxable","12":"product-type-simple"},"yoast_head":"<!-- This site is optimized with the Yoast SEO plugin v26.6 - https:\/\/yoast.com\/wordpress\/plugins\/seo\/ -->\n<title>Cat Collar With Bell | QQPETS<\/title>\n<meta name=\"description\" content=\"Charming Cat Collar with Bell, designed for safety and style, perfect for your feline friend.\" \/>\n<meta name=\"robots\" content=\"index, follow, max-snippet:-1, max-image-preview:large, max-video-preview:-1\" \/>\n<link rel=\"canonical\" href=\"https:\/\/qqpets.com\/et\/toode\/cat-collar-with-bell\/\" \/>\n<meta property=\"og:locale\" content=\"et_EE\" \/>\n<meta property=\"og:type\" content=\"article\" \/>\n<meta property=\"og:title\" content=\"Cat Collar With Bell | QQPETS\" \/>\n<meta property=\"og:description\" content=\"Charming Cat Collar with Bell, designed for safety and style, perfect for your feline friend.\" \/>\n<meta property=\"og:url\" content=\"https:\/\/qqpets.com\/et\/toode\/cat-collar-with-bell\/\" \/>\n<meta property=\"og:site_name\" content=\"QQPETS\" \/>\n<meta property=\"article:publisher\" content=\"https:\/\/www.facebook.com\/QQpetsdogcollars\" \/>\n<meta property=\"og:image\" content=\"https:\/\/qqpets.com\/wp-content\/uploads\/2024\/09\/cat-collar-with-bell1.webp\" \/>\n\t<meta property=\"og:image:width\" content=\"800\" \/>\n\t<meta property=\"og:image:height\" content=\"800\" \/>\n\t<meta property=\"og:image:type\" content=\"image\/webp\" \/>\n<meta name=\"twitter:card\" content=\"summary_large_image\" \/>\n<meta name=\"twitter:label1\" content=\"Est. reading time\" \/>\n\t<meta name=\"twitter:data1\" content=\"3 minutit\" \/>\n<script type=\"application\/ld+json\" class=\"yoast-schema-graph\">{\"@context\":\"https:\/\/schema.org\",\"@graph\":[{\"@type\":\"WebPage\",\"@id\":\"https:\/\/qqpets.com\/product\/cat-collar-with-bell\/\",\"url\":\"https:\/\/qqpets.com\/product\/cat-collar-with-bell\/\",\"name\":\"Cat Collar With Bell | QQPETS\",\"isPartOf\":{\"@id\":\"https:\/\/qqpets.com\/#website\"},\"primaryImageOfPage\":{\"@id\":\"https:\/\/qqpets.com\/product\/cat-collar-with-bell\/#primaryimage\"},\"image\":{\"@id\":\"https:\/\/qqpets.com\/product\/cat-collar-with-bell\/#primaryimage\"},\"thumbnailUrl\":\"https:\/\/qqpets.com\/wp-content\/uploads\/2024\/09\/cat-collar-with-bell1.webp\",\"datePublished\":\"2024-09-30T09:26:38+00:00\",\"description\":\"Charming Cat Collar with Bell, designed for safety and style, perfect for your feline friend.\",\"breadcrumb\":{\"@id\":\"https:\/\/qqpets.com\/product\/cat-collar-with-bell\/#breadcrumb\"},\"inLanguage\":\"et\",\"potentialAction\":[{\"@type\":\"ReadAction\",\"target\":[\"https:\/\/qqpets.com\/product\/cat-collar-with-bell\/\"]}]},{\"@type\":\"ImageObject\",\"inLanguage\":\"et\",\"@id\":\"https:\/\/qqpets.com\/product\/cat-collar-with-bell\/#primaryimage\",\"url\":\"https:\/\/qqpets.com\/wp-content\/uploads\/2024\/09\/cat-collar-with-bell1.webp\",\"contentUrl\":\"https:\/\/qqpets.com\/wp-content\/uploads\/2024\/09\/cat-collar-with-bell1.webp\",\"width\":800,\"height\":800},{\"@type\":\"BreadcrumbList\",\"@id\":\"https:\/\/qqpets.com\/product\/cat-collar-with-bell\/#breadcrumb\",\"itemListElement\":[{\"@type\":\"ListItem\",\"position\":1,\"name\":\"Home\",\"item\":\"https:\/\/qqpets.com\/\"},{\"@type\":\"ListItem\",\"position\":2,\"name\":\"Products\",\"item\":\"https:\/\/qqpets.com\/pet-products-manufacturer\/\"},{\"@type\":\"ListItem\",\"position\":3,\"name\":\"Cat Collar With Bell\"}]},{\"@type\":\"WebSite\",\"@id\":\"https:\/\/qqpets.com\/#website\",\"url\":\"https:\/\/qqpets.com\/\",\"name\":\"QQPETS\",\"description\":\"QQPETS is a pet products factory for dog harnesses, dog collars, dog leashes and dog accessories with professional customized service since 2005.\",\"publisher\":{\"@id\":\"https:\/\/qqpets.com\/#organization\"},\"potentialAction\":[{\"@type\":\"SearchAction\",\"target\":{\"@type\":\"EntryPoint\",\"urlTemplate\":\"https:\/\/qqpets.com\/?s={search_term_string}\"},\"query-input\":{\"@type\":\"PropertyValueSpecification\",\"valueRequired\":true,\"valueName\":\"search_term_string\"}}],\"inLanguage\":\"et\"},{\"@type\":\"Organization\",\"@id\":\"https:\/\/qqpets.com\/#organization\",\"name\":\"QQPETS\",\"url\":\"https:\/\/qqpets.com\/\",\"logo\":{\"@type\":\"ImageObject\",\"inLanguage\":\"et\",\"@id\":\"https:\/\/qqpets.com\/#\/schema\/logo\/image\/\",\"url\":\"https:\/\/qqpets.com\/wp-content\/uploads\/2023\/09\/cropped-cropped-qqpets-tiktok.jpg\",\"contentUrl\":\"https:\/\/qqpets.com\/wp-content\/uploads\/2023\/09\/cropped-cropped-qqpets-tiktok.jpg\",\"width\":511,\"height\":511,\"caption\":\"QQPETS\"},\"image\":{\"@id\":\"https:\/\/qqpets.com\/#\/schema\/logo\/image\/\"},\"sameAs\":[\"https:\/\/www.facebook.com\/QQpetsdogcollars\",\"https:\/\/www.instagram.com\/qqpetscollar\/\",\"https:\/\/www.pinterest.com\/qqpetsdogcollarsfactory\/\"]}]}<\/script>\n<!-- \/ Yoast SEO plugin. -->","yoast_head_json":{"title":"Kassikaelakeel koos kellaga | QQPETS","description":"V\u00f5luv kassikaelarihm koos kellukesega, mis on disainitud ohutuse ja stiili jaoks, ideaalne teie kassis\u00f5brale.","robots":{"index":"index","follow":"follow","max-snippet":"max-snippet:-1","max-image-preview":"max-image-preview:large","max-video-preview":"max-video-preview:-1"},"canonical":"https:\/\/qqpets.com\/et\/toode\/cat-collar-with-bell\/","og_locale":"et_EE","og_type":"article","og_title":"Cat Collar With Bell | QQPETS","og_description":"Charming Cat Collar with Bell, designed for safety and style, perfect for your feline friend.","og_url":"https:\/\/qqpets.com\/et\/toode\/cat-collar-with-bell\/","og_site_name":"QQPETS","article_publisher":"https:\/\/www.facebook.com\/QQpetsdogcollars","og_image":[{"width":800,"height":800,"url":"https:\/\/qqpets.com\/wp-content\/uploads\/2024\/09\/cat-collar-with-bell1.webp","type":"image\/webp"}],"twitter_card":"summary_large_image","twitter_misc":{"Est. reading time":"3 minutit"},"schema":{"@context":"https:\/\/schema.org","@graph":[{"@type":"WebPage","@id":"https:\/\/qqpets.com\/product\/cat-collar-with-bell\/","url":"https:\/\/qqpets.com\/product\/cat-collar-with-bell\/","name":"Kassikaelakeel koos kellaga | QQPETS","isPartOf":{"@id":"https:\/\/qqpets.com\/#website"},"primaryImageOfPage":{"@id":"https:\/\/qqpets.com\/product\/cat-collar-with-bell\/#primaryimage"},"image":{"@id":"https:\/\/qqpets.com\/product\/cat-collar-with-bell\/#primaryimage"},"thumbnailUrl":"https:\/\/qqpets.com\/wp-content\/uploads\/2024\/09\/cat-collar-with-bell1.webp","datePublished":"2024-09-30T09:26:38+00:00","description":"V\u00f5luv kassikaelarihm koos kellukesega, mis on disainitud ohutuse ja stiili jaoks, ideaalne teie kassis\u00f5brale.","breadcrumb":{"@id":"https:\/\/qqpets.com\/product\/cat-collar-with-bell\/#breadcrumb"},"inLanguage":"et","potentialAction":[{"@type":"ReadAction","target":["https:\/\/qqpets.com\/product\/cat-collar-with-bell\/"]}]},{"@type":"ImageObject","inLanguage":"et","@id":"https:\/\/qqpets.com\/product\/cat-collar-with-bell\/#primaryimage","url":"https:\/\/qqpets.com\/wp-content\/uploads\/2024\/09\/cat-collar-with-bell1.webp","contentUrl":"https:\/\/qqpets.com\/wp-content\/uploads\/2024\/09\/cat-collar-with-bell1.webp","width":800,"height":800},{"@type":"BreadcrumbList","@id":"https:\/\/qqpets.com\/product\/cat-collar-with-bell\/#breadcrumb","itemListElement":[{"@type":"ListItem","position":1,"name":"Home","item":"https:\/\/qqpets.com\/"},{"@type":"ListItem","position":2,"name":"Products","item":"https:\/\/qqpets.com\/pet-products-manufacturer\/"},{"@type":"ListItem","position":3,"name":"Cat Collar With Bell"}]},{"@type":"WebSite","@id":"https:\/\/qqpets.com\/#website","url":"https:\/\/qqpets.com\/","name":"QQPETS","description":"QQPETS on lemmikloomatoodete tehas koerte rakmete, koerte kaelarihmade, koerte rihmade ja koerte tarvikute jaoks, mis pakub professionaalset kohandatud teenust alates 2005. aastast.","publisher":{"@id":"https:\/\/qqpets.com\/#organization"},"potentialAction":[{"@type":"SearchAction","target":{"@type":"EntryPoint","urlTemplate":"https:\/\/qqpets.com\/?s={search_term_string}"},"query-input":{"@type":"PropertyValueSpecification","valueRequired":true,"valueName":"search_term_string"}}],"inLanguage":"et"},{"@type":"Organization","@id":"https:\/\/qqpets.com\/#organization","name":"QQPETS","url":"https:\/\/qqpets.com\/","logo":{"@type":"ImageObject","inLanguage":"et","@id":"https:\/\/qqpets.com\/#\/schema\/logo\/image\/","url":"https:\/\/qqpets.com\/wp-content\/uploads\/2023\/09\/cropped-cropped-qqpets-tiktok.jpg","contentUrl":"https:\/\/qqpets.com\/wp-content\/uploads\/2023\/09\/cropped-cropped-qqpets-tiktok.jpg","width":511,"height":511,"caption":"QQPETS"},"image":{"@id":"https:\/\/qqpets.com\/#\/schema\/logo\/image\/"},"sameAs":["https:\/\/www.facebook.com\/QQpetsdogcollars","https:\/\/www.instagram.com\/qqpetscollar\/","https:\/\/www.pinterest.com\/qqpetsdogcollarsfactory\/"]}]}},"_links":{"self":[{"href":"https:\/\/qqpets.com\/et\/wp-json\/wp\/v2\/product\/8457","targetHints":{"allow":["GET"]}}],"collection":[{"href":"https:\/\/qqpets.com\/et\/wp-json\/wp\/v2\/product"}],"about":[{"href":"https:\/\/qqpets.com\/et\/wp-json\/wp\/v2\/types\/product"}],"wp:featuredmedia":[{"embeddable":true,"href":"https:\/\/qqpets.com\/et\/wp-json\/wp\/v2\/media\/8459"}],"wp:attachment":[{"href":"https:\/\/qqpets.com\/et\/wp-json\/wp\/v2\/media?parent=8457"}],"wp:term":[{"taxonomy":"product_brand","embeddable":true,"href":"https:\/\/qqpets.com\/et\/wp-json\/wp\/v2\/product_brand?post=8457"},{"taxonomy":"product_cat","embeddable":true,"href":"https:\/\/qqpets.com\/et\/wp-json\/wp\/v2\/product_cat?post=8457"},{"taxonomy":"product_tag","embeddable":true,"href":"https:\/\/qqpets.com\/et\/wp-json\/wp\/v2\/product_tag?post=8457"}],"curies":[{"name":"wp","href":"https:\/\/api.w.org\/{rel}","templated":true}]}}