{"id":8636,"date":"2024-10-17T10:34:30","date_gmt":"2024-10-17T02:34:30","guid":{"rendered":"https:\/\/qqpets.com\/?post_type=product&#038;p=8636"},"modified":"2024-11-14T11:46:25","modified_gmt":"2024-11-14T03:46:25","slug":"dog-tennis-ball","status":"publish","type":"product","link":"https:\/\/qqpets.com\/et\/toode\/dog-tennis-ball\/","title":{"rendered":"Koera tennisepall"},"content":{"rendered":"<p>Tutvustame \u00fclimat valikut ettev\u00f5tetele, kes soovivad t\u00f5sta oma br\u00e4ndi kohalolekut lemmikloomat\u00f6\u00f6stuses: meie kohandatavad koerte tennisepallid. Iga pall on valmistatud tugevast kummist s\u00fcdamikuga ja pehme vildist v\u00e4lispinnaga, mis tagab pikaealisuse ja \u00f5rna puudutuse teie lemmiklooma hammastele ja igemetele. Meie ainulaadne materjalisegu ei tee neid mitte ainult vastupidavaks ja veekindlaks, vaid v\u00f5imaldab ka teie logo v\u00f5i kujunduse elavat ja p\u00fcsivat eritr\u00fckki.<\/p>\n<p><strong>Peamised omadused:<\/strong><\/p>\n<ul>\n<li><strong>Vastupidavus<\/strong>: Need pallid on valmistatud paksu kummist p\u00f5iega ja kaetud kvaliteetse vildiga, mis on loodud nii, et need kestavad iga noppimise, viskamise ja m\u00e4ngu ajal.<\/li>\n<li><strong>Kohandamine<\/strong>: Paku ainulaadset turundusvahendit, kohandades neid tennisepalle oma ettev\u00f5tte logo, loosungi v\u00f5i mis tahes soovitud mustriga. Sobib suurep\u00e4raselt firma\u00fcrituste, kingituste v\u00f5i lemmikloomapoodide kaubaartiklite jaoks.<\/li>\n<li><strong>Esmaj\u00e4rjekorras ohutus<\/strong>: Valmistatud mitteabrasiivsetest materjalidest, mis on hammaste ja igemete suhtes \u00f5rnad, tagades ohutu m\u00e4ngimise.<\/li>\n<li><strong>N\u00e4htavus<\/strong>: Saadaval mitmes erksas v\u00e4rvitoonis, et neid oleks lihtne leida, olenemata sellest, kas m\u00e4ngite pargis v\u00f5i tagahoovis.<\/li>\n<li><strong>Mitmek\u00fclgne kasutamine<\/strong>: Ideaalne treenimiseks, m\u00e4ngimiseks v\u00f5i lihtsalt selleks, et anda oma neljajalgsetele klientidele p\u00f5hjus aktiivseks ja \u00f5nnelikuks olemiseks.<\/li>\n<\/ul>\n<p><strong>Ideaalne \u00e4rikasutuseks:<\/strong> Meie koeratennisepallid, mis on valmistatud spetsiaalselt br\u00e4ndi reklaamimiseks, v\u00f5ivad olla suurep\u00e4rane reklaamkingitus, mis hoiab teie br\u00e4ndi silmapaistvalt n\u00e4htaval. Avaldage klientidele muljet l\u00e4bim\u00f5eldud, l\u00f5busa ja praktilise tootega, mis toob r\u00f5\u00f5mu oma lemmikloomade omanikele.<\/p>\n<p>Tellige kohe ja andke oma reklaami\u00fcritustele m\u00e4nguline ja kaasahaarav t\u00f5uge meie kohandatavate koerte tennisepallidega. Varustage oma ettev\u00f5te tootega, mis peegeldab kvaliteeti, l\u00f5busust ja kirge lemmikloomade vastu.<\/p>\n<h5>KKK koerte tennisepalli kohta<\/h5>\n<ul>\n<li data-immersive-translate-walked=\"9ff19424-33db-446d-ad13-30d4deb7ee4f\">\n<p data-immersive-translate-walked=\"9ff19424-33db-446d-ad13-30d4deb7ee4f\" data-immersive-translate-paragraph=\"1\"><strong data-immersive-translate-walked=\"9ff19424-33db-446d-ad13-30d4deb7ee4f\" data-immersive-translate-paragraph=\"1\">Kas koertele v\u00f5ib anda tennisepalle?<\/strong><br data-immersive-translate-walked=\"9ff19424-33db-446d-ad13-30d4deb7ee4f\" \/>Jah, kuid tavalised tennisepallid v\u00f5ivad aja jooksul koera hambad \u00e4ra kulutada, seega on parem kasutada koertele m\u00f5eldud tennisepalle, mis on valmistatud ohutumast materjalist.<\/p>\n<\/li>\n<li data-immersive-translate-walked=\"9ff19424-33db-446d-ad13-30d4deb7ee4f\">\n<p data-immersive-translate-walked=\"9ff19424-33db-446d-ad13-30d4deb7ee4f\" data-immersive-translate-paragraph=\"1\"><strong data-immersive-translate-walked=\"9ff19424-33db-446d-ad13-30d4deb7ee4f\" data-immersive-translate-paragraph=\"1\">Kas koerte tennisepallid ja tavalised tennisepallid on erinevad?<\/strong><br data-immersive-translate-walked=\"9ff19424-33db-446d-ad13-30d4deb7ee4f\" \/>Jah, koerte tennisepallid on valmistatud mitteabrasiivsetest materjalidest, samas kui tavalised tennisepallid v\u00f5ivad olla koera hammastele karmid ja sisaldada kahjulikke kemikaale.<\/p>\n<\/li>\n<li data-immersive-translate-walked=\"9ff19424-33db-446d-ad13-30d4deb7ee4f\">\n<p data-immersive-translate-walked=\"9ff19424-33db-446d-ad13-30d4deb7ee4f\" data-immersive-translate-paragraph=\"1\"><strong data-immersive-translate-walked=\"9ff19424-33db-446d-ad13-30d4deb7ee4f\" data-immersive-translate-paragraph=\"1\">Miks koertele tennisepallid nii v\u00e4ga meeldivad?<\/strong><br data-immersive-translate-walked=\"9ff19424-33db-446d-ad13-30d4deb7ee4f\" \/>Koerad armastavad tennisepalle, sest need on p\u00f5rgatavad, neid on lihtne taga ajada ja need \u00e4ratavad nende saagijanu, mist\u00f5ttu on neid l\u00f5bus noppida ja n\u00e4rida.<\/p>\n<\/li>\n<li data-immersive-translate-walked=\"9ff19424-33db-446d-ad13-30d4deb7ee4f\">\n<p data-immersive-translate-walked=\"9ff19424-33db-446d-ad13-30d4deb7ee4f\" data-immersive-translate-paragraph=\"1\"><strong data-immersive-translate-walked=\"9ff19424-33db-446d-ad13-30d4deb7ee4f\" data-immersive-translate-paragraph=\"1\">Milline on alternatiiv tennisepallile koertele?<\/strong><br data-immersive-translate-walked=\"9ff19424-33db-446d-ad13-30d4deb7ee4f\" \/>Alternatiivideks on n\u00e4iteks kummist nuputamispallid, vinguvad m\u00e4nguasjad v\u00f5i k\u00f6iega m\u00e4nguasjad, mis on vastupidavad ja millega koerad saavad turvaliselt m\u00e4ngida.<\/p>\n<\/li>\n<\/ul>","protected":false},"excerpt":{"rendered":"<p>Andke oma lemmiklooma m\u00e4ngule energiat meie koerte tennisepallidega, mis on loodud vastupidavuse ja ohutuse tagamiseks. Need pallid on saadaval erksates v\u00e4rvides, tagavad hea n\u00e4htavuse ja on valmistatud mittetoksilistest materjalidest, et tagada teie lemmikloomade suurim ohutus. Kohandage need pallid oma kaubam\u00e4rgi logo v\u00f5i unikaalsete mustritega, muutes iga viske teie ettev\u00f5tte esinduseks. Need tennisepallid sobivad ideaalselt interaktiivseks m\u00e4nguks, treeninguks v\u00f5i reklaamiartikliteks ning on valmistatud nii, et need peavad vastu nii entusiastliku m\u00e4ngu kui ka v\u00e4litingimustes toimuvale pingutusele.<\/p>","protected":false},"featured_media":8628,"template":"","meta":[],"product_brand":[],"product_cat":[58],"product_tag":[],"class_list":{"0":"post-8636","1":"product","2":"type-product","3":"status-publish","4":"has-post-thumbnail","6":"product_cat-accessories","8":"first","9":"instock","10":"shipping-taxable","11":"product-type-simple"},"yoast_head":"<!-- This site is optimized with the Yoast SEO plugin v26.6 - https:\/\/yoast.com\/wordpress\/plugins\/seo\/ -->\n<title>Dog Tennis Ball | QQPETS<\/title>\n<meta name=\"description\" content=\"Customizable Dog Tennis Balls for active play \u2014 perfect for training and fun!\" \/>\n<meta name=\"robots\" content=\"index, follow, max-snippet:-1, max-image-preview:large, max-video-preview:-1\" \/>\n<link rel=\"canonical\" href=\"https:\/\/qqpets.com\/et\/toode\/dog-tennis-ball\/\" \/>\n<meta property=\"og:locale\" content=\"et_EE\" \/>\n<meta property=\"og:type\" content=\"article\" \/>\n<meta property=\"og:title\" content=\"Dog Tennis Ball | QQPETS\" \/>\n<meta property=\"og:description\" content=\"Customizable Dog Tennis Balls for active play \u2014 perfect for training and fun!\" \/>\n<meta property=\"og:url\" content=\"https:\/\/qqpets.com\/et\/toode\/dog-tennis-ball\/\" \/>\n<meta property=\"og:site_name\" content=\"QQPETS\" \/>\n<meta property=\"article:publisher\" content=\"https:\/\/www.facebook.com\/QQpetsdogcollars\" \/>\n<meta property=\"article:modified_time\" content=\"2024-11-14T03:46:25+00:00\" \/>\n<meta property=\"og:image\" content=\"https:\/\/qqpets.com\/wp-content\/uploads\/2024\/10\/dog-tennis-ball1.webp\" \/>\n\t<meta property=\"og:image:width\" content=\"1000\" \/>\n\t<meta property=\"og:image:height\" content=\"1000\" \/>\n\t<meta property=\"og:image:type\" content=\"image\/webp\" \/>\n<meta name=\"twitter:card\" content=\"summary_large_image\" \/>\n<meta name=\"twitter:label1\" content=\"Est. reading time\" \/>\n\t<meta name=\"twitter:data1\" content=\"2 minutit\" \/>\n<script type=\"application\/ld+json\" class=\"yoast-schema-graph\">{\"@context\":\"https:\/\/schema.org\",\"@graph\":[{\"@type\":\"WebPage\",\"@id\":\"https:\/\/qqpets.com\/product\/dog-tennis-ball\/\",\"url\":\"https:\/\/qqpets.com\/product\/dog-tennis-ball\/\",\"name\":\"Dog Tennis Ball | QQPETS\",\"isPartOf\":{\"@id\":\"https:\/\/qqpets.com\/#website\"},\"primaryImageOfPage\":{\"@id\":\"https:\/\/qqpets.com\/product\/dog-tennis-ball\/#primaryimage\"},\"image\":{\"@id\":\"https:\/\/qqpets.com\/product\/dog-tennis-ball\/#primaryimage\"},\"thumbnailUrl\":\"https:\/\/qqpets.com\/wp-content\/uploads\/2024\/10\/dog-tennis-ball1.webp\",\"datePublished\":\"2024-10-17T02:34:30+00:00\",\"dateModified\":\"2024-11-14T03:46:25+00:00\",\"description\":\"Customizable Dog Tennis Balls for active play \u2014 perfect for training and fun!\",\"breadcrumb\":{\"@id\":\"https:\/\/qqpets.com\/product\/dog-tennis-ball\/#breadcrumb\"},\"inLanguage\":\"et\",\"potentialAction\":[{\"@type\":\"ReadAction\",\"target\":[\"https:\/\/qqpets.com\/product\/dog-tennis-ball\/\"]}]},{\"@type\":\"ImageObject\",\"inLanguage\":\"et\",\"@id\":\"https:\/\/qqpets.com\/product\/dog-tennis-ball\/#primaryimage\",\"url\":\"https:\/\/qqpets.com\/wp-content\/uploads\/2024\/10\/dog-tennis-ball1.webp\",\"contentUrl\":\"https:\/\/qqpets.com\/wp-content\/uploads\/2024\/10\/dog-tennis-ball1.webp\",\"width\":1000,\"height\":1000},{\"@type\":\"BreadcrumbList\",\"@id\":\"https:\/\/qqpets.com\/product\/dog-tennis-ball\/#breadcrumb\",\"itemListElement\":[{\"@type\":\"ListItem\",\"position\":1,\"name\":\"Home\",\"item\":\"https:\/\/qqpets.com\/\"},{\"@type\":\"ListItem\",\"position\":2,\"name\":\"Products\",\"item\":\"https:\/\/qqpets.com\/pet-products-manufacturer\/\"},{\"@type\":\"ListItem\",\"position\":3,\"name\":\"Dog Tennis Ball\"}]},{\"@type\":\"WebSite\",\"@id\":\"https:\/\/qqpets.com\/#website\",\"url\":\"https:\/\/qqpets.com\/\",\"name\":\"QQPETS\",\"description\":\"QQPETS is a pet products factory for dog harnesses, dog collars, dog leashes and dog accessories with professional customized service since 2005.\",\"publisher\":{\"@id\":\"https:\/\/qqpets.com\/#organization\"},\"potentialAction\":[{\"@type\":\"SearchAction\",\"target\":{\"@type\":\"EntryPoint\",\"urlTemplate\":\"https:\/\/qqpets.com\/?s={search_term_string}\"},\"query-input\":{\"@type\":\"PropertyValueSpecification\",\"valueRequired\":true,\"valueName\":\"search_term_string\"}}],\"inLanguage\":\"et\"},{\"@type\":\"Organization\",\"@id\":\"https:\/\/qqpets.com\/#organization\",\"name\":\"QQPETS\",\"url\":\"https:\/\/qqpets.com\/\",\"logo\":{\"@type\":\"ImageObject\",\"inLanguage\":\"et\",\"@id\":\"https:\/\/qqpets.com\/#\/schema\/logo\/image\/\",\"url\":\"https:\/\/qqpets.com\/wp-content\/uploads\/2023\/09\/cropped-cropped-qqpets-tiktok.jpg\",\"contentUrl\":\"https:\/\/qqpets.com\/wp-content\/uploads\/2023\/09\/cropped-cropped-qqpets-tiktok.jpg\",\"width\":511,\"height\":511,\"caption\":\"QQPETS\"},\"image\":{\"@id\":\"https:\/\/qqpets.com\/#\/schema\/logo\/image\/\"},\"sameAs\":[\"https:\/\/www.facebook.com\/QQpetsdogcollars\",\"https:\/\/www.instagram.com\/qqpetscollar\/\",\"https:\/\/www.pinterest.com\/qqpetsdogcollarsfactory\/\"]}]}<\/script>\n<!-- \/ Yoast SEO plugin. -->","yoast_head_json":{"title":"Koera tennisepall | QQPETS","description":"Kohandatavad koerte tennisepallid aktiivseks m\u00e4nguks - ideaalsed treeninguks ja l\u00f5buks!","robots":{"index":"index","follow":"follow","max-snippet":"max-snippet:-1","max-image-preview":"max-image-preview:large","max-video-preview":"max-video-preview:-1"},"canonical":"https:\/\/qqpets.com\/et\/toode\/dog-tennis-ball\/","og_locale":"et_EE","og_type":"article","og_title":"Dog Tennis Ball | QQPETS","og_description":"Customizable Dog Tennis Balls for active play \u2014 perfect for training and fun!","og_url":"https:\/\/qqpets.com\/et\/toode\/dog-tennis-ball\/","og_site_name":"QQPETS","article_publisher":"https:\/\/www.facebook.com\/QQpetsdogcollars","article_modified_time":"2024-11-14T03:46:25+00:00","og_image":[{"width":1000,"height":1000,"url":"https:\/\/qqpets.com\/wp-content\/uploads\/2024\/10\/dog-tennis-ball1.webp","type":"image\/webp"}],"twitter_card":"summary_large_image","twitter_misc":{"Est. reading time":"2 minutit"},"schema":{"@context":"https:\/\/schema.org","@graph":[{"@type":"WebPage","@id":"https:\/\/qqpets.com\/product\/dog-tennis-ball\/","url":"https:\/\/qqpets.com\/product\/dog-tennis-ball\/","name":"Koera tennisepall | QQPETS","isPartOf":{"@id":"https:\/\/qqpets.com\/#website"},"primaryImageOfPage":{"@id":"https:\/\/qqpets.com\/product\/dog-tennis-ball\/#primaryimage"},"image":{"@id":"https:\/\/qqpets.com\/product\/dog-tennis-ball\/#primaryimage"},"thumbnailUrl":"https:\/\/qqpets.com\/wp-content\/uploads\/2024\/10\/dog-tennis-ball1.webp","datePublished":"2024-10-17T02:34:30+00:00","dateModified":"2024-11-14T03:46:25+00:00","description":"Kohandatavad koerte tennisepallid aktiivseks m\u00e4nguks - ideaalsed treeninguks ja l\u00f5buks!","breadcrumb":{"@id":"https:\/\/qqpets.com\/product\/dog-tennis-ball\/#breadcrumb"},"inLanguage":"et","potentialAction":[{"@type":"ReadAction","target":["https:\/\/qqpets.com\/product\/dog-tennis-ball\/"]}]},{"@type":"ImageObject","inLanguage":"et","@id":"https:\/\/qqpets.com\/product\/dog-tennis-ball\/#primaryimage","url":"https:\/\/qqpets.com\/wp-content\/uploads\/2024\/10\/dog-tennis-ball1.webp","contentUrl":"https:\/\/qqpets.com\/wp-content\/uploads\/2024\/10\/dog-tennis-ball1.webp","width":1000,"height":1000},{"@type":"BreadcrumbList","@id":"https:\/\/qqpets.com\/product\/dog-tennis-ball\/#breadcrumb","itemListElement":[{"@type":"ListItem","position":1,"name":"Home","item":"https:\/\/qqpets.com\/"},{"@type":"ListItem","position":2,"name":"Products","item":"https:\/\/qqpets.com\/pet-products-manufacturer\/"},{"@type":"ListItem","position":3,"name":"Dog Tennis Ball"}]},{"@type":"WebSite","@id":"https:\/\/qqpets.com\/#website","url":"https:\/\/qqpets.com\/","name":"QQPETS","description":"QQPETS on lemmikloomatoodete tehas koerte rakmete, koerte kaelarihmade, koerte rihmade ja koerte tarvikute jaoks, mis pakub professionaalset kohandatud teenust alates 2005. aastast.","publisher":{"@id":"https:\/\/qqpets.com\/#organization"},"potentialAction":[{"@type":"SearchAction","target":{"@type":"EntryPoint","urlTemplate":"https:\/\/qqpets.com\/?s={search_term_string}"},"query-input":{"@type":"PropertyValueSpecification","valueRequired":true,"valueName":"search_term_string"}}],"inLanguage":"et"},{"@type":"Organization","@id":"https:\/\/qqpets.com\/#organization","name":"QQPETS","url":"https:\/\/qqpets.com\/","logo":{"@type":"ImageObject","inLanguage":"et","@id":"https:\/\/qqpets.com\/#\/schema\/logo\/image\/","url":"https:\/\/qqpets.com\/wp-content\/uploads\/2023\/09\/cropped-cropped-qqpets-tiktok.jpg","contentUrl":"https:\/\/qqpets.com\/wp-content\/uploads\/2023\/09\/cropped-cropped-qqpets-tiktok.jpg","width":511,"height":511,"caption":"QQPETS"},"image":{"@id":"https:\/\/qqpets.com\/#\/schema\/logo\/image\/"},"sameAs":["https:\/\/www.facebook.com\/QQpetsdogcollars","https:\/\/www.instagram.com\/qqpetscollar\/","https:\/\/www.pinterest.com\/qqpetsdogcollarsfactory\/"]}]}},"_links":{"self":[{"href":"https:\/\/qqpets.com\/et\/wp-json\/wp\/v2\/product\/8636","targetHints":{"allow":["GET"]}}],"collection":[{"href":"https:\/\/qqpets.com\/et\/wp-json\/wp\/v2\/product"}],"about":[{"href":"https:\/\/qqpets.com\/et\/wp-json\/wp\/v2\/types\/product"}],"wp:featuredmedia":[{"embeddable":true,"href":"https:\/\/qqpets.com\/et\/wp-json\/wp\/v2\/media\/8628"}],"wp:attachment":[{"href":"https:\/\/qqpets.com\/et\/wp-json\/wp\/v2\/media?parent=8636"}],"wp:term":[{"taxonomy":"product_brand","embeddable":true,"href":"https:\/\/qqpets.com\/et\/wp-json\/wp\/v2\/product_brand?post=8636"},{"taxonomy":"product_cat","embeddable":true,"href":"https:\/\/qqpets.com\/et\/wp-json\/wp\/v2\/product_cat?post=8636"},{"taxonomy":"product_tag","embeddable":true,"href":"https:\/\/qqpets.com\/et\/wp-json\/wp\/v2\/product_tag?post=8636"}],"curies":[{"name":"wp","href":"https:\/\/api.w.org\/{rel}","templated":true}]}}