{"id":9261,"date":"2024-11-13T16:07:37","date_gmt":"2024-11-13T08:07:37","guid":{"rendered":"https:\/\/qqpets.com\/?post_type=product&#038;p=9261"},"modified":"2024-11-13T16:07:37","modified_gmt":"2024-11-13T08:07:37","slug":"pvc-poop-bag-holder","status":"publish","type":"product","link":"https:\/\/qqpets.com\/et\/toode\/pvc-poop-bag-holder\/","title":{"rendered":"PVC kaka koti hoidja"},"content":{"rendered":"<p>PVC kakatekoti hoidja on kohustuslik aksessuaar lemmikloomaomanikele, kes hindavad nii stiili kui ka funktsionaalsust. See vastupidavast ja keskkonnas\u00f5bralikust PVC-materjalist valmistatud kotihoidja on loodud nii, et see peab vastu igap\u00e4evasele kasutamisele, olles samas kerge ja kergesti kaasaskantav. Selle veekindel ja kergesti puhastatav pind tagab, et see j\u00e4\u00e4b h\u00fcgieeniliseks ja praktiliseks iga ilmaga, mist\u00f5ttu sobib see ideaalselt lemmikloomadega v\u00e4ljas toimuvateks seiklusteks.<\/p>\n<p>Mugavust silmas pidades loodud kotihoidja kinnitub h\u00f5lpsasti rihmade, rakmete, kottide v\u00f5i v\u00f6\u00f6de k\u00fclge, hoides j\u00e4\u00e4tmekotid kiiresti k\u00e4eulatuses. Kompaktne ja elegantne disain v\u00f5imaldab loomaomanikel seda h\u00f5lpsasti kaasas kanda, samal ajal kui turvaline sulgemine hoiab kotid turvaliselt hoitud kuni nende vajaminevaks muutumiseni.<\/p>\n<p>See PVC kaka kotihoidja pakub l\u00f5putuid kohandamisv\u00f5imalusi. Toetame kohandatud logo ja mustri tr\u00fckkimist, mis v\u00f5imaldab lemmikloomade kaubam\u00e4rkidel isikup\u00e4rastada hoidja br\u00e4ndielementidega, mis teevad avalduse. Olenemata sellest, kas olete lemmikloomapood, veebim\u00fc\u00fcja v\u00f5i turustaja, pakub see kohandatav hoidja ainulaadset, br\u00e4nditavat lahendust, mis leiab vastukaja kaasaegsete lemmikloomaomanike seas, kes otsivad funktsionaalseid, kuid stiilseid aksessuaare. Laiendage oma tootesarja suure n\u00f5udlusega praktilise esemega, mis toob teie kaubam\u00e4rgile v\u00e4\u00e4rtust ja n\u00e4htavust.<\/p>","protected":false},"excerpt":{"rendered":"<p>Meie PVC kaka kotihoidja \u00fchendab endas vastupidavuse, mugavuse ja kohandamise lemmikloomam\u00e4rkide jaoks, kes soovivad pakkuda praktilisi lahendusi lemmikloomade j\u00e4\u00e4tmete k\u00f5rvaldamiseks. Kvaliteetsest PVC-st valmistatud kotihoidja on kerge, veekindel ja kergesti puhastatav. See kinnitub kindlalt rihmade, rakmete v\u00f5i kottide k\u00fclge, tagades lemmikloomaomanikele jalutusk\u00e4ikudel kergesti k\u00e4ttesaadavate j\u00e4\u00e4tmekottide olemasolu. Ideaalne B2B-klientidele, seda hoidikut saab kohandada logode ja ainulaadsete mustritega, mis suurendab br\u00e4ndi n\u00e4htavust. Ideaalne lemmikloomapoodidele, veebip\u00f5histele jaem\u00fc\u00fcjatele ja hulgim\u00fc\u00fcjatele, kelle eesm\u00e4rk on pakkuda oma klientidele funktsionaalset ja samas stiilset toodet.<\/p>","protected":false},"featured_media":9262,"template":"","meta":[],"product_brand":[],"product_cat":[58],"product_tag":[],"class_list":{"0":"post-9261","1":"product","2":"type-product","3":"status-publish","4":"has-post-thumbnail","6":"product_cat-accessories","8":"first","9":"instock","10":"shipping-taxable","11":"product-type-simple"},"yoast_head":"<!-- This site is optimized with the Yoast SEO plugin v26.6 - https:\/\/yoast.com\/wordpress\/plugins\/seo\/ -->\n<title>PVC Poop Bag Holder | QQPETS<\/title>\n<meta name=\"description\" content=\"Durable and stylish PVC Poop Bag Holder for pet waste bags. Ideal for B2B buyers seeking custom logos and patterns. Practical, easy-to-carry design for pet owners.\" \/>\n<meta name=\"robots\" content=\"index, follow, max-snippet:-1, max-image-preview:large, max-video-preview:-1\" \/>\n<link rel=\"canonical\" href=\"https:\/\/qqpets.com\/et\/toode\/pvc-poop-bag-holder\/\" \/>\n<meta property=\"og:locale\" content=\"et_EE\" \/>\n<meta property=\"og:type\" content=\"article\" \/>\n<meta property=\"og:title\" content=\"PVC Poop Bag Holder | QQPETS\" \/>\n<meta property=\"og:description\" content=\"Durable and stylish PVC Poop Bag Holder for pet waste bags. Ideal for B2B buyers seeking custom logos and patterns. Practical, easy-to-carry design for pet owners.\" \/>\n<meta property=\"og:url\" content=\"https:\/\/qqpets.com\/et\/toode\/pvc-poop-bag-holder\/\" \/>\n<meta property=\"og:site_name\" content=\"QQPETS\" \/>\n<meta property=\"article:publisher\" content=\"https:\/\/www.facebook.com\/QQpetsdogcollars\" \/>\n<meta property=\"og:image\" content=\"https:\/\/qqpets.com\/wp-content\/uploads\/2024\/11\/1.webp\" \/>\n\t<meta property=\"og:image:width\" content=\"800\" \/>\n\t<meta property=\"og:image:height\" content=\"800\" \/>\n\t<meta property=\"og:image:type\" content=\"image\/webp\" \/>\n<meta name=\"twitter:card\" content=\"summary_large_image\" \/>\n<meta name=\"twitter:label1\" content=\"Est. reading time\" \/>\n\t<meta name=\"twitter:data1\" content=\"1 minut\" \/>\n<script type=\"application\/ld+json\" class=\"yoast-schema-graph\">{\"@context\":\"https:\/\/schema.org\",\"@graph\":[{\"@type\":\"WebPage\",\"@id\":\"https:\/\/qqpets.com\/product\/pvc-poop-bag-holder\/\",\"url\":\"https:\/\/qqpets.com\/product\/pvc-poop-bag-holder\/\",\"name\":\"PVC Poop Bag Holder | QQPETS\",\"isPartOf\":{\"@id\":\"https:\/\/qqpets.com\/#website\"},\"primaryImageOfPage\":{\"@id\":\"https:\/\/qqpets.com\/product\/pvc-poop-bag-holder\/#primaryimage\"},\"image\":{\"@id\":\"https:\/\/qqpets.com\/product\/pvc-poop-bag-holder\/#primaryimage\"},\"thumbnailUrl\":\"https:\/\/qqpets.com\/wp-content\/uploads\/2024\/11\/1.webp\",\"datePublished\":\"2024-11-13T08:07:37+00:00\",\"description\":\"Durable and stylish PVC Poop Bag Holder for pet waste bags. Ideal for B2B buyers seeking custom logos and patterns. Practical, easy-to-carry design for pet owners.\",\"breadcrumb\":{\"@id\":\"https:\/\/qqpets.com\/product\/pvc-poop-bag-holder\/#breadcrumb\"},\"inLanguage\":\"et\",\"potentialAction\":[{\"@type\":\"ReadAction\",\"target\":[\"https:\/\/qqpets.com\/product\/pvc-poop-bag-holder\/\"]}]},{\"@type\":\"ImageObject\",\"inLanguage\":\"et\",\"@id\":\"https:\/\/qqpets.com\/product\/pvc-poop-bag-holder\/#primaryimage\",\"url\":\"https:\/\/qqpets.com\/wp-content\/uploads\/2024\/11\/1.webp\",\"contentUrl\":\"https:\/\/qqpets.com\/wp-content\/uploads\/2024\/11\/1.webp\",\"width\":800,\"height\":800},{\"@type\":\"BreadcrumbList\",\"@id\":\"https:\/\/qqpets.com\/product\/pvc-poop-bag-holder\/#breadcrumb\",\"itemListElement\":[{\"@type\":\"ListItem\",\"position\":1,\"name\":\"Home\",\"item\":\"https:\/\/qqpets.com\/\"},{\"@type\":\"ListItem\",\"position\":2,\"name\":\"Products\",\"item\":\"https:\/\/qqpets.com\/pet-products-manufacturer\/\"},{\"@type\":\"ListItem\",\"position\":3,\"name\":\"PVC Poop Bag Holder\"}]},{\"@type\":\"WebSite\",\"@id\":\"https:\/\/qqpets.com\/#website\",\"url\":\"https:\/\/qqpets.com\/\",\"name\":\"QQPETS\",\"description\":\"QQPETS is a pet products factory for dog harnesses, dog collars, dog leashes and dog accessories with professional customized service since 2005.\",\"publisher\":{\"@id\":\"https:\/\/qqpets.com\/#organization\"},\"potentialAction\":[{\"@type\":\"SearchAction\",\"target\":{\"@type\":\"EntryPoint\",\"urlTemplate\":\"https:\/\/qqpets.com\/?s={search_term_string}\"},\"query-input\":{\"@type\":\"PropertyValueSpecification\",\"valueRequired\":true,\"valueName\":\"search_term_string\"}}],\"inLanguage\":\"et\"},{\"@type\":\"Organization\",\"@id\":\"https:\/\/qqpets.com\/#organization\",\"name\":\"QQPETS\",\"url\":\"https:\/\/qqpets.com\/\",\"logo\":{\"@type\":\"ImageObject\",\"inLanguage\":\"et\",\"@id\":\"https:\/\/qqpets.com\/#\/schema\/logo\/image\/\",\"url\":\"https:\/\/qqpets.com\/wp-content\/uploads\/2023\/09\/cropped-cropped-qqpets-tiktok.jpg\",\"contentUrl\":\"https:\/\/qqpets.com\/wp-content\/uploads\/2023\/09\/cropped-cropped-qqpets-tiktok.jpg\",\"width\":511,\"height\":511,\"caption\":\"QQPETS\"},\"image\":{\"@id\":\"https:\/\/qqpets.com\/#\/schema\/logo\/image\/\"},\"sameAs\":[\"https:\/\/www.facebook.com\/QQpetsdogcollars\",\"https:\/\/www.instagram.com\/qqpetscollar\/\",\"https:\/\/www.pinterest.com\/qqpetsdogcollarsfactory\/\"]}]}<\/script>\n<!-- \/ Yoast SEO plugin. -->","yoast_head_json":{"title":"PVC kaka kotihoidja | QQPETS","description":"Vastupidav ja stiilne PVC Kakakoti hoidja lemmikloomade j\u00e4\u00e4tmekottidele. Ideaalne B2B ostjatele, kes otsivad kohandatud logosid ja mustreid. Praktiline, kergesti kaasaskantav disain lemmikloomaomanikele.","robots":{"index":"index","follow":"follow","max-snippet":"max-snippet:-1","max-image-preview":"max-image-preview:large","max-video-preview":"max-video-preview:-1"},"canonical":"https:\/\/qqpets.com\/et\/toode\/pvc-poop-bag-holder\/","og_locale":"et_EE","og_type":"article","og_title":"PVC Poop Bag Holder | QQPETS","og_description":"Durable and stylish PVC Poop Bag Holder for pet waste bags. Ideal for B2B buyers seeking custom logos and patterns. Practical, easy-to-carry design for pet owners.","og_url":"https:\/\/qqpets.com\/et\/toode\/pvc-poop-bag-holder\/","og_site_name":"QQPETS","article_publisher":"https:\/\/www.facebook.com\/QQpetsdogcollars","og_image":[{"width":800,"height":800,"url":"https:\/\/qqpets.com\/wp-content\/uploads\/2024\/11\/1.webp","type":"image\/webp"}],"twitter_card":"summary_large_image","twitter_misc":{"Est. reading time":"1 minut"},"schema":{"@context":"https:\/\/schema.org","@graph":[{"@type":"WebPage","@id":"https:\/\/qqpets.com\/product\/pvc-poop-bag-holder\/","url":"https:\/\/qqpets.com\/product\/pvc-poop-bag-holder\/","name":"PVC kaka kotihoidja | QQPETS","isPartOf":{"@id":"https:\/\/qqpets.com\/#website"},"primaryImageOfPage":{"@id":"https:\/\/qqpets.com\/product\/pvc-poop-bag-holder\/#primaryimage"},"image":{"@id":"https:\/\/qqpets.com\/product\/pvc-poop-bag-holder\/#primaryimage"},"thumbnailUrl":"https:\/\/qqpets.com\/wp-content\/uploads\/2024\/11\/1.webp","datePublished":"2024-11-13T08:07:37+00:00","description":"Vastupidav ja stiilne PVC Kakakoti hoidja lemmikloomade j\u00e4\u00e4tmekottidele. Ideaalne B2B ostjatele, kes otsivad kohandatud logosid ja mustreid. Praktiline, kergesti kaasaskantav disain lemmikloomaomanikele.","breadcrumb":{"@id":"https:\/\/qqpets.com\/product\/pvc-poop-bag-holder\/#breadcrumb"},"inLanguage":"et","potentialAction":[{"@type":"ReadAction","target":["https:\/\/qqpets.com\/product\/pvc-poop-bag-holder\/"]}]},{"@type":"ImageObject","inLanguage":"et","@id":"https:\/\/qqpets.com\/product\/pvc-poop-bag-holder\/#primaryimage","url":"https:\/\/qqpets.com\/wp-content\/uploads\/2024\/11\/1.webp","contentUrl":"https:\/\/qqpets.com\/wp-content\/uploads\/2024\/11\/1.webp","width":800,"height":800},{"@type":"BreadcrumbList","@id":"https:\/\/qqpets.com\/product\/pvc-poop-bag-holder\/#breadcrumb","itemListElement":[{"@type":"ListItem","position":1,"name":"Home","item":"https:\/\/qqpets.com\/"},{"@type":"ListItem","position":2,"name":"Products","item":"https:\/\/qqpets.com\/pet-products-manufacturer\/"},{"@type":"ListItem","position":3,"name":"PVC Poop Bag Holder"}]},{"@type":"WebSite","@id":"https:\/\/qqpets.com\/#website","url":"https:\/\/qqpets.com\/","name":"QQPETS","description":"QQPETS on lemmikloomatoodete tehas koerte rakmete, koerte kaelarihmade, koerte rihmade ja koerte tarvikute jaoks, mis pakub professionaalset kohandatud teenust alates 2005. aastast.","publisher":{"@id":"https:\/\/qqpets.com\/#organization"},"potentialAction":[{"@type":"SearchAction","target":{"@type":"EntryPoint","urlTemplate":"https:\/\/qqpets.com\/?s={search_term_string}"},"query-input":{"@type":"PropertyValueSpecification","valueRequired":true,"valueName":"search_term_string"}}],"inLanguage":"et"},{"@type":"Organization","@id":"https:\/\/qqpets.com\/#organization","name":"QQPETS","url":"https:\/\/qqpets.com\/","logo":{"@type":"ImageObject","inLanguage":"et","@id":"https:\/\/qqpets.com\/#\/schema\/logo\/image\/","url":"https:\/\/qqpets.com\/wp-content\/uploads\/2023\/09\/cropped-cropped-qqpets-tiktok.jpg","contentUrl":"https:\/\/qqpets.com\/wp-content\/uploads\/2023\/09\/cropped-cropped-qqpets-tiktok.jpg","width":511,"height":511,"caption":"QQPETS"},"image":{"@id":"https:\/\/qqpets.com\/#\/schema\/logo\/image\/"},"sameAs":["https:\/\/www.facebook.com\/QQpetsdogcollars","https:\/\/www.instagram.com\/qqpetscollar\/","https:\/\/www.pinterest.com\/qqpetsdogcollarsfactory\/"]}]}},"_links":{"self":[{"href":"https:\/\/qqpets.com\/et\/wp-json\/wp\/v2\/product\/9261","targetHints":{"allow":["GET"]}}],"collection":[{"href":"https:\/\/qqpets.com\/et\/wp-json\/wp\/v2\/product"}],"about":[{"href":"https:\/\/qqpets.com\/et\/wp-json\/wp\/v2\/types\/product"}],"wp:featuredmedia":[{"embeddable":true,"href":"https:\/\/qqpets.com\/et\/wp-json\/wp\/v2\/media\/9262"}],"wp:attachment":[{"href":"https:\/\/qqpets.com\/et\/wp-json\/wp\/v2\/media?parent=9261"}],"wp:term":[{"taxonomy":"product_brand","embeddable":true,"href":"https:\/\/qqpets.com\/et\/wp-json\/wp\/v2\/product_brand?post=9261"},{"taxonomy":"product_cat","embeddable":true,"href":"https:\/\/qqpets.com\/et\/wp-json\/wp\/v2\/product_cat?post=9261"},{"taxonomy":"product_tag","embeddable":true,"href":"https:\/\/qqpets.com\/et\/wp-json\/wp\/v2\/product_tag?post=9261"}],"curies":[{"name":"wp","href":"https:\/\/api.w.org\/{rel}","templated":true}]}}