{"id":9274,"date":"2024-11-13T16:34:37","date_gmt":"2024-11-13T08:34:37","guid":{"rendered":"https:\/\/qqpets.com\/?post_type=product&#038;p=9274"},"modified":"2024-11-13T16:34:37","modified_gmt":"2024-11-13T08:34:37","slug":"airtag-case","status":"publish","type":"product","link":"https:\/\/qqpets.com\/et\/toode\/airtag-case\/","title":{"rendered":"Airtag juhtum"},"content":{"rendered":"<div class=\"flex max-w-full flex-col flex-grow\">\n<div class=\"min-h-8 text-message flex w-full flex-col items-end gap-2 whitespace-normal break-words [.text-message+&amp;]:mt-5\" dir=\"auto\" data-message-author-role=\"assistant\" data-message-id=\"5a8d3cc2-3aba-4188-9db9-4e1649d566c0\" data-message-model-slug=\"gpt-4o\">\n<div class=\"flex w-full flex-col gap-1 empty:hidden first:pt-[3px]\">\n<div class=\"markdown prose w-full break-words dark:prose-invert light\">\n<p>Airtag Case on h\u00e4davajalik lemmikloomaomanikele, kes soovivad tagada oma lemmikloomade ohutuse reaalajas j\u00e4lgimisv\u00f5imaluste abil. See Apple Airtagide turvaliseks paigutamiseks loodud \u00fcmbris kinnitub h\u00f5lpsasti enamiku kaelarihmade k\u00fclge, pakkudes meelerahu omanikele, kes soovivad kindlalt teada, kus nende lemmikloom igal ajal viibib. Kohvri kompaktne ja elegantne disain v\u00e4hendab mahtu, tagades, et lemmikloomad kannavad seda mugavalt.<\/p>\n<p>Kvaliteetsetest, veekindlatest materjalidest valmistatud Airtag Case peab vastu igap\u00e4evastele lemmikloomade seiklustele. T\u00e4nu vastupidavusele sobib see ka k\u00f5ige aktiivsematele lemmikloomadele, kaitstes Airtag'i vee, mustuse ja l\u00f6\u00f6kide eest. See kohver pakub ka lihtsat juurdep\u00e4\u00e4su Airtagile, v\u00f5imaldades h\u00f5lpsat seadistamist ja asendamist.<\/p>\n<p>B2B-klientidele pakub Airtag Case v\u00e4\u00e4rtuslikku v\u00f5imalust br\u00e4ndi loomiseks. Olenemata sellest, kas olete jaem\u00fc\u00fcja, edasim\u00fc\u00fcja v\u00f5i internetim\u00fc\u00fcja, aitab kohandatud logode v\u00f5i ainulaadsete mustrite lisamine teie kaubam\u00e4rgil turul silma paista. See kohandatav Airtag Case, mis on loodud teie kaubam\u00e4rgi n\u00e4htavust silmas pidades, ei vasta mitte ainult lemmikloomaomanike praktilistele vajadustele, vaid pakub ka stiilset, kaubam\u00e4rgiga seotud puudutust, mis on koosk\u00f5las teie kaubam\u00e4rgi esteetika ja visiooniga.<\/p>\n<\/div>\n<\/div>\n<\/div>\n<\/div>\n<div class=\"mb-2 flex gap-3 empty:hidden -ml-2\">\n<div class=\"items-center justify-start rounded-xl p-1 flex\">\n<div class=\"flex items-center\"><button class=\"rounded-lg text-token-text-secondary hover:bg-token-main-surface-secondary\" aria-label=\"Lugege ette\" data-testid=\"voice-play-turn-action-button\"><\/button><button class=\"rounded-lg text-token-text-secondary hover:bg-token-main-surface-secondary\" aria-label=\"Koopia\" data-testid=\"copy-turn-action-button\"><\/button><\/p>\n<div class=\"flex\"><\/div>\n<div class=\"flex items-center pb-0\"><span class=\"overflow-hidden text-clip whitespace-nowrap text-sm\">4o<\/span><\/div>\n<\/div>\n<\/div>\n<\/div>","protected":false},"excerpt":{"rendered":"<p>Meie Airtag Case on praktiline lahendus lemmikloomaomanikele, kes soovivad oma lemmikloomade j\u00e4lgimist stiilselt. See \u00fcmbris, mis on m\u00f5eldud mis tahes kaelarihma turvaliseks kinnitamiseks, sobib standardsetele Apple Airtagidele ja pakub kaitset, ilma et see suurendaks mahtu. B2B-klientidele sobib see \u00fcmbris, mida saab kohandada logode v\u00f5i mustritega, suurendades br\u00e4ndi n\u00e4htavust ja pakkudes samas funktsionaalset lemmiklooma aksessuaari. See vastupidavast ja veekindlast materjalist valmistatud Airtag Case sobib ideaalselt aktiivsetele lemmikloomadele ja kinnitab omanikele, et nende lemmikloomad on alati j\u00e4lgitavad.<\/p>","protected":false},"featured_media":9275,"template":"","meta":[],"product_brand":[],"product_cat":[58],"product_tag":[],"class_list":{"0":"post-9274","1":"product","2":"type-product","3":"status-publish","4":"has-post-thumbnail","6":"product_cat-accessories","8":"first","9":"instock","10":"shipping-taxable","11":"product-type-simple"},"yoast_head":"<!-- This site is optimized with the Yoast SEO plugin v26.6 - https:\/\/yoast.com\/wordpress\/plugins\/seo\/ -->\n<title>Airtag Case | QQPETS<\/title>\n<meta name=\"description\" content=\"Customizable Airtag Case for pet collars, keeping pets traceable and safe. Ideal for B2B clients wanting custom logos or patterns to enhance brand identity.\" \/>\n<meta name=\"robots\" content=\"index, follow, max-snippet:-1, max-image-preview:large, max-video-preview:-1\" \/>\n<link rel=\"canonical\" href=\"https:\/\/qqpets.com\/et\/toode\/airtag-case\/\" \/>\n<meta property=\"og:locale\" content=\"et_EE\" \/>\n<meta property=\"og:type\" content=\"article\" \/>\n<meta property=\"og:title\" content=\"Airtag Case | QQPETS\" \/>\n<meta property=\"og:description\" content=\"Customizable Airtag Case for pet collars, keeping pets traceable and safe. Ideal for B2B clients wanting custom logos or patterns to enhance brand identity.\" \/>\n<meta property=\"og:url\" content=\"https:\/\/qqpets.com\/et\/toode\/airtag-case\/\" \/>\n<meta property=\"og:site_name\" content=\"QQPETS\" \/>\n<meta property=\"article:publisher\" content=\"https:\/\/www.facebook.com\/QQpetsdogcollars\" \/>\n<meta property=\"og:image\" content=\"https:\/\/qqpets.com\/wp-content\/uploads\/2024\/11\/airtag-case1.webp\" \/>\n\t<meta property=\"og:image:width\" content=\"800\" \/>\n\t<meta property=\"og:image:height\" content=\"800\" \/>\n\t<meta property=\"og:image:type\" content=\"image\/webp\" \/>\n<meta name=\"twitter:card\" content=\"summary_large_image\" \/>\n<meta name=\"twitter:label1\" content=\"Est. reading time\" \/>\n\t<meta name=\"twitter:data1\" content=\"2 minutit\" \/>\n<script type=\"application\/ld+json\" class=\"yoast-schema-graph\">{\"@context\":\"https:\/\/schema.org\",\"@graph\":[{\"@type\":\"WebPage\",\"@id\":\"https:\/\/qqpets.com\/product\/airtag-case\/\",\"url\":\"https:\/\/qqpets.com\/product\/airtag-case\/\",\"name\":\"Airtag Case | QQPETS\",\"isPartOf\":{\"@id\":\"https:\/\/qqpets.com\/#website\"},\"primaryImageOfPage\":{\"@id\":\"https:\/\/qqpets.com\/product\/airtag-case\/#primaryimage\"},\"image\":{\"@id\":\"https:\/\/qqpets.com\/product\/airtag-case\/#primaryimage\"},\"thumbnailUrl\":\"https:\/\/qqpets.com\/wp-content\/uploads\/2024\/11\/airtag-case1.webp\",\"datePublished\":\"2024-11-13T08:34:37+00:00\",\"description\":\"Customizable Airtag Case for pet collars, keeping pets traceable and safe. Ideal for B2B clients wanting custom logos or patterns to enhance brand identity.\",\"breadcrumb\":{\"@id\":\"https:\/\/qqpets.com\/product\/airtag-case\/#breadcrumb\"},\"inLanguage\":\"et\",\"potentialAction\":[{\"@type\":\"ReadAction\",\"target\":[\"https:\/\/qqpets.com\/product\/airtag-case\/\"]}]},{\"@type\":\"ImageObject\",\"inLanguage\":\"et\",\"@id\":\"https:\/\/qqpets.com\/product\/airtag-case\/#primaryimage\",\"url\":\"https:\/\/qqpets.com\/wp-content\/uploads\/2024\/11\/airtag-case1.webp\",\"contentUrl\":\"https:\/\/qqpets.com\/wp-content\/uploads\/2024\/11\/airtag-case1.webp\",\"width\":800,\"height\":800},{\"@type\":\"BreadcrumbList\",\"@id\":\"https:\/\/qqpets.com\/product\/airtag-case\/#breadcrumb\",\"itemListElement\":[{\"@type\":\"ListItem\",\"position\":1,\"name\":\"Home\",\"item\":\"https:\/\/qqpets.com\/\"},{\"@type\":\"ListItem\",\"position\":2,\"name\":\"Products\",\"item\":\"https:\/\/qqpets.com\/pet-products-manufacturer\/\"},{\"@type\":\"ListItem\",\"position\":3,\"name\":\"Airtag Case\"}]},{\"@type\":\"WebSite\",\"@id\":\"https:\/\/qqpets.com\/#website\",\"url\":\"https:\/\/qqpets.com\/\",\"name\":\"QQPETS\",\"description\":\"QQPETS is a pet products factory for dog harnesses, dog collars, dog leashes and dog accessories with professional customized service since 2005.\",\"publisher\":{\"@id\":\"https:\/\/qqpets.com\/#organization\"},\"potentialAction\":[{\"@type\":\"SearchAction\",\"target\":{\"@type\":\"EntryPoint\",\"urlTemplate\":\"https:\/\/qqpets.com\/?s={search_term_string}\"},\"query-input\":{\"@type\":\"PropertyValueSpecification\",\"valueRequired\":true,\"valueName\":\"search_term_string\"}}],\"inLanguage\":\"et\"},{\"@type\":\"Organization\",\"@id\":\"https:\/\/qqpets.com\/#organization\",\"name\":\"QQPETS\",\"url\":\"https:\/\/qqpets.com\/\",\"logo\":{\"@type\":\"ImageObject\",\"inLanguage\":\"et\",\"@id\":\"https:\/\/qqpets.com\/#\/schema\/logo\/image\/\",\"url\":\"https:\/\/qqpets.com\/wp-content\/uploads\/2023\/09\/cropped-cropped-qqpets-tiktok.jpg\",\"contentUrl\":\"https:\/\/qqpets.com\/wp-content\/uploads\/2023\/09\/cropped-cropped-qqpets-tiktok.jpg\",\"width\":511,\"height\":511,\"caption\":\"QQPETS\"},\"image\":{\"@id\":\"https:\/\/qqpets.com\/#\/schema\/logo\/image\/\"},\"sameAs\":[\"https:\/\/www.facebook.com\/QQpetsdogcollars\",\"https:\/\/www.instagram.com\/qqpetscollar\/\",\"https:\/\/www.pinterest.com\/qqpetsdogcollarsfactory\/\"]}]}<\/script>\n<!-- \/ Yoast SEO plugin. -->","yoast_head_json":{"title":"Airtag Case | QQPETS","description":"Kohandatav Airtag Case lemmikloomade kaelarihmade jaoks, mis hoiab lemmikloomad j\u00e4lgitavana ja turvalisena. Ideaalne B2B-klientidele, kes soovivad br\u00e4ndi identiteedi tugevdamiseks kohandatud logosid v\u00f5i mustreid.","robots":{"index":"index","follow":"follow","max-snippet":"max-snippet:-1","max-image-preview":"max-image-preview:large","max-video-preview":"max-video-preview:-1"},"canonical":"https:\/\/qqpets.com\/et\/toode\/airtag-case\/","og_locale":"et_EE","og_type":"article","og_title":"Airtag Case | QQPETS","og_description":"Customizable Airtag Case for pet collars, keeping pets traceable and safe. Ideal for B2B clients wanting custom logos or patterns to enhance brand identity.","og_url":"https:\/\/qqpets.com\/et\/toode\/airtag-case\/","og_site_name":"QQPETS","article_publisher":"https:\/\/www.facebook.com\/QQpetsdogcollars","og_image":[{"width":800,"height":800,"url":"https:\/\/qqpets.com\/wp-content\/uploads\/2024\/11\/airtag-case1.webp","type":"image\/webp"}],"twitter_card":"summary_large_image","twitter_misc":{"Est. reading time":"2 minutit"},"schema":{"@context":"https:\/\/schema.org","@graph":[{"@type":"WebPage","@id":"https:\/\/qqpets.com\/product\/airtag-case\/","url":"https:\/\/qqpets.com\/product\/airtag-case\/","name":"Airtag Case | QQPETS","isPartOf":{"@id":"https:\/\/qqpets.com\/#website"},"primaryImageOfPage":{"@id":"https:\/\/qqpets.com\/product\/airtag-case\/#primaryimage"},"image":{"@id":"https:\/\/qqpets.com\/product\/airtag-case\/#primaryimage"},"thumbnailUrl":"https:\/\/qqpets.com\/wp-content\/uploads\/2024\/11\/airtag-case1.webp","datePublished":"2024-11-13T08:34:37+00:00","description":"Kohandatav Airtag Case lemmikloomade kaelarihmade jaoks, mis hoiab lemmikloomad j\u00e4lgitavana ja turvalisena. Ideaalne B2B-klientidele, kes soovivad br\u00e4ndi identiteedi tugevdamiseks kohandatud logosid v\u00f5i mustreid.","breadcrumb":{"@id":"https:\/\/qqpets.com\/product\/airtag-case\/#breadcrumb"},"inLanguage":"et","potentialAction":[{"@type":"ReadAction","target":["https:\/\/qqpets.com\/product\/airtag-case\/"]}]},{"@type":"ImageObject","inLanguage":"et","@id":"https:\/\/qqpets.com\/product\/airtag-case\/#primaryimage","url":"https:\/\/qqpets.com\/wp-content\/uploads\/2024\/11\/airtag-case1.webp","contentUrl":"https:\/\/qqpets.com\/wp-content\/uploads\/2024\/11\/airtag-case1.webp","width":800,"height":800},{"@type":"BreadcrumbList","@id":"https:\/\/qqpets.com\/product\/airtag-case\/#breadcrumb","itemListElement":[{"@type":"ListItem","position":1,"name":"Home","item":"https:\/\/qqpets.com\/"},{"@type":"ListItem","position":2,"name":"Products","item":"https:\/\/qqpets.com\/pet-products-manufacturer\/"},{"@type":"ListItem","position":3,"name":"Airtag Case"}]},{"@type":"WebSite","@id":"https:\/\/qqpets.com\/#website","url":"https:\/\/qqpets.com\/","name":"QQPETS","description":"QQPETS on lemmikloomatoodete tehas koerte rakmete, koerte kaelarihmade, koerte rihmade ja koerte tarvikute jaoks, mis pakub professionaalset kohandatud teenust alates 2005. aastast.","publisher":{"@id":"https:\/\/qqpets.com\/#organization"},"potentialAction":[{"@type":"SearchAction","target":{"@type":"EntryPoint","urlTemplate":"https:\/\/qqpets.com\/?s={search_term_string}"},"query-input":{"@type":"PropertyValueSpecification","valueRequired":true,"valueName":"search_term_string"}}],"inLanguage":"et"},{"@type":"Organization","@id":"https:\/\/qqpets.com\/#organization","name":"QQPETS","url":"https:\/\/qqpets.com\/","logo":{"@type":"ImageObject","inLanguage":"et","@id":"https:\/\/qqpets.com\/#\/schema\/logo\/image\/","url":"https:\/\/qqpets.com\/wp-content\/uploads\/2023\/09\/cropped-cropped-qqpets-tiktok.jpg","contentUrl":"https:\/\/qqpets.com\/wp-content\/uploads\/2023\/09\/cropped-cropped-qqpets-tiktok.jpg","width":511,"height":511,"caption":"QQPETS"},"image":{"@id":"https:\/\/qqpets.com\/#\/schema\/logo\/image\/"},"sameAs":["https:\/\/www.facebook.com\/QQpetsdogcollars","https:\/\/www.instagram.com\/qqpetscollar\/","https:\/\/www.pinterest.com\/qqpetsdogcollarsfactory\/"]}]}},"_links":{"self":[{"href":"https:\/\/qqpets.com\/et\/wp-json\/wp\/v2\/product\/9274","targetHints":{"allow":["GET"]}}],"collection":[{"href":"https:\/\/qqpets.com\/et\/wp-json\/wp\/v2\/product"}],"about":[{"href":"https:\/\/qqpets.com\/et\/wp-json\/wp\/v2\/types\/product"}],"wp:featuredmedia":[{"embeddable":true,"href":"https:\/\/qqpets.com\/et\/wp-json\/wp\/v2\/media\/9275"}],"wp:attachment":[{"href":"https:\/\/qqpets.com\/et\/wp-json\/wp\/v2\/media?parent=9274"}],"wp:term":[{"taxonomy":"product_brand","embeddable":true,"href":"https:\/\/qqpets.com\/et\/wp-json\/wp\/v2\/product_brand?post=9274"},{"taxonomy":"product_cat","embeddable":true,"href":"https:\/\/qqpets.com\/et\/wp-json\/wp\/v2\/product_cat?post=9274"},{"taxonomy":"product_tag","embeddable":true,"href":"https:\/\/qqpets.com\/et\/wp-json\/wp\/v2\/product_tag?post=9274"}],"curies":[{"name":"wp","href":"https:\/\/api.w.org\/{rel}","templated":true}]}}