{"id":9280,"date":"2024-11-13T17:02:00","date_gmt":"2024-11-13T09:02:00","guid":{"rendered":"https:\/\/qqpets.com\/?post_type=product&#038;p=9280"},"modified":"2024-11-13T17:02:00","modified_gmt":"2024-11-13T09:02:00","slug":"bow-tie-bandana","status":"publish","type":"product","link":"https:\/\/qqpets.com\/et\/toode\/bow-tie-bandana\/","title":{"rendered":"Vibu Tie Bandana"},"content":{"rendered":"<p>Vibul\u00f5ksu b\u00e4ndi on loodud nii stiili kui ka mitmek\u00fclgsuse tagamiseks lemmikloomade aksessuaarides. Esmaklassilisest, pehmest kangast valmistatud bandana on lemmikloomade nahale \u00f5rn ja seda on lihtne kanda, tagades mugavuse ka pika kasutamise ajal. V\u00f5luv kikilipsu element lisab m\u00e4ngulist ja elegantset puudutust, mist\u00f5ttu on see suurep\u00e4rane aksessuaar lemmikloomadele puhkusel, erilistel puhkudel v\u00f5i igap\u00e4evastel v\u00e4ljas\u00f5itudel.<\/p>\n<p>See B2B-klientidele ideaalselt kohandatud kikilipsu bandana on kohandatav logode, mustrite v\u00f5i v\u00e4rvilahendustega, et see sobiks teie br\u00e4ndi esteetikaga. Olenemata sellest, kas olete lemmikloomapoe omanik, online-m\u00fc\u00fcja v\u00f5i kaubam\u00e4rk, kes soovib laiendada oma lemmikloomatoodete pakkumist, pakub see bandana ainulaadset ja meeldej\u00e4\u00e4vat v\u00f5imalust oma br\u00e4ndi kuvamiseks. Meie kohandatud tr\u00fckitehnoloogia tagab kvaliteetsed ja eluj\u00f5ulised v\u00e4rvid, mis p\u00fcsivad eredad ka sagedase pesemise korral.<\/p>\n<p>Vastupidav, kerge ja kindlalt paigal p\u00fcsiv, see vibulintide bandana sobib ideaalselt igale lemmikloomale. Selle kohandatavus t\u00e4hendab, et saate pakkuda klientidele eristuvat, kaubam\u00e4rgiga varustatud v\u00e4limust, mis lisab v\u00e4\u00e4rtust ja stiili. Andke oma tootesarjale eelis selle moeka aksessuaariga, mis on nii v\u00f5luv kui ka funktsionaalne.<\/p>","protected":false},"excerpt":{"rendered":"<p>Meie kikilipsu b\u00e4ndi on parim lemmiklooma moeaksessuaar, mis \u00fchendab endas stiili ja mugavuse. See pehmest ja vastupidavast kangast valmistatud bandana sisaldab armas kikilipsu, mis sobib lemmikloomadele igal korral. B2B-klientidele m\u00f5eldud bandana on t\u00e4ielikult kohandatav, v\u00f5imaldades kaubam\u00e4rgiga logode v\u00f5i unikaalsete mustrite kasutamist, mis sobivad teie br\u00e4ndi identiteediga. Ideaalne lemmikloomapoodide, loomade hooldajate v\u00f5i jaem\u00fc\u00fcjate jaoks, see kikilipsu bandana on fantastiline t\u00e4iendus igale tootesarjale. Paku oma klientidele stiilset, kvaliteetset aksessuaari, mis t\u00f5stab lemmikloomamoodi esile, tutvustades samal ajal oma kaubam\u00e4rki.<\/p>","protected":false},"featured_media":9281,"template":"","meta":[],"product_brand":[],"product_cat":[58],"product_tag":[],"class_list":{"0":"post-9280","1":"product","2":"type-product","3":"status-publish","4":"has-post-thumbnail","6":"product_cat-accessories","8":"first","9":"instock","10":"shipping-taxable","11":"product-type-simple"},"yoast_head":"<!-- This site is optimized with the Yoast SEO plugin v26.6 - https:\/\/yoast.com\/wordpress\/plugins\/seo\/ -->\n<title>Bow Tie Bandana | QQPETS<\/title>\n<meta name=\"description\" content=\"Stylish, customizable Bow Tie Bandana for pets, ideal for branding with custom logos or patterns. Perfect for B2B clients looking to enhance their product lineup.\" \/>\n<meta name=\"robots\" content=\"index, follow, max-snippet:-1, max-image-preview:large, max-video-preview:-1\" \/>\n<link rel=\"canonical\" href=\"https:\/\/qqpets.com\/et\/toode\/bow-tie-bandana\/\" \/>\n<meta property=\"og:locale\" content=\"et_EE\" \/>\n<meta property=\"og:type\" content=\"article\" \/>\n<meta property=\"og:title\" content=\"Bow Tie Bandana | QQPETS\" \/>\n<meta property=\"og:description\" content=\"Stylish, customizable Bow Tie Bandana for pets, ideal for branding with custom logos or patterns. Perfect for B2B clients looking to enhance their product lineup.\" \/>\n<meta property=\"og:url\" content=\"https:\/\/qqpets.com\/et\/toode\/bow-tie-bandana\/\" \/>\n<meta property=\"og:site_name\" content=\"QQPETS\" \/>\n<meta property=\"article:publisher\" content=\"https:\/\/www.facebook.com\/QQpetsdogcollars\" \/>\n<meta property=\"og:image\" content=\"https:\/\/qqpets.com\/wp-content\/uploads\/2024\/11\/Bow-Tie-Bandana1.webp\" \/>\n\t<meta property=\"og:image:width\" content=\"1000\" \/>\n\t<meta property=\"og:image:height\" content=\"1000\" \/>\n\t<meta property=\"og:image:type\" content=\"image\/webp\" \/>\n<meta name=\"twitter:card\" content=\"summary_large_image\" \/>\n<meta name=\"twitter:label1\" content=\"Est. reading time\" \/>\n\t<meta name=\"twitter:data1\" content=\"2 minutit\" \/>\n<script type=\"application\/ld+json\" class=\"yoast-schema-graph\">{\"@context\":\"https:\/\/schema.org\",\"@graph\":[{\"@type\":\"WebPage\",\"@id\":\"https:\/\/qqpets.com\/product\/bow-tie-bandana\/\",\"url\":\"https:\/\/qqpets.com\/product\/bow-tie-bandana\/\",\"name\":\"Bow Tie Bandana | QQPETS\",\"isPartOf\":{\"@id\":\"https:\/\/qqpets.com\/#website\"},\"primaryImageOfPage\":{\"@id\":\"https:\/\/qqpets.com\/product\/bow-tie-bandana\/#primaryimage\"},\"image\":{\"@id\":\"https:\/\/qqpets.com\/product\/bow-tie-bandana\/#primaryimage\"},\"thumbnailUrl\":\"https:\/\/qqpets.com\/wp-content\/uploads\/2024\/11\/Bow-Tie-Bandana1.webp\",\"datePublished\":\"2024-11-13T09:02:00+00:00\",\"description\":\"Stylish, customizable Bow Tie Bandana for pets, ideal for branding with custom logos or patterns. Perfect for B2B clients looking to enhance their product lineup.\",\"breadcrumb\":{\"@id\":\"https:\/\/qqpets.com\/product\/bow-tie-bandana\/#breadcrumb\"},\"inLanguage\":\"et\",\"potentialAction\":[{\"@type\":\"ReadAction\",\"target\":[\"https:\/\/qqpets.com\/product\/bow-tie-bandana\/\"]}]},{\"@type\":\"ImageObject\",\"inLanguage\":\"et\",\"@id\":\"https:\/\/qqpets.com\/product\/bow-tie-bandana\/#primaryimage\",\"url\":\"https:\/\/qqpets.com\/wp-content\/uploads\/2024\/11\/Bow-Tie-Bandana1.webp\",\"contentUrl\":\"https:\/\/qqpets.com\/wp-content\/uploads\/2024\/11\/Bow-Tie-Bandana1.webp\",\"width\":1000,\"height\":1000},{\"@type\":\"BreadcrumbList\",\"@id\":\"https:\/\/qqpets.com\/product\/bow-tie-bandana\/#breadcrumb\",\"itemListElement\":[{\"@type\":\"ListItem\",\"position\":1,\"name\":\"Home\",\"item\":\"https:\/\/qqpets.com\/\"},{\"@type\":\"ListItem\",\"position\":2,\"name\":\"Products\",\"item\":\"https:\/\/qqpets.com\/pet-products-manufacturer\/\"},{\"@type\":\"ListItem\",\"position\":3,\"name\":\"Bow Tie Bandana\"}]},{\"@type\":\"WebSite\",\"@id\":\"https:\/\/qqpets.com\/#website\",\"url\":\"https:\/\/qqpets.com\/\",\"name\":\"QQPETS\",\"description\":\"QQPETS is a pet products factory for dog harnesses, dog collars, dog leashes and dog accessories with professional customized service since 2005.\",\"publisher\":{\"@id\":\"https:\/\/qqpets.com\/#organization\"},\"potentialAction\":[{\"@type\":\"SearchAction\",\"target\":{\"@type\":\"EntryPoint\",\"urlTemplate\":\"https:\/\/qqpets.com\/?s={search_term_string}\"},\"query-input\":{\"@type\":\"PropertyValueSpecification\",\"valueRequired\":true,\"valueName\":\"search_term_string\"}}],\"inLanguage\":\"et\"},{\"@type\":\"Organization\",\"@id\":\"https:\/\/qqpets.com\/#organization\",\"name\":\"QQPETS\",\"url\":\"https:\/\/qqpets.com\/\",\"logo\":{\"@type\":\"ImageObject\",\"inLanguage\":\"et\",\"@id\":\"https:\/\/qqpets.com\/#\/schema\/logo\/image\/\",\"url\":\"https:\/\/qqpets.com\/wp-content\/uploads\/2023\/09\/cropped-cropped-qqpets-tiktok.jpg\",\"contentUrl\":\"https:\/\/qqpets.com\/wp-content\/uploads\/2023\/09\/cropped-cropped-qqpets-tiktok.jpg\",\"width\":511,\"height\":511,\"caption\":\"QQPETS\"},\"image\":{\"@id\":\"https:\/\/qqpets.com\/#\/schema\/logo\/image\/\"},\"sameAs\":[\"https:\/\/www.facebook.com\/QQpetsdogcollars\",\"https:\/\/www.instagram.com\/qqpetscollar\/\",\"https:\/\/www.pinterest.com\/qqpetsdogcollarsfactory\/\"]}]}<\/script>\n<!-- \/ Yoast SEO plugin. -->","yoast_head_json":{"title":"Vibu lips Bandana | QQPETS","description":"Stiilne, kohandatav kikilipsu bandana lemmikloomadele, mis sobib ideaalselt br\u00e4ndimiseks kohandatud logode v\u00f5i mustritega. Ideaalne B2B klientidele, kes soovivad oma tootevalikut t\u00e4iendada.","robots":{"index":"index","follow":"follow","max-snippet":"max-snippet:-1","max-image-preview":"max-image-preview:large","max-video-preview":"max-video-preview:-1"},"canonical":"https:\/\/qqpets.com\/et\/toode\/bow-tie-bandana\/","og_locale":"et_EE","og_type":"article","og_title":"Bow Tie Bandana | QQPETS","og_description":"Stylish, customizable Bow Tie Bandana for pets, ideal for branding with custom logos or patterns. Perfect for B2B clients looking to enhance their product lineup.","og_url":"https:\/\/qqpets.com\/et\/toode\/bow-tie-bandana\/","og_site_name":"QQPETS","article_publisher":"https:\/\/www.facebook.com\/QQpetsdogcollars","og_image":[{"width":1000,"height":1000,"url":"https:\/\/qqpets.com\/wp-content\/uploads\/2024\/11\/Bow-Tie-Bandana1.webp","type":"image\/webp"}],"twitter_card":"summary_large_image","twitter_misc":{"Est. reading time":"2 minutit"},"schema":{"@context":"https:\/\/schema.org","@graph":[{"@type":"WebPage","@id":"https:\/\/qqpets.com\/product\/bow-tie-bandana\/","url":"https:\/\/qqpets.com\/product\/bow-tie-bandana\/","name":"Vibu lips Bandana | QQPETS","isPartOf":{"@id":"https:\/\/qqpets.com\/#website"},"primaryImageOfPage":{"@id":"https:\/\/qqpets.com\/product\/bow-tie-bandana\/#primaryimage"},"image":{"@id":"https:\/\/qqpets.com\/product\/bow-tie-bandana\/#primaryimage"},"thumbnailUrl":"https:\/\/qqpets.com\/wp-content\/uploads\/2024\/11\/Bow-Tie-Bandana1.webp","datePublished":"2024-11-13T09:02:00+00:00","description":"Stiilne, kohandatav kikilipsu bandana lemmikloomadele, mis sobib ideaalselt br\u00e4ndimiseks kohandatud logode v\u00f5i mustritega. Ideaalne B2B klientidele, kes soovivad oma tootevalikut t\u00e4iendada.","breadcrumb":{"@id":"https:\/\/qqpets.com\/product\/bow-tie-bandana\/#breadcrumb"},"inLanguage":"et","potentialAction":[{"@type":"ReadAction","target":["https:\/\/qqpets.com\/product\/bow-tie-bandana\/"]}]},{"@type":"ImageObject","inLanguage":"et","@id":"https:\/\/qqpets.com\/product\/bow-tie-bandana\/#primaryimage","url":"https:\/\/qqpets.com\/wp-content\/uploads\/2024\/11\/Bow-Tie-Bandana1.webp","contentUrl":"https:\/\/qqpets.com\/wp-content\/uploads\/2024\/11\/Bow-Tie-Bandana1.webp","width":1000,"height":1000},{"@type":"BreadcrumbList","@id":"https:\/\/qqpets.com\/product\/bow-tie-bandana\/#breadcrumb","itemListElement":[{"@type":"ListItem","position":1,"name":"Home","item":"https:\/\/qqpets.com\/"},{"@type":"ListItem","position":2,"name":"Products","item":"https:\/\/qqpets.com\/pet-products-manufacturer\/"},{"@type":"ListItem","position":3,"name":"Bow Tie Bandana"}]},{"@type":"WebSite","@id":"https:\/\/qqpets.com\/#website","url":"https:\/\/qqpets.com\/","name":"QQPETS","description":"QQPETS on lemmikloomatoodete tehas koerte rakmete, koerte kaelarihmade, koerte rihmade ja koerte tarvikute jaoks, mis pakub professionaalset kohandatud teenust alates 2005. aastast.","publisher":{"@id":"https:\/\/qqpets.com\/#organization"},"potentialAction":[{"@type":"SearchAction","target":{"@type":"EntryPoint","urlTemplate":"https:\/\/qqpets.com\/?s={search_term_string}"},"query-input":{"@type":"PropertyValueSpecification","valueRequired":true,"valueName":"search_term_string"}}],"inLanguage":"et"},{"@type":"Organization","@id":"https:\/\/qqpets.com\/#organization","name":"QQPETS","url":"https:\/\/qqpets.com\/","logo":{"@type":"ImageObject","inLanguage":"et","@id":"https:\/\/qqpets.com\/#\/schema\/logo\/image\/","url":"https:\/\/qqpets.com\/wp-content\/uploads\/2023\/09\/cropped-cropped-qqpets-tiktok.jpg","contentUrl":"https:\/\/qqpets.com\/wp-content\/uploads\/2023\/09\/cropped-cropped-qqpets-tiktok.jpg","width":511,"height":511,"caption":"QQPETS"},"image":{"@id":"https:\/\/qqpets.com\/#\/schema\/logo\/image\/"},"sameAs":["https:\/\/www.facebook.com\/QQpetsdogcollars","https:\/\/www.instagram.com\/qqpetscollar\/","https:\/\/www.pinterest.com\/qqpetsdogcollarsfactory\/"]}]}},"_links":{"self":[{"href":"https:\/\/qqpets.com\/et\/wp-json\/wp\/v2\/product\/9280","targetHints":{"allow":["GET"]}}],"collection":[{"href":"https:\/\/qqpets.com\/et\/wp-json\/wp\/v2\/product"}],"about":[{"href":"https:\/\/qqpets.com\/et\/wp-json\/wp\/v2\/types\/product"}],"wp:featuredmedia":[{"embeddable":true,"href":"https:\/\/qqpets.com\/et\/wp-json\/wp\/v2\/media\/9281"}],"wp:attachment":[{"href":"https:\/\/qqpets.com\/et\/wp-json\/wp\/v2\/media?parent=9280"}],"wp:term":[{"taxonomy":"product_brand","embeddable":true,"href":"https:\/\/qqpets.com\/et\/wp-json\/wp\/v2\/product_brand?post=9280"},{"taxonomy":"product_cat","embeddable":true,"href":"https:\/\/qqpets.com\/et\/wp-json\/wp\/v2\/product_cat?post=9280"},{"taxonomy":"product_tag","embeddable":true,"href":"https:\/\/qqpets.com\/et\/wp-json\/wp\/v2\/product_tag?post=9280"}],"curies":[{"name":"wp","href":"https:\/\/api.w.org\/{rel}","templated":true}]}}