{"id":9325,"date":"2024-11-14T14:25:03","date_gmt":"2024-11-14T06:25:03","guid":{"rendered":"https:\/\/qqpets.com\/?post_type=product&#038;p=9325"},"modified":"2024-11-14T14:25:03","modified_gmt":"2024-11-14T06:25:03","slug":"dog-bandana","status":"publish","type":"product","link":"https:\/\/qqpets.com\/et\/toode\/dog-bandana\/","title":{"rendered":"Koera bandana"},"content":{"rendered":"<div class=\"flex max-w-full flex-col flex-grow\">\n<div class=\"min-h-8 text-message flex w-full flex-col items-end gap-2 whitespace-normal break-words [.text-message+&amp;]:mt-5\" dir=\"auto\" data-message-author-role=\"assistant\" data-message-id=\"5cf613db-4054-4cf6-ab7d-7b94d3a1313d\" data-message-model-slug=\"gpt-4o\">\n<div class=\"flex w-full flex-col gap-1 empty:hidden first:pt-[3px]\">\n<div class=\"markdown prose w-full break-words dark:prose-invert light\">\n<p>Koerar\u00e4tik on stiilne ja praktiline aksessuaar, mis annab igale lemmikloomale v\u00e4rske ja l\u00f5busa v\u00e4limuse. Kvaliteetsest, hingavast kangast valmistatud bandaanid pakuvad nii mugavust kui ka vastupidavust, tagades, et lemmikloomad n\u00e4evad v\u00e4lja ja tunnevad end suurep\u00e4raselt. K\u00f5ikidele koerasuurustele sobivaks kohandatud bandana on kergesti kaela \u00fcmber seotav ja lisab igale riietusele kohese v\u00f5lu, olgu siis tegemist pargis jalutusk\u00e4igu v\u00f5i lemmikloomas\u00f5braliku \u00fcritusega.<\/p>\n<p>B2B-klientidele on meie koerar\u00e4tikud t\u00e4ielikult kohandatavad, pakkudes ideaalset platvormi teie ettev\u00f5tte logo, allkirjastatud mustrite v\u00f5i ainulaadse kujunduse lisamiseks. See funktsioon sobib suurep\u00e4raselt lemmikloomapoodidele, hooldussalongidele ja ettev\u00f5tetele, kes otsivad kohandatud reklaamiartikleid, mis leiavad vastukaja lemmikloomaomanike seas.<\/p>\n<p>Meie bandaanide valmistamisel on p\u00f6\u00f6ratud t\u00e4helepanu detailidele, tagades nii visuaalselt atraktiivse kui ka piisavalt vastupidava toote regulaarseks kasutamiseks. T\u00e4nu oma laialdasele atraktiivsusele aitavad kohandatud koerar\u00e4tikud luua meeldej\u00e4\u00e4va br\u00e4ndi, pakkudes samas klientidele stiilset ja praktilist aksessuaari oma lemmikloomadele. Kasutage kasvavat lemmikloomaturgu meie kohandatavate koerar\u00e4tikute abil, mis tasakaalustavad moodi, funktsiooni ja br\u00e4ndipotentsiaali.<\/p>\n<\/div>\n<\/div>\n<\/div>\n<\/div>\n<div class=\"mb-2 flex gap-3 empty:hidden -ml-2\">\n<div class=\"items-center justify-start rounded-xl p-1 flex\">\n<div class=\"flex items-center\"><button class=\"rounded-lg text-token-text-secondary hover:bg-token-main-surface-secondary\" aria-label=\"Lugege ette\" data-testid=\"voice-play-turn-action-button\"><\/button><button class=\"rounded-lg text-token-text-secondary hover:bg-token-main-surface-secondary\" aria-label=\"Koopia\" data-testid=\"copy-turn-action-button\"><\/button><\/p>\n<div class=\"flex\"><\/div>\n<div class=\"flex items-center pb-0\"><span class=\"overflow-hidden text-clip whitespace-nowrap text-sm\">4o<\/span><\/div>\n<\/div>\n<\/div>\n<\/div>","protected":false},"excerpt":{"rendered":"<p>Meie kohandatavad koerar\u00e4tikud on loodud selleks, et tuua lemmikloomadele stiili ja isikup\u00e4ra, reklaamides samal ajal teie kaubam\u00e4rki. Need pehmest ja vastupidavast kangast valmistatud bandanad v\u00f5ivad olla varustatud kohandatud logode v\u00f5i mustritega, mist\u00f5ttu on need ideaalne valik ettev\u00f5tetele, kes soovivad unikaalseid, kaubam\u00e4rgiga lemmikloomade aksessuaare. Neid bandaane on lihtne kanda ja need sobivad k\u00f5ikidele koerasuurustele ning annavad igap\u00e4evaseks kandmiseks v\u00f5i \u00fcrituste korraldamiseks v\u00f5luva puudutuse. Ideaalsed lemmikloomapoodidele, hoolitsusettev\u00f5tetele v\u00f5i reklaamkingituseks, meie koerar\u00e4tikud \u00fchendavad endas stiili ja funktsionaalsuse, et aidata teie br\u00e4ndil lemmikloomade aksessuaaride turul silma paista.<\/p>","protected":false},"featured_media":9326,"template":"","meta":[],"product_brand":[],"product_cat":[58],"product_tag":[],"class_list":{"0":"post-9325","1":"product","2":"type-product","3":"status-publish","4":"has-post-thumbnail","6":"product_cat-accessories","8":"first","9":"instock","10":"shipping-taxable","11":"product-type-simple"},"yoast_head":"<!-- This site is optimized with the Yoast SEO plugin v26.6 - https:\/\/yoast.com\/wordpress\/plugins\/seo\/ -->\n<title>Dog Bandana | QQPETS<\/title>\n<meta name=\"description\" content=\"Customizable dog bandanas for branding. Perfect for B2B clients seeking pet accessories with personalized logos or patterns. Stylish, comfortable, and versatile.\" \/>\n<meta name=\"robots\" content=\"index, follow, max-snippet:-1, max-image-preview:large, max-video-preview:-1\" \/>\n<link rel=\"canonical\" href=\"https:\/\/qqpets.com\/et\/toode\/dog-bandana\/\" \/>\n<meta property=\"og:locale\" content=\"et_EE\" \/>\n<meta property=\"og:type\" content=\"article\" \/>\n<meta property=\"og:title\" content=\"Dog Bandana | QQPETS\" \/>\n<meta property=\"og:description\" content=\"Customizable dog bandanas for branding. Perfect for B2B clients seeking pet accessories with personalized logos or patterns. Stylish, comfortable, and versatile.\" \/>\n<meta property=\"og:url\" content=\"https:\/\/qqpets.com\/et\/toode\/dog-bandana\/\" \/>\n<meta property=\"og:site_name\" content=\"QQPETS\" \/>\n<meta property=\"article:publisher\" content=\"https:\/\/www.facebook.com\/QQpetsdogcollars\" \/>\n<meta property=\"og:image\" content=\"https:\/\/qqpets.com\/wp-content\/uploads\/2024\/11\/dog-bandana1.webp\" \/>\n\t<meta property=\"og:image:width\" content=\"800\" \/>\n\t<meta property=\"og:image:height\" content=\"800\" \/>\n\t<meta property=\"og:image:type\" content=\"image\/webp\" \/>\n<meta name=\"twitter:card\" content=\"summary_large_image\" \/>\n<meta name=\"twitter:label1\" content=\"Est. reading time\" \/>\n\t<meta name=\"twitter:data1\" content=\"1 minut\" \/>\n<script type=\"application\/ld+json\" class=\"yoast-schema-graph\">{\"@context\":\"https:\/\/schema.org\",\"@graph\":[{\"@type\":\"WebPage\",\"@id\":\"https:\/\/qqpets.com\/product\/dog-bandana\/\",\"url\":\"https:\/\/qqpets.com\/product\/dog-bandana\/\",\"name\":\"Dog Bandana | QQPETS\",\"isPartOf\":{\"@id\":\"https:\/\/qqpets.com\/#website\"},\"primaryImageOfPage\":{\"@id\":\"https:\/\/qqpets.com\/product\/dog-bandana\/#primaryimage\"},\"image\":{\"@id\":\"https:\/\/qqpets.com\/product\/dog-bandana\/#primaryimage\"},\"thumbnailUrl\":\"https:\/\/qqpets.com\/wp-content\/uploads\/2024\/11\/dog-bandana1.webp\",\"datePublished\":\"2024-11-14T06:25:03+00:00\",\"description\":\"Customizable dog bandanas for branding. Perfect for B2B clients seeking pet accessories with personalized logos or patterns. Stylish, comfortable, and versatile.\",\"breadcrumb\":{\"@id\":\"https:\/\/qqpets.com\/product\/dog-bandana\/#breadcrumb\"},\"inLanguage\":\"et\",\"potentialAction\":[{\"@type\":\"ReadAction\",\"target\":[\"https:\/\/qqpets.com\/product\/dog-bandana\/\"]}]},{\"@type\":\"ImageObject\",\"inLanguage\":\"et\",\"@id\":\"https:\/\/qqpets.com\/product\/dog-bandana\/#primaryimage\",\"url\":\"https:\/\/qqpets.com\/wp-content\/uploads\/2024\/11\/dog-bandana1.webp\",\"contentUrl\":\"https:\/\/qqpets.com\/wp-content\/uploads\/2024\/11\/dog-bandana1.webp\",\"width\":800,\"height\":800},{\"@type\":\"BreadcrumbList\",\"@id\":\"https:\/\/qqpets.com\/product\/dog-bandana\/#breadcrumb\",\"itemListElement\":[{\"@type\":\"ListItem\",\"position\":1,\"name\":\"Home\",\"item\":\"https:\/\/qqpets.com\/\"},{\"@type\":\"ListItem\",\"position\":2,\"name\":\"Products\",\"item\":\"https:\/\/qqpets.com\/pet-products-manufacturer\/\"},{\"@type\":\"ListItem\",\"position\":3,\"name\":\"Dog Bandana\"}]},{\"@type\":\"WebSite\",\"@id\":\"https:\/\/qqpets.com\/#website\",\"url\":\"https:\/\/qqpets.com\/\",\"name\":\"QQPETS\",\"description\":\"QQPETS is a pet products factory for dog harnesses, dog collars, dog leashes and dog accessories with professional customized service since 2005.\",\"publisher\":{\"@id\":\"https:\/\/qqpets.com\/#organization\"},\"potentialAction\":[{\"@type\":\"SearchAction\",\"target\":{\"@type\":\"EntryPoint\",\"urlTemplate\":\"https:\/\/qqpets.com\/?s={search_term_string}\"},\"query-input\":{\"@type\":\"PropertyValueSpecification\",\"valueRequired\":true,\"valueName\":\"search_term_string\"}}],\"inLanguage\":\"et\"},{\"@type\":\"Organization\",\"@id\":\"https:\/\/qqpets.com\/#organization\",\"name\":\"QQPETS\",\"url\":\"https:\/\/qqpets.com\/\",\"logo\":{\"@type\":\"ImageObject\",\"inLanguage\":\"et\",\"@id\":\"https:\/\/qqpets.com\/#\/schema\/logo\/image\/\",\"url\":\"https:\/\/qqpets.com\/wp-content\/uploads\/2023\/09\/cropped-cropped-qqpets-tiktok.jpg\",\"contentUrl\":\"https:\/\/qqpets.com\/wp-content\/uploads\/2023\/09\/cropped-cropped-qqpets-tiktok.jpg\",\"width\":511,\"height\":511,\"caption\":\"QQPETS\"},\"image\":{\"@id\":\"https:\/\/qqpets.com\/#\/schema\/logo\/image\/\"},\"sameAs\":[\"https:\/\/www.facebook.com\/QQpetsdogcollars\",\"https:\/\/www.instagram.com\/qqpetscollar\/\",\"https:\/\/www.pinterest.com\/qqpetsdogcollarsfactory\/\"]}]}<\/script>\n<!-- \/ Yoast SEO plugin. -->","yoast_head_json":{"title":"Koeratekstiil | QQPETS","description":"Kohandatavad koerakandaalid kaubam\u00e4rgiks. Ideaalne B2B klientidele, kes otsivad lemmikloomade aksessuaare isikup\u00e4rastatud logode v\u00f5i mustritega. Stiilne, mugav ja mitmek\u00fclgne.","robots":{"index":"index","follow":"follow","max-snippet":"max-snippet:-1","max-image-preview":"max-image-preview:large","max-video-preview":"max-video-preview:-1"},"canonical":"https:\/\/qqpets.com\/et\/toode\/dog-bandana\/","og_locale":"et_EE","og_type":"article","og_title":"Dog Bandana | QQPETS","og_description":"Customizable dog bandanas for branding. Perfect for B2B clients seeking pet accessories with personalized logos or patterns. Stylish, comfortable, and versatile.","og_url":"https:\/\/qqpets.com\/et\/toode\/dog-bandana\/","og_site_name":"QQPETS","article_publisher":"https:\/\/www.facebook.com\/QQpetsdogcollars","og_image":[{"width":800,"height":800,"url":"https:\/\/qqpets.com\/wp-content\/uploads\/2024\/11\/dog-bandana1.webp","type":"image\/webp"}],"twitter_card":"summary_large_image","twitter_misc":{"Est. reading time":"1 minut"},"schema":{"@context":"https:\/\/schema.org","@graph":[{"@type":"WebPage","@id":"https:\/\/qqpets.com\/product\/dog-bandana\/","url":"https:\/\/qqpets.com\/product\/dog-bandana\/","name":"Koeratekstiil | QQPETS","isPartOf":{"@id":"https:\/\/qqpets.com\/#website"},"primaryImageOfPage":{"@id":"https:\/\/qqpets.com\/product\/dog-bandana\/#primaryimage"},"image":{"@id":"https:\/\/qqpets.com\/product\/dog-bandana\/#primaryimage"},"thumbnailUrl":"https:\/\/qqpets.com\/wp-content\/uploads\/2024\/11\/dog-bandana1.webp","datePublished":"2024-11-14T06:25:03+00:00","description":"Kohandatavad koerakandaalid kaubam\u00e4rgiks. Ideaalne B2B klientidele, kes otsivad lemmikloomade aksessuaare isikup\u00e4rastatud logode v\u00f5i mustritega. Stiilne, mugav ja mitmek\u00fclgne.","breadcrumb":{"@id":"https:\/\/qqpets.com\/product\/dog-bandana\/#breadcrumb"},"inLanguage":"et","potentialAction":[{"@type":"ReadAction","target":["https:\/\/qqpets.com\/product\/dog-bandana\/"]}]},{"@type":"ImageObject","inLanguage":"et","@id":"https:\/\/qqpets.com\/product\/dog-bandana\/#primaryimage","url":"https:\/\/qqpets.com\/wp-content\/uploads\/2024\/11\/dog-bandana1.webp","contentUrl":"https:\/\/qqpets.com\/wp-content\/uploads\/2024\/11\/dog-bandana1.webp","width":800,"height":800},{"@type":"BreadcrumbList","@id":"https:\/\/qqpets.com\/product\/dog-bandana\/#breadcrumb","itemListElement":[{"@type":"ListItem","position":1,"name":"Home","item":"https:\/\/qqpets.com\/"},{"@type":"ListItem","position":2,"name":"Products","item":"https:\/\/qqpets.com\/pet-products-manufacturer\/"},{"@type":"ListItem","position":3,"name":"Dog Bandana"}]},{"@type":"WebSite","@id":"https:\/\/qqpets.com\/#website","url":"https:\/\/qqpets.com\/","name":"QQPETS","description":"QQPETS on lemmikloomatoodete tehas koerte rakmete, koerte kaelarihmade, koerte rihmade ja koerte tarvikute jaoks, mis pakub professionaalset kohandatud teenust alates 2005. aastast.","publisher":{"@id":"https:\/\/qqpets.com\/#organization"},"potentialAction":[{"@type":"SearchAction","target":{"@type":"EntryPoint","urlTemplate":"https:\/\/qqpets.com\/?s={search_term_string}"},"query-input":{"@type":"PropertyValueSpecification","valueRequired":true,"valueName":"search_term_string"}}],"inLanguage":"et"},{"@type":"Organization","@id":"https:\/\/qqpets.com\/#organization","name":"QQPETS","url":"https:\/\/qqpets.com\/","logo":{"@type":"ImageObject","inLanguage":"et","@id":"https:\/\/qqpets.com\/#\/schema\/logo\/image\/","url":"https:\/\/qqpets.com\/wp-content\/uploads\/2023\/09\/cropped-cropped-qqpets-tiktok.jpg","contentUrl":"https:\/\/qqpets.com\/wp-content\/uploads\/2023\/09\/cropped-cropped-qqpets-tiktok.jpg","width":511,"height":511,"caption":"QQPETS"},"image":{"@id":"https:\/\/qqpets.com\/#\/schema\/logo\/image\/"},"sameAs":["https:\/\/www.facebook.com\/QQpetsdogcollars","https:\/\/www.instagram.com\/qqpetscollar\/","https:\/\/www.pinterest.com\/qqpetsdogcollarsfactory\/"]}]}},"_links":{"self":[{"href":"https:\/\/qqpets.com\/et\/wp-json\/wp\/v2\/product\/9325","targetHints":{"allow":["GET"]}}],"collection":[{"href":"https:\/\/qqpets.com\/et\/wp-json\/wp\/v2\/product"}],"about":[{"href":"https:\/\/qqpets.com\/et\/wp-json\/wp\/v2\/types\/product"}],"wp:featuredmedia":[{"embeddable":true,"href":"https:\/\/qqpets.com\/et\/wp-json\/wp\/v2\/media\/9326"}],"wp:attachment":[{"href":"https:\/\/qqpets.com\/et\/wp-json\/wp\/v2\/media?parent=9325"}],"wp:term":[{"taxonomy":"product_brand","embeddable":true,"href":"https:\/\/qqpets.com\/et\/wp-json\/wp\/v2\/product_brand?post=9325"},{"taxonomy":"product_cat","embeddable":true,"href":"https:\/\/qqpets.com\/et\/wp-json\/wp\/v2\/product_cat?post=9325"},{"taxonomy":"product_tag","embeddable":true,"href":"https:\/\/qqpets.com\/et\/wp-json\/wp\/v2\/product_tag?post=9325"}],"curies":[{"name":"wp","href":"https:\/\/api.w.org\/{rel}","templated":true}]}}