{"id":9344,"date":"2024-11-14T15:38:31","date_gmt":"2024-11-14T07:38:31","guid":{"rendered":"https:\/\/qqpets.com\/?post_type=product&#038;p=9344"},"modified":"2024-11-14T15:38:31","modified_gmt":"2024-11-14T07:38:31","slug":"3-8cm-double-pin-buckle-collar","status":"publish","type":"product","link":"https:\/\/qqpets.com\/et\/toode\/3-8cm-double-pin-buckle-collar\/","title":{"rendered":"3.8cm topeltn\u00f5elaga pandlaga kaelarihm"},"content":{"rendered":"<p>3,8 cm pikkune topeltn\u00f5elaga kaelarihm \u00fchendab endas vastupidavuse, mugavuse ja piisava ruumi br\u00e4ndi kujundamiseks, mist\u00f5ttu on see suurep\u00e4rane valik lemmikloomade kaubam\u00e4rkide, jaem\u00fc\u00fcjate ja reklaamikampaaniate jaoks. Selle 3,8 cm laiusega kaelarihm pakub m\u00e4rkimisv\u00e4\u00e4rset ala kohandatud logode v\u00f5i mustrite jaoks, mis v\u00f5imaldab B2B-klientidel suurendada br\u00e4ndi n\u00e4htavust ja atraktiivsust lemmikloomade aksessuaaride turul.<\/p>\n<p>See kvaliteetsetest ja vastupidavatest materjalidest valmistatud kaelarihm peab vastu igap\u00e4evase kandmise raskustele, sobides aktiivsetele koertele ja n\u00f5udlikele keskkondadele. Topeltn\u00f5elaga lukkude konstruktsioon suurendab tugevust ja turvalisust, pakkudes lemmikloomaomanikele meelerahu ja teie kaubam\u00e4rgile kindlustunnet pikaealisuse kohta. Kaelarihma laiem laius mitte ainult ei paranda vastupidavust, vaid suurendab ka selle visuaalset m\u00f5ju, muutes selle stiilseks aksessuaariks suurematele t\u00f5ugudele.<\/p>\n<p>Ideaalne B2B-klientidele, kes vajavad usaldusv\u00e4\u00e4rset, kohandatavat toodet, saab seda kaelarihma kohandada teie br\u00e4ndi unikaalse kujundusega. See on mitmek\u00fclgne jae- v\u00f5i \u00e4rikasutuseks, \u00fchtlustades funktsionaalsuse ja reklaamivajadused. T\u00e4iustage oma tootepakkumisi kaelarihmaga, milles on \u00fchendatud vastupidavus, kohandatud kaubam\u00e4rgiv\u00f5imalused ja atraktiivne, vastupidav stiil.<\/p>","protected":false},"excerpt":{"rendered":"<p>Meie 3,8 cm topeltn\u00f5elaga pandlaga kaelarihm on vastupidav ja stiilne valik lemmikloomade kaubam\u00e4rkidele, mida soovite kohandada logode v\u00f5i mustritega. Suure tugevusega materjalidest valmistatud ja lisaturvalisuse tagamiseks varustatud topeltpoltidega pandlaga, on see kaelarihm loodud vastupidavuse ja mugavuse tagamiseks. Laia 3,8 cm laius pakub m\u00e4rkimisv\u00e4\u00e4rset l\u00f5uendit kohandatud kaubam\u00e4rgi jaoks, mis muudab selle n\u00e4htavuse ja atraktiivsuse jaoks ideaalseks. See kaelarihm sobib ideaalselt B2B-klientidele ja vastab aktiivsete lemmikloomade vajadustele, suurendades samal ajal br\u00e4ndi n\u00e4htavust lemmikloomaturul. See on usaldusv\u00e4\u00e4rne valik neile, kes otsivad vastupidavat, kohandatavat kaelarihma.<\/p>","protected":false},"featured_media":9345,"template":"","meta":[],"product_brand":[],"product_cat":[26],"product_tag":[],"class_list":{"0":"post-9344","1":"product","2":"type-product","3":"status-publish","4":"has-post-thumbnail","6":"product_cat-dog-collar","8":"first","9":"instock","10":"shipping-taxable","11":"product-type-simple"},"yoast_head":"<!-- This site is optimized with the Yoast SEO plugin v26.6 - https:\/\/yoast.com\/wordpress\/plugins\/seo\/ -->\n<title>3.8cm Double Pin Buckle Collar | QQPETS<\/title>\n<meta name=\"description\" content=\"Heavy-duty 3.8cm double pin buckle collar, fully customizable with your logo or pattern. Built for durability and style, ideal for B2B branding in pet accessories.\" \/>\n<meta name=\"robots\" content=\"index, follow, max-snippet:-1, max-image-preview:large, max-video-preview:-1\" \/>\n<link rel=\"canonical\" href=\"https:\/\/qqpets.com\/et\/toode\/3-8cm-double-pin-buckle-collar\/\" \/>\n<meta property=\"og:locale\" content=\"et_EE\" \/>\n<meta property=\"og:type\" content=\"article\" \/>\n<meta property=\"og:title\" content=\"3.8cm Double Pin Buckle Collar | QQPETS\" \/>\n<meta property=\"og:description\" content=\"Heavy-duty 3.8cm double pin buckle collar, fully customizable with your logo or pattern. Built for durability and style, ideal for B2B branding in pet accessories.\" \/>\n<meta property=\"og:url\" content=\"https:\/\/qqpets.com\/et\/toode\/3-8cm-double-pin-buckle-collar\/\" \/>\n<meta property=\"og:site_name\" content=\"QQPETS\" \/>\n<meta property=\"article:publisher\" content=\"https:\/\/www.facebook.com\/QQpetsdogcollars\" \/>\n<meta property=\"og:image\" content=\"https:\/\/qqpets.com\/wp-content\/uploads\/2024\/11\/3.8cm-Double-Pin-Buckle-Collar1.webp\" \/>\n\t<meta property=\"og:image:width\" content=\"800\" \/>\n\t<meta property=\"og:image:height\" content=\"800\" \/>\n\t<meta property=\"og:image:type\" content=\"image\/webp\" \/>\n<meta name=\"twitter:card\" content=\"summary_large_image\" \/>\n<meta name=\"twitter:label1\" content=\"Est. reading time\" \/>\n\t<meta name=\"twitter:data1\" content=\"1 minut\" \/>\n<script type=\"application\/ld+json\" class=\"yoast-schema-graph\">{\"@context\":\"https:\/\/schema.org\",\"@graph\":[{\"@type\":\"WebPage\",\"@id\":\"https:\/\/qqpets.com\/product\/3-8cm-double-pin-buckle-collar\/\",\"url\":\"https:\/\/qqpets.com\/product\/3-8cm-double-pin-buckle-collar\/\",\"name\":\"3.8cm Double Pin Buckle Collar | QQPETS\",\"isPartOf\":{\"@id\":\"https:\/\/qqpets.com\/#website\"},\"primaryImageOfPage\":{\"@id\":\"https:\/\/qqpets.com\/product\/3-8cm-double-pin-buckle-collar\/#primaryimage\"},\"image\":{\"@id\":\"https:\/\/qqpets.com\/product\/3-8cm-double-pin-buckle-collar\/#primaryimage\"},\"thumbnailUrl\":\"https:\/\/qqpets.com\/wp-content\/uploads\/2024\/11\/3.8cm-Double-Pin-Buckle-Collar1.webp\",\"datePublished\":\"2024-11-14T07:38:31+00:00\",\"description\":\"Heavy-duty 3.8cm double pin buckle collar, fully customizable with your logo or pattern. Built for durability and style, ideal for B2B branding in pet accessories.\",\"breadcrumb\":{\"@id\":\"https:\/\/qqpets.com\/product\/3-8cm-double-pin-buckle-collar\/#breadcrumb\"},\"inLanguage\":\"et\",\"potentialAction\":[{\"@type\":\"ReadAction\",\"target\":[\"https:\/\/qqpets.com\/product\/3-8cm-double-pin-buckle-collar\/\"]}]},{\"@type\":\"ImageObject\",\"inLanguage\":\"et\",\"@id\":\"https:\/\/qqpets.com\/product\/3-8cm-double-pin-buckle-collar\/#primaryimage\",\"url\":\"https:\/\/qqpets.com\/wp-content\/uploads\/2024\/11\/3.8cm-Double-Pin-Buckle-Collar1.webp\",\"contentUrl\":\"https:\/\/qqpets.com\/wp-content\/uploads\/2024\/11\/3.8cm-Double-Pin-Buckle-Collar1.webp\",\"width\":800,\"height\":800},{\"@type\":\"BreadcrumbList\",\"@id\":\"https:\/\/qqpets.com\/product\/3-8cm-double-pin-buckle-collar\/#breadcrumb\",\"itemListElement\":[{\"@type\":\"ListItem\",\"position\":1,\"name\":\"Home\",\"item\":\"https:\/\/qqpets.com\/\"},{\"@type\":\"ListItem\",\"position\":2,\"name\":\"Products\",\"item\":\"https:\/\/qqpets.com\/pet-products-manufacturer\/\"},{\"@type\":\"ListItem\",\"position\":3,\"name\":\"3.8cm Double Pin Buckle Collar\"}]},{\"@type\":\"WebSite\",\"@id\":\"https:\/\/qqpets.com\/#website\",\"url\":\"https:\/\/qqpets.com\/\",\"name\":\"QQPETS\",\"description\":\"QQPETS is a pet products factory for dog harnesses, dog collars, dog leashes and dog accessories with professional customized service since 2005.\",\"publisher\":{\"@id\":\"https:\/\/qqpets.com\/#organization\"},\"potentialAction\":[{\"@type\":\"SearchAction\",\"target\":{\"@type\":\"EntryPoint\",\"urlTemplate\":\"https:\/\/qqpets.com\/?s={search_term_string}\"},\"query-input\":{\"@type\":\"PropertyValueSpecification\",\"valueRequired\":true,\"valueName\":\"search_term_string\"}}],\"inLanguage\":\"et\"},{\"@type\":\"Organization\",\"@id\":\"https:\/\/qqpets.com\/#organization\",\"name\":\"QQPETS\",\"url\":\"https:\/\/qqpets.com\/\",\"logo\":{\"@type\":\"ImageObject\",\"inLanguage\":\"et\",\"@id\":\"https:\/\/qqpets.com\/#\/schema\/logo\/image\/\",\"url\":\"https:\/\/qqpets.com\/wp-content\/uploads\/2023\/09\/cropped-cropped-qqpets-tiktok.jpg\",\"contentUrl\":\"https:\/\/qqpets.com\/wp-content\/uploads\/2023\/09\/cropped-cropped-qqpets-tiktok.jpg\",\"width\":511,\"height\":511,\"caption\":\"QQPETS\"},\"image\":{\"@id\":\"https:\/\/qqpets.com\/#\/schema\/logo\/image\/\"},\"sameAs\":[\"https:\/\/www.facebook.com\/QQpetsdogcollars\",\"https:\/\/www.instagram.com\/qqpetscollar\/\",\"https:\/\/www.pinterest.com\/qqpetsdogcollarsfactory\/\"]}]}<\/script>\n<!-- \/ Yoast SEO plugin. -->","yoast_head_json":{"title":"3.8cm topeltn\u00f5elaga pandlaga kaelarihm | QQPETS","description":"Raske 3,8 cm pikkune topeltn\u00f5elaga pandlaga krae, mis on t\u00e4ielikult kohandatav teie logo v\u00f5i mustriga. Loodud vastupidavuse ja stiili jaoks, ideaalne B2B br\u00e4ndingu jaoks lemmikloomade aksessuaarides.","robots":{"index":"index","follow":"follow","max-snippet":"max-snippet:-1","max-image-preview":"max-image-preview:large","max-video-preview":"max-video-preview:-1"},"canonical":"https:\/\/qqpets.com\/et\/toode\/3-8cm-double-pin-buckle-collar\/","og_locale":"et_EE","og_type":"article","og_title":"3.8cm Double Pin Buckle Collar | QQPETS","og_description":"Heavy-duty 3.8cm double pin buckle collar, fully customizable with your logo or pattern. Built for durability and style, ideal for B2B branding in pet accessories.","og_url":"https:\/\/qqpets.com\/et\/toode\/3-8cm-double-pin-buckle-collar\/","og_site_name":"QQPETS","article_publisher":"https:\/\/www.facebook.com\/QQpetsdogcollars","og_image":[{"width":800,"height":800,"url":"https:\/\/qqpets.com\/wp-content\/uploads\/2024\/11\/3.8cm-Double-Pin-Buckle-Collar1.webp","type":"image\/webp"}],"twitter_card":"summary_large_image","twitter_misc":{"Est. reading time":"1 minut"},"schema":{"@context":"https:\/\/schema.org","@graph":[{"@type":"WebPage","@id":"https:\/\/qqpets.com\/product\/3-8cm-double-pin-buckle-collar\/","url":"https:\/\/qqpets.com\/product\/3-8cm-double-pin-buckle-collar\/","name":"3.8cm topeltn\u00f5elaga pandlaga kaelarihm | QQPETS","isPartOf":{"@id":"https:\/\/qqpets.com\/#website"},"primaryImageOfPage":{"@id":"https:\/\/qqpets.com\/product\/3-8cm-double-pin-buckle-collar\/#primaryimage"},"image":{"@id":"https:\/\/qqpets.com\/product\/3-8cm-double-pin-buckle-collar\/#primaryimage"},"thumbnailUrl":"https:\/\/qqpets.com\/wp-content\/uploads\/2024\/11\/3.8cm-Double-Pin-Buckle-Collar1.webp","datePublished":"2024-11-14T07:38:31+00:00","description":"Raske 3,8 cm pikkune topeltn\u00f5elaga pandlaga krae, mis on t\u00e4ielikult kohandatav teie logo v\u00f5i mustriga. Loodud vastupidavuse ja stiili jaoks, ideaalne B2B br\u00e4ndingu jaoks lemmikloomade aksessuaarides.","breadcrumb":{"@id":"https:\/\/qqpets.com\/product\/3-8cm-double-pin-buckle-collar\/#breadcrumb"},"inLanguage":"et","potentialAction":[{"@type":"ReadAction","target":["https:\/\/qqpets.com\/product\/3-8cm-double-pin-buckle-collar\/"]}]},{"@type":"ImageObject","inLanguage":"et","@id":"https:\/\/qqpets.com\/product\/3-8cm-double-pin-buckle-collar\/#primaryimage","url":"https:\/\/qqpets.com\/wp-content\/uploads\/2024\/11\/3.8cm-Double-Pin-Buckle-Collar1.webp","contentUrl":"https:\/\/qqpets.com\/wp-content\/uploads\/2024\/11\/3.8cm-Double-Pin-Buckle-Collar1.webp","width":800,"height":800},{"@type":"BreadcrumbList","@id":"https:\/\/qqpets.com\/product\/3-8cm-double-pin-buckle-collar\/#breadcrumb","itemListElement":[{"@type":"ListItem","position":1,"name":"Home","item":"https:\/\/qqpets.com\/"},{"@type":"ListItem","position":2,"name":"Products","item":"https:\/\/qqpets.com\/pet-products-manufacturer\/"},{"@type":"ListItem","position":3,"name":"3.8cm Double Pin Buckle Collar"}]},{"@type":"WebSite","@id":"https:\/\/qqpets.com\/#website","url":"https:\/\/qqpets.com\/","name":"QQPETS","description":"QQPETS on lemmikloomatoodete tehas koerte rakmete, koerte kaelarihmade, koerte rihmade ja koerte tarvikute jaoks, mis pakub professionaalset kohandatud teenust alates 2005. aastast.","publisher":{"@id":"https:\/\/qqpets.com\/#organization"},"potentialAction":[{"@type":"SearchAction","target":{"@type":"EntryPoint","urlTemplate":"https:\/\/qqpets.com\/?s={search_term_string}"},"query-input":{"@type":"PropertyValueSpecification","valueRequired":true,"valueName":"search_term_string"}}],"inLanguage":"et"},{"@type":"Organization","@id":"https:\/\/qqpets.com\/#organization","name":"QQPETS","url":"https:\/\/qqpets.com\/","logo":{"@type":"ImageObject","inLanguage":"et","@id":"https:\/\/qqpets.com\/#\/schema\/logo\/image\/","url":"https:\/\/qqpets.com\/wp-content\/uploads\/2023\/09\/cropped-cropped-qqpets-tiktok.jpg","contentUrl":"https:\/\/qqpets.com\/wp-content\/uploads\/2023\/09\/cropped-cropped-qqpets-tiktok.jpg","width":511,"height":511,"caption":"QQPETS"},"image":{"@id":"https:\/\/qqpets.com\/#\/schema\/logo\/image\/"},"sameAs":["https:\/\/www.facebook.com\/QQpetsdogcollars","https:\/\/www.instagram.com\/qqpetscollar\/","https:\/\/www.pinterest.com\/qqpetsdogcollarsfactory\/"]}]}},"_links":{"self":[{"href":"https:\/\/qqpets.com\/et\/wp-json\/wp\/v2\/product\/9344","targetHints":{"allow":["GET"]}}],"collection":[{"href":"https:\/\/qqpets.com\/et\/wp-json\/wp\/v2\/product"}],"about":[{"href":"https:\/\/qqpets.com\/et\/wp-json\/wp\/v2\/types\/product"}],"wp:featuredmedia":[{"embeddable":true,"href":"https:\/\/qqpets.com\/et\/wp-json\/wp\/v2\/media\/9345"}],"wp:attachment":[{"href":"https:\/\/qqpets.com\/et\/wp-json\/wp\/v2\/media?parent=9344"}],"wp:term":[{"taxonomy":"product_brand","embeddable":true,"href":"https:\/\/qqpets.com\/et\/wp-json\/wp\/v2\/product_brand?post=9344"},{"taxonomy":"product_cat","embeddable":true,"href":"https:\/\/qqpets.com\/et\/wp-json\/wp\/v2\/product_cat?post=9344"},{"taxonomy":"product_tag","embeddable":true,"href":"https:\/\/qqpets.com\/et\/wp-json\/wp\/v2\/product_tag?post=9344"}],"curies":[{"name":"wp","href":"https:\/\/api.w.org\/{rel}","templated":true}]}}