{"id":9351,"date":"2024-11-14T15:50:14","date_gmt":"2024-11-14T07:50:14","guid":{"rendered":"https:\/\/qqpets.com\/?post_type=product&#038;p=9351"},"modified":"2024-11-14T15:50:14","modified_gmt":"2024-11-14T07:50:14","slug":"martingale-chain-collar","status":"publish","type":"product","link":"https:\/\/qqpets.com\/et\/toode\/martingale-chain-collar\/","title":{"rendered":"Martingali ketiga kaelarihm"},"content":{"rendered":"<p>Martingale'i ketiga kaelarihm on mitmek\u00fclgne ja turvaline valik, mis on m\u00f5eldud lemmikloomam\u00e4rkidele ja jaem\u00fc\u00fcjatele, kes soovivad usaldusv\u00e4\u00e4rset treeningkaelarihma, millel on kohandatud puudutus. Turvalise ja t\u00f5husa disaini poolest tuntud Martingale'i kaelarihm t\u00f5mbab koera t\u00f5mbamisel kergelt kinni, pakkudes \u00f5rna kontrolli ilma l\u00e4mbumisohuta, mist\u00f5ttu on see ideaalne treening- ja aktiivsetele koertele.<\/p>\n<p>Kvaliteetsetest ja vastupidavatest materjalidest valmistatud krae on ehitatud nii, et see peab vastu igap\u00e4evasele kandmisele, pakkudes samas kontrollitud ja mugavat istuvust. Kettakomponent suurendab kontrolli ja ohutust, v\u00f5imaldades tundlikku treeningut, mis ei tee kompromisse mugavuse osas. Muljet avaldavate kaubam\u00e4rkide jaoks saab krae disaini t\u00e4ielikult kohandada logode v\u00f5i mustritega, mis teeb sellest silmapaistva aksessuaari B2B-klientidele, kes soovivad oma br\u00e4ndi selgelt esile tuua.<\/p>\n<p>See Martingali ketipael sobib ideaalselt erinevatele t\u00f5ugudele ja on kohandatud nii lemmikloomaomanike kui ka ettev\u00f5tete n\u00f5udmistele. See on funktsionaalne valik koerte treenimiseks, stiilseks igap\u00e4evaseks kasutamiseks ja kaubam\u00e4rgi \u00e4ratundmiseks, pakkudes B2B klientidele t\u00f5husat, kohandatavat toodet, et suurendada n\u00e4htavust konkureerivate lemmikloomatarvikute turul.<\/p>","protected":false},"excerpt":{"rendered":"<p>Meie Martingale'i ketiga kaelarihm \u00fchendab endas turvalisuse ja stiili, mist\u00f5ttu sobib see ideaalselt nii treeninguks kui ka igap\u00e4evaseks kandmiseks. See on loodud koerte \u00f5rnaks kontrollimiseks ilma l\u00e4mmatamata, tagades mugavuse ja samas t\u00f5husa k\u00e4sitsemise. See vastupidavast materjalist valmistatud kaelarihm on t\u00e4ielikult kohandatav teie logo v\u00f5i mustriga, mis pakub ainulaadset br\u00e4ndinguv\u00f5imalust B2B klientidele lemmikloomaturul. See Martingale-kaelarihm sobib ideaalselt kvaliteeti, funktsionaalsust ja n\u00e4htavust otsivatele kaubam\u00e4rkidele ning sobib aktiivsetele lemmikloomadele ja treenimisvajadustele, edendades samal ajal kaubam\u00e4rgi n\u00e4htavust.<\/p>","protected":false},"featured_media":9352,"template":"","meta":[],"product_brand":[],"product_cat":[26],"product_tag":[],"class_list":{"0":"post-9351","1":"product","2":"type-product","3":"status-publish","4":"has-post-thumbnail","6":"product_cat-dog-collar","8":"first","9":"instock","10":"shipping-taxable","11":"product-type-simple"},"yoast_head":"<!-- This site is optimized with the Yoast SEO plugin v26.6 - https:\/\/yoast.com\/wordpress\/plugins\/seo\/ -->\n<title>Martingale Chain Collar | QQPETS<\/title>\n<meta name=\"description\" content=\"Secure and stylish Martingale chain collar, ideal for training. Fully customizable with logos or patterns, perfect for B2B clients seeking branded pet accessories.\" \/>\n<meta name=\"robots\" content=\"index, follow, max-snippet:-1, max-image-preview:large, max-video-preview:-1\" \/>\n<link rel=\"canonical\" href=\"https:\/\/qqpets.com\/et\/toode\/martingale-chain-collar\/\" \/>\n<meta property=\"og:locale\" content=\"et_EE\" \/>\n<meta property=\"og:type\" content=\"article\" \/>\n<meta property=\"og:title\" content=\"Martingale Chain Collar | QQPETS\" \/>\n<meta property=\"og:description\" content=\"Secure and stylish Martingale chain collar, ideal for training. Fully customizable with logos or patterns, perfect for B2B clients seeking branded pet accessories.\" \/>\n<meta property=\"og:url\" content=\"https:\/\/qqpets.com\/et\/toode\/martingale-chain-collar\/\" \/>\n<meta property=\"og:site_name\" content=\"QQPETS\" \/>\n<meta property=\"article:publisher\" content=\"https:\/\/www.facebook.com\/QQpetsdogcollars\" \/>\n<meta property=\"og:image\" content=\"https:\/\/qqpets.com\/wp-content\/uploads\/2024\/11\/Martingale-Chain-Collar1.webp\" \/>\n\t<meta property=\"og:image:width\" content=\"800\" \/>\n\t<meta property=\"og:image:height\" content=\"800\" \/>\n\t<meta property=\"og:image:type\" content=\"image\/webp\" \/>\n<meta name=\"twitter:card\" content=\"summary_large_image\" \/>\n<meta name=\"twitter:label1\" content=\"Est. reading time\" \/>\n\t<meta name=\"twitter:data1\" content=\"1 minut\" \/>\n<script type=\"application\/ld+json\" class=\"yoast-schema-graph\">{\"@context\":\"https:\/\/schema.org\",\"@graph\":[{\"@type\":\"WebPage\",\"@id\":\"https:\/\/qqpets.com\/product\/martingale-chain-collar\/\",\"url\":\"https:\/\/qqpets.com\/product\/martingale-chain-collar\/\",\"name\":\"Martingale Chain Collar | QQPETS\",\"isPartOf\":{\"@id\":\"https:\/\/qqpets.com\/#website\"},\"primaryImageOfPage\":{\"@id\":\"https:\/\/qqpets.com\/product\/martingale-chain-collar\/#primaryimage\"},\"image\":{\"@id\":\"https:\/\/qqpets.com\/product\/martingale-chain-collar\/#primaryimage\"},\"thumbnailUrl\":\"https:\/\/qqpets.com\/wp-content\/uploads\/2024\/11\/Martingale-Chain-Collar1.webp\",\"datePublished\":\"2024-11-14T07:50:14+00:00\",\"description\":\"Secure and stylish Martingale chain collar, ideal for training. Fully customizable with logos or patterns, perfect for B2B clients seeking branded pet accessories.\",\"breadcrumb\":{\"@id\":\"https:\/\/qqpets.com\/product\/martingale-chain-collar\/#breadcrumb\"},\"inLanguage\":\"et\",\"potentialAction\":[{\"@type\":\"ReadAction\",\"target\":[\"https:\/\/qqpets.com\/product\/martingale-chain-collar\/\"]}]},{\"@type\":\"ImageObject\",\"inLanguage\":\"et\",\"@id\":\"https:\/\/qqpets.com\/product\/martingale-chain-collar\/#primaryimage\",\"url\":\"https:\/\/qqpets.com\/wp-content\/uploads\/2024\/11\/Martingale-Chain-Collar1.webp\",\"contentUrl\":\"https:\/\/qqpets.com\/wp-content\/uploads\/2024\/11\/Martingale-Chain-Collar1.webp\",\"width\":800,\"height\":800},{\"@type\":\"BreadcrumbList\",\"@id\":\"https:\/\/qqpets.com\/product\/martingale-chain-collar\/#breadcrumb\",\"itemListElement\":[{\"@type\":\"ListItem\",\"position\":1,\"name\":\"Home\",\"item\":\"https:\/\/qqpets.com\/\"},{\"@type\":\"ListItem\",\"position\":2,\"name\":\"Products\",\"item\":\"https:\/\/qqpets.com\/pet-products-manufacturer\/\"},{\"@type\":\"ListItem\",\"position\":3,\"name\":\"Martingale Chain Collar\"}]},{\"@type\":\"WebSite\",\"@id\":\"https:\/\/qqpets.com\/#website\",\"url\":\"https:\/\/qqpets.com\/\",\"name\":\"QQPETS\",\"description\":\"QQPETS is a pet products factory for dog harnesses, dog collars, dog leashes and dog accessories with professional customized service since 2005.\",\"publisher\":{\"@id\":\"https:\/\/qqpets.com\/#organization\"},\"potentialAction\":[{\"@type\":\"SearchAction\",\"target\":{\"@type\":\"EntryPoint\",\"urlTemplate\":\"https:\/\/qqpets.com\/?s={search_term_string}\"},\"query-input\":{\"@type\":\"PropertyValueSpecification\",\"valueRequired\":true,\"valueName\":\"search_term_string\"}}],\"inLanguage\":\"et\"},{\"@type\":\"Organization\",\"@id\":\"https:\/\/qqpets.com\/#organization\",\"name\":\"QQPETS\",\"url\":\"https:\/\/qqpets.com\/\",\"logo\":{\"@type\":\"ImageObject\",\"inLanguage\":\"et\",\"@id\":\"https:\/\/qqpets.com\/#\/schema\/logo\/image\/\",\"url\":\"https:\/\/qqpets.com\/wp-content\/uploads\/2023\/09\/cropped-cropped-qqpets-tiktok.jpg\",\"contentUrl\":\"https:\/\/qqpets.com\/wp-content\/uploads\/2023\/09\/cropped-cropped-qqpets-tiktok.jpg\",\"width\":511,\"height\":511,\"caption\":\"QQPETS\"},\"image\":{\"@id\":\"https:\/\/qqpets.com\/#\/schema\/logo\/image\/\"},\"sameAs\":[\"https:\/\/www.facebook.com\/QQpetsdogcollars\",\"https:\/\/www.instagram.com\/qqpetscollar\/\",\"https:\/\/www.pinterest.com\/qqpetsdogcollarsfactory\/\"]}]}<\/script>\n<!-- \/ Yoast SEO plugin. -->","yoast_head_json":{"title":"Martingali ketiga kaelarihm | QQPETS","description":"Turvaline ja stiilne Martingale'i ketipael, mis on ideaalne treenimiseks. T\u00e4ielikult kohandatav logode v\u00f5i mustritega, ideaalne B2B klientidele, kes otsivad kaubam\u00e4rgiga lemmikloomade aksessuaare.","robots":{"index":"index","follow":"follow","max-snippet":"max-snippet:-1","max-image-preview":"max-image-preview:large","max-video-preview":"max-video-preview:-1"},"canonical":"https:\/\/qqpets.com\/et\/toode\/martingale-chain-collar\/","og_locale":"et_EE","og_type":"article","og_title":"Martingale Chain Collar | QQPETS","og_description":"Secure and stylish Martingale chain collar, ideal for training. Fully customizable with logos or patterns, perfect for B2B clients seeking branded pet accessories.","og_url":"https:\/\/qqpets.com\/et\/toode\/martingale-chain-collar\/","og_site_name":"QQPETS","article_publisher":"https:\/\/www.facebook.com\/QQpetsdogcollars","og_image":[{"width":800,"height":800,"url":"https:\/\/qqpets.com\/wp-content\/uploads\/2024\/11\/Martingale-Chain-Collar1.webp","type":"image\/webp"}],"twitter_card":"summary_large_image","twitter_misc":{"Est. reading time":"1 minut"},"schema":{"@context":"https:\/\/schema.org","@graph":[{"@type":"WebPage","@id":"https:\/\/qqpets.com\/product\/martingale-chain-collar\/","url":"https:\/\/qqpets.com\/product\/martingale-chain-collar\/","name":"Martingali ketiga kaelarihm | QQPETS","isPartOf":{"@id":"https:\/\/qqpets.com\/#website"},"primaryImageOfPage":{"@id":"https:\/\/qqpets.com\/product\/martingale-chain-collar\/#primaryimage"},"image":{"@id":"https:\/\/qqpets.com\/product\/martingale-chain-collar\/#primaryimage"},"thumbnailUrl":"https:\/\/qqpets.com\/wp-content\/uploads\/2024\/11\/Martingale-Chain-Collar1.webp","datePublished":"2024-11-14T07:50:14+00:00","description":"Turvaline ja stiilne Martingale'i ketipael, mis on ideaalne treenimiseks. T\u00e4ielikult kohandatav logode v\u00f5i mustritega, ideaalne B2B klientidele, kes otsivad kaubam\u00e4rgiga lemmikloomade aksessuaare.","breadcrumb":{"@id":"https:\/\/qqpets.com\/product\/martingale-chain-collar\/#breadcrumb"},"inLanguage":"et","potentialAction":[{"@type":"ReadAction","target":["https:\/\/qqpets.com\/product\/martingale-chain-collar\/"]}]},{"@type":"ImageObject","inLanguage":"et","@id":"https:\/\/qqpets.com\/product\/martingale-chain-collar\/#primaryimage","url":"https:\/\/qqpets.com\/wp-content\/uploads\/2024\/11\/Martingale-Chain-Collar1.webp","contentUrl":"https:\/\/qqpets.com\/wp-content\/uploads\/2024\/11\/Martingale-Chain-Collar1.webp","width":800,"height":800},{"@type":"BreadcrumbList","@id":"https:\/\/qqpets.com\/product\/martingale-chain-collar\/#breadcrumb","itemListElement":[{"@type":"ListItem","position":1,"name":"Home","item":"https:\/\/qqpets.com\/"},{"@type":"ListItem","position":2,"name":"Products","item":"https:\/\/qqpets.com\/pet-products-manufacturer\/"},{"@type":"ListItem","position":3,"name":"Martingale Chain Collar"}]},{"@type":"WebSite","@id":"https:\/\/qqpets.com\/#website","url":"https:\/\/qqpets.com\/","name":"QQPETS","description":"QQPETS on lemmikloomatoodete tehas koerte rakmete, koerte kaelarihmade, koerte rihmade ja koerte tarvikute jaoks, mis pakub professionaalset kohandatud teenust alates 2005. aastast.","publisher":{"@id":"https:\/\/qqpets.com\/#organization"},"potentialAction":[{"@type":"SearchAction","target":{"@type":"EntryPoint","urlTemplate":"https:\/\/qqpets.com\/?s={search_term_string}"},"query-input":{"@type":"PropertyValueSpecification","valueRequired":true,"valueName":"search_term_string"}}],"inLanguage":"et"},{"@type":"Organization","@id":"https:\/\/qqpets.com\/#organization","name":"QQPETS","url":"https:\/\/qqpets.com\/","logo":{"@type":"ImageObject","inLanguage":"et","@id":"https:\/\/qqpets.com\/#\/schema\/logo\/image\/","url":"https:\/\/qqpets.com\/wp-content\/uploads\/2023\/09\/cropped-cropped-qqpets-tiktok.jpg","contentUrl":"https:\/\/qqpets.com\/wp-content\/uploads\/2023\/09\/cropped-cropped-qqpets-tiktok.jpg","width":511,"height":511,"caption":"QQPETS"},"image":{"@id":"https:\/\/qqpets.com\/#\/schema\/logo\/image\/"},"sameAs":["https:\/\/www.facebook.com\/QQpetsdogcollars","https:\/\/www.instagram.com\/qqpetscollar\/","https:\/\/www.pinterest.com\/qqpetsdogcollarsfactory\/"]}]}},"_links":{"self":[{"href":"https:\/\/qqpets.com\/et\/wp-json\/wp\/v2\/product\/9351","targetHints":{"allow":["GET"]}}],"collection":[{"href":"https:\/\/qqpets.com\/et\/wp-json\/wp\/v2\/product"}],"about":[{"href":"https:\/\/qqpets.com\/et\/wp-json\/wp\/v2\/types\/product"}],"wp:featuredmedia":[{"embeddable":true,"href":"https:\/\/qqpets.com\/et\/wp-json\/wp\/v2\/media\/9352"}],"wp:attachment":[{"href":"https:\/\/qqpets.com\/et\/wp-json\/wp\/v2\/media?parent=9351"}],"wp:term":[{"taxonomy":"product_brand","embeddable":true,"href":"https:\/\/qqpets.com\/et\/wp-json\/wp\/v2\/product_brand?post=9351"},{"taxonomy":"product_cat","embeddable":true,"href":"https:\/\/qqpets.com\/et\/wp-json\/wp\/v2\/product_cat?post=9351"},{"taxonomy":"product_tag","embeddable":true,"href":"https:\/\/qqpets.com\/et\/wp-json\/wp\/v2\/product_tag?post=9351"}],"curies":[{"name":"wp","href":"https:\/\/api.w.org\/{rel}","templated":true}]}}