{"id":9358,"date":"2024-11-14T16:00:43","date_gmt":"2024-11-14T08:00:43","guid":{"rendered":"https:\/\/qqpets.com\/?post_type=product&#038;p=9358"},"modified":"2024-11-14T16:01:00","modified_gmt":"2024-11-14T08:01:00","slug":"martingale-collar","status":"publish","type":"product","link":"https:\/\/qqpets.com\/et\/toode\/martingale-collar\/","title":{"rendered":"Martingali kaelarihm"},"content":{"rendered":"<div class=\"flex max-w-full flex-col flex-grow\">\n<div class=\"min-h-8 text-message flex w-full flex-col items-end gap-2 whitespace-normal break-words [.text-message+&amp;]:mt-5\" dir=\"auto\" data-message-author-role=\"assistant\" data-message-id=\"c6c34488-1300-4535-9861-d71a113f9ae5\" data-message-model-slug=\"gpt-4o\">\n<div class=\"flex w-full flex-col gap-1 empty:hidden first:pt-[3px]\">\n<div class=\"markdown prose w-full break-words dark:prose-invert light\">\n<p>Martingale'i kaelarihm on populaarne ja t\u00f5hus lahendus koerte treenimiseks ja jalutamiseks suurema kontrolliga, pakkudes B2B klientidele mitmek\u00fclgset ja kohandatavat toodet. Martingale'i stiil, mis on loodud koera t\u00f5mbamise korral \u00f5rnalt pingutama, pakub humaanset v\u00f5imalust takistada koera v\u00e4lja libisemist kaelarihmast, muutes selle turvalisemaks alternatiiviks traditsioonilistele l\u00e4mmatuskaelarihmadele. Kaelarihma kerge pingutus hoiab lemmikloomad turvaliselt, mis on ideaalne aktiivsetele, uudishimulikele koertele ja treeninguteks, kus on vaja lisakontrolli.<\/p>\n<p>See kaelarihm on valmistatud k\u00f5rgekvaliteedilistest ja vastupidavatest materjalidest, mis peavad vastu igap\u00e4evase kasutamise n\u00f5udmistele, tagades pikaealisuse ja mugavuse. Logode, mustrite v\u00f5i v\u00e4rvidega kohandatav Martingale'i kaelarihm aitab kaubam\u00e4rkidel n\u00e4idata oma unikaalset identiteeti, muutes praktilise t\u00f6\u00f6riista kaubam\u00e4rgiks.<\/p>\n<p>Lemmikloomadega tegelevatele ettev\u00f5tetele, kes soovivad pakkuda kvaliteetseid treeninglahendusi, on see kaelarihm tasakaalustatud funktsionaalsuse, mugavuse ja kaubam\u00e4rgi tuntuse vahel. Selle kohandatavus erinevatele koerat\u00f5ugudele ja kohandatavad valikud teevad sellest mitmek\u00fclgse t\u00e4ienduse mis tahes tootevalikusse, mis meeldib klientidele, kes soovivad pakkuda oma lemmikloomatarvikute kollektsioonis nii turvalisust kui ka stiili.<\/p>\n<\/div>\n<\/div>\n<\/div>\n<\/div>\n<div class=\"mb-2 flex gap-3 empty:hidden -ml-2\">\n<div class=\"items-center justify-start rounded-xl p-1 flex\">\n<div class=\"flex items-center\">\n<p>&nbsp;<\/p>\n<div class=\"flex\"><\/div>\n<div class=\"flex items-center pb-0\"><span class=\"overflow-hidden text-clip whitespace-nowrap text-sm\">4o<\/span><\/div>\n<\/div>\n<\/div>\n<\/div>","protected":false},"excerpt":{"rendered":"<p>Meie Martingale-kaelarihm pakub \u00f5rna kontrolli treenimiseks, mis on m\u00f5eldud t\u00f5mbamise v\u00e4ltimiseks ilma l\u00e4mbumata. See on valmistatud vastupidavast materjalist, et tagada mugavus ja turvalisus igap\u00e4evaseks kasutamiseks. See t\u00e4ielikult kohandatav kaelarihm v\u00f5imaldab B2B klientidel lisada unikaalseid logosid v\u00f5i mustreid, mis teeb sellest ideaalse valiku kaubam\u00e4rkidele, kes soovivad lemmikloomaturul silma paista. See Martingale-kaelarihm on t\u00e4iuslik segu funktsionaalsusest ja stiilist ning sobib ettev\u00f5tetele, kes seavad prioriteediks kvaliteedi, kontrolli ja br\u00e4ndi n\u00e4htavuse.<\/p>\n<p>&nbsp;<\/p>","protected":false},"featured_media":9360,"template":"","meta":[],"product_brand":[],"product_cat":[26],"product_tag":[],"class_list":{"0":"post-9358","1":"product","2":"type-product","3":"status-publish","4":"has-post-thumbnail","6":"product_cat-dog-collar","8":"first","9":"instock","10":"shipping-taxable","11":"product-type-simple"},"yoast_head":"<!-- This site is optimized with the Yoast SEO plugin v26.6 - https:\/\/yoast.com\/wordpress\/plugins\/seo\/ -->\n<title>Martingale Collar | QQPETS<\/title>\n<meta name=\"description\" content=\"Durable and gentle Martingale collar, perfect for training and control. Customizable with logos or patterns, ideal for B2B brands wanting distinct pet accessories.\" \/>\n<meta name=\"robots\" content=\"index, follow, max-snippet:-1, max-image-preview:large, max-video-preview:-1\" \/>\n<link rel=\"canonical\" href=\"https:\/\/qqpets.com\/et\/toode\/martingale-collar\/\" \/>\n<meta property=\"og:locale\" content=\"et_EE\" \/>\n<meta property=\"og:type\" content=\"article\" \/>\n<meta property=\"og:title\" content=\"Martingale Collar | QQPETS\" \/>\n<meta property=\"og:description\" content=\"Durable and gentle Martingale collar, perfect for training and control. Customizable with logos or patterns, ideal for B2B brands wanting distinct pet accessories.\" \/>\n<meta property=\"og:url\" content=\"https:\/\/qqpets.com\/et\/toode\/martingale-collar\/\" \/>\n<meta property=\"og:site_name\" content=\"QQPETS\" \/>\n<meta property=\"article:publisher\" content=\"https:\/\/www.facebook.com\/QQpetsdogcollars\" \/>\n<meta property=\"article:modified_time\" content=\"2024-11-14T08:01:00+00:00\" \/>\n<meta property=\"og:image\" content=\"https:\/\/qqpets.com\/wp-content\/uploads\/2024\/11\/Martingale-Collar2.webp\" \/>\n\t<meta property=\"og:image:width\" content=\"800\" \/>\n\t<meta property=\"og:image:height\" content=\"800\" \/>\n\t<meta property=\"og:image:type\" content=\"image\/webp\" \/>\n<meta name=\"twitter:card\" content=\"summary_large_image\" \/>\n<meta name=\"twitter:label1\" content=\"Est. reading time\" \/>\n\t<meta name=\"twitter:data1\" content=\"1 minut\" \/>\n<script type=\"application\/ld+json\" class=\"yoast-schema-graph\">{\"@context\":\"https:\/\/schema.org\",\"@graph\":[{\"@type\":\"WebPage\",\"@id\":\"https:\/\/qqpets.com\/product\/martingale-collar\/\",\"url\":\"https:\/\/qqpets.com\/product\/martingale-collar\/\",\"name\":\"Martingale Collar | QQPETS\",\"isPartOf\":{\"@id\":\"https:\/\/qqpets.com\/#website\"},\"primaryImageOfPage\":{\"@id\":\"https:\/\/qqpets.com\/product\/martingale-collar\/#primaryimage\"},\"image\":{\"@id\":\"https:\/\/qqpets.com\/product\/martingale-collar\/#primaryimage\"},\"thumbnailUrl\":\"https:\/\/qqpets.com\/wp-content\/uploads\/2024\/11\/Martingale-Collar2.webp\",\"datePublished\":\"2024-11-14T08:00:43+00:00\",\"dateModified\":\"2024-11-14T08:01:00+00:00\",\"description\":\"Durable and gentle Martingale collar, perfect for training and control. Customizable with logos or patterns, ideal for B2B brands wanting distinct pet accessories.\",\"breadcrumb\":{\"@id\":\"https:\/\/qqpets.com\/product\/martingale-collar\/#breadcrumb\"},\"inLanguage\":\"et\",\"potentialAction\":[{\"@type\":\"ReadAction\",\"target\":[\"https:\/\/qqpets.com\/product\/martingale-collar\/\"]}]},{\"@type\":\"ImageObject\",\"inLanguage\":\"et\",\"@id\":\"https:\/\/qqpets.com\/product\/martingale-collar\/#primaryimage\",\"url\":\"https:\/\/qqpets.com\/wp-content\/uploads\/2024\/11\/Martingale-Collar2.webp\",\"contentUrl\":\"https:\/\/qqpets.com\/wp-content\/uploads\/2024\/11\/Martingale-Collar2.webp\",\"width\":800,\"height\":800},{\"@type\":\"BreadcrumbList\",\"@id\":\"https:\/\/qqpets.com\/product\/martingale-collar\/#breadcrumb\",\"itemListElement\":[{\"@type\":\"ListItem\",\"position\":1,\"name\":\"Home\",\"item\":\"https:\/\/qqpets.com\/\"},{\"@type\":\"ListItem\",\"position\":2,\"name\":\"Products\",\"item\":\"https:\/\/qqpets.com\/pet-products-manufacturer\/\"},{\"@type\":\"ListItem\",\"position\":3,\"name\":\"Martingale Collar\"}]},{\"@type\":\"WebSite\",\"@id\":\"https:\/\/qqpets.com\/#website\",\"url\":\"https:\/\/qqpets.com\/\",\"name\":\"QQPETS\",\"description\":\"QQPETS is a pet products factory for dog harnesses, dog collars, dog leashes and dog accessories with professional customized service since 2005.\",\"publisher\":{\"@id\":\"https:\/\/qqpets.com\/#organization\"},\"potentialAction\":[{\"@type\":\"SearchAction\",\"target\":{\"@type\":\"EntryPoint\",\"urlTemplate\":\"https:\/\/qqpets.com\/?s={search_term_string}\"},\"query-input\":{\"@type\":\"PropertyValueSpecification\",\"valueRequired\":true,\"valueName\":\"search_term_string\"}}],\"inLanguage\":\"et\"},{\"@type\":\"Organization\",\"@id\":\"https:\/\/qqpets.com\/#organization\",\"name\":\"QQPETS\",\"url\":\"https:\/\/qqpets.com\/\",\"logo\":{\"@type\":\"ImageObject\",\"inLanguage\":\"et\",\"@id\":\"https:\/\/qqpets.com\/#\/schema\/logo\/image\/\",\"url\":\"https:\/\/qqpets.com\/wp-content\/uploads\/2023\/09\/cropped-cropped-qqpets-tiktok.jpg\",\"contentUrl\":\"https:\/\/qqpets.com\/wp-content\/uploads\/2023\/09\/cropped-cropped-qqpets-tiktok.jpg\",\"width\":511,\"height\":511,\"caption\":\"QQPETS\"},\"image\":{\"@id\":\"https:\/\/qqpets.com\/#\/schema\/logo\/image\/\"},\"sameAs\":[\"https:\/\/www.facebook.com\/QQpetsdogcollars\",\"https:\/\/www.instagram.com\/qqpetscollar\/\",\"https:\/\/www.pinterest.com\/qqpetsdogcollarsfactory\/\"]}]}<\/script>\n<!-- \/ Yoast SEO plugin. -->","yoast_head_json":{"title":"Martingali kaelarihm | QQPETS","description":"Vastupidav ja \u00f5rn Martingale kaelarihm, mis sobib ideaalselt treenimiseks ja kontrollimiseks. Kohandatav logode v\u00f5i mustritega, ideaalne B2B kaubam\u00e4rkidele, mis soovivad erilisi lemmikloomade aksessuaare.","robots":{"index":"index","follow":"follow","max-snippet":"max-snippet:-1","max-image-preview":"max-image-preview:large","max-video-preview":"max-video-preview:-1"},"canonical":"https:\/\/qqpets.com\/et\/toode\/martingale-collar\/","og_locale":"et_EE","og_type":"article","og_title":"Martingale Collar | QQPETS","og_description":"Durable and gentle Martingale collar, perfect for training and control. Customizable with logos or patterns, ideal for B2B brands wanting distinct pet accessories.","og_url":"https:\/\/qqpets.com\/et\/toode\/martingale-collar\/","og_site_name":"QQPETS","article_publisher":"https:\/\/www.facebook.com\/QQpetsdogcollars","article_modified_time":"2024-11-14T08:01:00+00:00","og_image":[{"width":800,"height":800,"url":"https:\/\/qqpets.com\/wp-content\/uploads\/2024\/11\/Martingale-Collar2.webp","type":"image\/webp"}],"twitter_card":"summary_large_image","twitter_misc":{"Est. reading time":"1 minut"},"schema":{"@context":"https:\/\/schema.org","@graph":[{"@type":"WebPage","@id":"https:\/\/qqpets.com\/product\/martingale-collar\/","url":"https:\/\/qqpets.com\/product\/martingale-collar\/","name":"Martingali kaelarihm | QQPETS","isPartOf":{"@id":"https:\/\/qqpets.com\/#website"},"primaryImageOfPage":{"@id":"https:\/\/qqpets.com\/product\/martingale-collar\/#primaryimage"},"image":{"@id":"https:\/\/qqpets.com\/product\/martingale-collar\/#primaryimage"},"thumbnailUrl":"https:\/\/qqpets.com\/wp-content\/uploads\/2024\/11\/Martingale-Collar2.webp","datePublished":"2024-11-14T08:00:43+00:00","dateModified":"2024-11-14T08:01:00+00:00","description":"Vastupidav ja \u00f5rn Martingale kaelarihm, mis sobib ideaalselt treenimiseks ja kontrollimiseks. Kohandatav logode v\u00f5i mustritega, ideaalne B2B kaubam\u00e4rkidele, mis soovivad erilisi lemmikloomade aksessuaare.","breadcrumb":{"@id":"https:\/\/qqpets.com\/product\/martingale-collar\/#breadcrumb"},"inLanguage":"et","potentialAction":[{"@type":"ReadAction","target":["https:\/\/qqpets.com\/product\/martingale-collar\/"]}]},{"@type":"ImageObject","inLanguage":"et","@id":"https:\/\/qqpets.com\/product\/martingale-collar\/#primaryimage","url":"https:\/\/qqpets.com\/wp-content\/uploads\/2024\/11\/Martingale-Collar2.webp","contentUrl":"https:\/\/qqpets.com\/wp-content\/uploads\/2024\/11\/Martingale-Collar2.webp","width":800,"height":800},{"@type":"BreadcrumbList","@id":"https:\/\/qqpets.com\/product\/martingale-collar\/#breadcrumb","itemListElement":[{"@type":"ListItem","position":1,"name":"Home","item":"https:\/\/qqpets.com\/"},{"@type":"ListItem","position":2,"name":"Products","item":"https:\/\/qqpets.com\/pet-products-manufacturer\/"},{"@type":"ListItem","position":3,"name":"Martingale Collar"}]},{"@type":"WebSite","@id":"https:\/\/qqpets.com\/#website","url":"https:\/\/qqpets.com\/","name":"QQPETS","description":"QQPETS on lemmikloomatoodete tehas koerte rakmete, koerte kaelarihmade, koerte rihmade ja koerte tarvikute jaoks, mis pakub professionaalset kohandatud teenust alates 2005. aastast.","publisher":{"@id":"https:\/\/qqpets.com\/#organization"},"potentialAction":[{"@type":"SearchAction","target":{"@type":"EntryPoint","urlTemplate":"https:\/\/qqpets.com\/?s={search_term_string}"},"query-input":{"@type":"PropertyValueSpecification","valueRequired":true,"valueName":"search_term_string"}}],"inLanguage":"et"},{"@type":"Organization","@id":"https:\/\/qqpets.com\/#organization","name":"QQPETS","url":"https:\/\/qqpets.com\/","logo":{"@type":"ImageObject","inLanguage":"et","@id":"https:\/\/qqpets.com\/#\/schema\/logo\/image\/","url":"https:\/\/qqpets.com\/wp-content\/uploads\/2023\/09\/cropped-cropped-qqpets-tiktok.jpg","contentUrl":"https:\/\/qqpets.com\/wp-content\/uploads\/2023\/09\/cropped-cropped-qqpets-tiktok.jpg","width":511,"height":511,"caption":"QQPETS"},"image":{"@id":"https:\/\/qqpets.com\/#\/schema\/logo\/image\/"},"sameAs":["https:\/\/www.facebook.com\/QQpetsdogcollars","https:\/\/www.instagram.com\/qqpetscollar\/","https:\/\/www.pinterest.com\/qqpetsdogcollarsfactory\/"]}]}},"_links":{"self":[{"href":"https:\/\/qqpets.com\/et\/wp-json\/wp\/v2\/product\/9358","targetHints":{"allow":["GET"]}}],"collection":[{"href":"https:\/\/qqpets.com\/et\/wp-json\/wp\/v2\/product"}],"about":[{"href":"https:\/\/qqpets.com\/et\/wp-json\/wp\/v2\/types\/product"}],"wp:featuredmedia":[{"embeddable":true,"href":"https:\/\/qqpets.com\/et\/wp-json\/wp\/v2\/media\/9360"}],"wp:attachment":[{"href":"https:\/\/qqpets.com\/et\/wp-json\/wp\/v2\/media?parent=9358"}],"wp:term":[{"taxonomy":"product_brand","embeddable":true,"href":"https:\/\/qqpets.com\/et\/wp-json\/wp\/v2\/product_brand?post=9358"},{"taxonomy":"product_cat","embeddable":true,"href":"https:\/\/qqpets.com\/et\/wp-json\/wp\/v2\/product_cat?post=9358"},{"taxonomy":"product_tag","embeddable":true,"href":"https:\/\/qqpets.com\/et\/wp-json\/wp\/v2\/product_tag?post=9358"}],"curies":[{"name":"wp","href":"https:\/\/api.w.org\/{rel}","templated":true}]}}