{"id":9364,"date":"2024-11-14T16:06:33","date_gmt":"2024-11-14T08:06:33","guid":{"rendered":"https:\/\/qqpets.com\/?post_type=product&#038;p=9364"},"modified":"2024-11-14T16:06:33","modified_gmt":"2024-11-14T08:06:33","slug":"pin-buckle-collar","status":"publish","type":"product","link":"https:\/\/qqpets.com\/et\/toode\/pin-buckle-collar\/","title":{"rendered":"Pin Buckle krae"},"content":{"rendered":"<p>Pin Buckle Collar \u00fchendab endas klassikalise disaini ja suurep\u00e4rase funktsionaalsuse, mist\u00f5ttu on see suurep\u00e4rane valik kaubam\u00e4rkidele, kes soovivad pakkuda mitmek\u00fclgset ja kohandatavat kaelarihma. See kaelarihm on loodud vastu pidama igap\u00e4evase kandmise raskustele ja sellel on \u00fclitugev metallist poldilukk, mis tagab turvalise ja kergesti reguleeritava kinnituse. Selle tugevat konstruktsiooni t\u00e4iendavad mugavusele suunatud materjalid, mis hoiavad \u00e4ra \u00e4rrituse, mist\u00f5ttu sobib see k\u00f5ikide t\u00f5ugude ja suuruste koertele.<\/p>\n<p>Selle krae peamine eelis B2B-klientide jaoks on selle t\u00e4ielik kohandatavus. Kaubam\u00e4rgid saavad lisada logosid, mustreid ja v\u00e4rvilahendusi, et kajastada oma unikaalset identiteeti ja eristuda lemmikloomade aksessuaaride turul. Pin Buckle Collar sobib ideaalselt ettev\u00f5tetele, kes soovivad \u00fchendada praktilisuse ja br\u00e4ndi n\u00e4htavuse, muutes igap\u00e4evase lemmikloomatoote v\u00e4ljapaistvaks esemeks.<\/p>\n<p>T\u00e4nu oma vastupidavusele, kasutusmugavusele ja k\u00f5rgele kohandamise tasemele on see kaelarihm v\u00e4\u00e4rtuslik t\u00e4iendus iga lemmikloomam\u00e4rgi kollektsioonile. Kas seda kasutatakse jalutusk\u00e4ikudeks, treeninguks v\u00f5i juhuslikuks kandmiseks, Pin Buckle Collar on loodud nii koertele kui ka nende omanikele muljet avaldama oma kvaliteedi ja stiiliga.<\/p>","protected":false},"excerpt":{"rendered":"<p>Meie Pin Buckle Collar on valmistatud vastupidavuse ja mugavuse tagamiseks ning sellel on tugev metallist lukk, mis kinnitub kergesti ja usaldusv\u00e4\u00e4rselt. See kaelarihm on t\u00e4ielikult kohandatav, v\u00f5imaldades B2B-klientidel lisada unikaalseid logosid v\u00f5i mustreid, mis sobivad nende kaubam\u00e4rgiga. Kvaliteetsetest materjalidest valmistatud kaelarihm sobib ideaalselt igap\u00e4evaseks kasutamiseks, pakkudes nii funktsionaalsust kui ka stiili igas suuruses koertele. See kaelarihm sobib ideaalselt lemmikloomade kaubam\u00e4rkidele, kes soovivad pakkuda oma klientidele stiilset, vastupidavat ja kaubam\u00e4rgiga varustatud kaelarihma, mida on lihtne kasutada ja mis on kauakestev.<\/p>\n<p>&nbsp;<\/p>","protected":false},"featured_media":9365,"template":"","meta":[],"product_brand":[],"product_cat":[26],"product_tag":[],"class_list":{"0":"post-9364","1":"product","2":"type-product","3":"status-publish","4":"has-post-thumbnail","6":"product_cat-dog-collar","8":"first","9":"instock","10":"shipping-taxable","11":"product-type-simple"},"yoast_head":"<!-- This site is optimized with the Yoast SEO plugin v26.6 - https:\/\/yoast.com\/wordpress\/plugins\/seo\/ -->\n<title>Pin Buckle Collar | QQPETS<\/title>\n<meta name=\"description\" content=\"Sturdy and stylish Pin Buckle Collar, designed for durability and comfort. Fully customizable with logos or patterns, ideal for brands seeking unique pet products.\" \/>\n<meta name=\"robots\" content=\"index, follow, max-snippet:-1, max-image-preview:large, max-video-preview:-1\" \/>\n<link rel=\"canonical\" href=\"https:\/\/qqpets.com\/et\/toode\/pin-buckle-collar\/\" \/>\n<meta property=\"og:locale\" content=\"et_EE\" \/>\n<meta property=\"og:type\" content=\"article\" \/>\n<meta property=\"og:title\" content=\"Pin Buckle Collar | QQPETS\" \/>\n<meta property=\"og:description\" content=\"Sturdy and stylish Pin Buckle Collar, designed for durability and comfort. Fully customizable with logos or patterns, ideal for brands seeking unique pet products.\" \/>\n<meta property=\"og:url\" content=\"https:\/\/qqpets.com\/et\/toode\/pin-buckle-collar\/\" \/>\n<meta property=\"og:site_name\" content=\"QQPETS\" \/>\n<meta property=\"article:publisher\" content=\"https:\/\/www.facebook.com\/QQpetsdogcollars\" \/>\n<meta property=\"og:image\" content=\"https:\/\/qqpets.com\/wp-content\/uploads\/2024\/11\/Pin-Buckle-Collar1.webp\" \/>\n\t<meta property=\"og:image:width\" content=\"800\" \/>\n\t<meta property=\"og:image:height\" content=\"800\" \/>\n\t<meta property=\"og:image:type\" content=\"image\/webp\" \/>\n<meta name=\"twitter:card\" content=\"summary_large_image\" \/>\n<meta name=\"twitter:label1\" content=\"Est. reading time\" \/>\n\t<meta name=\"twitter:data1\" content=\"1 minut\" \/>\n<script type=\"application\/ld+json\" class=\"yoast-schema-graph\">{\"@context\":\"https:\/\/schema.org\",\"@graph\":[{\"@type\":\"WebPage\",\"@id\":\"https:\/\/qqpets.com\/product\/pin-buckle-collar\/\",\"url\":\"https:\/\/qqpets.com\/product\/pin-buckle-collar\/\",\"name\":\"Pin Buckle Collar | QQPETS\",\"isPartOf\":{\"@id\":\"https:\/\/qqpets.com\/#website\"},\"primaryImageOfPage\":{\"@id\":\"https:\/\/qqpets.com\/product\/pin-buckle-collar\/#primaryimage\"},\"image\":{\"@id\":\"https:\/\/qqpets.com\/product\/pin-buckle-collar\/#primaryimage\"},\"thumbnailUrl\":\"https:\/\/qqpets.com\/wp-content\/uploads\/2024\/11\/Pin-Buckle-Collar1.webp\",\"datePublished\":\"2024-11-14T08:06:33+00:00\",\"description\":\"Sturdy and stylish Pin Buckle Collar, designed for durability and comfort. Fully customizable with logos or patterns, ideal for brands seeking unique pet products.\",\"breadcrumb\":{\"@id\":\"https:\/\/qqpets.com\/product\/pin-buckle-collar\/#breadcrumb\"},\"inLanguage\":\"et\",\"potentialAction\":[{\"@type\":\"ReadAction\",\"target\":[\"https:\/\/qqpets.com\/product\/pin-buckle-collar\/\"]}]},{\"@type\":\"ImageObject\",\"inLanguage\":\"et\",\"@id\":\"https:\/\/qqpets.com\/product\/pin-buckle-collar\/#primaryimage\",\"url\":\"https:\/\/qqpets.com\/wp-content\/uploads\/2024\/11\/Pin-Buckle-Collar1.webp\",\"contentUrl\":\"https:\/\/qqpets.com\/wp-content\/uploads\/2024\/11\/Pin-Buckle-Collar1.webp\",\"width\":800,\"height\":800},{\"@type\":\"BreadcrumbList\",\"@id\":\"https:\/\/qqpets.com\/product\/pin-buckle-collar\/#breadcrumb\",\"itemListElement\":[{\"@type\":\"ListItem\",\"position\":1,\"name\":\"Home\",\"item\":\"https:\/\/qqpets.com\/\"},{\"@type\":\"ListItem\",\"position\":2,\"name\":\"Products\",\"item\":\"https:\/\/qqpets.com\/pet-products-manufacturer\/\"},{\"@type\":\"ListItem\",\"position\":3,\"name\":\"Pin Buckle Collar\"}]},{\"@type\":\"WebSite\",\"@id\":\"https:\/\/qqpets.com\/#website\",\"url\":\"https:\/\/qqpets.com\/\",\"name\":\"QQPETS\",\"description\":\"QQPETS is a pet products factory for dog harnesses, dog collars, dog leashes and dog accessories with professional customized service since 2005.\",\"publisher\":{\"@id\":\"https:\/\/qqpets.com\/#organization\"},\"potentialAction\":[{\"@type\":\"SearchAction\",\"target\":{\"@type\":\"EntryPoint\",\"urlTemplate\":\"https:\/\/qqpets.com\/?s={search_term_string}\"},\"query-input\":{\"@type\":\"PropertyValueSpecification\",\"valueRequired\":true,\"valueName\":\"search_term_string\"}}],\"inLanguage\":\"et\"},{\"@type\":\"Organization\",\"@id\":\"https:\/\/qqpets.com\/#organization\",\"name\":\"QQPETS\",\"url\":\"https:\/\/qqpets.com\/\",\"logo\":{\"@type\":\"ImageObject\",\"inLanguage\":\"et\",\"@id\":\"https:\/\/qqpets.com\/#\/schema\/logo\/image\/\",\"url\":\"https:\/\/qqpets.com\/wp-content\/uploads\/2023\/09\/cropped-cropped-qqpets-tiktok.jpg\",\"contentUrl\":\"https:\/\/qqpets.com\/wp-content\/uploads\/2023\/09\/cropped-cropped-qqpets-tiktok.jpg\",\"width\":511,\"height\":511,\"caption\":\"QQPETS\"},\"image\":{\"@id\":\"https:\/\/qqpets.com\/#\/schema\/logo\/image\/\"},\"sameAs\":[\"https:\/\/www.facebook.com\/QQpetsdogcollars\",\"https:\/\/www.instagram.com\/qqpetscollar\/\",\"https:\/\/www.pinterest.com\/qqpetsdogcollarsfactory\/\"]}]}<\/script>\n<!-- \/ Yoast SEO plugin. -->","yoast_head_json":{"title":"Pin Buckle krae | QQPETS","description":"Vastupidav ja stiilne Pin Buckle krae, mis on disainitud vastupidavuse ja mugavuse tagamiseks. T\u00e4ielikult kohandatav logode v\u00f5i mustritega, ideaalne kaubam\u00e4rkidele, mis otsivad unikaalseid lemmikloomatooteid.","robots":{"index":"index","follow":"follow","max-snippet":"max-snippet:-1","max-image-preview":"max-image-preview:large","max-video-preview":"max-video-preview:-1"},"canonical":"https:\/\/qqpets.com\/et\/toode\/pin-buckle-collar\/","og_locale":"et_EE","og_type":"article","og_title":"Pin Buckle Collar | QQPETS","og_description":"Sturdy and stylish Pin Buckle Collar, designed for durability and comfort. Fully customizable with logos or patterns, ideal for brands seeking unique pet products.","og_url":"https:\/\/qqpets.com\/et\/toode\/pin-buckle-collar\/","og_site_name":"QQPETS","article_publisher":"https:\/\/www.facebook.com\/QQpetsdogcollars","og_image":[{"width":800,"height":800,"url":"https:\/\/qqpets.com\/wp-content\/uploads\/2024\/11\/Pin-Buckle-Collar1.webp","type":"image\/webp"}],"twitter_card":"summary_large_image","twitter_misc":{"Est. reading time":"1 minut"},"schema":{"@context":"https:\/\/schema.org","@graph":[{"@type":"WebPage","@id":"https:\/\/qqpets.com\/product\/pin-buckle-collar\/","url":"https:\/\/qqpets.com\/product\/pin-buckle-collar\/","name":"Pin Buckle krae | QQPETS","isPartOf":{"@id":"https:\/\/qqpets.com\/#website"},"primaryImageOfPage":{"@id":"https:\/\/qqpets.com\/product\/pin-buckle-collar\/#primaryimage"},"image":{"@id":"https:\/\/qqpets.com\/product\/pin-buckle-collar\/#primaryimage"},"thumbnailUrl":"https:\/\/qqpets.com\/wp-content\/uploads\/2024\/11\/Pin-Buckle-Collar1.webp","datePublished":"2024-11-14T08:06:33+00:00","description":"Vastupidav ja stiilne Pin Buckle krae, mis on disainitud vastupidavuse ja mugavuse tagamiseks. T\u00e4ielikult kohandatav logode v\u00f5i mustritega, ideaalne kaubam\u00e4rkidele, mis otsivad unikaalseid lemmikloomatooteid.","breadcrumb":{"@id":"https:\/\/qqpets.com\/product\/pin-buckle-collar\/#breadcrumb"},"inLanguage":"et","potentialAction":[{"@type":"ReadAction","target":["https:\/\/qqpets.com\/product\/pin-buckle-collar\/"]}]},{"@type":"ImageObject","inLanguage":"et","@id":"https:\/\/qqpets.com\/product\/pin-buckle-collar\/#primaryimage","url":"https:\/\/qqpets.com\/wp-content\/uploads\/2024\/11\/Pin-Buckle-Collar1.webp","contentUrl":"https:\/\/qqpets.com\/wp-content\/uploads\/2024\/11\/Pin-Buckle-Collar1.webp","width":800,"height":800},{"@type":"BreadcrumbList","@id":"https:\/\/qqpets.com\/product\/pin-buckle-collar\/#breadcrumb","itemListElement":[{"@type":"ListItem","position":1,"name":"Home","item":"https:\/\/qqpets.com\/"},{"@type":"ListItem","position":2,"name":"Products","item":"https:\/\/qqpets.com\/pet-products-manufacturer\/"},{"@type":"ListItem","position":3,"name":"Pin Buckle Collar"}]},{"@type":"WebSite","@id":"https:\/\/qqpets.com\/#website","url":"https:\/\/qqpets.com\/","name":"QQPETS","description":"QQPETS on lemmikloomatoodete tehas koerte rakmete, koerte kaelarihmade, koerte rihmade ja koerte tarvikute jaoks, mis pakub professionaalset kohandatud teenust alates 2005. aastast.","publisher":{"@id":"https:\/\/qqpets.com\/#organization"},"potentialAction":[{"@type":"SearchAction","target":{"@type":"EntryPoint","urlTemplate":"https:\/\/qqpets.com\/?s={search_term_string}"},"query-input":{"@type":"PropertyValueSpecification","valueRequired":true,"valueName":"search_term_string"}}],"inLanguage":"et"},{"@type":"Organization","@id":"https:\/\/qqpets.com\/#organization","name":"QQPETS","url":"https:\/\/qqpets.com\/","logo":{"@type":"ImageObject","inLanguage":"et","@id":"https:\/\/qqpets.com\/#\/schema\/logo\/image\/","url":"https:\/\/qqpets.com\/wp-content\/uploads\/2023\/09\/cropped-cropped-qqpets-tiktok.jpg","contentUrl":"https:\/\/qqpets.com\/wp-content\/uploads\/2023\/09\/cropped-cropped-qqpets-tiktok.jpg","width":511,"height":511,"caption":"QQPETS"},"image":{"@id":"https:\/\/qqpets.com\/#\/schema\/logo\/image\/"},"sameAs":["https:\/\/www.facebook.com\/QQpetsdogcollars","https:\/\/www.instagram.com\/qqpetscollar\/","https:\/\/www.pinterest.com\/qqpetsdogcollarsfactory\/"]}]}},"_links":{"self":[{"href":"https:\/\/qqpets.com\/et\/wp-json\/wp\/v2\/product\/9364","targetHints":{"allow":["GET"]}}],"collection":[{"href":"https:\/\/qqpets.com\/et\/wp-json\/wp\/v2\/product"}],"about":[{"href":"https:\/\/qqpets.com\/et\/wp-json\/wp\/v2\/types\/product"}],"wp:featuredmedia":[{"embeddable":true,"href":"https:\/\/qqpets.com\/et\/wp-json\/wp\/v2\/media\/9365"}],"wp:attachment":[{"href":"https:\/\/qqpets.com\/et\/wp-json\/wp\/v2\/media?parent=9364"}],"wp:term":[{"taxonomy":"product_brand","embeddable":true,"href":"https:\/\/qqpets.com\/et\/wp-json\/wp\/v2\/product_brand?post=9364"},{"taxonomy":"product_cat","embeddable":true,"href":"https:\/\/qqpets.com\/et\/wp-json\/wp\/v2\/product_cat?post=9364"},{"taxonomy":"product_tag","embeddable":true,"href":"https:\/\/qqpets.com\/et\/wp-json\/wp\/v2\/product_tag?post=9364"}],"curies":[{"name":"wp","href":"https:\/\/api.w.org\/{rel}","templated":true}]}}