{"id":9371,"date":"2024-11-14T16:30:26","date_gmt":"2024-11-14T08:30:26","guid":{"rendered":"https:\/\/qqpets.com\/?post_type=product&#038;p=9371"},"modified":"2024-11-14T16:30:26","modified_gmt":"2024-11-14T08:30:26","slug":"qr-tag-cat-collar","status":"publish","type":"product","link":"https:\/\/qqpets.com\/et\/toode\/qr-tag-cat-collar\/","title":{"rendered":"QR Tag kassikaelarihm"},"content":{"rendered":"<p>QR Tag Cat Collar on stiili, ohutuse ja innovatsiooni \u00fclim segu, mis on loodud vastama kaasaegse lemmiklooma pidamise n\u00f5uetele. See sisseehitatud QR-sildiga kaelarihm v\u00f5imaldab skaneerimisel kiiret ja lihtsat juurdep\u00e4\u00e4su lemmiklooma ID-, kontakt- v\u00f5i meditsiinilistele andmetele, pakkudes suuremat turvalisust, mida kassiomanikud hindavad.<\/p>\n<p>B2B-klientide jaoks on QR-kleebise kassikaelarihm kohandatav v\u00f5imalus, mida saab kohandada iga br\u00e4ndi identiteediga. Alates logodest kuni eristavate mustriteni saavad ettev\u00f5tted luua kaelarihma, mis mitte ainult ei suurenda lemmiklooma turvalisust, vaid edendab ka br\u00e4ndi n\u00e4htavust. See pehmest, kuid vastupidavast materjalist valmistatud kaelarihm tagab mugavuse igat t\u00f5ugu ja suurusega kassidele, s\u00e4ilitades samas igap\u00e4evaseks kandmiseks vajaliku tugevuse.<\/p>\n<p>Lisaks funktsionaalsusele pakub QR-m\u00e4rgisega kassikaelarihm v\u00e4\u00e4rtuslikku v\u00f5imalust br\u00e4ndi loomiseks, muutes praktilise aksessuaari visuaalselt atraktiivseks tooteks, mis k\u00f5netab lemmikloomaomanike prioriteete. See on ideaalne valik lemmikloomam\u00e4rkidele, kes soovivad \u00fchendada turvalisuse, mugavuse ja stiili, pakkudes usaldusv\u00e4\u00e4rset ja uuenduslikku kaelarihma, mis aitab luua klientide seas usaldust ja lojaalsust.<\/p>","protected":false},"excerpt":{"rendered":"<p>Meie QR-m\u00e4rgise kassikaelarihm pakub moodsat v\u00f5imalust lemmiklooma ohutuse ja identifitseerimise parandamiseks. Integreeritud QR-sildiga kaelarihm v\u00f5imaldab skaneerimisel kiiret juurdep\u00e4\u00e4su lemmiklooma andmetele, pakkudes kassiomanikele meelerahu. Ideaalne B2B-klientidele, sest kaelarihm on t\u00e4ielikult kohandatav logode v\u00f5i mustritega, mis on koosk\u00f5las mis tahes kaubam\u00e4rgi esteetiliste ja ohutusstandarditega. Mugavuse tagamiseks kavandatud ja vastupidavast materjalist valmistatud kaelarihm sobib ideaalselt nii aktiivsetele kassidele kui ka stiiliteadlikele lemmikloomam\u00e4rkidele, suurendades nii turvalisust kui ka br\u00e4ndi n\u00e4htavust \u00fches elegantses aksessuaaris.<\/p>\n<p>&nbsp;<\/p>","protected":false},"featured_media":9372,"template":"","meta":[],"product_brand":[],"product_cat":[26],"product_tag":[],"class_list":{"0":"post-9371","1":"product","2":"type-product","3":"status-publish","4":"has-post-thumbnail","6":"product_cat-dog-collar","8":"first","9":"instock","10":"shipping-taxable","11":"product-type-simple"},"yoast_head":"<!-- This site is optimized with the Yoast SEO plugin v26.6 - https:\/\/yoast.com\/wordpress\/plugins\/seo\/ -->\n<title>QR Tag Cat Collar | QQPETS<\/title>\n<meta name=\"description\" content=\"QR Tag Cat Collar combines safety with customization. Easily scannable for pet info and fully customizable with logos or patterns\u2014perfect for B2B branding needs.\" \/>\n<meta name=\"robots\" content=\"index, follow, max-snippet:-1, max-image-preview:large, max-video-preview:-1\" \/>\n<link rel=\"canonical\" href=\"https:\/\/qqpets.com\/et\/toode\/qr-tag-cat-collar\/\" \/>\n<meta property=\"og:locale\" content=\"et_EE\" \/>\n<meta property=\"og:type\" content=\"article\" \/>\n<meta property=\"og:title\" content=\"QR Tag Cat Collar | QQPETS\" \/>\n<meta property=\"og:description\" content=\"QR Tag Cat Collar combines safety with customization. Easily scannable for pet info and fully customizable with logos or patterns\u2014perfect for B2B branding needs.\" \/>\n<meta property=\"og:url\" content=\"https:\/\/qqpets.com\/et\/toode\/qr-tag-cat-collar\/\" \/>\n<meta property=\"og:site_name\" content=\"QQPETS\" \/>\n<meta property=\"article:publisher\" content=\"https:\/\/www.facebook.com\/QQpetsdogcollars\" \/>\n<meta property=\"og:image\" content=\"https:\/\/qqpets.com\/wp-content\/uploads\/2024\/11\/QR-Tag-Cat-Collar1.webp\" \/>\n\t<meta property=\"og:image:width\" content=\"1000\" \/>\n\t<meta property=\"og:image:height\" content=\"1000\" \/>\n\t<meta property=\"og:image:type\" content=\"image\/webp\" \/>\n<meta name=\"twitter:card\" content=\"summary_large_image\" \/>\n<meta name=\"twitter:label1\" content=\"Est. reading time\" \/>\n\t<meta name=\"twitter:data1\" content=\"1 minut\" \/>\n<script type=\"application\/ld+json\" class=\"yoast-schema-graph\">{\"@context\":\"https:\/\/schema.org\",\"@graph\":[{\"@type\":\"WebPage\",\"@id\":\"https:\/\/qqpets.com\/product\/qr-tag-cat-collar\/\",\"url\":\"https:\/\/qqpets.com\/product\/qr-tag-cat-collar\/\",\"name\":\"QR Tag Cat Collar | QQPETS\",\"isPartOf\":{\"@id\":\"https:\/\/qqpets.com\/#website\"},\"primaryImageOfPage\":{\"@id\":\"https:\/\/qqpets.com\/product\/qr-tag-cat-collar\/#primaryimage\"},\"image\":{\"@id\":\"https:\/\/qqpets.com\/product\/qr-tag-cat-collar\/#primaryimage\"},\"thumbnailUrl\":\"https:\/\/qqpets.com\/wp-content\/uploads\/2024\/11\/QR-Tag-Cat-Collar1.webp\",\"datePublished\":\"2024-11-14T08:30:26+00:00\",\"description\":\"QR Tag Cat Collar combines safety with customization. Easily scannable for pet info and fully customizable with logos or patterns\u2014perfect for B2B branding needs.\",\"breadcrumb\":{\"@id\":\"https:\/\/qqpets.com\/product\/qr-tag-cat-collar\/#breadcrumb\"},\"inLanguage\":\"et\",\"potentialAction\":[{\"@type\":\"ReadAction\",\"target\":[\"https:\/\/qqpets.com\/product\/qr-tag-cat-collar\/\"]}]},{\"@type\":\"ImageObject\",\"inLanguage\":\"et\",\"@id\":\"https:\/\/qqpets.com\/product\/qr-tag-cat-collar\/#primaryimage\",\"url\":\"https:\/\/qqpets.com\/wp-content\/uploads\/2024\/11\/QR-Tag-Cat-Collar1.webp\",\"contentUrl\":\"https:\/\/qqpets.com\/wp-content\/uploads\/2024\/11\/QR-Tag-Cat-Collar1.webp\",\"width\":1000,\"height\":1000},{\"@type\":\"BreadcrumbList\",\"@id\":\"https:\/\/qqpets.com\/product\/qr-tag-cat-collar\/#breadcrumb\",\"itemListElement\":[{\"@type\":\"ListItem\",\"position\":1,\"name\":\"Home\",\"item\":\"https:\/\/qqpets.com\/\"},{\"@type\":\"ListItem\",\"position\":2,\"name\":\"Products\",\"item\":\"https:\/\/qqpets.com\/pet-products-manufacturer\/\"},{\"@type\":\"ListItem\",\"position\":3,\"name\":\"QR Tag Cat Collar\"}]},{\"@type\":\"WebSite\",\"@id\":\"https:\/\/qqpets.com\/#website\",\"url\":\"https:\/\/qqpets.com\/\",\"name\":\"QQPETS\",\"description\":\"QQPETS is a pet products factory for dog harnesses, dog collars, dog leashes and dog accessories with professional customized service since 2005.\",\"publisher\":{\"@id\":\"https:\/\/qqpets.com\/#organization\"},\"potentialAction\":[{\"@type\":\"SearchAction\",\"target\":{\"@type\":\"EntryPoint\",\"urlTemplate\":\"https:\/\/qqpets.com\/?s={search_term_string}\"},\"query-input\":{\"@type\":\"PropertyValueSpecification\",\"valueRequired\":true,\"valueName\":\"search_term_string\"}}],\"inLanguage\":\"et\"},{\"@type\":\"Organization\",\"@id\":\"https:\/\/qqpets.com\/#organization\",\"name\":\"QQPETS\",\"url\":\"https:\/\/qqpets.com\/\",\"logo\":{\"@type\":\"ImageObject\",\"inLanguage\":\"et\",\"@id\":\"https:\/\/qqpets.com\/#\/schema\/logo\/image\/\",\"url\":\"https:\/\/qqpets.com\/wp-content\/uploads\/2023\/09\/cropped-cropped-qqpets-tiktok.jpg\",\"contentUrl\":\"https:\/\/qqpets.com\/wp-content\/uploads\/2023\/09\/cropped-cropped-qqpets-tiktok.jpg\",\"width\":511,\"height\":511,\"caption\":\"QQPETS\"},\"image\":{\"@id\":\"https:\/\/qqpets.com\/#\/schema\/logo\/image\/\"},\"sameAs\":[\"https:\/\/www.facebook.com\/QQpetsdogcollars\",\"https:\/\/www.instagram.com\/qqpetscollar\/\",\"https:\/\/www.pinterest.com\/qqpetsdogcollarsfactory\/\"]}]}<\/script>\n<!-- \/ Yoast SEO plugin. -->","yoast_head_json":{"title":"QR Tag kassikaelarihm | QQPETS","description":"QR Tag Cat Collar \u00fchendab endas ohutuse ja kohandamise. Lihtsalt skaneeritav lemmiklooma info saamiseks ja t\u00e4ielikult kohandatav logode v\u00f5i mustritega - ideaalne B2B br\u00e4ndingu vajaduste jaoks.","robots":{"index":"index","follow":"follow","max-snippet":"max-snippet:-1","max-image-preview":"max-image-preview:large","max-video-preview":"max-video-preview:-1"},"canonical":"https:\/\/qqpets.com\/et\/toode\/qr-tag-cat-collar\/","og_locale":"et_EE","og_type":"article","og_title":"QR Tag Cat Collar | QQPETS","og_description":"QR Tag Cat Collar combines safety with customization. Easily scannable for pet info and fully customizable with logos or patterns\u2014perfect for B2B branding needs.","og_url":"https:\/\/qqpets.com\/et\/toode\/qr-tag-cat-collar\/","og_site_name":"QQPETS","article_publisher":"https:\/\/www.facebook.com\/QQpetsdogcollars","og_image":[{"width":1000,"height":1000,"url":"https:\/\/qqpets.com\/wp-content\/uploads\/2024\/11\/QR-Tag-Cat-Collar1.webp","type":"image\/webp"}],"twitter_card":"summary_large_image","twitter_misc":{"Est. reading time":"1 minut"},"schema":{"@context":"https:\/\/schema.org","@graph":[{"@type":"WebPage","@id":"https:\/\/qqpets.com\/product\/qr-tag-cat-collar\/","url":"https:\/\/qqpets.com\/product\/qr-tag-cat-collar\/","name":"QR Tag kassikaelarihm | QQPETS","isPartOf":{"@id":"https:\/\/qqpets.com\/#website"},"primaryImageOfPage":{"@id":"https:\/\/qqpets.com\/product\/qr-tag-cat-collar\/#primaryimage"},"image":{"@id":"https:\/\/qqpets.com\/product\/qr-tag-cat-collar\/#primaryimage"},"thumbnailUrl":"https:\/\/qqpets.com\/wp-content\/uploads\/2024\/11\/QR-Tag-Cat-Collar1.webp","datePublished":"2024-11-14T08:30:26+00:00","description":"QR Tag Cat Collar \u00fchendab endas ohutuse ja kohandamise. Lihtsalt skaneeritav lemmiklooma info saamiseks ja t\u00e4ielikult kohandatav logode v\u00f5i mustritega - ideaalne B2B br\u00e4ndingu vajaduste jaoks.","breadcrumb":{"@id":"https:\/\/qqpets.com\/product\/qr-tag-cat-collar\/#breadcrumb"},"inLanguage":"et","potentialAction":[{"@type":"ReadAction","target":["https:\/\/qqpets.com\/product\/qr-tag-cat-collar\/"]}]},{"@type":"ImageObject","inLanguage":"et","@id":"https:\/\/qqpets.com\/product\/qr-tag-cat-collar\/#primaryimage","url":"https:\/\/qqpets.com\/wp-content\/uploads\/2024\/11\/QR-Tag-Cat-Collar1.webp","contentUrl":"https:\/\/qqpets.com\/wp-content\/uploads\/2024\/11\/QR-Tag-Cat-Collar1.webp","width":1000,"height":1000},{"@type":"BreadcrumbList","@id":"https:\/\/qqpets.com\/product\/qr-tag-cat-collar\/#breadcrumb","itemListElement":[{"@type":"ListItem","position":1,"name":"Home","item":"https:\/\/qqpets.com\/"},{"@type":"ListItem","position":2,"name":"Products","item":"https:\/\/qqpets.com\/pet-products-manufacturer\/"},{"@type":"ListItem","position":3,"name":"QR Tag Cat Collar"}]},{"@type":"WebSite","@id":"https:\/\/qqpets.com\/#website","url":"https:\/\/qqpets.com\/","name":"QQPETS","description":"QQPETS on lemmikloomatoodete tehas koerte rakmete, koerte kaelarihmade, koerte rihmade ja koerte tarvikute jaoks, mis pakub professionaalset kohandatud teenust alates 2005. aastast.","publisher":{"@id":"https:\/\/qqpets.com\/#organization"},"potentialAction":[{"@type":"SearchAction","target":{"@type":"EntryPoint","urlTemplate":"https:\/\/qqpets.com\/?s={search_term_string}"},"query-input":{"@type":"PropertyValueSpecification","valueRequired":true,"valueName":"search_term_string"}}],"inLanguage":"et"},{"@type":"Organization","@id":"https:\/\/qqpets.com\/#organization","name":"QQPETS","url":"https:\/\/qqpets.com\/","logo":{"@type":"ImageObject","inLanguage":"et","@id":"https:\/\/qqpets.com\/#\/schema\/logo\/image\/","url":"https:\/\/qqpets.com\/wp-content\/uploads\/2023\/09\/cropped-cropped-qqpets-tiktok.jpg","contentUrl":"https:\/\/qqpets.com\/wp-content\/uploads\/2023\/09\/cropped-cropped-qqpets-tiktok.jpg","width":511,"height":511,"caption":"QQPETS"},"image":{"@id":"https:\/\/qqpets.com\/#\/schema\/logo\/image\/"},"sameAs":["https:\/\/www.facebook.com\/QQpetsdogcollars","https:\/\/www.instagram.com\/qqpetscollar\/","https:\/\/www.pinterest.com\/qqpetsdogcollarsfactory\/"]}]}},"_links":{"self":[{"href":"https:\/\/qqpets.com\/et\/wp-json\/wp\/v2\/product\/9371","targetHints":{"allow":["GET"]}}],"collection":[{"href":"https:\/\/qqpets.com\/et\/wp-json\/wp\/v2\/product"}],"about":[{"href":"https:\/\/qqpets.com\/et\/wp-json\/wp\/v2\/types\/product"}],"wp:featuredmedia":[{"embeddable":true,"href":"https:\/\/qqpets.com\/et\/wp-json\/wp\/v2\/media\/9372"}],"wp:attachment":[{"href":"https:\/\/qqpets.com\/et\/wp-json\/wp\/v2\/media?parent=9371"}],"wp:term":[{"taxonomy":"product_brand","embeddable":true,"href":"https:\/\/qqpets.com\/et\/wp-json\/wp\/v2\/product_brand?post=9371"},{"taxonomy":"product_cat","embeddable":true,"href":"https:\/\/qqpets.com\/et\/wp-json\/wp\/v2\/product_cat?post=9371"},{"taxonomy":"product_tag","embeddable":true,"href":"https:\/\/qqpets.com\/et\/wp-json\/wp\/v2\/product_tag?post=9371"}],"curies":[{"name":"wp","href":"https:\/\/api.w.org\/{rel}","templated":true}]}}