{"id":9378,"date":"2024-11-14T16:42:01","date_gmt":"2024-11-14T08:42:01","guid":{"rendered":"https:\/\/qqpets.com\/?post_type=product&#038;p=9378"},"modified":"2024-11-14T16:42:01","modified_gmt":"2024-11-14T08:42:01","slug":"dual-clip-leash","status":"publish","type":"product","link":"https:\/\/qqpets.com\/et\/toode\/dual-clip-leash\/","title":{"rendered":"Dual Clip rihma"},"content":{"rendered":"<p>Dual Clip Leash on loodud selleks, et pakkuda lemmikloomaomanikele paremat kontrolli ja kohanemisv\u00f5imet, ning sellel on kaks mugavat kinnituspunkti, mis suurendavad mitmek\u00fclgsust. See kahe klambriga disain v\u00f5imaldab turvalist, kohandatud jalutusstiili, mist\u00f5ttu on see populaarne valik nii treeninguks kui ka igap\u00e4evasteks jalutusk\u00e4ikudeks. T\u00e4iendav klamber pakub v\u00f5imalust kinnitada korraga nii kaelarihma kui ka rakmete k\u00fclge, jaotades survet ja suurendades kontrolli isegi k\u00f5ige energilisemate lemmikloomade \u00fcle.<\/p>\n<p>B2B-klientide jaoks on Dual Clip Leash valmistatud kohandamist silmas pidades. See rihm toetab mitmesuguseid br\u00e4ndimisv\u00f5imalusi, v\u00f5imaldades sujuvalt integreerida logosid, unikaalseid mustreid v\u00f5i konkreetseid v\u00e4rvilahendusi. Kvaliteetsetest ja vastupidavatest materjalidest valmistatud rihm on ehitatud nii, et see peab vastu regulaarsele kasutamisele ja s\u00e4ilitab oma v\u00e4limuse aja jooksul, tagades pikaealisuse ja kliendi rahulolu. Turvalised klambrid on m\u00f5eldud h\u00f5lpsaks k\u00e4sitsemiseks, samas kui rihma kerge, kuid tugev konstruktsioon tagab mugavuse nii lemmikloomale kui ka k\u00e4epidajaile.<\/p>\n<p>Selle rihma kohandatavus ja br\u00e4ndipotentsiaal teevad sellest ideaalse toote ettev\u00f5tetele, kes soovivad lemmikloomatarvikute turul silma paista. Dual Clip Leashiga saavad ettev\u00f5tted pakkuda lemmikloomaomanikele stiilset, funktsionaalset ja br\u00e4ndi tugevdavat lahendust nende igap\u00e4evasteks jalutusk\u00e4ikudeks ja treeningvajadusteks.<\/p>","protected":false},"excerpt":{"rendered":"<p>Dual Clip Leash pakub kahe kinnituspunktiga suurep\u00e4rast kontrolli ja paindlikkust, mis sobib ideaalselt aktiivsete lemmikloomade juhtimiseks. See rihm on ideaalne B2B-klientidele, kes otsivad kohandamisv\u00f5imalusi, kuna see on m\u00f5eldud kohandatud logode v\u00f5i mustrite paigaldamiseks, et viia see vastavusse mis tahes kaubam\u00e4rgiga. Vastupidavuse ja mugavuse tagamiseks loodud rihm toetab erinevaid jalutamisstiile, alates juhuslikest jalutusk\u00e4ikudest kuni treeninguteni. T\u00e4nu kvaliteetsetele materjalidele ja kasutajas\u00f5bralikele klambritele vastab see rihm nii esteetilistele kui ka funktsionaalsetele vajadustele, mist\u00f5ttu on see suurep\u00e4rane valik lemmikloomam\u00e4rkidele, kes soovivad pakkuda mitmek\u00fclgset, kohandatavat toodet, mis leiab vastukaja lemmikloomaomanike seas.<\/p>\n<p>&nbsp;<\/p>","protected":false},"featured_media":9383,"template":"","meta":[],"product_brand":[],"product_cat":[27],"product_tag":[],"class_list":{"0":"post-9378","1":"product","2":"type-product","3":"status-publish","4":"has-post-thumbnail","6":"product_cat-dog-leash","8":"first","9":"instock","10":"shipping-taxable","11":"product-type-simple"},"yoast_head":"<!-- This site is optimized with the Yoast SEO plugin v26.6 - https:\/\/yoast.com\/wordpress\/plugins\/seo\/ -->\n<title>Dual Clip Leash | QQPETS<\/title>\n<meta name=\"description\" content=\"Dual Clip Leash offers versatility and control with dual attachment points. Ideal for custom branding, durable, and designed for easy logo or pattern integration.\" \/>\n<meta name=\"robots\" content=\"index, follow, max-snippet:-1, max-image-preview:large, max-video-preview:-1\" \/>\n<link rel=\"canonical\" href=\"https:\/\/qqpets.com\/et\/toode\/dual-clip-leash\/\" \/>\n<meta property=\"og:locale\" content=\"et_EE\" \/>\n<meta property=\"og:type\" content=\"article\" \/>\n<meta property=\"og:title\" content=\"Dual Clip Leash | QQPETS\" \/>\n<meta property=\"og:description\" content=\"Dual Clip Leash offers versatility and control with dual attachment points. Ideal for custom branding, durable, and designed for easy logo or pattern integration.\" \/>\n<meta property=\"og:url\" content=\"https:\/\/qqpets.com\/et\/toode\/dual-clip-leash\/\" \/>\n<meta property=\"og:site_name\" content=\"QQPETS\" \/>\n<meta property=\"article:publisher\" content=\"https:\/\/www.facebook.com\/QQpetsdogcollars\" \/>\n<meta property=\"og:image\" content=\"https:\/\/qqpets.com\/wp-content\/uploads\/2024\/11\/Dual-Clip-Leash5.webp\" \/>\n\t<meta property=\"og:image:width\" content=\"707\" \/>\n\t<meta property=\"og:image:height\" content=\"705\" \/>\n\t<meta property=\"og:image:type\" content=\"image\/webp\" \/>\n<meta name=\"twitter:card\" content=\"summary_large_image\" \/>\n<meta name=\"twitter:label1\" content=\"Est. reading time\" \/>\n\t<meta name=\"twitter:data1\" content=\"2 minutit\" \/>\n<script type=\"application\/ld+json\" class=\"yoast-schema-graph\">{\"@context\":\"https:\/\/schema.org\",\"@graph\":[{\"@type\":\"WebPage\",\"@id\":\"https:\/\/qqpets.com\/product\/dual-clip-leash\/\",\"url\":\"https:\/\/qqpets.com\/product\/dual-clip-leash\/\",\"name\":\"Dual Clip Leash | QQPETS\",\"isPartOf\":{\"@id\":\"https:\/\/qqpets.com\/#website\"},\"primaryImageOfPage\":{\"@id\":\"https:\/\/qqpets.com\/product\/dual-clip-leash\/#primaryimage\"},\"image\":{\"@id\":\"https:\/\/qqpets.com\/product\/dual-clip-leash\/#primaryimage\"},\"thumbnailUrl\":\"https:\/\/qqpets.com\/wp-content\/uploads\/2024\/11\/Dual-Clip-Leash5.webp\",\"datePublished\":\"2024-11-14T08:42:01+00:00\",\"description\":\"Dual Clip Leash offers versatility and control with dual attachment points. Ideal for custom branding, durable, and designed for easy logo or pattern integration.\",\"breadcrumb\":{\"@id\":\"https:\/\/qqpets.com\/product\/dual-clip-leash\/#breadcrumb\"},\"inLanguage\":\"et\",\"potentialAction\":[{\"@type\":\"ReadAction\",\"target\":[\"https:\/\/qqpets.com\/product\/dual-clip-leash\/\"]}]},{\"@type\":\"ImageObject\",\"inLanguage\":\"et\",\"@id\":\"https:\/\/qqpets.com\/product\/dual-clip-leash\/#primaryimage\",\"url\":\"https:\/\/qqpets.com\/wp-content\/uploads\/2024\/11\/Dual-Clip-Leash5.webp\",\"contentUrl\":\"https:\/\/qqpets.com\/wp-content\/uploads\/2024\/11\/Dual-Clip-Leash5.webp\",\"width\":707,\"height\":705},{\"@type\":\"BreadcrumbList\",\"@id\":\"https:\/\/qqpets.com\/product\/dual-clip-leash\/#breadcrumb\",\"itemListElement\":[{\"@type\":\"ListItem\",\"position\":1,\"name\":\"Home\",\"item\":\"https:\/\/qqpets.com\/\"},{\"@type\":\"ListItem\",\"position\":2,\"name\":\"Products\",\"item\":\"https:\/\/qqpets.com\/pet-products-manufacturer\/\"},{\"@type\":\"ListItem\",\"position\":3,\"name\":\"Dual Clip Leash\"}]},{\"@type\":\"WebSite\",\"@id\":\"https:\/\/qqpets.com\/#website\",\"url\":\"https:\/\/qqpets.com\/\",\"name\":\"QQPETS\",\"description\":\"QQPETS is a pet products factory for dog harnesses, dog collars, dog leashes and dog accessories with professional customized service since 2005.\",\"publisher\":{\"@id\":\"https:\/\/qqpets.com\/#organization\"},\"potentialAction\":[{\"@type\":\"SearchAction\",\"target\":{\"@type\":\"EntryPoint\",\"urlTemplate\":\"https:\/\/qqpets.com\/?s={search_term_string}\"},\"query-input\":{\"@type\":\"PropertyValueSpecification\",\"valueRequired\":true,\"valueName\":\"search_term_string\"}}],\"inLanguage\":\"et\"},{\"@type\":\"Organization\",\"@id\":\"https:\/\/qqpets.com\/#organization\",\"name\":\"QQPETS\",\"url\":\"https:\/\/qqpets.com\/\",\"logo\":{\"@type\":\"ImageObject\",\"inLanguage\":\"et\",\"@id\":\"https:\/\/qqpets.com\/#\/schema\/logo\/image\/\",\"url\":\"https:\/\/qqpets.com\/wp-content\/uploads\/2023\/09\/cropped-cropped-qqpets-tiktok.jpg\",\"contentUrl\":\"https:\/\/qqpets.com\/wp-content\/uploads\/2023\/09\/cropped-cropped-qqpets-tiktok.jpg\",\"width\":511,\"height\":511,\"caption\":\"QQPETS\"},\"image\":{\"@id\":\"https:\/\/qqpets.com\/#\/schema\/logo\/image\/\"},\"sameAs\":[\"https:\/\/www.facebook.com\/QQpetsdogcollars\",\"https:\/\/www.instagram.com\/qqpetscollar\/\",\"https:\/\/www.pinterest.com\/qqpetsdogcollarsfactory\/\"]}]}<\/script>\n<!-- \/ Yoast SEO plugin. -->","yoast_head_json":{"title":"Dual Clip rihma | QQPETS","description":"Dual Clip Leash pakub mitmek\u00fclgsust ja kontrolli kahe kinnituspunktiga. Sobib ideaalselt kohandatud kaubam\u00e4rgistamiseks, on vastupidav ja m\u00f5eldud lihtsaks logo v\u00f5i mustri integreerimiseks.","robots":{"index":"index","follow":"follow","max-snippet":"max-snippet:-1","max-image-preview":"max-image-preview:large","max-video-preview":"max-video-preview:-1"},"canonical":"https:\/\/qqpets.com\/et\/toode\/dual-clip-leash\/","og_locale":"et_EE","og_type":"article","og_title":"Dual Clip Leash | QQPETS","og_description":"Dual Clip Leash offers versatility and control with dual attachment points. Ideal for custom branding, durable, and designed for easy logo or pattern integration.","og_url":"https:\/\/qqpets.com\/et\/toode\/dual-clip-leash\/","og_site_name":"QQPETS","article_publisher":"https:\/\/www.facebook.com\/QQpetsdogcollars","og_image":[{"width":707,"height":705,"url":"https:\/\/qqpets.com\/wp-content\/uploads\/2024\/11\/Dual-Clip-Leash5.webp","type":"image\/webp"}],"twitter_card":"summary_large_image","twitter_misc":{"Est. reading time":"2 minutit"},"schema":{"@context":"https:\/\/schema.org","@graph":[{"@type":"WebPage","@id":"https:\/\/qqpets.com\/product\/dual-clip-leash\/","url":"https:\/\/qqpets.com\/product\/dual-clip-leash\/","name":"Dual Clip rihma | QQPETS","isPartOf":{"@id":"https:\/\/qqpets.com\/#website"},"primaryImageOfPage":{"@id":"https:\/\/qqpets.com\/product\/dual-clip-leash\/#primaryimage"},"image":{"@id":"https:\/\/qqpets.com\/product\/dual-clip-leash\/#primaryimage"},"thumbnailUrl":"https:\/\/qqpets.com\/wp-content\/uploads\/2024\/11\/Dual-Clip-Leash5.webp","datePublished":"2024-11-14T08:42:01+00:00","description":"Dual Clip Leash pakub mitmek\u00fclgsust ja kontrolli kahe kinnituspunktiga. Sobib ideaalselt kohandatud kaubam\u00e4rgistamiseks, on vastupidav ja m\u00f5eldud lihtsaks logo v\u00f5i mustri integreerimiseks.","breadcrumb":{"@id":"https:\/\/qqpets.com\/product\/dual-clip-leash\/#breadcrumb"},"inLanguage":"et","potentialAction":[{"@type":"ReadAction","target":["https:\/\/qqpets.com\/product\/dual-clip-leash\/"]}]},{"@type":"ImageObject","inLanguage":"et","@id":"https:\/\/qqpets.com\/product\/dual-clip-leash\/#primaryimage","url":"https:\/\/qqpets.com\/wp-content\/uploads\/2024\/11\/Dual-Clip-Leash5.webp","contentUrl":"https:\/\/qqpets.com\/wp-content\/uploads\/2024\/11\/Dual-Clip-Leash5.webp","width":707,"height":705},{"@type":"BreadcrumbList","@id":"https:\/\/qqpets.com\/product\/dual-clip-leash\/#breadcrumb","itemListElement":[{"@type":"ListItem","position":1,"name":"Home","item":"https:\/\/qqpets.com\/"},{"@type":"ListItem","position":2,"name":"Products","item":"https:\/\/qqpets.com\/pet-products-manufacturer\/"},{"@type":"ListItem","position":3,"name":"Dual Clip Leash"}]},{"@type":"WebSite","@id":"https:\/\/qqpets.com\/#website","url":"https:\/\/qqpets.com\/","name":"QQPETS","description":"QQPETS on lemmikloomatoodete tehas koerte rakmete, koerte kaelarihmade, koerte rihmade ja koerte tarvikute jaoks, mis pakub professionaalset kohandatud teenust alates 2005. aastast.","publisher":{"@id":"https:\/\/qqpets.com\/#organization"},"potentialAction":[{"@type":"SearchAction","target":{"@type":"EntryPoint","urlTemplate":"https:\/\/qqpets.com\/?s={search_term_string}"},"query-input":{"@type":"PropertyValueSpecification","valueRequired":true,"valueName":"search_term_string"}}],"inLanguage":"et"},{"@type":"Organization","@id":"https:\/\/qqpets.com\/#organization","name":"QQPETS","url":"https:\/\/qqpets.com\/","logo":{"@type":"ImageObject","inLanguage":"et","@id":"https:\/\/qqpets.com\/#\/schema\/logo\/image\/","url":"https:\/\/qqpets.com\/wp-content\/uploads\/2023\/09\/cropped-cropped-qqpets-tiktok.jpg","contentUrl":"https:\/\/qqpets.com\/wp-content\/uploads\/2023\/09\/cropped-cropped-qqpets-tiktok.jpg","width":511,"height":511,"caption":"QQPETS"},"image":{"@id":"https:\/\/qqpets.com\/#\/schema\/logo\/image\/"},"sameAs":["https:\/\/www.facebook.com\/QQpetsdogcollars","https:\/\/www.instagram.com\/qqpetscollar\/","https:\/\/www.pinterest.com\/qqpetsdogcollarsfactory\/"]}]}},"_links":{"self":[{"href":"https:\/\/qqpets.com\/et\/wp-json\/wp\/v2\/product\/9378","targetHints":{"allow":["GET"]}}],"collection":[{"href":"https:\/\/qqpets.com\/et\/wp-json\/wp\/v2\/product"}],"about":[{"href":"https:\/\/qqpets.com\/et\/wp-json\/wp\/v2\/types\/product"}],"wp:featuredmedia":[{"embeddable":true,"href":"https:\/\/qqpets.com\/et\/wp-json\/wp\/v2\/media\/9383"}],"wp:attachment":[{"href":"https:\/\/qqpets.com\/et\/wp-json\/wp\/v2\/media?parent=9378"}],"wp:term":[{"taxonomy":"product_brand","embeddable":true,"href":"https:\/\/qqpets.com\/et\/wp-json\/wp\/v2\/product_brand?post=9378"},{"taxonomy":"product_cat","embeddable":true,"href":"https:\/\/qqpets.com\/et\/wp-json\/wp\/v2\/product_cat?post=9378"},{"taxonomy":"product_tag","embeddable":true,"href":"https:\/\/qqpets.com\/et\/wp-json\/wp\/v2\/product_tag?post=9378"}],"curies":[{"name":"wp","href":"https:\/\/api.w.org\/{rel}","templated":true}]}}