{"id":9384,"date":"2024-11-14T16:47:51","date_gmt":"2024-11-14T08:47:51","guid":{"rendered":"https:\/\/qqpets.com\/?post_type=product&#038;p=9384"},"modified":"2024-12-12T17:34:57","modified_gmt":"2024-12-12T09:34:57","slug":"running-dog-leash","status":"publish","type":"product","link":"https:\/\/qqpets.com\/et\/toode\/running-dog-leash\/","title":{"rendered":"Jooksva koera rihm"},"content":{"rendered":"<p>Meie jooksurihm on parim valik loomaomanikele, kes armastavad koos oma koertega aktiivselt tegutseda. See k\u00e4edeta mugavuseks loodud rihm on kindlalt v\u00f6\u00f6koha \u00fcmber m\u00e4hitud, vabastades teie k\u00e4ed, tagades samal ajal stabiilse kontrolli teie lemmiklooma \u00fcle jooksu, jooksu v\u00f5i matkade ajal. See vastupidavast ja ilmastikukindlast materjalist valmistatud rihm on valmistatud nii, et see peab vastu regulaarse kasutamise n\u00f5udmistele, olenemata lemmiklooma aktiivsuse tasemest.<\/p>\n<p>Selle rihma p\u00f5rutusi summutav disain v\u00e4hendab nii jooksja kui ka koera koormust, pakkudes mugavat ja sujuvat kogemust. Paelarihma osa suurendab veelgi paindlikkust, summutades j\u00e4rske t\u00f5mbamisi, et kaitsta nii juhtijat kui ka koera j\u00e4rskude liigutuste eest. Helkur\u00f5mblused piki rihma lisavad lisaturvalisust, parandades n\u00e4htavust h\u00e4marates tingimustes varahommikustel v\u00f5i \u00f5htustel v\u00e4ljas\u00f5itudel.<\/p>\n<p>B2B-klientidele pakub Running Dog Leash ideaalseid kohandamisv\u00f5imalusi, mis v\u00f5imaldavad ettev\u00f5tetel lisada unikaalseid logosid v\u00f5i mustreid, mis peegeldavad nende br\u00e4ndi identiteeti. Erinevates v\u00e4rvides saadaval, v\u00f5imaldab see ettev\u00f5tetel pakkuda eristuvat toodet aktiivsetele lemmikloomaomanikele, kes otsivad segu stiilist, funktsioonist ja vastupidavusest. See rihm sobib ideaalselt kaubam\u00e4rkidele, mille eesm\u00e4rk on j\u00f5uda terviseteadlikule ja aktiivsele turule, pakkudes nii mugavust kui ka br\u00e4ndipotentsiaali \u00fches mitmek\u00fclgses tootes.<\/p>","protected":false},"excerpt":{"rendered":"<p>Running Dog Leash on m\u00f5eldud aktiivsetele loomaomanikele, kes naudivad koeraga k\u00e4ed-vabad jooksmist ja jalutamist. See rihm kinnitub kindlalt v\u00f6\u00f6koha \u00fcmber, v\u00f5imaldades sujuvat ja kontrollitud liikumist ilma k\u00e4epidemest kinni pidamata. Tugevatest, kvaliteetsetest materjalidest valmistatud rihm on loodud taluma igap\u00e4evaseid jooksmisi ja toime tulema aktiivsete lemmikloomadega h\u00f5lpsasti. B2B-klientide jaoks on rihma v\u00f5imalik kohandada logode ja mustritega, mis sobivad teie br\u00e4ndi stiiliga, lisades klientidele isikliku puudutuse. See k\u00e4edeta rihm on ideaalne aksessuaar igale br\u00e4ndile, mis on suunatud fitnessile keskendunud koeraomanikele.<\/p>","protected":false},"featured_media":9386,"template":"","meta":[],"product_brand":[],"product_cat":[27],"product_tag":[],"class_list":{"0":"post-9384","1":"product","2":"type-product","3":"status-publish","4":"has-post-thumbnail","6":"product_cat-dog-leash","8":"first","9":"instock","10":"shipping-taxable","11":"product-type-simple"},"yoast_head":"<!-- This site is optimized with the Yoast SEO plugin v26.6 - https:\/\/yoast.com\/wordpress\/plugins\/seo\/ -->\n<title>Running Dog Leash | QQPETS<\/title>\n<meta name=\"description\" content=\"Running Dog Leash designed for active lifestyles, ideal for hands-free running with pets. Durable, customizable for brand logos and patterns, perfect for B2B customers.\" \/>\n<meta name=\"robots\" content=\"index, follow, max-snippet:-1, max-image-preview:large, max-video-preview:-1\" \/>\n<link rel=\"canonical\" href=\"https:\/\/qqpets.com\/et\/toode\/running-dog-leash\/\" \/>\n<meta property=\"og:locale\" content=\"et_EE\" \/>\n<meta property=\"og:type\" content=\"article\" \/>\n<meta property=\"og:title\" content=\"Running Dog Leash | QQPETS\" \/>\n<meta property=\"og:description\" content=\"Running Dog Leash designed for active lifestyles, ideal for hands-free running with pets. Durable, customizable for brand logos and patterns, perfect for B2B customers.\" \/>\n<meta property=\"og:url\" content=\"https:\/\/qqpets.com\/et\/toode\/running-dog-leash\/\" \/>\n<meta property=\"og:site_name\" content=\"QQPETS\" \/>\n<meta property=\"article:publisher\" content=\"https:\/\/www.facebook.com\/QQpetsdogcollars\" \/>\n<meta property=\"article:modified_time\" content=\"2024-12-12T09:34:57+00:00\" \/>\n<meta property=\"og:image\" content=\"https:\/\/qqpets.com\/wp-content\/uploads\/2024\/11\/running-dog-leash2.webp\" \/>\n\t<meta property=\"og:image:width\" content=\"1024\" \/>\n\t<meta property=\"og:image:height\" content=\"1024\" \/>\n\t<meta property=\"og:image:type\" content=\"image\/webp\" \/>\n<meta name=\"twitter:card\" content=\"summary_large_image\" \/>\n<meta name=\"twitter:label1\" content=\"Est. reading time\" \/>\n\t<meta name=\"twitter:data1\" content=\"2 minutit\" \/>\n<script type=\"application\/ld+json\" class=\"yoast-schema-graph\">{\"@context\":\"https:\/\/schema.org\",\"@graph\":[{\"@type\":\"WebPage\",\"@id\":\"https:\/\/qqpets.com\/product\/running-dog-leash\/\",\"url\":\"https:\/\/qqpets.com\/product\/running-dog-leash\/\",\"name\":\"Running Dog Leash | QQPETS\",\"isPartOf\":{\"@id\":\"https:\/\/qqpets.com\/#website\"},\"primaryImageOfPage\":{\"@id\":\"https:\/\/qqpets.com\/product\/running-dog-leash\/#primaryimage\"},\"image\":{\"@id\":\"https:\/\/qqpets.com\/product\/running-dog-leash\/#primaryimage\"},\"thumbnailUrl\":\"https:\/\/qqpets.com\/wp-content\/uploads\/2024\/11\/running-dog-leash2.webp\",\"datePublished\":\"2024-11-14T08:47:51+00:00\",\"dateModified\":\"2024-12-12T09:34:57+00:00\",\"description\":\"Running Dog Leash designed for active lifestyles, ideal for hands-free running with pets. Durable, customizable for brand logos and patterns, perfect for B2B customers.\",\"breadcrumb\":{\"@id\":\"https:\/\/qqpets.com\/product\/running-dog-leash\/#breadcrumb\"},\"inLanguage\":\"et\",\"potentialAction\":[{\"@type\":\"ReadAction\",\"target\":[\"https:\/\/qqpets.com\/product\/running-dog-leash\/\"]}]},{\"@type\":\"ImageObject\",\"inLanguage\":\"et\",\"@id\":\"https:\/\/qqpets.com\/product\/running-dog-leash\/#primaryimage\",\"url\":\"https:\/\/qqpets.com\/wp-content\/uploads\/2024\/11\/running-dog-leash2.webp\",\"contentUrl\":\"https:\/\/qqpets.com\/wp-content\/uploads\/2024\/11\/running-dog-leash2.webp\",\"width\":1024,\"height\":1024},{\"@type\":\"BreadcrumbList\",\"@id\":\"https:\/\/qqpets.com\/product\/running-dog-leash\/#breadcrumb\",\"itemListElement\":[{\"@type\":\"ListItem\",\"position\":1,\"name\":\"Home\",\"item\":\"https:\/\/qqpets.com\/\"},{\"@type\":\"ListItem\",\"position\":2,\"name\":\"Products\",\"item\":\"https:\/\/qqpets.com\/pet-products-manufacturer\/\"},{\"@type\":\"ListItem\",\"position\":3,\"name\":\"Running Dog Leash\"}]},{\"@type\":\"WebSite\",\"@id\":\"https:\/\/qqpets.com\/#website\",\"url\":\"https:\/\/qqpets.com\/\",\"name\":\"QQPETS\",\"description\":\"QQPETS is a pet products factory for dog harnesses, dog collars, dog leashes and dog accessories with professional customized service since 2005.\",\"publisher\":{\"@id\":\"https:\/\/qqpets.com\/#organization\"},\"potentialAction\":[{\"@type\":\"SearchAction\",\"target\":{\"@type\":\"EntryPoint\",\"urlTemplate\":\"https:\/\/qqpets.com\/?s={search_term_string}\"},\"query-input\":{\"@type\":\"PropertyValueSpecification\",\"valueRequired\":true,\"valueName\":\"search_term_string\"}}],\"inLanguage\":\"et\"},{\"@type\":\"Organization\",\"@id\":\"https:\/\/qqpets.com\/#organization\",\"name\":\"QQPETS\",\"url\":\"https:\/\/qqpets.com\/\",\"logo\":{\"@type\":\"ImageObject\",\"inLanguage\":\"et\",\"@id\":\"https:\/\/qqpets.com\/#\/schema\/logo\/image\/\",\"url\":\"https:\/\/qqpets.com\/wp-content\/uploads\/2023\/09\/cropped-cropped-qqpets-tiktok.jpg\",\"contentUrl\":\"https:\/\/qqpets.com\/wp-content\/uploads\/2023\/09\/cropped-cropped-qqpets-tiktok.jpg\",\"width\":511,\"height\":511,\"caption\":\"QQPETS\"},\"image\":{\"@id\":\"https:\/\/qqpets.com\/#\/schema\/logo\/image\/\"},\"sameAs\":[\"https:\/\/www.facebook.com\/QQpetsdogcollars\",\"https:\/\/www.instagram.com\/qqpetscollar\/\",\"https:\/\/www.pinterest.com\/qqpetsdogcollarsfactory\/\"]}]}<\/script>\n<!-- \/ Yoast SEO plugin. -->","yoast_head_json":{"title":"Jooksva koera rihm | QQPETS","description":"Aktiivseks eluviisiks m\u00f5eldud jooksurihm, mis on ideaalne lemmikloomadega k\u00e4ed-vabad jooksmiseks. Vastupidav, kohandatav kaubam\u00e4rkide logode ja mustrite jaoks, ideaalne B2B klientidele.","robots":{"index":"index","follow":"follow","max-snippet":"max-snippet:-1","max-image-preview":"max-image-preview:large","max-video-preview":"max-video-preview:-1"},"canonical":"https:\/\/qqpets.com\/et\/toode\/running-dog-leash\/","og_locale":"et_EE","og_type":"article","og_title":"Running Dog Leash | QQPETS","og_description":"Running Dog Leash designed for active lifestyles, ideal for hands-free running with pets. Durable, customizable for brand logos and patterns, perfect for B2B customers.","og_url":"https:\/\/qqpets.com\/et\/toode\/running-dog-leash\/","og_site_name":"QQPETS","article_publisher":"https:\/\/www.facebook.com\/QQpetsdogcollars","article_modified_time":"2024-12-12T09:34:57+00:00","og_image":[{"width":1024,"height":1024,"url":"https:\/\/qqpets.com\/wp-content\/uploads\/2024\/11\/running-dog-leash2.webp","type":"image\/webp"}],"twitter_card":"summary_large_image","twitter_misc":{"Est. reading time":"2 minutit"},"schema":{"@context":"https:\/\/schema.org","@graph":[{"@type":"WebPage","@id":"https:\/\/qqpets.com\/product\/running-dog-leash\/","url":"https:\/\/qqpets.com\/product\/running-dog-leash\/","name":"Jooksva koera rihm | QQPETS","isPartOf":{"@id":"https:\/\/qqpets.com\/#website"},"primaryImageOfPage":{"@id":"https:\/\/qqpets.com\/product\/running-dog-leash\/#primaryimage"},"image":{"@id":"https:\/\/qqpets.com\/product\/running-dog-leash\/#primaryimage"},"thumbnailUrl":"https:\/\/qqpets.com\/wp-content\/uploads\/2024\/11\/running-dog-leash2.webp","datePublished":"2024-11-14T08:47:51+00:00","dateModified":"2024-12-12T09:34:57+00:00","description":"Aktiivseks eluviisiks m\u00f5eldud jooksurihm, mis on ideaalne lemmikloomadega k\u00e4ed-vabad jooksmiseks. Vastupidav, kohandatav kaubam\u00e4rkide logode ja mustrite jaoks, ideaalne B2B klientidele.","breadcrumb":{"@id":"https:\/\/qqpets.com\/product\/running-dog-leash\/#breadcrumb"},"inLanguage":"et","potentialAction":[{"@type":"ReadAction","target":["https:\/\/qqpets.com\/product\/running-dog-leash\/"]}]},{"@type":"ImageObject","inLanguage":"et","@id":"https:\/\/qqpets.com\/product\/running-dog-leash\/#primaryimage","url":"https:\/\/qqpets.com\/wp-content\/uploads\/2024\/11\/running-dog-leash2.webp","contentUrl":"https:\/\/qqpets.com\/wp-content\/uploads\/2024\/11\/running-dog-leash2.webp","width":1024,"height":1024},{"@type":"BreadcrumbList","@id":"https:\/\/qqpets.com\/product\/running-dog-leash\/#breadcrumb","itemListElement":[{"@type":"ListItem","position":1,"name":"Home","item":"https:\/\/qqpets.com\/"},{"@type":"ListItem","position":2,"name":"Products","item":"https:\/\/qqpets.com\/pet-products-manufacturer\/"},{"@type":"ListItem","position":3,"name":"Running Dog Leash"}]},{"@type":"WebSite","@id":"https:\/\/qqpets.com\/#website","url":"https:\/\/qqpets.com\/","name":"QQPETS","description":"QQPETS on lemmikloomatoodete tehas koerte rakmete, koerte kaelarihmade, koerte rihmade ja koerte tarvikute jaoks, mis pakub professionaalset kohandatud teenust alates 2005. aastast.","publisher":{"@id":"https:\/\/qqpets.com\/#organization"},"potentialAction":[{"@type":"SearchAction","target":{"@type":"EntryPoint","urlTemplate":"https:\/\/qqpets.com\/?s={search_term_string}"},"query-input":{"@type":"PropertyValueSpecification","valueRequired":true,"valueName":"search_term_string"}}],"inLanguage":"et"},{"@type":"Organization","@id":"https:\/\/qqpets.com\/#organization","name":"QQPETS","url":"https:\/\/qqpets.com\/","logo":{"@type":"ImageObject","inLanguage":"et","@id":"https:\/\/qqpets.com\/#\/schema\/logo\/image\/","url":"https:\/\/qqpets.com\/wp-content\/uploads\/2023\/09\/cropped-cropped-qqpets-tiktok.jpg","contentUrl":"https:\/\/qqpets.com\/wp-content\/uploads\/2023\/09\/cropped-cropped-qqpets-tiktok.jpg","width":511,"height":511,"caption":"QQPETS"},"image":{"@id":"https:\/\/qqpets.com\/#\/schema\/logo\/image\/"},"sameAs":["https:\/\/www.facebook.com\/QQpetsdogcollars","https:\/\/www.instagram.com\/qqpetscollar\/","https:\/\/www.pinterest.com\/qqpetsdogcollarsfactory\/"]}]}},"_links":{"self":[{"href":"https:\/\/qqpets.com\/et\/wp-json\/wp\/v2\/product\/9384","targetHints":{"allow":["GET"]}}],"collection":[{"href":"https:\/\/qqpets.com\/et\/wp-json\/wp\/v2\/product"}],"about":[{"href":"https:\/\/qqpets.com\/et\/wp-json\/wp\/v2\/types\/product"}],"wp:featuredmedia":[{"embeddable":true,"href":"https:\/\/qqpets.com\/et\/wp-json\/wp\/v2\/media\/9386"}],"wp:attachment":[{"href":"https:\/\/qqpets.com\/et\/wp-json\/wp\/v2\/media?parent=9384"}],"wp:term":[{"taxonomy":"product_brand","embeddable":true,"href":"https:\/\/qqpets.com\/et\/wp-json\/wp\/v2\/product_brand?post=9384"},{"taxonomy":"product_cat","embeddable":true,"href":"https:\/\/qqpets.com\/et\/wp-json\/wp\/v2\/product_cat?post=9384"},{"taxonomy":"product_tag","embeddable":true,"href":"https:\/\/qqpets.com\/et\/wp-json\/wp\/v2\/product_tag?post=9384"}],"curies":[{"name":"wp","href":"https:\/\/api.w.org\/{rel}","templated":true}]}}