{"id":9390,"date":"2024-11-14T16:53:17","date_gmt":"2024-11-14T08:53:17","guid":{"rendered":"https:\/\/qqpets.com\/?post_type=product&#038;p=9390"},"modified":"2024-11-14T16:53:17","modified_gmt":"2024-11-14T08:53:17","slug":"dual-handle-leash","status":"publish","type":"product","link":"https:\/\/qqpets.com\/et\/toode\/dual-handle-leash\/","title":{"rendered":"Kahe k\u00e4epideme rihm"},"content":{"rendered":"<p>Dual Handle Leash pakub lahenduse koeraomanikele ja treeneritele, kes soovivad lisakontrolli jalutusk\u00e4ikude ja treeningute ajal. Sellel rihmal on kaks polsterdatud k\u00e4epidet, mis on m\u00f5lemad paigutatud eri eesm\u00e4rkidel. \u00dclemine k\u00e4epide on igap\u00e4evastel jalutusk\u00e4ikudel standardk\u00e4epidemeks, mis tagab mugava k\u00e4epideme, mis tagab l\u00f5dvestunud kogemuse. Teine, alumine k\u00e4epide asub koera kaelarihmale l\u00e4hemal, pakkudes lisakontrolli tiheda liiklusega aladel, treeningharjutustes v\u00f5i olukordades, kus on vaja kiiret ohjeldamist.<\/p>\n<p>See rihm on valmistatud k\u00f5rgekvaliteedilistest ja vastupidavatest materjalidest, mis peavad vastu regulaarsele kulumisele, pakkudes vastupidavust isegi keerulistes v\u00e4litingimustes. Tugevdatud \u00f5mblused ja ilmastikukindel kangas tagavad kestva kvaliteedi, mist\u00f5ttu sobib see ideaalselt igas suuruses ja aktiivsusega koertele. Lisaks v\u00e4hendab m\u00f5lema k\u00e4epideme polsterdus k\u00e4te koormust, v\u00f5imaldades mugavat k\u00e4sitsemist pikema aja jooksul.<\/p>\n<p>Meie B2B-klientide jaoks on Dual Handle Leash kohandatav, mis v\u00f5imaldab teil lisada oma kaubam\u00e4rgi logo, v\u00e4rvid v\u00f5i mustrid. Selline kohandamine lisab isikup\u00e4rastatud puudutust, andes ettev\u00f5tetele v\u00f5imaluse eristuda ja pakkuda oma klientidele eristuvat toodet. See rihm sobib suurep\u00e4raselt lemmikloomapoodidele, koolitusasutustele v\u00f5i spetsiaalsetele jaem\u00fc\u00fcjatele, sest selles mitmek\u00fclgses disainis on \u00fchendatud praktilisus, vastupidavus ja t\u00f5hus br\u00e4ndi tugevdamise potentsiaal.<\/p>","protected":false},"excerpt":{"rendered":"<p>Kahe k\u00e4epidemega rihm on loodud parema kontrolli saavutamiseks, millel on kaks strateegiliselt paigutatud k\u00e4epidet, mis v\u00f5imaldavad optimaalset juhtimist erinevates olukordades. See rihm, millel on peamine k\u00e4epide tavaliseks jalutamiseks ja alumine k\u00e4epide tihedaks, kontrollitud treenimiseks, pakub mitmek\u00fclgsust ja turvalisust igas suuruses koertele. See on valmistatud vastupidavast ja ilmastikukindlast materjalist ning sobib ideaalselt aktiivsetele ja treeningule keskendunud lemmikloomadele. B2B kliendid saavad rihma kohandada unikaalsete logode v\u00f5i mustritega, mis sobitub ideaalselt nende br\u00e4ndivajadustega. See rihm on suurep\u00e4rane t\u00e4iendus ettev\u00f5tetele, kes soovivad pakkuda praktilisi ja kvaliteetseid lahendusi koeraomanikele, kes soovivad suuremat kontrolli.<\/p>","protected":false},"featured_media":9391,"template":"","meta":[],"product_brand":[],"product_cat":[27],"product_tag":[],"class_list":{"0":"post-9390","1":"product","2":"type-product","3":"status-publish","4":"has-post-thumbnail","6":"product_cat-dog-leash","8":"first","9":"instock","10":"shipping-taxable","11":"product-type-simple"},"yoast_head":"<!-- This site is optimized with the Yoast SEO plugin v26.6 - https:\/\/yoast.com\/wordpress\/plugins\/seo\/ -->\n<title>Dual Handle Leash | QQPETS<\/title>\n<meta name=\"description\" content=\"Dual Handle Leash for ultimate control and comfort, designed for training and active dogs. Customizable for logos and patterns, ideal for B2B branding needs.\" \/>\n<meta name=\"robots\" content=\"index, follow, max-snippet:-1, max-image-preview:large, max-video-preview:-1\" \/>\n<link rel=\"canonical\" href=\"https:\/\/qqpets.com\/et\/toode\/dual-handle-leash\/\" \/>\n<meta property=\"og:locale\" content=\"et_EE\" \/>\n<meta property=\"og:type\" content=\"article\" \/>\n<meta property=\"og:title\" content=\"Dual Handle Leash | QQPETS\" \/>\n<meta property=\"og:description\" content=\"Dual Handle Leash for ultimate control and comfort, designed for training and active dogs. Customizable for logos and patterns, ideal for B2B branding needs.\" \/>\n<meta property=\"og:url\" content=\"https:\/\/qqpets.com\/et\/toode\/dual-handle-leash\/\" \/>\n<meta property=\"og:site_name\" content=\"QQPETS\" \/>\n<meta property=\"article:publisher\" content=\"https:\/\/www.facebook.com\/QQpetsdogcollars\" \/>\n<meta property=\"og:image\" content=\"https:\/\/qqpets.com\/wp-content\/uploads\/2024\/11\/Dual-Handle-Leash1.webp\" \/>\n\t<meta property=\"og:image:width\" content=\"800\" \/>\n\t<meta property=\"og:image:height\" content=\"800\" \/>\n\t<meta property=\"og:image:type\" content=\"image\/webp\" \/>\n<meta name=\"twitter:card\" content=\"summary_large_image\" \/>\n<meta name=\"twitter:label1\" content=\"Est. reading time\" \/>\n\t<meta name=\"twitter:data1\" content=\"2 minutit\" \/>\n<script type=\"application\/ld+json\" class=\"yoast-schema-graph\">{\"@context\":\"https:\/\/schema.org\",\"@graph\":[{\"@type\":\"WebPage\",\"@id\":\"https:\/\/qqpets.com\/product\/dual-handle-leash\/\",\"url\":\"https:\/\/qqpets.com\/product\/dual-handle-leash\/\",\"name\":\"Dual Handle Leash | QQPETS\",\"isPartOf\":{\"@id\":\"https:\/\/qqpets.com\/#website\"},\"primaryImageOfPage\":{\"@id\":\"https:\/\/qqpets.com\/product\/dual-handle-leash\/#primaryimage\"},\"image\":{\"@id\":\"https:\/\/qqpets.com\/product\/dual-handle-leash\/#primaryimage\"},\"thumbnailUrl\":\"https:\/\/qqpets.com\/wp-content\/uploads\/2024\/11\/Dual-Handle-Leash1.webp\",\"datePublished\":\"2024-11-14T08:53:17+00:00\",\"description\":\"Dual Handle Leash for ultimate control and comfort, designed for training and active dogs. Customizable for logos and patterns, ideal for B2B branding needs.\",\"breadcrumb\":{\"@id\":\"https:\/\/qqpets.com\/product\/dual-handle-leash\/#breadcrumb\"},\"inLanguage\":\"et\",\"potentialAction\":[{\"@type\":\"ReadAction\",\"target\":[\"https:\/\/qqpets.com\/product\/dual-handle-leash\/\"]}]},{\"@type\":\"ImageObject\",\"inLanguage\":\"et\",\"@id\":\"https:\/\/qqpets.com\/product\/dual-handle-leash\/#primaryimage\",\"url\":\"https:\/\/qqpets.com\/wp-content\/uploads\/2024\/11\/Dual-Handle-Leash1.webp\",\"contentUrl\":\"https:\/\/qqpets.com\/wp-content\/uploads\/2024\/11\/Dual-Handle-Leash1.webp\",\"width\":800,\"height\":800},{\"@type\":\"BreadcrumbList\",\"@id\":\"https:\/\/qqpets.com\/product\/dual-handle-leash\/#breadcrumb\",\"itemListElement\":[{\"@type\":\"ListItem\",\"position\":1,\"name\":\"Home\",\"item\":\"https:\/\/qqpets.com\/\"},{\"@type\":\"ListItem\",\"position\":2,\"name\":\"Products\",\"item\":\"https:\/\/qqpets.com\/pet-products-manufacturer\/\"},{\"@type\":\"ListItem\",\"position\":3,\"name\":\"Dual Handle Leash\"}]},{\"@type\":\"WebSite\",\"@id\":\"https:\/\/qqpets.com\/#website\",\"url\":\"https:\/\/qqpets.com\/\",\"name\":\"QQPETS\",\"description\":\"QQPETS is a pet products factory for dog harnesses, dog collars, dog leashes and dog accessories with professional customized service since 2005.\",\"publisher\":{\"@id\":\"https:\/\/qqpets.com\/#organization\"},\"potentialAction\":[{\"@type\":\"SearchAction\",\"target\":{\"@type\":\"EntryPoint\",\"urlTemplate\":\"https:\/\/qqpets.com\/?s={search_term_string}\"},\"query-input\":{\"@type\":\"PropertyValueSpecification\",\"valueRequired\":true,\"valueName\":\"search_term_string\"}}],\"inLanguage\":\"et\"},{\"@type\":\"Organization\",\"@id\":\"https:\/\/qqpets.com\/#organization\",\"name\":\"QQPETS\",\"url\":\"https:\/\/qqpets.com\/\",\"logo\":{\"@type\":\"ImageObject\",\"inLanguage\":\"et\",\"@id\":\"https:\/\/qqpets.com\/#\/schema\/logo\/image\/\",\"url\":\"https:\/\/qqpets.com\/wp-content\/uploads\/2023\/09\/cropped-cropped-qqpets-tiktok.jpg\",\"contentUrl\":\"https:\/\/qqpets.com\/wp-content\/uploads\/2023\/09\/cropped-cropped-qqpets-tiktok.jpg\",\"width\":511,\"height\":511,\"caption\":\"QQPETS\"},\"image\":{\"@id\":\"https:\/\/qqpets.com\/#\/schema\/logo\/image\/\"},\"sameAs\":[\"https:\/\/www.facebook.com\/QQpetsdogcollars\",\"https:\/\/www.instagram.com\/qqpetscollar\/\",\"https:\/\/www.pinterest.com\/qqpetsdogcollarsfactory\/\"]}]}<\/script>\n<!-- \/ Yoast SEO plugin. -->","yoast_head_json":{"title":"Kahe k\u00e4epidemega rihm | QQPETS","description":"Kahe k\u00e4epidemega rihm, mis tagab \u00fclimalt hea kontrolli ja mugavuse ning on m\u00f5eldud treenitavate ja aktiivsete koerte jaoks. Kohandatav logode ja mustrite jaoks, ideaalne B2B kaubam\u00e4rgivajaduste jaoks.","robots":{"index":"index","follow":"follow","max-snippet":"max-snippet:-1","max-image-preview":"max-image-preview:large","max-video-preview":"max-video-preview:-1"},"canonical":"https:\/\/qqpets.com\/et\/toode\/dual-handle-leash\/","og_locale":"et_EE","og_type":"article","og_title":"Dual Handle Leash | QQPETS","og_description":"Dual Handle Leash for ultimate control and comfort, designed for training and active dogs. Customizable for logos and patterns, ideal for B2B branding needs.","og_url":"https:\/\/qqpets.com\/et\/toode\/dual-handle-leash\/","og_site_name":"QQPETS","article_publisher":"https:\/\/www.facebook.com\/QQpetsdogcollars","og_image":[{"width":800,"height":800,"url":"https:\/\/qqpets.com\/wp-content\/uploads\/2024\/11\/Dual-Handle-Leash1.webp","type":"image\/webp"}],"twitter_card":"summary_large_image","twitter_misc":{"Est. reading time":"2 minutit"},"schema":{"@context":"https:\/\/schema.org","@graph":[{"@type":"WebPage","@id":"https:\/\/qqpets.com\/product\/dual-handle-leash\/","url":"https:\/\/qqpets.com\/product\/dual-handle-leash\/","name":"Kahe k\u00e4epidemega rihm | QQPETS","isPartOf":{"@id":"https:\/\/qqpets.com\/#website"},"primaryImageOfPage":{"@id":"https:\/\/qqpets.com\/product\/dual-handle-leash\/#primaryimage"},"image":{"@id":"https:\/\/qqpets.com\/product\/dual-handle-leash\/#primaryimage"},"thumbnailUrl":"https:\/\/qqpets.com\/wp-content\/uploads\/2024\/11\/Dual-Handle-Leash1.webp","datePublished":"2024-11-14T08:53:17+00:00","description":"Kahe k\u00e4epidemega rihm, mis tagab \u00fclimalt hea kontrolli ja mugavuse ning on m\u00f5eldud treenitavate ja aktiivsete koerte jaoks. Kohandatav logode ja mustrite jaoks, ideaalne B2B kaubam\u00e4rgivajaduste jaoks.","breadcrumb":{"@id":"https:\/\/qqpets.com\/product\/dual-handle-leash\/#breadcrumb"},"inLanguage":"et","potentialAction":[{"@type":"ReadAction","target":["https:\/\/qqpets.com\/product\/dual-handle-leash\/"]}]},{"@type":"ImageObject","inLanguage":"et","@id":"https:\/\/qqpets.com\/product\/dual-handle-leash\/#primaryimage","url":"https:\/\/qqpets.com\/wp-content\/uploads\/2024\/11\/Dual-Handle-Leash1.webp","contentUrl":"https:\/\/qqpets.com\/wp-content\/uploads\/2024\/11\/Dual-Handle-Leash1.webp","width":800,"height":800},{"@type":"BreadcrumbList","@id":"https:\/\/qqpets.com\/product\/dual-handle-leash\/#breadcrumb","itemListElement":[{"@type":"ListItem","position":1,"name":"Home","item":"https:\/\/qqpets.com\/"},{"@type":"ListItem","position":2,"name":"Products","item":"https:\/\/qqpets.com\/pet-products-manufacturer\/"},{"@type":"ListItem","position":3,"name":"Dual Handle Leash"}]},{"@type":"WebSite","@id":"https:\/\/qqpets.com\/#website","url":"https:\/\/qqpets.com\/","name":"QQPETS","description":"QQPETS on lemmikloomatoodete tehas koerte rakmete, koerte kaelarihmade, koerte rihmade ja koerte tarvikute jaoks, mis pakub professionaalset kohandatud teenust alates 2005. aastast.","publisher":{"@id":"https:\/\/qqpets.com\/#organization"},"potentialAction":[{"@type":"SearchAction","target":{"@type":"EntryPoint","urlTemplate":"https:\/\/qqpets.com\/?s={search_term_string}"},"query-input":{"@type":"PropertyValueSpecification","valueRequired":true,"valueName":"search_term_string"}}],"inLanguage":"et"},{"@type":"Organization","@id":"https:\/\/qqpets.com\/#organization","name":"QQPETS","url":"https:\/\/qqpets.com\/","logo":{"@type":"ImageObject","inLanguage":"et","@id":"https:\/\/qqpets.com\/#\/schema\/logo\/image\/","url":"https:\/\/qqpets.com\/wp-content\/uploads\/2023\/09\/cropped-cropped-qqpets-tiktok.jpg","contentUrl":"https:\/\/qqpets.com\/wp-content\/uploads\/2023\/09\/cropped-cropped-qqpets-tiktok.jpg","width":511,"height":511,"caption":"QQPETS"},"image":{"@id":"https:\/\/qqpets.com\/#\/schema\/logo\/image\/"},"sameAs":["https:\/\/www.facebook.com\/QQpetsdogcollars","https:\/\/www.instagram.com\/qqpetscollar\/","https:\/\/www.pinterest.com\/qqpetsdogcollarsfactory\/"]}]}},"_links":{"self":[{"href":"https:\/\/qqpets.com\/et\/wp-json\/wp\/v2\/product\/9390","targetHints":{"allow":["GET"]}}],"collection":[{"href":"https:\/\/qqpets.com\/et\/wp-json\/wp\/v2\/product"}],"about":[{"href":"https:\/\/qqpets.com\/et\/wp-json\/wp\/v2\/types\/product"}],"wp:featuredmedia":[{"embeddable":true,"href":"https:\/\/qqpets.com\/et\/wp-json\/wp\/v2\/media\/9391"}],"wp:attachment":[{"href":"https:\/\/qqpets.com\/et\/wp-json\/wp\/v2\/media?parent=9390"}],"wp:term":[{"taxonomy":"product_brand","embeddable":true,"href":"https:\/\/qqpets.com\/et\/wp-json\/wp\/v2\/product_brand?post=9390"},{"taxonomy":"product_cat","embeddable":true,"href":"https:\/\/qqpets.com\/et\/wp-json\/wp\/v2\/product_cat?post=9390"},{"taxonomy":"product_tag","embeddable":true,"href":"https:\/\/qqpets.com\/et\/wp-json\/wp\/v2\/product_tag?post=9390"}],"curies":[{"name":"wp","href":"https:\/\/api.w.org\/{rel}","templated":true}]}}