{"id":146,"date":"2023-10-04T15:27:45","date_gmt":"2023-10-04T07:27:45","guid":{"rendered":"https:\/\/qqpets.com\/?post_type=product&#038;p=146"},"modified":"2024-09-02T15:03:14","modified_gmt":"2024-09-02T07:03:14","slug":"training-walking-no-pull-service-dog-harness","status":"publish","type":"product","link":"https:\/\/qqpets.com\/fr\/produit\/training-walking-no-pull-service-dog-harness\/","title":{"rendered":"Harnais de dressage, de marche et de non traction pour chien d'assistance"},"content":{"rendered":"<p>Nous vous pr\u00e9sentons notre harnais pour chien de service de premi\u00e8re qualit\u00e9, con\u00e7u pour r\u00e9pondre aux besoins des chiens de service qui apportent un soutien essentiel. Ce harnais est con\u00e7u pour assurer un maximum de confort et de fonctionnalit\u00e9 pendant les longues heures de travail.<\/p>\n<p>Notre harnais est \u00e9quip\u00e9 de plaques \u00e0 haute visibilit\u00e9 qui identifient clairement votre chien en tant qu'animal d'assistance, ce qui est essentiel dans les lieux publics. Ces patchs sont fabriqu\u00e9s \u00e0 partir d'un mat\u00e9riau r\u00e9fl\u00e9chissant qui renforce la s\u00e9curit\u00e9 lors des sorties nocturnes ou dans des conditions de faible luminosit\u00e9.<\/p>\n<p>L'ajustement est essentiel pour tout accessoire destin\u00e9 aux chiens de travail, et notre harnais offre des sangles faciles \u00e0 ajuster qui garantissent un ajustement serr\u00e9 et s\u00fbr pour toutes les races de chiens. La conception ergonomique \u00e9vite les frottements et les tensions, pour un confort optimal de votre chien tout au long de la journ\u00e9e.<\/p>\n<p>En outre, le harnais est dot\u00e9 d'une poign\u00e9e robuste qui permet un meilleur contr\u00f4le dans les espaces encombr\u00e9s ou en cas d'urgence. Cette poign\u00e9e est \u00e9galement utile pour l'assistance \u00e0 la mobilit\u00e9, en aidant les personnes ayant des difficult\u00e9s physiques \u00e0 se d\u00e9placer plus facilement dans leur environnement.<\/p>\n<p>Fabriqu\u00e9 \u00e0 partir de mat\u00e9riaux durables, notre harnais pour chien de service est con\u00e7u pour durer et r\u00e9sister \u00e0 l'usure, ce qui le rend adapt\u00e9 \u00e0 un usage quotidien, quelles que soient les conditions m\u00e9t\u00e9orologiques. Facile \u00e0 nettoyer et \u00e0 entretenir, il reste en excellent \u00e9tat, pr\u00eat pour la prochaine journ\u00e9e de travail de votre chien.<\/p>\n<p>Parfait pour les chiens d'assistance dans divers r\u00f4les, y compris l'alerte m\u00e9dicale, l'assistance \u00e0 la mobilit\u00e9 et plus encore, notre harnais pour chien d'assistance allie praticit\u00e9 et visibilit\u00e9 professionnelle, ce qui en fait un outil indispensable pour votre animal d'assistance.<\/p>\n<h5><strong>Quelle couleur de harnais doit porter un chien d'assistance ?<\/strong><\/h5>\n<p>Les chiens d'assistance portent g\u00e9n\u00e9ralement des harnais ou des gilets bleus ou rouges, car ces couleurs sont largement reconnues et indiquent souvent que le chien travaille.<\/p>\n<h5><strong>Tout chien peut-il porter un gilet de chien d'assistance ?<\/strong><\/h5>\n<p>L\u00e9galement, seuls les chiens dress\u00e9s pour accomplir des t\u00e2ches sp\u00e9cifiques pour des personnes handicap\u00e9es peuvent porter un gilet de chien d'assistance. Pr\u00e9senter \u00e0 tort un animal de compagnie comme un chien d'assistance est contraire \u00e0 l'\u00e9thique et peut \u00eatre ill\u00e9gal dans certaines r\u00e9gions.<\/p>\n<h5><strong>Pourquoi les chiens d'assistance portent-ils un harnais ?<\/strong><\/h5>\n<p>Les chiens d'assistance portent un harnais afin d'\u00eatre plus visibles, de signaler leur statut de travail et de faciliter le contr\u00f4le et la communication entre le chien et son ma\u00eetre, en particulier dans les lieux publics.<\/p>\n<h5><strong>Comment fabriquer un gilet pour chien d'assistance ?<\/strong><\/h5>\n<p>La fabrication d'un gilet pour chien d'assistance implique g\u00e9n\u00e9ralement de choisir un mat\u00e9riau durable et confortable, de mesurer le chien pour l'ajuster correctement et d'inclure des \u00e9tiquettes claires telles que \"chien d'assistance\" ou des \u00e9cussons li\u00e9s \u00e0 des t\u00e2ches sp\u00e9cifiques. Des comp\u00e9tences en couture et des mat\u00e9riaux tels que le Velcro pour attacher les \u00e9cussons sont g\u00e9n\u00e9ralement n\u00e9cessaires.<\/p>\n<h5><strong>Que signifie un gilet rose pour chien d'assistance ?<\/strong><\/h5>\n<p>Un gilet rose pour chien d'assistance n'a pas de signification r\u00e9glementaire sp\u00e9cifique mais est souvent utilis\u00e9 pour personnaliser le gilet ou pour rendre le chien d'assistance plus accessible dans les lieux publics.<\/p>\n<h5><strong>Que signifie un harnais rouge sur un chien ?<\/strong><\/h5>\n<p>Un harnais rouge indique souvent que le chien est un chien d'assistance. Il peut \u00e9galement indiquer que le chien ne doit pas \u00eatre d\u00e9rang\u00e9 ou qu'il travaille \u00e0 des t\u00e2ches sp\u00e9cifiques.<\/p>\n<h5><strong>Que signifie un gilet jaune sur un chien ?<\/strong><\/h5>\n<p>Un gilet jaune indique g\u00e9n\u00e9ralement que le chien a besoin d'espace et ne doit pas \u00eatre approch\u00e9 sans l'autorisation du ma\u00eetre. Il peut indiquer que le chien est en cours de dressage ou qu'il est nerveux\/anxieux.<\/p>\n<h5><strong>Que signifie un gilet bleu sur un chien ?<\/strong><\/h5>\n<p>Un gilet bleu indique g\u00e9n\u00e9ralement que le chien est un chien d'assistance, c'est-\u00e0-dire qu'il est dress\u00e9 pour aider les personnes handicap\u00e9es et qu'il ne doit pas \u00eatre d\u00e9rang\u00e9.<\/p>","protected":false},"excerpt":{"rendered":"<p class=\"a-spacing-mini\">Donnez \u00e0 votre chien d'assistance les moyens d'agir gr\u00e2ce \u00e0 notre harnais sp\u00e9cialis\u00e9, con\u00e7u pour \u00eatre durable et confortable. Il comporte des \u00e9tiquettes tr\u00e8s visibles, des sangles r\u00e9glables pour un ajustement parfait et des poign\u00e9es robustes pour un meilleur contr\u00f4le. Ce harnais est fabriqu\u00e9 \u00e0 partir de mat\u00e9riaux robustes pour r\u00e9sister \u00e0 un usage quotidien tout en offrant un soutien et une identification optimaux \u00e0 votre chien d'assistance. Il est essentiel pour faciliter la mobilit\u00e9 et sensibiliser le public.<\/p>","protected":false},"featured_media":7319,"template":"","meta":[],"product_brand":[],"product_cat":[23],"product_tag":[24],"class_list":{"0":"post-146","1":"product","2":"type-product","3":"status-publish","4":"has-post-thumbnail","6":"product_cat-dog-harness","7":"product_tag-tactical-harness","9":"first","10":"instock","11":"shipping-taxable","12":"product-type-simple"},"yoast_head":"<!-- This site is optimized with the Yoast SEO plugin v26.6 - https:\/\/yoast.com\/wordpress\/plugins\/seo\/ -->\n<title>Training Walking No Pull Service Dog Harness | QQPETS<\/title>\n<meta name=\"description\" content=\"Equip your service dog with our high-quality harness. Built for comfort and visibility. Essential for duty.\" \/>\n<meta name=\"robots\" content=\"index, follow, max-snippet:-1, max-image-preview:large, max-video-preview:-1\" \/>\n<link rel=\"canonical\" href=\"https:\/\/qqpets.com\/fr\/produit\/training-walking-no-pull-service-dog-harness\/\" \/>\n<meta property=\"og:locale\" content=\"fr_FR\" \/>\n<meta property=\"og:type\" content=\"article\" \/>\n<meta property=\"og:title\" content=\"Training Walking No Pull Service Dog Harness | QQPETS\" \/>\n<meta property=\"og:description\" content=\"Equip your service dog with our high-quality harness. Built for comfort and visibility. Essential for duty.\" \/>\n<meta property=\"og:url\" content=\"https:\/\/qqpets.com\/fr\/produit\/training-walking-no-pull-service-dog-harness\/\" \/>\n<meta property=\"og:site_name\" content=\"QQPETS\" \/>\n<meta property=\"article:publisher\" content=\"https:\/\/www.facebook.com\/QQpetsdogcollars\" \/>\n<meta property=\"article:modified_time\" content=\"2024-09-02T07:03:14+00:00\" \/>\n<meta property=\"og:image\" content=\"https:\/\/qqpets.com\/wp-content\/uploads\/2023\/09\/service-dog-harness.jpg\" \/>\n\t<meta property=\"og:image:width\" content=\"1200\" \/>\n\t<meta property=\"og:image:height\" content=\"1200\" \/>\n\t<meta property=\"og:image:type\" content=\"image\/jpeg\" \/>\n<meta name=\"twitter:card\" content=\"summary_large_image\" \/>\n<meta name=\"twitter:label1\" content=\"Dur\u00e9e de lecture estim\u00e9e\" \/>\n\t<meta name=\"twitter:data1\" content=\"3 minutes\" \/>\n<script type=\"application\/ld+json\" class=\"yoast-schema-graph\">{\"@context\":\"https:\/\/schema.org\",\"@graph\":[{\"@type\":\"WebPage\",\"@id\":\"https:\/\/qqpets.com\/product\/training-walking-no-pull-service-dog-harness\/\",\"url\":\"https:\/\/qqpets.com\/product\/training-walking-no-pull-service-dog-harness\/\",\"name\":\"Training Walking No Pull Service Dog Harness | QQPETS\",\"isPartOf\":{\"@id\":\"https:\/\/qqpets.com\/#website\"},\"primaryImageOfPage\":{\"@id\":\"https:\/\/qqpets.com\/product\/training-walking-no-pull-service-dog-harness\/#primaryimage\"},\"image\":{\"@id\":\"https:\/\/qqpets.com\/product\/training-walking-no-pull-service-dog-harness\/#primaryimage\"},\"thumbnailUrl\":\"https:\/\/qqpets.com\/wp-content\/uploads\/2023\/09\/service-dog-harness.jpg\",\"datePublished\":\"2023-10-04T07:27:45+00:00\",\"dateModified\":\"2024-09-02T07:03:14+00:00\",\"description\":\"Equip your service dog with our high-quality harness. Built for comfort and visibility. Essential for duty.\",\"breadcrumb\":{\"@id\":\"https:\/\/qqpets.com\/product\/training-walking-no-pull-service-dog-harness\/#breadcrumb\"},\"inLanguage\":\"fr-FR\",\"potentialAction\":[{\"@type\":\"ReadAction\",\"target\":[\"https:\/\/qqpets.com\/product\/training-walking-no-pull-service-dog-harness\/\"]}]},{\"@type\":\"ImageObject\",\"inLanguage\":\"fr-FR\",\"@id\":\"https:\/\/qqpets.com\/product\/training-walking-no-pull-service-dog-harness\/#primaryimage\",\"url\":\"https:\/\/qqpets.com\/wp-content\/uploads\/2023\/09\/service-dog-harness.jpg\",\"contentUrl\":\"https:\/\/qqpets.com\/wp-content\/uploads\/2023\/09\/service-dog-harness.jpg\",\"width\":1200,\"height\":1200,\"caption\":\"service dog harness\"},{\"@type\":\"BreadcrumbList\",\"@id\":\"https:\/\/qqpets.com\/product\/training-walking-no-pull-service-dog-harness\/#breadcrumb\",\"itemListElement\":[{\"@type\":\"ListItem\",\"position\":1,\"name\":\"Home\",\"item\":\"https:\/\/qqpets.com\/\"},{\"@type\":\"ListItem\",\"position\":2,\"name\":\"Products\",\"item\":\"https:\/\/qqpets.com\/pet-products-manufacturer\/\"},{\"@type\":\"ListItem\",\"position\":3,\"name\":\"Training Walking No Pull Service Dog Harness\"}]},{\"@type\":\"WebSite\",\"@id\":\"https:\/\/qqpets.com\/#website\",\"url\":\"https:\/\/qqpets.com\/\",\"name\":\"QQPETS\",\"description\":\"QQPETS is a pet products factory for dog harnesses, dog collars, dog leashes and dog accessories with professional customized service since 2005.\",\"publisher\":{\"@id\":\"https:\/\/qqpets.com\/#organization\"},\"potentialAction\":[{\"@type\":\"SearchAction\",\"target\":{\"@type\":\"EntryPoint\",\"urlTemplate\":\"https:\/\/qqpets.com\/?s={search_term_string}\"},\"query-input\":{\"@type\":\"PropertyValueSpecification\",\"valueRequired\":true,\"valueName\":\"search_term_string\"}}],\"inLanguage\":\"fr-FR\"},{\"@type\":\"Organization\",\"@id\":\"https:\/\/qqpets.com\/#organization\",\"name\":\"QQPETS\",\"url\":\"https:\/\/qqpets.com\/\",\"logo\":{\"@type\":\"ImageObject\",\"inLanguage\":\"fr-FR\",\"@id\":\"https:\/\/qqpets.com\/#\/schema\/logo\/image\/\",\"url\":\"https:\/\/qqpets.com\/wp-content\/uploads\/2023\/09\/cropped-cropped-qqpets-tiktok.jpg\",\"contentUrl\":\"https:\/\/qqpets.com\/wp-content\/uploads\/2023\/09\/cropped-cropped-qqpets-tiktok.jpg\",\"width\":511,\"height\":511,\"caption\":\"QQPETS\"},\"image\":{\"@id\":\"https:\/\/qqpets.com\/#\/schema\/logo\/image\/\"},\"sameAs\":[\"https:\/\/www.facebook.com\/QQpetsdogcollars\",\"https:\/\/www.instagram.com\/qqpetscollar\/\",\"https:\/\/www.pinterest.com\/qqpetsdogcollarsfactory\/\"]}]}<\/script>\n<!-- \/ Yoast SEO plugin. -->","yoast_head_json":{"title":"Harnais de dressage et de marche pour chien de service | QQPETS","description":"Equipez votre chien d'assistance avec notre harnais de haute qualit\u00e9. Con\u00e7u pour le confort et la visibilit\u00e9. Indispensable pour le service.","robots":{"index":"index","follow":"follow","max-snippet":"max-snippet:-1","max-image-preview":"max-image-preview:large","max-video-preview":"max-video-preview:-1"},"canonical":"https:\/\/qqpets.com\/fr\/produit\/training-walking-no-pull-service-dog-harness\/","og_locale":"fr_FR","og_type":"article","og_title":"Training Walking No Pull Service Dog Harness | QQPETS","og_description":"Equip your service dog with our high-quality harness. Built for comfort and visibility. Essential for duty.","og_url":"https:\/\/qqpets.com\/fr\/produit\/training-walking-no-pull-service-dog-harness\/","og_site_name":"QQPETS","article_publisher":"https:\/\/www.facebook.com\/QQpetsdogcollars","article_modified_time":"2024-09-02T07:03:14+00:00","og_image":[{"width":1200,"height":1200,"url":"https:\/\/qqpets.com\/wp-content\/uploads\/2023\/09\/service-dog-harness.jpg","type":"image\/jpeg"}],"twitter_card":"summary_large_image","twitter_misc":{"Dur\u00e9e de lecture estim\u00e9e":"3 minutes"},"schema":{"@context":"https:\/\/schema.org","@graph":[{"@type":"WebPage","@id":"https:\/\/qqpets.com\/product\/training-walking-no-pull-service-dog-harness\/","url":"https:\/\/qqpets.com\/product\/training-walking-no-pull-service-dog-harness\/","name":"Harnais de dressage et de marche pour chien de service | QQPETS","isPartOf":{"@id":"https:\/\/qqpets.com\/#website"},"primaryImageOfPage":{"@id":"https:\/\/qqpets.com\/product\/training-walking-no-pull-service-dog-harness\/#primaryimage"},"image":{"@id":"https:\/\/qqpets.com\/product\/training-walking-no-pull-service-dog-harness\/#primaryimage"},"thumbnailUrl":"https:\/\/qqpets.com\/wp-content\/uploads\/2023\/09\/service-dog-harness.jpg","datePublished":"2023-10-04T07:27:45+00:00","dateModified":"2024-09-02T07:03:14+00:00","description":"Equipez votre chien d'assistance avec notre harnais de haute qualit\u00e9. Con\u00e7u pour le confort et la visibilit\u00e9. Indispensable pour le service.","breadcrumb":{"@id":"https:\/\/qqpets.com\/product\/training-walking-no-pull-service-dog-harness\/#breadcrumb"},"inLanguage":"fr-FR","potentialAction":[{"@type":"ReadAction","target":["https:\/\/qqpets.com\/product\/training-walking-no-pull-service-dog-harness\/"]}]},{"@type":"ImageObject","inLanguage":"fr-FR","@id":"https:\/\/qqpets.com\/product\/training-walking-no-pull-service-dog-harness\/#primaryimage","url":"https:\/\/qqpets.com\/wp-content\/uploads\/2023\/09\/service-dog-harness.jpg","contentUrl":"https:\/\/qqpets.com\/wp-content\/uploads\/2023\/09\/service-dog-harness.jpg","width":1200,"height":1200,"caption":"service dog harness"},{"@type":"BreadcrumbList","@id":"https:\/\/qqpets.com\/product\/training-walking-no-pull-service-dog-harness\/#breadcrumb","itemListElement":[{"@type":"ListItem","position":1,"name":"Home","item":"https:\/\/qqpets.com\/"},{"@type":"ListItem","position":2,"name":"Products","item":"https:\/\/qqpets.com\/pet-products-manufacturer\/"},{"@type":"ListItem","position":3,"name":"Training Walking No Pull Service Dog Harness"}]},{"@type":"WebSite","@id":"https:\/\/qqpets.com\/#website","url":"https:\/\/qqpets.com\/","name":"QQPETS","description":"QQPETS est une usine de produits pour animaux de compagnie qui fabrique des harnais pour chiens, des colliers pour chiens, des laisses pour chiens et des accessoires pour chiens avec un service professionnel personnalis\u00e9 depuis 2005.","publisher":{"@id":"https:\/\/qqpets.com\/#organization"},"potentialAction":[{"@type":"SearchAction","target":{"@type":"EntryPoint","urlTemplate":"https:\/\/qqpets.com\/?s={search_term_string}"},"query-input":{"@type":"PropertyValueSpecification","valueRequired":true,"valueName":"search_term_string"}}],"inLanguage":"fr-FR"},{"@type":"Organization","@id":"https:\/\/qqpets.com\/#organization","name":"QQPETS","url":"https:\/\/qqpets.com\/","logo":{"@type":"ImageObject","inLanguage":"fr-FR","@id":"https:\/\/qqpets.com\/#\/schema\/logo\/image\/","url":"https:\/\/qqpets.com\/wp-content\/uploads\/2023\/09\/cropped-cropped-qqpets-tiktok.jpg","contentUrl":"https:\/\/qqpets.com\/wp-content\/uploads\/2023\/09\/cropped-cropped-qqpets-tiktok.jpg","width":511,"height":511,"caption":"QQPETS"},"image":{"@id":"https:\/\/qqpets.com\/#\/schema\/logo\/image\/"},"sameAs":["https:\/\/www.facebook.com\/QQpetsdogcollars","https:\/\/www.instagram.com\/qqpetscollar\/","https:\/\/www.pinterest.com\/qqpetsdogcollarsfactory\/"]}]}},"_links":{"self":[{"href":"https:\/\/qqpets.com\/fr\/wp-json\/wp\/v2\/product\/146","targetHints":{"allow":["GET"]}}],"collection":[{"href":"https:\/\/qqpets.com\/fr\/wp-json\/wp\/v2\/product"}],"about":[{"href":"https:\/\/qqpets.com\/fr\/wp-json\/wp\/v2\/types\/product"}],"wp:featuredmedia":[{"embeddable":true,"href":"https:\/\/qqpets.com\/fr\/wp-json\/wp\/v2\/media\/7319"}],"wp:attachment":[{"href":"https:\/\/qqpets.com\/fr\/wp-json\/wp\/v2\/media?parent=146"}],"wp:term":[{"taxonomy":"product_brand","embeddable":true,"href":"https:\/\/qqpets.com\/fr\/wp-json\/wp\/v2\/product_brand?post=146"},{"taxonomy":"product_cat","embeddable":true,"href":"https:\/\/qqpets.com\/fr\/wp-json\/wp\/v2\/product_cat?post=146"},{"taxonomy":"product_tag","embeddable":true,"href":"https:\/\/qqpets.com\/fr\/wp-json\/wp\/v2\/product_tag?post=146"}],"curies":[{"name":"wp","href":"https:\/\/api.w.org\/{rel}","templated":true}]}}