{"id":4645,"date":"2024-08-30T16:59:56","date_gmt":"2024-08-30T08:59:56","guid":{"rendered":"https:\/\/qqpets.com\/?post_type=product&#038;p=4645"},"modified":"2024-08-31T17:08:46","modified_gmt":"2024-08-31T09:08:46","slug":"reflective-adjustable-step-in-dog-harness","status":"publish","type":"product","link":"https:\/\/qqpets.com\/fr\/produit\/reflective-adjustable-step-in-dog-harness\/","title":{"rendered":"Harnais r\u00e9fl\u00e9chissant r\u00e9glable pour chien"},"content":{"rendered":"<p>Introduisez un nouveau niveau de s\u00e9curit\u00e9 et de commodit\u00e9 dans les promenades quotidiennes de votre animal de compagnie gr\u00e2ce \u00e0 notre harnais r\u00e9glable r\u00e9fl\u00e9chissant pour chien. Ce harnais a \u00e9t\u00e9 sp\u00e9cialement con\u00e7u pour faciliter l'utilisation et am\u00e9liorer la visibilit\u00e9 nocturne. Dot\u00e9 de bandes r\u00e9fl\u00e9chissantes, il permet \u00e0 votre chien de rester visible pour les conducteurs et les pi\u00e9tons dans des conditions de faible luminosit\u00e9, ce qui accro\u00eet consid\u00e9rablement la s\u00e9curit\u00e9 lors des promenades en soir\u00e9e ou t\u00f4t le matin.<\/p>\n<p>La conception du harnais simplifie le processus d'enfilage, ce qui le rend id\u00e9al pour les animaux de compagnie (et les propri\u00e9taires !) qui pr\u00e9f\u00e8rent une exp\u00e9rience sans tracas. Il suffit de poser le harnais \u00e0 plat, de demander \u00e0 votre chien de l'enfiler, de le boucler et vous voil\u00e0 pr\u00eat \u00e0 partir. Les sangles sont enti\u00e8rement r\u00e9glables, ce qui permet d'ajuster le harnais \u00e0 la morphologie de l'animal, quelle que soit sa taille.<\/p>\n<p>Fabriqu\u00e9 \u00e0 partir de mat\u00e9riaux durables de haute qualit\u00e9, ce harnais est con\u00e7u pour durer et r\u00e9sister aux rigueurs de l'utilisation quotidienne tout en assurant le confort de votre chien. Sa conception l\u00e9g\u00e8re permet \u00e0 votre animal de se d\u00e9placer librement, sans se sentir alourdi.<\/p>\n<p>Notre harnais r\u00e9glable r\u00e9fl\u00e9chissant pour chien n'est pas seulement pratique, il est aussi \u00e9l\u00e9gant. Il est disponible en plusieurs couleurs pour s'adapter au style de votre animal, ce qui en fait un choix \u00e0 la mode pour vos promenades quotidiennes. Que vous naviguiez dans les rues anim\u00e9es de la ville ou que vous vous promeniez tranquillement dans le parc, ce harnais garantit la s\u00e9curit\u00e9 et le confort de votre animal.<\/p>\n<p>\u00c9quipez votre animal de notre harnais pour am\u00e9liorer sa visibilit\u00e9 et assurer son confort lors de chaque promenade. Vous aurez ainsi l'esprit tranquille et votre animal sera libre d'explorer en toute s\u00e9curit\u00e9.<\/p>\n<div class=\"flex max-w-full flex-col flex-grow\">\n<div class=\"min-h-[20px] text-message flex w-full flex-col items-end gap-2 break-words [.text-message+&amp;]:mt-5 overflow-x-auto whitespace-normal\" dir=\"auto\" data-message-author-role=\"assistant\" data-message-id=\"e46110a1-b220-42e7-a97e-37831f310d5a\">\n<div class=\"flex w-full flex-col gap-1 empty:hidden first:pt-[3px]\">\n<div class=\"markdown prose w-full break-words dark:prose-invert light\">\n<h6><strong>Les harnais \u00e0 \u00e9chelons sont-ils bons pour les chiens ?<\/strong><\/h6>\n<p>Oui, les harnais \u00e0 emmanchures sont bons pour les chiens car ils sont faciles \u00e0 mettre, r\u00e9partissent la pression uniform\u00e9ment sur la poitrine et les \u00e9paules, et conviennent aux chiens qui n'aiment pas qu'on leur tire le harnais par-dessus la t\u00eate.<\/p>\n<h6><strong>Les harnais rembourr\u00e9s sont-ils meilleurs pour les chiens ?<\/strong><\/h6>\n<p>Oui, les harnais rembourr\u00e9s sont meilleurs pour les chiens car ils offrent un confort suppl\u00e9mentaire, r\u00e9duisent le risque de frottement et d'irritation et sont particuli\u00e8rement b\u00e9n\u00e9fiques pour les chiens \u00e0 la peau sensible ou au pelage fin.<\/p>\n<h6><strong>Comment utiliser un harnais pour chien ?<\/strong><\/h6>\n<p>Posez le harnais \u00e0 plat sur le sol, demandez \u00e0 votre chien de passer dans les ouvertures pour les jambes, remontez le harnais autour du corps du chien, puis attachez la boucle sur le dos du chien.<\/p>\n<h6><strong>Qu'est-ce qu'un harnais r\u00e9glable ?<\/strong><\/h6>\n<p>Un harnais r\u00e9glable est con\u00e7u avec plusieurs points o\u00f9 vous pouvez ajuster les sangles pour assurer un ajustement confortable \u00e0 votre chien, en tenant compte des changements de taille ou de poids.<\/p>\n<h6><strong>Pourquoi utiliser une sellette ?<\/strong><\/h6>\n<p>Utilisez un harnais \u00e0 \u00e9chelons pour faciliter l'utilisation, en particulier pour les chiens calmes ou ceux qui ne sont pas \u00e0 l'aise avec les harnais qui passent par-dessus la t\u00eate. Ils sont \u00e9galement excellents pour fournir un soutien confortable sans exercer de pression sur le cou.<\/p>\n<\/div>\n<\/div>\n<\/div>\n<\/div>\n<div class=\"mt-1 flex gap-3 empty:hidden -ml-2\">\n<div class=\"items-center justify-start rounded-xl p-1 flex\">\n<div class=\"flex items-center\">\n<p>&nbsp;<\/p>\n<div class=\"flex\"><\/div>\n<div class=\"flex items-center pb-0\">\n<div class=\"[&amp;_svg]:h-full [&amp;_svg]:w-full icon-md h-4 w-4\"><\/div>\n<p><span class=\"overflow-hidden text-clip whitespace-nowrap text-sm\">4<\/span><\/p>\n<\/div>\n<\/div>\n<\/div>\n<\/div>","protected":false},"excerpt":{"rendered":"<p>Mettez-vous en s\u00e9curit\u00e9 avec notre harnais r\u00e9glable r\u00e9fl\u00e9chissant pour chien. Con\u00e7u pour un ajustement facile et une visibilit\u00e9 accrue, ce harnais comporte des bandes r\u00e9fl\u00e9chissantes lumineuses qui rendent votre chien visible la nuit. La conception r\u00e9glable assure un ajustement parfait pour toutes les races, favorisant le confort et la s\u00e9curit\u00e9. L\u00e9ger et durable, il est id\u00e9al pour les promenades quotidiennes et permet \u00e0 votre animal d'\u00eatre vu dans des conditions de faible luminosit\u00e9.<\/p>","protected":false},"featured_media":7691,"template":"","meta":[],"product_brand":[],"product_cat":[23],"product_tag":[],"class_list":{"0":"post-4645","1":"product","2":"type-product","3":"status-publish","4":"has-post-thumbnail","6":"product_cat-dog-harness","7":"pa_brand-qqpets","9":"first","10":"instock","11":"shipping-taxable","12":"product-type-simple"},"yoast_head":"<!-- This site is optimized with the Yoast SEO plugin v26.6 - https:\/\/yoast.com\/wordpress\/plugins\/seo\/ -->\n<title>Reflective Adjustable Step in Dog Harness | QQPETS<\/title>\n<meta name=\"description\" content=\"Keep your dog safe with our Reflective Adjustable Step In Harness. Perfect for night walks. Secure and stylish!\" \/>\n<meta name=\"robots\" content=\"index, follow, max-snippet:-1, max-image-preview:large, max-video-preview:-1\" \/>\n<link rel=\"canonical\" href=\"https:\/\/qqpets.com\/fr\/produit\/reflective-adjustable-step-in-dog-harness\/\" \/>\n<meta property=\"og:locale\" content=\"fr_FR\" \/>\n<meta property=\"og:type\" content=\"article\" \/>\n<meta property=\"og:title\" content=\"Reflective Adjustable Step in Dog Harness | QQPETS\" \/>\n<meta property=\"og:description\" content=\"Keep your dog safe with our Reflective Adjustable Step In Harness. Perfect for night walks. Secure and stylish!\" \/>\n<meta property=\"og:url\" content=\"https:\/\/qqpets.com\/fr\/produit\/reflective-adjustable-step-in-dog-harness\/\" \/>\n<meta property=\"og:site_name\" content=\"QQPETS\" \/>\n<meta property=\"article:publisher\" content=\"https:\/\/www.facebook.com\/QQpetsdogcollars\" \/>\n<meta property=\"article:modified_time\" content=\"2024-08-31T09:08:46+00:00\" \/>\n<meta property=\"og:image\" content=\"https:\/\/qqpets.com\/wp-content\/uploads\/2023\/09\/qqpets-tiktok.jpg\" \/>\n\t<meta property=\"og:image:width\" content=\"800\" \/>\n\t<meta property=\"og:image:height\" content=\"800\" \/>\n\t<meta property=\"og:image:type\" content=\"image\/jpeg\" \/>\n<meta name=\"twitter:card\" content=\"summary_large_image\" \/>\n<meta name=\"twitter:label1\" content=\"Dur\u00e9e de lecture estim\u00e9e\" \/>\n\t<meta name=\"twitter:data1\" content=\"3 minutes\" \/>\n<script type=\"application\/ld+json\" class=\"yoast-schema-graph\">{\"@context\":\"https:\/\/schema.org\",\"@graph\":[{\"@type\":\"WebPage\",\"@id\":\"https:\/\/qqpets.com\/product\/reflective-adjustable-step-in-dog-harness\/\",\"url\":\"https:\/\/qqpets.com\/product\/reflective-adjustable-step-in-dog-harness\/\",\"name\":\"Reflective Adjustable Step in Dog Harness | QQPETS\",\"isPartOf\":{\"@id\":\"https:\/\/qqpets.com\/#website\"},\"primaryImageOfPage\":{\"@id\":\"https:\/\/qqpets.com\/product\/reflective-adjustable-step-in-dog-harness\/#primaryimage\"},\"image\":{\"@id\":\"https:\/\/qqpets.com\/product\/reflective-adjustable-step-in-dog-harness\/#primaryimage\"},\"thumbnailUrl\":\"https:\/\/qqpets.com\/wp-content\/uploads\/2024\/08\/3.avif\",\"datePublished\":\"2024-08-30T08:59:56+00:00\",\"dateModified\":\"2024-08-31T09:08:46+00:00\",\"description\":\"Keep your dog safe with our Reflective Adjustable Step In Harness. Perfect for night walks. Secure and stylish!\",\"breadcrumb\":{\"@id\":\"https:\/\/qqpets.com\/product\/reflective-adjustable-step-in-dog-harness\/#breadcrumb\"},\"inLanguage\":\"fr-FR\",\"potentialAction\":[{\"@type\":\"ReadAction\",\"target\":[\"https:\/\/qqpets.com\/product\/reflective-adjustable-step-in-dog-harness\/\"]}]},{\"@type\":\"ImageObject\",\"inLanguage\":\"fr-FR\",\"@id\":\"https:\/\/qqpets.com\/product\/reflective-adjustable-step-in-dog-harness\/#primaryimage\",\"url\":\"https:\/\/qqpets.com\/wp-content\/uploads\/2024\/08\/3.avif\",\"contentUrl\":\"https:\/\/qqpets.com\/wp-content\/uploads\/2024\/08\/3.avif\",\"width\":800,\"height\":800},{\"@type\":\"BreadcrumbList\",\"@id\":\"https:\/\/qqpets.com\/product\/reflective-adjustable-step-in-dog-harness\/#breadcrumb\",\"itemListElement\":[{\"@type\":\"ListItem\",\"position\":1,\"name\":\"Home\",\"item\":\"https:\/\/qqpets.com\/\"},{\"@type\":\"ListItem\",\"position\":2,\"name\":\"Products\",\"item\":\"https:\/\/qqpets.com\/pet-products-manufacturer\/\"},{\"@type\":\"ListItem\",\"position\":3,\"name\":\"Reflective Adjustable Step in Dog Harness\"}]},{\"@type\":\"WebSite\",\"@id\":\"https:\/\/qqpets.com\/#website\",\"url\":\"https:\/\/qqpets.com\/\",\"name\":\"QQPETS\",\"description\":\"QQPETS is a pet products factory for dog harnesses, dog collars, dog leashes and dog accessories with professional customized service since 2005.\",\"publisher\":{\"@id\":\"https:\/\/qqpets.com\/#organization\"},\"potentialAction\":[{\"@type\":\"SearchAction\",\"target\":{\"@type\":\"EntryPoint\",\"urlTemplate\":\"https:\/\/qqpets.com\/?s={search_term_string}\"},\"query-input\":{\"@type\":\"PropertyValueSpecification\",\"valueRequired\":true,\"valueName\":\"search_term_string\"}}],\"inLanguage\":\"fr-FR\"},{\"@type\":\"Organization\",\"@id\":\"https:\/\/qqpets.com\/#organization\",\"name\":\"QQPETS\",\"url\":\"https:\/\/qqpets.com\/\",\"logo\":{\"@type\":\"ImageObject\",\"inLanguage\":\"fr-FR\",\"@id\":\"https:\/\/qqpets.com\/#\/schema\/logo\/image\/\",\"url\":\"https:\/\/qqpets.com\/wp-content\/uploads\/2023\/09\/cropped-cropped-qqpets-tiktok.jpg\",\"contentUrl\":\"https:\/\/qqpets.com\/wp-content\/uploads\/2023\/09\/cropped-cropped-qqpets-tiktok.jpg\",\"width\":511,\"height\":511,\"caption\":\"QQPETS\"},\"image\":{\"@id\":\"https:\/\/qqpets.com\/#\/schema\/logo\/image\/\"},\"sameAs\":[\"https:\/\/www.facebook.com\/QQpetsdogcollars\",\"https:\/\/www.instagram.com\/qqpetscollar\/\",\"https:\/\/www.pinterest.com\/qqpetsdogcollarsfactory\/\"]}]}<\/script>\n<!-- \/ Yoast SEO plugin. -->","yoast_head_json":{"title":"Harnais r\u00e9fl\u00e9chissant r\u00e9glable pour chien | QQPETS","description":"Gardez votre chien en s\u00e9curit\u00e9 avec notre harnais r\u00e9glable r\u00e9fl\u00e9chissant. Parfait pour les promenades nocturnes. S\u00e9curisant et \u00e9l\u00e9gant !","robots":{"index":"index","follow":"follow","max-snippet":"max-snippet:-1","max-image-preview":"max-image-preview:large","max-video-preview":"max-video-preview:-1"},"canonical":"https:\/\/qqpets.com\/fr\/produit\/reflective-adjustable-step-in-dog-harness\/","og_locale":"fr_FR","og_type":"article","og_title":"Reflective Adjustable Step in Dog Harness | QQPETS","og_description":"Keep your dog safe with our Reflective Adjustable Step In Harness. Perfect for night walks. Secure and stylish!","og_url":"https:\/\/qqpets.com\/fr\/produit\/reflective-adjustable-step-in-dog-harness\/","og_site_name":"QQPETS","article_publisher":"https:\/\/www.facebook.com\/QQpetsdogcollars","article_modified_time":"2024-08-31T09:08:46+00:00","og_image":[{"width":800,"height":800,"url":"https:\/\/qqpets.com\/wp-content\/uploads\/2023\/09\/qqpets-tiktok.jpg","type":"image\/jpeg"}],"twitter_card":"summary_large_image","twitter_misc":{"Dur\u00e9e de lecture estim\u00e9e":"3 minutes"},"schema":{"@context":"https:\/\/schema.org","@graph":[{"@type":"WebPage","@id":"https:\/\/qqpets.com\/product\/reflective-adjustable-step-in-dog-harness\/","url":"https:\/\/qqpets.com\/product\/reflective-adjustable-step-in-dog-harness\/","name":"Harnais r\u00e9fl\u00e9chissant r\u00e9glable pour chien | QQPETS","isPartOf":{"@id":"https:\/\/qqpets.com\/#website"},"primaryImageOfPage":{"@id":"https:\/\/qqpets.com\/product\/reflective-adjustable-step-in-dog-harness\/#primaryimage"},"image":{"@id":"https:\/\/qqpets.com\/product\/reflective-adjustable-step-in-dog-harness\/#primaryimage"},"thumbnailUrl":"https:\/\/qqpets.com\/wp-content\/uploads\/2024\/08\/3.avif","datePublished":"2024-08-30T08:59:56+00:00","dateModified":"2024-08-31T09:08:46+00:00","description":"Gardez votre chien en s\u00e9curit\u00e9 avec notre harnais r\u00e9glable r\u00e9fl\u00e9chissant. Parfait pour les promenades nocturnes. S\u00e9curisant et \u00e9l\u00e9gant !","breadcrumb":{"@id":"https:\/\/qqpets.com\/product\/reflective-adjustable-step-in-dog-harness\/#breadcrumb"},"inLanguage":"fr-FR","potentialAction":[{"@type":"ReadAction","target":["https:\/\/qqpets.com\/product\/reflective-adjustable-step-in-dog-harness\/"]}]},{"@type":"ImageObject","inLanguage":"fr-FR","@id":"https:\/\/qqpets.com\/product\/reflective-adjustable-step-in-dog-harness\/#primaryimage","url":"https:\/\/qqpets.com\/wp-content\/uploads\/2024\/08\/3.avif","contentUrl":"https:\/\/qqpets.com\/wp-content\/uploads\/2024\/08\/3.avif","width":800,"height":800},{"@type":"BreadcrumbList","@id":"https:\/\/qqpets.com\/product\/reflective-adjustable-step-in-dog-harness\/#breadcrumb","itemListElement":[{"@type":"ListItem","position":1,"name":"Home","item":"https:\/\/qqpets.com\/"},{"@type":"ListItem","position":2,"name":"Products","item":"https:\/\/qqpets.com\/pet-products-manufacturer\/"},{"@type":"ListItem","position":3,"name":"Reflective Adjustable Step in Dog Harness"}]},{"@type":"WebSite","@id":"https:\/\/qqpets.com\/#website","url":"https:\/\/qqpets.com\/","name":"QQPETS","description":"QQPETS est une usine de produits pour animaux de compagnie qui fabrique des harnais pour chiens, des colliers pour chiens, des laisses pour chiens et des accessoires pour chiens avec un service professionnel personnalis\u00e9 depuis 2005.","publisher":{"@id":"https:\/\/qqpets.com\/#organization"},"potentialAction":[{"@type":"SearchAction","target":{"@type":"EntryPoint","urlTemplate":"https:\/\/qqpets.com\/?s={search_term_string}"},"query-input":{"@type":"PropertyValueSpecification","valueRequired":true,"valueName":"search_term_string"}}],"inLanguage":"fr-FR"},{"@type":"Organization","@id":"https:\/\/qqpets.com\/#organization","name":"QQPETS","url":"https:\/\/qqpets.com\/","logo":{"@type":"ImageObject","inLanguage":"fr-FR","@id":"https:\/\/qqpets.com\/#\/schema\/logo\/image\/","url":"https:\/\/qqpets.com\/wp-content\/uploads\/2023\/09\/cropped-cropped-qqpets-tiktok.jpg","contentUrl":"https:\/\/qqpets.com\/wp-content\/uploads\/2023\/09\/cropped-cropped-qqpets-tiktok.jpg","width":511,"height":511,"caption":"QQPETS"},"image":{"@id":"https:\/\/qqpets.com\/#\/schema\/logo\/image\/"},"sameAs":["https:\/\/www.facebook.com\/QQpetsdogcollars","https:\/\/www.instagram.com\/qqpetscollar\/","https:\/\/www.pinterest.com\/qqpetsdogcollarsfactory\/"]}]}},"_links":{"self":[{"href":"https:\/\/qqpets.com\/fr\/wp-json\/wp\/v2\/product\/4645","targetHints":{"allow":["GET"]}}],"collection":[{"href":"https:\/\/qqpets.com\/fr\/wp-json\/wp\/v2\/product"}],"about":[{"href":"https:\/\/qqpets.com\/fr\/wp-json\/wp\/v2\/types\/product"}],"wp:featuredmedia":[{"embeddable":true,"href":"https:\/\/qqpets.com\/fr\/wp-json\/wp\/v2\/media\/7691"}],"wp:attachment":[{"href":"https:\/\/qqpets.com\/fr\/wp-json\/wp\/v2\/media?parent=4645"}],"wp:term":[{"taxonomy":"product_brand","embeddable":true,"href":"https:\/\/qqpets.com\/fr\/wp-json\/wp\/v2\/product_brand?post=4645"},{"taxonomy":"product_cat","embeddable":true,"href":"https:\/\/qqpets.com\/fr\/wp-json\/wp\/v2\/product_cat?post=4645"},{"taxonomy":"product_tag","embeddable":true,"href":"https:\/\/qqpets.com\/fr\/wp-json\/wp\/v2\/product_tag?post=4645"}],"curies":[{"name":"wp","href":"https:\/\/api.w.org\/{rel}","templated":true}]}}