{"id":7631,"date":"2024-08-30T17:38:13","date_gmt":"2024-08-30T09:38:13","guid":{"rendered":"https:\/\/qqpets.com\/?post_type=product&#038;p=7631"},"modified":"2024-08-30T17:38:13","modified_gmt":"2024-08-30T09:38:13","slug":"retractable-dog-leash-with-light-1-0-qqpets","status":"publish","type":"product","link":"https:\/\/qqpets.com\/fr\/produit\/retractable-dog-leash-with-light-1-0-qqpets\/","title":{"rendered":"Laisse r\u00e9tractable pour chien avec lumi\u00e8re 1.0 - QQPETS"},"content":{"rendered":"<p>Voici l'accessoire de promenade id\u00e9al pour les propri\u00e9taires d'animaux qui aiment se promener le soir ou t\u00f4t le matin : notre laisse r\u00e9tractable pour chiens avec lumi\u00e8re. Cette laisse innovante est con\u00e7ue pour am\u00e9liorer la visibilit\u00e9 et la s\u00e9curit\u00e9 pour vous et votre animal dans des conditions de faible luminosit\u00e9. La lumi\u00e8re LED int\u00e9gr\u00e9e \u00e9claire votre chemin, garantissant que vous et votre chien \u00eates visibles pour les automobilistes et les autres pi\u00e9tons.<\/p>\n<p>Fabriqu\u00e9e avec des mat\u00e9riaux de haute qualit\u00e9, la laisse est dot\u00e9e d'un m\u00e9canisme solide et durable qui peut supporter la traction de la plupart des chiens. Le cordon r\u00e9tractable s'\u00e9tend jusqu'\u00e0 16 pieds, laissant \u00e0 votre chien une grande libert\u00e9 d'exploration pendant que vous gardez le contr\u00f4le total. La poign\u00e9e est con\u00e7ue de mani\u00e8re ergonomique pour tenir confortablement dans la main, r\u00e9duisant ainsi la tension du poignet et facilitant la prise en main pendant les longues promenades.<\/p>\n<p>La lumi\u00e8re LED est une caract\u00e9ristique remarquable, offrant suffisamment de luminosit\u00e9 pour \u00e9clairer votre environnement imm\u00e9diat. Elle est parfaite pour ceux qui pr\u00e9f\u00e8rent des promenades plus s\u00fbres au cr\u00e9puscule ou \u00e0 l'aube. La laisse est \u00e9galement dot\u00e9e d'un bouton d'arr\u00eat rapide qui vous permet de g\u00e9rer facilement la longueur de la laisse, afin que votre chien reste \u00e0 proximit\u00e9 lorsque cela est n\u00e9cessaire.<\/p>\n<p>Cette laisse n'est pas seulement un outil pratique, mais aussi un outil \u00e9l\u00e9gant, qui am\u00e9liore l'exp\u00e9rience de la promenade gr\u00e2ce \u00e0 sa fonctionnalit\u00e9 et \u00e0 sa facilit\u00e9 d'utilisation. Que vous empruntiez les rues anim\u00e9es d'une ville ou les sentiers tranquilles d'un parc, notre laisse r\u00e9tractable pour chien avec lumi\u00e8re garantit que vos aventures nocturnes avec votre animal de compagnie sont \u00e0 la fois s\u00fbres et agr\u00e9ables.<\/p>","protected":false},"excerpt":{"rendered":"<p>Am\u00e9liorez votre s\u00e9curit\u00e9 nocturne avec notre laisse r\u00e9tractable pour chien avec lumi\u00e8re. Cette laisse est \u00e9quip\u00e9e d'une lumi\u00e8re LED int\u00e9gr\u00e9e pour une meilleure visibilit\u00e9, garantissant des promenades en toute s\u00e9curit\u00e9 dans des conditions de faible luminosit\u00e9. La conception r\u00e9tractable donne \u00e0 votre chien la libert\u00e9 d'explorer, tout en gardant le contr\u00f4le. Fabriqu\u00e9e avec des mat\u00e9riaux durables, elle est dot\u00e9e d'une poign\u00e9e ergonomique pour plus de confort et de facilit\u00e9 d'utilisation. Id\u00e9ale pour les promenades en soir\u00e9e ou t\u00f4t le matin, cette laisse allie commodit\u00e9 et s\u00e9curit\u00e9.<\/p>","protected":false},"featured_media":7325,"template":"","meta":[],"product_brand":[],"product_cat":[27,21],"product_tag":[],"class_list":{"0":"post-7631","1":"product","2":"type-product","3":"status-publish","4":"has-post-thumbnail","6":"product_cat-dog-leash","7":"product_cat-led-product","8":"pa_brand-qqpets","10":"first","11":"instock","12":"shipping-taxable","13":"product-type-simple"},"yoast_head":"<!-- This site is optimized with the Yoast SEO plugin v26.6 - https:\/\/yoast.com\/wordpress\/plugins\/seo\/ -->\n<title>Retractable Dog Leash With Light 1.0 - QQPETS | QQPETS<\/title>\n<meta name=\"description\" content=\"Explore our Retractable Dog Leash With Light for safe night walks. Durable, convenient, and bright. Buy now!\" \/>\n<meta name=\"robots\" content=\"index, follow, max-snippet:-1, max-image-preview:large, max-video-preview:-1\" \/>\n<link rel=\"canonical\" href=\"https:\/\/qqpets.com\/fr\/produit\/retractable-dog-leash-with-light-1-0-qqpets\/\" \/>\n<meta property=\"og:locale\" content=\"fr_FR\" \/>\n<meta property=\"og:type\" content=\"article\" \/>\n<meta property=\"og:title\" content=\"Retractable Dog Leash With Light 1.0 - QQPETS | QQPETS\" \/>\n<meta property=\"og:description\" content=\"Explore our Retractable Dog Leash With Light for safe night walks. Durable, convenient, and bright. Buy now!\" \/>\n<meta property=\"og:url\" content=\"https:\/\/qqpets.com\/fr\/produit\/retractable-dog-leash-with-light-1-0-qqpets\/\" \/>\n<meta property=\"og:site_name\" content=\"QQPETS\" \/>\n<meta property=\"article:publisher\" content=\"https:\/\/www.facebook.com\/QQpetsdogcollars\" \/>\n<meta property=\"og:image\" content=\"https:\/\/qqpets.com\/wp-content\/uploads\/2023\/09\/retractable-dog-leahs-with-led.webp\" \/>\n\t<meta property=\"og:image:width\" content=\"1500\" \/>\n\t<meta property=\"og:image:height\" content=\"1500\" \/>\n\t<meta property=\"og:image:type\" content=\"image\/webp\" \/>\n<meta name=\"twitter:card\" content=\"summary_large_image\" \/>\n<meta name=\"twitter:label1\" content=\"Dur\u00e9e de lecture estim\u00e9e\" \/>\n\t<meta name=\"twitter:data1\" content=\"2 minutes\" \/>\n<script type=\"application\/ld+json\" class=\"yoast-schema-graph\">{\"@context\":\"https:\/\/schema.org\",\"@graph\":[{\"@type\":\"WebPage\",\"@id\":\"https:\/\/qqpets.com\/product\/retractable-dog-leash-with-light-1-0-qqpets\/\",\"url\":\"https:\/\/qqpets.com\/product\/retractable-dog-leash-with-light-1-0-qqpets\/\",\"name\":\"Retractable Dog Leash With Light 1.0 - QQPETS | QQPETS\",\"isPartOf\":{\"@id\":\"https:\/\/qqpets.com\/#website\"},\"primaryImageOfPage\":{\"@id\":\"https:\/\/qqpets.com\/product\/retractable-dog-leash-with-light-1-0-qqpets\/#primaryimage\"},\"image\":{\"@id\":\"https:\/\/qqpets.com\/product\/retractable-dog-leash-with-light-1-0-qqpets\/#primaryimage\"},\"thumbnailUrl\":\"https:\/\/qqpets.com\/wp-content\/uploads\/2023\/09\/retractable-dog-leahs-with-led.webp\",\"datePublished\":\"2024-08-30T09:38:13+00:00\",\"description\":\"Explore our Retractable Dog Leash With Light for safe night walks. Durable, convenient, and bright. Buy now!\",\"breadcrumb\":{\"@id\":\"https:\/\/qqpets.com\/product\/retractable-dog-leash-with-light-1-0-qqpets\/#breadcrumb\"},\"inLanguage\":\"fr-FR\",\"potentialAction\":[{\"@type\":\"ReadAction\",\"target\":[\"https:\/\/qqpets.com\/product\/retractable-dog-leash-with-light-1-0-qqpets\/\"]}]},{\"@type\":\"ImageObject\",\"inLanguage\":\"fr-FR\",\"@id\":\"https:\/\/qqpets.com\/product\/retractable-dog-leash-with-light-1-0-qqpets\/#primaryimage\",\"url\":\"https:\/\/qqpets.com\/wp-content\/uploads\/2023\/09\/retractable-dog-leahs-with-led.webp\",\"contentUrl\":\"https:\/\/qqpets.com\/wp-content\/uploads\/2023\/09\/retractable-dog-leahs-with-led.webp\",\"width\":1500,\"height\":1500,\"caption\":\"retractable dog leahs with led\"},{\"@type\":\"BreadcrumbList\",\"@id\":\"https:\/\/qqpets.com\/product\/retractable-dog-leash-with-light-1-0-qqpets\/#breadcrumb\",\"itemListElement\":[{\"@type\":\"ListItem\",\"position\":1,\"name\":\"Home\",\"item\":\"https:\/\/qqpets.com\/\"},{\"@type\":\"ListItem\",\"position\":2,\"name\":\"Products\",\"item\":\"https:\/\/qqpets.com\/pet-products-manufacturer\/\"},{\"@type\":\"ListItem\",\"position\":3,\"name\":\"Retractable Dog Leash With Light 1.0 &#8211; QQPETS\"}]},{\"@type\":\"WebSite\",\"@id\":\"https:\/\/qqpets.com\/#website\",\"url\":\"https:\/\/qqpets.com\/\",\"name\":\"QQPETS\",\"description\":\"QQPETS is a pet products factory for dog harnesses, dog collars, dog leashes and dog accessories with professional customized service since 2005.\",\"publisher\":{\"@id\":\"https:\/\/qqpets.com\/#organization\"},\"potentialAction\":[{\"@type\":\"SearchAction\",\"target\":{\"@type\":\"EntryPoint\",\"urlTemplate\":\"https:\/\/qqpets.com\/?s={search_term_string}\"},\"query-input\":{\"@type\":\"PropertyValueSpecification\",\"valueRequired\":true,\"valueName\":\"search_term_string\"}}],\"inLanguage\":\"fr-FR\"},{\"@type\":\"Organization\",\"@id\":\"https:\/\/qqpets.com\/#organization\",\"name\":\"QQPETS\",\"url\":\"https:\/\/qqpets.com\/\",\"logo\":{\"@type\":\"ImageObject\",\"inLanguage\":\"fr-FR\",\"@id\":\"https:\/\/qqpets.com\/#\/schema\/logo\/image\/\",\"url\":\"https:\/\/qqpets.com\/wp-content\/uploads\/2023\/09\/cropped-cropped-qqpets-tiktok.jpg\",\"contentUrl\":\"https:\/\/qqpets.com\/wp-content\/uploads\/2023\/09\/cropped-cropped-qqpets-tiktok.jpg\",\"width\":511,\"height\":511,\"caption\":\"QQPETS\"},\"image\":{\"@id\":\"https:\/\/qqpets.com\/#\/schema\/logo\/image\/\"},\"sameAs\":[\"https:\/\/www.facebook.com\/QQpetsdogcollars\",\"https:\/\/www.instagram.com\/qqpetscollar\/\",\"https:\/\/www.pinterest.com\/qqpetsdogcollarsfactory\/\"]}]}<\/script>\n<!-- \/ Yoast SEO plugin. -->","yoast_head_json":{"title":"Laisse r\u00e9tractable pour chien avec lumi\u00e8re 1.0 - QQPETS | QQPETS","description":"D\u00e9couvrez notre laisse r\u00e9tractable pour chien avec lumi\u00e8re pour des promenades nocturnes en toute s\u00e9curit\u00e9. Durable, pratique et lumineuse. Achetez maintenant !","robots":{"index":"index","follow":"follow","max-snippet":"max-snippet:-1","max-image-preview":"max-image-preview:large","max-video-preview":"max-video-preview:-1"},"canonical":"https:\/\/qqpets.com\/fr\/produit\/retractable-dog-leash-with-light-1-0-qqpets\/","og_locale":"fr_FR","og_type":"article","og_title":"Retractable Dog Leash With Light 1.0 - QQPETS | QQPETS","og_description":"Explore our Retractable Dog Leash With Light for safe night walks. Durable, convenient, and bright. Buy now!","og_url":"https:\/\/qqpets.com\/fr\/produit\/retractable-dog-leash-with-light-1-0-qqpets\/","og_site_name":"QQPETS","article_publisher":"https:\/\/www.facebook.com\/QQpetsdogcollars","og_image":[{"width":1500,"height":1500,"url":"https:\/\/qqpets.com\/wp-content\/uploads\/2023\/09\/retractable-dog-leahs-with-led.webp","type":"image\/webp"}],"twitter_card":"summary_large_image","twitter_misc":{"Dur\u00e9e de lecture estim\u00e9e":"2 minutes"},"schema":{"@context":"https:\/\/schema.org","@graph":[{"@type":"WebPage","@id":"https:\/\/qqpets.com\/product\/retractable-dog-leash-with-light-1-0-qqpets\/","url":"https:\/\/qqpets.com\/product\/retractable-dog-leash-with-light-1-0-qqpets\/","name":"Laisse r\u00e9tractable pour chien avec lumi\u00e8re 1.0 - QQPETS | QQPETS","isPartOf":{"@id":"https:\/\/qqpets.com\/#website"},"primaryImageOfPage":{"@id":"https:\/\/qqpets.com\/product\/retractable-dog-leash-with-light-1-0-qqpets\/#primaryimage"},"image":{"@id":"https:\/\/qqpets.com\/product\/retractable-dog-leash-with-light-1-0-qqpets\/#primaryimage"},"thumbnailUrl":"https:\/\/qqpets.com\/wp-content\/uploads\/2023\/09\/retractable-dog-leahs-with-led.webp","datePublished":"2024-08-30T09:38:13+00:00","description":"D\u00e9couvrez notre laisse r\u00e9tractable pour chien avec lumi\u00e8re pour des promenades nocturnes en toute s\u00e9curit\u00e9. Durable, pratique et lumineuse. Achetez maintenant !","breadcrumb":{"@id":"https:\/\/qqpets.com\/product\/retractable-dog-leash-with-light-1-0-qqpets\/#breadcrumb"},"inLanguage":"fr-FR","potentialAction":[{"@type":"ReadAction","target":["https:\/\/qqpets.com\/product\/retractable-dog-leash-with-light-1-0-qqpets\/"]}]},{"@type":"ImageObject","inLanguage":"fr-FR","@id":"https:\/\/qqpets.com\/product\/retractable-dog-leash-with-light-1-0-qqpets\/#primaryimage","url":"https:\/\/qqpets.com\/wp-content\/uploads\/2023\/09\/retractable-dog-leahs-with-led.webp","contentUrl":"https:\/\/qqpets.com\/wp-content\/uploads\/2023\/09\/retractable-dog-leahs-with-led.webp","width":1500,"height":1500,"caption":"retractable dog leahs with led"},{"@type":"BreadcrumbList","@id":"https:\/\/qqpets.com\/product\/retractable-dog-leash-with-light-1-0-qqpets\/#breadcrumb","itemListElement":[{"@type":"ListItem","position":1,"name":"Home","item":"https:\/\/qqpets.com\/"},{"@type":"ListItem","position":2,"name":"Products","item":"https:\/\/qqpets.com\/pet-products-manufacturer\/"},{"@type":"ListItem","position":3,"name":"Retractable Dog Leash With Light 1.0 &#8211; QQPETS"}]},{"@type":"WebSite","@id":"https:\/\/qqpets.com\/#website","url":"https:\/\/qqpets.com\/","name":"QQPETS","description":"QQPETS est une usine de produits pour animaux de compagnie qui fabrique des harnais pour chiens, des colliers pour chiens, des laisses pour chiens et des accessoires pour chiens avec un service professionnel personnalis\u00e9 depuis 2005.","publisher":{"@id":"https:\/\/qqpets.com\/#organization"},"potentialAction":[{"@type":"SearchAction","target":{"@type":"EntryPoint","urlTemplate":"https:\/\/qqpets.com\/?s={search_term_string}"},"query-input":{"@type":"PropertyValueSpecification","valueRequired":true,"valueName":"search_term_string"}}],"inLanguage":"fr-FR"},{"@type":"Organization","@id":"https:\/\/qqpets.com\/#organization","name":"QQPETS","url":"https:\/\/qqpets.com\/","logo":{"@type":"ImageObject","inLanguage":"fr-FR","@id":"https:\/\/qqpets.com\/#\/schema\/logo\/image\/","url":"https:\/\/qqpets.com\/wp-content\/uploads\/2023\/09\/cropped-cropped-qqpets-tiktok.jpg","contentUrl":"https:\/\/qqpets.com\/wp-content\/uploads\/2023\/09\/cropped-cropped-qqpets-tiktok.jpg","width":511,"height":511,"caption":"QQPETS"},"image":{"@id":"https:\/\/qqpets.com\/#\/schema\/logo\/image\/"},"sameAs":["https:\/\/www.facebook.com\/QQpetsdogcollars","https:\/\/www.instagram.com\/qqpetscollar\/","https:\/\/www.pinterest.com\/qqpetsdogcollarsfactory\/"]}]}},"_links":{"self":[{"href":"https:\/\/qqpets.com\/fr\/wp-json\/wp\/v2\/product\/7631","targetHints":{"allow":["GET"]}}],"collection":[{"href":"https:\/\/qqpets.com\/fr\/wp-json\/wp\/v2\/product"}],"about":[{"href":"https:\/\/qqpets.com\/fr\/wp-json\/wp\/v2\/types\/product"}],"wp:featuredmedia":[{"embeddable":true,"href":"https:\/\/qqpets.com\/fr\/wp-json\/wp\/v2\/media\/7325"}],"wp:attachment":[{"href":"https:\/\/qqpets.com\/fr\/wp-json\/wp\/v2\/media?parent=7631"}],"wp:term":[{"taxonomy":"product_brand","embeddable":true,"href":"https:\/\/qqpets.com\/fr\/wp-json\/wp\/v2\/product_brand?post=7631"},{"taxonomy":"product_cat","embeddable":true,"href":"https:\/\/qqpets.com\/fr\/wp-json\/wp\/v2\/product_cat?post=7631"},{"taxonomy":"product_tag","embeddable":true,"href":"https:\/\/qqpets.com\/fr\/wp-json\/wp\/v2\/product_tag?post=7631"}],"curies":[{"name":"wp","href":"https:\/\/api.w.org\/{rel}","templated":true}]}}