{"id":7639,"date":"2024-08-30T17:55:25","date_gmt":"2024-08-30T09:55:25","guid":{"rendered":"https:\/\/qqpets.com\/?post_type=product&#038;p=7639"},"modified":"2024-11-11T15:18:38","modified_gmt":"2024-11-11T07:18:38","slug":"no-pull-led-dog-harness","status":"publish","type":"product","link":"https:\/\/qqpets.com\/fr\/produit\/no-pull-led-dog-harness\/","title":{"rendered":"Harnais No Pull LED pour chien"},"content":{"rendered":"<p>Nous vous pr\u00e9sentons notre harnais No Pull Light Up, con\u00e7u sp\u00e9cialement pour la s\u00e9curit\u00e9 et le confort de votre chien lors des excursions nocturnes. Ce harnais int\u00e8gre de puissantes lumi\u00e8res LED et des sangles r\u00e9fl\u00e9chissantes \u00e0 haute visibilit\u00e9, garantissant que votre animal reste visible dans des conditions de faible luminosit\u00e9, am\u00e9liorant ainsi sa s\u00e9curit\u00e9 lors des promenades ou dans des zones tr\u00e8s fr\u00e9quent\u00e9es.<\/p>\n<p>Con\u00e7u pour \u00e9viter les tractions, le harnais est dot\u00e9 d'une conception anti-tirage qui d\u00e9courage doucement votre chien de tirer en r\u00e9partissant la pression sur la poitrine plut\u00f4t que sur le cou. Cela permet non seulement de g\u00e9rer les mouvements de votre animal, mais aussi de s'assurer qu'il est \u00e0 l'aise pendant ses promenades, r\u00e9duisant ainsi le stress de l'animal et de son ma\u00eetre.<\/p>\n<p>Les sangles r\u00e9glables permettent un ajustement personnalis\u00e9 \u00e0 la taille et \u00e0 la forme de votre chien, garantissant que le harnais reste bien en place sans restreindre les mouvements. La conception ergonomique du harnais permet de r\u00e9partir uniform\u00e9ment la pression afin d'\u00e9viter toute blessure, ce qui le rend adapt\u00e9 \u00e0 un usage quotidien.<\/p>\n<p>Notre harnais lumineux pour chien No Pull est fabriqu\u00e9 \u00e0 partir de mat\u00e9riaux durables, con\u00e7us pour durer pendant d'innombrables promenades et aventures. Il est facile \u00e0 utiliser, avec un m\u00e9canisme simple pour allumer et \u00e9teindre les lumi\u00e8res, et est aliment\u00e9 par une petite pile facilement rempla\u00e7able.<\/p>\n<p>Id\u00e9al pour les propri\u00e9taires d'animaux qui prennent la s\u00e9curit\u00e9 au s\u00e9rieux, ce harnais associe des fonctionnalit\u00e9s pratiques \u00e0 des caract\u00e9ristiques de s\u00e9curit\u00e9 avanc\u00e9es, garantissant que vos promenades nocturnes sont \u00e0 la fois agr\u00e9ables et s\u00fbres. \u00c9quipez votre chien de notre harnais lumineux No Pull et ayez l'esprit tranquille en sachant qu'il est en s\u00e9curit\u00e9 et visible, quelle que soit l'heure du jour ou de la nuit.<\/p>\n<p><strong>Les colliers \u00e0 LED sont-ils sans danger pour les chiens ?<\/strong><\/p>\n<p>Oui, les colliers \u00e0 DEL sont sans danger pour les chiens. Ils sont con\u00e7us pour am\u00e9liorer la visibilit\u00e9 et la s\u00e9curit\u00e9 lors des promenades nocturnes sans causer d'inconfort ou de pr\u00e9judice au chien.<\/p>\n<p><strong>Comment fonctionne un collier LED pour chien ?<\/strong><\/p>\n<p>Un collier \u00e0 LED fonctionne en incorporant des diodes \u00e9lectroluminescentes (LED) dans le tissu du collier ou sous forme de bande attach\u00e9e, aliment\u00e9e par de petites piles, ce qui permet au collier de s'illuminer dans l'obscurit\u00e9.<\/p>\n<p><strong>Les lumi\u00e8res LED aident-elles les chiens ?<\/strong><\/p>\n<p>Les lumi\u00e8res LED permettent d'accro\u00eetre la visibilit\u00e9 du chien pour les conducteurs, les cyclistes et d'autres personnes dans des conditions de faible luminosit\u00e9, am\u00e9liorant ainsi la s\u00e9curit\u00e9, mais elles n'offrent pas d'avantages directs tels que l'am\u00e9lioration de la vision du chien.<\/p>\n<p><strong>Comment laver un collier LED pour chien ?<\/strong><\/p>\n<p>Pour laver un collier LED pour chien, retirez les composants \u00e9lectroniques si possible, et lavez doucement le collier \u00e0 la main avec un savon doux. \u00c9vitez d'immerger dans l'eau les parties \u00e9lectriques non r\u00e9sistantes \u00e0 l'eau.<\/p>\n<p><strong>Comment recharger un collier LED pour chien ?<\/strong><\/p>\n<p>La plupart des colliers LED pour chiens se rechargent \u00e0 l'aide d'un c\u00e2ble USB. Il suffit de connecter le c\u00e2ble au port de charge du collier et de brancher l'autre extr\u00e9mit\u00e9 sur un chargeur USB ou un ordinateur.<\/p>\n<p><strong>Les colliers pour chiens attirent-ils la foudre ?<\/strong><\/p>\n<p>Non, les colliers pour chiens n'attirent pas la foudre. Le risque que la foudre s'abatte sur un collier de chien est extr\u00eamement faible et ne constitue pas une pr\u00e9occupation majeure.<\/p>\n<p><strong>Quels sont les colliers recommand\u00e9s par les v\u00e9t\u00e9rinaires ?<\/strong><\/p>\n<p>Les v\u00e9t\u00e9rinaires recommandent g\u00e9n\u00e9ralement des colliers s\u00fbrs, confortables et adapt\u00e9s \u00e0 la taille et \u00e0 la race du chien. Les colliers \u00e0 rupture ou les colliers plats r\u00e9glables sont souvent recommand\u00e9s pour un usage quotidien.<\/p>\n<p><strong>Quelle est la meilleure couleur de LED pour les chiens ?<\/strong><\/p>\n<p>Les couleurs vives, comme le blanc ou le bleu, sont les meilleures pour la visibilit\u00e9 des colliers \u00e0 DEL pour chiens, car elles sont plus visibles la nuit que les couleurs plus chaudes, qui risquent de se fondre dans la pollution lumineuse urbaine.<\/p>","protected":false},"excerpt":{"rendered":"<p>Optimisez la s\u00e9curit\u00e9 de votre chien avec notre harnais No Pull Light Up, \u00e9quip\u00e9 de sangles r\u00e9fl\u00e9chissantes et de lumi\u00e8res int\u00e9gr\u00e9es pour une meilleure visibilit\u00e9. Ce harnais est con\u00e7u pour \u00e9viter que votre chien ne tire, ce qui garantit des promenades confortables et sans stress. R\u00e9glable pour un ajustement parfait, il est id\u00e9al pour la s\u00e9curit\u00e9 nocturne, gardant votre animal visible et en s\u00e9curit\u00e9. La construction ergonomique r\u00e9partit uniform\u00e9ment la pression, prot\u00e9geant ainsi le cou et le dos de votre chien pendant les promenades.<\/p>","protected":false},"featured_media":7642,"template":"","meta":[],"product_brand":[],"product_cat":[23,21],"product_tag":[],"class_list":{"0":"post-7639","1":"product","2":"type-product","3":"status-publish","4":"has-post-thumbnail","6":"product_cat-dog-harness","7":"product_cat-led-product","8":"pa_brand-qqpets","10":"first","11":"instock","12":"shipping-taxable","13":"product-type-simple"},"yoast_head":"<!-- This site is optimized with the Yoast SEO plugin v26.6 - https:\/\/yoast.com\/wordpress\/plugins\/seo\/ -->\n<title>No Pull LED Dog Harness | QQPETS<\/title>\n<meta name=\"description\" content=\"Ensure safety with our No Pull Light Up Dog Harness. Reflective, comfortable, and secure. Perfect for night walks!\" \/>\n<meta name=\"robots\" content=\"index, follow, max-snippet:-1, max-image-preview:large, max-video-preview:-1\" \/>\n<link rel=\"canonical\" href=\"https:\/\/qqpets.com\/fr\/produit\/no-pull-led-dog-harness\/\" \/>\n<meta property=\"og:locale\" content=\"fr_FR\" \/>\n<meta property=\"og:type\" content=\"article\" \/>\n<meta property=\"og:title\" content=\"No Pull LED Dog Harness | QQPETS\" \/>\n<meta property=\"og:description\" content=\"Ensure safety with our No Pull Light Up Dog Harness. Reflective, comfortable, and secure. Perfect for night walks!\" \/>\n<meta property=\"og:url\" content=\"https:\/\/qqpets.com\/fr\/produit\/no-pull-led-dog-harness\/\" \/>\n<meta property=\"og:site_name\" content=\"QQPETS\" \/>\n<meta property=\"article:publisher\" content=\"https:\/\/www.facebook.com\/QQpetsdogcollars\" \/>\n<meta property=\"article:modified_time\" content=\"2024-11-11T07:18:38+00:00\" \/>\n<meta property=\"og:image\" content=\"https:\/\/qqpets.com\/wp-content\/uploads\/2024\/08\/No-Pull-Light-Up-Dog-Harness-With-Reflective-Straps.webp\" \/>\n\t<meta property=\"og:image:width\" content=\"1600\" \/>\n\t<meta property=\"og:image:height\" content=\"1600\" \/>\n\t<meta property=\"og:image:type\" content=\"image\/webp\" \/>\n<meta name=\"twitter:card\" content=\"summary_large_image\" \/>\n<meta name=\"twitter:label1\" content=\"Dur\u00e9e de lecture estim\u00e9e\" \/>\n\t<meta name=\"twitter:data1\" content=\"3 minutes\" \/>\n<script type=\"application\/ld+json\" class=\"yoast-schema-graph\">{\"@context\":\"https:\/\/schema.org\",\"@graph\":[{\"@type\":\"WebPage\",\"@id\":\"https:\/\/qqpets.com\/product\/no-pull-led-dog-harness\/\",\"url\":\"https:\/\/qqpets.com\/product\/no-pull-led-dog-harness\/\",\"name\":\"No Pull LED Dog Harness | QQPETS\",\"isPartOf\":{\"@id\":\"https:\/\/qqpets.com\/#website\"},\"primaryImageOfPage\":{\"@id\":\"https:\/\/qqpets.com\/product\/no-pull-led-dog-harness\/#primaryimage\"},\"image\":{\"@id\":\"https:\/\/qqpets.com\/product\/no-pull-led-dog-harness\/#primaryimage\"},\"thumbnailUrl\":\"https:\/\/qqpets.com\/wp-content\/uploads\/2024\/08\/No-Pull-Light-Up-Dog-Harness-With-Reflective-Straps.webp\",\"datePublished\":\"2024-08-30T09:55:25+00:00\",\"dateModified\":\"2024-11-11T07:18:38+00:00\",\"description\":\"Ensure safety with our No Pull Light Up Dog Harness. Reflective, comfortable, and secure. Perfect for night walks!\",\"breadcrumb\":{\"@id\":\"https:\/\/qqpets.com\/product\/no-pull-led-dog-harness\/#breadcrumb\"},\"inLanguage\":\"fr-FR\",\"potentialAction\":[{\"@type\":\"ReadAction\",\"target\":[\"https:\/\/qqpets.com\/product\/no-pull-led-dog-harness\/\"]}]},{\"@type\":\"ImageObject\",\"inLanguage\":\"fr-FR\",\"@id\":\"https:\/\/qqpets.com\/product\/no-pull-led-dog-harness\/#primaryimage\",\"url\":\"https:\/\/qqpets.com\/wp-content\/uploads\/2024\/08\/No-Pull-Light-Up-Dog-Harness-With-Reflective-Straps.webp\",\"contentUrl\":\"https:\/\/qqpets.com\/wp-content\/uploads\/2024\/08\/No-Pull-Light-Up-Dog-Harness-With-Reflective-Straps.webp\",\"width\":1600,\"height\":1600},{\"@type\":\"BreadcrumbList\",\"@id\":\"https:\/\/qqpets.com\/product\/no-pull-led-dog-harness\/#breadcrumb\",\"itemListElement\":[{\"@type\":\"ListItem\",\"position\":1,\"name\":\"Home\",\"item\":\"https:\/\/qqpets.com\/\"},{\"@type\":\"ListItem\",\"position\":2,\"name\":\"Products\",\"item\":\"https:\/\/qqpets.com\/pet-products-manufacturer\/\"},{\"@type\":\"ListItem\",\"position\":3,\"name\":\"No Pull LED Dog Harness\"}]},{\"@type\":\"WebSite\",\"@id\":\"https:\/\/qqpets.com\/#website\",\"url\":\"https:\/\/qqpets.com\/\",\"name\":\"QQPETS\",\"description\":\"QQPETS is a pet products factory for dog harnesses, dog collars, dog leashes and dog accessories with professional customized service since 2005.\",\"publisher\":{\"@id\":\"https:\/\/qqpets.com\/#organization\"},\"potentialAction\":[{\"@type\":\"SearchAction\",\"target\":{\"@type\":\"EntryPoint\",\"urlTemplate\":\"https:\/\/qqpets.com\/?s={search_term_string}\"},\"query-input\":{\"@type\":\"PropertyValueSpecification\",\"valueRequired\":true,\"valueName\":\"search_term_string\"}}],\"inLanguage\":\"fr-FR\"},{\"@type\":\"Organization\",\"@id\":\"https:\/\/qqpets.com\/#organization\",\"name\":\"QQPETS\",\"url\":\"https:\/\/qqpets.com\/\",\"logo\":{\"@type\":\"ImageObject\",\"inLanguage\":\"fr-FR\",\"@id\":\"https:\/\/qqpets.com\/#\/schema\/logo\/image\/\",\"url\":\"https:\/\/qqpets.com\/wp-content\/uploads\/2023\/09\/cropped-cropped-qqpets-tiktok.jpg\",\"contentUrl\":\"https:\/\/qqpets.com\/wp-content\/uploads\/2023\/09\/cropped-cropped-qqpets-tiktok.jpg\",\"width\":511,\"height\":511,\"caption\":\"QQPETS\"},\"image\":{\"@id\":\"https:\/\/qqpets.com\/#\/schema\/logo\/image\/\"},\"sameAs\":[\"https:\/\/www.facebook.com\/QQpetsdogcollars\",\"https:\/\/www.instagram.com\/qqpetscollar\/\",\"https:\/\/www.pinterest.com\/qqpetsdogcollarsfactory\/\"]}]}<\/script>\n<!-- \/ Yoast SEO plugin. -->","yoast_head_json":{"title":"Harnais LED No Pull pour chien | QQPETS","description":"Assurez votre s\u00e9curit\u00e9 avec notre harnais lumineux pour chien No Pull. R\u00e9fl\u00e9chissant, confortable et s\u00fbr. Parfait pour les promenades nocturnes !","robots":{"index":"index","follow":"follow","max-snippet":"max-snippet:-1","max-image-preview":"max-image-preview:large","max-video-preview":"max-video-preview:-1"},"canonical":"https:\/\/qqpets.com\/fr\/produit\/no-pull-led-dog-harness\/","og_locale":"fr_FR","og_type":"article","og_title":"No Pull LED Dog Harness | QQPETS","og_description":"Ensure safety with our No Pull Light Up Dog Harness. Reflective, comfortable, and secure. Perfect for night walks!","og_url":"https:\/\/qqpets.com\/fr\/produit\/no-pull-led-dog-harness\/","og_site_name":"QQPETS","article_publisher":"https:\/\/www.facebook.com\/QQpetsdogcollars","article_modified_time":"2024-11-11T07:18:38+00:00","og_image":[{"width":1600,"height":1600,"url":"https:\/\/qqpets.com\/wp-content\/uploads\/2024\/08\/No-Pull-Light-Up-Dog-Harness-With-Reflective-Straps.webp","type":"image\/webp"}],"twitter_card":"summary_large_image","twitter_misc":{"Dur\u00e9e de lecture estim\u00e9e":"3 minutes"},"schema":{"@context":"https:\/\/schema.org","@graph":[{"@type":"WebPage","@id":"https:\/\/qqpets.com\/product\/no-pull-led-dog-harness\/","url":"https:\/\/qqpets.com\/product\/no-pull-led-dog-harness\/","name":"Harnais LED No Pull pour chien | QQPETS","isPartOf":{"@id":"https:\/\/qqpets.com\/#website"},"primaryImageOfPage":{"@id":"https:\/\/qqpets.com\/product\/no-pull-led-dog-harness\/#primaryimage"},"image":{"@id":"https:\/\/qqpets.com\/product\/no-pull-led-dog-harness\/#primaryimage"},"thumbnailUrl":"https:\/\/qqpets.com\/wp-content\/uploads\/2024\/08\/No-Pull-Light-Up-Dog-Harness-With-Reflective-Straps.webp","datePublished":"2024-08-30T09:55:25+00:00","dateModified":"2024-11-11T07:18:38+00:00","description":"Assurez votre s\u00e9curit\u00e9 avec notre harnais lumineux pour chien No Pull. R\u00e9fl\u00e9chissant, confortable et s\u00fbr. Parfait pour les promenades nocturnes !","breadcrumb":{"@id":"https:\/\/qqpets.com\/product\/no-pull-led-dog-harness\/#breadcrumb"},"inLanguage":"fr-FR","potentialAction":[{"@type":"ReadAction","target":["https:\/\/qqpets.com\/product\/no-pull-led-dog-harness\/"]}]},{"@type":"ImageObject","inLanguage":"fr-FR","@id":"https:\/\/qqpets.com\/product\/no-pull-led-dog-harness\/#primaryimage","url":"https:\/\/qqpets.com\/wp-content\/uploads\/2024\/08\/No-Pull-Light-Up-Dog-Harness-With-Reflective-Straps.webp","contentUrl":"https:\/\/qqpets.com\/wp-content\/uploads\/2024\/08\/No-Pull-Light-Up-Dog-Harness-With-Reflective-Straps.webp","width":1600,"height":1600},{"@type":"BreadcrumbList","@id":"https:\/\/qqpets.com\/product\/no-pull-led-dog-harness\/#breadcrumb","itemListElement":[{"@type":"ListItem","position":1,"name":"Home","item":"https:\/\/qqpets.com\/"},{"@type":"ListItem","position":2,"name":"Products","item":"https:\/\/qqpets.com\/pet-products-manufacturer\/"},{"@type":"ListItem","position":3,"name":"No Pull LED Dog Harness"}]},{"@type":"WebSite","@id":"https:\/\/qqpets.com\/#website","url":"https:\/\/qqpets.com\/","name":"QQPETS","description":"QQPETS est une usine de produits pour animaux de compagnie qui fabrique des harnais pour chiens, des colliers pour chiens, des laisses pour chiens et des accessoires pour chiens avec un service professionnel personnalis\u00e9 depuis 2005.","publisher":{"@id":"https:\/\/qqpets.com\/#organization"},"potentialAction":[{"@type":"SearchAction","target":{"@type":"EntryPoint","urlTemplate":"https:\/\/qqpets.com\/?s={search_term_string}"},"query-input":{"@type":"PropertyValueSpecification","valueRequired":true,"valueName":"search_term_string"}}],"inLanguage":"fr-FR"},{"@type":"Organization","@id":"https:\/\/qqpets.com\/#organization","name":"QQPETS","url":"https:\/\/qqpets.com\/","logo":{"@type":"ImageObject","inLanguage":"fr-FR","@id":"https:\/\/qqpets.com\/#\/schema\/logo\/image\/","url":"https:\/\/qqpets.com\/wp-content\/uploads\/2023\/09\/cropped-cropped-qqpets-tiktok.jpg","contentUrl":"https:\/\/qqpets.com\/wp-content\/uploads\/2023\/09\/cropped-cropped-qqpets-tiktok.jpg","width":511,"height":511,"caption":"QQPETS"},"image":{"@id":"https:\/\/qqpets.com\/#\/schema\/logo\/image\/"},"sameAs":["https:\/\/www.facebook.com\/QQpetsdogcollars","https:\/\/www.instagram.com\/qqpetscollar\/","https:\/\/www.pinterest.com\/qqpetsdogcollarsfactory\/"]}]}},"_links":{"self":[{"href":"https:\/\/qqpets.com\/fr\/wp-json\/wp\/v2\/product\/7639","targetHints":{"allow":["GET"]}}],"collection":[{"href":"https:\/\/qqpets.com\/fr\/wp-json\/wp\/v2\/product"}],"about":[{"href":"https:\/\/qqpets.com\/fr\/wp-json\/wp\/v2\/types\/product"}],"wp:featuredmedia":[{"embeddable":true,"href":"https:\/\/qqpets.com\/fr\/wp-json\/wp\/v2\/media\/7642"}],"wp:attachment":[{"href":"https:\/\/qqpets.com\/fr\/wp-json\/wp\/v2\/media?parent=7639"}],"wp:term":[{"taxonomy":"product_brand","embeddable":true,"href":"https:\/\/qqpets.com\/fr\/wp-json\/wp\/v2\/product_brand?post=7639"},{"taxonomy":"product_cat","embeddable":true,"href":"https:\/\/qqpets.com\/fr\/wp-json\/wp\/v2\/product_cat?post=7639"},{"taxonomy":"product_tag","embeddable":true,"href":"https:\/\/qqpets.com\/fr\/wp-json\/wp\/v2\/product_tag?post=7639"}],"curies":[{"name":"wp","href":"https:\/\/api.w.org\/{rel}","templated":true}]}}