{"id":7663,"date":"2024-08-31T14:26:13","date_gmt":"2024-08-31T06:26:13","guid":{"rendered":"https:\/\/qqpets.com\/?post_type=product&#038;p=7663"},"modified":"2024-08-31T14:26:13","modified_gmt":"2024-08-31T06:26:13","slug":"basic-step-in-dog-harness","status":"publish","type":"product","link":"https:\/\/qqpets.com\/fr\/produit\/basic-step-in-dog-harness\/","title":{"rendered":"Harnais de base pour chien"},"content":{"rendered":"<p>Introduisez la simplicit\u00e9 et le confort dans vos promenades quotidiennes avec notre harnais pour chien Basic Step In. Ce harnais est con\u00e7u pour les propri\u00e9taires d'animaux qui recherchent une solution simple et sans complications pour les aventures en plein air de leur chien. Le harnais est con\u00e7u pour permettre \u00e0 votre animal d'entrer facilement dans le harnais pour un ajustement rapide et s\u00fbr, \u00e9liminant ainsi les difficult\u00e9s associ\u00e9es aux harnais qui se portent par-dessus la t\u00eate.<\/p>\n<p>Le harnais est fabriqu\u00e9 \u00e0 partir de mat\u00e9riaux durables et l\u00e9gers qui assurent un port confortable sans alourdir votre animal. Les sangles r\u00e9glables autour de la taille et des \u00e9paules peuvent \u00eatre adapt\u00e9es \u00e0 la taille et \u00e0 la forme uniques de votre chien, garantissant un ajustement parfait qui \u00e9vite les glissements et les frottements.<\/p>\n<p>Id\u00e9al pour un usage quotidien, le harnais Basic Step In Dog est dot\u00e9 d'un solide anneau en D central qui permet une r\u00e9partition uniforme de la pression et du contr\u00f4le lorsqu'il est attach\u00e9 \u00e0 une laisse. Cette conception permet de d\u00e9courager la traction en redirigeant l'attention de votre chien vers vous, ce qui facilite la gestion et le guidage pendant les promenades.<\/p>\n<p>Notre harnais n'est pas seulement pratique, il est aussi \u00e9l\u00e9gant. Il est disponible en plusieurs couleurs pour s'adapter \u00e0 la personnalit\u00e9 de votre animal. Que vous alliez au parc, chez le v\u00e9t\u00e9rinaire ou que vous fassiez simplement le tour du p\u00e2t\u00e9 de maisons, ce harnais allie fonctionnalit\u00e9 et facilit\u00e9, ce qui en fait le choix id\u00e9al pour les propri\u00e9taires d'animaux chevronn\u00e9s comme pour ceux qui en sont \u00e0 leur premi\u00e8re exp\u00e9rience.<\/p>\n<p>\u00c9quipez votre chien de notre harnais Basic Step In Dog et profitez d'une promenade plus d\u00e9tendue et plus agr\u00e9able, en sachant que votre animal est \u00e0 l'aise, en s\u00e9curit\u00e9 et en s\u00fbret\u00e9 \u00e0 tout moment.<\/p>\n<p><strong>Qu'est-ce qu'un harnais pour chien ?<\/strong><\/p>\n<p>Un harnais \u00e0 enfiler est un type de harnais qui repose \u00e0 plat sur le sol, ce qui permet au chien de s'y enfiler simplement avec ses pattes avant. Le harnais se fixe ensuite \u00e0 l'arri\u00e8re ou sur le c\u00f4t\u00e9.<\/p>\n<p><strong>Comment mettre un harnais pour chien, \u00e9tape par \u00e9tape ?<\/strong><\/p>\n<ul>\n<li style=\"list-style-type: none;\">\n<ul>\n<li>Posez le harnais sur le sol et demandez \u00e0 votre chien de l'enfiler.<\/li>\n<li>Tirez le harnais vers le haut autour des c\u00f4t\u00e9s du corps de votre chien.<\/li>\n<li>Attachez la boucle au dos.<\/li>\n<li>Ajustez les sangles pour qu'elles soient bien ajust\u00e9es, tout en vous permettant de glisser deux doigts sous chaque sangle.<\/li>\n<\/ul>\n<\/li>\n<\/ul>\n<p><strong>Le harnais \u00e0 \u00e9chelons est-il le plus s\u00fbr pour les chiens ?<\/strong><\/p>\n<p>Les harnais \u00e0 \u00e9chelons peuvent \u00eatre tr\u00e8s s\u00fbrs, en particulier pour les petites races ou les chiens au cou sensible, car ils r\u00e9partissent la pression plus uniform\u00e9ment autour de la poitrine et des \u00e9paules. Toutefois, le harnais le plus s\u00fbr d\u00e9pend de la taille, de la race et du comportement de chaque chien.<\/p>\n<p><strong>Quelle est la diff\u00e9rence entre un harnais de s\u00e9curit\u00e9 et un harnais de s\u00e9curit\u00e9 ?<\/strong><\/p>\n<p>Un harnais \u00e0 enfiler est plac\u00e9 sur le sol pour que le chien puisse s'y glisser, tandis qu'un harnais a\u00e9rien est gliss\u00e9 sur la t\u00eate du chien et attach\u00e9 autour de sa poitrine. Les harnais \u00e0 emmarchement sont souvent plus faciles \u00e0 utiliser pour les chiens qui gigotent ou qui n'aiment pas que l'on passe au-dessus de leur t\u00eate.<\/p>\n<p><strong>Un chien peut-il porter un harnais en permanence ?<\/strong><\/p>\n<p>Il n'est pas recommand\u00e9 de porter un harnais en permanence. Un port constant peut entra\u00eener une irritation de la peau, un emm\u00ealement de la fourrure et un inconfort. Il est pr\u00e9f\u00e9rable d'enlever le harnais lorsque votre chien est \u00e0 l'int\u00e9rieur ou qu'il n'est pas tenu en laisse, afin de garantir son confort et sa s\u00e9curit\u00e9.<\/p>","protected":false},"excerpt":{"rendered":"<p>D\u00e9couvrez la facilit\u00e9 de notre harnais pour chien Basic Step In, con\u00e7u pour une mise en place rapide et des promenades sans souci. Parfait pour tous les chiens, ce harnais est dot\u00e9 d'une conception simple qui permet de s'\u00e9quiper rapidement et facilement. Ses sangles r\u00e9glables garantissent un ajustement confortable, tandis que le mat\u00e9riau l\u00e9ger permet \u00e0 votre animal de se sentir \u00e0 l'aise pendant les promenades. Id\u00e9al pour un usage quotidien, ce harnais offre \u00e0 la fois s\u00e9curit\u00e9 et confort, am\u00e9liorant votre exp\u00e9rience de la marche sans la complexit\u00e9 des harnais traditionnels.<\/p>","protected":false},"featured_media":7670,"template":"","meta":[],"product_brand":[],"product_cat":[23],"product_tag":[],"class_list":{"0":"post-7663","1":"product","2":"type-product","3":"status-publish","4":"has-post-thumbnail","6":"product_cat-dog-harness","7":"pa_brand-qqpets","9":"first","10":"instock","11":"shipping-taxable","12":"product-type-simple"},"yoast_head":"<!-- This site is optimized with the Yoast SEO plugin v26.6 - https:\/\/yoast.com\/wordpress\/plugins\/seo\/ -->\n<title>Basic Step In Dog Harness | QQPETS<\/title>\n<meta name=\"description\" content=\"Secure and simplify your walks with our Basic Step In Dog Harness. Easy to use, comfortable fit. Shop now!\" \/>\n<meta name=\"robots\" content=\"index, follow, max-snippet:-1, max-image-preview:large, max-video-preview:-1\" \/>\n<link rel=\"canonical\" href=\"https:\/\/qqpets.com\/fr\/produit\/basic-step-in-dog-harness\/\" \/>\n<meta property=\"og:locale\" content=\"fr_FR\" \/>\n<meta property=\"og:type\" content=\"article\" \/>\n<meta property=\"og:title\" content=\"Basic Step In Dog Harness | QQPETS\" \/>\n<meta property=\"og:description\" content=\"Secure and simplify your walks with our Basic Step In Dog Harness. Easy to use, comfortable fit. Shop now!\" \/>\n<meta property=\"og:url\" content=\"https:\/\/qqpets.com\/fr\/produit\/basic-step-in-dog-harness\/\" \/>\n<meta property=\"og:site_name\" content=\"QQPETS\" \/>\n<meta property=\"article:publisher\" content=\"https:\/\/www.facebook.com\/QQpetsdogcollars\" \/>\n<meta property=\"og:image\" content=\"https:\/\/qqpets.com\/wp-content\/uploads\/2024\/08\/Basic-Step-In-Dog-Harness.webp\" \/>\n\t<meta property=\"og:image:width\" content=\"1600\" \/>\n\t<meta property=\"og:image:height\" content=\"1600\" \/>\n\t<meta property=\"og:image:type\" content=\"image\/webp\" \/>\n<meta name=\"twitter:card\" content=\"summary_large_image\" \/>\n<meta name=\"twitter:label1\" content=\"Dur\u00e9e de lecture estim\u00e9e\" \/>\n\t<meta name=\"twitter:data1\" content=\"3 minutes\" \/>\n<script type=\"application\/ld+json\" class=\"yoast-schema-graph\">{\"@context\":\"https:\/\/schema.org\",\"@graph\":[{\"@type\":\"WebPage\",\"@id\":\"https:\/\/qqpets.com\/product\/basic-step-in-dog-harness\/\",\"url\":\"https:\/\/qqpets.com\/product\/basic-step-in-dog-harness\/\",\"name\":\"Basic Step In Dog Harness | QQPETS\",\"isPartOf\":{\"@id\":\"https:\/\/qqpets.com\/#website\"},\"primaryImageOfPage\":{\"@id\":\"https:\/\/qqpets.com\/product\/basic-step-in-dog-harness\/#primaryimage\"},\"image\":{\"@id\":\"https:\/\/qqpets.com\/product\/basic-step-in-dog-harness\/#primaryimage\"},\"thumbnailUrl\":\"https:\/\/qqpets.com\/wp-content\/uploads\/2024\/08\/Basic-Step-In-Dog-Harness.webp\",\"datePublished\":\"2024-08-31T06:26:13+00:00\",\"description\":\"Secure and simplify your walks with our Basic Step In Dog Harness. Easy to use, comfortable fit. Shop now!\",\"breadcrumb\":{\"@id\":\"https:\/\/qqpets.com\/product\/basic-step-in-dog-harness\/#breadcrumb\"},\"inLanguage\":\"fr-FR\",\"potentialAction\":[{\"@type\":\"ReadAction\",\"target\":[\"https:\/\/qqpets.com\/product\/basic-step-in-dog-harness\/\"]}]},{\"@type\":\"ImageObject\",\"inLanguage\":\"fr-FR\",\"@id\":\"https:\/\/qqpets.com\/product\/basic-step-in-dog-harness\/#primaryimage\",\"url\":\"https:\/\/qqpets.com\/wp-content\/uploads\/2024\/08\/Basic-Step-In-Dog-Harness.webp\",\"contentUrl\":\"https:\/\/qqpets.com\/wp-content\/uploads\/2024\/08\/Basic-Step-In-Dog-Harness.webp\",\"width\":1600,\"height\":1600},{\"@type\":\"BreadcrumbList\",\"@id\":\"https:\/\/qqpets.com\/product\/basic-step-in-dog-harness\/#breadcrumb\",\"itemListElement\":[{\"@type\":\"ListItem\",\"position\":1,\"name\":\"Home\",\"item\":\"https:\/\/qqpets.com\/\"},{\"@type\":\"ListItem\",\"position\":2,\"name\":\"Products\",\"item\":\"https:\/\/qqpets.com\/pet-products-manufacturer\/\"},{\"@type\":\"ListItem\",\"position\":3,\"name\":\"Basic Step In Dog Harness\"}]},{\"@type\":\"WebSite\",\"@id\":\"https:\/\/qqpets.com\/#website\",\"url\":\"https:\/\/qqpets.com\/\",\"name\":\"QQPETS\",\"description\":\"QQPETS is a pet products factory for dog harnesses, dog collars, dog leashes and dog accessories with professional customized service since 2005.\",\"publisher\":{\"@id\":\"https:\/\/qqpets.com\/#organization\"},\"potentialAction\":[{\"@type\":\"SearchAction\",\"target\":{\"@type\":\"EntryPoint\",\"urlTemplate\":\"https:\/\/qqpets.com\/?s={search_term_string}\"},\"query-input\":{\"@type\":\"PropertyValueSpecification\",\"valueRequired\":true,\"valueName\":\"search_term_string\"}}],\"inLanguage\":\"fr-FR\"},{\"@type\":\"Organization\",\"@id\":\"https:\/\/qqpets.com\/#organization\",\"name\":\"QQPETS\",\"url\":\"https:\/\/qqpets.com\/\",\"logo\":{\"@type\":\"ImageObject\",\"inLanguage\":\"fr-FR\",\"@id\":\"https:\/\/qqpets.com\/#\/schema\/logo\/image\/\",\"url\":\"https:\/\/qqpets.com\/wp-content\/uploads\/2023\/09\/cropped-cropped-qqpets-tiktok.jpg\",\"contentUrl\":\"https:\/\/qqpets.com\/wp-content\/uploads\/2023\/09\/cropped-cropped-qqpets-tiktok.jpg\",\"width\":511,\"height\":511,\"caption\":\"QQPETS\"},\"image\":{\"@id\":\"https:\/\/qqpets.com\/#\/schema\/logo\/image\/\"},\"sameAs\":[\"https:\/\/www.facebook.com\/QQpetsdogcollars\",\"https:\/\/www.instagram.com\/qqpetscollar\/\",\"https:\/\/www.pinterest.com\/qqpetsdogcollarsfactory\/\"]}]}<\/script>\n<!-- \/ Yoast SEO plugin. -->","yoast_head_json":{"title":"Harnais pour chien Basic Step In | QQPETS","description":"S\u00e9curisez et simplifiez vos promenades avec notre harnais pour chien Basic Step In. Facile \u00e0 utiliser, confortable. Acheter maintenant !","robots":{"index":"index","follow":"follow","max-snippet":"max-snippet:-1","max-image-preview":"max-image-preview:large","max-video-preview":"max-video-preview:-1"},"canonical":"https:\/\/qqpets.com\/fr\/produit\/basic-step-in-dog-harness\/","og_locale":"fr_FR","og_type":"article","og_title":"Basic Step In Dog Harness | QQPETS","og_description":"Secure and simplify your walks with our Basic Step In Dog Harness. Easy to use, comfortable fit. Shop now!","og_url":"https:\/\/qqpets.com\/fr\/produit\/basic-step-in-dog-harness\/","og_site_name":"QQPETS","article_publisher":"https:\/\/www.facebook.com\/QQpetsdogcollars","og_image":[{"width":1600,"height":1600,"url":"https:\/\/qqpets.com\/wp-content\/uploads\/2024\/08\/Basic-Step-In-Dog-Harness.webp","type":"image\/webp"}],"twitter_card":"summary_large_image","twitter_misc":{"Dur\u00e9e de lecture estim\u00e9e":"3 minutes"},"schema":{"@context":"https:\/\/schema.org","@graph":[{"@type":"WebPage","@id":"https:\/\/qqpets.com\/product\/basic-step-in-dog-harness\/","url":"https:\/\/qqpets.com\/product\/basic-step-in-dog-harness\/","name":"Harnais pour chien Basic Step In | QQPETS","isPartOf":{"@id":"https:\/\/qqpets.com\/#website"},"primaryImageOfPage":{"@id":"https:\/\/qqpets.com\/product\/basic-step-in-dog-harness\/#primaryimage"},"image":{"@id":"https:\/\/qqpets.com\/product\/basic-step-in-dog-harness\/#primaryimage"},"thumbnailUrl":"https:\/\/qqpets.com\/wp-content\/uploads\/2024\/08\/Basic-Step-In-Dog-Harness.webp","datePublished":"2024-08-31T06:26:13+00:00","description":"S\u00e9curisez et simplifiez vos promenades avec notre harnais pour chien Basic Step In. Facile \u00e0 utiliser, confortable. Acheter maintenant !","breadcrumb":{"@id":"https:\/\/qqpets.com\/product\/basic-step-in-dog-harness\/#breadcrumb"},"inLanguage":"fr-FR","potentialAction":[{"@type":"ReadAction","target":["https:\/\/qqpets.com\/product\/basic-step-in-dog-harness\/"]}]},{"@type":"ImageObject","inLanguage":"fr-FR","@id":"https:\/\/qqpets.com\/product\/basic-step-in-dog-harness\/#primaryimage","url":"https:\/\/qqpets.com\/wp-content\/uploads\/2024\/08\/Basic-Step-In-Dog-Harness.webp","contentUrl":"https:\/\/qqpets.com\/wp-content\/uploads\/2024\/08\/Basic-Step-In-Dog-Harness.webp","width":1600,"height":1600},{"@type":"BreadcrumbList","@id":"https:\/\/qqpets.com\/product\/basic-step-in-dog-harness\/#breadcrumb","itemListElement":[{"@type":"ListItem","position":1,"name":"Home","item":"https:\/\/qqpets.com\/"},{"@type":"ListItem","position":2,"name":"Products","item":"https:\/\/qqpets.com\/pet-products-manufacturer\/"},{"@type":"ListItem","position":3,"name":"Basic Step In Dog Harness"}]},{"@type":"WebSite","@id":"https:\/\/qqpets.com\/#website","url":"https:\/\/qqpets.com\/","name":"QQPETS","description":"QQPETS est une usine de produits pour animaux de compagnie qui fabrique des harnais pour chiens, des colliers pour chiens, des laisses pour chiens et des accessoires pour chiens avec un service professionnel personnalis\u00e9 depuis 2005.","publisher":{"@id":"https:\/\/qqpets.com\/#organization"},"potentialAction":[{"@type":"SearchAction","target":{"@type":"EntryPoint","urlTemplate":"https:\/\/qqpets.com\/?s={search_term_string}"},"query-input":{"@type":"PropertyValueSpecification","valueRequired":true,"valueName":"search_term_string"}}],"inLanguage":"fr-FR"},{"@type":"Organization","@id":"https:\/\/qqpets.com\/#organization","name":"QQPETS","url":"https:\/\/qqpets.com\/","logo":{"@type":"ImageObject","inLanguage":"fr-FR","@id":"https:\/\/qqpets.com\/#\/schema\/logo\/image\/","url":"https:\/\/qqpets.com\/wp-content\/uploads\/2023\/09\/cropped-cropped-qqpets-tiktok.jpg","contentUrl":"https:\/\/qqpets.com\/wp-content\/uploads\/2023\/09\/cropped-cropped-qqpets-tiktok.jpg","width":511,"height":511,"caption":"QQPETS"},"image":{"@id":"https:\/\/qqpets.com\/#\/schema\/logo\/image\/"},"sameAs":["https:\/\/www.facebook.com\/QQpetsdogcollars","https:\/\/www.instagram.com\/qqpetscollar\/","https:\/\/www.pinterest.com\/qqpetsdogcollarsfactory\/"]}]}},"_links":{"self":[{"href":"https:\/\/qqpets.com\/fr\/wp-json\/wp\/v2\/product\/7663","targetHints":{"allow":["GET"]}}],"collection":[{"href":"https:\/\/qqpets.com\/fr\/wp-json\/wp\/v2\/product"}],"about":[{"href":"https:\/\/qqpets.com\/fr\/wp-json\/wp\/v2\/types\/product"}],"wp:featuredmedia":[{"embeddable":true,"href":"https:\/\/qqpets.com\/fr\/wp-json\/wp\/v2\/media\/7670"}],"wp:attachment":[{"href":"https:\/\/qqpets.com\/fr\/wp-json\/wp\/v2\/media?parent=7663"}],"wp:term":[{"taxonomy":"product_brand","embeddable":true,"href":"https:\/\/qqpets.com\/fr\/wp-json\/wp\/v2\/product_brand?post=7663"},{"taxonomy":"product_cat","embeddable":true,"href":"https:\/\/qqpets.com\/fr\/wp-json\/wp\/v2\/product_cat?post=7663"},{"taxonomy":"product_tag","embeddable":true,"href":"https:\/\/qqpets.com\/fr\/wp-json\/wp\/v2\/product_tag?post=7663"}],"curies":[{"name":"wp","href":"https:\/\/api.w.org\/{rel}","templated":true}]}}