{"id":7672,"date":"2024-08-31T15:01:03","date_gmt":"2024-08-31T07:01:03","guid":{"rendered":"https:\/\/qqpets.com\/?post_type=product&#038;p=7672"},"modified":"2024-12-12T17:21:28","modified_gmt":"2024-12-12T09:21:28","slug":"adjustable-print-basic-dog-collar","status":"publish","type":"product","link":"https:\/\/qqpets.com\/fr\/produit\/adjustable-print-basic-dog-collar\/","title":{"rendered":"Collier de base pour chien, r\u00e9glable et imprim\u00e9"},"content":{"rendered":"<p>Voici notre collier pour chien Basic, l'accessoire indispensable \u00e0 tout propri\u00e9taire d'animal de compagnie. Ce collier allie fonctionnalit\u00e9 et design classique, ce qui en fait un choix id\u00e9al pour un usage quotidien. Fabriqu\u00e9 \u00e0 partir de mat\u00e9riaux de qualit\u00e9 sup\u00e9rieure, ce collier offre durabilit\u00e9 et confort, ce qui lui permet de r\u00e9sister aux exigences quotidiennes des animaux de compagnie actifs.<\/p>\n<p>La conception r\u00e9glable permet un ajustement pr\u00e9cis, s'adaptant aux chiens de toutes tailles et de toutes races. La boucle robuste assure une fermeture s\u00fbre, ce qui permet de l'enfiler et de l'enlever facilement, tandis que l'anneau en D robuste permet d'attacher une laisse en toute confiance pour les promenades.<\/p>\n<p>Notre collier pour chien Basic n'est pas seulement pratique, il est aussi \u00e9l\u00e9gant. Disponible dans une vari\u00e9t\u00e9 de couleurs, vous pouvez choisir celle qui correspond le mieux \u00e0 la personnalit\u00e9 de votre chien ou qui compl\u00e8te son pelage. Le mat\u00e9riau du collier est facile \u00e0 nettoyer, ce qui lui permet de conserver son aspect et son toucher, quelles que soient les aventures que vous vivrez avec votre animal.<\/p>\n<p>Que vous entra\u00eeniez votre animal, que vous le promeniez ou que vous lui fournissiez simplement les \u00e9l\u00e9ments essentiels \u00e0 sa vie quotidienne, notre collier pour chien Basic est \u00e0 la hauteur de la t\u00e2che. Il offre une combinaison de s\u00e9curit\u00e9, de confort et de style in\u00e9gal\u00e9e, ce qui en fait le choix id\u00e9al pour votre ami \u00e0 fourrure.<\/p>\n<h4><strong>Quel est le collier le plus courant pour les chiens ?<\/strong><\/h4>\n<p>Le collier plat est le type de collier pour chien le plus courant. Il est simple, r\u00e9glable et permet d'attacher des m\u00e9dailles d'identit\u00e9 et une laisse.<\/p>\n<h4><strong>Quel type de collier convient le mieux \u00e0 un chien ?<\/strong><\/h4>\n<p>Le meilleur type de collier pour un chien d\u00e9pend des besoins sp\u00e9cifiques du chien et de son propri\u00e9taire. En g\u00e9n\u00e9ral, un collier en nylon ou en cuir, rembourr\u00e9 et r\u00e9glable, est recommand\u00e9 pour son confort et sa durabilit\u00e9.<\/p>\n<h4><strong>Les colliers \u00e9trangleurs sont-ils ill\u00e9gaux ?<\/strong><\/h4>\n<p>Les colliers \u00e9trangleurs ne sont pas ill\u00e9gaux dans la plupart des pays, mais leur utilisation est tr\u00e8s controvers\u00e9e et de plus en plus d\u00e9conseill\u00e9e ou r\u00e9glement\u00e9e dans de nombreux pays pour des raisons de bien-\u00eatre.<\/p>\n<h4><strong>Que doit contenir un collier pour chien ?<\/strong><\/h4>\n<p>Le collier d'un chien doit comporter une m\u00e9daille d'identification indiquant le nom du chien, le nom du propri\u00e9taire et ses coordonn\u00e9es. Certains propri\u00e9taires y ajoutent un carnet de vaccination ou une puce \u00e9lectronique.<\/p>\n<h4><strong>Est-il pr\u00e9f\u00e9rable de promener un chien avec un harnais ou un collier ?<\/strong><\/h4>\n<p>Il est g\u00e9n\u00e9ralement pr\u00e9f\u00e9rable de promener un chien avec un harnais, surtout si le chien tire. Un harnais r\u00e9partit la pression plus uniform\u00e9ment sur le corps et r\u00e9duit la tension sur le cou et la gorge.<\/p>\n<h4><strong>Les chiens doivent-ils dormir avec leur collier ?<\/strong><\/h4>\n<p>En g\u00e9n\u00e9ral, il est plus s\u00fbr pour les chiens de ne pas dormir avec un collier afin d'\u00e9viter tout risque d'\u00e9touffement ou d'accrochage pendant qu'ils se d\u00e9placent pendant leur sommeil.<\/p>","protected":false},"excerpt":{"rendered":"<p>Am\u00e9liorez la routine quotidienne de votre animal de compagnie avec notre collier pour chien Basic, con\u00e7u pour la durabilit\u00e9 et le confort. Ce collier pr\u00e9sente un design simple et ajustable pour garantir un ajustement parfait \u00e0 toutes les races. Fabriqu\u00e9 \u00e0 partir de mat\u00e9riaux de haute qualit\u00e9, il est con\u00e7u pour durer et facile \u00e0 nettoyer. Id\u00e9al pour un usage quotidien, il est dot\u00e9 d'une boucle robuste pour un d\u00e9tachement rapide et d'un anneau en D pour une fixation s\u00fbre de la laisse. Disponible en plusieurs couleurs, il est le m\u00e9lange parfait de fonctionnalit\u00e9 et de style pour votre chien.<\/p>","protected":false},"featured_media":9678,"template":"","meta":[],"product_brand":[],"product_cat":[26],"product_tag":[],"class_list":{"0":"post-7672","1":"product","2":"type-product","3":"status-publish","4":"has-post-thumbnail","6":"product_cat-dog-collar","7":"pa_brand-qqpets","9":"first","10":"instock","11":"shipping-taxable","12":"product-type-simple"},"yoast_head":"<!-- This site is optimized with the Yoast SEO plugin v26.6 - https:\/\/yoast.com\/wordpress\/plugins\/seo\/ -->\n<title>Adjustable Print Basic Dog Collar | QQPETS<\/title>\n<meta name=\"description\" content=\"Discover our durable Basic Dog Collar for everyday use. Comfortable, adjustable, and stylish. Shop now!\" \/>\n<meta name=\"robots\" content=\"index, follow, max-snippet:-1, max-image-preview:large, max-video-preview:-1\" \/>\n<link rel=\"canonical\" href=\"https:\/\/qqpets.com\/fr\/produit\/adjustable-print-basic-dog-collar\/\" \/>\n<meta property=\"og:locale\" content=\"fr_FR\" \/>\n<meta property=\"og:type\" content=\"article\" \/>\n<meta property=\"og:title\" content=\"Adjustable Print Basic Dog Collar | QQPETS\" \/>\n<meta property=\"og:description\" content=\"Discover our durable Basic Dog Collar for everyday use. Comfortable, adjustable, and stylish. Shop now!\" \/>\n<meta property=\"og:url\" content=\"https:\/\/qqpets.com\/fr\/produit\/adjustable-print-basic-dog-collar\/\" \/>\n<meta property=\"og:site_name\" content=\"QQPETS\" \/>\n<meta property=\"article:publisher\" content=\"https:\/\/www.facebook.com\/QQpetsdogcollars\" \/>\n<meta property=\"article:modified_time\" content=\"2024-12-12T09:21:28+00:00\" \/>\n<meta property=\"og:image\" content=\"https:\/\/qqpets.com\/wp-content\/uploads\/2024\/08\/soft-dog-collar.webp\" \/>\n\t<meta property=\"og:image:width\" content=\"800\" \/>\n\t<meta property=\"og:image:height\" content=\"800\" \/>\n\t<meta property=\"og:image:type\" content=\"image\/webp\" \/>\n<meta name=\"twitter:card\" content=\"summary_large_image\" \/>\n<meta name=\"twitter:label1\" content=\"Dur\u00e9e de lecture estim\u00e9e\" \/>\n\t<meta name=\"twitter:data1\" content=\"2 minutes\" \/>\n<script type=\"application\/ld+json\" class=\"yoast-schema-graph\">{\"@context\":\"https:\/\/schema.org\",\"@graph\":[{\"@type\":\"WebPage\",\"@id\":\"https:\/\/qqpets.com\/product\/adjustable-print-basic-dog-collar\/\",\"url\":\"https:\/\/qqpets.com\/product\/adjustable-print-basic-dog-collar\/\",\"name\":\"Adjustable Print Basic Dog Collar | QQPETS\",\"isPartOf\":{\"@id\":\"https:\/\/qqpets.com\/#website\"},\"primaryImageOfPage\":{\"@id\":\"https:\/\/qqpets.com\/product\/adjustable-print-basic-dog-collar\/#primaryimage\"},\"image\":{\"@id\":\"https:\/\/qqpets.com\/product\/adjustable-print-basic-dog-collar\/#primaryimage\"},\"thumbnailUrl\":\"https:\/\/qqpets.com\/wp-content\/uploads\/2024\/08\/soft-dog-collar.webp\",\"datePublished\":\"2024-08-31T07:01:03+00:00\",\"dateModified\":\"2024-12-12T09:21:28+00:00\",\"description\":\"Discover our durable Basic Dog Collar for everyday use. Comfortable, adjustable, and stylish. Shop now!\",\"breadcrumb\":{\"@id\":\"https:\/\/qqpets.com\/product\/adjustable-print-basic-dog-collar\/#breadcrumb\"},\"inLanguage\":\"fr-FR\",\"potentialAction\":[{\"@type\":\"ReadAction\",\"target\":[\"https:\/\/qqpets.com\/product\/adjustable-print-basic-dog-collar\/\"]}]},{\"@type\":\"ImageObject\",\"inLanguage\":\"fr-FR\",\"@id\":\"https:\/\/qqpets.com\/product\/adjustable-print-basic-dog-collar\/#primaryimage\",\"url\":\"https:\/\/qqpets.com\/wp-content\/uploads\/2024\/08\/soft-dog-collar.webp\",\"contentUrl\":\"https:\/\/qqpets.com\/wp-content\/uploads\/2024\/08\/soft-dog-collar.webp\",\"width\":800,\"height\":800,\"caption\":\"soft dog collar\"},{\"@type\":\"BreadcrumbList\",\"@id\":\"https:\/\/qqpets.com\/product\/adjustable-print-basic-dog-collar\/#breadcrumb\",\"itemListElement\":[{\"@type\":\"ListItem\",\"position\":1,\"name\":\"Home\",\"item\":\"https:\/\/qqpets.com\/\"},{\"@type\":\"ListItem\",\"position\":2,\"name\":\"Products\",\"item\":\"https:\/\/qqpets.com\/pet-products-manufacturer\/\"},{\"@type\":\"ListItem\",\"position\":3,\"name\":\"Adjustable Print Basic Dog Collar\"}]},{\"@type\":\"WebSite\",\"@id\":\"https:\/\/qqpets.com\/#website\",\"url\":\"https:\/\/qqpets.com\/\",\"name\":\"QQPETS\",\"description\":\"QQPETS is a pet products factory for dog harnesses, dog collars, dog leashes and dog accessories with professional customized service since 2005.\",\"publisher\":{\"@id\":\"https:\/\/qqpets.com\/#organization\"},\"potentialAction\":[{\"@type\":\"SearchAction\",\"target\":{\"@type\":\"EntryPoint\",\"urlTemplate\":\"https:\/\/qqpets.com\/?s={search_term_string}\"},\"query-input\":{\"@type\":\"PropertyValueSpecification\",\"valueRequired\":true,\"valueName\":\"search_term_string\"}}],\"inLanguage\":\"fr-FR\"},{\"@type\":\"Organization\",\"@id\":\"https:\/\/qqpets.com\/#organization\",\"name\":\"QQPETS\",\"url\":\"https:\/\/qqpets.com\/\",\"logo\":{\"@type\":\"ImageObject\",\"inLanguage\":\"fr-FR\",\"@id\":\"https:\/\/qqpets.com\/#\/schema\/logo\/image\/\",\"url\":\"https:\/\/qqpets.com\/wp-content\/uploads\/2023\/09\/cropped-cropped-qqpets-tiktok.jpg\",\"contentUrl\":\"https:\/\/qqpets.com\/wp-content\/uploads\/2023\/09\/cropped-cropped-qqpets-tiktok.jpg\",\"width\":511,\"height\":511,\"caption\":\"QQPETS\"},\"image\":{\"@id\":\"https:\/\/qqpets.com\/#\/schema\/logo\/image\/\"},\"sameAs\":[\"https:\/\/www.facebook.com\/QQpetsdogcollars\",\"https:\/\/www.instagram.com\/qqpetscollar\/\",\"https:\/\/www.pinterest.com\/qqpetsdogcollarsfactory\/\"]}]}<\/script>\n<!-- \/ Yoast SEO plugin. -->","yoast_head_json":{"title":"Collier de base pour chien, r\u00e9glable et imprim\u00e9 | QQPETS","description":"D\u00e9couvrez notre collier pour chien Basic durable pour un usage quotidien. Confortable, r\u00e9glable et \u00e9l\u00e9gant. Acheter en ligne !","robots":{"index":"index","follow":"follow","max-snippet":"max-snippet:-1","max-image-preview":"max-image-preview:large","max-video-preview":"max-video-preview:-1"},"canonical":"https:\/\/qqpets.com\/fr\/produit\/adjustable-print-basic-dog-collar\/","og_locale":"fr_FR","og_type":"article","og_title":"Adjustable Print Basic Dog Collar | QQPETS","og_description":"Discover our durable Basic Dog Collar for everyday use. Comfortable, adjustable, and stylish. Shop now!","og_url":"https:\/\/qqpets.com\/fr\/produit\/adjustable-print-basic-dog-collar\/","og_site_name":"QQPETS","article_publisher":"https:\/\/www.facebook.com\/QQpetsdogcollars","article_modified_time":"2024-12-12T09:21:28+00:00","og_image":[{"width":800,"height":800,"url":"https:\/\/qqpets.com\/wp-content\/uploads\/2024\/08\/soft-dog-collar.webp","type":"image\/webp"}],"twitter_card":"summary_large_image","twitter_misc":{"Dur\u00e9e de lecture estim\u00e9e":"2 minutes"},"schema":{"@context":"https:\/\/schema.org","@graph":[{"@type":"WebPage","@id":"https:\/\/qqpets.com\/product\/adjustable-print-basic-dog-collar\/","url":"https:\/\/qqpets.com\/product\/adjustable-print-basic-dog-collar\/","name":"Collier de base pour chien, r\u00e9glable et imprim\u00e9 | QQPETS","isPartOf":{"@id":"https:\/\/qqpets.com\/#website"},"primaryImageOfPage":{"@id":"https:\/\/qqpets.com\/product\/adjustable-print-basic-dog-collar\/#primaryimage"},"image":{"@id":"https:\/\/qqpets.com\/product\/adjustable-print-basic-dog-collar\/#primaryimage"},"thumbnailUrl":"https:\/\/qqpets.com\/wp-content\/uploads\/2024\/08\/soft-dog-collar.webp","datePublished":"2024-08-31T07:01:03+00:00","dateModified":"2024-12-12T09:21:28+00:00","description":"D\u00e9couvrez notre collier pour chien Basic durable pour un usage quotidien. Confortable, r\u00e9glable et \u00e9l\u00e9gant. Acheter en ligne !","breadcrumb":{"@id":"https:\/\/qqpets.com\/product\/adjustable-print-basic-dog-collar\/#breadcrumb"},"inLanguage":"fr-FR","potentialAction":[{"@type":"ReadAction","target":["https:\/\/qqpets.com\/product\/adjustable-print-basic-dog-collar\/"]}]},{"@type":"ImageObject","inLanguage":"fr-FR","@id":"https:\/\/qqpets.com\/product\/adjustable-print-basic-dog-collar\/#primaryimage","url":"https:\/\/qqpets.com\/wp-content\/uploads\/2024\/08\/soft-dog-collar.webp","contentUrl":"https:\/\/qqpets.com\/wp-content\/uploads\/2024\/08\/soft-dog-collar.webp","width":800,"height":800,"caption":"soft dog collar"},{"@type":"BreadcrumbList","@id":"https:\/\/qqpets.com\/product\/adjustable-print-basic-dog-collar\/#breadcrumb","itemListElement":[{"@type":"ListItem","position":1,"name":"Home","item":"https:\/\/qqpets.com\/"},{"@type":"ListItem","position":2,"name":"Products","item":"https:\/\/qqpets.com\/pet-products-manufacturer\/"},{"@type":"ListItem","position":3,"name":"Adjustable Print Basic Dog Collar"}]},{"@type":"WebSite","@id":"https:\/\/qqpets.com\/#website","url":"https:\/\/qqpets.com\/","name":"QQPETS","description":"QQPETS est une usine de produits pour animaux de compagnie qui fabrique des harnais pour chiens, des colliers pour chiens, des laisses pour chiens et des accessoires pour chiens avec un service professionnel personnalis\u00e9 depuis 2005.","publisher":{"@id":"https:\/\/qqpets.com\/#organization"},"potentialAction":[{"@type":"SearchAction","target":{"@type":"EntryPoint","urlTemplate":"https:\/\/qqpets.com\/?s={search_term_string}"},"query-input":{"@type":"PropertyValueSpecification","valueRequired":true,"valueName":"search_term_string"}}],"inLanguage":"fr-FR"},{"@type":"Organization","@id":"https:\/\/qqpets.com\/#organization","name":"QQPETS","url":"https:\/\/qqpets.com\/","logo":{"@type":"ImageObject","inLanguage":"fr-FR","@id":"https:\/\/qqpets.com\/#\/schema\/logo\/image\/","url":"https:\/\/qqpets.com\/wp-content\/uploads\/2023\/09\/cropped-cropped-qqpets-tiktok.jpg","contentUrl":"https:\/\/qqpets.com\/wp-content\/uploads\/2023\/09\/cropped-cropped-qqpets-tiktok.jpg","width":511,"height":511,"caption":"QQPETS"},"image":{"@id":"https:\/\/qqpets.com\/#\/schema\/logo\/image\/"},"sameAs":["https:\/\/www.facebook.com\/QQpetsdogcollars","https:\/\/www.instagram.com\/qqpetscollar\/","https:\/\/www.pinterest.com\/qqpetsdogcollarsfactory\/"]}]}},"_links":{"self":[{"href":"https:\/\/qqpets.com\/fr\/wp-json\/wp\/v2\/product\/7672","targetHints":{"allow":["GET"]}}],"collection":[{"href":"https:\/\/qqpets.com\/fr\/wp-json\/wp\/v2\/product"}],"about":[{"href":"https:\/\/qqpets.com\/fr\/wp-json\/wp\/v2\/types\/product"}],"wp:featuredmedia":[{"embeddable":true,"href":"https:\/\/qqpets.com\/fr\/wp-json\/wp\/v2\/media\/9678"}],"wp:attachment":[{"href":"https:\/\/qqpets.com\/fr\/wp-json\/wp\/v2\/media?parent=7672"}],"wp:term":[{"taxonomy":"product_brand","embeddable":true,"href":"https:\/\/qqpets.com\/fr\/wp-json\/wp\/v2\/product_brand?post=7672"},{"taxonomy":"product_cat","embeddable":true,"href":"https:\/\/qqpets.com\/fr\/wp-json\/wp\/v2\/product_cat?post=7672"},{"taxonomy":"product_tag","embeddable":true,"href":"https:\/\/qqpets.com\/fr\/wp-json\/wp\/v2\/product_tag?post=7672"}],"curies":[{"name":"wp","href":"https:\/\/api.w.org\/{rel}","templated":true}]}}