{"id":7695,"date":"2024-08-31T17:24:16","date_gmt":"2024-08-31T09:24:16","guid":{"rendered":"https:\/\/qqpets.com\/?post_type=product&#038;p=7695"},"modified":"2024-08-31T17:25:22","modified_gmt":"2024-08-31T09:25:22","slug":"mesh-step-in-dog-harness","status":"publish","type":"product","link":"https:\/\/qqpets.com\/fr\/produit\/mesh-step-in-dog-harness\/","title":{"rendered":"Harnais en maille pour chien"},"content":{"rendered":"<p>Faites d\u00e9couvrir \u00e0 votre chien le confort et la commodit\u00e9 avec notre harnais pour chien Mesh Step In, con\u00e7u pour un ajustement sans effort et une respirabilit\u00e9 exceptionnelle. Ce harnais est con\u00e7u pour faciliter vos sorties quotidiennes et les rendre plus agr\u00e9ables pour vous et votre animal. Le harnais est con\u00e7u pour rendre vos sorties quotidiennes plus faciles et plus agr\u00e9ables pour vous et votre animal. Le harnais n'a pas besoin d'\u00eatre tir\u00e9 sur la t\u00eate de votre chien, ce qui rend l'\u00e9quipement rapide et sans stress.<\/p>\n<p>Fabriqu\u00e9 \u00e0 partir d'un mat\u00e9riau en maille souple et l\u00e9ger, ce harnais permet \u00e0 votre chien de rester au frais et \u00e0 l'aise, m\u00eame par temps chaud. La maille respirante permet une bonne circulation de l'air, \u00e9vitant ainsi la surchauffe et garantissant \u00e0 votre animal une sensation de fra\u00eecheur tout au long de la promenade.<\/p>\n<p>L'ajustement est essentiel avec notre harnais, dot\u00e9 de sangles faciles \u00e0 manipuler qui vous permettent de cr\u00e9er un ajustement personnalis\u00e9 qui est \u00e0 la fois s\u00fbr et confortable pour votre chien. Cet ajustement emp\u00eache le harnais de frotter ou d'irriter, tout en offrant un soutien et un contr\u00f4le suffisants pendant les promenades.<\/p>\n<p>Notre harnais pour chien Mesh Step In est non seulement fonctionnel mais aussi \u00e9l\u00e9gant. Disponible dans une vari\u00e9t\u00e9 de couleurs et de tailles, il est parfait pour les animaux de toutes formes et de toutes races. Qu'il s'agisse d'une promenade rapide dans le quartier ou d'une aventure plus longue dans le parc, ce harnais allie durabilit\u00e9, style et confort en un seul accessoire indispensable pour votre animal.<\/p>\n<p>\u00c9quipez votre chien de notre harnais pour chien Mesh Step In pour qu'il profite de chaque sortie avec confort et facilit\u00e9, tandis que vous profitez de la simplicit\u00e9 et de l'efficacit\u00e9 d'un harnais bien con\u00e7u.<\/p>\n<div class=\"flex max-w-full flex-col flex-grow\">\n<div class=\"min-h-[20px] text-message flex w-full flex-col items-end gap-2 break-words [.text-message+&amp;]:mt-5 overflow-x-auto whitespace-normal\" dir=\"auto\" data-message-author-role=\"assistant\" data-message-id=\"ef04834b-61b9-4d06-98fe-1d0d44d63bf5\">\n<div class=\"flex w-full flex-col gap-1 empty:hidden first:pt-[3px]\">\n<div class=\"markdown prose w-full break-words dark:prose-invert light\">\n<h6><strong>Les harnais en filet sont-ils bons pour les chiens ?<\/strong><\/h6>\n<p>Oui, les harnais en filet sont bons pour les chiens car ils permettent de respirer et sont confortables, en particulier dans les climats chauds, tout en \u00e9tant l\u00e9gers.<\/p>\n<h6><strong>Les harnais \u00e0 \u00e9chelons sont-ils bons pour les chiens ?<\/strong><\/h6>\n<p>Oui, les harnais \u00e0 emmanchement sont b\u00e9n\u00e9fiques pour les chiens car ils sont faciles \u00e0 mettre et r\u00e9partissent la pression uniform\u00e9ment sur la poitrine et les \u00e9paules, ce qui les rend confortables pour la plupart des chiens.<\/p>\n<h6><strong>Les chiens peuvent-ils s'\u00e9chapper d'un harnais \u00e0 \u00e9chelons ?<\/strong><\/h6>\n<p>Les chiens peuvent potentiellement s'\u00e9chapper d'un harnais \u00e0 emmarchement s'il n'est pas correctement ajust\u00e9. Il est important de s'assurer que le harnais est bien ajust\u00e9 et correctement r\u00e9gl\u00e9 pour \u00e9viter qu'il ne s'\u00e9chappe.<\/p>\n<h6><strong>Comment utiliser un harnais pour chien ?<\/strong><\/h6>\n<p>Placez le harnais \u00e0 plat sur le sol, guidez les pattes avant de votre chien dans les ouvertures, puis tirez le harnais vers le haut et autour du torse et fixez la boucle \u00e0 l'arri\u00e8re.<\/p>\n<h6><strong>Qu'est-ce qu'un filet pour chien ?<\/strong><\/h6>\n<p>Le filet pour chien est un type de tissu utilis\u00e9 dans les produits pour animaux de compagnie, en particulier les harnais et les sacs de transport. Il s'agit d'un mat\u00e9riau respirant et l\u00e9ger qui permet \u00e0 l'air de circuler, ce qui est confortable pour le chien.<\/p>\n<h6><strong>Quel type de harnais convient le mieux \u00e0 un chien ?<\/strong><\/h6>\n<p>Le meilleur type de harnais pour un chien d\u00e9pend g\u00e9n\u00e9ralement de sa taille, de sa race et de son comportement. Pour la plupart des chiens, en particulier ceux qui tirent, un harnais anti-traction avec une attache de laisse avant est id\u00e9al car il permet un meilleur contr\u00f4le pendant les promenades et r\u00e9duit la tension sur le cou et le dos du chien.<\/p>\n<\/div>\n<\/div>\n<\/div>\n<\/div>","protected":false},"excerpt":{"rendered":"<p>D\u00e9couvrez le confort ultime avec notre harnais pour chien Mesh Step In, con\u00e7u pour \u00eatre facile \u00e0 porter et respirer. Ce harnais l\u00e9ger est dot\u00e9 d'un syst\u00e8me d'ajustement pour une mise en place facile et d'un tissu en maille qui permet \u00e0 votre chien de rester au frais m\u00eame par temps chaud. Les sangles r\u00e9glables garantissent un ajustement parfait, tandis que la construction durable offre une grande fiabilit\u00e9 pendant les promenades. Id\u00e9al pour les chiens actifs et les ma\u00eetres qui privil\u00e9gient la commodit\u00e9 et le confort.<\/p>","protected":false},"featured_media":7697,"template":"","meta":[],"product_brand":[],"product_cat":[23],"product_tag":[],"class_list":{"0":"post-7695","1":"product","2":"type-product","3":"status-publish","4":"has-post-thumbnail","6":"product_cat-dog-harness","7":"pa_brand-qqpets","9":"first","10":"instock","11":"shipping-taxable","12":"product-type-simple"},"yoast_head":"<!-- This site is optimized with the Yoast SEO plugin v26.6 - https:\/\/yoast.com\/wordpress\/plugins\/seo\/ -->\n<title>Mesh Step in Dog Harness | QQPETS<\/title>\n<meta name=\"description\" content=\"Explore our Mesh Step In Dog Harness for breathable comfort. Perfect fit, easy to use. Shop now for quality!\" \/>\n<meta name=\"robots\" content=\"index, follow, max-snippet:-1, max-image-preview:large, max-video-preview:-1\" \/>\n<link rel=\"canonical\" href=\"https:\/\/qqpets.com\/fr\/produit\/mesh-step-in-dog-harness\/\" \/>\n<meta property=\"og:locale\" content=\"fr_FR\" \/>\n<meta property=\"og:type\" content=\"article\" \/>\n<meta property=\"og:title\" content=\"Mesh Step in Dog Harness | QQPETS\" \/>\n<meta property=\"og:description\" content=\"Explore our Mesh Step In Dog Harness for breathable comfort. Perfect fit, easy to use. Shop now for quality!\" \/>\n<meta property=\"og:url\" content=\"https:\/\/qqpets.com\/fr\/produit\/mesh-step-in-dog-harness\/\" \/>\n<meta property=\"og:site_name\" content=\"QQPETS\" \/>\n<meta property=\"article:publisher\" content=\"https:\/\/www.facebook.com\/QQpetsdogcollars\" \/>\n<meta property=\"article:modified_time\" content=\"2024-08-31T09:25:22+00:00\" \/>\n<meta property=\"og:image\" content=\"https:\/\/qqpets.com\/wp-content\/uploads\/2024\/08\/step-in-dog-harness1.webp\" \/>\n\t<meta property=\"og:image:width\" content=\"1600\" \/>\n\t<meta property=\"og:image:height\" content=\"1600\" \/>\n\t<meta property=\"og:image:type\" content=\"image\/webp\" \/>\n<meta name=\"twitter:card\" content=\"summary_large_image\" \/>\n<meta name=\"twitter:label1\" content=\"Dur\u00e9e de lecture estim\u00e9e\" \/>\n\t<meta name=\"twitter:data1\" content=\"3 minutes\" \/>\n<script type=\"application\/ld+json\" class=\"yoast-schema-graph\">{\"@context\":\"https:\/\/schema.org\",\"@graph\":[{\"@type\":\"WebPage\",\"@id\":\"https:\/\/qqpets.com\/product\/mesh-step-in-dog-harness\/\",\"url\":\"https:\/\/qqpets.com\/product\/mesh-step-in-dog-harness\/\",\"name\":\"Mesh Step in Dog Harness | QQPETS\",\"isPartOf\":{\"@id\":\"https:\/\/qqpets.com\/#website\"},\"primaryImageOfPage\":{\"@id\":\"https:\/\/qqpets.com\/product\/mesh-step-in-dog-harness\/#primaryimage\"},\"image\":{\"@id\":\"https:\/\/qqpets.com\/product\/mesh-step-in-dog-harness\/#primaryimage\"},\"thumbnailUrl\":\"https:\/\/qqpets.com\/wp-content\/uploads\/2024\/08\/step-in-dog-harness1.webp\",\"datePublished\":\"2024-08-31T09:24:16+00:00\",\"dateModified\":\"2024-08-31T09:25:22+00:00\",\"description\":\"Explore our Mesh Step In Dog Harness for breathable comfort. Perfect fit, easy to use. Shop now for quality!\",\"breadcrumb\":{\"@id\":\"https:\/\/qqpets.com\/product\/mesh-step-in-dog-harness\/#breadcrumb\"},\"inLanguage\":\"fr-FR\",\"potentialAction\":[{\"@type\":\"ReadAction\",\"target\":[\"https:\/\/qqpets.com\/product\/mesh-step-in-dog-harness\/\"]}]},{\"@type\":\"ImageObject\",\"inLanguage\":\"fr-FR\",\"@id\":\"https:\/\/qqpets.com\/product\/mesh-step-in-dog-harness\/#primaryimage\",\"url\":\"https:\/\/qqpets.com\/wp-content\/uploads\/2024\/08\/step-in-dog-harness1.webp\",\"contentUrl\":\"https:\/\/qqpets.com\/wp-content\/uploads\/2024\/08\/step-in-dog-harness1.webp\",\"width\":1600,\"height\":1600},{\"@type\":\"BreadcrumbList\",\"@id\":\"https:\/\/qqpets.com\/product\/mesh-step-in-dog-harness\/#breadcrumb\",\"itemListElement\":[{\"@type\":\"ListItem\",\"position\":1,\"name\":\"Home\",\"item\":\"https:\/\/qqpets.com\/\"},{\"@type\":\"ListItem\",\"position\":2,\"name\":\"Products\",\"item\":\"https:\/\/qqpets.com\/pet-products-manufacturer\/\"},{\"@type\":\"ListItem\",\"position\":3,\"name\":\"Mesh Step in Dog Harness\"}]},{\"@type\":\"WebSite\",\"@id\":\"https:\/\/qqpets.com\/#website\",\"url\":\"https:\/\/qqpets.com\/\",\"name\":\"QQPETS\",\"description\":\"QQPETS is a pet products factory for dog harnesses, dog collars, dog leashes and dog accessories with professional customized service since 2005.\",\"publisher\":{\"@id\":\"https:\/\/qqpets.com\/#organization\"},\"potentialAction\":[{\"@type\":\"SearchAction\",\"target\":{\"@type\":\"EntryPoint\",\"urlTemplate\":\"https:\/\/qqpets.com\/?s={search_term_string}\"},\"query-input\":{\"@type\":\"PropertyValueSpecification\",\"valueRequired\":true,\"valueName\":\"search_term_string\"}}],\"inLanguage\":\"fr-FR\"},{\"@type\":\"Organization\",\"@id\":\"https:\/\/qqpets.com\/#organization\",\"name\":\"QQPETS\",\"url\":\"https:\/\/qqpets.com\/\",\"logo\":{\"@type\":\"ImageObject\",\"inLanguage\":\"fr-FR\",\"@id\":\"https:\/\/qqpets.com\/#\/schema\/logo\/image\/\",\"url\":\"https:\/\/qqpets.com\/wp-content\/uploads\/2023\/09\/cropped-cropped-qqpets-tiktok.jpg\",\"contentUrl\":\"https:\/\/qqpets.com\/wp-content\/uploads\/2023\/09\/cropped-cropped-qqpets-tiktok.jpg\",\"width\":511,\"height\":511,\"caption\":\"QQPETS\"},\"image\":{\"@id\":\"https:\/\/qqpets.com\/#\/schema\/logo\/image\/\"},\"sameAs\":[\"https:\/\/www.facebook.com\/QQpetsdogcollars\",\"https:\/\/www.instagram.com\/qqpetscollar\/\",\"https:\/\/www.pinterest.com\/qqpetsdogcollarsfactory\/\"]}]}<\/script>\n<!-- \/ Yoast SEO plugin. -->","yoast_head_json":{"title":"Harnais pour chien Step in Mesh | QQPETS","description":"D\u00e9couvrez notre harnais pour chien Mesh Step In pour un confort respirant. Parfaitement ajust\u00e9, facile \u00e0 utiliser. Achetez maintenant pour la qualit\u00e9 !","robots":{"index":"index","follow":"follow","max-snippet":"max-snippet:-1","max-image-preview":"max-image-preview:large","max-video-preview":"max-video-preview:-1"},"canonical":"https:\/\/qqpets.com\/fr\/produit\/mesh-step-in-dog-harness\/","og_locale":"fr_FR","og_type":"article","og_title":"Mesh Step in Dog Harness | QQPETS","og_description":"Explore our Mesh Step In Dog Harness for breathable comfort. Perfect fit, easy to use. Shop now for quality!","og_url":"https:\/\/qqpets.com\/fr\/produit\/mesh-step-in-dog-harness\/","og_site_name":"QQPETS","article_publisher":"https:\/\/www.facebook.com\/QQpetsdogcollars","article_modified_time":"2024-08-31T09:25:22+00:00","og_image":[{"width":1600,"height":1600,"url":"https:\/\/qqpets.com\/wp-content\/uploads\/2024\/08\/step-in-dog-harness1.webp","type":"image\/webp"}],"twitter_card":"summary_large_image","twitter_misc":{"Dur\u00e9e de lecture estim\u00e9e":"3 minutes"},"schema":{"@context":"https:\/\/schema.org","@graph":[{"@type":"WebPage","@id":"https:\/\/qqpets.com\/product\/mesh-step-in-dog-harness\/","url":"https:\/\/qqpets.com\/product\/mesh-step-in-dog-harness\/","name":"Harnais pour chien Step in Mesh | QQPETS","isPartOf":{"@id":"https:\/\/qqpets.com\/#website"},"primaryImageOfPage":{"@id":"https:\/\/qqpets.com\/product\/mesh-step-in-dog-harness\/#primaryimage"},"image":{"@id":"https:\/\/qqpets.com\/product\/mesh-step-in-dog-harness\/#primaryimage"},"thumbnailUrl":"https:\/\/qqpets.com\/wp-content\/uploads\/2024\/08\/step-in-dog-harness1.webp","datePublished":"2024-08-31T09:24:16+00:00","dateModified":"2024-08-31T09:25:22+00:00","description":"D\u00e9couvrez notre harnais pour chien Mesh Step In pour un confort respirant. Parfaitement ajust\u00e9, facile \u00e0 utiliser. Achetez maintenant pour la qualit\u00e9 !","breadcrumb":{"@id":"https:\/\/qqpets.com\/product\/mesh-step-in-dog-harness\/#breadcrumb"},"inLanguage":"fr-FR","potentialAction":[{"@type":"ReadAction","target":["https:\/\/qqpets.com\/product\/mesh-step-in-dog-harness\/"]}]},{"@type":"ImageObject","inLanguage":"fr-FR","@id":"https:\/\/qqpets.com\/product\/mesh-step-in-dog-harness\/#primaryimage","url":"https:\/\/qqpets.com\/wp-content\/uploads\/2024\/08\/step-in-dog-harness1.webp","contentUrl":"https:\/\/qqpets.com\/wp-content\/uploads\/2024\/08\/step-in-dog-harness1.webp","width":1600,"height":1600},{"@type":"BreadcrumbList","@id":"https:\/\/qqpets.com\/product\/mesh-step-in-dog-harness\/#breadcrumb","itemListElement":[{"@type":"ListItem","position":1,"name":"Home","item":"https:\/\/qqpets.com\/"},{"@type":"ListItem","position":2,"name":"Products","item":"https:\/\/qqpets.com\/pet-products-manufacturer\/"},{"@type":"ListItem","position":3,"name":"Mesh Step in Dog Harness"}]},{"@type":"WebSite","@id":"https:\/\/qqpets.com\/#website","url":"https:\/\/qqpets.com\/","name":"QQPETS","description":"QQPETS est une usine de produits pour animaux de compagnie qui fabrique des harnais pour chiens, des colliers pour chiens, des laisses pour chiens et des accessoires pour chiens avec un service professionnel personnalis\u00e9 depuis 2005.","publisher":{"@id":"https:\/\/qqpets.com\/#organization"},"potentialAction":[{"@type":"SearchAction","target":{"@type":"EntryPoint","urlTemplate":"https:\/\/qqpets.com\/?s={search_term_string}"},"query-input":{"@type":"PropertyValueSpecification","valueRequired":true,"valueName":"search_term_string"}}],"inLanguage":"fr-FR"},{"@type":"Organization","@id":"https:\/\/qqpets.com\/#organization","name":"QQPETS","url":"https:\/\/qqpets.com\/","logo":{"@type":"ImageObject","inLanguage":"fr-FR","@id":"https:\/\/qqpets.com\/#\/schema\/logo\/image\/","url":"https:\/\/qqpets.com\/wp-content\/uploads\/2023\/09\/cropped-cropped-qqpets-tiktok.jpg","contentUrl":"https:\/\/qqpets.com\/wp-content\/uploads\/2023\/09\/cropped-cropped-qqpets-tiktok.jpg","width":511,"height":511,"caption":"QQPETS"},"image":{"@id":"https:\/\/qqpets.com\/#\/schema\/logo\/image\/"},"sameAs":["https:\/\/www.facebook.com\/QQpetsdogcollars","https:\/\/www.instagram.com\/qqpetscollar\/","https:\/\/www.pinterest.com\/qqpetsdogcollarsfactory\/"]}]}},"_links":{"self":[{"href":"https:\/\/qqpets.com\/fr\/wp-json\/wp\/v2\/product\/7695","targetHints":{"allow":["GET"]}}],"collection":[{"href":"https:\/\/qqpets.com\/fr\/wp-json\/wp\/v2\/product"}],"about":[{"href":"https:\/\/qqpets.com\/fr\/wp-json\/wp\/v2\/types\/product"}],"wp:featuredmedia":[{"embeddable":true,"href":"https:\/\/qqpets.com\/fr\/wp-json\/wp\/v2\/media\/7697"}],"wp:attachment":[{"href":"https:\/\/qqpets.com\/fr\/wp-json\/wp\/v2\/media?parent=7695"}],"wp:term":[{"taxonomy":"product_brand","embeddable":true,"href":"https:\/\/qqpets.com\/fr\/wp-json\/wp\/v2\/product_brand?post=7695"},{"taxonomy":"product_cat","embeddable":true,"href":"https:\/\/qqpets.com\/fr\/wp-json\/wp\/v2\/product_cat?post=7695"},{"taxonomy":"product_tag","embeddable":true,"href":"https:\/\/qqpets.com\/fr\/wp-json\/wp\/v2\/product_tag?post=7695"}],"curies":[{"name":"wp","href":"https:\/\/api.w.org\/{rel}","templated":true}]}}