{"id":7740,"date":"2024-09-02T15:02:10","date_gmt":"2024-09-02T07:02:10","guid":{"rendered":"https:\/\/qqpets.com\/?post_type=product&#038;p=7740"},"modified":"2024-11-13T14:56:51","modified_gmt":"2024-11-13T06:56:51","slug":"tactical-dog-collar","status":"publish","type":"product","link":"https:\/\/qqpets.com\/fr\/produit\/tactical-dog-collar\/","title":{"rendered":"Collier Tactique pour Chien Boucle M\u00e9tallique avec Poign\u00e9e pour Dressage de Chien"},"content":{"rendered":"<p>Ajoutez une durabilit\u00e9 et une fonctionnalit\u00e9 de niveau militaire aux accessoires de votre chien avec notre collier pour chien tactique. Ce collier est sp\u00e9cialement con\u00e7u pour les chiens de travail. Il associe une construction robuste \u00e0 un design pratique pour r\u00e9sister aux environnements les plus difficiles.<\/p>\n<p>Fabriqu\u00e9 en nylon tr\u00e8s r\u00e9sistant, le collier est dot\u00e9 d'une boucle m\u00e9tallique robuste et d'un anneau en D qui fournit des points d'attache fiables pour la laisse. Le collier reste ainsi solidement attach\u00e9, quel que soit le niveau d'activit\u00e9.<\/p>\n<p>Le collier est con\u00e7u avec une large sangle pour r\u00e9partir uniform\u00e9ment la pression, ce qui permet d'\u00e9viter l'\u00e9touffement et l'inconfort lors d'activit\u00e9s vigoureuses. Le collier est r\u00e9glable, ce qui vous permet d'adapter le serrage \u00e0 la taille du cou de votre chien et d'assurer son confort pendant les longues heures de port.<\/p>\n<p>Pour les ma\u00eetres-chiens qui exigent davantage de leur \u00e9quipement, ce collier comprend des caract\u00e9ristiques suppl\u00e9mentaires telles qu'un panneau \u00e0 boucles et \u00e0 crochets pour attacher des plaques d'identification ou d'autres \u00e9quipements tactiques. Que vous soyez \u00e0 l'entra\u00eenement, en patrouille ou simplement en train de vivre une aventure en plein air, ce collier est con\u00e7u pour offrir un contr\u00f4le sup\u00e9rieur et une grande long\u00e9vit\u00e9.<\/p>\n<p>Id\u00e9al pour les chiens de garde, notre collier tactique pour chien allie r\u00e9sistance, confort et fiabilit\u00e9. Il s'agit d'un outil essentiel pour tout dresseur de chiens disposant d'un \u00e9quipement tr\u00e8s exigeant et devant s'assurer que ses chiens donnent le meilleur d'eux-m\u00eames.<\/p>\n<h4><strong>Les harnais tactiques sont-ils bons pour les chiens ?<\/strong><\/h4>\n<p>Les harnais tactiques peuvent \u00eatre utiles \u00e0 des fins sp\u00e9cifiques. Ils sont durables, offrent un bon contr\u00f4le et peuvent transporter de l'\u00e9quipement, ce qui les rend appropri\u00e9s pour les chiens de travail ou de service impliqu\u00e9s dans des activit\u00e9s telles que la recherche et le sauvetage, le travail de la police ou les t\u00e2ches militaires.<\/p>\n<h4><strong>Pourquoi un chien aurait-il besoin d'une veste tactique ?<\/strong><\/h4>\n<p>Un chien peut avoir besoin d'une veste tactique s'il est impliqu\u00e9 dans des op\u00e9rations de maintien de l'ordre, des op\u00e9rations militaires ou des activit\u00e9s de recherche et de sauvetage. La veste peut contenir du mat\u00e9riel, am\u00e9liorer la visibilit\u00e9, fournir une protection corporelle et comprendre des poign\u00e9es pour le contr\u00f4le par le ma\u00eetre-chien.<\/p>\n<h4><strong>Les colliers tactiques pour chiens sont-ils s\u00fbrs ?<\/strong><\/h4>\n<p>Les colliers tactiques pour chiens sont g\u00e9n\u00e9ralement s\u00fbrs lorsqu'ils sont utilis\u00e9s de mani\u00e8re appropri\u00e9e. Ils sont con\u00e7us pour \u00eatre durables et fournir un contr\u00f4le suppl\u00e9mentaire. Toutefois, comme tout collier, ils doivent \u00eatre correctement ajust\u00e9s pour ne pas causer de g\u00eane ou de blessure.<\/p>\n<h4><strong>\u00c0 quoi sert un collier tactique pour chien ?<\/strong><\/h4>\n<p>Un collier tactique pour chien est utilis\u00e9 pour am\u00e9liorer le contr\u00f4le et la durabilit\u00e9 lors d'activit\u00e9s rigoureuses. Il est souvent compos\u00e9 de mat\u00e9riaux r\u00e9sistants et peut comporter des poign\u00e9es ou des points d'attache pour les laisses et l'\u00e9quipement, utiles dans les sc\u00e9narios d'entra\u00eenement et de travail.<\/p>\n<h4><strong>Pourquoi les dresseurs de chiens n'utilisent-ils pas de harnais ?<\/strong><\/h4>\n<p>Certains dresseurs de chiens pr\u00e9f\u00e8rent ne pas utiliser de harnais, car ils peuvent encourager la traction en permettant aux chiens d'utiliser leur force corporelle de mani\u00e8re plus efficace. Les dresseurs qui souhaitent enseigner les bonnes mani\u00e8res en laisse peuvent opter pour des colliers qui permettent de mieux contr\u00f4ler la direction de la t\u00eate et du corps du chien.<\/p>\n<h4><strong>Les v\u00e9t\u00e9rinaires recommandent-ils les harnais ?<\/strong><\/h4>\n<p>De nombreux v\u00e9t\u00e9rinaires recommandent les harnais, en particulier pour les chiens souffrant de probl\u00e8mes respiratoires, de blessures au cou ou de probl\u00e8mes trach\u00e9aux, car les harnais r\u00e9partissent la pression plus uniform\u00e9ment autour du corps, r\u00e9duisant ainsi la tension sur le cou.<\/p>","protected":false},"excerpt":{"rendered":"<p>Renforcez l'\u00e9quipement de votre chien avec notre collier tactique pour chien, con\u00e7u pour la durabilit\u00e9 et la performance. Dot\u00e9 de mat\u00e9riaux r\u00e9sistants, d'une boucle robuste et d'un anneau en D pour une fixation s\u00fbre de la laisse, ce collier est id\u00e9al pour l'entra\u00eenement et le service actif. La conception r\u00e9glable assure un ajustement confortable et s\u00fbr, tandis que les coutures renforc\u00e9es offrent une r\u00e9sistance suppl\u00e9mentaire. Parfait pour les chiens de travail et ceux qui pratiquent des activit\u00e9s de plein air.<\/p>","protected":false},"featured_media":7234,"template":"","meta":[],"product_brand":[],"product_cat":[26],"product_tag":[],"class_list":{"0":"post-7740","1":"product","2":"type-product","3":"status-publish","4":"has-post-thumbnail","6":"product_cat-dog-collar","7":"pa_brand-qqpets","9":"first","10":"instock","11":"shipping-taxable","12":"product-type-simple"},"yoast_head":"<!-- This site is optimized with the Yoast SEO plugin v26.6 - https:\/\/yoast.com\/wordpress\/plugins\/seo\/ -->\n<title>Tactical Dog Collar Heavy Duty Metal Buckle with Handle for Dog Training | QQPETS<\/title>\n<meta name=\"description\" content=\"Durable Tactical Dog Collar for enhanced control and reliability. Built for training and field use. Shop now!\" \/>\n<meta name=\"robots\" content=\"index, follow, max-snippet:-1, max-image-preview:large, max-video-preview:-1\" \/>\n<link rel=\"canonical\" href=\"https:\/\/qqpets.com\/fr\/produit\/tactical-dog-collar\/\" \/>\n<meta property=\"og:locale\" content=\"fr_FR\" \/>\n<meta property=\"og:type\" content=\"article\" \/>\n<meta property=\"og:title\" content=\"Tactical Dog Collar Heavy Duty Metal Buckle with Handle for Dog Training | QQPETS\" \/>\n<meta property=\"og:description\" content=\"Durable Tactical Dog Collar for enhanced control and reliability. Built for training and field use. Shop now!\" \/>\n<meta property=\"og:url\" content=\"https:\/\/qqpets.com\/fr\/produit\/tactical-dog-collar\/\" \/>\n<meta property=\"og:site_name\" content=\"QQPETS\" \/>\n<meta property=\"article:publisher\" content=\"https:\/\/www.facebook.com\/QQpetsdogcollars\" \/>\n<meta property=\"article:modified_time\" content=\"2024-11-13T06:56:51+00:00\" \/>\n<meta property=\"og:image\" content=\"https:\/\/qqpets.com\/wp-content\/uploads\/2023\/09\/large-dog-collar.webp\" \/>\n\t<meta property=\"og:image:width\" content=\"1000\" \/>\n\t<meta property=\"og:image:height\" content=\"929\" \/>\n\t<meta property=\"og:image:type\" content=\"image\/webp\" \/>\n<meta name=\"twitter:card\" content=\"summary_large_image\" \/>\n<meta name=\"twitter:label1\" content=\"Dur\u00e9e de lecture estim\u00e9e\" \/>\n\t<meta name=\"twitter:data1\" content=\"3 minutes\" \/>\n<script type=\"application\/ld+json\" class=\"yoast-schema-graph\">{\"@context\":\"https:\/\/schema.org\",\"@graph\":[{\"@type\":\"WebPage\",\"@id\":\"https:\/\/qqpets.com\/product\/tactical-dog-collar\/\",\"url\":\"https:\/\/qqpets.com\/product\/tactical-dog-collar\/\",\"name\":\"Tactical Dog Collar Heavy Duty Metal Buckle with Handle for Dog Training | QQPETS\",\"isPartOf\":{\"@id\":\"https:\/\/qqpets.com\/#website\"},\"primaryImageOfPage\":{\"@id\":\"https:\/\/qqpets.com\/product\/tactical-dog-collar\/#primaryimage\"},\"image\":{\"@id\":\"https:\/\/qqpets.com\/product\/tactical-dog-collar\/#primaryimage\"},\"thumbnailUrl\":\"https:\/\/qqpets.com\/wp-content\/uploads\/2023\/09\/large-dog-collar.webp\",\"datePublished\":\"2024-09-02T07:02:10+00:00\",\"dateModified\":\"2024-11-13T06:56:51+00:00\",\"description\":\"Durable Tactical Dog Collar for enhanced control and reliability. Built for training and field use. Shop now!\",\"breadcrumb\":{\"@id\":\"https:\/\/qqpets.com\/product\/tactical-dog-collar\/#breadcrumb\"},\"inLanguage\":\"fr-FR\",\"potentialAction\":[{\"@type\":\"ReadAction\",\"target\":[\"https:\/\/qqpets.com\/product\/tactical-dog-collar\/\"]}]},{\"@type\":\"ImageObject\",\"inLanguage\":\"fr-FR\",\"@id\":\"https:\/\/qqpets.com\/product\/tactical-dog-collar\/#primaryimage\",\"url\":\"https:\/\/qqpets.com\/wp-content\/uploads\/2023\/09\/large-dog-collar.webp\",\"contentUrl\":\"https:\/\/qqpets.com\/wp-content\/uploads\/2023\/09\/large-dog-collar.webp\",\"width\":1000,\"height\":929,\"caption\":\"tactical dog collar\"},{\"@type\":\"BreadcrumbList\",\"@id\":\"https:\/\/qqpets.com\/product\/tactical-dog-collar\/#breadcrumb\",\"itemListElement\":[{\"@type\":\"ListItem\",\"position\":1,\"name\":\"Home\",\"item\":\"https:\/\/qqpets.com\/\"},{\"@type\":\"ListItem\",\"position\":2,\"name\":\"Products\",\"item\":\"https:\/\/qqpets.com\/pet-products-manufacturer\/\"},{\"@type\":\"ListItem\",\"position\":3,\"name\":\"Tactical Dog Collar Heavy Duty Metal Buckle with Handle for Dog Training\"}]},{\"@type\":\"WebSite\",\"@id\":\"https:\/\/qqpets.com\/#website\",\"url\":\"https:\/\/qqpets.com\/\",\"name\":\"QQPETS\",\"description\":\"QQPETS is a pet products factory for dog harnesses, dog collars, dog leashes and dog accessories with professional customized service since 2005.\",\"publisher\":{\"@id\":\"https:\/\/qqpets.com\/#organization\"},\"potentialAction\":[{\"@type\":\"SearchAction\",\"target\":{\"@type\":\"EntryPoint\",\"urlTemplate\":\"https:\/\/qqpets.com\/?s={search_term_string}\"},\"query-input\":{\"@type\":\"PropertyValueSpecification\",\"valueRequired\":true,\"valueName\":\"search_term_string\"}}],\"inLanguage\":\"fr-FR\"},{\"@type\":\"Organization\",\"@id\":\"https:\/\/qqpets.com\/#organization\",\"name\":\"QQPETS\",\"url\":\"https:\/\/qqpets.com\/\",\"logo\":{\"@type\":\"ImageObject\",\"inLanguage\":\"fr-FR\",\"@id\":\"https:\/\/qqpets.com\/#\/schema\/logo\/image\/\",\"url\":\"https:\/\/qqpets.com\/wp-content\/uploads\/2023\/09\/cropped-cropped-qqpets-tiktok.jpg\",\"contentUrl\":\"https:\/\/qqpets.com\/wp-content\/uploads\/2023\/09\/cropped-cropped-qqpets-tiktok.jpg\",\"width\":511,\"height\":511,\"caption\":\"QQPETS\"},\"image\":{\"@id\":\"https:\/\/qqpets.com\/#\/schema\/logo\/image\/\"},\"sameAs\":[\"https:\/\/www.facebook.com\/QQpetsdogcollars\",\"https:\/\/www.instagram.com\/qqpetscollar\/\",\"https:\/\/www.pinterest.com\/qqpetsdogcollarsfactory\/\"]}]}<\/script>\n<!-- \/ Yoast SEO plugin. -->","yoast_head_json":{"title":"Collier Tactique pour Chien Boucle M\u00e9tallique avec Poign\u00e9e pour Dressage de Chien | QQPETS","description":"Collier tactique durable pour chien pour un meilleur contr\u00f4le et une plus grande fiabilit\u00e9. Con\u00e7u pour le dressage et l'utilisation sur le terrain. Acheter ce collier !","robots":{"index":"index","follow":"follow","max-snippet":"max-snippet:-1","max-image-preview":"max-image-preview:large","max-video-preview":"max-video-preview:-1"},"canonical":"https:\/\/qqpets.com\/fr\/produit\/tactical-dog-collar\/","og_locale":"fr_FR","og_type":"article","og_title":"Tactical Dog Collar Heavy Duty Metal Buckle with Handle for Dog Training | QQPETS","og_description":"Durable Tactical Dog Collar for enhanced control and reliability. Built for training and field use. Shop now!","og_url":"https:\/\/qqpets.com\/fr\/produit\/tactical-dog-collar\/","og_site_name":"QQPETS","article_publisher":"https:\/\/www.facebook.com\/QQpetsdogcollars","article_modified_time":"2024-11-13T06:56:51+00:00","og_image":[{"width":1000,"height":929,"url":"https:\/\/qqpets.com\/wp-content\/uploads\/2023\/09\/large-dog-collar.webp","type":"image\/webp"}],"twitter_card":"summary_large_image","twitter_misc":{"Dur\u00e9e de lecture estim\u00e9e":"3 minutes"},"schema":{"@context":"https:\/\/schema.org","@graph":[{"@type":"WebPage","@id":"https:\/\/qqpets.com\/product\/tactical-dog-collar\/","url":"https:\/\/qqpets.com\/product\/tactical-dog-collar\/","name":"Collier Tactique pour Chien Boucle M\u00e9tallique avec Poign\u00e9e pour Dressage de Chien | QQPETS","isPartOf":{"@id":"https:\/\/qqpets.com\/#website"},"primaryImageOfPage":{"@id":"https:\/\/qqpets.com\/product\/tactical-dog-collar\/#primaryimage"},"image":{"@id":"https:\/\/qqpets.com\/product\/tactical-dog-collar\/#primaryimage"},"thumbnailUrl":"https:\/\/qqpets.com\/wp-content\/uploads\/2023\/09\/large-dog-collar.webp","datePublished":"2024-09-02T07:02:10+00:00","dateModified":"2024-11-13T06:56:51+00:00","description":"Collier tactique durable pour chien pour un meilleur contr\u00f4le et une plus grande fiabilit\u00e9. Con\u00e7u pour le dressage et l'utilisation sur le terrain. Acheter ce collier !","breadcrumb":{"@id":"https:\/\/qqpets.com\/product\/tactical-dog-collar\/#breadcrumb"},"inLanguage":"fr-FR","potentialAction":[{"@type":"ReadAction","target":["https:\/\/qqpets.com\/product\/tactical-dog-collar\/"]}]},{"@type":"ImageObject","inLanguage":"fr-FR","@id":"https:\/\/qqpets.com\/product\/tactical-dog-collar\/#primaryimage","url":"https:\/\/qqpets.com\/wp-content\/uploads\/2023\/09\/large-dog-collar.webp","contentUrl":"https:\/\/qqpets.com\/wp-content\/uploads\/2023\/09\/large-dog-collar.webp","width":1000,"height":929,"caption":"tactical dog collar"},{"@type":"BreadcrumbList","@id":"https:\/\/qqpets.com\/product\/tactical-dog-collar\/#breadcrumb","itemListElement":[{"@type":"ListItem","position":1,"name":"Home","item":"https:\/\/qqpets.com\/"},{"@type":"ListItem","position":2,"name":"Products","item":"https:\/\/qqpets.com\/pet-products-manufacturer\/"},{"@type":"ListItem","position":3,"name":"Tactical Dog Collar Heavy Duty Metal Buckle with Handle for Dog Training"}]},{"@type":"WebSite","@id":"https:\/\/qqpets.com\/#website","url":"https:\/\/qqpets.com\/","name":"QQPETS","description":"QQPETS est une usine de produits pour animaux de compagnie qui fabrique des harnais pour chiens, des colliers pour chiens, des laisses pour chiens et des accessoires pour chiens avec un service professionnel personnalis\u00e9 depuis 2005.","publisher":{"@id":"https:\/\/qqpets.com\/#organization"},"potentialAction":[{"@type":"SearchAction","target":{"@type":"EntryPoint","urlTemplate":"https:\/\/qqpets.com\/?s={search_term_string}"},"query-input":{"@type":"PropertyValueSpecification","valueRequired":true,"valueName":"search_term_string"}}],"inLanguage":"fr-FR"},{"@type":"Organization","@id":"https:\/\/qqpets.com\/#organization","name":"QQPETS","url":"https:\/\/qqpets.com\/","logo":{"@type":"ImageObject","inLanguage":"fr-FR","@id":"https:\/\/qqpets.com\/#\/schema\/logo\/image\/","url":"https:\/\/qqpets.com\/wp-content\/uploads\/2023\/09\/cropped-cropped-qqpets-tiktok.jpg","contentUrl":"https:\/\/qqpets.com\/wp-content\/uploads\/2023\/09\/cropped-cropped-qqpets-tiktok.jpg","width":511,"height":511,"caption":"QQPETS"},"image":{"@id":"https:\/\/qqpets.com\/#\/schema\/logo\/image\/"},"sameAs":["https:\/\/www.facebook.com\/QQpetsdogcollars","https:\/\/www.instagram.com\/qqpetscollar\/","https:\/\/www.pinterest.com\/qqpetsdogcollarsfactory\/"]}]}},"_links":{"self":[{"href":"https:\/\/qqpets.com\/fr\/wp-json\/wp\/v2\/product\/7740","targetHints":{"allow":["GET"]}}],"collection":[{"href":"https:\/\/qqpets.com\/fr\/wp-json\/wp\/v2\/product"}],"about":[{"href":"https:\/\/qqpets.com\/fr\/wp-json\/wp\/v2\/types\/product"}],"wp:featuredmedia":[{"embeddable":true,"href":"https:\/\/qqpets.com\/fr\/wp-json\/wp\/v2\/media\/7234"}],"wp:attachment":[{"href":"https:\/\/qqpets.com\/fr\/wp-json\/wp\/v2\/media?parent=7740"}],"wp:term":[{"taxonomy":"product_brand","embeddable":true,"href":"https:\/\/qqpets.com\/fr\/wp-json\/wp\/v2\/product_brand?post=7740"},{"taxonomy":"product_cat","embeddable":true,"href":"https:\/\/qqpets.com\/fr\/wp-json\/wp\/v2\/product_cat?post=7740"},{"taxonomy":"product_tag","embeddable":true,"href":"https:\/\/qqpets.com\/fr\/wp-json\/wp\/v2\/product_tag?post=7740"}],"curies":[{"name":"wp","href":"https:\/\/api.w.org\/{rel}","templated":true}]}}