{"id":7748,"date":"2024-09-02T15:40:07","date_gmt":"2024-09-02T07:40:07","guid":{"rendered":"https:\/\/qqpets.com\/?post_type=product&#038;p=7748"},"modified":"2024-09-03T16:47:29","modified_gmt":"2024-09-03T08:47:29","slug":"reflective-dog-collar","status":"publish","type":"product","link":"https:\/\/qqpets.com\/fr\/produit\/reflective-dog-collar\/","title":{"rendered":"Collier r\u00e9fl\u00e9chissant pour chien"},"content":{"rendered":"<p>Voici notre collier r\u00e9fl\u00e9chissant pour chien, un accessoire de s\u00e9curit\u00e9 essentiel pour tout animal de compagnie actif le soir ou t\u00f4t le matin. Ce collier est con\u00e7u pour maximiser la visibilit\u00e9 de votre chien dans des conditions de faible luminosit\u00e9, gr\u00e2ce \u00e0 son mat\u00e9riau r\u00e9fl\u00e9chissant de haute qualit\u00e9 qui capte la lumi\u00e8re des lampadaires et des phares, garantissant qu'il soit vu de loin.<\/p>\n<p>Fabriqu\u00e9 \u00e0 partir de mat\u00e9riaux durables et tr\u00e8s r\u00e9sistants, le collier r\u00e9siste aux rigueurs d'une utilisation quotidienne tout en restant confortable. La conception r\u00e9glable permet un ajustement personnalis\u00e9, garantissant que le collier est bien ajust\u00e9 mais confortable pour votre chien, \u00e9vitant les glissements et les frottements.<\/p>\n<p>En plus de ses caract\u00e9ristiques r\u00e9fl\u00e9chissantes, ce collier est \u00e9quip\u00e9 d'une boucle robuste pour une fixation s\u00fbre et d'un anneau en D robuste pour une attache fiable de la laisse. Que ce soit pour une promenade nocturne ou un jogging matinal, ce collier permet \u00e0 votre animal d'\u00eatre toujours visible et en s\u00e9curit\u00e9.<\/p>\n<p>Notre collier r\u00e9fl\u00e9chissant pour chien n'est pas seulement fonctionnel, il est aussi \u00e9l\u00e9gant. Disponible dans une vari\u00e9t\u00e9 de couleurs, il vous permet de choisir l'assortiment parfait pour la personnalit\u00e9 et le style de votre animal, ce qui en fait un excellent compl\u00e9ment \u00e0 sa garde-robe. C'est un choix id\u00e9al pour tous ceux qui cherchent \u00e0 am\u00e9liorer la s\u00e9curit\u00e9 de leur chien pendant leurs activit\u00e9s quotidiennes, en leur offrant un m\u00e9lange de s\u00e9curit\u00e9, de style et de tranquillit\u00e9 d'esprit.<\/p>\n<h5><strong>Les colliers r\u00e9fl\u00e9chissants sont-ils bons pour les chiens ?<\/strong><\/h5>\n<p>Oui, les colliers r\u00e9fl\u00e9chissants sont utiles pour les chiens car ils am\u00e9liorent la visibilit\u00e9 dans des conditions de faible luminosit\u00e9, par exemple lors de promenades nocturnes ou par temps brumeux, ce qui renforce la s\u00e9curit\u00e9 en rendant le chien plus visible pour les conducteurs et les autres personnes.<\/p>\n<h5><strong>Peut-on fabriquer un collier de chien r\u00e9fl\u00e9chissant ?<\/strong><\/h5>\n<p>Oui, vous pouvez rendre un collier de chien r\u00e9fl\u00e9chissant en ajoutant du ruban adh\u00e9sif r\u00e9fl\u00e9chissant ou en achetant des lampes \u00e0 clipser ou des breloques r\u00e9fl\u00e9chissantes qui se fixent au collier.<\/p>\n<h5><strong>Les colliers lumineux pour chiens sont-ils s\u00fbrs ?<\/strong><\/h5>\n<p>Oui, les colliers lumineux pour chiens sont g\u00e9n\u00e9ralement s\u00fbrs. Ils permettent \u00e0 votre chien de rester visible dans l'obscurit\u00e9. Toutefois, assurez-vous que le collier est correctement ajust\u00e9, que les composants lumineux sont solidement fix\u00e9s et que le bo\u00eetier des piles est \u00e9tanche et inviolable afin d'emp\u00eacher votre chien d'acc\u00e9der aux piles.<\/p>\n<h5><strong>Les colliers de rep\u00e9rage en valent-ils la peine ?<\/strong><\/h5>\n<p>Les colliers de rep\u00e9rage pour chiens peuvent valoir la peine, en particulier pour les propri\u00e9taires d'animaux qui vivent dans des zones rurales ou dont les chiens ont tendance \u00e0 errer ou \u00e0 s'\u00e9chapper. Ces colliers utilisent le GPS ou d'autres technologies pour aider \u00e0 localiser votre chien s'il se perd.<\/p>\n<h5><strong>Les chiens peuvent-ils porter un collier en permanence ?<\/strong><\/h5>\n<p>En r\u00e8gle g\u00e9n\u00e9rale, les chiens peuvent porter un collier en permanence, \u00e0 condition qu'il soit bien ajust\u00e9, confortable et fabriqu\u00e9 dans des mat\u00e9riaux non irritants. Toutefois, il est important de v\u00e9rifier de temps en temps que le collier ne pr\u00e9sente pas de signes d'usure ou d'irritation et de l'enlever dans un environnement s\u00fbr et ferm\u00e9 s'il y a un risque d'accrochage.<\/p>\n<h5><strong>Quel est le meilleur collier pour un chien ?<\/strong><\/h5>\n<p>Le choix du meilleur collier pour un chien d\u00e9pend des besoins sp\u00e9cifiques et des activit\u00e9s de l'animal. Pour un usage g\u00e9n\u00e9ral, un collier plat et r\u00e9glable en nylon ou en cuir est souvent recommand\u00e9 pour sa durabilit\u00e9, son confort et sa facilit\u00e9 d'utilisation. Il doit \u00eatre dot\u00e9 d'une boucle s\u00e9curis\u00e9e et d'un anneau permettant d'attacher les m\u00e9dailles d'identit\u00e9 et la laisse.<\/p>","protected":false},"excerpt":{"rendered":"<p>Am\u00e9liorez la s\u00e9curit\u00e9 nocturne de votre chien avec notre collier r\u00e9fl\u00e9chissant pour chien. Con\u00e7u pour une grande visibilit\u00e9, ce collier est dot\u00e9 d'un mat\u00e9riau r\u00e9fl\u00e9chissant qui permet de voir votre animal dans des conditions de faible luminosit\u00e9. R\u00e9glable pour un ajustement parfait, il est fabriqu\u00e9 \u00e0 partir de mat\u00e9riaux durables pour une utilisation durable. Id\u00e9al pour les promenades nocturnes, il allie s\u00e9curit\u00e9 et confort, garantissant la tranquillit\u00e9 d'esprit \u00e0 chaque sortie.<\/p>","protected":false},"featured_media":7673,"template":"","meta":[],"product_brand":[],"product_cat":[26],"product_tag":[],"class_list":{"0":"post-7748","1":"product","2":"type-product","3":"status-publish","4":"has-post-thumbnail","6":"product_cat-dog-collar","7":"pa_brand-qqpets","9":"first","10":"instock","11":"shipping-taxable","12":"product-type-simple"},"yoast_head":"<!-- This site is optimized with the Yoast SEO plugin v26.6 - https:\/\/yoast.com\/wordpress\/plugins\/seo\/ -->\n<title>Reflective Dog Collar | QQPETS<\/title>\n<meta name=\"description\" content=\"Boost nighttime safety with our Reflective Dog Collar. High visibility for evening walks. Secure and stylish!\" \/>\n<meta name=\"robots\" content=\"index, follow, max-snippet:-1, max-image-preview:large, max-video-preview:-1\" \/>\n<link rel=\"canonical\" href=\"https:\/\/qqpets.com\/fr\/produit\/reflective-dog-collar\/\" \/>\n<meta property=\"og:locale\" content=\"fr_FR\" \/>\n<meta property=\"og:type\" content=\"article\" \/>\n<meta property=\"og:title\" content=\"Reflective Dog Collar | QQPETS\" \/>\n<meta property=\"og:description\" content=\"Boost nighttime safety with our Reflective Dog Collar. High visibility for evening walks. Secure and stylish!\" \/>\n<meta property=\"og:url\" content=\"https:\/\/qqpets.com\/fr\/produit\/reflective-dog-collar\/\" \/>\n<meta property=\"og:site_name\" content=\"QQPETS\" \/>\n<meta property=\"article:publisher\" content=\"https:\/\/www.facebook.com\/QQpetsdogcollars\" \/>\n<meta property=\"article:modified_time\" content=\"2024-09-03T08:47:29+00:00\" \/>\n<meta property=\"og:image\" content=\"https:\/\/qqpets.com\/wp-content\/uploads\/2024\/08\/Adjustable-Print-Basic-Dog-Collar-1.webp\" \/>\n\t<meta property=\"og:image:width\" content=\"1600\" \/>\n\t<meta property=\"og:image:height\" content=\"1600\" \/>\n\t<meta property=\"og:image:type\" content=\"image\/webp\" \/>\n<meta name=\"twitter:card\" content=\"summary_large_image\" \/>\n<meta name=\"twitter:label1\" content=\"Dur\u00e9e de lecture estim\u00e9e\" \/>\n\t<meta name=\"twitter:data1\" content=\"3 minutes\" \/>\n<script type=\"application\/ld+json\" class=\"yoast-schema-graph\">{\"@context\":\"https:\/\/schema.org\",\"@graph\":[{\"@type\":\"WebPage\",\"@id\":\"https:\/\/qqpets.com\/product\/reflective-dog-collar\/\",\"url\":\"https:\/\/qqpets.com\/product\/reflective-dog-collar\/\",\"name\":\"Reflective Dog Collar | QQPETS\",\"isPartOf\":{\"@id\":\"https:\/\/qqpets.com\/#website\"},\"primaryImageOfPage\":{\"@id\":\"https:\/\/qqpets.com\/product\/reflective-dog-collar\/#primaryimage\"},\"image\":{\"@id\":\"https:\/\/qqpets.com\/product\/reflective-dog-collar\/#primaryimage\"},\"thumbnailUrl\":\"https:\/\/qqpets.com\/wp-content\/uploads\/2024\/08\/Adjustable-Print-Basic-Dog-Collar-1.webp\",\"datePublished\":\"2024-09-02T07:40:07+00:00\",\"dateModified\":\"2024-09-03T08:47:29+00:00\",\"description\":\"Boost nighttime safety with our Reflective Dog Collar. High visibility for evening walks. Secure and stylish!\",\"breadcrumb\":{\"@id\":\"https:\/\/qqpets.com\/product\/reflective-dog-collar\/#breadcrumb\"},\"inLanguage\":\"fr-FR\",\"potentialAction\":[{\"@type\":\"ReadAction\",\"target\":[\"https:\/\/qqpets.com\/product\/reflective-dog-collar\/\"]}]},{\"@type\":\"ImageObject\",\"inLanguage\":\"fr-FR\",\"@id\":\"https:\/\/qqpets.com\/product\/reflective-dog-collar\/#primaryimage\",\"url\":\"https:\/\/qqpets.com\/wp-content\/uploads\/2024\/08\/Adjustable-Print-Basic-Dog-Collar-1.webp\",\"contentUrl\":\"https:\/\/qqpets.com\/wp-content\/uploads\/2024\/08\/Adjustable-Print-Basic-Dog-Collar-1.webp\",\"width\":1600,\"height\":1600},{\"@type\":\"BreadcrumbList\",\"@id\":\"https:\/\/qqpets.com\/product\/reflective-dog-collar\/#breadcrumb\",\"itemListElement\":[{\"@type\":\"ListItem\",\"position\":1,\"name\":\"Home\",\"item\":\"https:\/\/qqpets.com\/\"},{\"@type\":\"ListItem\",\"position\":2,\"name\":\"Products\",\"item\":\"https:\/\/qqpets.com\/pet-products-manufacturer\/\"},{\"@type\":\"ListItem\",\"position\":3,\"name\":\"Reflective Dog Collar\"}]},{\"@type\":\"WebSite\",\"@id\":\"https:\/\/qqpets.com\/#website\",\"url\":\"https:\/\/qqpets.com\/\",\"name\":\"QQPETS\",\"description\":\"QQPETS is a pet products factory for dog harnesses, dog collars, dog leashes and dog accessories with professional customized service since 2005.\",\"publisher\":{\"@id\":\"https:\/\/qqpets.com\/#organization\"},\"potentialAction\":[{\"@type\":\"SearchAction\",\"target\":{\"@type\":\"EntryPoint\",\"urlTemplate\":\"https:\/\/qqpets.com\/?s={search_term_string}\"},\"query-input\":{\"@type\":\"PropertyValueSpecification\",\"valueRequired\":true,\"valueName\":\"search_term_string\"}}],\"inLanguage\":\"fr-FR\"},{\"@type\":\"Organization\",\"@id\":\"https:\/\/qqpets.com\/#organization\",\"name\":\"QQPETS\",\"url\":\"https:\/\/qqpets.com\/\",\"logo\":{\"@type\":\"ImageObject\",\"inLanguage\":\"fr-FR\",\"@id\":\"https:\/\/qqpets.com\/#\/schema\/logo\/image\/\",\"url\":\"https:\/\/qqpets.com\/wp-content\/uploads\/2023\/09\/cropped-cropped-qqpets-tiktok.jpg\",\"contentUrl\":\"https:\/\/qqpets.com\/wp-content\/uploads\/2023\/09\/cropped-cropped-qqpets-tiktok.jpg\",\"width\":511,\"height\":511,\"caption\":\"QQPETS\"},\"image\":{\"@id\":\"https:\/\/qqpets.com\/#\/schema\/logo\/image\/\"},\"sameAs\":[\"https:\/\/www.facebook.com\/QQpetsdogcollars\",\"https:\/\/www.instagram.com\/qqpetscollar\/\",\"https:\/\/www.pinterest.com\/qqpetsdogcollarsfactory\/\"]}]}<\/script>\n<!-- \/ Yoast SEO plugin. -->","yoast_head_json":{"title":"Collier r\u00e9fl\u00e9chissant pour chien | QQPETS","description":"Am\u00e9liorez votre s\u00e9curit\u00e9 nocturne gr\u00e2ce \u00e0 notre collier r\u00e9fl\u00e9chissant pour chien. Haute visibilit\u00e9 pour les promenades nocturnes. S\u00fbr et \u00e9l\u00e9gant !","robots":{"index":"index","follow":"follow","max-snippet":"max-snippet:-1","max-image-preview":"max-image-preview:large","max-video-preview":"max-video-preview:-1"},"canonical":"https:\/\/qqpets.com\/fr\/produit\/reflective-dog-collar\/","og_locale":"fr_FR","og_type":"article","og_title":"Reflective Dog Collar | QQPETS","og_description":"Boost nighttime safety with our Reflective Dog Collar. High visibility for evening walks. Secure and stylish!","og_url":"https:\/\/qqpets.com\/fr\/produit\/reflective-dog-collar\/","og_site_name":"QQPETS","article_publisher":"https:\/\/www.facebook.com\/QQpetsdogcollars","article_modified_time":"2024-09-03T08:47:29+00:00","og_image":[{"width":1600,"height":1600,"url":"https:\/\/qqpets.com\/wp-content\/uploads\/2024\/08\/Adjustable-Print-Basic-Dog-Collar-1.webp","type":"image\/webp"}],"twitter_card":"summary_large_image","twitter_misc":{"Dur\u00e9e de lecture estim\u00e9e":"3 minutes"},"schema":{"@context":"https:\/\/schema.org","@graph":[{"@type":"WebPage","@id":"https:\/\/qqpets.com\/product\/reflective-dog-collar\/","url":"https:\/\/qqpets.com\/product\/reflective-dog-collar\/","name":"Collier r\u00e9fl\u00e9chissant pour chien | QQPETS","isPartOf":{"@id":"https:\/\/qqpets.com\/#website"},"primaryImageOfPage":{"@id":"https:\/\/qqpets.com\/product\/reflective-dog-collar\/#primaryimage"},"image":{"@id":"https:\/\/qqpets.com\/product\/reflective-dog-collar\/#primaryimage"},"thumbnailUrl":"https:\/\/qqpets.com\/wp-content\/uploads\/2024\/08\/Adjustable-Print-Basic-Dog-Collar-1.webp","datePublished":"2024-09-02T07:40:07+00:00","dateModified":"2024-09-03T08:47:29+00:00","description":"Am\u00e9liorez votre s\u00e9curit\u00e9 nocturne gr\u00e2ce \u00e0 notre collier r\u00e9fl\u00e9chissant pour chien. Haute visibilit\u00e9 pour les promenades nocturnes. S\u00fbr et \u00e9l\u00e9gant !","breadcrumb":{"@id":"https:\/\/qqpets.com\/product\/reflective-dog-collar\/#breadcrumb"},"inLanguage":"fr-FR","potentialAction":[{"@type":"ReadAction","target":["https:\/\/qqpets.com\/product\/reflective-dog-collar\/"]}]},{"@type":"ImageObject","inLanguage":"fr-FR","@id":"https:\/\/qqpets.com\/product\/reflective-dog-collar\/#primaryimage","url":"https:\/\/qqpets.com\/wp-content\/uploads\/2024\/08\/Adjustable-Print-Basic-Dog-Collar-1.webp","contentUrl":"https:\/\/qqpets.com\/wp-content\/uploads\/2024\/08\/Adjustable-Print-Basic-Dog-Collar-1.webp","width":1600,"height":1600},{"@type":"BreadcrumbList","@id":"https:\/\/qqpets.com\/product\/reflective-dog-collar\/#breadcrumb","itemListElement":[{"@type":"ListItem","position":1,"name":"Home","item":"https:\/\/qqpets.com\/"},{"@type":"ListItem","position":2,"name":"Products","item":"https:\/\/qqpets.com\/pet-products-manufacturer\/"},{"@type":"ListItem","position":3,"name":"Reflective Dog Collar"}]},{"@type":"WebSite","@id":"https:\/\/qqpets.com\/#website","url":"https:\/\/qqpets.com\/","name":"QQPETS","description":"QQPETS est une usine de produits pour animaux de compagnie qui fabrique des harnais pour chiens, des colliers pour chiens, des laisses pour chiens et des accessoires pour chiens avec un service professionnel personnalis\u00e9 depuis 2005.","publisher":{"@id":"https:\/\/qqpets.com\/#organization"},"potentialAction":[{"@type":"SearchAction","target":{"@type":"EntryPoint","urlTemplate":"https:\/\/qqpets.com\/?s={search_term_string}"},"query-input":{"@type":"PropertyValueSpecification","valueRequired":true,"valueName":"search_term_string"}}],"inLanguage":"fr-FR"},{"@type":"Organization","@id":"https:\/\/qqpets.com\/#organization","name":"QQPETS","url":"https:\/\/qqpets.com\/","logo":{"@type":"ImageObject","inLanguage":"fr-FR","@id":"https:\/\/qqpets.com\/#\/schema\/logo\/image\/","url":"https:\/\/qqpets.com\/wp-content\/uploads\/2023\/09\/cropped-cropped-qqpets-tiktok.jpg","contentUrl":"https:\/\/qqpets.com\/wp-content\/uploads\/2023\/09\/cropped-cropped-qqpets-tiktok.jpg","width":511,"height":511,"caption":"QQPETS"},"image":{"@id":"https:\/\/qqpets.com\/#\/schema\/logo\/image\/"},"sameAs":["https:\/\/www.facebook.com\/QQpetsdogcollars","https:\/\/www.instagram.com\/qqpetscollar\/","https:\/\/www.pinterest.com\/qqpetsdogcollarsfactory\/"]}]}},"_links":{"self":[{"href":"https:\/\/qqpets.com\/fr\/wp-json\/wp\/v2\/product\/7748","targetHints":{"allow":["GET"]}}],"collection":[{"href":"https:\/\/qqpets.com\/fr\/wp-json\/wp\/v2\/product"}],"about":[{"href":"https:\/\/qqpets.com\/fr\/wp-json\/wp\/v2\/types\/product"}],"wp:featuredmedia":[{"embeddable":true,"href":"https:\/\/qqpets.com\/fr\/wp-json\/wp\/v2\/media\/7673"}],"wp:attachment":[{"href":"https:\/\/qqpets.com\/fr\/wp-json\/wp\/v2\/media?parent=7748"}],"wp:term":[{"taxonomy":"product_brand","embeddable":true,"href":"https:\/\/qqpets.com\/fr\/wp-json\/wp\/v2\/product_brand?post=7748"},{"taxonomy":"product_cat","embeddable":true,"href":"https:\/\/qqpets.com\/fr\/wp-json\/wp\/v2\/product_cat?post=7748"},{"taxonomy":"product_tag","embeddable":true,"href":"https:\/\/qqpets.com\/fr\/wp-json\/wp\/v2\/product_tag?post=7748"}],"curies":[{"name":"wp","href":"https:\/\/api.w.org\/{rel}","templated":true}]}}