{"id":7780,"date":"2024-09-02T17:55:49","date_gmt":"2024-09-02T09:55:49","guid":{"rendered":"https:\/\/qqpets.com\/?post_type=product&#038;p=7780"},"modified":"2024-09-24T17:44:04","modified_gmt":"2024-09-24T09:44:04","slug":"gentle-leader-no-pull-dog-head-collar","status":"publish","type":"product","link":"https:\/\/qqpets.com\/fr\/produit\/gentle-leader-no-pull-dog-head-collar\/","title":{"rendered":"Collier de t\u00eate pour chien Gentle Leader No Pull"},"content":{"rendered":"<p>Introduisez une r\u00e9volution dans le dressage et la promenade de votre chien avec notre collier de t\u00eate pour chien Gentle Leader No Pull. Cet outil innovant est sp\u00e9cialement con\u00e7u pour offrir un contr\u00f4le imm\u00e9diat et doux sans utiliser la force. En dirigeant la t\u00eate de votre chien, il guide naturellement son corps, \u00e9vitant ainsi qu'il ne tire et vous donnant un contr\u00f4le total pendant les promenades, les s\u00e9ances de dressage ou lorsque vous devez faire face \u00e0 un comportement agressif.<\/p>\n<p>Contrairement aux colliers traditionnels, le collier de t\u00eate Gentle Leader exerce une pression sur la nuque plut\u00f4t que sur la gorge, ce qui est plus humain et moins douloureux pour votre chien. La boucle nasale est rembourr\u00e9e pour assurer un maximum de confort et \u00e9viter toute irritation ou g\u00eane.<\/p>\n<p>Ce collier est particuli\u00e8rement efficace pour les chiens qui tirent de mani\u00e8re agressive ou qui sont facilement distraits. Il vous permet de l'orienter dans la direction souhait\u00e9e et de ramener son attention sur vous avec un minimum d'effort. Il est largement recommand\u00e9 par les v\u00e9t\u00e9rinaires et les dresseurs car il s'agit d'une m\u00e9thode s\u00fbre et efficace pour contr\u00f4ler les chiens sans leur causer de stress ou d'anxi\u00e9t\u00e9.<\/p>\n<p>Le Gentle Leader est facile \u00e0 mettre en place et peut \u00eatre ajust\u00e9 pour s'adapter \u00e0 toutes les tailles et \u00e0 toutes les races. Sa conception garantit qu'il reste en place sans glisser ni se resserrer inutilement, ce qui est essentiel pour maintenir une communication et un contr\u00f4le efficaces.<\/p>\n<p>Qu'il s'agisse d'un chiot qui apprend \u00e0 marcher en laisse ou d'un chien adulte qui a des probl\u00e8mes de comportement, notre collier Gentle Leader No Pull Dog Head Collar est un outil inestimable pour promouvoir une exp\u00e9rience de promenade positive. Il encourage une marche polie et aide \u00e0 surmonter les probl\u00e8mes de comportement li\u00e9s \u00e0 la laisse, rendant vos promenades agr\u00e9ables et sans stress.<\/p>\n<div class=\"flex-shrink-0 flex flex-col relative items-end\">\n<div>\n<div class=\"pt-0\">\n<div class=\"gizmo-bot-avatar flex h-8 w-8 items-center justify-center overflow-hidden rounded-full\">\n<div class=\"relative p-1 rounded-sm flex items-center justify-center bg-token-main-surface-primary text-token-text-primary h-8 w-8\"><\/div>\n<\/div>\n<\/div>\n<\/div>\n<\/div>\n<div class=\"group\/conversation-turn relative flex w-full min-w-0 flex-col agent-turn\">\n<div class=\"flex-col gap-1 md:gap-3\">\n<div class=\"flex max-w-full flex-col flex-grow\">\n<div class=\"min-h-[20px] text-message flex w-full flex-col items-end gap-2 break-words [.text-message+&amp;]:mt-5 overflow-x-auto whitespace-normal\" dir=\"auto\" data-message-author-role=\"assistant\" data-message-id=\"c98a0c2a-7b64-4805-8feb-b84270904e09\">\n<div class=\"flex w-full flex-col gap-1 empty:hidden first:pt-[3px]\">\n<div class=\"markdown prose w-full break-words dark:prose-invert light\">\n<h5><strong>Les meneurs doux sont-ils bons pour les chiens qui tirent ?<\/strong><\/h5>\n<p>Oui, la laisse douce est efficace pour les chiens qui tirent. Elles fonctionnent en redirigeant la t\u00eate du chien vers vous lorsqu'il essaie de tirer, ce qui l'emp\u00eache d'utiliser toute la force de son corps pour tirer vers l'avant. Cela permet de mieux contr\u00f4ler le chien et de l'entra\u00eener \u00e0 ne pas tirer.<\/p>\n<h5><strong>Comment faire pour que mon chien arr\u00eate de tirer sur la laisse douce ?<\/strong><\/h5>\n<p>Pour aider votre chien \u00e0 arr\u00eater de tirer en utilisant un Gentle Leader, ramenez syst\u00e9matiquement sa t\u00eate vers vous lorsqu'il commence \u00e0 tirer. Associez cette redirection \u00e0 un renforcement positif tel que des friandises ou des f\u00e9licitations lorsqu'il marche gentiment sans tirer. Il est \u00e9galement important de s'assurer que le Gentle Leader est ajust\u00e9 correctement et confortablement sur votre chien.<\/p>\n<h5><strong>Un chef doux vaut-il mieux qu'un halti ?<\/strong><\/h5>\n<p>Le Gentle Leader et le Halti offrent des avantages similaires en contr\u00f4lant la t\u00eate du chien pour r\u00e9duire la traction. Le choix entre les deux peut d\u00e9pendre de ce qui est le plus confortable pour la t\u00eate de votre chien et de sa r\u00e9action sp\u00e9cifique \u00e0 chacun d'entre eux. Certains chiens r\u00e9agiront mieux au Gentle Leader, tandis que d'autres trouveront le Halti plus confortable.<\/p>\n<h5><strong>Combien de temps peut-on laisser une laisse douce sur un chien ?<\/strong><\/h5>\n<p>Le Gentle Leader ne doit \u00eatre port\u00e9 que lors d'activit\u00e9s supervis\u00e9es telles que les promenades ou le dressage, et ne doit pas \u00eatre laiss\u00e9 en place pendant de longues p\u00e9riodes. Il n'est pas con\u00e7u pour \u00eatre port\u00e9 toute la journ\u00e9e, car il peut provoquer une g\u00eane ou une irritation s'il est port\u00e9 trop longtemps, en particulier lorsque le chien n'est pas actif.<\/p>\n<\/div>\n<\/div>\n<\/div>\n<\/div>\n<\/div>\n<\/div>","protected":false},"excerpt":{"rendered":"<p>Transformez vos promenades avec le collier de t\u00eate pour chien Gentle Leader No Pull. Ce collier exerce une pression douce pour calmer les comportements hyperactifs et r\u00e9duire la traction sur la laisse. Il est con\u00e7u pour \u00eatre confortable gr\u00e2ce \u00e0 sa boucle nasale rembourr\u00e9e, ce qui garantit son efficacit\u00e9 et son caract\u00e8re humain. Id\u00e9al pour dresser votre chien sans le perturber, ce collier permet de guider naturellement votre animal par des mouvements de t\u00eate, ce qui facilite la communication et la correction du comportement.<\/p>","protected":false},"featured_media":8230,"template":"","meta":[],"product_brand":[],"product_cat":[26],"product_tag":[],"class_list":{"0":"post-7780","1":"product","2":"type-product","3":"status-publish","4":"has-post-thumbnail","6":"product_cat-dog-collar","7":"pa_brand-qqpets","9":"first","10":"instock","11":"shipping-taxable","12":"product-type-simple"},"yoast_head":"<!-- This site is optimized with the Yoast SEO plugin v26.6 - https:\/\/yoast.com\/wordpress\/plugins\/seo\/ -->\n<title>Gentle Leader No Pull Dog Head Collar | QQPETS<\/title>\n<meta name=\"description\" content=\"Master gentle control with our No Pull Dog Head Collar. Train with ease and comfort. Effective and humane!\" \/>\n<meta name=\"robots\" content=\"index, follow, max-snippet:-1, max-image-preview:large, max-video-preview:-1\" \/>\n<link rel=\"canonical\" href=\"https:\/\/qqpets.com\/fr\/produit\/gentle-leader-no-pull-dog-head-collar\/\" \/>\n<meta property=\"og:locale\" content=\"fr_FR\" \/>\n<meta property=\"og:type\" content=\"article\" \/>\n<meta property=\"og:title\" content=\"Gentle Leader No Pull Dog Head Collar | QQPETS\" \/>\n<meta property=\"og:description\" content=\"Master gentle control with our No Pull Dog Head Collar. Train with ease and comfort. Effective and humane!\" \/>\n<meta property=\"og:url\" content=\"https:\/\/qqpets.com\/fr\/produit\/gentle-leader-no-pull-dog-head-collar\/\" \/>\n<meta property=\"og:site_name\" content=\"QQPETS\" \/>\n<meta property=\"article:publisher\" content=\"https:\/\/www.facebook.com\/QQpetsdogcollars\" \/>\n<meta property=\"article:modified_time\" content=\"2024-09-24T09:44:04+00:00\" \/>\n<meta property=\"og:image\" content=\"https:\/\/qqpets.com\/wp-content\/uploads\/2024\/09\/Dog-Head-Collar.webp\" \/>\n\t<meta property=\"og:image:width\" content=\"700\" \/>\n\t<meta property=\"og:image:height\" content=\"700\" \/>\n\t<meta property=\"og:image:type\" content=\"image\/webp\" \/>\n<meta name=\"twitter:card\" content=\"summary_large_image\" \/>\n<meta name=\"twitter:label1\" content=\"Dur\u00e9e de lecture estim\u00e9e\" \/>\n\t<meta name=\"twitter:data1\" content=\"3 minutes\" \/>\n<script type=\"application\/ld+json\" class=\"yoast-schema-graph\">{\"@context\":\"https:\/\/schema.org\",\"@graph\":[{\"@type\":\"WebPage\",\"@id\":\"https:\/\/qqpets.com\/product\/gentle-leader-no-pull-dog-head-collar\/\",\"url\":\"https:\/\/qqpets.com\/product\/gentle-leader-no-pull-dog-head-collar\/\",\"name\":\"Gentle Leader No Pull Dog Head Collar | QQPETS\",\"isPartOf\":{\"@id\":\"https:\/\/qqpets.com\/#website\"},\"primaryImageOfPage\":{\"@id\":\"https:\/\/qqpets.com\/product\/gentle-leader-no-pull-dog-head-collar\/#primaryimage\"},\"image\":{\"@id\":\"https:\/\/qqpets.com\/product\/gentle-leader-no-pull-dog-head-collar\/#primaryimage\"},\"thumbnailUrl\":\"https:\/\/qqpets.com\/wp-content\/uploads\/2024\/09\/Dog-Head-Collar.webp\",\"datePublished\":\"2024-09-02T09:55:49+00:00\",\"dateModified\":\"2024-09-24T09:44:04+00:00\",\"description\":\"Master gentle control with our No Pull Dog Head Collar. Train with ease and comfort. Effective and humane!\",\"breadcrumb\":{\"@id\":\"https:\/\/qqpets.com\/product\/gentle-leader-no-pull-dog-head-collar\/#breadcrumb\"},\"inLanguage\":\"fr-FR\",\"potentialAction\":[{\"@type\":\"ReadAction\",\"target\":[\"https:\/\/qqpets.com\/product\/gentle-leader-no-pull-dog-head-collar\/\"]}]},{\"@type\":\"ImageObject\",\"inLanguage\":\"fr-FR\",\"@id\":\"https:\/\/qqpets.com\/product\/gentle-leader-no-pull-dog-head-collar\/#primaryimage\",\"url\":\"https:\/\/qqpets.com\/wp-content\/uploads\/2024\/09\/Dog-Head-Collar.webp\",\"contentUrl\":\"https:\/\/qqpets.com\/wp-content\/uploads\/2024\/09\/Dog-Head-Collar.webp\",\"width\":700,\"height\":700,\"caption\":\"Dog-Head-Collar\"},{\"@type\":\"BreadcrumbList\",\"@id\":\"https:\/\/qqpets.com\/product\/gentle-leader-no-pull-dog-head-collar\/#breadcrumb\",\"itemListElement\":[{\"@type\":\"ListItem\",\"position\":1,\"name\":\"Home\",\"item\":\"https:\/\/qqpets.com\/\"},{\"@type\":\"ListItem\",\"position\":2,\"name\":\"Products\",\"item\":\"https:\/\/qqpets.com\/pet-products-manufacturer\/\"},{\"@type\":\"ListItem\",\"position\":3,\"name\":\"Gentle Leader No Pull Dog Head Collar\"}]},{\"@type\":\"WebSite\",\"@id\":\"https:\/\/qqpets.com\/#website\",\"url\":\"https:\/\/qqpets.com\/\",\"name\":\"QQPETS\",\"description\":\"QQPETS is a pet products factory for dog harnesses, dog collars, dog leashes and dog accessories with professional customized service since 2005.\",\"publisher\":{\"@id\":\"https:\/\/qqpets.com\/#organization\"},\"potentialAction\":[{\"@type\":\"SearchAction\",\"target\":{\"@type\":\"EntryPoint\",\"urlTemplate\":\"https:\/\/qqpets.com\/?s={search_term_string}\"},\"query-input\":{\"@type\":\"PropertyValueSpecification\",\"valueRequired\":true,\"valueName\":\"search_term_string\"}}],\"inLanguage\":\"fr-FR\"},{\"@type\":\"Organization\",\"@id\":\"https:\/\/qqpets.com\/#organization\",\"name\":\"QQPETS\",\"url\":\"https:\/\/qqpets.com\/\",\"logo\":{\"@type\":\"ImageObject\",\"inLanguage\":\"fr-FR\",\"@id\":\"https:\/\/qqpets.com\/#\/schema\/logo\/image\/\",\"url\":\"https:\/\/qqpets.com\/wp-content\/uploads\/2023\/09\/cropped-cropped-qqpets-tiktok.jpg\",\"contentUrl\":\"https:\/\/qqpets.com\/wp-content\/uploads\/2023\/09\/cropped-cropped-qqpets-tiktok.jpg\",\"width\":511,\"height\":511,\"caption\":\"QQPETS\"},\"image\":{\"@id\":\"https:\/\/qqpets.com\/#\/schema\/logo\/image\/\"},\"sameAs\":[\"https:\/\/www.facebook.com\/QQpetsdogcollars\",\"https:\/\/www.instagram.com\/qqpetscollar\/\",\"https:\/\/www.pinterest.com\/qqpetsdogcollarsfactory\/\"]}]}<\/script>\n<!-- \/ Yoast SEO plugin. -->","yoast_head_json":{"title":"Collier de t\u00eate pour chien Gentle Leader No Pull | QQPETS","description":"Ma\u00eetrisez le contr\u00f4le en douceur avec notre collier de t\u00eate pour chien sans traction. Dressez votre chien avec facilit\u00e9 et confort. Efficace et humain !","robots":{"index":"index","follow":"follow","max-snippet":"max-snippet:-1","max-image-preview":"max-image-preview:large","max-video-preview":"max-video-preview:-1"},"canonical":"https:\/\/qqpets.com\/fr\/produit\/gentle-leader-no-pull-dog-head-collar\/","og_locale":"fr_FR","og_type":"article","og_title":"Gentle Leader No Pull Dog Head Collar | QQPETS","og_description":"Master gentle control with our No Pull Dog Head Collar. Train with ease and comfort. Effective and humane!","og_url":"https:\/\/qqpets.com\/fr\/produit\/gentle-leader-no-pull-dog-head-collar\/","og_site_name":"QQPETS","article_publisher":"https:\/\/www.facebook.com\/QQpetsdogcollars","article_modified_time":"2024-09-24T09:44:04+00:00","og_image":[{"width":700,"height":700,"url":"https:\/\/qqpets.com\/wp-content\/uploads\/2024\/09\/Dog-Head-Collar.webp","type":"image\/webp"}],"twitter_card":"summary_large_image","twitter_misc":{"Dur\u00e9e de lecture estim\u00e9e":"3 minutes"},"schema":{"@context":"https:\/\/schema.org","@graph":[{"@type":"WebPage","@id":"https:\/\/qqpets.com\/product\/gentle-leader-no-pull-dog-head-collar\/","url":"https:\/\/qqpets.com\/product\/gentle-leader-no-pull-dog-head-collar\/","name":"Collier de t\u00eate pour chien Gentle Leader No Pull | QQPETS","isPartOf":{"@id":"https:\/\/qqpets.com\/#website"},"primaryImageOfPage":{"@id":"https:\/\/qqpets.com\/product\/gentle-leader-no-pull-dog-head-collar\/#primaryimage"},"image":{"@id":"https:\/\/qqpets.com\/product\/gentle-leader-no-pull-dog-head-collar\/#primaryimage"},"thumbnailUrl":"https:\/\/qqpets.com\/wp-content\/uploads\/2024\/09\/Dog-Head-Collar.webp","datePublished":"2024-09-02T09:55:49+00:00","dateModified":"2024-09-24T09:44:04+00:00","description":"Ma\u00eetrisez le contr\u00f4le en douceur avec notre collier de t\u00eate pour chien sans traction. Dressez votre chien avec facilit\u00e9 et confort. Efficace et humain !","breadcrumb":{"@id":"https:\/\/qqpets.com\/product\/gentle-leader-no-pull-dog-head-collar\/#breadcrumb"},"inLanguage":"fr-FR","potentialAction":[{"@type":"ReadAction","target":["https:\/\/qqpets.com\/product\/gentle-leader-no-pull-dog-head-collar\/"]}]},{"@type":"ImageObject","inLanguage":"fr-FR","@id":"https:\/\/qqpets.com\/product\/gentle-leader-no-pull-dog-head-collar\/#primaryimage","url":"https:\/\/qqpets.com\/wp-content\/uploads\/2024\/09\/Dog-Head-Collar.webp","contentUrl":"https:\/\/qqpets.com\/wp-content\/uploads\/2024\/09\/Dog-Head-Collar.webp","width":700,"height":700,"caption":"Dog-Head-Collar"},{"@type":"BreadcrumbList","@id":"https:\/\/qqpets.com\/product\/gentle-leader-no-pull-dog-head-collar\/#breadcrumb","itemListElement":[{"@type":"ListItem","position":1,"name":"Home","item":"https:\/\/qqpets.com\/"},{"@type":"ListItem","position":2,"name":"Products","item":"https:\/\/qqpets.com\/pet-products-manufacturer\/"},{"@type":"ListItem","position":3,"name":"Gentle Leader No Pull Dog Head Collar"}]},{"@type":"WebSite","@id":"https:\/\/qqpets.com\/#website","url":"https:\/\/qqpets.com\/","name":"QQPETS","description":"QQPETS est une usine de produits pour animaux de compagnie qui fabrique des harnais pour chiens, des colliers pour chiens, des laisses pour chiens et des accessoires pour chiens avec un service professionnel personnalis\u00e9 depuis 2005.","publisher":{"@id":"https:\/\/qqpets.com\/#organization"},"potentialAction":[{"@type":"SearchAction","target":{"@type":"EntryPoint","urlTemplate":"https:\/\/qqpets.com\/?s={search_term_string}"},"query-input":{"@type":"PropertyValueSpecification","valueRequired":true,"valueName":"search_term_string"}}],"inLanguage":"fr-FR"},{"@type":"Organization","@id":"https:\/\/qqpets.com\/#organization","name":"QQPETS","url":"https:\/\/qqpets.com\/","logo":{"@type":"ImageObject","inLanguage":"fr-FR","@id":"https:\/\/qqpets.com\/#\/schema\/logo\/image\/","url":"https:\/\/qqpets.com\/wp-content\/uploads\/2023\/09\/cropped-cropped-qqpets-tiktok.jpg","contentUrl":"https:\/\/qqpets.com\/wp-content\/uploads\/2023\/09\/cropped-cropped-qqpets-tiktok.jpg","width":511,"height":511,"caption":"QQPETS"},"image":{"@id":"https:\/\/qqpets.com\/#\/schema\/logo\/image\/"},"sameAs":["https:\/\/www.facebook.com\/QQpetsdogcollars","https:\/\/www.instagram.com\/qqpetscollar\/","https:\/\/www.pinterest.com\/qqpetsdogcollarsfactory\/"]}]}},"_links":{"self":[{"href":"https:\/\/qqpets.com\/fr\/wp-json\/wp\/v2\/product\/7780","targetHints":{"allow":["GET"]}}],"collection":[{"href":"https:\/\/qqpets.com\/fr\/wp-json\/wp\/v2\/product"}],"about":[{"href":"https:\/\/qqpets.com\/fr\/wp-json\/wp\/v2\/types\/product"}],"wp:featuredmedia":[{"embeddable":true,"href":"https:\/\/qqpets.com\/fr\/wp-json\/wp\/v2\/media\/8230"}],"wp:attachment":[{"href":"https:\/\/qqpets.com\/fr\/wp-json\/wp\/v2\/media?parent=7780"}],"wp:term":[{"taxonomy":"product_brand","embeddable":true,"href":"https:\/\/qqpets.com\/fr\/wp-json\/wp\/v2\/product_brand?post=7780"},{"taxonomy":"product_cat","embeddable":true,"href":"https:\/\/qqpets.com\/fr\/wp-json\/wp\/v2\/product_cat?post=7780"},{"taxonomy":"product_tag","embeddable":true,"href":"https:\/\/qqpets.com\/fr\/wp-json\/wp\/v2\/product_tag?post=7780"}],"curies":[{"name":"wp","href":"https:\/\/api.w.org\/{rel}","templated":true}]}}