{"id":7797,"date":"2024-09-03T16:36:52","date_gmt":"2024-09-03T08:36:52","guid":{"rendered":"https:\/\/qqpets.com\/?post_type=product&#038;p=7797"},"modified":"2024-09-03T16:36:52","modified_gmt":"2024-09-03T08:36:52","slug":"martingale-dog-collar","status":"publish","type":"product","link":"https:\/\/qqpets.com\/fr\/produit\/martingale-dog-collar\/","title":{"rendered":"Collier pour chien Martingale"},"content":{"rendered":"<p>Voici notre collier Martingale pour chien, un outil essentiel pour un dressage efficace et s\u00fbr. Ce collier est sp\u00e9cialement con\u00e7u pour mieux contr\u00f4ler les chiens qui ont tendance \u00e0 tirer, sans la duret\u00e9 des colliers \u00e9trangleurs traditionnels. Il est dot\u00e9 d'une double boucle qui permet au collier de se resserrer proportionnellement \u00e0 la traction, assurant ainsi une correction en douceur.<\/p>\n<p>Notre collier Martingale est fabriqu\u00e9 \u00e0 partir de mat\u00e9riaux de premi\u00e8re qualit\u00e9 pour garantir sa durabilit\u00e9 et r\u00e9sister \u00e0 une utilisation quotidienne. La structure unique comprend une fermeture limit\u00e9e, ce qui signifie que le collier se resserre jusqu'\u00e0 un certain point mais n'\u00e9touffe pas, ce qui le rend \u00e0 la fois s\u00fbr et efficace pour le dressage. Cette caract\u00e9ristique est particuli\u00e8rement utile pour les races qui ont tendance \u00e0 glisser dans les colliers ordinaires, car elle assure un ajustement s\u00fbr tout en garantissant le confort de votre chien.<\/p>\n<p>Le r\u00e9glage est un \u00e9l\u00e9ment cl\u00e9 de notre collier, permettant un ajustement parfait qui peut \u00eatre adapt\u00e9 \u00e0 la taille sp\u00e9cifique du cou de votre chien. Cette adaptabilit\u00e9 permet de l'utiliser pour presque toutes les races, en veillant \u00e0 ce que le collier apporte la bonne correction sans inconfort.<\/p>\n<p>Id\u00e9al pour les s\u00e9ances de dressage, les promenades r\u00e9guli\u00e8res et les environnements encombr\u00e9s o\u00f9 vous avez besoin d'un contr\u00f4le suppl\u00e9mentaire, le collier Martingale pour chien aide \u00e0 guider votre chien en appliquant une pression uniforme autour du cou plut\u00f4t que de la concentrer sur une seule zone. Cette m\u00e9thode est reconnue par les dresseurs pour son efficacit\u00e9 et son approche humaine de l'apprentissage des bonnes mani\u00e8res en laisse.<\/p>\n<p>\u00c9quipez votre chien de notre collier Martingale pour lui assurer des promenades et des s\u00e9ances de dressage plus s\u00fbres et plus agr\u00e9ables. Il s'agit d'un choix fiable, humain et \u00e9l\u00e9gant pour les propri\u00e9taires d'animaux de compagnie qui s'efforcent d'offrir les meilleurs soins et le meilleur dressage \u00e0 leurs animaux.<\/p>\n<h5><strong>Les colliers martingales sont-ils bons pour les chiens ?<\/strong><\/h5>\n<p>Oui, les colliers martingales sont bons pour les chiens, en particulier pour ceux qui ont tendance \u00e0 s'\u00e9chapper des colliers ordinaires. Ils offrent une alternative plus s\u00fbre en se resserrant l\u00e9g\u00e8rement sous tension, garantissant un maintien s\u00fbr sans les risques associ\u00e9s aux colliers \u00e9trangleurs.<\/p>\n<h5><strong>Que fait une martingale pour un chien ?<\/strong><\/h5>\n<p>Un collier martingale est con\u00e7u pour se resserrer doucement lorsqu'un chien tire sur une laisse, ce qui permet de contr\u00f4ler le chien et de l'emp\u00eacher de glisser hors du collier. Il se resserre juste assez pour \u00eatre efficace, mais pas au point d'\u00e9touffer ou de blesser le chien, ce qui le rend id\u00e9al pour le dressage et les promenades.<\/p>\n<h5><strong>Les colliers martingales emp\u00eachent-ils de tirer ?<\/strong><\/h5>\n<p>Les colliers Martingale n'emp\u00eachent pas un chien de tirer par nature. Ils sont con\u00e7us pour offrir un contr\u00f4le plus s\u00fbr aux chiens qui essaient de se d\u00e9gager de leur collier. Toutefois, ils peuvent \u00eatre utilis\u00e9s efficacement dans le cadre d'une strat\u00e9gie de dressage visant \u00e0 enseigner les bonnes mani\u00e8res en laisse en fournissant un retour d'information en douceur lorsqu'un chien tire.<\/p>\n<h5><strong>Un chien peut-il porter une martingale en permanence ?<\/strong><\/h5>\n<p>Il n'est pas recommand\u00e9 de porter un collier martingale en permanence. Le collier est con\u00e7u pour se resserrer sous l'effet de la tension, ce qui n'est pas id\u00e9al pour un port continu, en particulier sans surveillance. Il doit \u00eatre utilis\u00e9 principalement pendant les promenades ou les s\u00e9ances de dressage et retir\u00e9 ensuite pour \u00e9viter tout risque de tension accidentelle ou de blessure.<\/p>","protected":false},"excerpt":{"rendered":"<p>Optimisez le dressage avec notre collier Martingale pour chien, con\u00e7u pour une correction douce sans \u00e9touffement. Ce collier se resserre sous l'effet de la tension, mais sa fermeture est limit\u00e9e afin de garantir sa s\u00e9curit\u00e9 et son caract\u00e8re humain. Fabriqu\u00e9 \u00e0 partir de mat\u00e9riaux de haute qualit\u00e9, il offre durabilit\u00e9 et confort, ce qui le rend id\u00e9al pour les promenades quotidiennes et les s\u00e9ances de dressage. Le design facile \u00e0 ajuster garantit un ajustement parfait pour toutes les races, am\u00e9liorant le contr\u00f4le tout en prot\u00e9geant le cou de votre chien.<\/p>","protected":false},"featured_media":7323,"template":"","meta":[],"product_brand":[],"product_cat":[26],"product_tag":[],"class_list":{"0":"post-7797","1":"product","2":"type-product","3":"status-publish","4":"has-post-thumbnail","6":"product_cat-dog-collar","7":"pa_brand-qqpets","9":"first","10":"instock","11":"shipping-taxable","12":"product-type-simple"},"yoast_head":"<!-- This site is optimized with the Yoast SEO plugin v26.6 - https:\/\/yoast.com\/wordpress\/plugins\/seo\/ -->\n<title>Martingale Dog Collar | QQPETS<\/title>\n<meta name=\"description\" content=\"Ensure safety with our Martingale Dog Collar. Perfect for training with gentle control. Durable and reliable!\" \/>\n<meta name=\"robots\" content=\"index, follow, max-snippet:-1, max-image-preview:large, max-video-preview:-1\" \/>\n<link rel=\"canonical\" href=\"https:\/\/qqpets.com\/fr\/produit\/martingale-dog-collar\/\" \/>\n<meta property=\"og:locale\" content=\"fr_FR\" \/>\n<meta property=\"og:type\" content=\"article\" \/>\n<meta property=\"og:title\" content=\"Martingale Dog Collar | QQPETS\" \/>\n<meta property=\"og:description\" content=\"Ensure safety with our Martingale Dog Collar. Perfect for training with gentle control. Durable and reliable!\" \/>\n<meta property=\"og:url\" content=\"https:\/\/qqpets.com\/fr\/produit\/martingale-dog-collar\/\" \/>\n<meta property=\"og:site_name\" content=\"QQPETS\" \/>\n<meta property=\"article:publisher\" content=\"https:\/\/www.facebook.com\/QQpetsdogcollars\" \/>\n<meta property=\"og:image\" content=\"https:\/\/qqpets.com\/wp-content\/uploads\/2023\/09\/martingale-dog-collar.webp\" \/>\n\t<meta property=\"og:image:width\" content=\"1000\" \/>\n\t<meta property=\"og:image:height\" content=\"1000\" \/>\n\t<meta property=\"og:image:type\" content=\"image\/webp\" \/>\n<meta name=\"twitter:card\" content=\"summary_large_image\" \/>\n<meta name=\"twitter:label1\" content=\"Dur\u00e9e de lecture estim\u00e9e\" \/>\n\t<meta name=\"twitter:data1\" content=\"3 minutes\" \/>\n<script type=\"application\/ld+json\" class=\"yoast-schema-graph\">{\"@context\":\"https:\/\/schema.org\",\"@graph\":[{\"@type\":\"WebPage\",\"@id\":\"https:\/\/qqpets.com\/product\/martingale-dog-collar\/\",\"url\":\"https:\/\/qqpets.com\/product\/martingale-dog-collar\/\",\"name\":\"Martingale Dog Collar | QQPETS\",\"isPartOf\":{\"@id\":\"https:\/\/qqpets.com\/#website\"},\"primaryImageOfPage\":{\"@id\":\"https:\/\/qqpets.com\/product\/martingale-dog-collar\/#primaryimage\"},\"image\":{\"@id\":\"https:\/\/qqpets.com\/product\/martingale-dog-collar\/#primaryimage\"},\"thumbnailUrl\":\"https:\/\/qqpets.com\/wp-content\/uploads\/2023\/09\/martingale-dog-collar.webp\",\"datePublished\":\"2024-09-03T08:36:52+00:00\",\"description\":\"Ensure safety with our Martingale Dog Collar. Perfect for training with gentle control. Durable and reliable!\",\"breadcrumb\":{\"@id\":\"https:\/\/qqpets.com\/product\/martingale-dog-collar\/#breadcrumb\"},\"inLanguage\":\"fr-FR\",\"potentialAction\":[{\"@type\":\"ReadAction\",\"target\":[\"https:\/\/qqpets.com\/product\/martingale-dog-collar\/\"]}]},{\"@type\":\"ImageObject\",\"inLanguage\":\"fr-FR\",\"@id\":\"https:\/\/qqpets.com\/product\/martingale-dog-collar\/#primaryimage\",\"url\":\"https:\/\/qqpets.com\/wp-content\/uploads\/2023\/09\/martingale-dog-collar.webp\",\"contentUrl\":\"https:\/\/qqpets.com\/wp-content\/uploads\/2023\/09\/martingale-dog-collar.webp\",\"width\":1000,\"height\":1000,\"caption\":\"martingale dog collar\"},{\"@type\":\"BreadcrumbList\",\"@id\":\"https:\/\/qqpets.com\/product\/martingale-dog-collar\/#breadcrumb\",\"itemListElement\":[{\"@type\":\"ListItem\",\"position\":1,\"name\":\"Home\",\"item\":\"https:\/\/qqpets.com\/\"},{\"@type\":\"ListItem\",\"position\":2,\"name\":\"Products\",\"item\":\"https:\/\/qqpets.com\/pet-products-manufacturer\/\"},{\"@type\":\"ListItem\",\"position\":3,\"name\":\"Martingale Dog Collar\"}]},{\"@type\":\"WebSite\",\"@id\":\"https:\/\/qqpets.com\/#website\",\"url\":\"https:\/\/qqpets.com\/\",\"name\":\"QQPETS\",\"description\":\"QQPETS is a pet products factory for dog harnesses, dog collars, dog leashes and dog accessories with professional customized service since 2005.\",\"publisher\":{\"@id\":\"https:\/\/qqpets.com\/#organization\"},\"potentialAction\":[{\"@type\":\"SearchAction\",\"target\":{\"@type\":\"EntryPoint\",\"urlTemplate\":\"https:\/\/qqpets.com\/?s={search_term_string}\"},\"query-input\":{\"@type\":\"PropertyValueSpecification\",\"valueRequired\":true,\"valueName\":\"search_term_string\"}}],\"inLanguage\":\"fr-FR\"},{\"@type\":\"Organization\",\"@id\":\"https:\/\/qqpets.com\/#organization\",\"name\":\"QQPETS\",\"url\":\"https:\/\/qqpets.com\/\",\"logo\":{\"@type\":\"ImageObject\",\"inLanguage\":\"fr-FR\",\"@id\":\"https:\/\/qqpets.com\/#\/schema\/logo\/image\/\",\"url\":\"https:\/\/qqpets.com\/wp-content\/uploads\/2023\/09\/cropped-cropped-qqpets-tiktok.jpg\",\"contentUrl\":\"https:\/\/qqpets.com\/wp-content\/uploads\/2023\/09\/cropped-cropped-qqpets-tiktok.jpg\",\"width\":511,\"height\":511,\"caption\":\"QQPETS\"},\"image\":{\"@id\":\"https:\/\/qqpets.com\/#\/schema\/logo\/image\/\"},\"sameAs\":[\"https:\/\/www.facebook.com\/QQpetsdogcollars\",\"https:\/\/www.instagram.com\/qqpetscollar\/\",\"https:\/\/www.pinterest.com\/qqpetsdogcollarsfactory\/\"]}]}<\/script>\n<!-- \/ Yoast SEO plugin. -->","yoast_head_json":{"title":"Collier pour chien Martingale | QQPETS","description":"Assurez la s\u00e9curit\u00e9 de votre chien avec notre collier Martingale. Parfait pour le dressage avec un contr\u00f4le en douceur. Durable et fiable !","robots":{"index":"index","follow":"follow","max-snippet":"max-snippet:-1","max-image-preview":"max-image-preview:large","max-video-preview":"max-video-preview:-1"},"canonical":"https:\/\/qqpets.com\/fr\/produit\/martingale-dog-collar\/","og_locale":"fr_FR","og_type":"article","og_title":"Martingale Dog Collar | QQPETS","og_description":"Ensure safety with our Martingale Dog Collar. Perfect for training with gentle control. Durable and reliable!","og_url":"https:\/\/qqpets.com\/fr\/produit\/martingale-dog-collar\/","og_site_name":"QQPETS","article_publisher":"https:\/\/www.facebook.com\/QQpetsdogcollars","og_image":[{"width":1000,"height":1000,"url":"https:\/\/qqpets.com\/wp-content\/uploads\/2023\/09\/martingale-dog-collar.webp","type":"image\/webp"}],"twitter_card":"summary_large_image","twitter_misc":{"Dur\u00e9e de lecture estim\u00e9e":"3 minutes"},"schema":{"@context":"https:\/\/schema.org","@graph":[{"@type":"WebPage","@id":"https:\/\/qqpets.com\/product\/martingale-dog-collar\/","url":"https:\/\/qqpets.com\/product\/martingale-dog-collar\/","name":"Collier pour chien Martingale | QQPETS","isPartOf":{"@id":"https:\/\/qqpets.com\/#website"},"primaryImageOfPage":{"@id":"https:\/\/qqpets.com\/product\/martingale-dog-collar\/#primaryimage"},"image":{"@id":"https:\/\/qqpets.com\/product\/martingale-dog-collar\/#primaryimage"},"thumbnailUrl":"https:\/\/qqpets.com\/wp-content\/uploads\/2023\/09\/martingale-dog-collar.webp","datePublished":"2024-09-03T08:36:52+00:00","description":"Assurez la s\u00e9curit\u00e9 de votre chien avec notre collier Martingale. Parfait pour le dressage avec un contr\u00f4le en douceur. Durable et fiable !","breadcrumb":{"@id":"https:\/\/qqpets.com\/product\/martingale-dog-collar\/#breadcrumb"},"inLanguage":"fr-FR","potentialAction":[{"@type":"ReadAction","target":["https:\/\/qqpets.com\/product\/martingale-dog-collar\/"]}]},{"@type":"ImageObject","inLanguage":"fr-FR","@id":"https:\/\/qqpets.com\/product\/martingale-dog-collar\/#primaryimage","url":"https:\/\/qqpets.com\/wp-content\/uploads\/2023\/09\/martingale-dog-collar.webp","contentUrl":"https:\/\/qqpets.com\/wp-content\/uploads\/2023\/09\/martingale-dog-collar.webp","width":1000,"height":1000,"caption":"martingale dog collar"},{"@type":"BreadcrumbList","@id":"https:\/\/qqpets.com\/product\/martingale-dog-collar\/#breadcrumb","itemListElement":[{"@type":"ListItem","position":1,"name":"Home","item":"https:\/\/qqpets.com\/"},{"@type":"ListItem","position":2,"name":"Products","item":"https:\/\/qqpets.com\/pet-products-manufacturer\/"},{"@type":"ListItem","position":3,"name":"Martingale Dog Collar"}]},{"@type":"WebSite","@id":"https:\/\/qqpets.com\/#website","url":"https:\/\/qqpets.com\/","name":"QQPETS","description":"QQPETS est une usine de produits pour animaux de compagnie qui fabrique des harnais pour chiens, des colliers pour chiens, des laisses pour chiens et des accessoires pour chiens avec un service professionnel personnalis\u00e9 depuis 2005.","publisher":{"@id":"https:\/\/qqpets.com\/#organization"},"potentialAction":[{"@type":"SearchAction","target":{"@type":"EntryPoint","urlTemplate":"https:\/\/qqpets.com\/?s={search_term_string}"},"query-input":{"@type":"PropertyValueSpecification","valueRequired":true,"valueName":"search_term_string"}}],"inLanguage":"fr-FR"},{"@type":"Organization","@id":"https:\/\/qqpets.com\/#organization","name":"QQPETS","url":"https:\/\/qqpets.com\/","logo":{"@type":"ImageObject","inLanguage":"fr-FR","@id":"https:\/\/qqpets.com\/#\/schema\/logo\/image\/","url":"https:\/\/qqpets.com\/wp-content\/uploads\/2023\/09\/cropped-cropped-qqpets-tiktok.jpg","contentUrl":"https:\/\/qqpets.com\/wp-content\/uploads\/2023\/09\/cropped-cropped-qqpets-tiktok.jpg","width":511,"height":511,"caption":"QQPETS"},"image":{"@id":"https:\/\/qqpets.com\/#\/schema\/logo\/image\/"},"sameAs":["https:\/\/www.facebook.com\/QQpetsdogcollars","https:\/\/www.instagram.com\/qqpetscollar\/","https:\/\/www.pinterest.com\/qqpetsdogcollarsfactory\/"]}]}},"_links":{"self":[{"href":"https:\/\/qqpets.com\/fr\/wp-json\/wp\/v2\/product\/7797","targetHints":{"allow":["GET"]}}],"collection":[{"href":"https:\/\/qqpets.com\/fr\/wp-json\/wp\/v2\/product"}],"about":[{"href":"https:\/\/qqpets.com\/fr\/wp-json\/wp\/v2\/types\/product"}],"wp:featuredmedia":[{"embeddable":true,"href":"https:\/\/qqpets.com\/fr\/wp-json\/wp\/v2\/media\/7323"}],"wp:attachment":[{"href":"https:\/\/qqpets.com\/fr\/wp-json\/wp\/v2\/media?parent=7797"}],"wp:term":[{"taxonomy":"product_brand","embeddable":true,"href":"https:\/\/qqpets.com\/fr\/wp-json\/wp\/v2\/product_brand?post=7797"},{"taxonomy":"product_cat","embeddable":true,"href":"https:\/\/qqpets.com\/fr\/wp-json\/wp\/v2\/product_cat?post=7797"},{"taxonomy":"product_tag","embeddable":true,"href":"https:\/\/qqpets.com\/fr\/wp-json\/wp\/v2\/product_tag?post=7797"}],"curies":[{"name":"wp","href":"https:\/\/api.w.org\/{rel}","templated":true}]}}