{"id":7803,"date":"2024-09-03T16:46:00","date_gmt":"2024-09-03T08:46:00","guid":{"rendered":"https:\/\/qqpets.com\/?post_type=product&#038;p=7803"},"modified":"2024-09-24T17:32:49","modified_gmt":"2024-09-24T09:32:49","slug":"no-pull-training-slip-dog-leash","status":"publish","type":"product","link":"https:\/\/qqpets.com\/fr\/produit\/no-pull-training-slip-dog-leash\/","title":{"rendered":"Laisse pour chien sans traction"},"content":{"rendered":"<p>Introduisez de la pr\u00e9cision et de la facilit\u00e9 dans votre programme de dressage avec notre laisse pour chien, un outil polyvalent con\u00e7u pour aider \u00e0 renforcer le bon comportement et \u00e0 am\u00e9liorer les comp\u00e9tences en mati\u00e8re de laisse. Cette laisse fonctionne \u00e0 la fois comme un collier et comme une laisse, offrant une solution pratique pour les sorties rapides et les s\u00e9ances de dressage efficaces.<\/p>\n<p>Fabriqu\u00e9e \u00e0 partir de mat\u00e9riaux robustes et de haute qualit\u00e9, notre laisse pour chien est con\u00e7ue pour durer et r\u00e9sister aux rigueurs d'une utilisation quotidienne. La conception unique de la laisse lui permet de se resserrer en cas de traction, ce qui permet de corriger le comportement ind\u00e9sirable de mani\u00e8re naturelle et en douceur. Une fois que votre chien cesse de tirer, la laisse se d\u00e9tend imm\u00e9diatement, offrant confort et soulagement, renfor\u00e7ant ainsi le comportement positif sans duret\u00e9.<\/p>\n<p>La simplicit\u00e9 de la laisse coulissante la rend id\u00e9ale pour les sorties rapides \u00e0 l'ext\u00e9rieur, que ce soit pour faire ses besoins ou pour de courtes promenades, \u00e9liminant ainsi le besoin d'un collier et d'une laisse s\u00e9par\u00e9s. Cette caract\u00e9ristique est particuli\u00e8rement utile dans les environnements de dressage o\u00f9 le contr\u00f4le et la correction rapide sont primordiaux.<\/p>\n<p>Notre laisse pour chien n'est pas seulement pratique, elle est aussi \u00e9l\u00e9gante. Elle est disponible dans une vari\u00e9t\u00e9 de couleurs pour s'adapter \u00e0 votre style et \u00e0 celui de votre chien. Elle est incroyablement facile \u00e0 utiliser - il suffit de la passer par-dessus la t\u00eate de votre chien et vous \u00eates pr\u00eat \u00e0 partir. La laisse est \u00e9galement dot\u00e9e d'une poign\u00e9e en boucle \u00e0 l'extr\u00e9mit\u00e9, offrant une prise confortable qui \u00e9vite les br\u00fblures de corde et la fatigue pendant les longues promenades ou les s\u00e9ances d'entra\u00eenement actives.<\/p>\n<p>Parfaite pour les dresseurs, les refuges et les propri\u00e9taires d'animaux de compagnie \u00e0 la recherche d'un moyen efficace et humain d'enseigner les bonnes mani\u00e8res en laisse, notre laisse pour chien offre une approche directe et efficace du contr\u00f4le et du dressage des chiens. \u00c9quipez-vous de cet outil essentiel pour garantir une promenade ou un dressage plus s\u00fbr, plus agr\u00e9able et mieux contr\u00f4l\u00e9.<\/p>\n<h5><strong>Les laisses coulissantes sont-elles bonnes pour les chiens ?<\/strong><\/h5>\n<p>Les laisses coulissantes peuvent \u00eatre b\u00e9n\u00e9fiques pour les chiens lorsqu'elles sont utilis\u00e9es correctement, en particulier \u00e0 des fins de dressage ou pour des promenades rapides. Toutefois, elles doivent \u00eatre utilis\u00e9es avec pr\u00e9caution afin d'\u00e9viter tout inconfort ou \u00e9touffement, en particulier pour les chiens qui ont tendance \u00e0 tirer ou qui n'ont pas encore appris \u00e0 se servir d'une laisse.<\/p>\n<h5><strong>Peut-on promener un chien avec une laisse coulissante ?<\/strong><\/h5>\n<p>Il est acceptable de promener un chien en laisse, en particulier si le chien est dress\u00e9 \u00e0 marcher sans tirer. La laisse permet un contr\u00f4le rapide et est facile \u00e0 mettre et \u00e0 enlever. Cependant, pour les chiens qui tirent ou qui ont des probl\u00e8mes respiratoires, un harnais peut \u00eatre une option plus s\u00fbre et plus confortable.<\/p>\n<h5><strong>Les c\u00e2bles de glissement cessent-ils d'\u00eatre tir\u00e9s ?<\/strong><\/h5>\n<p>Les laisses coulissantes n'emp\u00eachent pas intrins\u00e8quement les chiens de tirer. En fait, elles peuvent encourager la traction chez certains chiens, car la sensation de tension peut d\u00e9clencher le r\u00e9flexe d'opposition du chien, ce qui l'incite \u00e0 tirer plus fort. Un dressage appropri\u00e9 est n\u00e9cessaire pour apprendre \u00e0 un chien \u00e0 ne pas tirer lorsqu'il utilise une laisse coulissante.<\/p>\n<h5><strong>Une laisse est-elle pr\u00e9f\u00e9rable \u00e0 un harnais ?<\/strong><\/h5>\n<p>La question de savoir si une laisse est pr\u00e9f\u00e9rable \u00e0 un harnais d\u00e9pend de chaque chien et de chaque situation. Pour les chiens qui tirent, qui sont en cours de dressage ou qui pr\u00e9sentent certains probl\u00e8mes de sant\u00e9 comme un affaissement de la trach\u00e9e, un harnais est g\u00e9n\u00e9ralement pr\u00e9f\u00e9rable car il r\u00e9partit la pression du cou vers le corps. Une laisse \u00e0 enrouleur offre un contr\u00f4le plus imm\u00e9diat et est souvent pr\u00e9f\u00e9r\u00e9e pour les chiens bien dress\u00e9s ou pour des sc\u00e9narios de dressage sp\u00e9cifiques o\u00f9 le ma\u00eetre a besoin de corrections rapides et douces.<\/p>","protected":false},"excerpt":{"rendered":"<p>Am\u00e9liorez vos s\u00e9ances de dressage avec notre laisse pour chien, con\u00e7ue pour un contr\u00f4le facile et des corrections rapides. Ce syst\u00e8me tout-en-un de laisse et de collier se resserre lorsque votre chien tire, offrant une correction douce, et se desserre lorsqu'il s'ex\u00e9cute. Fabriqu\u00e9 \u00e0 partir de mat\u00e9riaux durables et de haute qualit\u00e9, il est parfait pour une utilisation nomade et efficace pour enseigner les bonnes mani\u00e8res en laisse. L\u00e9ger et simple \u00e0 utiliser, c'est un outil essentiel pour les nouveaux propri\u00e9taires d'animaux et les dresseurs exp\u00e9riment\u00e9s.<\/p>","protected":false},"featured_media":8229,"template":"","meta":[],"product_brand":[],"product_cat":[27],"product_tag":[],"class_list":{"0":"post-7803","1":"product","2":"type-product","3":"status-publish","4":"has-post-thumbnail","6":"product_cat-dog-leash","7":"pa_brand-qqpets","9":"first","10":"instock","11":"shipping-taxable","12":"product-type-simple"},"yoast_head":"<!-- This site is optimized with the Yoast SEO plugin v26.6 - https:\/\/yoast.com\/wordpress\/plugins\/seo\/ -->\n<title>No Pull Training Slip Dog Leash | QQPETS<\/title>\n<meta name=\"description\" content=\"Master control with our Slip Dog Leash. Ideal for training and quick walks. Durable, easy to use. Shop now!\" \/>\n<meta name=\"robots\" content=\"index, follow, max-snippet:-1, max-image-preview:large, max-video-preview:-1\" \/>\n<link rel=\"canonical\" href=\"https:\/\/qqpets.com\/fr\/produit\/no-pull-training-slip-dog-leash\/\" \/>\n<meta property=\"og:locale\" content=\"fr_FR\" \/>\n<meta property=\"og:type\" content=\"article\" \/>\n<meta property=\"og:title\" content=\"No Pull Training Slip Dog Leash | QQPETS\" \/>\n<meta property=\"og:description\" content=\"Master control with our Slip Dog Leash. Ideal for training and quick walks. Durable, easy to use. Shop now!\" \/>\n<meta property=\"og:url\" content=\"https:\/\/qqpets.com\/fr\/produit\/no-pull-training-slip-dog-leash\/\" \/>\n<meta property=\"og:site_name\" content=\"QQPETS\" \/>\n<meta property=\"article:publisher\" content=\"https:\/\/www.facebook.com\/QQpetsdogcollars\" \/>\n<meta property=\"article:modified_time\" content=\"2024-09-24T09:32:49+00:00\" \/>\n<meta property=\"og:image\" content=\"https:\/\/qqpets.com\/wp-content\/uploads\/2024\/09\/slip-dog-leash8.webp\" \/>\n\t<meta property=\"og:image:width\" content=\"1000\" \/>\n\t<meta property=\"og:image:height\" content=\"1000\" \/>\n\t<meta property=\"og:image:type\" content=\"image\/webp\" \/>\n<meta name=\"twitter:card\" content=\"summary_large_image\" \/>\n<meta name=\"twitter:label1\" content=\"Dur\u00e9e de lecture estim\u00e9e\" \/>\n\t<meta name=\"twitter:data1\" content=\"3 minutes\" \/>\n<script type=\"application\/ld+json\" class=\"yoast-schema-graph\">{\"@context\":\"https:\/\/schema.org\",\"@graph\":[{\"@type\":\"WebPage\",\"@id\":\"https:\/\/qqpets.com\/product\/no-pull-training-slip-dog-leash\/\",\"url\":\"https:\/\/qqpets.com\/product\/no-pull-training-slip-dog-leash\/\",\"name\":\"No Pull Training Slip Dog Leash | QQPETS\",\"isPartOf\":{\"@id\":\"https:\/\/qqpets.com\/#website\"},\"primaryImageOfPage\":{\"@id\":\"https:\/\/qqpets.com\/product\/no-pull-training-slip-dog-leash\/#primaryimage\"},\"image\":{\"@id\":\"https:\/\/qqpets.com\/product\/no-pull-training-slip-dog-leash\/#primaryimage\"},\"thumbnailUrl\":\"https:\/\/qqpets.com\/wp-content\/uploads\/2024\/09\/slip-dog-leash8.webp\",\"datePublished\":\"2024-09-03T08:46:00+00:00\",\"dateModified\":\"2024-09-24T09:32:49+00:00\",\"description\":\"Master control with our Slip Dog Leash. Ideal for training and quick walks. Durable, easy to use. Shop now!\",\"breadcrumb\":{\"@id\":\"https:\/\/qqpets.com\/product\/no-pull-training-slip-dog-leash\/#breadcrumb\"},\"inLanguage\":\"fr-FR\",\"potentialAction\":[{\"@type\":\"ReadAction\",\"target\":[\"https:\/\/qqpets.com\/product\/no-pull-training-slip-dog-leash\/\"]}]},{\"@type\":\"ImageObject\",\"inLanguage\":\"fr-FR\",\"@id\":\"https:\/\/qqpets.com\/product\/no-pull-training-slip-dog-leash\/#primaryimage\",\"url\":\"https:\/\/qqpets.com\/wp-content\/uploads\/2024\/09\/slip-dog-leash8.webp\",\"contentUrl\":\"https:\/\/qqpets.com\/wp-content\/uploads\/2024\/09\/slip-dog-leash8.webp\",\"width\":1000,\"height\":1000},{\"@type\":\"BreadcrumbList\",\"@id\":\"https:\/\/qqpets.com\/product\/no-pull-training-slip-dog-leash\/#breadcrumb\",\"itemListElement\":[{\"@type\":\"ListItem\",\"position\":1,\"name\":\"Home\",\"item\":\"https:\/\/qqpets.com\/\"},{\"@type\":\"ListItem\",\"position\":2,\"name\":\"Products\",\"item\":\"https:\/\/qqpets.com\/pet-products-manufacturer\/\"},{\"@type\":\"ListItem\",\"position\":3,\"name\":\"No Pull Training Slip Dog Leash\"}]},{\"@type\":\"WebSite\",\"@id\":\"https:\/\/qqpets.com\/#website\",\"url\":\"https:\/\/qqpets.com\/\",\"name\":\"QQPETS\",\"description\":\"QQPETS is a pet products factory for dog harnesses, dog collars, dog leashes and dog accessories with professional customized service since 2005.\",\"publisher\":{\"@id\":\"https:\/\/qqpets.com\/#organization\"},\"potentialAction\":[{\"@type\":\"SearchAction\",\"target\":{\"@type\":\"EntryPoint\",\"urlTemplate\":\"https:\/\/qqpets.com\/?s={search_term_string}\"},\"query-input\":{\"@type\":\"PropertyValueSpecification\",\"valueRequired\":true,\"valueName\":\"search_term_string\"}}],\"inLanguage\":\"fr-FR\"},{\"@type\":\"Organization\",\"@id\":\"https:\/\/qqpets.com\/#organization\",\"name\":\"QQPETS\",\"url\":\"https:\/\/qqpets.com\/\",\"logo\":{\"@type\":\"ImageObject\",\"inLanguage\":\"fr-FR\",\"@id\":\"https:\/\/qqpets.com\/#\/schema\/logo\/image\/\",\"url\":\"https:\/\/qqpets.com\/wp-content\/uploads\/2023\/09\/cropped-cropped-qqpets-tiktok.jpg\",\"contentUrl\":\"https:\/\/qqpets.com\/wp-content\/uploads\/2023\/09\/cropped-cropped-qqpets-tiktok.jpg\",\"width\":511,\"height\":511,\"caption\":\"QQPETS\"},\"image\":{\"@id\":\"https:\/\/qqpets.com\/#\/schema\/logo\/image\/\"},\"sameAs\":[\"https:\/\/www.facebook.com\/QQpetsdogcollars\",\"https:\/\/www.instagram.com\/qqpetscollar\/\",\"https:\/\/www.pinterest.com\/qqpetsdogcollarsfactory\/\"]}]}<\/script>\n<!-- \/ Yoast SEO plugin. -->","yoast_head_json":{"title":"Laisse d'entra\u00eenement pour chien sans traction | QQPETS","description":"Ma\u00eetrisez le contr\u00f4le avec notre laisse pour chien Slip. Id\u00e9ale pour le dressage et les promenades rapides. Durable et facile \u00e0 utiliser. Acheter maintenant !","robots":{"index":"index","follow":"follow","max-snippet":"max-snippet:-1","max-image-preview":"max-image-preview:large","max-video-preview":"max-video-preview:-1"},"canonical":"https:\/\/qqpets.com\/fr\/produit\/no-pull-training-slip-dog-leash\/","og_locale":"fr_FR","og_type":"article","og_title":"No Pull Training Slip Dog Leash | QQPETS","og_description":"Master control with our Slip Dog Leash. Ideal for training and quick walks. Durable, easy to use. Shop now!","og_url":"https:\/\/qqpets.com\/fr\/produit\/no-pull-training-slip-dog-leash\/","og_site_name":"QQPETS","article_publisher":"https:\/\/www.facebook.com\/QQpetsdogcollars","article_modified_time":"2024-09-24T09:32:49+00:00","og_image":[{"width":1000,"height":1000,"url":"https:\/\/qqpets.com\/wp-content\/uploads\/2024\/09\/slip-dog-leash8.webp","type":"image\/webp"}],"twitter_card":"summary_large_image","twitter_misc":{"Dur\u00e9e de lecture estim\u00e9e":"3 minutes"},"schema":{"@context":"https:\/\/schema.org","@graph":[{"@type":"WebPage","@id":"https:\/\/qqpets.com\/product\/no-pull-training-slip-dog-leash\/","url":"https:\/\/qqpets.com\/product\/no-pull-training-slip-dog-leash\/","name":"Laisse d'entra\u00eenement pour chien sans traction | QQPETS","isPartOf":{"@id":"https:\/\/qqpets.com\/#website"},"primaryImageOfPage":{"@id":"https:\/\/qqpets.com\/product\/no-pull-training-slip-dog-leash\/#primaryimage"},"image":{"@id":"https:\/\/qqpets.com\/product\/no-pull-training-slip-dog-leash\/#primaryimage"},"thumbnailUrl":"https:\/\/qqpets.com\/wp-content\/uploads\/2024\/09\/slip-dog-leash8.webp","datePublished":"2024-09-03T08:46:00+00:00","dateModified":"2024-09-24T09:32:49+00:00","description":"Ma\u00eetrisez le contr\u00f4le avec notre laisse pour chien Slip. Id\u00e9ale pour le dressage et les promenades rapides. Durable et facile \u00e0 utiliser. Acheter maintenant !","breadcrumb":{"@id":"https:\/\/qqpets.com\/product\/no-pull-training-slip-dog-leash\/#breadcrumb"},"inLanguage":"fr-FR","potentialAction":[{"@type":"ReadAction","target":["https:\/\/qqpets.com\/product\/no-pull-training-slip-dog-leash\/"]}]},{"@type":"ImageObject","inLanguage":"fr-FR","@id":"https:\/\/qqpets.com\/product\/no-pull-training-slip-dog-leash\/#primaryimage","url":"https:\/\/qqpets.com\/wp-content\/uploads\/2024\/09\/slip-dog-leash8.webp","contentUrl":"https:\/\/qqpets.com\/wp-content\/uploads\/2024\/09\/slip-dog-leash8.webp","width":1000,"height":1000},{"@type":"BreadcrumbList","@id":"https:\/\/qqpets.com\/product\/no-pull-training-slip-dog-leash\/#breadcrumb","itemListElement":[{"@type":"ListItem","position":1,"name":"Home","item":"https:\/\/qqpets.com\/"},{"@type":"ListItem","position":2,"name":"Products","item":"https:\/\/qqpets.com\/pet-products-manufacturer\/"},{"@type":"ListItem","position":3,"name":"No Pull Training Slip Dog Leash"}]},{"@type":"WebSite","@id":"https:\/\/qqpets.com\/#website","url":"https:\/\/qqpets.com\/","name":"QQPETS","description":"QQPETS est une usine de produits pour animaux de compagnie qui fabrique des harnais pour chiens, des colliers pour chiens, des laisses pour chiens et des accessoires pour chiens avec un service professionnel personnalis\u00e9 depuis 2005.","publisher":{"@id":"https:\/\/qqpets.com\/#organization"},"potentialAction":[{"@type":"SearchAction","target":{"@type":"EntryPoint","urlTemplate":"https:\/\/qqpets.com\/?s={search_term_string}"},"query-input":{"@type":"PropertyValueSpecification","valueRequired":true,"valueName":"search_term_string"}}],"inLanguage":"fr-FR"},{"@type":"Organization","@id":"https:\/\/qqpets.com\/#organization","name":"QQPETS","url":"https:\/\/qqpets.com\/","logo":{"@type":"ImageObject","inLanguage":"fr-FR","@id":"https:\/\/qqpets.com\/#\/schema\/logo\/image\/","url":"https:\/\/qqpets.com\/wp-content\/uploads\/2023\/09\/cropped-cropped-qqpets-tiktok.jpg","contentUrl":"https:\/\/qqpets.com\/wp-content\/uploads\/2023\/09\/cropped-cropped-qqpets-tiktok.jpg","width":511,"height":511,"caption":"QQPETS"},"image":{"@id":"https:\/\/qqpets.com\/#\/schema\/logo\/image\/"},"sameAs":["https:\/\/www.facebook.com\/QQpetsdogcollars","https:\/\/www.instagram.com\/qqpetscollar\/","https:\/\/www.pinterest.com\/qqpetsdogcollarsfactory\/"]}]}},"_links":{"self":[{"href":"https:\/\/qqpets.com\/fr\/wp-json\/wp\/v2\/product\/7803","targetHints":{"allow":["GET"]}}],"collection":[{"href":"https:\/\/qqpets.com\/fr\/wp-json\/wp\/v2\/product"}],"about":[{"href":"https:\/\/qqpets.com\/fr\/wp-json\/wp\/v2\/types\/product"}],"wp:featuredmedia":[{"embeddable":true,"href":"https:\/\/qqpets.com\/fr\/wp-json\/wp\/v2\/media\/8229"}],"wp:attachment":[{"href":"https:\/\/qqpets.com\/fr\/wp-json\/wp\/v2\/media?parent=7803"}],"wp:term":[{"taxonomy":"product_brand","embeddable":true,"href":"https:\/\/qqpets.com\/fr\/wp-json\/wp\/v2\/product_brand?post=7803"},{"taxonomy":"product_cat","embeddable":true,"href":"https:\/\/qqpets.com\/fr\/wp-json\/wp\/v2\/product_cat?post=7803"},{"taxonomy":"product_tag","embeddable":true,"href":"https:\/\/qqpets.com\/fr\/wp-json\/wp\/v2\/product_tag?post=7803"}],"curies":[{"name":"wp","href":"https:\/\/api.w.org\/{rel}","templated":true}]}}