{"id":7895,"date":"2024-09-07T15:13:22","date_gmt":"2024-09-07T07:13:22","guid":{"rendered":"https:\/\/qqpets.com\/?post_type=product&#038;p=7895"},"modified":"2024-11-14T16:43:27","modified_gmt":"2024-11-14T08:43:27","slug":"led-no-pull-leash","status":"publish","type":"product","link":"https:\/\/qqpets.com\/fr\/produit\/led-no-pull-leash\/","title":{"rendered":"Laisse lumineuse pour chien avec boucle de si\u00e8ge auto et sandow"},"content":{"rendered":"<p>La laisse pour chien \u00e0 \u00e9lastique Light Up Hands Free Car Seat Buckle Bungee est la solution parfaite pour les propri\u00e9taires d'animaux de compagnie qui sont toujours en mouvement. Cette laisse multifonctionnelle est con\u00e7ue pour assurer la s\u00e9curit\u00e9 de votre animal, que ce soit en promenade ou en voiture.<\/p>\n<p><strong>Caract\u00e9ristiques principales :<\/strong><\/p>\n<ul>\n<li><strong>Eclairage LED :<\/strong> \u00c9quip\u00e9e de voyants lumineux, cette laisse am\u00e9liore la visibilit\u00e9 de votre chien lors des sorties nocturnes ou matinales, assurant ainsi sa s\u00e9curit\u00e9 dans des conditions de faible luminosit\u00e9.<\/li>\n<li><strong>Conception de l'\u00e9lastique :<\/strong> Le cordon \u00e9lastique int\u00e9gr\u00e9 permet d'absorber les chocs lors des mouvements brusques, ce qui rend les promenades plus confortables pour vous et votre animal en r\u00e9duisant la tension de traction.<\/li>\n<li><strong>Mains libres Boucle de si\u00e8ge de voiture :<\/strong> Attachez facilement la laisse au syst\u00e8me de boucle du si\u00e8ge de votre voiture pour des promenades en toute s\u00e9curit\u00e9. Cette fonction garantit que votre animal reste attach\u00e9 en toute s\u00e9curit\u00e9 pendant la conduite, r\u00e9duisant ainsi les distractions et augmentant la s\u00e9curit\u00e9.<\/li>\n<li><strong>Mat\u00e9riaux durables :<\/strong> Fabriqu\u00e9e \u00e0 partir de mat\u00e9riaux de haute qualit\u00e9, cette laisse est con\u00e7ue pour r\u00e9sister aux rigueurs des promenades quotidiennes et des voyages.<\/li>\n<\/ul>\n<p>Que vous partiez en voyage ou que vous alliez simplement faire un jogging, notre laisse pour chien \u00e0 \u00e9lastique mains libres Light Up Car Seat Buckle Bungee vous permet de garder le contr\u00f4le et la s\u00e9curit\u00e9 sans compromettre le confort de votre animal de compagnie. La longueur de la laisse est parfaite pour donner \u00e0 votre chien suffisamment de libert\u00e9 pour explorer tout en restant sous contr\u00f4le.<\/p>\n<p>Id\u00e9ale pour les aventuriers nocturnes et les amateurs de voyages, cette laisse allie s\u00e9curit\u00e9, confort et commodit\u00e9, pour que chaque voyage avec votre animal soit agr\u00e9able et sans stress. Passez \u00e0 notre laisse avanc\u00e9e et transformez votre fa\u00e7on de voyager et de vous promener avec votre animal.<\/p>\n<h5 data-immersive-translate-walked=\"e4de329b-2f8f-4525-aa5e-eeca8caeb592\" data-immersive-translate-paragraph=\"1\"><strong data-immersive-translate-walked=\"e4de329b-2f8f-4525-aa5e-eeca8caeb592\">Les laisses \u00e9lastiques sont-elles bonnes pour les chiens ?<\/strong><\/h5>\n<p data-immersive-translate-walked=\"e4de329b-2f8f-4525-aa5e-eeca8caeb592\" data-immersive-translate-paragraph=\"1\">Les laisses \u00e9lastiques peuvent \u00eatre utiles pour les chiens car elles permettent d'absorber les chocs dus aux mouvements brusques, ce qui rend la promenade plus confortable pour le chien et son ma\u00eetre. Toutefois, elles ne sont pas id\u00e9ales pour les chiens qui tirent tr\u00e8s fort, car leur \u00e9lasticit\u00e9 peut les inciter \u00e0 tirer.<\/p>\n<h5 data-immersive-translate-walked=\"e4de329b-2f8f-4525-aa5e-eeca8caeb592\" data-immersive-translate-paragraph=\"1\"><strong data-immersive-translate-walked=\"e4de329b-2f8f-4525-aa5e-eeca8caeb592\">Les laisses mains libres sont-elles utiles pour les chiens qui tirent ?<\/strong><\/h5>\n<p data-immersive-translate-walked=\"e4de329b-2f8f-4525-aa5e-eeca8caeb592\" data-immersive-translate-paragraph=\"1\">Les laisses mains libres ne sont g\u00e9n\u00e9ralement pas recommand\u00e9es pour les chiens qui tirent, car elles offrent un contr\u00f4le moins imm\u00e9diat sur le chien, ce qui peut rendre difficile la gestion d'un chien qui a tendance \u00e0 tirer fortement.<\/p>\n<h5 data-immersive-translate-walked=\"e4de329b-2f8f-4525-aa5e-eeca8caeb592\" data-immersive-translate-paragraph=\"1\"><strong data-immersive-translate-walked=\"e4de329b-2f8f-4525-aa5e-eeca8caeb592\">Qu'est-ce qu'une laisse mains libres ?<\/strong><\/h5>\n<p data-immersive-translate-walked=\"e4de329b-2f8f-4525-aa5e-eeca8caeb592\" data-immersive-translate-paragraph=\"1\">Une laisse mains libres est un type de laisse pour chien qui s'attache g\u00e9n\u00e9ralement \u00e0 la taille du ma\u00eetre ou en travers du corps, ce qui permet de marcher ou de courir les mains libres. Elle est con\u00e7ue pour garder le chien pr\u00e8s de soi tout en laissant les mains libres au ma\u00eetre.<\/p>\n<h5><strong>Les laisses de chien mains libres sont-elles s\u00fbres ?<\/strong><\/h5>\n<p>Les laisses pour chiens mains libres peuvent \u00eatre s\u00fbres si elles sont utilis\u00e9es correctement et dans les bonnes circonstances. Elles sont id\u00e9ales pour des activit\u00e9s telles que la course ou la randonn\u00e9e o\u00f9 vous avez besoin d'avoir les mains libres, mais elles n'offrent pas autant de contr\u00f4le qu'une laisse traditionnelle, en particulier pour les chiens qui ont tendance \u00e0 tirer ou \u00e0 s'\u00e9lancer brusquement. La s\u00e9curit\u00e9 d\u00e9pend \u00e9galement de l'existence d'un m\u00e9canisme d'attache s\u00fbr \u00e0 la taille et d'un dispositif d'attache rapide fiable.<\/p>\n<h5><strong>Quelle laisse emp\u00eache les chiens de tirer ?<\/strong><\/h5>\n<p>Une laisse ne peut pas emp\u00eacher compl\u00e8tement un chien de tirer, mais certains types de laisses et de harnais peuvent aider \u00e0 g\u00e9rer et \u00e0 r\u00e9duire la traction. Le plus efficace est g\u00e9n\u00e9ralement un harnais anti-traction qui comporte un point d'attache frontal pour la laisse. Lorsque le chien tire, le harnais le redirige vers le ma\u00eetre, ce qui rend la traction moins gratifiante et plus facile \u00e0 contr\u00f4ler. Ce type d'installation peut consid\u00e9rablement d\u00e9courager les comportements de traction lorsqu'il est associ\u00e9 \u00e0 un dressage coh\u00e9rent.<\/p>\n<h5><strong>Les laisses \u00e9lastiques sont-elles bonnes pour les chiens ?<\/strong><\/h5>\n<p>Les laisses \u00e9lastiques peuvent \u00eatre b\u00e9n\u00e9fiques pour les chiens et leurs ma\u00eetres car elles permettent d'absorber le choc des mouvements soudains ou des tractions, r\u00e9duisant ainsi la tension sur le corps du chien et du ma\u00eetre. Elles sont particuli\u00e8rement utiles lors d'activit\u00e9s telles que le jogging, o\u00f9 les mouvements impr\u00e9visibles d'un chien risquent de faire tressauter la laisse.<\/p>\n<h5><strong>Les c\u00e2bles \u00e9lastiques cessent-ils de tirer ?<\/strong><\/h5>\n<p>Les laisses \u00e9lastiques n'emp\u00eachent pas intrins\u00e8quement les chiens de tirer. Bien qu'elles puissent rendre la traction moins brutale en absorbant une partie de la force, elles peuvent parfois encourager la traction chez certains chiens en offrant une r\u00e9sistance contre laquelle il est gratifiant de tirer.<\/p>\n<h5><strong>Quelle est la meilleure laisse pour dresser un chien \u00e0 ne pas tirer ?<\/strong><\/h5>\n<p>Le meilleur type de laisse pour dresser un chien \u00e0 ne pas tirer est g\u00e9n\u00e9ralement une laisse standard non extensible utilis\u00e9e avec un harnais anti-traction dot\u00e9 d'un point d'attache frontal. Cette configuration permet de rediriger le chien vers vous lorsqu'il essaie de tirer, ce qui facilite la gestion et la correction du comportement.<\/p>\n<p>&nbsp;<\/p>","protected":false},"excerpt":{"rendered":"<p>Faites l'exp\u00e9rience de la commodit\u00e9 ultime avec notre laisse pour chien \u00e0 \u00e9lastique avec boucle de si\u00e8ge de voiture lumineuse et mains libres. Con\u00e7ue pour la s\u00e9curit\u00e9 et la polyvalence, cette laisse est \u00e9quip\u00e9e d'une lumi\u00e8re LED lumineuse pour la visibilit\u00e9 nocturne, d'un cordon \u00e9lastique pour l'absorption des chocs et d'une boucle mains libres pour les si\u00e8ges de voiture afin de s\u00e9curiser les d\u00e9placements. Parfaite pour les propri\u00e9taires d'animaux actifs, elle offre une grande libert\u00e9 de mouvement tout en assurant la s\u00e9curit\u00e9 de votre animal lors des promenades et des randonn\u00e9es.<\/p>","protected":false},"featured_media":7900,"template":"","meta":[],"product_brand":[],"product_cat":[27,21],"product_tag":[],"class_list":{"0":"post-7895","1":"product","2":"type-product","3":"status-publish","4":"has-post-thumbnail","6":"product_cat-dog-leash","7":"product_cat-led-product","8":"pa_brand-qqpets","10":"first","11":"instock","12":"shipping-taxable","13":"product-type-simple"},"yoast_head":"<!-- This site is optimized with the Yoast SEO plugin v26.6 - https:\/\/yoast.com\/wordpress\/plugins\/seo\/ -->\n<title>Light Up Hands Free Car Seat Buckle Bungee Dog Leash | QQPETS<\/title>\n<meta name=\"description\" content=\"Enhance safety with our Light Up Hands Free Dog Leash. Buckle up for car rides and enjoy bungee flexibility!\" \/>\n<meta name=\"robots\" content=\"index, follow, max-snippet:-1, max-image-preview:large, max-video-preview:-1\" \/>\n<link rel=\"canonical\" href=\"https:\/\/qqpets.com\/fr\/produit\/led-no-pull-leash\/\" \/>\n<meta property=\"og:locale\" content=\"fr_FR\" \/>\n<meta property=\"og:type\" content=\"article\" \/>\n<meta property=\"og:title\" content=\"Light Up Hands Free Car Seat Buckle Bungee Dog Leash | QQPETS\" \/>\n<meta property=\"og:description\" content=\"Enhance safety with our Light Up Hands Free Dog Leash. Buckle up for car rides and enjoy bungee flexibility!\" \/>\n<meta property=\"og:url\" content=\"https:\/\/qqpets.com\/fr\/produit\/led-no-pull-leash\/\" \/>\n<meta property=\"og:site_name\" content=\"QQPETS\" \/>\n<meta property=\"article:publisher\" content=\"https:\/\/www.facebook.com\/QQpetsdogcollars\" \/>\n<meta property=\"article:modified_time\" content=\"2024-11-14T08:43:27+00:00\" \/>\n<meta property=\"og:image\" content=\"https:\/\/qqpets.com\/wp-content\/uploads\/2024\/09\/3.webp\" \/>\n\t<meta property=\"og:image:width\" content=\"800\" \/>\n\t<meta property=\"og:image:height\" content=\"800\" \/>\n\t<meta property=\"og:image:type\" content=\"image\/webp\" \/>\n<meta name=\"twitter:card\" content=\"summary_large_image\" \/>\n<meta name=\"twitter:label1\" content=\"Dur\u00e9e de lecture estim\u00e9e\" \/>\n\t<meta name=\"twitter:data1\" content=\"4 minutes\" \/>\n<script type=\"application\/ld+json\" class=\"yoast-schema-graph\">{\"@context\":\"https:\/\/schema.org\",\"@graph\":[{\"@type\":\"WebPage\",\"@id\":\"https:\/\/qqpets.com\/product\/led-no-pull-leash\/\",\"url\":\"https:\/\/qqpets.com\/product\/led-no-pull-leash\/\",\"name\":\"Light Up Hands Free Car Seat Buckle Bungee Dog Leash | QQPETS\",\"isPartOf\":{\"@id\":\"https:\/\/qqpets.com\/#website\"},\"primaryImageOfPage\":{\"@id\":\"https:\/\/qqpets.com\/product\/led-no-pull-leash\/#primaryimage\"},\"image\":{\"@id\":\"https:\/\/qqpets.com\/product\/led-no-pull-leash\/#primaryimage\"},\"thumbnailUrl\":\"https:\/\/qqpets.com\/wp-content\/uploads\/2024\/09\/3.webp\",\"datePublished\":\"2024-09-07T07:13:22+00:00\",\"dateModified\":\"2024-11-14T08:43:27+00:00\",\"description\":\"Enhance safety with our Light Up Hands Free Dog Leash. Buckle up for car rides and enjoy bungee flexibility!\",\"breadcrumb\":{\"@id\":\"https:\/\/qqpets.com\/product\/led-no-pull-leash\/#breadcrumb\"},\"inLanguage\":\"fr-FR\",\"potentialAction\":[{\"@type\":\"ReadAction\",\"target\":[\"https:\/\/qqpets.com\/product\/led-no-pull-leash\/\"]}]},{\"@type\":\"ImageObject\",\"inLanguage\":\"fr-FR\",\"@id\":\"https:\/\/qqpets.com\/product\/led-no-pull-leash\/#primaryimage\",\"url\":\"https:\/\/qqpets.com\/wp-content\/uploads\/2024\/09\/3.webp\",\"contentUrl\":\"https:\/\/qqpets.com\/wp-content\/uploads\/2024\/09\/3.webp\",\"width\":800,\"height\":800},{\"@type\":\"BreadcrumbList\",\"@id\":\"https:\/\/qqpets.com\/product\/led-no-pull-leash\/#breadcrumb\",\"itemListElement\":[{\"@type\":\"ListItem\",\"position\":1,\"name\":\"Home\",\"item\":\"https:\/\/qqpets.com\/\"},{\"@type\":\"ListItem\",\"position\":2,\"name\":\"Products\",\"item\":\"https:\/\/qqpets.com\/pet-products-manufacturer\/\"},{\"@type\":\"ListItem\",\"position\":3,\"name\":\"Light Up Hands Free Car Seat Buckle Bungee Dog Leash\"}]},{\"@type\":\"WebSite\",\"@id\":\"https:\/\/qqpets.com\/#website\",\"url\":\"https:\/\/qqpets.com\/\",\"name\":\"QQPETS\",\"description\":\"QQPETS is a pet products factory for dog harnesses, dog collars, dog leashes and dog accessories with professional customized service since 2005.\",\"publisher\":{\"@id\":\"https:\/\/qqpets.com\/#organization\"},\"potentialAction\":[{\"@type\":\"SearchAction\",\"target\":{\"@type\":\"EntryPoint\",\"urlTemplate\":\"https:\/\/qqpets.com\/?s={search_term_string}\"},\"query-input\":{\"@type\":\"PropertyValueSpecification\",\"valueRequired\":true,\"valueName\":\"search_term_string\"}}],\"inLanguage\":\"fr-FR\"},{\"@type\":\"Organization\",\"@id\":\"https:\/\/qqpets.com\/#organization\",\"name\":\"QQPETS\",\"url\":\"https:\/\/qqpets.com\/\",\"logo\":{\"@type\":\"ImageObject\",\"inLanguage\":\"fr-FR\",\"@id\":\"https:\/\/qqpets.com\/#\/schema\/logo\/image\/\",\"url\":\"https:\/\/qqpets.com\/wp-content\/uploads\/2023\/09\/cropped-cropped-qqpets-tiktok.jpg\",\"contentUrl\":\"https:\/\/qqpets.com\/wp-content\/uploads\/2023\/09\/cropped-cropped-qqpets-tiktok.jpg\",\"width\":511,\"height\":511,\"caption\":\"QQPETS\"},\"image\":{\"@id\":\"https:\/\/qqpets.com\/#\/schema\/logo\/image\/\"},\"sameAs\":[\"https:\/\/www.facebook.com\/QQpetsdogcollars\",\"https:\/\/www.instagram.com\/qqpetscollar\/\",\"https:\/\/www.pinterest.com\/qqpetsdogcollarsfactory\/\"]}]}<\/script>\n<!-- \/ Yoast SEO plugin. -->","yoast_head_json":{"title":"Laisse lumineuse pour chien avec boucle de si\u00e8ge auto et sandow | QQPETS","description":"Am\u00e9liorez votre s\u00e9curit\u00e9 avec notre laisse mains libres lumineuse pour chien. Attachez votre ceinture pour les trajets en voiture et profitez de la flexibilit\u00e9 de l'\u00e9lastique !","robots":{"index":"index","follow":"follow","max-snippet":"max-snippet:-1","max-image-preview":"max-image-preview:large","max-video-preview":"max-video-preview:-1"},"canonical":"https:\/\/qqpets.com\/fr\/produit\/led-no-pull-leash\/","og_locale":"fr_FR","og_type":"article","og_title":"Light Up Hands Free Car Seat Buckle Bungee Dog Leash | QQPETS","og_description":"Enhance safety with our Light Up Hands Free Dog Leash. Buckle up for car rides and enjoy bungee flexibility!","og_url":"https:\/\/qqpets.com\/fr\/produit\/led-no-pull-leash\/","og_site_name":"QQPETS","article_publisher":"https:\/\/www.facebook.com\/QQpetsdogcollars","article_modified_time":"2024-11-14T08:43:27+00:00","og_image":[{"width":800,"height":800,"url":"https:\/\/qqpets.com\/wp-content\/uploads\/2024\/09\/3.webp","type":"image\/webp"}],"twitter_card":"summary_large_image","twitter_misc":{"Dur\u00e9e de lecture estim\u00e9e":"4 minutes"},"schema":{"@context":"https:\/\/schema.org","@graph":[{"@type":"WebPage","@id":"https:\/\/qqpets.com\/product\/led-no-pull-leash\/","url":"https:\/\/qqpets.com\/product\/led-no-pull-leash\/","name":"Laisse lumineuse pour chien avec boucle de si\u00e8ge auto et sandow | QQPETS","isPartOf":{"@id":"https:\/\/qqpets.com\/#website"},"primaryImageOfPage":{"@id":"https:\/\/qqpets.com\/product\/led-no-pull-leash\/#primaryimage"},"image":{"@id":"https:\/\/qqpets.com\/product\/led-no-pull-leash\/#primaryimage"},"thumbnailUrl":"https:\/\/qqpets.com\/wp-content\/uploads\/2024\/09\/3.webp","datePublished":"2024-09-07T07:13:22+00:00","dateModified":"2024-11-14T08:43:27+00:00","description":"Am\u00e9liorez votre s\u00e9curit\u00e9 avec notre laisse mains libres lumineuse pour chien. Attachez votre ceinture pour les trajets en voiture et profitez de la flexibilit\u00e9 de l'\u00e9lastique !","breadcrumb":{"@id":"https:\/\/qqpets.com\/product\/led-no-pull-leash\/#breadcrumb"},"inLanguage":"fr-FR","potentialAction":[{"@type":"ReadAction","target":["https:\/\/qqpets.com\/product\/led-no-pull-leash\/"]}]},{"@type":"ImageObject","inLanguage":"fr-FR","@id":"https:\/\/qqpets.com\/product\/led-no-pull-leash\/#primaryimage","url":"https:\/\/qqpets.com\/wp-content\/uploads\/2024\/09\/3.webp","contentUrl":"https:\/\/qqpets.com\/wp-content\/uploads\/2024\/09\/3.webp","width":800,"height":800},{"@type":"BreadcrumbList","@id":"https:\/\/qqpets.com\/product\/led-no-pull-leash\/#breadcrumb","itemListElement":[{"@type":"ListItem","position":1,"name":"Home","item":"https:\/\/qqpets.com\/"},{"@type":"ListItem","position":2,"name":"Products","item":"https:\/\/qqpets.com\/pet-products-manufacturer\/"},{"@type":"ListItem","position":3,"name":"Light Up Hands Free Car Seat Buckle Bungee Dog Leash"}]},{"@type":"WebSite","@id":"https:\/\/qqpets.com\/#website","url":"https:\/\/qqpets.com\/","name":"QQPETS","description":"QQPETS est une usine de produits pour animaux de compagnie qui fabrique des harnais pour chiens, des colliers pour chiens, des laisses pour chiens et des accessoires pour chiens avec un service professionnel personnalis\u00e9 depuis 2005.","publisher":{"@id":"https:\/\/qqpets.com\/#organization"},"potentialAction":[{"@type":"SearchAction","target":{"@type":"EntryPoint","urlTemplate":"https:\/\/qqpets.com\/?s={search_term_string}"},"query-input":{"@type":"PropertyValueSpecification","valueRequired":true,"valueName":"search_term_string"}}],"inLanguage":"fr-FR"},{"@type":"Organization","@id":"https:\/\/qqpets.com\/#organization","name":"QQPETS","url":"https:\/\/qqpets.com\/","logo":{"@type":"ImageObject","inLanguage":"fr-FR","@id":"https:\/\/qqpets.com\/#\/schema\/logo\/image\/","url":"https:\/\/qqpets.com\/wp-content\/uploads\/2023\/09\/cropped-cropped-qqpets-tiktok.jpg","contentUrl":"https:\/\/qqpets.com\/wp-content\/uploads\/2023\/09\/cropped-cropped-qqpets-tiktok.jpg","width":511,"height":511,"caption":"QQPETS"},"image":{"@id":"https:\/\/qqpets.com\/#\/schema\/logo\/image\/"},"sameAs":["https:\/\/www.facebook.com\/QQpetsdogcollars","https:\/\/www.instagram.com\/qqpetscollar\/","https:\/\/www.pinterest.com\/qqpetsdogcollarsfactory\/"]}]}},"_links":{"self":[{"href":"https:\/\/qqpets.com\/fr\/wp-json\/wp\/v2\/product\/7895","targetHints":{"allow":["GET"]}}],"collection":[{"href":"https:\/\/qqpets.com\/fr\/wp-json\/wp\/v2\/product"}],"about":[{"href":"https:\/\/qqpets.com\/fr\/wp-json\/wp\/v2\/types\/product"}],"wp:featuredmedia":[{"embeddable":true,"href":"https:\/\/qqpets.com\/fr\/wp-json\/wp\/v2\/media\/7900"}],"wp:attachment":[{"href":"https:\/\/qqpets.com\/fr\/wp-json\/wp\/v2\/media?parent=7895"}],"wp:term":[{"taxonomy":"product_brand","embeddable":true,"href":"https:\/\/qqpets.com\/fr\/wp-json\/wp\/v2\/product_brand?post=7895"},{"taxonomy":"product_cat","embeddable":true,"href":"https:\/\/qqpets.com\/fr\/wp-json\/wp\/v2\/product_cat?post=7895"},{"taxonomy":"product_tag","embeddable":true,"href":"https:\/\/qqpets.com\/fr\/wp-json\/wp\/v2\/product_tag?post=7895"}],"curies":[{"name":"wp","href":"https:\/\/api.w.org\/{rel}","templated":true}]}}