{"id":7910,"date":"2024-09-07T15:54:26","date_gmt":"2024-09-07T07:54:26","guid":{"rendered":"https:\/\/qqpets.com\/?post_type=product&#038;p=7910"},"modified":"2024-11-13T11:58:39","modified_gmt":"2024-11-13T03:58:39","slug":"smart-qr-code-pet-collar-id-tag","status":"publish","type":"product","link":"https:\/\/qqpets.com\/fr\/produit\/smart-qr-code-pet-collar-id-tag\/","title":{"rendered":"Collier d'identification intelligent \u00e0 code QR pour animaux de compagnie"},"content":{"rendered":"<p>Nous vous pr\u00e9sentons notre r\u00e9volutionnaire collier d'identification personnalis\u00e9 \u00e0 code QR intelligent, con\u00e7u pour apporter une solution moderne \u00e0 la s\u00e9curit\u00e9 et \u00e0 l'identification des animaux de compagnie. Gr\u00e2ce \u00e0 cette \u00e9tiquette, votre animal transporte des informations cruciales partout o\u00f9 il va, facilement accessibles par un simple balayage rapide.<\/p>\n<p><strong>Caract\u00e9ristiques principales :<\/strong><\/p>\n<ul>\n<li><strong>Technologie du code QR intelligent :<\/strong> Chaque \u00e9tiquette est munie d'un code QR unique qui, lorsqu'il est scann\u00e9, renvoie \u00e0 un profil personnalisable. Ce profil peut inclure vos coordonn\u00e9es, le dossier m\u00e9dical de votre animal, ses besoins alimentaires et bien d'autres choses encore, afin que toute personne qui trouve votre animal puisse acc\u00e9der \u00e0 toutes les informations n\u00e9cessaires pour l'aider.<\/li>\n<li><strong>Options de personnalisation :<\/strong> Personnalisez l'\u00e9tiquette avec le nom de votre animal, votre num\u00e9ro de t\u00e9l\u00e9phone, et choisissez parmi une vari\u00e9t\u00e9 de designs pour correspondre \u00e0 la personnalit\u00e9 de votre animal.<\/li>\n<li><strong>Grande durabilit\u00e9 :<\/strong> Fabriqu\u00e9e avec des mat\u00e9riaux robustes, l'\u00e9tiquette est con\u00e7ue pour r\u00e9sister \u00e0 toutes les conditions m\u00e9t\u00e9orologiques et aux jeux actifs, ce qui garantit qu'elle reste lisible et intacte.<\/li>\n<li><strong>Facile \u00e0 mettre \u00e0 jour :<\/strong> Vous pouvez mettre \u00e0 jour le profil en ligne li\u00e9 au code QR \u00e0 tout moment et en tout lieu, ce qui facilite la mise \u00e0 jour des informations relatives \u00e0 votre animal sans qu'il soit n\u00e9cessaire de remplacer le m\u00e9daillon.<\/li>\n<\/ul>\n<p>Ce m\u00e9daillon d'identification est id\u00e9al pour tout propri\u00e9taire d'animal de compagnie qui souhaite allier s\u00e9curit\u00e9 et commodit\u00e9. Que votre animal soit un fugitif ou que vous souhaitiez simplement avoir l'esprit tranquille lorsque vous \u00eates en d\u00e9placement, ce m\u00e9daillon est un moyen fiable d'assurer la s\u00e9curit\u00e9 de votre compagnon bien-aim\u00e9.<\/p>\n<p>En choisissant notre collier d'identification personnalis\u00e9 \u00e0 code QR intelligent, vous n'obtenez pas seulement une \u00e9tiquette, mais l'assurance que votre animal peut \u00eatre facilement identifi\u00e9 et ramen\u00e9 \u00e0 la maison en toute s\u00e9curit\u00e9 s'il s'est \u00e9gar\u00e9. C'est un petit investissement qui peut faire une grande diff\u00e9rence pour la s\u00e9curit\u00e9 de votre animal.<\/p>\n<h5><strong>Les m\u00e9dailles de chien \u00e0 code QR sont-elles l\u00e9gales ?<\/strong><\/h5>\n<p>Oui, les m\u00e9dailles pour chiens \u00e0 code QR sont l\u00e9gales. Ils constituent une alternative innovante aux m\u00e9dailles traditionnelles grav\u00e9es et permettent de stocker des informations plus d\u00e9taill\u00e9es sur l'animal, ce qui peut s'av\u00e9rer utile si le chien se perd.<\/p>\n<h5><strong>Les \u00e9tiquettes QR pour chiens fonctionnent-elles ?<\/strong><\/h5>\n<p>Oui, les m\u00e9dailles QR pour chiens sont efficaces. Lorsqu'une personne trouve un chien portant un code QR, elle peut scanner le code \u00e0 l'aide d'un smartphone, ce qui la dirige g\u00e9n\u00e9ralement vers une page web contenant des informations sur le chien, y compris les coordonn\u00e9es du propri\u00e9taire.<\/p>\n<h5>Quelles sont les informations qui doivent l\u00e9galement figurer sur une m\u00e9daille pour chien ?<\/h5>\n<p>Les informations l\u00e9galement requises sur une m\u00e9daille pour chien peuvent varier en fonction des r\u00e9glementations locales de votre lieu de r\u00e9sidence. Toutefois, dans de nombreux endroits, les informations suivantes sont g\u00e9n\u00e9ralement obligatoires :<\/p>\n<ol>\n<li><strong>Nom du propri\u00e9taire<\/strong>: Le nom complet du propri\u00e9taire du chien afin d'assurer une identification et une responsabilit\u00e9 ad\u00e9quates.<\/li>\n<li><strong>Informations sur le contact<\/strong>: Au moins un num\u00e9ro de t\u00e9l\u00e9phone o\u00f9 le propri\u00e9taire peut \u00eatre joint. Certaines r\u00e9gions peuvent exiger des num\u00e9ros suppl\u00e9mentaires ou m\u00eame une adresse.<\/li>\n<\/ol>\n<p>Il est conseill\u00e9 d'inclure \u00e9galement toute information m\u00e9dicale pertinente si votre chien a des probl\u00e8mes de sant\u00e9 sp\u00e9cifiques qui n\u00e9cessitent une attention imm\u00e9diate au cas o\u00f9 il se perdrait. Bien que la loi ne l'exige pas toujours, ces informations peuvent \u00eatre essentielles pour la s\u00e9curit\u00e9 de votre animal. V\u00e9rifiez toujours les r\u00e9glementations locales pour vous assurer de la conformit\u00e9 avec les exigences locales sp\u00e9cifiques en mati\u00e8re d'identification des animaux de compagnie.<\/p>","protected":false},"excerpt":{"rendered":"<p>Am\u00e9liorez la s\u00e9curit\u00e9 de votre animal de compagnie gr\u00e2ce \u00e0 notre collier d'identification personnalis\u00e9 \u00e0 code QR intelligent. Cette \u00e9tiquette innovante comporte un code QR qui renvoie \u00e0 un profil personnel contenant des informations essentielles sur les contacts et la sant\u00e9 de l'animal. Facilement actualisable et accessible, il permet \u00e0 votre animal de compagnie de toujours retrouver votre chemin. Personnalisable avec les motifs de votre choix, il est non seulement pratique mais aussi \u00e9l\u00e9gant.<\/p>","protected":false},"featured_media":7912,"template":"","meta":[],"product_brand":[],"product_cat":[26],"product_tag":[],"class_list":{"0":"post-7910","1":"product","2":"type-product","3":"status-publish","4":"has-post-thumbnail","6":"product_cat-dog-collar","7":"pa_brand-qqpets","9":"first","10":"instock","11":"shipping-taxable","12":"product-type-simple"},"yoast_head":"<!-- This site is optimized with the Yoast SEO plugin v26.6 - https:\/\/yoast.com\/wordpress\/plugins\/seo\/ -->\n<title>Smart QR Code Pet Collar ID Tag | QQPETS<\/title>\n<meta name=\"description\" content=\"Secure your pet with our Smart QR Code ID Tag. Custom, trackable, and stylish. Perfect for peace of mind!\" \/>\n<meta name=\"robots\" content=\"index, follow, max-snippet:-1, max-image-preview:large, max-video-preview:-1\" \/>\n<link rel=\"canonical\" href=\"https:\/\/qqpets.com\/fr\/produit\/smart-qr-code-pet-collar-id-tag\/\" \/>\n<meta property=\"og:locale\" content=\"fr_FR\" \/>\n<meta property=\"og:type\" content=\"article\" \/>\n<meta property=\"og:title\" content=\"Smart QR Code Pet Collar ID Tag | QQPETS\" \/>\n<meta property=\"og:description\" content=\"Secure your pet with our Smart QR Code ID Tag. Custom, trackable, and stylish. Perfect for peace of mind!\" \/>\n<meta property=\"og:url\" content=\"https:\/\/qqpets.com\/fr\/produit\/smart-qr-code-pet-collar-id-tag\/\" \/>\n<meta property=\"og:site_name\" content=\"QQPETS\" \/>\n<meta property=\"article:publisher\" content=\"https:\/\/www.facebook.com\/QQpetsdogcollars\" \/>\n<meta property=\"article:modified_time\" content=\"2024-11-13T03:58:39+00:00\" \/>\n<meta property=\"og:image\" content=\"https:\/\/qqpets.com\/wp-content\/uploads\/2024\/09\/QR-CODE-PET-COLLAR2.webp\" \/>\n\t<meta property=\"og:image:width\" content=\"1000\" \/>\n\t<meta property=\"og:image:height\" content=\"1000\" \/>\n\t<meta property=\"og:image:type\" content=\"image\/webp\" \/>\n<meta name=\"twitter:card\" content=\"summary_large_image\" \/>\n<meta name=\"twitter:label1\" content=\"Dur\u00e9e de lecture estim\u00e9e\" \/>\n\t<meta name=\"twitter:data1\" content=\"3 minutes\" \/>\n<script type=\"application\/ld+json\" class=\"yoast-schema-graph\">{\"@context\":\"https:\/\/schema.org\",\"@graph\":[{\"@type\":\"WebPage\",\"@id\":\"https:\/\/qqpets.com\/product\/smart-qr-code-pet-collar-id-tag\/\",\"url\":\"https:\/\/qqpets.com\/product\/smart-qr-code-pet-collar-id-tag\/\",\"name\":\"Smart QR Code Pet Collar ID Tag | QQPETS\",\"isPartOf\":{\"@id\":\"https:\/\/qqpets.com\/#website\"},\"primaryImageOfPage\":{\"@id\":\"https:\/\/qqpets.com\/product\/smart-qr-code-pet-collar-id-tag\/#primaryimage\"},\"image\":{\"@id\":\"https:\/\/qqpets.com\/product\/smart-qr-code-pet-collar-id-tag\/#primaryimage\"},\"thumbnailUrl\":\"https:\/\/qqpets.com\/wp-content\/uploads\/2024\/09\/QR-CODE-PET-COLLAR2.webp\",\"datePublished\":\"2024-09-07T07:54:26+00:00\",\"dateModified\":\"2024-11-13T03:58:39+00:00\",\"description\":\"Secure your pet with our Smart QR Code ID Tag. Custom, trackable, and stylish. Perfect for peace of mind!\",\"breadcrumb\":{\"@id\":\"https:\/\/qqpets.com\/product\/smart-qr-code-pet-collar-id-tag\/#breadcrumb\"},\"inLanguage\":\"fr-FR\",\"potentialAction\":[{\"@type\":\"ReadAction\",\"target\":[\"https:\/\/qqpets.com\/product\/smart-qr-code-pet-collar-id-tag\/\"]}]},{\"@type\":\"ImageObject\",\"inLanguage\":\"fr-FR\",\"@id\":\"https:\/\/qqpets.com\/product\/smart-qr-code-pet-collar-id-tag\/#primaryimage\",\"url\":\"https:\/\/qqpets.com\/wp-content\/uploads\/2024\/09\/QR-CODE-PET-COLLAR2.webp\",\"contentUrl\":\"https:\/\/qqpets.com\/wp-content\/uploads\/2024\/09\/QR-CODE-PET-COLLAR2.webp\",\"width\":1000,\"height\":1000},{\"@type\":\"BreadcrumbList\",\"@id\":\"https:\/\/qqpets.com\/product\/smart-qr-code-pet-collar-id-tag\/#breadcrumb\",\"itemListElement\":[{\"@type\":\"ListItem\",\"position\":1,\"name\":\"Home\",\"item\":\"https:\/\/qqpets.com\/\"},{\"@type\":\"ListItem\",\"position\":2,\"name\":\"Products\",\"item\":\"https:\/\/qqpets.com\/pet-products-manufacturer\/\"},{\"@type\":\"ListItem\",\"position\":3,\"name\":\"Smart QR Code Pet Collar ID Tag\"}]},{\"@type\":\"WebSite\",\"@id\":\"https:\/\/qqpets.com\/#website\",\"url\":\"https:\/\/qqpets.com\/\",\"name\":\"QQPETS\",\"description\":\"QQPETS is a pet products factory for dog harnesses, dog collars, dog leashes and dog accessories with professional customized service since 2005.\",\"publisher\":{\"@id\":\"https:\/\/qqpets.com\/#organization\"},\"potentialAction\":[{\"@type\":\"SearchAction\",\"target\":{\"@type\":\"EntryPoint\",\"urlTemplate\":\"https:\/\/qqpets.com\/?s={search_term_string}\"},\"query-input\":{\"@type\":\"PropertyValueSpecification\",\"valueRequired\":true,\"valueName\":\"search_term_string\"}}],\"inLanguage\":\"fr-FR\"},{\"@type\":\"Organization\",\"@id\":\"https:\/\/qqpets.com\/#organization\",\"name\":\"QQPETS\",\"url\":\"https:\/\/qqpets.com\/\",\"logo\":{\"@type\":\"ImageObject\",\"inLanguage\":\"fr-FR\",\"@id\":\"https:\/\/qqpets.com\/#\/schema\/logo\/image\/\",\"url\":\"https:\/\/qqpets.com\/wp-content\/uploads\/2023\/09\/cropped-cropped-qqpets-tiktok.jpg\",\"contentUrl\":\"https:\/\/qqpets.com\/wp-content\/uploads\/2023\/09\/cropped-cropped-qqpets-tiktok.jpg\",\"width\":511,\"height\":511,\"caption\":\"QQPETS\"},\"image\":{\"@id\":\"https:\/\/qqpets.com\/#\/schema\/logo\/image\/\"},\"sameAs\":[\"https:\/\/www.facebook.com\/QQpetsdogcollars\",\"https:\/\/www.instagram.com\/qqpetscollar\/\",\"https:\/\/www.pinterest.com\/qqpetsdogcollarsfactory\/\"]}]}<\/script>\n<!-- \/ Yoast SEO plugin. -->","yoast_head_json":{"title":"Collier d'identification intelligent avec code QR pour animaux de compagnie | QQPETS","description":"Prot\u00e9gez votre animal de compagnie avec notre \u00e9tiquette d'identification intelligente \u00e0 code QR. Personnalis\u00e9, tra\u00e7able et \u00e9l\u00e9gant. Parfait pour la tranquillit\u00e9 d'esprit !","robots":{"index":"index","follow":"follow","max-snippet":"max-snippet:-1","max-image-preview":"max-image-preview:large","max-video-preview":"max-video-preview:-1"},"canonical":"https:\/\/qqpets.com\/fr\/produit\/smart-qr-code-pet-collar-id-tag\/","og_locale":"fr_FR","og_type":"article","og_title":"Smart QR Code Pet Collar ID Tag | QQPETS","og_description":"Secure your pet with our Smart QR Code ID Tag. Custom, trackable, and stylish. Perfect for peace of mind!","og_url":"https:\/\/qqpets.com\/fr\/produit\/smart-qr-code-pet-collar-id-tag\/","og_site_name":"QQPETS","article_publisher":"https:\/\/www.facebook.com\/QQpetsdogcollars","article_modified_time":"2024-11-13T03:58:39+00:00","og_image":[{"width":1000,"height":1000,"url":"https:\/\/qqpets.com\/wp-content\/uploads\/2024\/09\/QR-CODE-PET-COLLAR2.webp","type":"image\/webp"}],"twitter_card":"summary_large_image","twitter_misc":{"Dur\u00e9e de lecture estim\u00e9e":"3 minutes"},"schema":{"@context":"https:\/\/schema.org","@graph":[{"@type":"WebPage","@id":"https:\/\/qqpets.com\/product\/smart-qr-code-pet-collar-id-tag\/","url":"https:\/\/qqpets.com\/product\/smart-qr-code-pet-collar-id-tag\/","name":"Collier d'identification intelligent avec code QR pour animaux de compagnie | QQPETS","isPartOf":{"@id":"https:\/\/qqpets.com\/#website"},"primaryImageOfPage":{"@id":"https:\/\/qqpets.com\/product\/smart-qr-code-pet-collar-id-tag\/#primaryimage"},"image":{"@id":"https:\/\/qqpets.com\/product\/smart-qr-code-pet-collar-id-tag\/#primaryimage"},"thumbnailUrl":"https:\/\/qqpets.com\/wp-content\/uploads\/2024\/09\/QR-CODE-PET-COLLAR2.webp","datePublished":"2024-09-07T07:54:26+00:00","dateModified":"2024-11-13T03:58:39+00:00","description":"Prot\u00e9gez votre animal de compagnie avec notre \u00e9tiquette d'identification intelligente \u00e0 code QR. Personnalis\u00e9, tra\u00e7able et \u00e9l\u00e9gant. Parfait pour la tranquillit\u00e9 d'esprit !","breadcrumb":{"@id":"https:\/\/qqpets.com\/product\/smart-qr-code-pet-collar-id-tag\/#breadcrumb"},"inLanguage":"fr-FR","potentialAction":[{"@type":"ReadAction","target":["https:\/\/qqpets.com\/product\/smart-qr-code-pet-collar-id-tag\/"]}]},{"@type":"ImageObject","inLanguage":"fr-FR","@id":"https:\/\/qqpets.com\/product\/smart-qr-code-pet-collar-id-tag\/#primaryimage","url":"https:\/\/qqpets.com\/wp-content\/uploads\/2024\/09\/QR-CODE-PET-COLLAR2.webp","contentUrl":"https:\/\/qqpets.com\/wp-content\/uploads\/2024\/09\/QR-CODE-PET-COLLAR2.webp","width":1000,"height":1000},{"@type":"BreadcrumbList","@id":"https:\/\/qqpets.com\/product\/smart-qr-code-pet-collar-id-tag\/#breadcrumb","itemListElement":[{"@type":"ListItem","position":1,"name":"Home","item":"https:\/\/qqpets.com\/"},{"@type":"ListItem","position":2,"name":"Products","item":"https:\/\/qqpets.com\/pet-products-manufacturer\/"},{"@type":"ListItem","position":3,"name":"Smart QR Code Pet Collar ID Tag"}]},{"@type":"WebSite","@id":"https:\/\/qqpets.com\/#website","url":"https:\/\/qqpets.com\/","name":"QQPETS","description":"QQPETS est une usine de produits pour animaux de compagnie qui fabrique des harnais pour chiens, des colliers pour chiens, des laisses pour chiens et des accessoires pour chiens avec un service professionnel personnalis\u00e9 depuis 2005.","publisher":{"@id":"https:\/\/qqpets.com\/#organization"},"potentialAction":[{"@type":"SearchAction","target":{"@type":"EntryPoint","urlTemplate":"https:\/\/qqpets.com\/?s={search_term_string}"},"query-input":{"@type":"PropertyValueSpecification","valueRequired":true,"valueName":"search_term_string"}}],"inLanguage":"fr-FR"},{"@type":"Organization","@id":"https:\/\/qqpets.com\/#organization","name":"QQPETS","url":"https:\/\/qqpets.com\/","logo":{"@type":"ImageObject","inLanguage":"fr-FR","@id":"https:\/\/qqpets.com\/#\/schema\/logo\/image\/","url":"https:\/\/qqpets.com\/wp-content\/uploads\/2023\/09\/cropped-cropped-qqpets-tiktok.jpg","contentUrl":"https:\/\/qqpets.com\/wp-content\/uploads\/2023\/09\/cropped-cropped-qqpets-tiktok.jpg","width":511,"height":511,"caption":"QQPETS"},"image":{"@id":"https:\/\/qqpets.com\/#\/schema\/logo\/image\/"},"sameAs":["https:\/\/www.facebook.com\/QQpetsdogcollars","https:\/\/www.instagram.com\/qqpetscollar\/","https:\/\/www.pinterest.com\/qqpetsdogcollarsfactory\/"]}]}},"_links":{"self":[{"href":"https:\/\/qqpets.com\/fr\/wp-json\/wp\/v2\/product\/7910","targetHints":{"allow":["GET"]}}],"collection":[{"href":"https:\/\/qqpets.com\/fr\/wp-json\/wp\/v2\/product"}],"about":[{"href":"https:\/\/qqpets.com\/fr\/wp-json\/wp\/v2\/types\/product"}],"wp:featuredmedia":[{"embeddable":true,"href":"https:\/\/qqpets.com\/fr\/wp-json\/wp\/v2\/media\/7912"}],"wp:attachment":[{"href":"https:\/\/qqpets.com\/fr\/wp-json\/wp\/v2\/media?parent=7910"}],"wp:term":[{"taxonomy":"product_brand","embeddable":true,"href":"https:\/\/qqpets.com\/fr\/wp-json\/wp\/v2\/product_brand?post=7910"},{"taxonomy":"product_cat","embeddable":true,"href":"https:\/\/qqpets.com\/fr\/wp-json\/wp\/v2\/product_cat?post=7910"},{"taxonomy":"product_tag","embeddable":true,"href":"https:\/\/qqpets.com\/fr\/wp-json\/wp\/v2\/product_tag?post=7910"}],"curies":[{"name":"wp","href":"https:\/\/api.w.org\/{rel}","templated":true}]}}