{"id":8041,"date":"2024-09-20T11:32:59","date_gmt":"2024-09-20T03:32:59","guid":{"rendered":"https:\/\/qqpets.com\/?post_type=product&#038;p=8041"},"modified":"2024-09-24T17:22:01","modified_gmt":"2024-09-24T09:22:01","slug":"reversible-dog-harness","status":"publish","type":"product","link":"https:\/\/qqpets.com\/fr\/produit\/reversible-dog-harness\/","title":{"rendered":"Harnais r\u00e9versible pour chien"},"content":{"rendered":"<p>Voici notre harnais r\u00e9versible polyvalent pour chiens, l'accessoire parfait pour les chiens qui aiment que leur garde-robe soit aussi dynamique que leurs promenades. Ce harnais innovant vous permet de passer d'un motif \u00e0 l'autre d'un simple geste, pour un look renouvel\u00e9 \u00e0 chaque sortie.<\/p>\n<p><strong>Caract\u00e9ristiques principales :<\/strong><\/p>\n<ul>\n<li><strong>Double conception :<\/strong> Chaque harnais est livr\u00e9 avec deux motifs uniques qui attirent l'attention. Que vous ayez envie d'un imprim\u00e9 audacieux ou d'un classique subtil, vous pouvez facilement inverser le harnais pour changer de look.<\/li>\n<li><strong>Le confort \u00e0 l'honneur :<\/strong> Fabriqu\u00e9s \u00e0 partir de mat\u00e9riaux doux et respirants qui n'irritent pas la peau de votre animal, ils garantissent son confort pendant les longues promenades.<\/li>\n<li><strong>Ajustable Ajustement :<\/strong> Les sangles enti\u00e8rement r\u00e9glables permettent un ajustement personnalis\u00e9 pour s'adapter \u00e0 la croissance ou aux changements de taille de votre chien. L'ajustement parfait assure la s\u00e9curit\u00e9 et le confort de votre chien, r\u00e9duisant ainsi le risque de fuite.<\/li>\n<li><strong>Facile \u00e0 utiliser :<\/strong> Des caract\u00e9ristiques telles que les boucles \u00e0 d\u00e9gagement rapide permettent d'enfiler et d'enlever facilement le harnais, ce qui rend la pr\u00e9paration des promenades rapide et sans souci.<\/li>\n<li><strong>Construction durable :<\/strong> Fabriqu\u00e9 avec des mat\u00e9riaux de haute qualit\u00e9, ce harnais est con\u00e7u pour r\u00e9sister aux rigueurs d'une utilisation active, garantissant une utilisation durable sans sacrifier le style.<\/li>\n<\/ul>\n<p>Que vous vous rendiez au parc pour chiens, \u00e0 une promenade en ville ou \u00e0 un rassemblement o\u00f9 votre animal doit se montrer sous son meilleur jour, notre harnais r\u00e9versible pour chiens r\u00e9siste aux exigences de l'utilisation quotidienne tout en conservant l'\u00e9l\u00e9gance de votre chien. C'est le choix id\u00e9al pour les propri\u00e9taires d'animaux qui appr\u00e9cient la fonctionnalit\u00e9, le style et la polyvalence de leurs accessoires pour chiens.<\/p>\n<p>Choisissez notre harnais r\u00e9versible pour chien pour donner \u00e0 vos promenades une touche de style et de vari\u00e9t\u00e9, rendant chaque sortie avec votre animal unique et agr\u00e9able. C'est plus qu'un simple harnais, c'est un \u00e9l\u00e9ment de mode qui r\u00e9pond \u00e0 des besoins pratiques.<\/p>\n<h5><strong>Qu'est-ce qu'une sellette r\u00e9versible ?<\/strong><\/h5>\n<p>Un harnais r\u00e9versible est un type de harnais pour chien qui peut \u00eatre port\u00e9 des deux c\u00f4t\u00e9s. Il pr\u00e9sente g\u00e9n\u00e9ralement deux motifs ou couleurs diff\u00e9rents, un de chaque c\u00f4t\u00e9, ce qui permet au propri\u00e9taire de passer de l'un \u00e0 l'autre sans avoir besoin de deux harnais distincts.<\/p>\n<h5><strong>Quel est le harnais dont un chien ne peut se d\u00e9faire ?<\/strong><\/h5>\n<p>Les harnais bien ajust\u00e9s et dot\u00e9s de plusieurs points de r\u00e9glage, tels que ceux munis d'une boucle de martingale \u00e0 la poitrine, sont con\u00e7us pour emp\u00eacher les chiens de reculer. Ces harnais sont g\u00e9n\u00e9ralement tr\u00e8s ajust\u00e9s et se resserrent l\u00e9g\u00e8rement lorsque le chien tire, ce qui l'emp\u00eache de s'\u00e9chapper.<\/p>\n<h5><strong>Les chiens peuvent-ils tirer plus fort avec un harnais ?<\/strong><\/h5>\n<p>Oui, certains chiens peuvent tirer plus fort avec un harnais \u00e0 pinces dorsales parce qu'il leur permet d'utiliser tout le poids de leur corps pour tirer vers l'avant sans g\u00eane pour leur cou. Les harnais \u00e0 pinces avant ou sans traction sont con\u00e7us pour att\u00e9nuer ce probl\u00e8me en redirigeant la force de traction sur le c\u00f4t\u00e9 ou vers le propri\u00e9taire, ce qui rend la traction plus difficile pour le chien.<\/p>\n<h5><strong>Un chien peut-il porter un harnais en permanence ?<\/strong><\/h5>\n<p>Il n'est pas recommand\u00e9 de porter un harnais en permanence. Un port continu peut entra\u00eener une irritation de la peau, un emm\u00ealement des poils ou une g\u00eane, en particulier sous les bras. Il est pr\u00e9f\u00e9rable d'enlever le harnais lorsqu'il n'est pas utilis\u00e9, par exemple \u00e0 l'int\u00e9rieur ou lorsque le chien se repose.<\/p>","protected":false},"excerpt":{"rendered":"<p>Rafra\u00eechissez vos promenades avec notre harnais r\u00e9versible pour chien, qui offre deux motifs \u00e9l\u00e9gants en un seul mod\u00e8le pratique. Parfait pour les animaux et les ma\u00eetres \u00e0 la pointe de la mode, ce harnais est con\u00e7u pour \u00eatre confortable et durable. Il est dot\u00e9 de sangles r\u00e9glables pour un ajustement parfait et de boucles \u00e0 d\u00e9gagement rapide pour l'enfiler et l'enlever facilement. L\u00e9ger mais robuste, il offre un contr\u00f4le et un confort optimaux pendant les promenades. Id\u00e9al pour toutes les occasions, ce harnais r\u00e9versible permet de changer de look sans effort.<\/p>","protected":false},"featured_media":8227,"template":"","meta":[],"product_brand":[],"product_cat":[23],"product_tag":[],"class_list":{"0":"post-8041","1":"product","2":"type-product","3":"status-publish","4":"has-post-thumbnail","6":"product_cat-dog-harness","7":"pa_brand-qqpets","9":"first","10":"instock","11":"shipping-taxable","12":"product-type-simple"},"yoast_head":"<!-- This site is optimized with the Yoast SEO plugin v26.6 - https:\/\/yoast.com\/wordpress\/plugins\/seo\/ -->\n<title>Reversible Dog Harness | QQPETS<\/title>\n<meta name=\"description\" content=\"Switch up your style with our Reversible Dog Harness. Two looks in one for every adventure. Shop now for versatility!\" \/>\n<meta name=\"robots\" content=\"index, follow, max-snippet:-1, max-image-preview:large, max-video-preview:-1\" \/>\n<link rel=\"canonical\" href=\"https:\/\/qqpets.com\/fr\/produit\/reversible-dog-harness\/\" \/>\n<meta property=\"og:locale\" content=\"fr_FR\" \/>\n<meta property=\"og:type\" content=\"article\" \/>\n<meta property=\"og:title\" content=\"Reversible Dog Harness | QQPETS\" \/>\n<meta property=\"og:description\" content=\"Switch up your style with our Reversible Dog Harness. Two looks in one for every adventure. Shop now for versatility!\" \/>\n<meta property=\"og:url\" content=\"https:\/\/qqpets.com\/fr\/produit\/reversible-dog-harness\/\" \/>\n<meta property=\"og:site_name\" content=\"QQPETS\" \/>\n<meta property=\"article:publisher\" content=\"https:\/\/www.facebook.com\/QQpetsdogcollars\" \/>\n<meta property=\"article:modified_time\" content=\"2024-09-24T09:22:01+00:00\" \/>\n<meta property=\"og:image\" content=\"https:\/\/qqpets.com\/wp-content\/uploads\/2024\/09\/Reversible-dog-Harness1-2.webp\" \/>\n\t<meta property=\"og:image:width\" content=\"1000\" \/>\n\t<meta property=\"og:image:height\" content=\"1000\" \/>\n\t<meta property=\"og:image:type\" content=\"image\/webp\" \/>\n<meta name=\"twitter:card\" content=\"summary_large_image\" \/>\n<meta name=\"twitter:label1\" content=\"Dur\u00e9e de lecture estim\u00e9e\" \/>\n\t<meta name=\"twitter:data1\" content=\"3 minutes\" \/>\n<script type=\"application\/ld+json\" class=\"yoast-schema-graph\">{\"@context\":\"https:\/\/schema.org\",\"@graph\":[{\"@type\":\"WebPage\",\"@id\":\"https:\/\/qqpets.com\/product\/reversible-dog-harness\/\",\"url\":\"https:\/\/qqpets.com\/product\/reversible-dog-harness\/\",\"name\":\"Reversible Dog Harness | QQPETS\",\"isPartOf\":{\"@id\":\"https:\/\/qqpets.com\/#website\"},\"primaryImageOfPage\":{\"@id\":\"https:\/\/qqpets.com\/product\/reversible-dog-harness\/#primaryimage\"},\"image\":{\"@id\":\"https:\/\/qqpets.com\/product\/reversible-dog-harness\/#primaryimage\"},\"thumbnailUrl\":\"https:\/\/qqpets.com\/wp-content\/uploads\/2024\/09\/Reversible-dog-Harness1-2.webp\",\"datePublished\":\"2024-09-20T03:32:59+00:00\",\"dateModified\":\"2024-09-24T09:22:01+00:00\",\"description\":\"Switch up your style with our Reversible Dog Harness. Two looks in one for every adventure. Shop now for versatility!\",\"breadcrumb\":{\"@id\":\"https:\/\/qqpets.com\/product\/reversible-dog-harness\/#breadcrumb\"},\"inLanguage\":\"fr-FR\",\"potentialAction\":[{\"@type\":\"ReadAction\",\"target\":[\"https:\/\/qqpets.com\/product\/reversible-dog-harness\/\"]}]},{\"@type\":\"ImageObject\",\"inLanguage\":\"fr-FR\",\"@id\":\"https:\/\/qqpets.com\/product\/reversible-dog-harness\/#primaryimage\",\"url\":\"https:\/\/qqpets.com\/wp-content\/uploads\/2024\/09\/Reversible-dog-Harness1-2.webp\",\"contentUrl\":\"https:\/\/qqpets.com\/wp-content\/uploads\/2024\/09\/Reversible-dog-Harness1-2.webp\",\"width\":1000,\"height\":1000,\"caption\":\"Reversible-dog-Harness1 (2)\"},{\"@type\":\"BreadcrumbList\",\"@id\":\"https:\/\/qqpets.com\/product\/reversible-dog-harness\/#breadcrumb\",\"itemListElement\":[{\"@type\":\"ListItem\",\"position\":1,\"name\":\"Home\",\"item\":\"https:\/\/qqpets.com\/\"},{\"@type\":\"ListItem\",\"position\":2,\"name\":\"Products\",\"item\":\"https:\/\/qqpets.com\/pet-products-manufacturer\/\"},{\"@type\":\"ListItem\",\"position\":3,\"name\":\"Reversible Dog Harness\"}]},{\"@type\":\"WebSite\",\"@id\":\"https:\/\/qqpets.com\/#website\",\"url\":\"https:\/\/qqpets.com\/\",\"name\":\"QQPETS\",\"description\":\"QQPETS is a pet products factory for dog harnesses, dog collars, dog leashes and dog accessories with professional customized service since 2005.\",\"publisher\":{\"@id\":\"https:\/\/qqpets.com\/#organization\"},\"potentialAction\":[{\"@type\":\"SearchAction\",\"target\":{\"@type\":\"EntryPoint\",\"urlTemplate\":\"https:\/\/qqpets.com\/?s={search_term_string}\"},\"query-input\":{\"@type\":\"PropertyValueSpecification\",\"valueRequired\":true,\"valueName\":\"search_term_string\"}}],\"inLanguage\":\"fr-FR\"},{\"@type\":\"Organization\",\"@id\":\"https:\/\/qqpets.com\/#organization\",\"name\":\"QQPETS\",\"url\":\"https:\/\/qqpets.com\/\",\"logo\":{\"@type\":\"ImageObject\",\"inLanguage\":\"fr-FR\",\"@id\":\"https:\/\/qqpets.com\/#\/schema\/logo\/image\/\",\"url\":\"https:\/\/qqpets.com\/wp-content\/uploads\/2023\/09\/cropped-cropped-qqpets-tiktok.jpg\",\"contentUrl\":\"https:\/\/qqpets.com\/wp-content\/uploads\/2023\/09\/cropped-cropped-qqpets-tiktok.jpg\",\"width\":511,\"height\":511,\"caption\":\"QQPETS\"},\"image\":{\"@id\":\"https:\/\/qqpets.com\/#\/schema\/logo\/image\/\"},\"sameAs\":[\"https:\/\/www.facebook.com\/QQpetsdogcollars\",\"https:\/\/www.instagram.com\/qqpetscollar\/\",\"https:\/\/www.pinterest.com\/qqpetsdogcollarsfactory\/\"]}]}<\/script>\n<!-- \/ Yoast SEO plugin. -->","yoast_head_json":{"title":"Harnais r\u00e9versible pour chien | QQPETS","description":"Changez de style avec notre harnais r\u00e9versible pour chien. Deux looks en un pour toutes les aventures. Magasinez maintenant pour la polyvalence !","robots":{"index":"index","follow":"follow","max-snippet":"max-snippet:-1","max-image-preview":"max-image-preview:large","max-video-preview":"max-video-preview:-1"},"canonical":"https:\/\/qqpets.com\/fr\/produit\/reversible-dog-harness\/","og_locale":"fr_FR","og_type":"article","og_title":"Reversible Dog Harness | QQPETS","og_description":"Switch up your style with our Reversible Dog Harness. Two looks in one for every adventure. Shop now for versatility!","og_url":"https:\/\/qqpets.com\/fr\/produit\/reversible-dog-harness\/","og_site_name":"QQPETS","article_publisher":"https:\/\/www.facebook.com\/QQpetsdogcollars","article_modified_time":"2024-09-24T09:22:01+00:00","og_image":[{"width":1000,"height":1000,"url":"https:\/\/qqpets.com\/wp-content\/uploads\/2024\/09\/Reversible-dog-Harness1-2.webp","type":"image\/webp"}],"twitter_card":"summary_large_image","twitter_misc":{"Dur\u00e9e de lecture estim\u00e9e":"3 minutes"},"schema":{"@context":"https:\/\/schema.org","@graph":[{"@type":"WebPage","@id":"https:\/\/qqpets.com\/product\/reversible-dog-harness\/","url":"https:\/\/qqpets.com\/product\/reversible-dog-harness\/","name":"Harnais r\u00e9versible pour chien | QQPETS","isPartOf":{"@id":"https:\/\/qqpets.com\/#website"},"primaryImageOfPage":{"@id":"https:\/\/qqpets.com\/product\/reversible-dog-harness\/#primaryimage"},"image":{"@id":"https:\/\/qqpets.com\/product\/reversible-dog-harness\/#primaryimage"},"thumbnailUrl":"https:\/\/qqpets.com\/wp-content\/uploads\/2024\/09\/Reversible-dog-Harness1-2.webp","datePublished":"2024-09-20T03:32:59+00:00","dateModified":"2024-09-24T09:22:01+00:00","description":"Changez de style avec notre harnais r\u00e9versible pour chien. Deux looks en un pour toutes les aventures. Magasinez maintenant pour la polyvalence !","breadcrumb":{"@id":"https:\/\/qqpets.com\/product\/reversible-dog-harness\/#breadcrumb"},"inLanguage":"fr-FR","potentialAction":[{"@type":"ReadAction","target":["https:\/\/qqpets.com\/product\/reversible-dog-harness\/"]}]},{"@type":"ImageObject","inLanguage":"fr-FR","@id":"https:\/\/qqpets.com\/product\/reversible-dog-harness\/#primaryimage","url":"https:\/\/qqpets.com\/wp-content\/uploads\/2024\/09\/Reversible-dog-Harness1-2.webp","contentUrl":"https:\/\/qqpets.com\/wp-content\/uploads\/2024\/09\/Reversible-dog-Harness1-2.webp","width":1000,"height":1000,"caption":"Reversible-dog-Harness1 (2)"},{"@type":"BreadcrumbList","@id":"https:\/\/qqpets.com\/product\/reversible-dog-harness\/#breadcrumb","itemListElement":[{"@type":"ListItem","position":1,"name":"Home","item":"https:\/\/qqpets.com\/"},{"@type":"ListItem","position":2,"name":"Products","item":"https:\/\/qqpets.com\/pet-products-manufacturer\/"},{"@type":"ListItem","position":3,"name":"Reversible Dog Harness"}]},{"@type":"WebSite","@id":"https:\/\/qqpets.com\/#website","url":"https:\/\/qqpets.com\/","name":"QQPETS","description":"QQPETS est une usine de produits pour animaux de compagnie qui fabrique des harnais pour chiens, des colliers pour chiens, des laisses pour chiens et des accessoires pour chiens avec un service professionnel personnalis\u00e9 depuis 2005.","publisher":{"@id":"https:\/\/qqpets.com\/#organization"},"potentialAction":[{"@type":"SearchAction","target":{"@type":"EntryPoint","urlTemplate":"https:\/\/qqpets.com\/?s={search_term_string}"},"query-input":{"@type":"PropertyValueSpecification","valueRequired":true,"valueName":"search_term_string"}}],"inLanguage":"fr-FR"},{"@type":"Organization","@id":"https:\/\/qqpets.com\/#organization","name":"QQPETS","url":"https:\/\/qqpets.com\/","logo":{"@type":"ImageObject","inLanguage":"fr-FR","@id":"https:\/\/qqpets.com\/#\/schema\/logo\/image\/","url":"https:\/\/qqpets.com\/wp-content\/uploads\/2023\/09\/cropped-cropped-qqpets-tiktok.jpg","contentUrl":"https:\/\/qqpets.com\/wp-content\/uploads\/2023\/09\/cropped-cropped-qqpets-tiktok.jpg","width":511,"height":511,"caption":"QQPETS"},"image":{"@id":"https:\/\/qqpets.com\/#\/schema\/logo\/image\/"},"sameAs":["https:\/\/www.facebook.com\/QQpetsdogcollars","https:\/\/www.instagram.com\/qqpetscollar\/","https:\/\/www.pinterest.com\/qqpetsdogcollarsfactory\/"]}]}},"_links":{"self":[{"href":"https:\/\/qqpets.com\/fr\/wp-json\/wp\/v2\/product\/8041","targetHints":{"allow":["GET"]}}],"collection":[{"href":"https:\/\/qqpets.com\/fr\/wp-json\/wp\/v2\/product"}],"about":[{"href":"https:\/\/qqpets.com\/fr\/wp-json\/wp\/v2\/types\/product"}],"wp:featuredmedia":[{"embeddable":true,"href":"https:\/\/qqpets.com\/fr\/wp-json\/wp\/v2\/media\/8227"}],"wp:attachment":[{"href":"https:\/\/qqpets.com\/fr\/wp-json\/wp\/v2\/media?parent=8041"}],"wp:term":[{"taxonomy":"product_brand","embeddable":true,"href":"https:\/\/qqpets.com\/fr\/wp-json\/wp\/v2\/product_brand?post=8041"},{"taxonomy":"product_cat","embeddable":true,"href":"https:\/\/qqpets.com\/fr\/wp-json\/wp\/v2\/product_cat?post=8041"},{"taxonomy":"product_tag","embeddable":true,"href":"https:\/\/qqpets.com\/fr\/wp-json\/wp\/v2\/product_tag?post=8041"}],"curies":[{"name":"wp","href":"https:\/\/api.w.org\/{rel}","templated":true}]}}