{"id":8086,"date":"2024-09-20T17:52:18","date_gmt":"2024-09-20T09:52:18","guid":{"rendered":"https:\/\/qqpets.com\/?post_type=product&#038;p=8086"},"modified":"2024-11-13T14:04:02","modified_gmt":"2024-11-13T06:04:02","slug":"reflective-dog-harness-with-handle","status":"publish","type":"product","link":"https:\/\/qqpets.com\/fr\/produit\/reflective-dog-harness-with-handle\/","title":{"rendered":"Harnais r\u00e9fl\u00e9chissant No Pull pour chien avec poign\u00e9e"},"content":{"rendered":"<p>Introduisez un nouveau niveau de dressage et de confort dans la routine de votre chien avec notre harnais r\u00e9fl\u00e9chissant No Pull Training avec poign\u00e9e. Ce harnais de qualit\u00e9 sup\u00e9rieure est sp\u00e9cialement con\u00e7u pour d\u00e9courager la traction, ce qui rend les promenades et les s\u00e9ances de dressage plus agr\u00e9ables et moins stressantes pour vous et votre animal.<\/p>\n<p><strong>Caract\u00e9ristiques principales :<\/strong><\/p>\n<ul>\n<li><strong>Bandes r\u00e9fl\u00e9chissantes :<\/strong> Pour plus de s\u00e9curit\u00e9 lors des promenades nocturnes, le harnais est \u00e9quip\u00e9 de bandes r\u00e9fl\u00e9chissantes qui permettent \u00e0 votre chien d'\u00eatre visible de loin dans des conditions de faible luminosit\u00e9.<\/li>\n<li><strong>Poign\u00e9e robuste :<\/strong> La poign\u00e9e int\u00e9gr\u00e9e permet un contr\u00f4le suppl\u00e9mentaire pendant les s\u00e9ances de dressage ou lorsque vous devez guider votre chien de pr\u00e8s, offrant une contention imm\u00e9diate et douce.<\/li>\n<li><strong>Non Conception de la traction :<\/strong> En r\u00e9partissant la pression uniform\u00e9ment sur la poitrine du chien plut\u00f4t que sur son cou, ce harnais \u00e9vite l'\u00e9touffement et r\u00e9duit l'instinct de traction, ce qui rend les promenades plus agr\u00e9ables.<\/li>\n<li><strong>Mat\u00e9riaux durables :<\/strong> Fabriqu\u00e9 dans des tissus de haute qualit\u00e9 qui r\u00e9sistent \u00e0 l'usure quotidienne, le harnais est \u00e0 la fois durable et confortable, avec un rembourrage doux pour prot\u00e9ger la peau de votre chien.<\/li>\n<li><strong>Ajustable Ajustement :<\/strong> Les sangles enti\u00e8rement r\u00e9glables vous permettent d'adapter la taille \u00e0 celle de votre chien, garantissant confort et s\u00e9curit\u00e9 lors de toute activit\u00e9.<\/li>\n<li><strong>Utilisation polyvalente :<\/strong> Id\u00e9al pour les promenades quotidiennes, les s\u00e9ances d'entra\u00eenement rigoureuses et tout ce qui se trouve entre les deux, ce harnais r\u00e9pond aux divers besoins des animaux actifs et de leurs propri\u00e9taires.<\/li>\n<\/ul>\n<p>Notre harnais r\u00e9fl\u00e9chissant No Pull Training avec poign\u00e9e est plus qu'un simple outil pour g\u00e9rer votre animal de compagnie ; c'est un investissement pour am\u00e9liorer la qualit\u00e9 de vos aventures en plein air. Il garantit la s\u00e9curit\u00e9, le confort et le contr\u00f4le, ce qui en fait un outil indispensable pour les propri\u00e9taires d'animaux consciencieux, soucieux d'offrir \u00e0 leurs chiens les meilleurs soins et le meilleur dressage. \u00c9quipez votre compagnon \u00e0 quatre pattes de notre harnais et transformez vos s\u00e9ances de dressage et vos promenades en activit\u00e9s agr\u00e9ables et sans stress.<\/p>","protected":false},"excerpt":{"rendered":"<p>Ma\u00eetrisez le dressage et les promenades avec notre harnais r\u00e9fl\u00e9chissant No Pull pour chien, dot\u00e9 d'une poign\u00e9e robuste pour un meilleur contr\u00f4le. Ce harnais est con\u00e7u pour r\u00e9partir uniform\u00e9ment la pression sur le poitrail, afin d'\u00e9viter l'\u00e9touffement et de r\u00e9duire la traction. Fabriqu\u00e9 \u00e0 partir de mat\u00e9riaux durables avec des bandes r\u00e9fl\u00e9chissantes pour la s\u00e9curit\u00e9 nocturne, il offre \u00e0 la fois r\u00e9sistance et visibilit\u00e9. Les sangles r\u00e9glables garantissent un ajustement parfait, ce qui le rend adapt\u00e9 \u00e0 toutes les races. Id\u00e9al pour les promenades quotidiennes et les s\u00e9ances de dressage, il favorise une meilleure prise en main et des sorties plus s\u00fbres et plus agr\u00e9ables.<\/p>","protected":false},"featured_media":8087,"template":"","meta":[],"product_brand":[],"product_cat":[23],"product_tag":[],"class_list":{"0":"post-8086","1":"product","2":"type-product","3":"status-publish","4":"has-post-thumbnail","6":"product_cat-dog-harness","7":"pa_brand-qqpets","9":"first","10":"instock","11":"shipping-taxable","12":"product-type-simple"},"yoast_head":"<!-- This site is optimized with the Yoast SEO plugin v26.6 - https:\/\/yoast.com\/wordpress\/plugins\/seo\/ -->\n<title>No Pull Reflective Dog Harness With Handle | QQPETS<\/title>\n<meta name=\"description\" content=\"Train with ease using our No Pull Reflective Dog Harness. Enhanced control and comfort for your pet. Shop now!\" \/>\n<meta name=\"robots\" content=\"index, follow, max-snippet:-1, max-image-preview:large, max-video-preview:-1\" \/>\n<link rel=\"canonical\" href=\"https:\/\/qqpets.com\/fr\/produit\/reflective-dog-harness-with-handle\/\" \/>\n<meta property=\"og:locale\" content=\"fr_FR\" \/>\n<meta property=\"og:type\" content=\"article\" \/>\n<meta property=\"og:title\" content=\"No Pull Reflective Dog Harness With Handle | QQPETS\" \/>\n<meta property=\"og:description\" content=\"Train with ease using our No Pull Reflective Dog Harness. Enhanced control and comfort for your pet. Shop now!\" \/>\n<meta property=\"og:url\" content=\"https:\/\/qqpets.com\/fr\/produit\/reflective-dog-harness-with-handle\/\" \/>\n<meta property=\"og:site_name\" content=\"QQPETS\" \/>\n<meta property=\"article:publisher\" content=\"https:\/\/www.facebook.com\/QQpetsdogcollars\" \/>\n<meta property=\"article:modified_time\" content=\"2024-11-13T06:04:02+00:00\" \/>\n<meta property=\"og:image\" content=\"https:\/\/qqpets.com\/wp-content\/uploads\/2024\/09\/No-Pull-Traning-Reflective-Dog-Harness-With-Handle1.webp\" \/>\n\t<meta property=\"og:image:width\" content=\"1600\" \/>\n\t<meta property=\"og:image:height\" content=\"1600\" \/>\n\t<meta property=\"og:image:type\" content=\"image\/webp\" \/>\n<meta name=\"twitter:card\" content=\"summary_large_image\" \/>\n<meta name=\"twitter:label1\" content=\"Dur\u00e9e de lecture estim\u00e9e\" \/>\n\t<meta name=\"twitter:data1\" content=\"2 minutes\" \/>\n<script type=\"application\/ld+json\" class=\"yoast-schema-graph\">{\"@context\":\"https:\/\/schema.org\",\"@graph\":[{\"@type\":\"WebPage\",\"@id\":\"https:\/\/qqpets.com\/product\/reflective-dog-harness-with-handle\/\",\"url\":\"https:\/\/qqpets.com\/product\/reflective-dog-harness-with-handle\/\",\"name\":\"No Pull Reflective Dog Harness With Handle | QQPETS\",\"isPartOf\":{\"@id\":\"https:\/\/qqpets.com\/#website\"},\"primaryImageOfPage\":{\"@id\":\"https:\/\/qqpets.com\/product\/reflective-dog-harness-with-handle\/#primaryimage\"},\"image\":{\"@id\":\"https:\/\/qqpets.com\/product\/reflective-dog-harness-with-handle\/#primaryimage\"},\"thumbnailUrl\":\"https:\/\/qqpets.com\/wp-content\/uploads\/2024\/09\/No-Pull-Traning-Reflective-Dog-Harness-With-Handle1.webp\",\"datePublished\":\"2024-09-20T09:52:18+00:00\",\"dateModified\":\"2024-11-13T06:04:02+00:00\",\"description\":\"Train with ease using our No Pull Reflective Dog Harness. Enhanced control and comfort for your pet. Shop now!\",\"breadcrumb\":{\"@id\":\"https:\/\/qqpets.com\/product\/reflective-dog-harness-with-handle\/#breadcrumb\"},\"inLanguage\":\"fr-FR\",\"potentialAction\":[{\"@type\":\"ReadAction\",\"target\":[\"https:\/\/qqpets.com\/product\/reflective-dog-harness-with-handle\/\"]}]},{\"@type\":\"ImageObject\",\"inLanguage\":\"fr-FR\",\"@id\":\"https:\/\/qqpets.com\/product\/reflective-dog-harness-with-handle\/#primaryimage\",\"url\":\"https:\/\/qqpets.com\/wp-content\/uploads\/2024\/09\/No-Pull-Traning-Reflective-Dog-Harness-With-Handle1.webp\",\"contentUrl\":\"https:\/\/qqpets.com\/wp-content\/uploads\/2024\/09\/No-Pull-Traning-Reflective-Dog-Harness-With-Handle1.webp\",\"width\":1600,\"height\":1600},{\"@type\":\"BreadcrumbList\",\"@id\":\"https:\/\/qqpets.com\/product\/reflective-dog-harness-with-handle\/#breadcrumb\",\"itemListElement\":[{\"@type\":\"ListItem\",\"position\":1,\"name\":\"Home\",\"item\":\"https:\/\/qqpets.com\/\"},{\"@type\":\"ListItem\",\"position\":2,\"name\":\"Products\",\"item\":\"https:\/\/qqpets.com\/pet-products-manufacturer\/\"},{\"@type\":\"ListItem\",\"position\":3,\"name\":\"No Pull Reflective Dog Harness With Handle\"}]},{\"@type\":\"WebSite\",\"@id\":\"https:\/\/qqpets.com\/#website\",\"url\":\"https:\/\/qqpets.com\/\",\"name\":\"QQPETS\",\"description\":\"QQPETS is a pet products factory for dog harnesses, dog collars, dog leashes and dog accessories with professional customized service since 2005.\",\"publisher\":{\"@id\":\"https:\/\/qqpets.com\/#organization\"},\"potentialAction\":[{\"@type\":\"SearchAction\",\"target\":{\"@type\":\"EntryPoint\",\"urlTemplate\":\"https:\/\/qqpets.com\/?s={search_term_string}\"},\"query-input\":{\"@type\":\"PropertyValueSpecification\",\"valueRequired\":true,\"valueName\":\"search_term_string\"}}],\"inLanguage\":\"fr-FR\"},{\"@type\":\"Organization\",\"@id\":\"https:\/\/qqpets.com\/#organization\",\"name\":\"QQPETS\",\"url\":\"https:\/\/qqpets.com\/\",\"logo\":{\"@type\":\"ImageObject\",\"inLanguage\":\"fr-FR\",\"@id\":\"https:\/\/qqpets.com\/#\/schema\/logo\/image\/\",\"url\":\"https:\/\/qqpets.com\/wp-content\/uploads\/2023\/09\/cropped-cropped-qqpets-tiktok.jpg\",\"contentUrl\":\"https:\/\/qqpets.com\/wp-content\/uploads\/2023\/09\/cropped-cropped-qqpets-tiktok.jpg\",\"width\":511,\"height\":511,\"caption\":\"QQPETS\"},\"image\":{\"@id\":\"https:\/\/qqpets.com\/#\/schema\/logo\/image\/\"},\"sameAs\":[\"https:\/\/www.facebook.com\/QQpetsdogcollars\",\"https:\/\/www.instagram.com\/qqpetscollar\/\",\"https:\/\/www.pinterest.com\/qqpetsdogcollarsfactory\/\"]}]}<\/script>\n<!-- \/ Yoast SEO plugin. -->","yoast_head_json":{"title":"Harnais r\u00e9fl\u00e9chissant No Pull pour chien avec poign\u00e9e | QQPETS","description":"Entra\u00eenez-vous facilement gr\u00e2ce \u00e0 notre harnais r\u00e9fl\u00e9chissant pour chien No Pull. Un contr\u00f4le et un confort accrus pour votre animal. Acheter maintenant !","robots":{"index":"index","follow":"follow","max-snippet":"max-snippet:-1","max-image-preview":"max-image-preview:large","max-video-preview":"max-video-preview:-1"},"canonical":"https:\/\/qqpets.com\/fr\/produit\/reflective-dog-harness-with-handle\/","og_locale":"fr_FR","og_type":"article","og_title":"No Pull Reflective Dog Harness With Handle | QQPETS","og_description":"Train with ease using our No Pull Reflective Dog Harness. Enhanced control and comfort for your pet. Shop now!","og_url":"https:\/\/qqpets.com\/fr\/produit\/reflective-dog-harness-with-handle\/","og_site_name":"QQPETS","article_publisher":"https:\/\/www.facebook.com\/QQpetsdogcollars","article_modified_time":"2024-11-13T06:04:02+00:00","og_image":[{"width":1600,"height":1600,"url":"https:\/\/qqpets.com\/wp-content\/uploads\/2024\/09\/No-Pull-Traning-Reflective-Dog-Harness-With-Handle1.webp","type":"image\/webp"}],"twitter_card":"summary_large_image","twitter_misc":{"Dur\u00e9e de lecture estim\u00e9e":"2 minutes"},"schema":{"@context":"https:\/\/schema.org","@graph":[{"@type":"WebPage","@id":"https:\/\/qqpets.com\/product\/reflective-dog-harness-with-handle\/","url":"https:\/\/qqpets.com\/product\/reflective-dog-harness-with-handle\/","name":"Harnais r\u00e9fl\u00e9chissant No Pull pour chien avec poign\u00e9e | QQPETS","isPartOf":{"@id":"https:\/\/qqpets.com\/#website"},"primaryImageOfPage":{"@id":"https:\/\/qqpets.com\/product\/reflective-dog-harness-with-handle\/#primaryimage"},"image":{"@id":"https:\/\/qqpets.com\/product\/reflective-dog-harness-with-handle\/#primaryimage"},"thumbnailUrl":"https:\/\/qqpets.com\/wp-content\/uploads\/2024\/09\/No-Pull-Traning-Reflective-Dog-Harness-With-Handle1.webp","datePublished":"2024-09-20T09:52:18+00:00","dateModified":"2024-11-13T06:04:02+00:00","description":"Entra\u00eenez-vous facilement gr\u00e2ce \u00e0 notre harnais r\u00e9fl\u00e9chissant pour chien No Pull. Un contr\u00f4le et un confort accrus pour votre animal. Acheter maintenant !","breadcrumb":{"@id":"https:\/\/qqpets.com\/product\/reflective-dog-harness-with-handle\/#breadcrumb"},"inLanguage":"fr-FR","potentialAction":[{"@type":"ReadAction","target":["https:\/\/qqpets.com\/product\/reflective-dog-harness-with-handle\/"]}]},{"@type":"ImageObject","inLanguage":"fr-FR","@id":"https:\/\/qqpets.com\/product\/reflective-dog-harness-with-handle\/#primaryimage","url":"https:\/\/qqpets.com\/wp-content\/uploads\/2024\/09\/No-Pull-Traning-Reflective-Dog-Harness-With-Handle1.webp","contentUrl":"https:\/\/qqpets.com\/wp-content\/uploads\/2024\/09\/No-Pull-Traning-Reflective-Dog-Harness-With-Handle1.webp","width":1600,"height":1600},{"@type":"BreadcrumbList","@id":"https:\/\/qqpets.com\/product\/reflective-dog-harness-with-handle\/#breadcrumb","itemListElement":[{"@type":"ListItem","position":1,"name":"Home","item":"https:\/\/qqpets.com\/"},{"@type":"ListItem","position":2,"name":"Products","item":"https:\/\/qqpets.com\/pet-products-manufacturer\/"},{"@type":"ListItem","position":3,"name":"No Pull Reflective Dog Harness With Handle"}]},{"@type":"WebSite","@id":"https:\/\/qqpets.com\/#website","url":"https:\/\/qqpets.com\/","name":"QQPETS","description":"QQPETS est une usine de produits pour animaux de compagnie qui fabrique des harnais pour chiens, des colliers pour chiens, des laisses pour chiens et des accessoires pour chiens avec un service professionnel personnalis\u00e9 depuis 2005.","publisher":{"@id":"https:\/\/qqpets.com\/#organization"},"potentialAction":[{"@type":"SearchAction","target":{"@type":"EntryPoint","urlTemplate":"https:\/\/qqpets.com\/?s={search_term_string}"},"query-input":{"@type":"PropertyValueSpecification","valueRequired":true,"valueName":"search_term_string"}}],"inLanguage":"fr-FR"},{"@type":"Organization","@id":"https:\/\/qqpets.com\/#organization","name":"QQPETS","url":"https:\/\/qqpets.com\/","logo":{"@type":"ImageObject","inLanguage":"fr-FR","@id":"https:\/\/qqpets.com\/#\/schema\/logo\/image\/","url":"https:\/\/qqpets.com\/wp-content\/uploads\/2023\/09\/cropped-cropped-qqpets-tiktok.jpg","contentUrl":"https:\/\/qqpets.com\/wp-content\/uploads\/2023\/09\/cropped-cropped-qqpets-tiktok.jpg","width":511,"height":511,"caption":"QQPETS"},"image":{"@id":"https:\/\/qqpets.com\/#\/schema\/logo\/image\/"},"sameAs":["https:\/\/www.facebook.com\/QQpetsdogcollars","https:\/\/www.instagram.com\/qqpetscollar\/","https:\/\/www.pinterest.com\/qqpetsdogcollarsfactory\/"]}]}},"_links":{"self":[{"href":"https:\/\/qqpets.com\/fr\/wp-json\/wp\/v2\/product\/8086","targetHints":{"allow":["GET"]}}],"collection":[{"href":"https:\/\/qqpets.com\/fr\/wp-json\/wp\/v2\/product"}],"about":[{"href":"https:\/\/qqpets.com\/fr\/wp-json\/wp\/v2\/types\/product"}],"wp:featuredmedia":[{"embeddable":true,"href":"https:\/\/qqpets.com\/fr\/wp-json\/wp\/v2\/media\/8087"}],"wp:attachment":[{"href":"https:\/\/qqpets.com\/fr\/wp-json\/wp\/v2\/media?parent=8086"}],"wp:term":[{"taxonomy":"product_brand","embeddable":true,"href":"https:\/\/qqpets.com\/fr\/wp-json\/wp\/v2\/product_brand?post=8086"},{"taxonomy":"product_cat","embeddable":true,"href":"https:\/\/qqpets.com\/fr\/wp-json\/wp\/v2\/product_cat?post=8086"},{"taxonomy":"product_tag","embeddable":true,"href":"https:\/\/qqpets.com\/fr\/wp-json\/wp\/v2\/product_tag?post=8086"}],"curies":[{"name":"wp","href":"https:\/\/api.w.org\/{rel}","templated":true}]}}