{"id":8191,"date":"2024-09-24T15:42:45","date_gmt":"2024-09-24T07:42:45","guid":{"rendered":"https:\/\/qqpets.com\/?post_type=product&#038;p=8191"},"modified":"2024-09-24T15:42:45","modified_gmt":"2024-09-24T07:42:45","slug":"qr-code-training-dog-harness","status":"publish","type":"product","link":"https:\/\/qqpets.com\/fr\/produit\/qr-code-training-dog-harness\/","title":{"rendered":"Harnais de dressage pour chiens avec QR Code"},"content":{"rendered":"<p>Introduisez une technologie de pointe et une fonctionnalit\u00e9 robuste dans la routine quotidienne de votre animal avec notre harnais pour chien QR Code. Ce harnais allie une durabilit\u00e9 de niveau militaire \u00e0 des fonctions de s\u00e9curit\u00e9 avanc\u00e9es, ce qui permet \u00e0 votre animal d'\u00eatre \u00e9quip\u00e9 pour toutes les aventures.<\/p>\n<h5><strong>Caract\u00e9ristiques principales :<\/strong><\/h5>\n<ul>\n<li><strong>Code QR int\u00e9gr\u00e9 :<\/strong> Plac\u00e9 bien en vue sur le harnais, le code QR stocke des informations vitales auxquelles il est possible d'acc\u00e9der instantan\u00e9ment en les scannant \u00e0 l'aide d'un smartphone, ce qui est id\u00e9al pour une identification rapide et pour obtenir des informations en cas d'urgence.<\/li>\n<li><strong>Mat\u00e9riaux durables :<\/strong> Fabriqu\u00e9 \u00e0 partir de tissus r\u00e9sistants et de haute qualit\u00e9 avec un motif camouflage, ce harnais est con\u00e7u \u00e0 la fois pour le style et l'endurance. Ses coutures robustes lui permettent de r\u00e9sister \u00e0 des activit\u00e9s vigoureuses.<\/li>\n<li><strong>Confort et ajustement :<\/strong> Le rembourrage doux le long de la poitrine et du dos offre un maximum de confort \u00e0 votre chien, r\u00e9duisant les irritations potentielles dues \u00e0 un port prolong\u00e9. Les bretelles r\u00e9glables permettent un ajustement personnalis\u00e9 pour les chiens de diff\u00e9rentes tailles.<\/li>\n<li><strong>Accents r\u00e9fl\u00e9chissants :<\/strong> Pour accro\u00eetre la s\u00e9curit\u00e9 lors des sorties nocturnes ou matinales, des fils et des \u00e9l\u00e9ments r\u00e9fl\u00e9chissants sont tiss\u00e9s sur l'ensemble du harnais, offrant ainsi une meilleure visibilit\u00e9.<\/li>\n<li><strong>Poign\u00e9e d'entra\u00eenement :<\/strong> Une poign\u00e9e robuste \u00e0 l'arri\u00e8re vous permet de mieux contr\u00f4ler votre chien pendant les s\u00e9ances de dressage ou lorsque vous avez besoin de le garder pr\u00e8s de vous, ajoutant ainsi une couche suppl\u00e9mentaire de s\u00e9curit\u00e9.<\/li>\n<\/ul>\n<p>Id\u00e9al pour les chiens actifs et les propri\u00e9taires qui privil\u00e9gient la s\u00e9curit\u00e9 et la commodit\u00e9, notre harnais pour chien avec code QR est indispensable pour am\u00e9liorer vos exp\u00e9riences en plein air. Il ne s'agit pas d'un simple harnais, mais d'un outil de s\u00e9curit\u00e9 essentiel qui permet \u00e0 votre animal de compagnie d'\u00eatre identifi\u00e9 et en s\u00e9curit\u00e9, o\u00f9 que vous alliez.<\/p>","protected":false},"excerpt":{"rendered":"<p>Maximisez le contr\u00f4le et la s\u00e9curit\u00e9 avec notre harnais pour chien QR Code, dot\u00e9 d'un design durable et \u00e9l\u00e9gant et d'un QR code int\u00e9gr\u00e9 pour faciliter l'identification de l'animal. Parfait pour le dressage et les promenades quotidiennes, ce harnais est r\u00e9glable et fabriqu\u00e9 dans un mat\u00e9riau respirant et rembourr\u00e9 pour plus de confort. Ses coutures r\u00e9fl\u00e9chissantes am\u00e9liorent la visibilit\u00e9 et garantissent la s\u00e9curit\u00e9 dans des conditions de faible luminosit\u00e9.<\/p>","protected":false},"featured_media":8202,"template":"","meta":[],"product_brand":[],"product_cat":[23],"product_tag":[],"class_list":{"0":"post-8191","1":"product","2":"type-product","3":"status-publish","4":"has-post-thumbnail","6":"product_cat-dog-harness","7":"pa_brand-qqpets","9":"first","10":"instock","11":"shipping-taxable","12":"product-type-simple"},"yoast_head":"<!-- This site is optimized with the Yoast SEO plugin v26.6 - https:\/\/yoast.com\/wordpress\/plugins\/seo\/ -->\n<title>QR Code Training Dog Harness | QQPETS<\/title>\n<meta name=\"description\" content=\"Ensure safety with our QR Code Training Dog Harness. Perfect for training and instant ID. Secure and smart!\" \/>\n<meta name=\"robots\" content=\"index, follow, max-snippet:-1, max-image-preview:large, max-video-preview:-1\" \/>\n<link rel=\"canonical\" href=\"https:\/\/qqpets.com\/fr\/produit\/qr-code-training-dog-harness\/\" \/>\n<meta property=\"og:locale\" content=\"fr_FR\" \/>\n<meta property=\"og:type\" content=\"article\" \/>\n<meta property=\"og:title\" content=\"QR Code Training Dog Harness | QQPETS\" \/>\n<meta property=\"og:description\" content=\"Ensure safety with our QR Code Training Dog Harness. Perfect for training and instant ID. Secure and smart!\" \/>\n<meta property=\"og:url\" content=\"https:\/\/qqpets.com\/fr\/produit\/qr-code-training-dog-harness\/\" \/>\n<meta property=\"og:site_name\" content=\"QQPETS\" \/>\n<meta property=\"article:publisher\" content=\"https:\/\/www.facebook.com\/QQpetsdogcollars\" \/>\n<meta property=\"og:image\" content=\"https:\/\/qqpets.com\/wp-content\/uploads\/2024\/09\/QR-Code-Training-Dog-Harness3.webp\" \/>\n\t<meta property=\"og:image:width\" content=\"1000\" \/>\n\t<meta property=\"og:image:height\" content=\"1000\" \/>\n\t<meta property=\"og:image:type\" content=\"image\/webp\" \/>\n<meta name=\"twitter:card\" content=\"summary_large_image\" \/>\n<meta name=\"twitter:label1\" content=\"Dur\u00e9e de lecture estim\u00e9e\" \/>\n\t<meta name=\"twitter:data1\" content=\"2 minutes\" \/>\n<script type=\"application\/ld+json\" class=\"yoast-schema-graph\">{\"@context\":\"https:\/\/schema.org\",\"@graph\":[{\"@type\":\"WebPage\",\"@id\":\"https:\/\/qqpets.com\/product\/qr-code-training-dog-harness\/\",\"url\":\"https:\/\/qqpets.com\/product\/qr-code-training-dog-harness\/\",\"name\":\"QR Code Training Dog Harness | QQPETS\",\"isPartOf\":{\"@id\":\"https:\/\/qqpets.com\/#website\"},\"primaryImageOfPage\":{\"@id\":\"https:\/\/qqpets.com\/product\/qr-code-training-dog-harness\/#primaryimage\"},\"image\":{\"@id\":\"https:\/\/qqpets.com\/product\/qr-code-training-dog-harness\/#primaryimage\"},\"thumbnailUrl\":\"https:\/\/qqpets.com\/wp-content\/uploads\/2024\/09\/QR-Code-Training-Dog-Harness3.webp\",\"datePublished\":\"2024-09-24T07:42:45+00:00\",\"description\":\"Ensure safety with our QR Code Training Dog Harness. Perfect for training and instant ID. Secure and smart!\",\"breadcrumb\":{\"@id\":\"https:\/\/qqpets.com\/product\/qr-code-training-dog-harness\/#breadcrumb\"},\"inLanguage\":\"fr-FR\",\"potentialAction\":[{\"@type\":\"ReadAction\",\"target\":[\"https:\/\/qqpets.com\/product\/qr-code-training-dog-harness\/\"]}]},{\"@type\":\"ImageObject\",\"inLanguage\":\"fr-FR\",\"@id\":\"https:\/\/qqpets.com\/product\/qr-code-training-dog-harness\/#primaryimage\",\"url\":\"https:\/\/qqpets.com\/wp-content\/uploads\/2024\/09\/QR-Code-Training-Dog-Harness3.webp\",\"contentUrl\":\"https:\/\/qqpets.com\/wp-content\/uploads\/2024\/09\/QR-Code-Training-Dog-Harness3.webp\",\"width\":1000,\"height\":1000},{\"@type\":\"BreadcrumbList\",\"@id\":\"https:\/\/qqpets.com\/product\/qr-code-training-dog-harness\/#breadcrumb\",\"itemListElement\":[{\"@type\":\"ListItem\",\"position\":1,\"name\":\"Home\",\"item\":\"https:\/\/qqpets.com\/\"},{\"@type\":\"ListItem\",\"position\":2,\"name\":\"Products\",\"item\":\"https:\/\/qqpets.com\/pet-products-manufacturer\/\"},{\"@type\":\"ListItem\",\"position\":3,\"name\":\"QR Code Training Dog Harness\"}]},{\"@type\":\"WebSite\",\"@id\":\"https:\/\/qqpets.com\/#website\",\"url\":\"https:\/\/qqpets.com\/\",\"name\":\"QQPETS\",\"description\":\"QQPETS is a pet products factory for dog harnesses, dog collars, dog leashes and dog accessories with professional customized service since 2005.\",\"publisher\":{\"@id\":\"https:\/\/qqpets.com\/#organization\"},\"potentialAction\":[{\"@type\":\"SearchAction\",\"target\":{\"@type\":\"EntryPoint\",\"urlTemplate\":\"https:\/\/qqpets.com\/?s={search_term_string}\"},\"query-input\":{\"@type\":\"PropertyValueSpecification\",\"valueRequired\":true,\"valueName\":\"search_term_string\"}}],\"inLanguage\":\"fr-FR\"},{\"@type\":\"Organization\",\"@id\":\"https:\/\/qqpets.com\/#organization\",\"name\":\"QQPETS\",\"url\":\"https:\/\/qqpets.com\/\",\"logo\":{\"@type\":\"ImageObject\",\"inLanguage\":\"fr-FR\",\"@id\":\"https:\/\/qqpets.com\/#\/schema\/logo\/image\/\",\"url\":\"https:\/\/qqpets.com\/wp-content\/uploads\/2023\/09\/cropped-cropped-qqpets-tiktok.jpg\",\"contentUrl\":\"https:\/\/qqpets.com\/wp-content\/uploads\/2023\/09\/cropped-cropped-qqpets-tiktok.jpg\",\"width\":511,\"height\":511,\"caption\":\"QQPETS\"},\"image\":{\"@id\":\"https:\/\/qqpets.com\/#\/schema\/logo\/image\/\"},\"sameAs\":[\"https:\/\/www.facebook.com\/QQpetsdogcollars\",\"https:\/\/www.instagram.com\/qqpetscollar\/\",\"https:\/\/www.pinterest.com\/qqpetsdogcollarsfactory\/\"]}]}<\/script>\n<!-- \/ Yoast SEO plugin. -->","yoast_head_json":{"title":"Harnais de dressage pour chien QR Code | QQPETS","description":"Garantissez la s\u00e9curit\u00e9 avec notre harnais de dressage pour chien avec code QR. Parfait pour le dressage et l'identification instantan\u00e9e. S\u00e9curis\u00e9 et intelligent !","robots":{"index":"index","follow":"follow","max-snippet":"max-snippet:-1","max-image-preview":"max-image-preview:large","max-video-preview":"max-video-preview:-1"},"canonical":"https:\/\/qqpets.com\/fr\/produit\/qr-code-training-dog-harness\/","og_locale":"fr_FR","og_type":"article","og_title":"QR Code Training Dog Harness | QQPETS","og_description":"Ensure safety with our QR Code Training Dog Harness. Perfect for training and instant ID. Secure and smart!","og_url":"https:\/\/qqpets.com\/fr\/produit\/qr-code-training-dog-harness\/","og_site_name":"QQPETS","article_publisher":"https:\/\/www.facebook.com\/QQpetsdogcollars","og_image":[{"width":1000,"height":1000,"url":"https:\/\/qqpets.com\/wp-content\/uploads\/2024\/09\/QR-Code-Training-Dog-Harness3.webp","type":"image\/webp"}],"twitter_card":"summary_large_image","twitter_misc":{"Dur\u00e9e de lecture estim\u00e9e":"2 minutes"},"schema":{"@context":"https:\/\/schema.org","@graph":[{"@type":"WebPage","@id":"https:\/\/qqpets.com\/product\/qr-code-training-dog-harness\/","url":"https:\/\/qqpets.com\/product\/qr-code-training-dog-harness\/","name":"Harnais de dressage pour chien QR Code | QQPETS","isPartOf":{"@id":"https:\/\/qqpets.com\/#website"},"primaryImageOfPage":{"@id":"https:\/\/qqpets.com\/product\/qr-code-training-dog-harness\/#primaryimage"},"image":{"@id":"https:\/\/qqpets.com\/product\/qr-code-training-dog-harness\/#primaryimage"},"thumbnailUrl":"https:\/\/qqpets.com\/wp-content\/uploads\/2024\/09\/QR-Code-Training-Dog-Harness3.webp","datePublished":"2024-09-24T07:42:45+00:00","description":"Garantissez la s\u00e9curit\u00e9 avec notre harnais de dressage pour chien avec code QR. Parfait pour le dressage et l'identification instantan\u00e9e. S\u00e9curis\u00e9 et intelligent !","breadcrumb":{"@id":"https:\/\/qqpets.com\/product\/qr-code-training-dog-harness\/#breadcrumb"},"inLanguage":"fr-FR","potentialAction":[{"@type":"ReadAction","target":["https:\/\/qqpets.com\/product\/qr-code-training-dog-harness\/"]}]},{"@type":"ImageObject","inLanguage":"fr-FR","@id":"https:\/\/qqpets.com\/product\/qr-code-training-dog-harness\/#primaryimage","url":"https:\/\/qqpets.com\/wp-content\/uploads\/2024\/09\/QR-Code-Training-Dog-Harness3.webp","contentUrl":"https:\/\/qqpets.com\/wp-content\/uploads\/2024\/09\/QR-Code-Training-Dog-Harness3.webp","width":1000,"height":1000},{"@type":"BreadcrumbList","@id":"https:\/\/qqpets.com\/product\/qr-code-training-dog-harness\/#breadcrumb","itemListElement":[{"@type":"ListItem","position":1,"name":"Home","item":"https:\/\/qqpets.com\/"},{"@type":"ListItem","position":2,"name":"Products","item":"https:\/\/qqpets.com\/pet-products-manufacturer\/"},{"@type":"ListItem","position":3,"name":"QR Code Training Dog Harness"}]},{"@type":"WebSite","@id":"https:\/\/qqpets.com\/#website","url":"https:\/\/qqpets.com\/","name":"QQPETS","description":"QQPETS est une usine de produits pour animaux de compagnie qui fabrique des harnais pour chiens, des colliers pour chiens, des laisses pour chiens et des accessoires pour chiens avec un service professionnel personnalis\u00e9 depuis 2005.","publisher":{"@id":"https:\/\/qqpets.com\/#organization"},"potentialAction":[{"@type":"SearchAction","target":{"@type":"EntryPoint","urlTemplate":"https:\/\/qqpets.com\/?s={search_term_string}"},"query-input":{"@type":"PropertyValueSpecification","valueRequired":true,"valueName":"search_term_string"}}],"inLanguage":"fr-FR"},{"@type":"Organization","@id":"https:\/\/qqpets.com\/#organization","name":"QQPETS","url":"https:\/\/qqpets.com\/","logo":{"@type":"ImageObject","inLanguage":"fr-FR","@id":"https:\/\/qqpets.com\/#\/schema\/logo\/image\/","url":"https:\/\/qqpets.com\/wp-content\/uploads\/2023\/09\/cropped-cropped-qqpets-tiktok.jpg","contentUrl":"https:\/\/qqpets.com\/wp-content\/uploads\/2023\/09\/cropped-cropped-qqpets-tiktok.jpg","width":511,"height":511,"caption":"QQPETS"},"image":{"@id":"https:\/\/qqpets.com\/#\/schema\/logo\/image\/"},"sameAs":["https:\/\/www.facebook.com\/QQpetsdogcollars","https:\/\/www.instagram.com\/qqpetscollar\/","https:\/\/www.pinterest.com\/qqpetsdogcollarsfactory\/"]}]}},"_links":{"self":[{"href":"https:\/\/qqpets.com\/fr\/wp-json\/wp\/v2\/product\/8191","targetHints":{"allow":["GET"]}}],"collection":[{"href":"https:\/\/qqpets.com\/fr\/wp-json\/wp\/v2\/product"}],"about":[{"href":"https:\/\/qqpets.com\/fr\/wp-json\/wp\/v2\/types\/product"}],"wp:featuredmedia":[{"embeddable":true,"href":"https:\/\/qqpets.com\/fr\/wp-json\/wp\/v2\/media\/8202"}],"wp:attachment":[{"href":"https:\/\/qqpets.com\/fr\/wp-json\/wp\/v2\/media?parent=8191"}],"wp:term":[{"taxonomy":"product_brand","embeddable":true,"href":"https:\/\/qqpets.com\/fr\/wp-json\/wp\/v2\/product_brand?post=8191"},{"taxonomy":"product_cat","embeddable":true,"href":"https:\/\/qqpets.com\/fr\/wp-json\/wp\/v2\/product_cat?post=8191"},{"taxonomy":"product_tag","embeddable":true,"href":"https:\/\/qqpets.com\/fr\/wp-json\/wp\/v2\/product_tag?post=8191"}],"curies":[{"name":"wp","href":"https:\/\/api.w.org\/{rel}","templated":true}]}}