{"id":8219,"date":"2024-09-24T15:55:57","date_gmt":"2024-09-24T07:55:57","guid":{"rendered":"https:\/\/qqpets.com\/?post_type=product&#038;p=8219"},"modified":"2024-09-24T15:58:32","modified_gmt":"2024-09-24T07:58:32","slug":"qr-code-adjustable-dog-harness","status":"publish","type":"product","link":"https:\/\/qqpets.com\/fr\/produit\/qr-code-adjustable-dog-harness\/","title":{"rendered":"Harnais r\u00e9glable pour chien QR Code"},"content":{"rendered":"<p>Voici notre harnais pour chien ajustable avec code QR, con\u00e7u pour la s\u00e9curit\u00e9, le confort et le style. Ce harnais est indispensable pour les propri\u00e9taires d'animaux de compagnie qui souhaitent que leur animal soit en s\u00e9curit\u00e9 et facilement identifiable.<\/p>\n<p><strong>Caract\u00e9ristiques principales :<\/strong><\/p>\n<ul>\n<li><strong>\u00c9tiquette de code QR int\u00e9gr\u00e9e :<\/strong> Il est dot\u00e9 d'un code QR pouvant \u00eatre scann\u00e9, qui renvoie \u00e0 un profil d\u00e9taill\u00e9 en ligne, ce qui permet de conserver les informations vitales de votre animal \u00e0 port\u00e9e de main. Cette fonction est essentielle pour identifier et retrouver rapidement votre animal s'il se perd.<\/li>\n<li><strong>Ajustable Ajustement :<\/strong> Adaptez le harnais \u00e0 la taille de votre chien gr\u00e2ce aux sangles r\u00e9glables, pour un ajustement parfait qui le maintient en s\u00e9curit\u00e9 et \u00e0 l'aise pendant toutes les activit\u00e9s.<\/li>\n<li><strong>Confort respirant :<\/strong> Fabriqu\u00e9 \u00e0 partir d'une maille l\u00e9g\u00e8re et respirante qui garde votre animal au frais et \u00e0 l'aise, m\u00eame pendant les journ\u00e9es les plus chaudes.<\/li>\n<li><strong>Design \u00e9l\u00e9gant :<\/strong> Le harnais pr\u00e9sente un motif floral rose vif qui attire l'attention et est \u00e0 la mode. Il permet \u00e0 votre animal de se faire remarquer tout en garantissant qu'il reste visible pour vous et pour les autres lors des sorties.<\/li>\n<li><strong>Mat\u00e9riau durable :<\/strong> Con\u00e7u pour r\u00e9sister aux rigueurs de l'usage quotidien, le harnais est \u00e0 la fois durable et facile \u00e0 entretenir. Il peut \u00eatre lav\u00e9 r\u00e9guli\u00e8rement sans perdre de son attrait.<\/li>\n<\/ul>\n<p>Notre harnais r\u00e9glable pour chien avec code QR allie fonctionnalit\u00e9 et mode, offrant un moyen s\u00fbr d'identifier votre animal sans sacrifier le style ou le confort. Il est parfait pour les promenades quotidiennes, les sorties au parc ou toute autre aventure en plein air, car il garantit la s\u00e9curit\u00e9 de votre animal tout en lui donnant une belle allure. \u00c9quipez votre ami \u00e0 fourrure de ce harnais et profitez d'aventures sans souci en sachant qu'il est toujours \u00e0 un balayage de la maison.<\/p>","protected":false},"excerpt":{"rendered":"<p>Assurez la s\u00e9curit\u00e9 de votre animal de compagnie gr\u00e2ce \u00e0 notre harnais r\u00e9glable QR Code. Ce harnais comporte un code QR scannable pour un acc\u00e8s rapide aux informations relatives \u00e0 votre animal, ce qui permet de l'identifier \u00e0 tout moment. Fabriqu\u00e9 avec des mailles respirantes et des sangles r\u00e9glables pour un ajustement confortable, il est id\u00e9al pour les promenades quotidiennes. Le design floral rose vif ajoute une touche de style.<\/p>","protected":false},"featured_media":8210,"template":"","meta":[],"product_brand":[],"product_cat":[23],"product_tag":[],"class_list":{"0":"post-8219","1":"product","2":"type-product","3":"status-publish","4":"has-post-thumbnail","6":"product_cat-dog-harness","7":"pa_brand-qqpets","9":"first","10":"instock","11":"shipping-taxable","12":"product-type-simple"},"yoast_head":"<!-- This site is optimized with the Yoast SEO plugin v26.6 - https:\/\/yoast.com\/wordpress\/plugins\/seo\/ -->\n<title>QR Code Adjustable Dog Harness | QQPETS<\/title>\n<meta name=\"description\" content=\"Secure and stylish QR Code Adjustable Dog Harness. Easy identification with a smart QR tag. Perfect fit!\" \/>\n<meta name=\"robots\" content=\"index, follow, max-snippet:-1, max-image-preview:large, max-video-preview:-1\" \/>\n<link rel=\"canonical\" href=\"https:\/\/qqpets.com\/fr\/produit\/qr-code-adjustable-dog-harness\/\" \/>\n<meta property=\"og:locale\" content=\"fr_FR\" \/>\n<meta property=\"og:type\" content=\"article\" \/>\n<meta property=\"og:title\" content=\"QR Code Adjustable Dog Harness | QQPETS\" \/>\n<meta property=\"og:description\" content=\"Secure and stylish QR Code Adjustable Dog Harness. Easy identification with a smart QR tag. Perfect fit!\" \/>\n<meta property=\"og:url\" content=\"https:\/\/qqpets.com\/fr\/produit\/qr-code-adjustable-dog-harness\/\" \/>\n<meta property=\"og:site_name\" content=\"QQPETS\" \/>\n<meta property=\"article:publisher\" content=\"https:\/\/www.facebook.com\/QQpetsdogcollars\" \/>\n<meta property=\"article:modified_time\" content=\"2024-09-24T07:58:32+00:00\" \/>\n<meta property=\"og:image\" content=\"https:\/\/qqpets.com\/wp-content\/uploads\/2024\/09\/QR-Code-Adjustable-Dog-Harness2.webp\" \/>\n\t<meta property=\"og:image:width\" content=\"1000\" \/>\n\t<meta property=\"og:image:height\" content=\"1000\" \/>\n\t<meta property=\"og:image:type\" content=\"image\/webp\" \/>\n<meta name=\"twitter:card\" content=\"summary_large_image\" \/>\n<meta name=\"twitter:label1\" content=\"Dur\u00e9e de lecture estim\u00e9e\" \/>\n\t<meta name=\"twitter:data1\" content=\"2 minutes\" \/>\n<script type=\"application\/ld+json\" class=\"yoast-schema-graph\">{\"@context\":\"https:\/\/schema.org\",\"@graph\":[{\"@type\":\"WebPage\",\"@id\":\"https:\/\/qqpets.com\/product\/qr-code-adjustable-dog-harness\/\",\"url\":\"https:\/\/qqpets.com\/product\/qr-code-adjustable-dog-harness\/\",\"name\":\"QR Code Adjustable Dog Harness | QQPETS\",\"isPartOf\":{\"@id\":\"https:\/\/qqpets.com\/#website\"},\"primaryImageOfPage\":{\"@id\":\"https:\/\/qqpets.com\/product\/qr-code-adjustable-dog-harness\/#primaryimage\"},\"image\":{\"@id\":\"https:\/\/qqpets.com\/product\/qr-code-adjustable-dog-harness\/#primaryimage\"},\"thumbnailUrl\":\"https:\/\/qqpets.com\/wp-content\/uploads\/2024\/09\/QR-Code-Adjustable-Dog-Harness2.webp\",\"datePublished\":\"2024-09-24T07:55:57+00:00\",\"dateModified\":\"2024-09-24T07:58:32+00:00\",\"description\":\"Secure and stylish QR Code Adjustable Dog Harness. Easy identification with a smart QR tag. Perfect fit!\",\"breadcrumb\":{\"@id\":\"https:\/\/qqpets.com\/product\/qr-code-adjustable-dog-harness\/#breadcrumb\"},\"inLanguage\":\"fr-FR\",\"potentialAction\":[{\"@type\":\"ReadAction\",\"target\":[\"https:\/\/qqpets.com\/product\/qr-code-adjustable-dog-harness\/\"]}]},{\"@type\":\"ImageObject\",\"inLanguage\":\"fr-FR\",\"@id\":\"https:\/\/qqpets.com\/product\/qr-code-adjustable-dog-harness\/#primaryimage\",\"url\":\"https:\/\/qqpets.com\/wp-content\/uploads\/2024\/09\/QR-Code-Adjustable-Dog-Harness2.webp\",\"contentUrl\":\"https:\/\/qqpets.com\/wp-content\/uploads\/2024\/09\/QR-Code-Adjustable-Dog-Harness2.webp\",\"width\":1000,\"height\":1000},{\"@type\":\"BreadcrumbList\",\"@id\":\"https:\/\/qqpets.com\/product\/qr-code-adjustable-dog-harness\/#breadcrumb\",\"itemListElement\":[{\"@type\":\"ListItem\",\"position\":1,\"name\":\"Home\",\"item\":\"https:\/\/qqpets.com\/\"},{\"@type\":\"ListItem\",\"position\":2,\"name\":\"Products\",\"item\":\"https:\/\/qqpets.com\/pet-products-manufacturer\/\"},{\"@type\":\"ListItem\",\"position\":3,\"name\":\"QR Code Adjustable Dog Harness\"}]},{\"@type\":\"WebSite\",\"@id\":\"https:\/\/qqpets.com\/#website\",\"url\":\"https:\/\/qqpets.com\/\",\"name\":\"QQPETS\",\"description\":\"QQPETS is a pet products factory for dog harnesses, dog collars, dog leashes and dog accessories with professional customized service since 2005.\",\"publisher\":{\"@id\":\"https:\/\/qqpets.com\/#organization\"},\"potentialAction\":[{\"@type\":\"SearchAction\",\"target\":{\"@type\":\"EntryPoint\",\"urlTemplate\":\"https:\/\/qqpets.com\/?s={search_term_string}\"},\"query-input\":{\"@type\":\"PropertyValueSpecification\",\"valueRequired\":true,\"valueName\":\"search_term_string\"}}],\"inLanguage\":\"fr-FR\"},{\"@type\":\"Organization\",\"@id\":\"https:\/\/qqpets.com\/#organization\",\"name\":\"QQPETS\",\"url\":\"https:\/\/qqpets.com\/\",\"logo\":{\"@type\":\"ImageObject\",\"inLanguage\":\"fr-FR\",\"@id\":\"https:\/\/qqpets.com\/#\/schema\/logo\/image\/\",\"url\":\"https:\/\/qqpets.com\/wp-content\/uploads\/2023\/09\/cropped-cropped-qqpets-tiktok.jpg\",\"contentUrl\":\"https:\/\/qqpets.com\/wp-content\/uploads\/2023\/09\/cropped-cropped-qqpets-tiktok.jpg\",\"width\":511,\"height\":511,\"caption\":\"QQPETS\"},\"image\":{\"@id\":\"https:\/\/qqpets.com\/#\/schema\/logo\/image\/\"},\"sameAs\":[\"https:\/\/www.facebook.com\/QQpetsdogcollars\",\"https:\/\/www.instagram.com\/qqpetscollar\/\",\"https:\/\/www.pinterest.com\/qqpetsdogcollarsfactory\/\"]}]}<\/script>\n<!-- \/ Yoast SEO plugin. -->","yoast_head_json":{"title":"Harnais r\u00e9glable pour chien QR Code | QQPETS","description":"Harnais r\u00e9glable pour chien, s\u00fbr et \u00e9l\u00e9gant, avec code QR. Identification facile gr\u00e2ce \u00e0 une \u00e9tiquette QR intelligente. Ajustement parfait !","robots":{"index":"index","follow":"follow","max-snippet":"max-snippet:-1","max-image-preview":"max-image-preview:large","max-video-preview":"max-video-preview:-1"},"canonical":"https:\/\/qqpets.com\/fr\/produit\/qr-code-adjustable-dog-harness\/","og_locale":"fr_FR","og_type":"article","og_title":"QR Code Adjustable Dog Harness | QQPETS","og_description":"Secure and stylish QR Code Adjustable Dog Harness. Easy identification with a smart QR tag. Perfect fit!","og_url":"https:\/\/qqpets.com\/fr\/produit\/qr-code-adjustable-dog-harness\/","og_site_name":"QQPETS","article_publisher":"https:\/\/www.facebook.com\/QQpetsdogcollars","article_modified_time":"2024-09-24T07:58:32+00:00","og_image":[{"width":1000,"height":1000,"url":"https:\/\/qqpets.com\/wp-content\/uploads\/2024\/09\/QR-Code-Adjustable-Dog-Harness2.webp","type":"image\/webp"}],"twitter_card":"summary_large_image","twitter_misc":{"Dur\u00e9e de lecture estim\u00e9e":"2 minutes"},"schema":{"@context":"https:\/\/schema.org","@graph":[{"@type":"WebPage","@id":"https:\/\/qqpets.com\/product\/qr-code-adjustable-dog-harness\/","url":"https:\/\/qqpets.com\/product\/qr-code-adjustable-dog-harness\/","name":"Harnais r\u00e9glable pour chien QR Code | QQPETS","isPartOf":{"@id":"https:\/\/qqpets.com\/#website"},"primaryImageOfPage":{"@id":"https:\/\/qqpets.com\/product\/qr-code-adjustable-dog-harness\/#primaryimage"},"image":{"@id":"https:\/\/qqpets.com\/product\/qr-code-adjustable-dog-harness\/#primaryimage"},"thumbnailUrl":"https:\/\/qqpets.com\/wp-content\/uploads\/2024\/09\/QR-Code-Adjustable-Dog-Harness2.webp","datePublished":"2024-09-24T07:55:57+00:00","dateModified":"2024-09-24T07:58:32+00:00","description":"Harnais r\u00e9glable pour chien, s\u00fbr et \u00e9l\u00e9gant, avec code QR. Identification facile gr\u00e2ce \u00e0 une \u00e9tiquette QR intelligente. Ajustement parfait !","breadcrumb":{"@id":"https:\/\/qqpets.com\/product\/qr-code-adjustable-dog-harness\/#breadcrumb"},"inLanguage":"fr-FR","potentialAction":[{"@type":"ReadAction","target":["https:\/\/qqpets.com\/product\/qr-code-adjustable-dog-harness\/"]}]},{"@type":"ImageObject","inLanguage":"fr-FR","@id":"https:\/\/qqpets.com\/product\/qr-code-adjustable-dog-harness\/#primaryimage","url":"https:\/\/qqpets.com\/wp-content\/uploads\/2024\/09\/QR-Code-Adjustable-Dog-Harness2.webp","contentUrl":"https:\/\/qqpets.com\/wp-content\/uploads\/2024\/09\/QR-Code-Adjustable-Dog-Harness2.webp","width":1000,"height":1000},{"@type":"BreadcrumbList","@id":"https:\/\/qqpets.com\/product\/qr-code-adjustable-dog-harness\/#breadcrumb","itemListElement":[{"@type":"ListItem","position":1,"name":"Home","item":"https:\/\/qqpets.com\/"},{"@type":"ListItem","position":2,"name":"Products","item":"https:\/\/qqpets.com\/pet-products-manufacturer\/"},{"@type":"ListItem","position":3,"name":"QR Code Adjustable Dog Harness"}]},{"@type":"WebSite","@id":"https:\/\/qqpets.com\/#website","url":"https:\/\/qqpets.com\/","name":"QQPETS","description":"QQPETS est une usine de produits pour animaux de compagnie qui fabrique des harnais pour chiens, des colliers pour chiens, des laisses pour chiens et des accessoires pour chiens avec un service professionnel personnalis\u00e9 depuis 2005.","publisher":{"@id":"https:\/\/qqpets.com\/#organization"},"potentialAction":[{"@type":"SearchAction","target":{"@type":"EntryPoint","urlTemplate":"https:\/\/qqpets.com\/?s={search_term_string}"},"query-input":{"@type":"PropertyValueSpecification","valueRequired":true,"valueName":"search_term_string"}}],"inLanguage":"fr-FR"},{"@type":"Organization","@id":"https:\/\/qqpets.com\/#organization","name":"QQPETS","url":"https:\/\/qqpets.com\/","logo":{"@type":"ImageObject","inLanguage":"fr-FR","@id":"https:\/\/qqpets.com\/#\/schema\/logo\/image\/","url":"https:\/\/qqpets.com\/wp-content\/uploads\/2023\/09\/cropped-cropped-qqpets-tiktok.jpg","contentUrl":"https:\/\/qqpets.com\/wp-content\/uploads\/2023\/09\/cropped-cropped-qqpets-tiktok.jpg","width":511,"height":511,"caption":"QQPETS"},"image":{"@id":"https:\/\/qqpets.com\/#\/schema\/logo\/image\/"},"sameAs":["https:\/\/www.facebook.com\/QQpetsdogcollars","https:\/\/www.instagram.com\/qqpetscollar\/","https:\/\/www.pinterest.com\/qqpetsdogcollarsfactory\/"]}]}},"_links":{"self":[{"href":"https:\/\/qqpets.com\/fr\/wp-json\/wp\/v2\/product\/8219","targetHints":{"allow":["GET"]}}],"collection":[{"href":"https:\/\/qqpets.com\/fr\/wp-json\/wp\/v2\/product"}],"about":[{"href":"https:\/\/qqpets.com\/fr\/wp-json\/wp\/v2\/types\/product"}],"wp:featuredmedia":[{"embeddable":true,"href":"https:\/\/qqpets.com\/fr\/wp-json\/wp\/v2\/media\/8210"}],"wp:attachment":[{"href":"https:\/\/qqpets.com\/fr\/wp-json\/wp\/v2\/media?parent=8219"}],"wp:term":[{"taxonomy":"product_brand","embeddable":true,"href":"https:\/\/qqpets.com\/fr\/wp-json\/wp\/v2\/product_brand?post=8219"},{"taxonomy":"product_cat","embeddable":true,"href":"https:\/\/qqpets.com\/fr\/wp-json\/wp\/v2\/product_cat?post=8219"},{"taxonomy":"product_tag","embeddable":true,"href":"https:\/\/qqpets.com\/fr\/wp-json\/wp\/v2\/product_tag?post=8219"}],"curies":[{"name":"wp","href":"https:\/\/api.w.org\/{rel}","templated":true}]}}