{"id":8220,"date":"2024-09-24T16:03:59","date_gmt":"2024-09-24T08:03:59","guid":{"rendered":"https:\/\/qqpets.com\/?post_type=product&#038;p=8220"},"modified":"2024-09-24T16:03:59","modified_gmt":"2024-09-24T08:03:59","slug":"qr-code-no-pull-dog-harness","status":"publish","type":"product","link":"https:\/\/qqpets.com\/fr\/produit\/qr-code-no-pull-dog-harness\/","title":{"rendered":"Harnais pour chien QR Code No Pull"},"content":{"rendered":"<p>Nous vous pr\u00e9sentons notre harnais pour chien sans traction avec code QR, un m\u00e9lange parfait de fonctionnalit\u00e9, de style et de technologie. Con\u00e7u pour les propri\u00e9taires de chiens qui recherchent \u00e0 la fois le contr\u00f4le pendant les promenades et un moyen moderne de g\u00e9rer la s\u00e9curit\u00e9 de leur animal, ce harnais comporte un code QR intelligent li\u00e9 \u00e0 un profil personnalis\u00e9 contenant toutes les informations relatives \u00e0 votre animal.<\/p>\n<p><strong>Caract\u00e9ristiques principales :<\/strong><\/p>\n<ul>\n<li><strong>Int\u00e9gration intelligente du code QR :<\/strong> Chaque harnais comprend un code QR qui permet d'acc\u00e9der instantan\u00e9ment au profil de votre chien, y compris ses coordonn\u00e9es, son dossier m\u00e9dical, etc. Cette fonction am\u00e9liore la s\u00e9curit\u00e9 et le processus de r\u00e9cup\u00e9ration en cas de disparition de votre animal.<\/li>\n<li><strong>Conception sans traction :<\/strong> Con\u00e7u pour contr\u00f4ler la traction, le harnais r\u00e9partit la pression uniform\u00e9ment sur la poitrine plut\u00f4t que sur le cou, ce qui permet de marcher sans stress.<\/li>\n<li><strong>Ajustable Ajustement :<\/strong> Les sangles enti\u00e8rement r\u00e9glables garantissent un ajustement serr\u00e9 et s\u00fbr pour toutes les tailles de chiens, minimisant ainsi le risque d'\u00e9vasion.<\/li>\n<li><strong>Port confortable :<\/strong> Fabriqu\u00e9 avec des mat\u00e9riaux respirants de haute qualit\u00e9, le harnais est con\u00e7u pour un confort optimal tout au long de la journ\u00e9e. Il emp\u00eache la surchauffe et permet \u00e0 votre chien de profiter pleinement de chaque aventure.<\/li>\n<li><strong>Durable et convivial :<\/strong> Con\u00e7u pour durer, notre harnais est fabriqu\u00e9 avec des mat\u00e9riaux durables qui peuvent r\u00e9sister aux rigueurs quotidiennes des animaux de compagnie actifs. Il est \u00e9galement facile \u00e0 nettoyer, ce qui garantit qu'il reste frais et pr\u00e9sentable.<\/li>\n<\/ul>\n<p>Le harnais pour chien QR Code No Pull est plus qu'un simple outil pour promener votre chien ; il s'agit d'un syst\u00e8me complet con\u00e7u pour la gestion moderne des animaux de compagnie. Que vous soyez dans une ville bond\u00e9e ou dans un parc tranquille, ce harnais vous permet de contr\u00f4ler et de s\u00e9curiser votre animal.<\/p>","protected":false},"excerpt":{"rendered":"<p>Am\u00e9liorez la s\u00e9curit\u00e9 de votre chien avec notre harnais pour chien sans traction QR Code. \u00c9quip\u00e9 d'un code QR unique pour une identification rapide de l'animal, ce harnais allie technologie et confort. Il offre une fonction anti-tirage pour un meilleur contr\u00f4le pendant les promenades, des sangles r\u00e9glables pour un ajustement parfait et un mat\u00e9riau respirant pour assurer le confort de votre animal. Id\u00e9al pour une utilisation quotidienne et pour une gestion avanc\u00e9e de l'animal.<\/p>","protected":false},"featured_media":8192,"template":"","meta":[],"product_brand":[],"product_cat":[23],"product_tag":[],"class_list":{"0":"post-8220","1":"product","2":"type-product","3":"status-publish","4":"has-post-thumbnail","6":"product_cat-dog-harness","7":"pa_brand-qqpets","9":"first","10":"instock","11":"shipping-taxable","12":"product-type-simple"},"yoast_head":"<!-- This site is optimized with the Yoast SEO plugin v26.6 - https:\/\/yoast.com\/wordpress\/plugins\/seo\/ -->\n<title>QR Code No Pull Dog Harness | QQPETS<\/title>\n<meta name=\"description\" content=\"Discover the QR Code No Pull Dog Harness for easy control and smart pet tracking\u2014security and comfort in one!\" \/>\n<meta name=\"robots\" content=\"index, follow, max-snippet:-1, max-image-preview:large, max-video-preview:-1\" \/>\n<link rel=\"canonical\" href=\"https:\/\/qqpets.com\/fr\/produit\/qr-code-no-pull-dog-harness\/\" \/>\n<meta property=\"og:locale\" content=\"fr_FR\" \/>\n<meta property=\"og:type\" content=\"article\" \/>\n<meta property=\"og:title\" content=\"QR Code No Pull Dog Harness | QQPETS\" \/>\n<meta property=\"og:description\" content=\"Discover the QR Code No Pull Dog Harness for easy control and smart pet tracking\u2014security and comfort in one!\" \/>\n<meta property=\"og:url\" content=\"https:\/\/qqpets.com\/fr\/produit\/qr-code-no-pull-dog-harness\/\" \/>\n<meta property=\"og:site_name\" content=\"QQPETS\" \/>\n<meta property=\"article:publisher\" content=\"https:\/\/www.facebook.com\/QQpetsdogcollars\" \/>\n<meta property=\"og:image\" content=\"https:\/\/qqpets.com\/wp-content\/uploads\/2024\/09\/QR-Code-No-Pull-Dog-Harness2.webp\" \/>\n\t<meta property=\"og:image:width\" content=\"1000\" \/>\n\t<meta property=\"og:image:height\" content=\"1000\" \/>\n\t<meta property=\"og:image:type\" content=\"image\/webp\" \/>\n<meta name=\"twitter:card\" content=\"summary_large_image\" \/>\n<meta name=\"twitter:label1\" content=\"Dur\u00e9e de lecture estim\u00e9e\" \/>\n\t<meta name=\"twitter:data1\" content=\"2 minutes\" \/>\n<script type=\"application\/ld+json\" class=\"yoast-schema-graph\">{\"@context\":\"https:\/\/schema.org\",\"@graph\":[{\"@type\":\"WebPage\",\"@id\":\"https:\/\/qqpets.com\/product\/qr-code-no-pull-dog-harness\/\",\"url\":\"https:\/\/qqpets.com\/product\/qr-code-no-pull-dog-harness\/\",\"name\":\"QR Code No Pull Dog Harness | QQPETS\",\"isPartOf\":{\"@id\":\"https:\/\/qqpets.com\/#website\"},\"primaryImageOfPage\":{\"@id\":\"https:\/\/qqpets.com\/product\/qr-code-no-pull-dog-harness\/#primaryimage\"},\"image\":{\"@id\":\"https:\/\/qqpets.com\/product\/qr-code-no-pull-dog-harness\/#primaryimage\"},\"thumbnailUrl\":\"https:\/\/qqpets.com\/wp-content\/uploads\/2024\/09\/QR-Code-No-Pull-Dog-Harness2.webp\",\"datePublished\":\"2024-09-24T08:03:59+00:00\",\"description\":\"Discover the QR Code No Pull Dog Harness for easy control and smart pet tracking\u2014security and comfort in one!\",\"breadcrumb\":{\"@id\":\"https:\/\/qqpets.com\/product\/qr-code-no-pull-dog-harness\/#breadcrumb\"},\"inLanguage\":\"fr-FR\",\"potentialAction\":[{\"@type\":\"ReadAction\",\"target\":[\"https:\/\/qqpets.com\/product\/qr-code-no-pull-dog-harness\/\"]}]},{\"@type\":\"ImageObject\",\"inLanguage\":\"fr-FR\",\"@id\":\"https:\/\/qqpets.com\/product\/qr-code-no-pull-dog-harness\/#primaryimage\",\"url\":\"https:\/\/qqpets.com\/wp-content\/uploads\/2024\/09\/QR-Code-No-Pull-Dog-Harness2.webp\",\"contentUrl\":\"https:\/\/qqpets.com\/wp-content\/uploads\/2024\/09\/QR-Code-No-Pull-Dog-Harness2.webp\",\"width\":1000,\"height\":1000},{\"@type\":\"BreadcrumbList\",\"@id\":\"https:\/\/qqpets.com\/product\/qr-code-no-pull-dog-harness\/#breadcrumb\",\"itemListElement\":[{\"@type\":\"ListItem\",\"position\":1,\"name\":\"Home\",\"item\":\"https:\/\/qqpets.com\/\"},{\"@type\":\"ListItem\",\"position\":2,\"name\":\"Products\",\"item\":\"https:\/\/qqpets.com\/pet-products-manufacturer\/\"},{\"@type\":\"ListItem\",\"position\":3,\"name\":\"QR Code No Pull Dog Harness\"}]},{\"@type\":\"WebSite\",\"@id\":\"https:\/\/qqpets.com\/#website\",\"url\":\"https:\/\/qqpets.com\/\",\"name\":\"QQPETS\",\"description\":\"QQPETS is a pet products factory for dog harnesses, dog collars, dog leashes and dog accessories with professional customized service since 2005.\",\"publisher\":{\"@id\":\"https:\/\/qqpets.com\/#organization\"},\"potentialAction\":[{\"@type\":\"SearchAction\",\"target\":{\"@type\":\"EntryPoint\",\"urlTemplate\":\"https:\/\/qqpets.com\/?s={search_term_string}\"},\"query-input\":{\"@type\":\"PropertyValueSpecification\",\"valueRequired\":true,\"valueName\":\"search_term_string\"}}],\"inLanguage\":\"fr-FR\"},{\"@type\":\"Organization\",\"@id\":\"https:\/\/qqpets.com\/#organization\",\"name\":\"QQPETS\",\"url\":\"https:\/\/qqpets.com\/\",\"logo\":{\"@type\":\"ImageObject\",\"inLanguage\":\"fr-FR\",\"@id\":\"https:\/\/qqpets.com\/#\/schema\/logo\/image\/\",\"url\":\"https:\/\/qqpets.com\/wp-content\/uploads\/2023\/09\/cropped-cropped-qqpets-tiktok.jpg\",\"contentUrl\":\"https:\/\/qqpets.com\/wp-content\/uploads\/2023\/09\/cropped-cropped-qqpets-tiktok.jpg\",\"width\":511,\"height\":511,\"caption\":\"QQPETS\"},\"image\":{\"@id\":\"https:\/\/qqpets.com\/#\/schema\/logo\/image\/\"},\"sameAs\":[\"https:\/\/www.facebook.com\/QQpetsdogcollars\",\"https:\/\/www.instagram.com\/qqpetscollar\/\",\"https:\/\/www.pinterest.com\/qqpetsdogcollarsfactory\/\"]}]}<\/script>\n<!-- \/ Yoast SEO plugin. -->","yoast_head_json":{"title":"Harnais pour chien QR Code No Pull | QQPETS","description":"D\u00e9couvrez le harnais pour chien sans traction avec code QR pour un contr\u00f4le facile et un suivi intelligent de l'animal - la s\u00e9curit\u00e9 et le confort en un !","robots":{"index":"index","follow":"follow","max-snippet":"max-snippet:-1","max-image-preview":"max-image-preview:large","max-video-preview":"max-video-preview:-1"},"canonical":"https:\/\/qqpets.com\/fr\/produit\/qr-code-no-pull-dog-harness\/","og_locale":"fr_FR","og_type":"article","og_title":"QR Code No Pull Dog Harness | QQPETS","og_description":"Discover the QR Code No Pull Dog Harness for easy control and smart pet tracking\u2014security and comfort in one!","og_url":"https:\/\/qqpets.com\/fr\/produit\/qr-code-no-pull-dog-harness\/","og_site_name":"QQPETS","article_publisher":"https:\/\/www.facebook.com\/QQpetsdogcollars","og_image":[{"width":1000,"height":1000,"url":"https:\/\/qqpets.com\/wp-content\/uploads\/2024\/09\/QR-Code-No-Pull-Dog-Harness2.webp","type":"image\/webp"}],"twitter_card":"summary_large_image","twitter_misc":{"Dur\u00e9e de lecture estim\u00e9e":"2 minutes"},"schema":{"@context":"https:\/\/schema.org","@graph":[{"@type":"WebPage","@id":"https:\/\/qqpets.com\/product\/qr-code-no-pull-dog-harness\/","url":"https:\/\/qqpets.com\/product\/qr-code-no-pull-dog-harness\/","name":"Harnais pour chien QR Code No Pull | QQPETS","isPartOf":{"@id":"https:\/\/qqpets.com\/#website"},"primaryImageOfPage":{"@id":"https:\/\/qqpets.com\/product\/qr-code-no-pull-dog-harness\/#primaryimage"},"image":{"@id":"https:\/\/qqpets.com\/product\/qr-code-no-pull-dog-harness\/#primaryimage"},"thumbnailUrl":"https:\/\/qqpets.com\/wp-content\/uploads\/2024\/09\/QR-Code-No-Pull-Dog-Harness2.webp","datePublished":"2024-09-24T08:03:59+00:00","description":"D\u00e9couvrez le harnais pour chien sans traction avec code QR pour un contr\u00f4le facile et un suivi intelligent de l'animal - la s\u00e9curit\u00e9 et le confort en un !","breadcrumb":{"@id":"https:\/\/qqpets.com\/product\/qr-code-no-pull-dog-harness\/#breadcrumb"},"inLanguage":"fr-FR","potentialAction":[{"@type":"ReadAction","target":["https:\/\/qqpets.com\/product\/qr-code-no-pull-dog-harness\/"]}]},{"@type":"ImageObject","inLanguage":"fr-FR","@id":"https:\/\/qqpets.com\/product\/qr-code-no-pull-dog-harness\/#primaryimage","url":"https:\/\/qqpets.com\/wp-content\/uploads\/2024\/09\/QR-Code-No-Pull-Dog-Harness2.webp","contentUrl":"https:\/\/qqpets.com\/wp-content\/uploads\/2024\/09\/QR-Code-No-Pull-Dog-Harness2.webp","width":1000,"height":1000},{"@type":"BreadcrumbList","@id":"https:\/\/qqpets.com\/product\/qr-code-no-pull-dog-harness\/#breadcrumb","itemListElement":[{"@type":"ListItem","position":1,"name":"Home","item":"https:\/\/qqpets.com\/"},{"@type":"ListItem","position":2,"name":"Products","item":"https:\/\/qqpets.com\/pet-products-manufacturer\/"},{"@type":"ListItem","position":3,"name":"QR Code No Pull Dog Harness"}]},{"@type":"WebSite","@id":"https:\/\/qqpets.com\/#website","url":"https:\/\/qqpets.com\/","name":"QQPETS","description":"QQPETS est une usine de produits pour animaux de compagnie qui fabrique des harnais pour chiens, des colliers pour chiens, des laisses pour chiens et des accessoires pour chiens avec un service professionnel personnalis\u00e9 depuis 2005.","publisher":{"@id":"https:\/\/qqpets.com\/#organization"},"potentialAction":[{"@type":"SearchAction","target":{"@type":"EntryPoint","urlTemplate":"https:\/\/qqpets.com\/?s={search_term_string}"},"query-input":{"@type":"PropertyValueSpecification","valueRequired":true,"valueName":"search_term_string"}}],"inLanguage":"fr-FR"},{"@type":"Organization","@id":"https:\/\/qqpets.com\/#organization","name":"QQPETS","url":"https:\/\/qqpets.com\/","logo":{"@type":"ImageObject","inLanguage":"fr-FR","@id":"https:\/\/qqpets.com\/#\/schema\/logo\/image\/","url":"https:\/\/qqpets.com\/wp-content\/uploads\/2023\/09\/cropped-cropped-qqpets-tiktok.jpg","contentUrl":"https:\/\/qqpets.com\/wp-content\/uploads\/2023\/09\/cropped-cropped-qqpets-tiktok.jpg","width":511,"height":511,"caption":"QQPETS"},"image":{"@id":"https:\/\/qqpets.com\/#\/schema\/logo\/image\/"},"sameAs":["https:\/\/www.facebook.com\/QQpetsdogcollars","https:\/\/www.instagram.com\/qqpetscollar\/","https:\/\/www.pinterest.com\/qqpetsdogcollarsfactory\/"]}]}},"_links":{"self":[{"href":"https:\/\/qqpets.com\/fr\/wp-json\/wp\/v2\/product\/8220","targetHints":{"allow":["GET"]}}],"collection":[{"href":"https:\/\/qqpets.com\/fr\/wp-json\/wp\/v2\/product"}],"about":[{"href":"https:\/\/qqpets.com\/fr\/wp-json\/wp\/v2\/types\/product"}],"wp:featuredmedia":[{"embeddable":true,"href":"https:\/\/qqpets.com\/fr\/wp-json\/wp\/v2\/media\/8192"}],"wp:attachment":[{"href":"https:\/\/qqpets.com\/fr\/wp-json\/wp\/v2\/media?parent=8220"}],"wp:term":[{"taxonomy":"product_brand","embeddable":true,"href":"https:\/\/qqpets.com\/fr\/wp-json\/wp\/v2\/product_brand?post=8220"},{"taxonomy":"product_cat","embeddable":true,"href":"https:\/\/qqpets.com\/fr\/wp-json\/wp\/v2\/product_cat?post=8220"},{"taxonomy":"product_tag","embeddable":true,"href":"https:\/\/qqpets.com\/fr\/wp-json\/wp\/v2\/product_tag?post=8220"}],"curies":[{"name":"wp","href":"https:\/\/api.w.org\/{rel}","templated":true}]}}