{"id":8416,"date":"2024-09-30T11:31:44","date_gmt":"2024-09-30T03:31:44","guid":{"rendered":"https:\/\/qqpets.com\/?post_type=product&#038;p=8416"},"modified":"2024-09-30T11:31:44","modified_gmt":"2024-09-30T03:31:44","slug":"dog-leash-car-seat-belt","status":"publish","type":"product","link":"https:\/\/qqpets.com\/fr\/produit\/dog-leash-car-seat-belt\/","title":{"rendered":"Laisse pour chien Ceinture de s\u00e9curit\u00e9 pour voiture"},"content":{"rendered":"<p>La ceinture de s\u00e9curit\u00e9 pour chiens en laisse est la solution ultime pour la s\u00e9curit\u00e9 des animaux de compagnie pendant la conduite. Cette ceinture de s\u00e9curit\u00e9 sp\u00e9cialement con\u00e7ue pour les chiens garantit que votre compagnon \u00e0 quatre pattes est bien attach\u00e9 pendant la conduite, r\u00e9duisant ainsi le risque de blessure en cas d'arr\u00eat brusque ou d'accident.<\/p>\n<p><strong>Caract\u00e9ristiques principales :<\/strong><\/p>\n<ul>\n<li><strong>Adaptation universelle :<\/strong> Compatible avec les syst\u00e8mes de ceinture de s\u00e9curit\u00e9 de la plupart des v\u00e9hicules, cette ceinture de s\u00e9curit\u00e9 pour voiture est dot\u00e9e d'un clip universel qui s'ins\u00e8re solidement dans les loquets des ceintures de s\u00e9curit\u00e9.<\/li>\n<li><strong>Longueur r\u00e9glable :<\/strong> Ajustez facilement la longueur de la ceinture de s\u00e9curit\u00e9 pour permettre \u00e0 votre animal de s'asseoir, de se coucher ou de se tenir debout confortablement dans le si\u00e8ge de la voiture.<\/li>\n<li><strong>Mat\u00e9riau de haute qualit\u00e9 :<\/strong> Fabriqu\u00e9e en nylon durable, cette laisse est con\u00e7ue pour supporter le stress et la tension li\u00e9s \u00e0 l'utilisation d'animaux actifs. Elle est \u00e9galement r\u00e9sistante aux intemp\u00e9ries, ce qui la rend adapt\u00e9e \u00e0 toutes les conditions.<\/li>\n<li><strong>Fixation s\u00e9curis\u00e9e :<\/strong> \u00c9quip\u00e9e d'une boucle et d'un clip m\u00e9talliques robustes, la laisse reste solidement attach\u00e9e au harnais ou au collier de votre animal, offrant ainsi un contr\u00f4le solide et fiable dans le v\u00e9hicule.<\/li>\n<li><strong>Facile \u00e0 utiliser et polyvalent :<\/strong> Rapide \u00e0 d\u00e9tacher et \u00e0 attacher, elle se transforme en laisse de marche normale, ce qui la rend id\u00e9ale pour les voyages.<\/li>\n<\/ul>\n<p>La ceinture de s\u00e9curit\u00e9 pour voiture Dog Leash est con\u00e7ue non seulement pour la s\u00e9curit\u00e9 mais aussi pour le confort de votre animal. Qu'il s'agisse d'un court trajet vers le parc ou d'un long voyage, cette ceinture de s\u00e9curit\u00e9 rend les d\u00e9placements avec votre animal de compagnie faciles, s\u00fbrs et pratiques. \u00c9quipez votre voiture de cet accessoire de voyage essentiel pour votre animal et profitez de voyages paisibles et s\u00fbrs avec votre meilleur ami.<\/p>\n<h5><strong>Les ceintures de s\u00e9curit\u00e9 pour chiens fonctionnent-elles vraiment ?<\/strong><\/h5>\n<p>Oui, les ceintures de s\u00e9curit\u00e9 pour chiens peuvent r\u00e9duire efficacement le risque de blessure de votre chien lors d'un accident de voiture ou d'un arr\u00eat brusque en le maintenant attach\u00e9 et en limitant ses mouvements dans le v\u00e9hicule.<\/p>\n<h5><strong>Les chiens sont-ils cens\u00e9s porter la ceinture de s\u00e9curit\u00e9 ?<\/strong><\/h5>\n<p>Bien que cela ne soit pas obligatoire partout, il est fortement recommand\u00e9 que les chiens portent la ceinture de s\u00e9curit\u00e9 lorsqu'ils voyagent en voiture, pour leur s\u00e9curit\u00e9 et celle des passagers. Dans certaines r\u00e9gions, des lois exigent que les animaux de compagnie soient attach\u00e9s lorsqu'ils se trouvent dans un v\u00e9hicule.<\/p>\n<h5><strong>Quelle est la meilleure ceinture de s\u00e9curit\u00e9 pour les chiens ?<\/strong><\/h5>\n<p>La meilleure ceinture de s\u00e9curit\u00e9 pour chien est celle qui a \u00e9t\u00e9 test\u00e9e et certifi\u00e9e par un organisme r\u00e9put\u00e9. Recherchez des ceintures de s\u00e9curit\u00e9 r\u00e9glables et durables qui peuvent s'attacher au harnais (et non au collier) de votre chien et se fixer en toute s\u00e9curit\u00e9 au syst\u00e8me de ceinture de s\u00e9curit\u00e9 du v\u00e9hicule.<\/p>\n<h5><strong>Comment utiliser la ceinture de s\u00e9curit\u00e9 d'une voiture pour un chien ?<\/strong><\/h5>\n<p>Attachez le clip de la ceinture de s\u00e9curit\u00e9 au harnais de votre chien (jamais \u00e0 un collier en raison du risque de blessure au cou). Attachez ensuite la ceinture de s\u00e9curit\u00e9 au syst\u00e8me de ceinture de s\u00e9curit\u00e9 de votre voiture. Veillez \u00e0 ce que la ceinture soit suffisamment serr\u00e9e pour emp\u00eacher tout mouvement excessif, tout en permettant \u00e0 votre chien de s'asseoir ou de se coucher confortablement. Ajustez-la si n\u00e9cessaire pour qu'elle soit bien ajust\u00e9e et confortable.<\/p>","protected":false},"excerpt":{"rendered":"<p>Voyagez en toute s\u00e9curit\u00e9 avec votre animal de compagnie gr\u00e2ce \u00e0 notre ceinture de s\u00e9curit\u00e9 pour chien. Con\u00e7ue pour \u00eatre durable et s\u00fbre, cette ceinture de s\u00e9curit\u00e9 se fixe solidement \u00e0 la pince de la ceinture de s\u00e9curit\u00e9 de votre v\u00e9hicule. Elle est r\u00e9glable en longueur pour s'adapter aux diff\u00e9rentes tailles de chiens et de v\u00e9hicules, ce qui permet \u00e0 votre animal de rester en place en toute s\u00e9curit\u00e9. L'attache solide et le syst\u00e8me de boucle emp\u00eachent votre animal de sauter, ce qui vous permet de voyager en toute tranquillit\u00e9. Id\u00e9al pour toutes les races et tailles de chiens.<\/p>","protected":false},"featured_media":8417,"template":"","meta":[],"product_brand":[],"product_cat":[27],"product_tag":[],"class_list":{"0":"post-8416","1":"product","2":"type-product","3":"status-publish","4":"has-post-thumbnail","6":"product_cat-dog-leash","7":"pa_brand-qqpets","9":"first","10":"instock","11":"shipping-taxable","12":"product-type-simple"},"yoast_head":"<!-- This site is optimized with the Yoast SEO plugin v26.6 - https:\/\/yoast.com\/wordpress\/plugins\/seo\/ -->\n<title>Dog Leash Car Seat Belt | QQPETS<\/title>\n<meta name=\"description\" content=\"Ensure your pet\u2019s safety on the road with our durable Dog Leash Car Seat Belt. Adjustable and secure!\" \/>\n<meta name=\"robots\" content=\"index, follow, max-snippet:-1, max-image-preview:large, max-video-preview:-1\" \/>\n<link rel=\"canonical\" href=\"https:\/\/qqpets.com\/fr\/produit\/dog-leash-car-seat-belt\/\" \/>\n<meta property=\"og:locale\" content=\"fr_FR\" \/>\n<meta property=\"og:type\" content=\"article\" \/>\n<meta property=\"og:title\" content=\"Dog Leash Car Seat Belt | QQPETS\" \/>\n<meta property=\"og:description\" content=\"Ensure your pet\u2019s safety on the road with our durable Dog Leash Car Seat Belt. Adjustable and secure!\" \/>\n<meta property=\"og:url\" content=\"https:\/\/qqpets.com\/fr\/produit\/dog-leash-car-seat-belt\/\" \/>\n<meta property=\"og:site_name\" content=\"QQPETS\" \/>\n<meta property=\"article:publisher\" content=\"https:\/\/www.facebook.com\/QQpetsdogcollars\" \/>\n<meta property=\"og:image\" content=\"https:\/\/qqpets.com\/wp-content\/uploads\/2024\/09\/Car-Seat-Belt.webp\" \/>\n\t<meta property=\"og:image:width\" content=\"1486\" \/>\n\t<meta property=\"og:image:height\" content=\"1500\" \/>\n\t<meta property=\"og:image:type\" content=\"image\/webp\" \/>\n<meta name=\"twitter:card\" content=\"summary_large_image\" \/>\n<meta name=\"twitter:label1\" content=\"Dur\u00e9e de lecture estim\u00e9e\" \/>\n\t<meta name=\"twitter:data1\" content=\"3 minutes\" \/>\n<script type=\"application\/ld+json\" class=\"yoast-schema-graph\">{\"@context\":\"https:\/\/schema.org\",\"@graph\":[{\"@type\":\"WebPage\",\"@id\":\"https:\/\/qqpets.com\/product\/dog-leash-car-seat-belt\/\",\"url\":\"https:\/\/qqpets.com\/product\/dog-leash-car-seat-belt\/\",\"name\":\"Dog Leash Car Seat Belt | QQPETS\",\"isPartOf\":{\"@id\":\"https:\/\/qqpets.com\/#website\"},\"primaryImageOfPage\":{\"@id\":\"https:\/\/qqpets.com\/product\/dog-leash-car-seat-belt\/#primaryimage\"},\"image\":{\"@id\":\"https:\/\/qqpets.com\/product\/dog-leash-car-seat-belt\/#primaryimage\"},\"thumbnailUrl\":\"https:\/\/qqpets.com\/wp-content\/uploads\/2024\/09\/Car-Seat-Belt.webp\",\"datePublished\":\"2024-09-30T03:31:44+00:00\",\"description\":\"Ensure your pet\u2019s safety on the road with our durable Dog Leash Car Seat Belt. Adjustable and secure!\",\"breadcrumb\":{\"@id\":\"https:\/\/qqpets.com\/product\/dog-leash-car-seat-belt\/#breadcrumb\"},\"inLanguage\":\"fr-FR\",\"potentialAction\":[{\"@type\":\"ReadAction\",\"target\":[\"https:\/\/qqpets.com\/product\/dog-leash-car-seat-belt\/\"]}]},{\"@type\":\"ImageObject\",\"inLanguage\":\"fr-FR\",\"@id\":\"https:\/\/qqpets.com\/product\/dog-leash-car-seat-belt\/#primaryimage\",\"url\":\"https:\/\/qqpets.com\/wp-content\/uploads\/2024\/09\/Car-Seat-Belt.webp\",\"contentUrl\":\"https:\/\/qqpets.com\/wp-content\/uploads\/2024\/09\/Car-Seat-Belt.webp\",\"width\":1486,\"height\":1500},{\"@type\":\"BreadcrumbList\",\"@id\":\"https:\/\/qqpets.com\/product\/dog-leash-car-seat-belt\/#breadcrumb\",\"itemListElement\":[{\"@type\":\"ListItem\",\"position\":1,\"name\":\"Home\",\"item\":\"https:\/\/qqpets.com\/\"},{\"@type\":\"ListItem\",\"position\":2,\"name\":\"Products\",\"item\":\"https:\/\/qqpets.com\/pet-products-manufacturer\/\"},{\"@type\":\"ListItem\",\"position\":3,\"name\":\"Dog Leash Car Seat Belt\"}]},{\"@type\":\"WebSite\",\"@id\":\"https:\/\/qqpets.com\/#website\",\"url\":\"https:\/\/qqpets.com\/\",\"name\":\"QQPETS\",\"description\":\"QQPETS is a pet products factory for dog harnesses, dog collars, dog leashes and dog accessories with professional customized service since 2005.\",\"publisher\":{\"@id\":\"https:\/\/qqpets.com\/#organization\"},\"potentialAction\":[{\"@type\":\"SearchAction\",\"target\":{\"@type\":\"EntryPoint\",\"urlTemplate\":\"https:\/\/qqpets.com\/?s={search_term_string}\"},\"query-input\":{\"@type\":\"PropertyValueSpecification\",\"valueRequired\":true,\"valueName\":\"search_term_string\"}}],\"inLanguage\":\"fr-FR\"},{\"@type\":\"Organization\",\"@id\":\"https:\/\/qqpets.com\/#organization\",\"name\":\"QQPETS\",\"url\":\"https:\/\/qqpets.com\/\",\"logo\":{\"@type\":\"ImageObject\",\"inLanguage\":\"fr-FR\",\"@id\":\"https:\/\/qqpets.com\/#\/schema\/logo\/image\/\",\"url\":\"https:\/\/qqpets.com\/wp-content\/uploads\/2023\/09\/cropped-cropped-qqpets-tiktok.jpg\",\"contentUrl\":\"https:\/\/qqpets.com\/wp-content\/uploads\/2023\/09\/cropped-cropped-qqpets-tiktok.jpg\",\"width\":511,\"height\":511,\"caption\":\"QQPETS\"},\"image\":{\"@id\":\"https:\/\/qqpets.com\/#\/schema\/logo\/image\/\"},\"sameAs\":[\"https:\/\/www.facebook.com\/QQpetsdogcollars\",\"https:\/\/www.instagram.com\/qqpetscollar\/\",\"https:\/\/www.pinterest.com\/qqpetsdogcollarsfactory\/\"]}]}<\/script>\n<!-- \/ Yoast SEO plugin. -->","yoast_head_json":{"title":"Laisse pour chien Ceinture de s\u00e9curit\u00e9 pour voiture | QQPETS","description":"Assurez la s\u00e9curit\u00e9 de votre animal de compagnie sur la route gr\u00e2ce \u00e0 notre ceinture de s\u00e9curit\u00e9 durable pour chien. R\u00e9glable et s\u00fbre !","robots":{"index":"index","follow":"follow","max-snippet":"max-snippet:-1","max-image-preview":"max-image-preview:large","max-video-preview":"max-video-preview:-1"},"canonical":"https:\/\/qqpets.com\/fr\/produit\/dog-leash-car-seat-belt\/","og_locale":"fr_FR","og_type":"article","og_title":"Dog Leash Car Seat Belt | QQPETS","og_description":"Ensure your pet\u2019s safety on the road with our durable Dog Leash Car Seat Belt. Adjustable and secure!","og_url":"https:\/\/qqpets.com\/fr\/produit\/dog-leash-car-seat-belt\/","og_site_name":"QQPETS","article_publisher":"https:\/\/www.facebook.com\/QQpetsdogcollars","og_image":[{"width":1486,"height":1500,"url":"https:\/\/qqpets.com\/wp-content\/uploads\/2024\/09\/Car-Seat-Belt.webp","type":"image\/webp"}],"twitter_card":"summary_large_image","twitter_misc":{"Dur\u00e9e de lecture estim\u00e9e":"3 minutes"},"schema":{"@context":"https:\/\/schema.org","@graph":[{"@type":"WebPage","@id":"https:\/\/qqpets.com\/product\/dog-leash-car-seat-belt\/","url":"https:\/\/qqpets.com\/product\/dog-leash-car-seat-belt\/","name":"Laisse pour chien Ceinture de s\u00e9curit\u00e9 pour voiture | QQPETS","isPartOf":{"@id":"https:\/\/qqpets.com\/#website"},"primaryImageOfPage":{"@id":"https:\/\/qqpets.com\/product\/dog-leash-car-seat-belt\/#primaryimage"},"image":{"@id":"https:\/\/qqpets.com\/product\/dog-leash-car-seat-belt\/#primaryimage"},"thumbnailUrl":"https:\/\/qqpets.com\/wp-content\/uploads\/2024\/09\/Car-Seat-Belt.webp","datePublished":"2024-09-30T03:31:44+00:00","description":"Assurez la s\u00e9curit\u00e9 de votre animal de compagnie sur la route gr\u00e2ce \u00e0 notre ceinture de s\u00e9curit\u00e9 durable pour chien. R\u00e9glable et s\u00fbre !","breadcrumb":{"@id":"https:\/\/qqpets.com\/product\/dog-leash-car-seat-belt\/#breadcrumb"},"inLanguage":"fr-FR","potentialAction":[{"@type":"ReadAction","target":["https:\/\/qqpets.com\/product\/dog-leash-car-seat-belt\/"]}]},{"@type":"ImageObject","inLanguage":"fr-FR","@id":"https:\/\/qqpets.com\/product\/dog-leash-car-seat-belt\/#primaryimage","url":"https:\/\/qqpets.com\/wp-content\/uploads\/2024\/09\/Car-Seat-Belt.webp","contentUrl":"https:\/\/qqpets.com\/wp-content\/uploads\/2024\/09\/Car-Seat-Belt.webp","width":1486,"height":1500},{"@type":"BreadcrumbList","@id":"https:\/\/qqpets.com\/product\/dog-leash-car-seat-belt\/#breadcrumb","itemListElement":[{"@type":"ListItem","position":1,"name":"Home","item":"https:\/\/qqpets.com\/"},{"@type":"ListItem","position":2,"name":"Products","item":"https:\/\/qqpets.com\/pet-products-manufacturer\/"},{"@type":"ListItem","position":3,"name":"Dog Leash Car Seat Belt"}]},{"@type":"WebSite","@id":"https:\/\/qqpets.com\/#website","url":"https:\/\/qqpets.com\/","name":"QQPETS","description":"QQPETS est une usine de produits pour animaux de compagnie qui fabrique des harnais pour chiens, des colliers pour chiens, des laisses pour chiens et des accessoires pour chiens avec un service professionnel personnalis\u00e9 depuis 2005.","publisher":{"@id":"https:\/\/qqpets.com\/#organization"},"potentialAction":[{"@type":"SearchAction","target":{"@type":"EntryPoint","urlTemplate":"https:\/\/qqpets.com\/?s={search_term_string}"},"query-input":{"@type":"PropertyValueSpecification","valueRequired":true,"valueName":"search_term_string"}}],"inLanguage":"fr-FR"},{"@type":"Organization","@id":"https:\/\/qqpets.com\/#organization","name":"QQPETS","url":"https:\/\/qqpets.com\/","logo":{"@type":"ImageObject","inLanguage":"fr-FR","@id":"https:\/\/qqpets.com\/#\/schema\/logo\/image\/","url":"https:\/\/qqpets.com\/wp-content\/uploads\/2023\/09\/cropped-cropped-qqpets-tiktok.jpg","contentUrl":"https:\/\/qqpets.com\/wp-content\/uploads\/2023\/09\/cropped-cropped-qqpets-tiktok.jpg","width":511,"height":511,"caption":"QQPETS"},"image":{"@id":"https:\/\/qqpets.com\/#\/schema\/logo\/image\/"},"sameAs":["https:\/\/www.facebook.com\/QQpetsdogcollars","https:\/\/www.instagram.com\/qqpetscollar\/","https:\/\/www.pinterest.com\/qqpetsdogcollarsfactory\/"]}]}},"_links":{"self":[{"href":"https:\/\/qqpets.com\/fr\/wp-json\/wp\/v2\/product\/8416","targetHints":{"allow":["GET"]}}],"collection":[{"href":"https:\/\/qqpets.com\/fr\/wp-json\/wp\/v2\/product"}],"about":[{"href":"https:\/\/qqpets.com\/fr\/wp-json\/wp\/v2\/types\/product"}],"wp:featuredmedia":[{"embeddable":true,"href":"https:\/\/qqpets.com\/fr\/wp-json\/wp\/v2\/media\/8417"}],"wp:attachment":[{"href":"https:\/\/qqpets.com\/fr\/wp-json\/wp\/v2\/media?parent=8416"}],"wp:term":[{"taxonomy":"product_brand","embeddable":true,"href":"https:\/\/qqpets.com\/fr\/wp-json\/wp\/v2\/product_brand?post=8416"},{"taxonomy":"product_cat","embeddable":true,"href":"https:\/\/qqpets.com\/fr\/wp-json\/wp\/v2\/product_cat?post=8416"},{"taxonomy":"product_tag","embeddable":true,"href":"https:\/\/qqpets.com\/fr\/wp-json\/wp\/v2\/product_tag?post=8416"}],"curies":[{"name":"wp","href":"https:\/\/api.w.org\/{rel}","templated":true}]}}