{"id":8430,"date":"2024-09-30T15:30:55","date_gmt":"2024-09-30T07:30:55","guid":{"rendered":"https:\/\/qqpets.com\/?post_type=product&#038;p=8430"},"modified":"2024-09-30T16:21:23","modified_gmt":"2024-09-30T08:21:23","slug":"escape-proof-cat-harness-leash-set","status":"publish","type":"product","link":"https:\/\/qqpets.com\/fr\/produit\/escape-proof-cat-harness-leash-set\/","title":{"rendered":"Escape Proof Cat Harness Leash Set"},"content":{"rendered":"<p>Gardez votre chat en s\u00e9curit\u00e9 et \u00e0 l'aise lorsqu'il explore l'ext\u00e9rieur avec notre ensemble de harnais pour chat Escape Proof Leash Set. Cet ensemble de harnais bien con\u00e7u permet \u00e0 votre f\u00e9lin aventureux de profiter de l'ext\u00e9rieur sans risquer de s'\u00e9chapper.<\/p>\n<p><strong>Caract\u00e9ristiques principales :<\/strong><\/p>\n<ul>\n<li><strong>Ajustement sur mesure :<\/strong> Les sangles r\u00e9glables assurent un ajustement parfait, garantissant que le harnais reste sur votre chat m\u00eame en cas d'activit\u00e9 vigoureuse.<\/li>\n<li><strong>L\u00e9ger Mat\u00e9riau :<\/strong> Fabriqu\u00e9 dans un tissu respirant et l\u00e9ger qui n'alourdit pas votre chat, il est id\u00e9al pour une utilisation prolong\u00e9e.<\/li>\n<li><strong>Construction durable :<\/strong> Le mat\u00e9riau de haute qualit\u00e9 est con\u00e7u pour durer et r\u00e9sister \u00e0 l'usure quotidienne, tout en conservant sa forme et sa fonctionnalit\u00e9.<\/li>\n<li><strong>La s\u00e9curit\u00e9 avant tout :<\/strong> Le harnais est dot\u00e9 d'un fermoir s\u00e9curis\u00e9 qui verrouille le harnais en place, associ\u00e9 \u00e0 un solide clip de laisse qui permet \u00e0 votre chat de rester en toute s\u00e9curit\u00e9 \u00e0 vos c\u00f4t\u00e9s.<\/li>\n<li><strong>Design \u00e9l\u00e9gant :<\/strong> Disponible dans une agr\u00e9able couleur aqua, il assure non seulement la s\u00e9curit\u00e9 de votre chat, mais il est \u00e9galement tr\u00e8s esth\u00e9tique, faisant de votre animal de compagnie le chat le plus styl\u00e9 du quartier.<\/li>\n<li><strong>Visibilit\u00e9 accrue :<\/strong> La couleur vive am\u00e9liore la visibilit\u00e9 de votre chat, ce qui permet de le surveiller plus facilement au cr\u00e9puscule et \u00e0 l'aube.<\/li>\n<\/ul>\n<p>L'ensemble harnais-laisse pour chat Escape Proof est un accessoire essentiel pour tout propri\u00e9taire de chat qui souhaite am\u00e9liorer en toute s\u00e9curit\u00e9 les exp\u00e9riences de son animal \u00e0 l'ext\u00e9rieur. Il est parfait pour les promenades, le jogging ou simplement pour profiter d'une journ\u00e9e ensoleill\u00e9e dans le jardin. \u00c9quipez votre chat de cet ensemble harnais et laisse et ayez l'esprit tranquille en sachant qu'il est en s\u00e9curit\u00e9 et \u00e0 l'aise, quel que soit l'endroit o\u00f9 l'aventure le m\u00e8ne.<\/p>\n<h5><strong>Existe-t-il un harnais dont un chat ne peut s'\u00e9chapper ?<\/strong><\/h5>\n<p>Bien qu'aucun harnais ne soit totalement \u00e0 l'\u00e9preuve des fuites, les harnais con\u00e7us pour \u00eatre bien ajust\u00e9s et dot\u00e9s de fermetures s\u00fbres r\u00e9duisent la probabilit\u00e9 qu'un chat s'\u00e9chappe.<\/p>\n<h5><strong>Quel est le meilleur harnais pour chats ?<\/strong><\/h5>\n<p>Les meilleurs harnais anti-fugue pour chats sont g\u00e9n\u00e9ralement des harnais en forme de \"H\" ou de gilet, fabriqu\u00e9s \u00e0 partir de mat\u00e9riaux s\u00fbrs et r\u00e9glables qui assurent un bon maintien tout en permettant des mouvements confortables.<\/p>\n<h5><strong>Comment faire pour qu'un harnais pour chat ne puisse pas s'\u00e9chapper ?<\/strong><\/h5>\n<p>Veillez \u00e0 ce que le harnais soit correctement ajust\u00e9 au corps de votre chat : il doit \u00eatre bien ajust\u00e9, mais pas trop serr\u00e9, et le chat ne doit pas avoir la possibilit\u00e9 de s'agiter. V\u00e9rifiez et ajustez r\u00e9guli\u00e8rement le harnais, surtout si votre chat grandit ou si son poids change.<\/p>\n<h5><strong>Qu'est-ce qui fait qu'un harnais est \u00e0 l'\u00e9preuve des \u00e9vasions ?<\/strong><\/h5>\n<p>Un harnais anti-fugue comprend g\u00e9n\u00e9ralement des sangles r\u00e9glables qui s'ajustent \u00e9troitement au corps, des fermetures s\u00fbres qui emp\u00eachent de glisser, et des mat\u00e9riaux durables qui r\u00e9sistent \u00e0 la traction et \u00e0 la torsion.<\/p>","protected":false},"excerpt":{"rendered":"<p>D\u00e9couvrez le m\u00e9lange parfait de s\u00e9curit\u00e9 et de confort avec notre ensemble de harnais pour chat Escape Proof, con\u00e7u sp\u00e9cialement pour les chats. Cet ensemble comprend un harnais r\u00e9glable qui s'ajuste parfaitement pour emp\u00eacher votre chat de s'\u00e9chapper, ainsi qu'une laisse assortie pour des explorations en toute s\u00e9curit\u00e9. Fabriqu\u00e9 dans un mat\u00e9riau durable et l\u00e9ger, il assure le confort de votre chat pendant les longues promenades. La couleur vive am\u00e9liore la visibilit\u00e9, ce qui en fait un choix \u00e0 la fois pratique et \u00e9l\u00e9gant pour les aventures en plein air de votre animal.<\/p>","protected":false},"featured_media":8431,"template":"","meta":[],"product_brand":[],"product_cat":[23],"product_tag":[],"class_list":{"0":"post-8430","1":"product","2":"type-product","3":"status-publish","4":"has-post-thumbnail","6":"product_cat-dog-harness","7":"pa_brand-qqpets","9":"first","10":"instock","11":"shipping-taxable","12":"product-type-simple"},"yoast_head":"<!-- This site is optimized with the Yoast SEO plugin v26.6 - https:\/\/yoast.com\/wordpress\/plugins\/seo\/ -->\n<title>Escape Proof Cat Harness Leash Set | QQPETS<\/title>\n<meta name=\"description\" content=\"Lightweight, secure Escape Proof Cat Harness Leash Set for safe and enjoyable outdoor adventures with your feline.\" \/>\n<meta name=\"robots\" content=\"index, follow, max-snippet:-1, max-image-preview:large, max-video-preview:-1\" \/>\n<link rel=\"canonical\" href=\"https:\/\/qqpets.com\/fr\/produit\/escape-proof-cat-harness-leash-set\/\" \/>\n<meta property=\"og:locale\" content=\"fr_FR\" \/>\n<meta property=\"og:type\" content=\"article\" \/>\n<meta property=\"og:title\" content=\"Escape Proof Cat Harness Leash Set | QQPETS\" \/>\n<meta property=\"og:description\" content=\"Lightweight, secure Escape Proof Cat Harness Leash Set for safe and enjoyable outdoor adventures with your feline.\" \/>\n<meta property=\"og:url\" content=\"https:\/\/qqpets.com\/fr\/produit\/escape-proof-cat-harness-leash-set\/\" \/>\n<meta property=\"og:site_name\" content=\"QQPETS\" \/>\n<meta property=\"article:publisher\" content=\"https:\/\/www.facebook.com\/QQpetsdogcollars\" \/>\n<meta property=\"article:modified_time\" content=\"2024-09-30T08:21:23+00:00\" \/>\n<meta property=\"og:image\" content=\"https:\/\/qqpets.com\/wp-content\/uploads\/2024\/09\/escape-proof-dog-harness-strap.webp\" \/>\n\t<meta property=\"og:image:width\" content=\"1404\" \/>\n\t<meta property=\"og:image:height\" content=\"1500\" \/>\n\t<meta property=\"og:image:type\" content=\"image\/webp\" \/>\n<meta name=\"twitter:card\" content=\"summary_large_image\" \/>\n<meta name=\"twitter:label1\" content=\"Dur\u00e9e de lecture estim\u00e9e\" \/>\n\t<meta name=\"twitter:data1\" content=\"2 minutes\" \/>\n<script type=\"application\/ld+json\" class=\"yoast-schema-graph\">{\"@context\":\"https:\/\/schema.org\",\"@graph\":[{\"@type\":\"WebPage\",\"@id\":\"https:\/\/qqpets.com\/product\/escape-proof-cat-harness-leash-set\/\",\"url\":\"https:\/\/qqpets.com\/product\/escape-proof-cat-harness-leash-set\/\",\"name\":\"Escape Proof Cat Harness Leash Set | QQPETS\",\"isPartOf\":{\"@id\":\"https:\/\/qqpets.com\/#website\"},\"primaryImageOfPage\":{\"@id\":\"https:\/\/qqpets.com\/product\/escape-proof-cat-harness-leash-set\/#primaryimage\"},\"image\":{\"@id\":\"https:\/\/qqpets.com\/product\/escape-proof-cat-harness-leash-set\/#primaryimage\"},\"thumbnailUrl\":\"https:\/\/qqpets.com\/wp-content\/uploads\/2024\/09\/escape-proof-dog-harness-strap.webp\",\"datePublished\":\"2024-09-30T07:30:55+00:00\",\"dateModified\":\"2024-09-30T08:21:23+00:00\",\"description\":\"Lightweight, secure Escape Proof Cat Harness Leash Set for safe and enjoyable outdoor adventures with your feline.\",\"breadcrumb\":{\"@id\":\"https:\/\/qqpets.com\/product\/escape-proof-cat-harness-leash-set\/#breadcrumb\"},\"inLanguage\":\"fr-FR\",\"potentialAction\":[{\"@type\":\"ReadAction\",\"target\":[\"https:\/\/qqpets.com\/product\/escape-proof-cat-harness-leash-set\/\"]}]},{\"@type\":\"ImageObject\",\"inLanguage\":\"fr-FR\",\"@id\":\"https:\/\/qqpets.com\/product\/escape-proof-cat-harness-leash-set\/#primaryimage\",\"url\":\"https:\/\/qqpets.com\/wp-content\/uploads\/2024\/09\/escape-proof-dog-harness-strap.webp\",\"contentUrl\":\"https:\/\/qqpets.com\/wp-content\/uploads\/2024\/09\/escape-proof-dog-harness-strap.webp\",\"width\":1404,\"height\":1500},{\"@type\":\"BreadcrumbList\",\"@id\":\"https:\/\/qqpets.com\/product\/escape-proof-cat-harness-leash-set\/#breadcrumb\",\"itemListElement\":[{\"@type\":\"ListItem\",\"position\":1,\"name\":\"Home\",\"item\":\"https:\/\/qqpets.com\/\"},{\"@type\":\"ListItem\",\"position\":2,\"name\":\"Products\",\"item\":\"https:\/\/qqpets.com\/pet-products-manufacturer\/\"},{\"@type\":\"ListItem\",\"position\":3,\"name\":\"Escape Proof Cat Harness Leash Set\"}]},{\"@type\":\"WebSite\",\"@id\":\"https:\/\/qqpets.com\/#website\",\"url\":\"https:\/\/qqpets.com\/\",\"name\":\"QQPETS\",\"description\":\"QQPETS is a pet products factory for dog harnesses, dog collars, dog leashes and dog accessories with professional customized service since 2005.\",\"publisher\":{\"@id\":\"https:\/\/qqpets.com\/#organization\"},\"potentialAction\":[{\"@type\":\"SearchAction\",\"target\":{\"@type\":\"EntryPoint\",\"urlTemplate\":\"https:\/\/qqpets.com\/?s={search_term_string}\"},\"query-input\":{\"@type\":\"PropertyValueSpecification\",\"valueRequired\":true,\"valueName\":\"search_term_string\"}}],\"inLanguage\":\"fr-FR\"},{\"@type\":\"Organization\",\"@id\":\"https:\/\/qqpets.com\/#organization\",\"name\":\"QQPETS\",\"url\":\"https:\/\/qqpets.com\/\",\"logo\":{\"@type\":\"ImageObject\",\"inLanguage\":\"fr-FR\",\"@id\":\"https:\/\/qqpets.com\/#\/schema\/logo\/image\/\",\"url\":\"https:\/\/qqpets.com\/wp-content\/uploads\/2023\/09\/cropped-cropped-qqpets-tiktok.jpg\",\"contentUrl\":\"https:\/\/qqpets.com\/wp-content\/uploads\/2023\/09\/cropped-cropped-qqpets-tiktok.jpg\",\"width\":511,\"height\":511,\"caption\":\"QQPETS\"},\"image\":{\"@id\":\"https:\/\/qqpets.com\/#\/schema\/logo\/image\/\"},\"sameAs\":[\"https:\/\/www.facebook.com\/QQpetsdogcollars\",\"https:\/\/www.instagram.com\/qqpetscollar\/\",\"https:\/\/www.pinterest.com\/qqpetsdogcollarsfactory\/\"]}]}<\/script>\n<!-- \/ Yoast SEO plugin. -->","yoast_head_json":{"title":"Ensemble harnais et laisse pour chat Escape Proof | QQPETS","description":"Ensemble de harnais et de laisse pour chat, l\u00e9ger et s\u00fbr, \u00e0 l'\u00e9preuve des \u00e9vasions, pour des aventures en plein air agr\u00e9ables et s\u00fbres avec votre f\u00e9lin.","robots":{"index":"index","follow":"follow","max-snippet":"max-snippet:-1","max-image-preview":"max-image-preview:large","max-video-preview":"max-video-preview:-1"},"canonical":"https:\/\/qqpets.com\/fr\/produit\/escape-proof-cat-harness-leash-set\/","og_locale":"fr_FR","og_type":"article","og_title":"Escape Proof Cat Harness Leash Set | QQPETS","og_description":"Lightweight, secure Escape Proof Cat Harness Leash Set for safe and enjoyable outdoor adventures with your feline.","og_url":"https:\/\/qqpets.com\/fr\/produit\/escape-proof-cat-harness-leash-set\/","og_site_name":"QQPETS","article_publisher":"https:\/\/www.facebook.com\/QQpetsdogcollars","article_modified_time":"2024-09-30T08:21:23+00:00","og_image":[{"width":1404,"height":1500,"url":"https:\/\/qqpets.com\/wp-content\/uploads\/2024\/09\/escape-proof-dog-harness-strap.webp","type":"image\/webp"}],"twitter_card":"summary_large_image","twitter_misc":{"Dur\u00e9e de lecture estim\u00e9e":"2 minutes"},"schema":{"@context":"https:\/\/schema.org","@graph":[{"@type":"WebPage","@id":"https:\/\/qqpets.com\/product\/escape-proof-cat-harness-leash-set\/","url":"https:\/\/qqpets.com\/product\/escape-proof-cat-harness-leash-set\/","name":"Ensemble harnais et laisse pour chat Escape Proof | QQPETS","isPartOf":{"@id":"https:\/\/qqpets.com\/#website"},"primaryImageOfPage":{"@id":"https:\/\/qqpets.com\/product\/escape-proof-cat-harness-leash-set\/#primaryimage"},"image":{"@id":"https:\/\/qqpets.com\/product\/escape-proof-cat-harness-leash-set\/#primaryimage"},"thumbnailUrl":"https:\/\/qqpets.com\/wp-content\/uploads\/2024\/09\/escape-proof-dog-harness-strap.webp","datePublished":"2024-09-30T07:30:55+00:00","dateModified":"2024-09-30T08:21:23+00:00","description":"Ensemble de harnais et de laisse pour chat, l\u00e9ger et s\u00fbr, \u00e0 l'\u00e9preuve des \u00e9vasions, pour des aventures en plein air agr\u00e9ables et s\u00fbres avec votre f\u00e9lin.","breadcrumb":{"@id":"https:\/\/qqpets.com\/product\/escape-proof-cat-harness-leash-set\/#breadcrumb"},"inLanguage":"fr-FR","potentialAction":[{"@type":"ReadAction","target":["https:\/\/qqpets.com\/product\/escape-proof-cat-harness-leash-set\/"]}]},{"@type":"ImageObject","inLanguage":"fr-FR","@id":"https:\/\/qqpets.com\/product\/escape-proof-cat-harness-leash-set\/#primaryimage","url":"https:\/\/qqpets.com\/wp-content\/uploads\/2024\/09\/escape-proof-dog-harness-strap.webp","contentUrl":"https:\/\/qqpets.com\/wp-content\/uploads\/2024\/09\/escape-proof-dog-harness-strap.webp","width":1404,"height":1500},{"@type":"BreadcrumbList","@id":"https:\/\/qqpets.com\/product\/escape-proof-cat-harness-leash-set\/#breadcrumb","itemListElement":[{"@type":"ListItem","position":1,"name":"Home","item":"https:\/\/qqpets.com\/"},{"@type":"ListItem","position":2,"name":"Products","item":"https:\/\/qqpets.com\/pet-products-manufacturer\/"},{"@type":"ListItem","position":3,"name":"Escape Proof Cat Harness Leash Set"}]},{"@type":"WebSite","@id":"https:\/\/qqpets.com\/#website","url":"https:\/\/qqpets.com\/","name":"QQPETS","description":"QQPETS est une usine de produits pour animaux de compagnie qui fabrique des harnais pour chiens, des colliers pour chiens, des laisses pour chiens et des accessoires pour chiens avec un service professionnel personnalis\u00e9 depuis 2005.","publisher":{"@id":"https:\/\/qqpets.com\/#organization"},"potentialAction":[{"@type":"SearchAction","target":{"@type":"EntryPoint","urlTemplate":"https:\/\/qqpets.com\/?s={search_term_string}"},"query-input":{"@type":"PropertyValueSpecification","valueRequired":true,"valueName":"search_term_string"}}],"inLanguage":"fr-FR"},{"@type":"Organization","@id":"https:\/\/qqpets.com\/#organization","name":"QQPETS","url":"https:\/\/qqpets.com\/","logo":{"@type":"ImageObject","inLanguage":"fr-FR","@id":"https:\/\/qqpets.com\/#\/schema\/logo\/image\/","url":"https:\/\/qqpets.com\/wp-content\/uploads\/2023\/09\/cropped-cropped-qqpets-tiktok.jpg","contentUrl":"https:\/\/qqpets.com\/wp-content\/uploads\/2023\/09\/cropped-cropped-qqpets-tiktok.jpg","width":511,"height":511,"caption":"QQPETS"},"image":{"@id":"https:\/\/qqpets.com\/#\/schema\/logo\/image\/"},"sameAs":["https:\/\/www.facebook.com\/QQpetsdogcollars","https:\/\/www.instagram.com\/qqpetscollar\/","https:\/\/www.pinterest.com\/qqpetsdogcollarsfactory\/"]}]}},"_links":{"self":[{"href":"https:\/\/qqpets.com\/fr\/wp-json\/wp\/v2\/product\/8430","targetHints":{"allow":["GET"]}}],"collection":[{"href":"https:\/\/qqpets.com\/fr\/wp-json\/wp\/v2\/product"}],"about":[{"href":"https:\/\/qqpets.com\/fr\/wp-json\/wp\/v2\/types\/product"}],"wp:featuredmedia":[{"embeddable":true,"href":"https:\/\/qqpets.com\/fr\/wp-json\/wp\/v2\/media\/8431"}],"wp:attachment":[{"href":"https:\/\/qqpets.com\/fr\/wp-json\/wp\/v2\/media?parent=8430"}],"wp:term":[{"taxonomy":"product_brand","embeddable":true,"href":"https:\/\/qqpets.com\/fr\/wp-json\/wp\/v2\/product_brand?post=8430"},{"taxonomy":"product_cat","embeddable":true,"href":"https:\/\/qqpets.com\/fr\/wp-json\/wp\/v2\/product_cat?post=8430"},{"taxonomy":"product_tag","embeddable":true,"href":"https:\/\/qqpets.com\/fr\/wp-json\/wp\/v2\/product_tag?post=8430"}],"curies":[{"name":"wp","href":"https:\/\/api.w.org\/{rel}","templated":true}]}}