{"id":8450,"date":"2024-09-30T16:45:10","date_gmt":"2024-09-30T08:45:10","guid":{"rendered":"https:\/\/qqpets.com\/?post_type=product&#038;p=8450"},"modified":"2024-09-30T16:46:41","modified_gmt":"2024-09-30T08:46:41","slug":"air-tag-dog-collar-case","status":"publish","type":"product","link":"https:\/\/qqpets.com\/fr\/produit\/air-tag-dog-collar-case\/","title":{"rendered":"\u00c9tui pour collier de chien Air Tag"},"content":{"rendered":"<p>D\u00e9couvrez le moyen id\u00e9al de garder votre animal de compagnie en s\u00e9curit\u00e9 et avec style gr\u00e2ce \u00e0 notre \u00e9tui pour collier de chien AirTag. Cet \u00e9tui a \u00e9t\u00e9 sp\u00e9cialement con\u00e7u pour les propri\u00e9taires d'animaux de compagnie qui souhaitent utiliser la technologie de pistage moderne sans faire de compromis sur le style ou la durabilit\u00e9.<\/p>\n<p><strong>Caract\u00e9ristiques principales :<\/strong><\/p>\n<ul>\n<li><strong>Mat\u00e9riau durable :<\/strong> Fabriqu\u00e9 dans un tissu robuste et l\u00e9ger, cet \u00e9tui est \u00e0 la fois r\u00e9sistant aux rayures et lavable, ce qui garantit une utilisation durable et un entretien facile.<\/li>\n<li><strong>Protection compl\u00e8te :<\/strong> Con\u00e7u pour prot\u00e9ger votre AirTag de l'eau, de la poussi\u00e8re et des rayures, l'\u00e9tui garantit que le traceur reste en parfait \u00e9tat, prot\u00e9geant ainsi votre investissement et permettant de localiser votre animal dans n'importe quel environnement.<\/li>\n<li><strong>Des cr\u00e9ations \u00e0 la pointe de la mode :<\/strong> Disponible dans un large \u00e9ventail de motifs et de couleurs, cet \u00e9tui \u00e0 collier permet de personnaliser le look de votre animal. Choisissez entre des imprim\u00e9s ludiques et des motifs \u00e9l\u00e9gants qui permettent \u00e0 votre animal de se distinguer tout en restant en s\u00e9curit\u00e9.<\/li>\n<li><strong>Facile \u00e0 utiliser :<\/strong> L'\u00e9tui peut \u00eatre rapidement fix\u00e9 \u00e0 n'importe quel collier standard pour animaux de compagnie (de 0,5 \u00e0 1,2 pouces de large), offrant un ajustement serr\u00e9 et s\u00fbr qui emp\u00eache la perte ou l'endommagement de l'AirTag pendant les jeux actifs ou les moments de repos.<\/li>\n<li><strong>Polyvalence :<\/strong> Bien que con\u00e7u pour les AirTags, le bo\u00eetier flexible de cet \u00e9tui convient \u00e0 d'autres dispositifs de suivi de taille similaire, ce qui permet de r\u00e9pondre aux besoins des diff\u00e9rents propri\u00e9taires d'animaux.<\/li>\n<\/ul>\n<p>Am\u00e9liorez la s\u00e9curit\u00e9 de votre animal de compagnie avec notre \u00e9tui pour collier de chien AirTag. Il s'agit non seulement d'un accessoire, mais aussi d'une n\u00e9cessit\u00e9 pour la s\u00e9curit\u00e9 moderne des animaux de compagnie, garantissant que votre animal reste en s\u00e9curit\u00e9 et \u00e9l\u00e9gant, que ce soit \u00e0 la maison ou en d\u00e9placement. Id\u00e9al pour les propri\u00e9taires d'animaux r\u00e9fl\u00e9chis, cet \u00e9tui est un excellent compl\u00e9ment \u00e0 toute trousse de s\u00e9curit\u00e9 pour animaux de compagnie.<\/p>\n<h5><strong>Est-il prudent d'apposer un AirTag sur le collier d'un chien ?<\/strong><\/h5>\n<p>Oui, le collier d'un chien peut \u00eatre \u00e9quip\u00e9 d'un AirTag en toute s\u00e9curit\u00e9, \u00e0 condition qu'il soit solidement fix\u00e9 et que le chien ne puisse pas le m\u00e2cher. C'est un moyen pratique de localiser votre chien s'il s'\u00e9gare.<\/p>\n<h5><strong>Un AirTag fonctionne-t-il sur un chien ?<\/strong><\/h5>\n<p>Oui, un AirTag peut fonctionner sur un chien en l'attachant \u00e0 son collier. Il utilise la technologie Bluetooth pour fournir des mises \u00e0 jour de localisation \u00e0 vos appareils Apple, vous aidant ainsi \u00e0 suivre les all\u00e9es et venues de votre animal.<\/p>\n<h5><strong>Comment fixer un AirTag au collier d'un chien ?<\/strong><\/h5>\n<p>Fixez un AirTag \u00e0 un collier de chien \u00e0 l'aide d'un support sp\u00e9cialement con\u00e7u pour les AirTags. Ces supports peuvent se clipser ou se boucler sur le collier, garantissant que l'AirTag reste fermement en place.<\/p>\n<h5><strong>AirTag est-il \u00e9tanche ?<\/strong><\/h5>\n<p>Oui, l'AirTag est r\u00e9sistant \u00e0 l'eau avec un indice IP67, ce qui signifie qu'il peut r\u00e9sister \u00e0 une immersion dans l'eau jusqu'\u00e0 1 m\u00e8tre de profondeur pendant environ 30 minutes, ce qui permet de l'utiliser sur les colliers pour chiens m\u00eame dans des conditions humides.<\/p>","protected":false},"excerpt":{"rendered":"<p>Cet \u00e9tui pour collier de chien AirTag allie fonctionnalit\u00e9 et style. Il est sp\u00e9cialement con\u00e7u pour fixer votre AirTag au collier de votre chien tout en offrant une protection sup\u00e9rieure contre les \u00e9l\u00e9ments. Fabriqu\u00e9 \u00e0 partir de mat\u00e9riaux durables et lavables, il est con\u00e7u pour r\u00e9sister \u00e0 l'usure quotidienne, prot\u00e9geant l'AirTag de la poussi\u00e8re, des rayures et de l'eau. Il s'adapte \u00e0 la plupart des colliers et se d\u00e9cline en plusieurs couleurs et motifs, parfaits pour ajouter une touche de style \u00e0 la tenue quotidienne de votre animal.<\/p>","protected":false},"featured_media":8451,"template":"","meta":[],"product_brand":[],"product_cat":[26],"product_tag":[],"class_list":{"0":"post-8450","1":"product","2":"type-product","3":"status-publish","4":"has-post-thumbnail","6":"product_cat-dog-collar","7":"pa_brand-qqpets","9":"first","10":"instock","11":"shipping-taxable","12":"product-type-simple"},"yoast_head":"<!-- This site is optimized with the Yoast SEO plugin v26.6 - https:\/\/yoast.com\/wordpress\/plugins\/seo\/ -->\n<title>Air Tag Dog Collar Case | QQPETS<\/title>\n<meta name=\"description\" content=\"Secure and stylish AirTag Dog Collar Case, ideal for protecting your pet&#039;s tracker.\" \/>\n<meta name=\"robots\" content=\"index, follow, max-snippet:-1, max-image-preview:large, max-video-preview:-1\" \/>\n<link rel=\"canonical\" href=\"https:\/\/qqpets.com\/fr\/produit\/air-tag-dog-collar-case\/\" \/>\n<meta property=\"og:locale\" content=\"fr_FR\" \/>\n<meta property=\"og:type\" content=\"article\" \/>\n<meta property=\"og:title\" content=\"Air Tag Dog Collar Case | QQPETS\" \/>\n<meta property=\"og:description\" content=\"Secure and stylish AirTag Dog Collar Case, ideal for protecting your pet&#039;s tracker.\" \/>\n<meta property=\"og:url\" content=\"https:\/\/qqpets.com\/fr\/produit\/air-tag-dog-collar-case\/\" \/>\n<meta property=\"og:site_name\" content=\"QQPETS\" \/>\n<meta property=\"article:publisher\" content=\"https:\/\/www.facebook.com\/QQpetsdogcollars\" \/>\n<meta property=\"article:modified_time\" content=\"2024-09-30T08:46:41+00:00\" \/>\n<meta property=\"og:image\" content=\"https:\/\/qqpets.com\/wp-content\/uploads\/2024\/09\/airtag-dog-collar1.webp\" \/>\n\t<meta property=\"og:image:width\" content=\"800\" \/>\n\t<meta property=\"og:image:height\" content=\"800\" \/>\n\t<meta property=\"og:image:type\" content=\"image\/webp\" \/>\n<meta name=\"twitter:card\" content=\"summary_large_image\" \/>\n<meta name=\"twitter:label1\" content=\"Dur\u00e9e de lecture estim\u00e9e\" \/>\n\t<meta name=\"twitter:data1\" content=\"3 minutes\" \/>\n<script type=\"application\/ld+json\" class=\"yoast-schema-graph\">{\"@context\":\"https:\/\/schema.org\",\"@graph\":[{\"@type\":\"WebPage\",\"@id\":\"https:\/\/qqpets.com\/product\/air-tag-dog-collar-case\/\",\"url\":\"https:\/\/qqpets.com\/product\/air-tag-dog-collar-case\/\",\"name\":\"Air Tag Dog Collar Case | QQPETS\",\"isPartOf\":{\"@id\":\"https:\/\/qqpets.com\/#website\"},\"primaryImageOfPage\":{\"@id\":\"https:\/\/qqpets.com\/product\/air-tag-dog-collar-case\/#primaryimage\"},\"image\":{\"@id\":\"https:\/\/qqpets.com\/product\/air-tag-dog-collar-case\/#primaryimage\"},\"thumbnailUrl\":\"https:\/\/qqpets.com\/wp-content\/uploads\/2024\/09\/airtag-dog-collar1.webp\",\"datePublished\":\"2024-09-30T08:45:10+00:00\",\"dateModified\":\"2024-09-30T08:46:41+00:00\",\"description\":\"Secure and stylish AirTag Dog Collar Case, ideal for protecting your pet's tracker.\",\"breadcrumb\":{\"@id\":\"https:\/\/qqpets.com\/product\/air-tag-dog-collar-case\/#breadcrumb\"},\"inLanguage\":\"fr-FR\",\"potentialAction\":[{\"@type\":\"ReadAction\",\"target\":[\"https:\/\/qqpets.com\/product\/air-tag-dog-collar-case\/\"]}]},{\"@type\":\"ImageObject\",\"inLanguage\":\"fr-FR\",\"@id\":\"https:\/\/qqpets.com\/product\/air-tag-dog-collar-case\/#primaryimage\",\"url\":\"https:\/\/qqpets.com\/wp-content\/uploads\/2024\/09\/airtag-dog-collar1.webp\",\"contentUrl\":\"https:\/\/qqpets.com\/wp-content\/uploads\/2024\/09\/airtag-dog-collar1.webp\",\"width\":800,\"height\":800},{\"@type\":\"BreadcrumbList\",\"@id\":\"https:\/\/qqpets.com\/product\/air-tag-dog-collar-case\/#breadcrumb\",\"itemListElement\":[{\"@type\":\"ListItem\",\"position\":1,\"name\":\"Home\",\"item\":\"https:\/\/qqpets.com\/\"},{\"@type\":\"ListItem\",\"position\":2,\"name\":\"Products\",\"item\":\"https:\/\/qqpets.com\/pet-products-manufacturer\/\"},{\"@type\":\"ListItem\",\"position\":3,\"name\":\"Air Tag Dog Collar Case\"}]},{\"@type\":\"WebSite\",\"@id\":\"https:\/\/qqpets.com\/#website\",\"url\":\"https:\/\/qqpets.com\/\",\"name\":\"QQPETS\",\"description\":\"QQPETS is a pet products factory for dog harnesses, dog collars, dog leashes and dog accessories with professional customized service since 2005.\",\"publisher\":{\"@id\":\"https:\/\/qqpets.com\/#organization\"},\"potentialAction\":[{\"@type\":\"SearchAction\",\"target\":{\"@type\":\"EntryPoint\",\"urlTemplate\":\"https:\/\/qqpets.com\/?s={search_term_string}\"},\"query-input\":{\"@type\":\"PropertyValueSpecification\",\"valueRequired\":true,\"valueName\":\"search_term_string\"}}],\"inLanguage\":\"fr-FR\"},{\"@type\":\"Organization\",\"@id\":\"https:\/\/qqpets.com\/#organization\",\"name\":\"QQPETS\",\"url\":\"https:\/\/qqpets.com\/\",\"logo\":{\"@type\":\"ImageObject\",\"inLanguage\":\"fr-FR\",\"@id\":\"https:\/\/qqpets.com\/#\/schema\/logo\/image\/\",\"url\":\"https:\/\/qqpets.com\/wp-content\/uploads\/2023\/09\/cropped-cropped-qqpets-tiktok.jpg\",\"contentUrl\":\"https:\/\/qqpets.com\/wp-content\/uploads\/2023\/09\/cropped-cropped-qqpets-tiktok.jpg\",\"width\":511,\"height\":511,\"caption\":\"QQPETS\"},\"image\":{\"@id\":\"https:\/\/qqpets.com\/#\/schema\/logo\/image\/\"},\"sameAs\":[\"https:\/\/www.facebook.com\/QQpetsdogcollars\",\"https:\/\/www.instagram.com\/qqpetscollar\/\",\"https:\/\/www.pinterest.com\/qqpetsdogcollarsfactory\/\"]}]}<\/script>\n<!-- \/ Yoast SEO plugin. -->","yoast_head_json":{"title":"\u00c9tui pour collier de chien Air Tag | QQPETS","description":"\u00c9tui s\u00e9curis\u00e9 et \u00e9l\u00e9gant pour collier de chien AirTag, id\u00e9al pour prot\u00e9ger le traceur de votre animal de compagnie.","robots":{"index":"index","follow":"follow","max-snippet":"max-snippet:-1","max-image-preview":"max-image-preview:large","max-video-preview":"max-video-preview:-1"},"canonical":"https:\/\/qqpets.com\/fr\/produit\/air-tag-dog-collar-case\/","og_locale":"fr_FR","og_type":"article","og_title":"Air Tag Dog Collar Case | QQPETS","og_description":"Secure and stylish AirTag Dog Collar Case, ideal for protecting your pet's tracker.","og_url":"https:\/\/qqpets.com\/fr\/produit\/air-tag-dog-collar-case\/","og_site_name":"QQPETS","article_publisher":"https:\/\/www.facebook.com\/QQpetsdogcollars","article_modified_time":"2024-09-30T08:46:41+00:00","og_image":[{"width":800,"height":800,"url":"https:\/\/qqpets.com\/wp-content\/uploads\/2024\/09\/airtag-dog-collar1.webp","type":"image\/webp"}],"twitter_card":"summary_large_image","twitter_misc":{"Dur\u00e9e de lecture estim\u00e9e":"3 minutes"},"schema":{"@context":"https:\/\/schema.org","@graph":[{"@type":"WebPage","@id":"https:\/\/qqpets.com\/product\/air-tag-dog-collar-case\/","url":"https:\/\/qqpets.com\/product\/air-tag-dog-collar-case\/","name":"\u00c9tui pour collier de chien Air Tag | QQPETS","isPartOf":{"@id":"https:\/\/qqpets.com\/#website"},"primaryImageOfPage":{"@id":"https:\/\/qqpets.com\/product\/air-tag-dog-collar-case\/#primaryimage"},"image":{"@id":"https:\/\/qqpets.com\/product\/air-tag-dog-collar-case\/#primaryimage"},"thumbnailUrl":"https:\/\/qqpets.com\/wp-content\/uploads\/2024\/09\/airtag-dog-collar1.webp","datePublished":"2024-09-30T08:45:10+00:00","dateModified":"2024-09-30T08:46:41+00:00","description":"\u00c9tui s\u00e9curis\u00e9 et \u00e9l\u00e9gant pour collier de chien AirTag, id\u00e9al pour prot\u00e9ger le traceur de votre animal de compagnie.","breadcrumb":{"@id":"https:\/\/qqpets.com\/product\/air-tag-dog-collar-case\/#breadcrumb"},"inLanguage":"fr-FR","potentialAction":[{"@type":"ReadAction","target":["https:\/\/qqpets.com\/product\/air-tag-dog-collar-case\/"]}]},{"@type":"ImageObject","inLanguage":"fr-FR","@id":"https:\/\/qqpets.com\/product\/air-tag-dog-collar-case\/#primaryimage","url":"https:\/\/qqpets.com\/wp-content\/uploads\/2024\/09\/airtag-dog-collar1.webp","contentUrl":"https:\/\/qqpets.com\/wp-content\/uploads\/2024\/09\/airtag-dog-collar1.webp","width":800,"height":800},{"@type":"BreadcrumbList","@id":"https:\/\/qqpets.com\/product\/air-tag-dog-collar-case\/#breadcrumb","itemListElement":[{"@type":"ListItem","position":1,"name":"Home","item":"https:\/\/qqpets.com\/"},{"@type":"ListItem","position":2,"name":"Products","item":"https:\/\/qqpets.com\/pet-products-manufacturer\/"},{"@type":"ListItem","position":3,"name":"Air Tag Dog Collar Case"}]},{"@type":"WebSite","@id":"https:\/\/qqpets.com\/#website","url":"https:\/\/qqpets.com\/","name":"QQPETS","description":"QQPETS est une usine de produits pour animaux de compagnie qui fabrique des harnais pour chiens, des colliers pour chiens, des laisses pour chiens et des accessoires pour chiens avec un service professionnel personnalis\u00e9 depuis 2005.","publisher":{"@id":"https:\/\/qqpets.com\/#organization"},"potentialAction":[{"@type":"SearchAction","target":{"@type":"EntryPoint","urlTemplate":"https:\/\/qqpets.com\/?s={search_term_string}"},"query-input":{"@type":"PropertyValueSpecification","valueRequired":true,"valueName":"search_term_string"}}],"inLanguage":"fr-FR"},{"@type":"Organization","@id":"https:\/\/qqpets.com\/#organization","name":"QQPETS","url":"https:\/\/qqpets.com\/","logo":{"@type":"ImageObject","inLanguage":"fr-FR","@id":"https:\/\/qqpets.com\/#\/schema\/logo\/image\/","url":"https:\/\/qqpets.com\/wp-content\/uploads\/2023\/09\/cropped-cropped-qqpets-tiktok.jpg","contentUrl":"https:\/\/qqpets.com\/wp-content\/uploads\/2023\/09\/cropped-cropped-qqpets-tiktok.jpg","width":511,"height":511,"caption":"QQPETS"},"image":{"@id":"https:\/\/qqpets.com\/#\/schema\/logo\/image\/"},"sameAs":["https:\/\/www.facebook.com\/QQpetsdogcollars","https:\/\/www.instagram.com\/qqpetscollar\/","https:\/\/www.pinterest.com\/qqpetsdogcollarsfactory\/"]}]}},"_links":{"self":[{"href":"https:\/\/qqpets.com\/fr\/wp-json\/wp\/v2\/product\/8450","targetHints":{"allow":["GET"]}}],"collection":[{"href":"https:\/\/qqpets.com\/fr\/wp-json\/wp\/v2\/product"}],"about":[{"href":"https:\/\/qqpets.com\/fr\/wp-json\/wp\/v2\/types\/product"}],"wp:featuredmedia":[{"embeddable":true,"href":"https:\/\/qqpets.com\/fr\/wp-json\/wp\/v2\/media\/8451"}],"wp:attachment":[{"href":"https:\/\/qqpets.com\/fr\/wp-json\/wp\/v2\/media?parent=8450"}],"wp:term":[{"taxonomy":"product_brand","embeddable":true,"href":"https:\/\/qqpets.com\/fr\/wp-json\/wp\/v2\/product_brand?post=8450"},{"taxonomy":"product_cat","embeddable":true,"href":"https:\/\/qqpets.com\/fr\/wp-json\/wp\/v2\/product_cat?post=8450"},{"taxonomy":"product_tag","embeddable":true,"href":"https:\/\/qqpets.com\/fr\/wp-json\/wp\/v2\/product_tag?post=8450"}],"curies":[{"name":"wp","href":"https:\/\/api.w.org\/{rel}","templated":true}]}}