{"id":8457,"date":"2024-09-30T17:26:38","date_gmt":"2024-09-30T09:26:38","guid":{"rendered":"https:\/\/qqpets.com\/?post_type=product&#038;p=8457"},"modified":"2024-09-30T17:26:38","modified_gmt":"2024-09-30T09:26:38","slug":"cat-collar-with-bell","status":"publish","type":"product","link":"https:\/\/qqpets.com\/fr\/produit\/cat-collar-with-bell\/","title":{"rendered":"Collier pour chat avec cloche"},"content":{"rendered":"<p>Notre collier pour chat avec cloche est un m\u00e9lange parfait de fonctionnalit\u00e9 et de mode. Ce charmant accessoire est con\u00e7u pour garder votre chat bien-aim\u00e9 sain et sauf tout en ajoutant une touche d'\u00e9l\u00e9gance \u00e0 son look quotidien.<\/p>\n<p><strong>Caract\u00e9ristiques principales :<\/strong><\/p>\n<ul>\n<li><strong>Port confortable :<\/strong> Fabriqu\u00e9 \u00e0 partir de mat\u00e9riaux l\u00e9gers et de haute qualit\u00e9, notre collier pour chat est con\u00e7u pour assurer le confort de votre chat tout au long de la journ\u00e9e sans causer d'irritation.<\/li>\n<li><strong>Cloche de s\u00e9curit\u00e9 :<\/strong> Dot\u00e9 d'une charmante clochette, ce collier vous permet de surveiller les all\u00e9es et venues de votre chat en \u00e9mettant un l\u00e9ger tintement. Cette fonction est particuli\u00e8rement utile pour les chats qui aiment se faufiler et explorer, offrant ainsi une grande tranquillit\u00e9 d'esprit \u00e0 leurs propri\u00e9taires.<\/li>\n<li><strong>Ajustable Design :<\/strong> Facilement r\u00e9glable pour s'adapter \u00e0 diff\u00e9rentes tailles de cou, ce collier peut grandir avec votre animal, du chaton \u00e0 l'adulte. Le m\u00e9canisme de fermeture s\u00fbr garantit que le collier reste en place, mais il est suffisamment facile \u00e0 retirer ou \u00e0 ajuster selon les besoins.<\/li>\n<li><strong>Durable et lavable :<\/strong> Con\u00e7u pour r\u00e9sister aux rigueurs de la vie de chat, ce collier est \u00e0 la fois durable et facile \u00e0 nettoyer, et conserve son aspect \u00e9clatant au cours d'innombrables aventures.<\/li>\n<li><strong>S\u00e9lections \u00e9l\u00e9gantes :<\/strong> Disponible en plusieurs couleurs et motifs, vous pouvez choisir le style parfait pour correspondre \u00e0 la personnalit\u00e9 de votre chat, ce qui fera de lui le chat le plus styl\u00e9 du quartier.<\/li>\n<\/ul>\n<p>Notre collier pour chat avec cloche n'est pas un simple accessoire, c'est un petit d\u00e9tail qui peut am\u00e9liorer consid\u00e9rablement la s\u00e9curit\u00e9 de votre chat \u00e0 l'ext\u00e9rieur. Il allie praticit\u00e9 et style, ce qui en fait un produit essentiel pour tous les propri\u00e9taires de chats qui accordent de l'importance \u00e0 la s\u00e9curit\u00e9 et au confort de leur animal.<\/p>\n<h5><strong>Les colliers \u00e0 clochettes sont-ils bons pour les chats ?<\/strong><\/h5>\n<p>Les colliers munis d'une cloche peuvent \u00eatre utiles pour les chats, en particulier les chats d'ext\u00e9rieur, car la cloche permet d'alerter les oiseaux et les autres animaux sauvages de la pr\u00e9sence du chat, ce qui peut r\u00e9duire les chances de r\u00e9ussite de la chasse.<\/p>\n<h5><strong>Que signifie une cloche sur le collier d'un chat ?<\/strong><\/h5>\n<p>Une clochette sur le collier d'un chat indique g\u00e9n\u00e9ralement qu'il s'agit d'un animal de compagnie d'ext\u00e9rieur. La clochette permet de suivre les mouvements du chat et peut avertir les proies, telles que les oiseaux et les petits mammif\u00e8res, de l'approche du chat.<\/p>\n<h5><strong>Une cloche emp\u00eachera-t-elle mon chat de chasser ?<\/strong><\/h5>\n<p>Une cloche n'emp\u00eache pas compl\u00e8tement un chat de chasser, mais elle peut r\u00e9duire ses chances d'attraper une proie en alertant les cibles potentielles par le son qu'elle \u00e9met lorsque le chat se d\u00e9place.<\/p>\n<h5><strong>Les chats doivent-ils porter un collier en permanence ?<\/strong><\/h5>\n<p>Les chats qui sortent doivent porter un collier en permanence pour des raisons d'identification et de s\u00e9curit\u00e9. Veillez toutefois \u00e0 ce que le collier soit de type amovible, c'est-\u00e0-dire qu'il puisse se d\u00e9tacher facilement s'il s'accroche \u00e0 quelque chose, afin d'\u00e9viter les blessures. Les chats d'int\u00e9rieur n'ont pas n\u00e9cessairement besoin de porter un collier en permanence, selon les pr\u00e9f\u00e9rences du propri\u00e9taire et la tol\u00e9rance du chat.<\/p>","protected":false},"excerpt":{"rendered":"<p>Am\u00e9liorez la s\u00e9curit\u00e9 et le style de votre chat avec notre collier pour chat avec cloche. Ce collier r\u00e9glable est dot\u00e9 d'un fermoir s\u00e9curis\u00e9 et d'une cloche vibrante pour vous aider \u00e0 suivre les mouvements de votre animal. Fabriqu\u00e9 \u00e0 partir de mat\u00e9riaux doux et durables, il assure confort et long\u00e9vit\u00e9. La cloche ajoute une touche de fantaisie tout en servant \u00e0 alerter les oiseaux et autres animaux sauvages, ce qui en fait un choix parfait pour les aventuriers en plein air ou les explorateurs d'int\u00e9rieur.<\/p>","protected":false},"featured_media":8459,"template":"","meta":[],"product_brand":[],"product_cat":[26],"product_tag":[],"class_list":{"0":"post-8457","1":"product","2":"type-product","3":"status-publish","4":"has-post-thumbnail","6":"product_cat-dog-collar","7":"pa_brand-qqpets","9":"first","10":"instock","11":"shipping-taxable","12":"product-type-simple"},"yoast_head":"<!-- This site is optimized with the Yoast SEO plugin v26.6 - https:\/\/yoast.com\/wordpress\/plugins\/seo\/ -->\n<title>Cat Collar With Bell | QQPETS<\/title>\n<meta name=\"description\" content=\"Charming Cat Collar with Bell, designed for safety and style, perfect for your feline friend.\" \/>\n<meta name=\"robots\" content=\"index, follow, max-snippet:-1, max-image-preview:large, max-video-preview:-1\" \/>\n<link rel=\"canonical\" href=\"https:\/\/qqpets.com\/fr\/produit\/cat-collar-with-bell\/\" \/>\n<meta property=\"og:locale\" content=\"fr_FR\" \/>\n<meta property=\"og:type\" content=\"article\" \/>\n<meta property=\"og:title\" content=\"Cat Collar With Bell | QQPETS\" \/>\n<meta property=\"og:description\" content=\"Charming Cat Collar with Bell, designed for safety and style, perfect for your feline friend.\" \/>\n<meta property=\"og:url\" content=\"https:\/\/qqpets.com\/fr\/produit\/cat-collar-with-bell\/\" \/>\n<meta property=\"og:site_name\" content=\"QQPETS\" \/>\n<meta property=\"article:publisher\" content=\"https:\/\/www.facebook.com\/QQpetsdogcollars\" \/>\n<meta property=\"og:image\" content=\"https:\/\/qqpets.com\/wp-content\/uploads\/2024\/09\/cat-collar-with-bell1.webp\" \/>\n\t<meta property=\"og:image:width\" content=\"800\" \/>\n\t<meta property=\"og:image:height\" content=\"800\" \/>\n\t<meta property=\"og:image:type\" content=\"image\/webp\" \/>\n<meta name=\"twitter:card\" content=\"summary_large_image\" \/>\n<meta name=\"twitter:label1\" content=\"Dur\u00e9e de lecture estim\u00e9e\" \/>\n\t<meta name=\"twitter:data1\" content=\"3 minutes\" \/>\n<script type=\"application\/ld+json\" class=\"yoast-schema-graph\">{\"@context\":\"https:\/\/schema.org\",\"@graph\":[{\"@type\":\"WebPage\",\"@id\":\"https:\/\/qqpets.com\/product\/cat-collar-with-bell\/\",\"url\":\"https:\/\/qqpets.com\/product\/cat-collar-with-bell\/\",\"name\":\"Cat Collar With Bell | QQPETS\",\"isPartOf\":{\"@id\":\"https:\/\/qqpets.com\/#website\"},\"primaryImageOfPage\":{\"@id\":\"https:\/\/qqpets.com\/product\/cat-collar-with-bell\/#primaryimage\"},\"image\":{\"@id\":\"https:\/\/qqpets.com\/product\/cat-collar-with-bell\/#primaryimage\"},\"thumbnailUrl\":\"https:\/\/qqpets.com\/wp-content\/uploads\/2024\/09\/cat-collar-with-bell1.webp\",\"datePublished\":\"2024-09-30T09:26:38+00:00\",\"description\":\"Charming Cat Collar with Bell, designed for safety and style, perfect for your feline friend.\",\"breadcrumb\":{\"@id\":\"https:\/\/qqpets.com\/product\/cat-collar-with-bell\/#breadcrumb\"},\"inLanguage\":\"fr-FR\",\"potentialAction\":[{\"@type\":\"ReadAction\",\"target\":[\"https:\/\/qqpets.com\/product\/cat-collar-with-bell\/\"]}]},{\"@type\":\"ImageObject\",\"inLanguage\":\"fr-FR\",\"@id\":\"https:\/\/qqpets.com\/product\/cat-collar-with-bell\/#primaryimage\",\"url\":\"https:\/\/qqpets.com\/wp-content\/uploads\/2024\/09\/cat-collar-with-bell1.webp\",\"contentUrl\":\"https:\/\/qqpets.com\/wp-content\/uploads\/2024\/09\/cat-collar-with-bell1.webp\",\"width\":800,\"height\":800},{\"@type\":\"BreadcrumbList\",\"@id\":\"https:\/\/qqpets.com\/product\/cat-collar-with-bell\/#breadcrumb\",\"itemListElement\":[{\"@type\":\"ListItem\",\"position\":1,\"name\":\"Home\",\"item\":\"https:\/\/qqpets.com\/\"},{\"@type\":\"ListItem\",\"position\":2,\"name\":\"Products\",\"item\":\"https:\/\/qqpets.com\/pet-products-manufacturer\/\"},{\"@type\":\"ListItem\",\"position\":3,\"name\":\"Cat Collar With Bell\"}]},{\"@type\":\"WebSite\",\"@id\":\"https:\/\/qqpets.com\/#website\",\"url\":\"https:\/\/qqpets.com\/\",\"name\":\"QQPETS\",\"description\":\"QQPETS is a pet products factory for dog harnesses, dog collars, dog leashes and dog accessories with professional customized service since 2005.\",\"publisher\":{\"@id\":\"https:\/\/qqpets.com\/#organization\"},\"potentialAction\":[{\"@type\":\"SearchAction\",\"target\":{\"@type\":\"EntryPoint\",\"urlTemplate\":\"https:\/\/qqpets.com\/?s={search_term_string}\"},\"query-input\":{\"@type\":\"PropertyValueSpecification\",\"valueRequired\":true,\"valueName\":\"search_term_string\"}}],\"inLanguage\":\"fr-FR\"},{\"@type\":\"Organization\",\"@id\":\"https:\/\/qqpets.com\/#organization\",\"name\":\"QQPETS\",\"url\":\"https:\/\/qqpets.com\/\",\"logo\":{\"@type\":\"ImageObject\",\"inLanguage\":\"fr-FR\",\"@id\":\"https:\/\/qqpets.com\/#\/schema\/logo\/image\/\",\"url\":\"https:\/\/qqpets.com\/wp-content\/uploads\/2023\/09\/cropped-cropped-qqpets-tiktok.jpg\",\"contentUrl\":\"https:\/\/qqpets.com\/wp-content\/uploads\/2023\/09\/cropped-cropped-qqpets-tiktok.jpg\",\"width\":511,\"height\":511,\"caption\":\"QQPETS\"},\"image\":{\"@id\":\"https:\/\/qqpets.com\/#\/schema\/logo\/image\/\"},\"sameAs\":[\"https:\/\/www.facebook.com\/QQpetsdogcollars\",\"https:\/\/www.instagram.com\/qqpetscollar\/\",\"https:\/\/www.pinterest.com\/qqpetsdogcollarsfactory\/\"]}]}<\/script>\n<!-- \/ Yoast SEO plugin. -->","yoast_head_json":{"title":"Collier pour chat avec cloche | QQPETS","description":"Charmant collier pour chat avec cloche, con\u00e7u pour la s\u00e9curit\u00e9 et le style, parfait pour votre ami f\u00e9lin.","robots":{"index":"index","follow":"follow","max-snippet":"max-snippet:-1","max-image-preview":"max-image-preview:large","max-video-preview":"max-video-preview:-1"},"canonical":"https:\/\/qqpets.com\/fr\/produit\/cat-collar-with-bell\/","og_locale":"fr_FR","og_type":"article","og_title":"Cat Collar With Bell | QQPETS","og_description":"Charming Cat Collar with Bell, designed for safety and style, perfect for your feline friend.","og_url":"https:\/\/qqpets.com\/fr\/produit\/cat-collar-with-bell\/","og_site_name":"QQPETS","article_publisher":"https:\/\/www.facebook.com\/QQpetsdogcollars","og_image":[{"width":800,"height":800,"url":"https:\/\/qqpets.com\/wp-content\/uploads\/2024\/09\/cat-collar-with-bell1.webp","type":"image\/webp"}],"twitter_card":"summary_large_image","twitter_misc":{"Dur\u00e9e de lecture estim\u00e9e":"3 minutes"},"schema":{"@context":"https:\/\/schema.org","@graph":[{"@type":"WebPage","@id":"https:\/\/qqpets.com\/product\/cat-collar-with-bell\/","url":"https:\/\/qqpets.com\/product\/cat-collar-with-bell\/","name":"Collier pour chat avec cloche | QQPETS","isPartOf":{"@id":"https:\/\/qqpets.com\/#website"},"primaryImageOfPage":{"@id":"https:\/\/qqpets.com\/product\/cat-collar-with-bell\/#primaryimage"},"image":{"@id":"https:\/\/qqpets.com\/product\/cat-collar-with-bell\/#primaryimage"},"thumbnailUrl":"https:\/\/qqpets.com\/wp-content\/uploads\/2024\/09\/cat-collar-with-bell1.webp","datePublished":"2024-09-30T09:26:38+00:00","description":"Charmant collier pour chat avec cloche, con\u00e7u pour la s\u00e9curit\u00e9 et le style, parfait pour votre ami f\u00e9lin.","breadcrumb":{"@id":"https:\/\/qqpets.com\/product\/cat-collar-with-bell\/#breadcrumb"},"inLanguage":"fr-FR","potentialAction":[{"@type":"ReadAction","target":["https:\/\/qqpets.com\/product\/cat-collar-with-bell\/"]}]},{"@type":"ImageObject","inLanguage":"fr-FR","@id":"https:\/\/qqpets.com\/product\/cat-collar-with-bell\/#primaryimage","url":"https:\/\/qqpets.com\/wp-content\/uploads\/2024\/09\/cat-collar-with-bell1.webp","contentUrl":"https:\/\/qqpets.com\/wp-content\/uploads\/2024\/09\/cat-collar-with-bell1.webp","width":800,"height":800},{"@type":"BreadcrumbList","@id":"https:\/\/qqpets.com\/product\/cat-collar-with-bell\/#breadcrumb","itemListElement":[{"@type":"ListItem","position":1,"name":"Home","item":"https:\/\/qqpets.com\/"},{"@type":"ListItem","position":2,"name":"Products","item":"https:\/\/qqpets.com\/pet-products-manufacturer\/"},{"@type":"ListItem","position":3,"name":"Cat Collar With Bell"}]},{"@type":"WebSite","@id":"https:\/\/qqpets.com\/#website","url":"https:\/\/qqpets.com\/","name":"QQPETS","description":"QQPETS est une usine de produits pour animaux de compagnie qui fabrique des harnais pour chiens, des colliers pour chiens, des laisses pour chiens et des accessoires pour chiens avec un service professionnel personnalis\u00e9 depuis 2005.","publisher":{"@id":"https:\/\/qqpets.com\/#organization"},"potentialAction":[{"@type":"SearchAction","target":{"@type":"EntryPoint","urlTemplate":"https:\/\/qqpets.com\/?s={search_term_string}"},"query-input":{"@type":"PropertyValueSpecification","valueRequired":true,"valueName":"search_term_string"}}],"inLanguage":"fr-FR"},{"@type":"Organization","@id":"https:\/\/qqpets.com\/#organization","name":"QQPETS","url":"https:\/\/qqpets.com\/","logo":{"@type":"ImageObject","inLanguage":"fr-FR","@id":"https:\/\/qqpets.com\/#\/schema\/logo\/image\/","url":"https:\/\/qqpets.com\/wp-content\/uploads\/2023\/09\/cropped-cropped-qqpets-tiktok.jpg","contentUrl":"https:\/\/qqpets.com\/wp-content\/uploads\/2023\/09\/cropped-cropped-qqpets-tiktok.jpg","width":511,"height":511,"caption":"QQPETS"},"image":{"@id":"https:\/\/qqpets.com\/#\/schema\/logo\/image\/"},"sameAs":["https:\/\/www.facebook.com\/QQpetsdogcollars","https:\/\/www.instagram.com\/qqpetscollar\/","https:\/\/www.pinterest.com\/qqpetsdogcollarsfactory\/"]}]}},"_links":{"self":[{"href":"https:\/\/qqpets.com\/fr\/wp-json\/wp\/v2\/product\/8457","targetHints":{"allow":["GET"]}}],"collection":[{"href":"https:\/\/qqpets.com\/fr\/wp-json\/wp\/v2\/product"}],"about":[{"href":"https:\/\/qqpets.com\/fr\/wp-json\/wp\/v2\/types\/product"}],"wp:featuredmedia":[{"embeddable":true,"href":"https:\/\/qqpets.com\/fr\/wp-json\/wp\/v2\/media\/8459"}],"wp:attachment":[{"href":"https:\/\/qqpets.com\/fr\/wp-json\/wp\/v2\/media?parent=8457"}],"wp:term":[{"taxonomy":"product_brand","embeddable":true,"href":"https:\/\/qqpets.com\/fr\/wp-json\/wp\/v2\/product_brand?post=8457"},{"taxonomy":"product_cat","embeddable":true,"href":"https:\/\/qqpets.com\/fr\/wp-json\/wp\/v2\/product_cat?post=8457"},{"taxonomy":"product_tag","embeddable":true,"href":"https:\/\/qqpets.com\/fr\/wp-json\/wp\/v2\/product_tag?post=8457"}],"curies":[{"name":"wp","href":"https:\/\/api.w.org\/{rel}","templated":true}]}}