{"id":8636,"date":"2024-10-17T10:34:30","date_gmt":"2024-10-17T02:34:30","guid":{"rendered":"https:\/\/qqpets.com\/?post_type=product&#038;p=8636"},"modified":"2024-11-14T11:46:25","modified_gmt":"2024-11-14T03:46:25","slug":"dog-tennis-ball","status":"publish","type":"product","link":"https:\/\/qqpets.com\/fr\/produit\/dog-tennis-ball\/","title":{"rendered":"Balle de tennis pour chien"},"content":{"rendered":"<p>Nous vous pr\u00e9sentons la s\u00e9lection ultime pour les entreprises qui cherchent \u00e0 am\u00e9liorer la pr\u00e9sence de leur marque dans l'industrie des animaux de compagnie : nos balles de tennis personnalisables pour chiens. Chaque balle est compos\u00e9e d'un noyau en caoutchouc r\u00e9sistant et d'un ext\u00e9rieur en feutre doux, ce qui garantit sa long\u00e9vit\u00e9 et un contact doux avec les dents et les gencives de votre animal. Notre m\u00e9lange unique de mat\u00e9riaux les rend non seulement robustes et imperm\u00e9ables, mais il permet \u00e9galement d'imprimer votre logo ou votre dessin de mani\u00e8re vibrante et durable.<\/p>\n<p><strong>Caract\u00e9ristiques principales :<\/strong><\/p>\n<ul>\n<li><strong>Durabilit\u00e9<\/strong>: Fabriqu\u00e9es avec une vessie en caoutchouc \u00e9pais et recouvertes d'un feutre de haute qualit\u00e9, ces balles sont con\u00e7ues pour durer tout au long des parties de fetch, de lancer et de jeu.<\/li>\n<li><strong>Personnalisation<\/strong>: Offrez un outil de marketing unique en personnalisant ces balles de tennis avec le logo de votre entreprise, des slogans ou tout autre motif que vous souhaitez. Excellent pour les \u00e9v\u00e9nements d'entreprise, les cadeaux publicitaires ou les marchandises pour les animaleries.<\/li>\n<li><strong>La s\u00e9curit\u00e9 avant tout<\/strong>: Fabriqu\u00e9 avec des mat\u00e9riaux non abrasifs qui respectent les dents et les gencives, il permet de jouer en toute s\u00e9curit\u00e9.<\/li>\n<li><strong>Visibilit\u00e9<\/strong>: Disponibles dans une gamme de couleurs vives, ils sont faciles \u00e0 trouver, que vous jouiez dans le parc ou dans l'arri\u00e8re-cour.<\/li>\n<li><strong>Utilisation polyvalente<\/strong>: Parfait pour l'entra\u00eenement, les parties de fetch, ou simplement pour donner \u00e0 vos clients \u00e0 quatre pattes une raison de rester actifs et heureux.<\/li>\n<\/ul>\n<p><strong>Id\u00e9al pour les entreprises :<\/strong> Con\u00e7ues sur mesure pour la promotion des marques, nos balles de tennis pour chiens peuvent constituer un excellent cadeau promotionnel qui permet \u00e0 votre marque de rester visible. Impressionnez vos clients avec un produit pratique, amusant et r\u00e9fl\u00e9chi qui apporte de la joie \u00e0 leurs clients propri\u00e9taires d'animaux de compagnie.<\/p>\n<p>Commandez maintenant et donnez \u00e0 vos efforts promotionnels une impulsion ludique et engageante avec nos balles de tennis pour chiens personnalisables. Equipez votre entreprise d'un produit qui refl\u00e8te la qualit\u00e9, l'amusement et la passion pour les animaux de compagnie.<\/p>\n<h5>FAQ sur la balle de tennis pour chien<\/h5>\n<ul>\n<li data-immersive-translate-walked=\"9ff19424-33db-446d-ad13-30d4deb7ee4f\">\n<p data-immersive-translate-walked=\"9ff19424-33db-446d-ad13-30d4deb7ee4f\" data-immersive-translate-paragraph=\"1\"><strong data-immersive-translate-walked=\"9ff19424-33db-446d-ad13-30d4deb7ee4f\" data-immersive-translate-paragraph=\"1\">Les chiens peuvent-ils avoir des balles de tennis ?<\/strong><br data-immersive-translate-walked=\"9ff19424-33db-446d-ad13-30d4deb7ee4f\" \/>Oui, mais les balles de tennis ordinaires peuvent user les dents du chien au fil du temps. Il est donc pr\u00e9f\u00e9rable d'utiliser des balles de tennis sp\u00e9cifiques pour chiens, fabriqu\u00e9es avec des mat\u00e9riaux plus s\u00fbrs.<\/p>\n<\/li>\n<li data-immersive-translate-walked=\"9ff19424-33db-446d-ad13-30d4deb7ee4f\">\n<p data-immersive-translate-walked=\"9ff19424-33db-446d-ad13-30d4deb7ee4f\" data-immersive-translate-paragraph=\"1\"><strong data-immersive-translate-walked=\"9ff19424-33db-446d-ad13-30d4deb7ee4f\" data-immersive-translate-paragraph=\"1\">Y a-t-il une diff\u00e9rence entre les balles de tennis pour chiens et les balles de tennis ordinaires ?<\/strong><br data-immersive-translate-walked=\"9ff19424-33db-446d-ad13-30d4deb7ee4f\" \/>Oui, les balles de tennis pour chiens sont fabriqu\u00e9es avec des mat\u00e9riaux non abrasifs, alors que les balles de tennis ordinaires peuvent \u00eatre rudes pour les dents du chien et contenir des produits chimiques nocifs.<\/p>\n<\/li>\n<li data-immersive-translate-walked=\"9ff19424-33db-446d-ad13-30d4deb7ee4f\">\n<p data-immersive-translate-walked=\"9ff19424-33db-446d-ad13-30d4deb7ee4f\" data-immersive-translate-paragraph=\"1\"><strong data-immersive-translate-walked=\"9ff19424-33db-446d-ad13-30d4deb7ee4f\" data-immersive-translate-paragraph=\"1\">Pourquoi les chiens aiment-ils tant les balles de tennis ?<\/strong><br data-immersive-translate-walked=\"9ff19424-33db-446d-ad13-30d4deb7ee4f\" \/>Les chiens adorent les balles de tennis parce qu'elles sont rebondissantes, faciles \u00e0 poursuivre et qu'elles d\u00e9clenchent leur pulsion de proie, ce qui les rend amusantes \u00e0 attraper et \u00e0 m\u00e2cher.<\/p>\n<\/li>\n<li data-immersive-translate-walked=\"9ff19424-33db-446d-ad13-30d4deb7ee4f\">\n<p data-immersive-translate-walked=\"9ff19424-33db-446d-ad13-30d4deb7ee4f\" data-immersive-translate-paragraph=\"1\"><strong data-immersive-translate-walked=\"9ff19424-33db-446d-ad13-30d4deb7ee4f\" data-immersive-translate-paragraph=\"1\">Quelle est l'alternative \u00e0 la balle de tennis pour les chiens ?<\/strong><br data-immersive-translate-walked=\"9ff19424-33db-446d-ad13-30d4deb7ee4f\" \/>Les alternatives sont les balles en caoutchouc, les jouets qui couinent ou les jouets en corde, qui sont durables et sans danger pour les chiens.<\/p>\n<\/li>\n<\/ul>","protected":false},"excerpt":{"rendered":"<p>Dynamisez le temps de jeu de votre animal avec nos balles de tennis pour chiens, con\u00e7ues pour durer et \u00eatre s\u00fbres. Disponibles dans des couleurs vives, ces balles garantissent une grande visibilit\u00e9 et sont fabriqu\u00e9es \u00e0 partir de mat\u00e9riaux non toxiques pour la plus grande s\u00e9curit\u00e9 de vos animaux de compagnie. Personnalisez ces balles avec le logo de votre marque ou des motifs uniques, pour que chaque lancer soit une repr\u00e9sentation de votre entreprise. Id\u00e9ales pour les jeux interactifs, l'entra\u00eenement ou comme articles promotionnels, ces balles de tennis sont con\u00e7ues pour r\u00e9sister aux rigueurs des jeux enthousiastes et des \u00e9l\u00e9ments ext\u00e9rieurs.<\/p>","protected":false},"featured_media":8628,"template":"","meta":[],"product_brand":[],"product_cat":[58],"product_tag":[],"class_list":{"0":"post-8636","1":"product","2":"type-product","3":"status-publish","4":"has-post-thumbnail","6":"product_cat-accessories","8":"first","9":"instock","10":"shipping-taxable","11":"product-type-simple"},"yoast_head":"<!-- This site is optimized with the Yoast SEO plugin v26.6 - https:\/\/yoast.com\/wordpress\/plugins\/seo\/ -->\n<title>Dog Tennis Ball | QQPETS<\/title>\n<meta name=\"description\" content=\"Customizable Dog Tennis Balls for active play \u2014 perfect for training and fun!\" \/>\n<meta name=\"robots\" content=\"index, follow, max-snippet:-1, max-image-preview:large, max-video-preview:-1\" \/>\n<link rel=\"canonical\" href=\"https:\/\/qqpets.com\/fr\/produit\/dog-tennis-ball\/\" \/>\n<meta property=\"og:locale\" content=\"fr_FR\" \/>\n<meta property=\"og:type\" content=\"article\" \/>\n<meta property=\"og:title\" content=\"Dog Tennis Ball | QQPETS\" \/>\n<meta property=\"og:description\" content=\"Customizable Dog Tennis Balls for active play \u2014 perfect for training and fun!\" \/>\n<meta property=\"og:url\" content=\"https:\/\/qqpets.com\/fr\/produit\/dog-tennis-ball\/\" \/>\n<meta property=\"og:site_name\" content=\"QQPETS\" \/>\n<meta property=\"article:publisher\" content=\"https:\/\/www.facebook.com\/QQpetsdogcollars\" \/>\n<meta property=\"article:modified_time\" content=\"2024-11-14T03:46:25+00:00\" \/>\n<meta property=\"og:image\" content=\"https:\/\/qqpets.com\/wp-content\/uploads\/2024\/10\/dog-tennis-ball1.webp\" \/>\n\t<meta property=\"og:image:width\" content=\"1000\" \/>\n\t<meta property=\"og:image:height\" content=\"1000\" \/>\n\t<meta property=\"og:image:type\" content=\"image\/webp\" \/>\n<meta name=\"twitter:card\" content=\"summary_large_image\" \/>\n<meta name=\"twitter:label1\" content=\"Dur\u00e9e de lecture estim\u00e9e\" \/>\n\t<meta name=\"twitter:data1\" content=\"2 minutes\" \/>\n<script type=\"application\/ld+json\" class=\"yoast-schema-graph\">{\"@context\":\"https:\/\/schema.org\",\"@graph\":[{\"@type\":\"WebPage\",\"@id\":\"https:\/\/qqpets.com\/product\/dog-tennis-ball\/\",\"url\":\"https:\/\/qqpets.com\/product\/dog-tennis-ball\/\",\"name\":\"Dog Tennis Ball | QQPETS\",\"isPartOf\":{\"@id\":\"https:\/\/qqpets.com\/#website\"},\"primaryImageOfPage\":{\"@id\":\"https:\/\/qqpets.com\/product\/dog-tennis-ball\/#primaryimage\"},\"image\":{\"@id\":\"https:\/\/qqpets.com\/product\/dog-tennis-ball\/#primaryimage\"},\"thumbnailUrl\":\"https:\/\/qqpets.com\/wp-content\/uploads\/2024\/10\/dog-tennis-ball1.webp\",\"datePublished\":\"2024-10-17T02:34:30+00:00\",\"dateModified\":\"2024-11-14T03:46:25+00:00\",\"description\":\"Customizable Dog Tennis Balls for active play \u2014 perfect for training and fun!\",\"breadcrumb\":{\"@id\":\"https:\/\/qqpets.com\/product\/dog-tennis-ball\/#breadcrumb\"},\"inLanguage\":\"fr-FR\",\"potentialAction\":[{\"@type\":\"ReadAction\",\"target\":[\"https:\/\/qqpets.com\/product\/dog-tennis-ball\/\"]}]},{\"@type\":\"ImageObject\",\"inLanguage\":\"fr-FR\",\"@id\":\"https:\/\/qqpets.com\/product\/dog-tennis-ball\/#primaryimage\",\"url\":\"https:\/\/qqpets.com\/wp-content\/uploads\/2024\/10\/dog-tennis-ball1.webp\",\"contentUrl\":\"https:\/\/qqpets.com\/wp-content\/uploads\/2024\/10\/dog-tennis-ball1.webp\",\"width\":1000,\"height\":1000},{\"@type\":\"BreadcrumbList\",\"@id\":\"https:\/\/qqpets.com\/product\/dog-tennis-ball\/#breadcrumb\",\"itemListElement\":[{\"@type\":\"ListItem\",\"position\":1,\"name\":\"Home\",\"item\":\"https:\/\/qqpets.com\/\"},{\"@type\":\"ListItem\",\"position\":2,\"name\":\"Products\",\"item\":\"https:\/\/qqpets.com\/pet-products-manufacturer\/\"},{\"@type\":\"ListItem\",\"position\":3,\"name\":\"Dog Tennis Ball\"}]},{\"@type\":\"WebSite\",\"@id\":\"https:\/\/qqpets.com\/#website\",\"url\":\"https:\/\/qqpets.com\/\",\"name\":\"QQPETS\",\"description\":\"QQPETS is a pet products factory for dog harnesses, dog collars, dog leashes and dog accessories with professional customized service since 2005.\",\"publisher\":{\"@id\":\"https:\/\/qqpets.com\/#organization\"},\"potentialAction\":[{\"@type\":\"SearchAction\",\"target\":{\"@type\":\"EntryPoint\",\"urlTemplate\":\"https:\/\/qqpets.com\/?s={search_term_string}\"},\"query-input\":{\"@type\":\"PropertyValueSpecification\",\"valueRequired\":true,\"valueName\":\"search_term_string\"}}],\"inLanguage\":\"fr-FR\"},{\"@type\":\"Organization\",\"@id\":\"https:\/\/qqpets.com\/#organization\",\"name\":\"QQPETS\",\"url\":\"https:\/\/qqpets.com\/\",\"logo\":{\"@type\":\"ImageObject\",\"inLanguage\":\"fr-FR\",\"@id\":\"https:\/\/qqpets.com\/#\/schema\/logo\/image\/\",\"url\":\"https:\/\/qqpets.com\/wp-content\/uploads\/2023\/09\/cropped-cropped-qqpets-tiktok.jpg\",\"contentUrl\":\"https:\/\/qqpets.com\/wp-content\/uploads\/2023\/09\/cropped-cropped-qqpets-tiktok.jpg\",\"width\":511,\"height\":511,\"caption\":\"QQPETS\"},\"image\":{\"@id\":\"https:\/\/qqpets.com\/#\/schema\/logo\/image\/\"},\"sameAs\":[\"https:\/\/www.facebook.com\/QQpetsdogcollars\",\"https:\/\/www.instagram.com\/qqpetscollar\/\",\"https:\/\/www.pinterest.com\/qqpetsdogcollarsfactory\/\"]}]}<\/script>\n<!-- \/ Yoast SEO plugin. -->","yoast_head_json":{"title":"Balle de tennis pour chien | QQPETS","description":"Balles de tennis pour chien personnalisables pour un jeu actif - parfaites pour l'entra\u00eenement et l'amusement !","robots":{"index":"index","follow":"follow","max-snippet":"max-snippet:-1","max-image-preview":"max-image-preview:large","max-video-preview":"max-video-preview:-1"},"canonical":"https:\/\/qqpets.com\/fr\/produit\/dog-tennis-ball\/","og_locale":"fr_FR","og_type":"article","og_title":"Dog Tennis Ball | QQPETS","og_description":"Customizable Dog Tennis Balls for active play \u2014 perfect for training and fun!","og_url":"https:\/\/qqpets.com\/fr\/produit\/dog-tennis-ball\/","og_site_name":"QQPETS","article_publisher":"https:\/\/www.facebook.com\/QQpetsdogcollars","article_modified_time":"2024-11-14T03:46:25+00:00","og_image":[{"width":1000,"height":1000,"url":"https:\/\/qqpets.com\/wp-content\/uploads\/2024\/10\/dog-tennis-ball1.webp","type":"image\/webp"}],"twitter_card":"summary_large_image","twitter_misc":{"Dur\u00e9e de lecture estim\u00e9e":"2 minutes"},"schema":{"@context":"https:\/\/schema.org","@graph":[{"@type":"WebPage","@id":"https:\/\/qqpets.com\/product\/dog-tennis-ball\/","url":"https:\/\/qqpets.com\/product\/dog-tennis-ball\/","name":"Balle de tennis pour chien | QQPETS","isPartOf":{"@id":"https:\/\/qqpets.com\/#website"},"primaryImageOfPage":{"@id":"https:\/\/qqpets.com\/product\/dog-tennis-ball\/#primaryimage"},"image":{"@id":"https:\/\/qqpets.com\/product\/dog-tennis-ball\/#primaryimage"},"thumbnailUrl":"https:\/\/qqpets.com\/wp-content\/uploads\/2024\/10\/dog-tennis-ball1.webp","datePublished":"2024-10-17T02:34:30+00:00","dateModified":"2024-11-14T03:46:25+00:00","description":"Balles de tennis pour chien personnalisables pour un jeu actif - parfaites pour l'entra\u00eenement et l'amusement !","breadcrumb":{"@id":"https:\/\/qqpets.com\/product\/dog-tennis-ball\/#breadcrumb"},"inLanguage":"fr-FR","potentialAction":[{"@type":"ReadAction","target":["https:\/\/qqpets.com\/product\/dog-tennis-ball\/"]}]},{"@type":"ImageObject","inLanguage":"fr-FR","@id":"https:\/\/qqpets.com\/product\/dog-tennis-ball\/#primaryimage","url":"https:\/\/qqpets.com\/wp-content\/uploads\/2024\/10\/dog-tennis-ball1.webp","contentUrl":"https:\/\/qqpets.com\/wp-content\/uploads\/2024\/10\/dog-tennis-ball1.webp","width":1000,"height":1000},{"@type":"BreadcrumbList","@id":"https:\/\/qqpets.com\/product\/dog-tennis-ball\/#breadcrumb","itemListElement":[{"@type":"ListItem","position":1,"name":"Home","item":"https:\/\/qqpets.com\/"},{"@type":"ListItem","position":2,"name":"Products","item":"https:\/\/qqpets.com\/pet-products-manufacturer\/"},{"@type":"ListItem","position":3,"name":"Dog Tennis Ball"}]},{"@type":"WebSite","@id":"https:\/\/qqpets.com\/#website","url":"https:\/\/qqpets.com\/","name":"QQPETS","description":"QQPETS est une usine de produits pour animaux de compagnie qui fabrique des harnais pour chiens, des colliers pour chiens, des laisses pour chiens et des accessoires pour chiens avec un service professionnel personnalis\u00e9 depuis 2005.","publisher":{"@id":"https:\/\/qqpets.com\/#organization"},"potentialAction":[{"@type":"SearchAction","target":{"@type":"EntryPoint","urlTemplate":"https:\/\/qqpets.com\/?s={search_term_string}"},"query-input":{"@type":"PropertyValueSpecification","valueRequired":true,"valueName":"search_term_string"}}],"inLanguage":"fr-FR"},{"@type":"Organization","@id":"https:\/\/qqpets.com\/#organization","name":"QQPETS","url":"https:\/\/qqpets.com\/","logo":{"@type":"ImageObject","inLanguage":"fr-FR","@id":"https:\/\/qqpets.com\/#\/schema\/logo\/image\/","url":"https:\/\/qqpets.com\/wp-content\/uploads\/2023\/09\/cropped-cropped-qqpets-tiktok.jpg","contentUrl":"https:\/\/qqpets.com\/wp-content\/uploads\/2023\/09\/cropped-cropped-qqpets-tiktok.jpg","width":511,"height":511,"caption":"QQPETS"},"image":{"@id":"https:\/\/qqpets.com\/#\/schema\/logo\/image\/"},"sameAs":["https:\/\/www.facebook.com\/QQpetsdogcollars","https:\/\/www.instagram.com\/qqpetscollar\/","https:\/\/www.pinterest.com\/qqpetsdogcollarsfactory\/"]}]}},"_links":{"self":[{"href":"https:\/\/qqpets.com\/fr\/wp-json\/wp\/v2\/product\/8636","targetHints":{"allow":["GET"]}}],"collection":[{"href":"https:\/\/qqpets.com\/fr\/wp-json\/wp\/v2\/product"}],"about":[{"href":"https:\/\/qqpets.com\/fr\/wp-json\/wp\/v2\/types\/product"}],"wp:featuredmedia":[{"embeddable":true,"href":"https:\/\/qqpets.com\/fr\/wp-json\/wp\/v2\/media\/8628"}],"wp:attachment":[{"href":"https:\/\/qqpets.com\/fr\/wp-json\/wp\/v2\/media?parent=8636"}],"wp:term":[{"taxonomy":"product_brand","embeddable":true,"href":"https:\/\/qqpets.com\/fr\/wp-json\/wp\/v2\/product_brand?post=8636"},{"taxonomy":"product_cat","embeddable":true,"href":"https:\/\/qqpets.com\/fr\/wp-json\/wp\/v2\/product_cat?post=8636"},{"taxonomy":"product_tag","embeddable":true,"href":"https:\/\/qqpets.com\/fr\/wp-json\/wp\/v2\/product_tag?post=8636"}],"curies":[{"name":"wp","href":"https:\/\/api.w.org\/{rel}","templated":true}]}}