{"id":9207,"date":"2024-11-11T14:31:06","date_gmt":"2024-11-11T06:31:06","guid":{"rendered":"https:\/\/qqpets.com\/?post_type=product&#038;p=9207"},"modified":"2024-11-11T14:31:06","modified_gmt":"2024-11-11T06:31:06","slug":"no-pull-dog-leash","status":"publish","type":"product","link":"https:\/\/qqpets.com\/fr\/produit\/no-pull-dog-leash\/","title":{"rendered":"Laisse pour chien sans traction"},"content":{"rendered":"<p>Am\u00e9liorez votre gamme de produits avec notre laisse pour chien Bungee No Pull, con\u00e7ue pour am\u00e9liorer la s\u00e9curit\u00e9 et le confort pendant les trajets en voiture et les promenades. Cette laisse int\u00e8gre un syst\u00e8me de boucle de si\u00e8ge de voiture robuste, con\u00e7u pour s\u00e9curiser votre animal dans le v\u00e9hicule tout en \u00e9vitant les mouvements brusques ou l'inconfort. Le m\u00e9canisme de l'\u00e9lastique permet un \u00e9tirement \u00e9lastique qui absorbe les chocs et r\u00e9duit la tension sur l'animal et son ma\u00eetre, ce qui est id\u00e9al pour pr\u00e9venir efficacement les comportements de traction.<\/p>\n<p>La laisse est fabriqu\u00e9e \u00e0 partir de mat\u00e9riaux durables et de haute qualit\u00e9, ce qui garantit sa long\u00e9vit\u00e9 et sa fiabilit\u00e9 en cas d'utilisation fr\u00e9quente. Sa polyvalence en fait un choix parfait pour les propri\u00e9taires d'animaux qui voyagent souvent avec leur animal et qui recherchent une solution s\u00fbre, confortable et sans tracas. Personnalisez la laisse avec le logo unique de votre marque et choisissez parmi une vari\u00e9t\u00e9 de motifs pour qu'elle soit vraiment la v\u00f4tre. Ce produit r\u00e9pond non seulement aux normes de qualit\u00e9 les plus \u00e9lev\u00e9es, mais offre \u00e9galement la flexibilit\u00e9 de la personnalisation pour r\u00e9pondre parfaitement aux besoins de marque de vos clients B2B.<\/p>","protected":false},"excerpt":{"rendered":"<p>D\u00e9couvrez la solution ultime pour des sorties s\u00fbres et confortables avec notre laisse pour chien Bungee No Pull. Cette laisse innovante est \u00e9quip\u00e9e d'une boucle pour si\u00e8ge de voiture, garantissant la s\u00e9curit\u00e9 de votre animal pendant les trajets en voiture. Con\u00e7ue pour emp\u00eacher les chiens de tirer, la corde \u00e9lastique permet une correction en douceur tout en offrant suffisamment d'\u00e9lasticit\u00e9 pour s'adapter confortablement aux mouvements de votre animal. Parfait pour les chiens actifs et les conducteurs qui attachent de l'importance \u00e0 la s\u00e9curit\u00e9 et \u00e0 la commodit\u00e9. Personnalisez avec le logo de votre marque et des motifs uniques pour aligner cet accessoire essentiel sur l'identit\u00e9 de votre entreprise.<\/p>","protected":false},"featured_media":9216,"template":"","meta":[],"product_brand":[],"product_cat":[27],"product_tag":[],"class_list":{"0":"post-9207","1":"product","2":"type-product","3":"status-publish","4":"has-post-thumbnail","6":"product_cat-dog-leash","7":"pa_brand-qqpets","9":"first","10":"instock","11":"shipping-taxable","12":"product-type-simple"},"yoast_head":"<!-- This site is optimized with the Yoast SEO plugin v26.6 - https:\/\/yoast.com\/wordpress\/plugins\/seo\/ -->\n<title>No Pull Dog Leash | QQPETS<\/title>\n<meta name=\"description\" content=\"Enhance pet safety and comfort with our Bungee No Pull Dog Leash featuring a built-in car seat buckle.\" \/>\n<meta name=\"robots\" content=\"index, follow, max-snippet:-1, max-image-preview:large, max-video-preview:-1\" \/>\n<link rel=\"canonical\" href=\"https:\/\/qqpets.com\/fr\/produit\/no-pull-dog-leash\/\" \/>\n<meta property=\"og:locale\" content=\"fr_FR\" \/>\n<meta property=\"og:type\" content=\"article\" \/>\n<meta property=\"og:title\" content=\"No Pull Dog Leash | QQPETS\" \/>\n<meta property=\"og:description\" content=\"Enhance pet safety and comfort with our Bungee No Pull Dog Leash featuring a built-in car seat buckle.\" \/>\n<meta property=\"og:url\" content=\"https:\/\/qqpets.com\/fr\/produit\/no-pull-dog-leash\/\" \/>\n<meta property=\"og:site_name\" content=\"QQPETS\" \/>\n<meta property=\"article:publisher\" content=\"https:\/\/www.facebook.com\/QQpetsdogcollars\" \/>\n<meta property=\"og:image\" content=\"https:\/\/qqpets.com\/wp-content\/uploads\/2024\/11\/no-pull-dog-leash9.webp\" \/>\n\t<meta property=\"og:image:width\" content=\"800\" \/>\n\t<meta property=\"og:image:height\" content=\"800\" \/>\n\t<meta property=\"og:image:type\" content=\"image\/webp\" \/>\n<meta name=\"twitter:card\" content=\"summary_large_image\" \/>\n<meta name=\"twitter:label1\" content=\"Dur\u00e9e de lecture estim\u00e9e\" \/>\n\t<meta name=\"twitter:data1\" content=\"1 minute\" \/>\n<script type=\"application\/ld+json\" class=\"yoast-schema-graph\">{\"@context\":\"https:\/\/schema.org\",\"@graph\":[{\"@type\":\"WebPage\",\"@id\":\"https:\/\/qqpets.com\/product\/no-pull-dog-leash\/\",\"url\":\"https:\/\/qqpets.com\/product\/no-pull-dog-leash\/\",\"name\":\"No Pull Dog Leash | QQPETS\",\"isPartOf\":{\"@id\":\"https:\/\/qqpets.com\/#website\"},\"primaryImageOfPage\":{\"@id\":\"https:\/\/qqpets.com\/product\/no-pull-dog-leash\/#primaryimage\"},\"image\":{\"@id\":\"https:\/\/qqpets.com\/product\/no-pull-dog-leash\/#primaryimage\"},\"thumbnailUrl\":\"https:\/\/qqpets.com\/wp-content\/uploads\/2024\/11\/no-pull-dog-leash9.webp\",\"datePublished\":\"2024-11-11T06:31:06+00:00\",\"description\":\"Enhance pet safety and comfort with our Bungee No Pull Dog Leash featuring a built-in car seat buckle.\",\"breadcrumb\":{\"@id\":\"https:\/\/qqpets.com\/product\/no-pull-dog-leash\/#breadcrumb\"},\"inLanguage\":\"fr-FR\",\"potentialAction\":[{\"@type\":\"ReadAction\",\"target\":[\"https:\/\/qqpets.com\/product\/no-pull-dog-leash\/\"]}]},{\"@type\":\"ImageObject\",\"inLanguage\":\"fr-FR\",\"@id\":\"https:\/\/qqpets.com\/product\/no-pull-dog-leash\/#primaryimage\",\"url\":\"https:\/\/qqpets.com\/wp-content\/uploads\/2024\/11\/no-pull-dog-leash9.webp\",\"contentUrl\":\"https:\/\/qqpets.com\/wp-content\/uploads\/2024\/11\/no-pull-dog-leash9.webp\",\"width\":800,\"height\":800},{\"@type\":\"BreadcrumbList\",\"@id\":\"https:\/\/qqpets.com\/product\/no-pull-dog-leash\/#breadcrumb\",\"itemListElement\":[{\"@type\":\"ListItem\",\"position\":1,\"name\":\"Home\",\"item\":\"https:\/\/qqpets.com\/\"},{\"@type\":\"ListItem\",\"position\":2,\"name\":\"Products\",\"item\":\"https:\/\/qqpets.com\/pet-products-manufacturer\/\"},{\"@type\":\"ListItem\",\"position\":3,\"name\":\"No Pull Dog Leash\"}]},{\"@type\":\"WebSite\",\"@id\":\"https:\/\/qqpets.com\/#website\",\"url\":\"https:\/\/qqpets.com\/\",\"name\":\"QQPETS\",\"description\":\"QQPETS is a pet products factory for dog harnesses, dog collars, dog leashes and dog accessories with professional customized service since 2005.\",\"publisher\":{\"@id\":\"https:\/\/qqpets.com\/#organization\"},\"potentialAction\":[{\"@type\":\"SearchAction\",\"target\":{\"@type\":\"EntryPoint\",\"urlTemplate\":\"https:\/\/qqpets.com\/?s={search_term_string}\"},\"query-input\":{\"@type\":\"PropertyValueSpecification\",\"valueRequired\":true,\"valueName\":\"search_term_string\"}}],\"inLanguage\":\"fr-FR\"},{\"@type\":\"Organization\",\"@id\":\"https:\/\/qqpets.com\/#organization\",\"name\":\"QQPETS\",\"url\":\"https:\/\/qqpets.com\/\",\"logo\":{\"@type\":\"ImageObject\",\"inLanguage\":\"fr-FR\",\"@id\":\"https:\/\/qqpets.com\/#\/schema\/logo\/image\/\",\"url\":\"https:\/\/qqpets.com\/wp-content\/uploads\/2023\/09\/cropped-cropped-qqpets-tiktok.jpg\",\"contentUrl\":\"https:\/\/qqpets.com\/wp-content\/uploads\/2023\/09\/cropped-cropped-qqpets-tiktok.jpg\",\"width\":511,\"height\":511,\"caption\":\"QQPETS\"},\"image\":{\"@id\":\"https:\/\/qqpets.com\/#\/schema\/logo\/image\/\"},\"sameAs\":[\"https:\/\/www.facebook.com\/QQpetsdogcollars\",\"https:\/\/www.instagram.com\/qqpetscollar\/\",\"https:\/\/www.pinterest.com\/qqpetsdogcollarsfactory\/\"]}]}<\/script>\n<!-- \/ Yoast SEO plugin. -->","yoast_head_json":{"title":"Laisse pour chien sans traction | QQPETS","description":"Am\u00e9liorez la s\u00e9curit\u00e9 et le confort de votre animal de compagnie gr\u00e2ce \u00e0 notre laisse pour chien Bungee No Pull, dot\u00e9e d'une boucle int\u00e9gr\u00e9e pour si\u00e8ge auto.","robots":{"index":"index","follow":"follow","max-snippet":"max-snippet:-1","max-image-preview":"max-image-preview:large","max-video-preview":"max-video-preview:-1"},"canonical":"https:\/\/qqpets.com\/fr\/produit\/no-pull-dog-leash\/","og_locale":"fr_FR","og_type":"article","og_title":"No Pull Dog Leash | QQPETS","og_description":"Enhance pet safety and comfort with our Bungee No Pull Dog Leash featuring a built-in car seat buckle.","og_url":"https:\/\/qqpets.com\/fr\/produit\/no-pull-dog-leash\/","og_site_name":"QQPETS","article_publisher":"https:\/\/www.facebook.com\/QQpetsdogcollars","og_image":[{"width":800,"height":800,"url":"https:\/\/qqpets.com\/wp-content\/uploads\/2024\/11\/no-pull-dog-leash9.webp","type":"image\/webp"}],"twitter_card":"summary_large_image","twitter_misc":{"Dur\u00e9e de lecture estim\u00e9e":"1 minute"},"schema":{"@context":"https:\/\/schema.org","@graph":[{"@type":"WebPage","@id":"https:\/\/qqpets.com\/product\/no-pull-dog-leash\/","url":"https:\/\/qqpets.com\/product\/no-pull-dog-leash\/","name":"Laisse pour chien sans traction | QQPETS","isPartOf":{"@id":"https:\/\/qqpets.com\/#website"},"primaryImageOfPage":{"@id":"https:\/\/qqpets.com\/product\/no-pull-dog-leash\/#primaryimage"},"image":{"@id":"https:\/\/qqpets.com\/product\/no-pull-dog-leash\/#primaryimage"},"thumbnailUrl":"https:\/\/qqpets.com\/wp-content\/uploads\/2024\/11\/no-pull-dog-leash9.webp","datePublished":"2024-11-11T06:31:06+00:00","description":"Am\u00e9liorez la s\u00e9curit\u00e9 et le confort de votre animal de compagnie gr\u00e2ce \u00e0 notre laisse pour chien Bungee No Pull, dot\u00e9e d'une boucle int\u00e9gr\u00e9e pour si\u00e8ge auto.","breadcrumb":{"@id":"https:\/\/qqpets.com\/product\/no-pull-dog-leash\/#breadcrumb"},"inLanguage":"fr-FR","potentialAction":[{"@type":"ReadAction","target":["https:\/\/qqpets.com\/product\/no-pull-dog-leash\/"]}]},{"@type":"ImageObject","inLanguage":"fr-FR","@id":"https:\/\/qqpets.com\/product\/no-pull-dog-leash\/#primaryimage","url":"https:\/\/qqpets.com\/wp-content\/uploads\/2024\/11\/no-pull-dog-leash9.webp","contentUrl":"https:\/\/qqpets.com\/wp-content\/uploads\/2024\/11\/no-pull-dog-leash9.webp","width":800,"height":800},{"@type":"BreadcrumbList","@id":"https:\/\/qqpets.com\/product\/no-pull-dog-leash\/#breadcrumb","itemListElement":[{"@type":"ListItem","position":1,"name":"Home","item":"https:\/\/qqpets.com\/"},{"@type":"ListItem","position":2,"name":"Products","item":"https:\/\/qqpets.com\/pet-products-manufacturer\/"},{"@type":"ListItem","position":3,"name":"No Pull Dog Leash"}]},{"@type":"WebSite","@id":"https:\/\/qqpets.com\/#website","url":"https:\/\/qqpets.com\/","name":"QQPETS","description":"QQPETS est une usine de produits pour animaux de compagnie qui fabrique des harnais pour chiens, des colliers pour chiens, des laisses pour chiens et des accessoires pour chiens avec un service professionnel personnalis\u00e9 depuis 2005.","publisher":{"@id":"https:\/\/qqpets.com\/#organization"},"potentialAction":[{"@type":"SearchAction","target":{"@type":"EntryPoint","urlTemplate":"https:\/\/qqpets.com\/?s={search_term_string}"},"query-input":{"@type":"PropertyValueSpecification","valueRequired":true,"valueName":"search_term_string"}}],"inLanguage":"fr-FR"},{"@type":"Organization","@id":"https:\/\/qqpets.com\/#organization","name":"QQPETS","url":"https:\/\/qqpets.com\/","logo":{"@type":"ImageObject","inLanguage":"fr-FR","@id":"https:\/\/qqpets.com\/#\/schema\/logo\/image\/","url":"https:\/\/qqpets.com\/wp-content\/uploads\/2023\/09\/cropped-cropped-qqpets-tiktok.jpg","contentUrl":"https:\/\/qqpets.com\/wp-content\/uploads\/2023\/09\/cropped-cropped-qqpets-tiktok.jpg","width":511,"height":511,"caption":"QQPETS"},"image":{"@id":"https:\/\/qqpets.com\/#\/schema\/logo\/image\/"},"sameAs":["https:\/\/www.facebook.com\/QQpetsdogcollars","https:\/\/www.instagram.com\/qqpetscollar\/","https:\/\/www.pinterest.com\/qqpetsdogcollarsfactory\/"]}]}},"_links":{"self":[{"href":"https:\/\/qqpets.com\/fr\/wp-json\/wp\/v2\/product\/9207","targetHints":{"allow":["GET"]}}],"collection":[{"href":"https:\/\/qqpets.com\/fr\/wp-json\/wp\/v2\/product"}],"about":[{"href":"https:\/\/qqpets.com\/fr\/wp-json\/wp\/v2\/types\/product"}],"wp:featuredmedia":[{"embeddable":true,"href":"https:\/\/qqpets.com\/fr\/wp-json\/wp\/v2\/media\/9216"}],"wp:attachment":[{"href":"https:\/\/qqpets.com\/fr\/wp-json\/wp\/v2\/media?parent=9207"}],"wp:term":[{"taxonomy":"product_brand","embeddable":true,"href":"https:\/\/qqpets.com\/fr\/wp-json\/wp\/v2\/product_brand?post=9207"},{"taxonomy":"product_cat","embeddable":true,"href":"https:\/\/qqpets.com\/fr\/wp-json\/wp\/v2\/product_cat?post=9207"},{"taxonomy":"product_tag","embeddable":true,"href":"https:\/\/qqpets.com\/fr\/wp-json\/wp\/v2\/product_tag?post=9207"}],"curies":[{"name":"wp","href":"https:\/\/api.w.org\/{rel}","templated":true}]}}