{"id":9274,"date":"2024-11-13T16:34:37","date_gmt":"2024-11-13T08:34:37","guid":{"rendered":"https:\/\/qqpets.com\/?post_type=product&#038;p=9274"},"modified":"2024-11-13T16:34:37","modified_gmt":"2024-11-13T08:34:37","slug":"airtag-case","status":"publish","type":"product","link":"https:\/\/qqpets.com\/fr\/produit\/airtag-case\/","title":{"rendered":"\u00c9tui Airtag"},"content":{"rendered":"<div class=\"flex max-w-full flex-col flex-grow\">\n<div class=\"min-h-8 text-message flex w-full flex-col items-end gap-2 whitespace-normal break-words [.text-message+&amp;]:mt-5\" dir=\"auto\" data-message-author-role=\"assistant\" data-message-id=\"5a8d3cc2-3aba-4188-9db9-4e1649d566c0\" data-message-model-slug=\"gpt-4o\">\n<div class=\"flex w-full flex-col gap-1 empty:hidden first:pt-[3px]\">\n<div class=\"markdown prose w-full break-words dark:prose-invert light\">\n<p>L'\u00e9tui Airtag est un accessoire indispensable pour les propri\u00e9taires d'animaux de compagnie qui souhaitent assurer la s\u00e9curit\u00e9 de leur animal gr\u00e2ce \u00e0 des fonctions de suivi en temps r\u00e9el. Con\u00e7u pour accueillir en toute s\u00e9curit\u00e9 les Airtags d'Apple, cet \u00e9tui se fixe facilement \u00e0 la plupart des colliers, offrant ainsi la tranquillit\u00e9 d'esprit aux propri\u00e9taires qui souhaitent savoir \u00e0 tout moment o\u00f9 se trouve leur animal. Le design compact et \u00e9l\u00e9gant de l'\u00e9tui minimise l'encombrement, ce qui permet aux animaux de compagnie de se sentir \u00e0 l'aise lorsqu'ils le portent.<\/p>\n<p>Fabriqu\u00e9 \u00e0 partir de mat\u00e9riaux de haute qualit\u00e9 et r\u00e9sistants \u00e0 l'eau, cet \u00e9tui Airtag r\u00e9siste aux rigueurs des aventures quotidiennes des animaux de compagnie. Sa durabilit\u00e9 lui permet de convenir m\u00eame aux animaux les plus actifs, en prot\u00e9geant l'Airtag de l'eau, de la salet\u00e9 et des chocs. Cet \u00e9tui offre \u00e9galement un acc\u00e8s facile \u00e0 l'Airtag, ce qui permet de l'installer et de le remplacer sans probl\u00e8me.<\/p>\n<p>Pour les clients B2B, l'\u00e9tui Airtag repr\u00e9sente une opportunit\u00e9 de marque pr\u00e9cieuse. Que vous soyez un d\u00e9taillant, un distributeur ou un vendeur en ligne, l'ajout de logos personnalis\u00e9s ou de motifs uniques permet \u00e0 votre marque de se d\u00e9marquer sur le march\u00e9. Con\u00e7u pour assurer la visibilit\u00e9 de votre marque, cet \u00e9tui Airtag personnalisable r\u00e9pond non seulement aux besoins pratiques des propri\u00e9taires d'animaux de compagnie, mais apporte \u00e9galement une touche de style et de marque qui s'aligne sur l'esth\u00e9tique et la vision de votre marque.<\/p>\n<\/div>\n<\/div>\n<\/div>\n<\/div>\n<div class=\"mb-2 flex gap-3 empty:hidden -ml-2\">\n<div class=\"items-center justify-start rounded-xl p-1 flex\">\n<div class=\"flex items-center\"><button class=\"rounded-lg text-token-text-secondary hover:bg-token-main-surface-secondary\" aria-label=\"Lire \u00e0 haute voix\" data-testid=\"voice-play-turn-action-button\"><\/button><button class=\"rounded-lg text-token-text-secondary hover:bg-token-main-surface-secondary\" aria-label=\"Copie\" data-testid=\"copy-turn-action-button\"><\/button><\/p>\n<div class=\"flex\"><\/div>\n<div class=\"flex items-center pb-0\"><span class=\"overflow-hidden text-clip whitespace-nowrap text-sm\">4o<\/span><\/div>\n<\/div>\n<\/div>\n<\/div>","protected":false},"excerpt":{"rendered":"<p>Notre \u00e9tui Airtag est une solution pratique pour les propri\u00e9taires d'animaux de compagnie qui souhaitent les suivre avec style. Con\u00e7u pour s'attacher solidement \u00e0 n'importe quel collier, cet \u00e9tui s'adapte aux Airtags Apple standard et offre une protection sans ajouter d'encombrement. Id\u00e9al pour les clients B2B, cet \u00e9tui peut \u00eatre personnalis\u00e9 avec des logos ou des motifs, am\u00e9liorant ainsi la visibilit\u00e9 de la marque tout en fournissant un accessoire fonctionnel pour les animaux de compagnie. Fabriqu\u00e9 \u00e0 partir de mat\u00e9riaux durables et r\u00e9sistants \u00e0 l'eau, cet \u00e9tui Airtag est parfait pour les animaux actifs et rassure les propri\u00e9taires quant \u00e0 la tra\u00e7abilit\u00e9 de leur animal.<\/p>","protected":false},"featured_media":9275,"template":"","meta":[],"product_brand":[],"product_cat":[58],"product_tag":[],"class_list":{"0":"post-9274","1":"product","2":"type-product","3":"status-publish","4":"has-post-thumbnail","6":"product_cat-accessories","8":"first","9":"instock","10":"shipping-taxable","11":"product-type-simple"},"yoast_head":"<!-- This site is optimized with the Yoast SEO plugin v26.6 - https:\/\/yoast.com\/wordpress\/plugins\/seo\/ -->\n<title>Airtag Case | QQPETS<\/title>\n<meta name=\"description\" content=\"Customizable Airtag Case for pet collars, keeping pets traceable and safe. Ideal for B2B clients wanting custom logos or patterns to enhance brand identity.\" \/>\n<meta name=\"robots\" content=\"index, follow, max-snippet:-1, max-image-preview:large, max-video-preview:-1\" \/>\n<link rel=\"canonical\" href=\"https:\/\/qqpets.com\/fr\/produit\/airtag-case\/\" \/>\n<meta property=\"og:locale\" content=\"fr_FR\" \/>\n<meta property=\"og:type\" content=\"article\" \/>\n<meta property=\"og:title\" content=\"Airtag Case | QQPETS\" \/>\n<meta property=\"og:description\" content=\"Customizable Airtag Case for pet collars, keeping pets traceable and safe. Ideal for B2B clients wanting custom logos or patterns to enhance brand identity.\" \/>\n<meta property=\"og:url\" content=\"https:\/\/qqpets.com\/fr\/produit\/airtag-case\/\" \/>\n<meta property=\"og:site_name\" content=\"QQPETS\" \/>\n<meta property=\"article:publisher\" content=\"https:\/\/www.facebook.com\/QQpetsdogcollars\" \/>\n<meta property=\"og:image\" content=\"https:\/\/qqpets.com\/wp-content\/uploads\/2024\/11\/airtag-case1.webp\" \/>\n\t<meta property=\"og:image:width\" content=\"800\" \/>\n\t<meta property=\"og:image:height\" content=\"800\" \/>\n\t<meta property=\"og:image:type\" content=\"image\/webp\" \/>\n<meta name=\"twitter:card\" content=\"summary_large_image\" \/>\n<meta name=\"twitter:label1\" content=\"Dur\u00e9e de lecture estim\u00e9e\" \/>\n\t<meta name=\"twitter:data1\" content=\"2 minutes\" \/>\n<script type=\"application\/ld+json\" class=\"yoast-schema-graph\">{\"@context\":\"https:\/\/schema.org\",\"@graph\":[{\"@type\":\"WebPage\",\"@id\":\"https:\/\/qqpets.com\/product\/airtag-case\/\",\"url\":\"https:\/\/qqpets.com\/product\/airtag-case\/\",\"name\":\"Airtag Case | QQPETS\",\"isPartOf\":{\"@id\":\"https:\/\/qqpets.com\/#website\"},\"primaryImageOfPage\":{\"@id\":\"https:\/\/qqpets.com\/product\/airtag-case\/#primaryimage\"},\"image\":{\"@id\":\"https:\/\/qqpets.com\/product\/airtag-case\/#primaryimage\"},\"thumbnailUrl\":\"https:\/\/qqpets.com\/wp-content\/uploads\/2024\/11\/airtag-case1.webp\",\"datePublished\":\"2024-11-13T08:34:37+00:00\",\"description\":\"Customizable Airtag Case for pet collars, keeping pets traceable and safe. Ideal for B2B clients wanting custom logos or patterns to enhance brand identity.\",\"breadcrumb\":{\"@id\":\"https:\/\/qqpets.com\/product\/airtag-case\/#breadcrumb\"},\"inLanguage\":\"fr-FR\",\"potentialAction\":[{\"@type\":\"ReadAction\",\"target\":[\"https:\/\/qqpets.com\/product\/airtag-case\/\"]}]},{\"@type\":\"ImageObject\",\"inLanguage\":\"fr-FR\",\"@id\":\"https:\/\/qqpets.com\/product\/airtag-case\/#primaryimage\",\"url\":\"https:\/\/qqpets.com\/wp-content\/uploads\/2024\/11\/airtag-case1.webp\",\"contentUrl\":\"https:\/\/qqpets.com\/wp-content\/uploads\/2024\/11\/airtag-case1.webp\",\"width\":800,\"height\":800},{\"@type\":\"BreadcrumbList\",\"@id\":\"https:\/\/qqpets.com\/product\/airtag-case\/#breadcrumb\",\"itemListElement\":[{\"@type\":\"ListItem\",\"position\":1,\"name\":\"Home\",\"item\":\"https:\/\/qqpets.com\/\"},{\"@type\":\"ListItem\",\"position\":2,\"name\":\"Products\",\"item\":\"https:\/\/qqpets.com\/pet-products-manufacturer\/\"},{\"@type\":\"ListItem\",\"position\":3,\"name\":\"Airtag Case\"}]},{\"@type\":\"WebSite\",\"@id\":\"https:\/\/qqpets.com\/#website\",\"url\":\"https:\/\/qqpets.com\/\",\"name\":\"QQPETS\",\"description\":\"QQPETS is a pet products factory for dog harnesses, dog collars, dog leashes and dog accessories with professional customized service since 2005.\",\"publisher\":{\"@id\":\"https:\/\/qqpets.com\/#organization\"},\"potentialAction\":[{\"@type\":\"SearchAction\",\"target\":{\"@type\":\"EntryPoint\",\"urlTemplate\":\"https:\/\/qqpets.com\/?s={search_term_string}\"},\"query-input\":{\"@type\":\"PropertyValueSpecification\",\"valueRequired\":true,\"valueName\":\"search_term_string\"}}],\"inLanguage\":\"fr-FR\"},{\"@type\":\"Organization\",\"@id\":\"https:\/\/qqpets.com\/#organization\",\"name\":\"QQPETS\",\"url\":\"https:\/\/qqpets.com\/\",\"logo\":{\"@type\":\"ImageObject\",\"inLanguage\":\"fr-FR\",\"@id\":\"https:\/\/qqpets.com\/#\/schema\/logo\/image\/\",\"url\":\"https:\/\/qqpets.com\/wp-content\/uploads\/2023\/09\/cropped-cropped-qqpets-tiktok.jpg\",\"contentUrl\":\"https:\/\/qqpets.com\/wp-content\/uploads\/2023\/09\/cropped-cropped-qqpets-tiktok.jpg\",\"width\":511,\"height\":511,\"caption\":\"QQPETS\"},\"image\":{\"@id\":\"https:\/\/qqpets.com\/#\/schema\/logo\/image\/\"},\"sameAs\":[\"https:\/\/www.facebook.com\/QQpetsdogcollars\",\"https:\/\/www.instagram.com\/qqpetscollar\/\",\"https:\/\/www.pinterest.com\/qqpetsdogcollarsfactory\/\"]}]}<\/script>\n<!-- \/ Yoast SEO plugin. -->","yoast_head_json":{"title":"Airtag Case | QQPETS","description":"Customizable Airtag Case for pet collars, keeping pets traceable and safe. Ideal for B2B clients wanting custom logos or patterns to enhance brand identity.","robots":{"index":"index","follow":"follow","max-snippet":"max-snippet:-1","max-image-preview":"max-image-preview:large","max-video-preview":"max-video-preview:-1"},"canonical":"https:\/\/qqpets.com\/fr\/produit\/airtag-case\/","og_locale":"fr_FR","og_type":"article","og_title":"Airtag Case | QQPETS","og_description":"Customizable Airtag Case for pet collars, keeping pets traceable and safe. Ideal for B2B clients wanting custom logos or patterns to enhance brand identity.","og_url":"https:\/\/qqpets.com\/fr\/produit\/airtag-case\/","og_site_name":"QQPETS","article_publisher":"https:\/\/www.facebook.com\/QQpetsdogcollars","og_image":[{"width":800,"height":800,"url":"https:\/\/qqpets.com\/wp-content\/uploads\/2024\/11\/airtag-case1.webp","type":"image\/webp"}],"twitter_card":"summary_large_image","twitter_misc":{"Dur\u00e9e de lecture estim\u00e9e":"2 minutes"},"schema":{"@context":"https:\/\/schema.org","@graph":[{"@type":"WebPage","@id":"https:\/\/qqpets.com\/product\/airtag-case\/","url":"https:\/\/qqpets.com\/product\/airtag-case\/","name":"Airtag Case | QQPETS","isPartOf":{"@id":"https:\/\/qqpets.com\/#website"},"primaryImageOfPage":{"@id":"https:\/\/qqpets.com\/product\/airtag-case\/#primaryimage"},"image":{"@id":"https:\/\/qqpets.com\/product\/airtag-case\/#primaryimage"},"thumbnailUrl":"https:\/\/qqpets.com\/wp-content\/uploads\/2024\/11\/airtag-case1.webp","datePublished":"2024-11-13T08:34:37+00:00","description":"Customizable Airtag Case for pet collars, keeping pets traceable and safe. Ideal for B2B clients wanting custom logos or patterns to enhance brand identity.","breadcrumb":{"@id":"https:\/\/qqpets.com\/product\/airtag-case\/#breadcrumb"},"inLanguage":"fr-FR","potentialAction":[{"@type":"ReadAction","target":["https:\/\/qqpets.com\/product\/airtag-case\/"]}]},{"@type":"ImageObject","inLanguage":"fr-FR","@id":"https:\/\/qqpets.com\/product\/airtag-case\/#primaryimage","url":"https:\/\/qqpets.com\/wp-content\/uploads\/2024\/11\/airtag-case1.webp","contentUrl":"https:\/\/qqpets.com\/wp-content\/uploads\/2024\/11\/airtag-case1.webp","width":800,"height":800},{"@type":"BreadcrumbList","@id":"https:\/\/qqpets.com\/product\/airtag-case\/#breadcrumb","itemListElement":[{"@type":"ListItem","position":1,"name":"Home","item":"https:\/\/qqpets.com\/"},{"@type":"ListItem","position":2,"name":"Products","item":"https:\/\/qqpets.com\/pet-products-manufacturer\/"},{"@type":"ListItem","position":3,"name":"Airtag Case"}]},{"@type":"WebSite","@id":"https:\/\/qqpets.com\/#website","url":"https:\/\/qqpets.com\/","name":"QQPETS","description":"QQPETS est une usine de produits pour animaux de compagnie qui fabrique des harnais pour chiens, des colliers pour chiens, des laisses pour chiens et des accessoires pour chiens avec un service professionnel personnalis\u00e9 depuis 2005.","publisher":{"@id":"https:\/\/qqpets.com\/#organization"},"potentialAction":[{"@type":"SearchAction","target":{"@type":"EntryPoint","urlTemplate":"https:\/\/qqpets.com\/?s={search_term_string}"},"query-input":{"@type":"PropertyValueSpecification","valueRequired":true,"valueName":"search_term_string"}}],"inLanguage":"fr-FR"},{"@type":"Organization","@id":"https:\/\/qqpets.com\/#organization","name":"QQPETS","url":"https:\/\/qqpets.com\/","logo":{"@type":"ImageObject","inLanguage":"fr-FR","@id":"https:\/\/qqpets.com\/#\/schema\/logo\/image\/","url":"https:\/\/qqpets.com\/wp-content\/uploads\/2023\/09\/cropped-cropped-qqpets-tiktok.jpg","contentUrl":"https:\/\/qqpets.com\/wp-content\/uploads\/2023\/09\/cropped-cropped-qqpets-tiktok.jpg","width":511,"height":511,"caption":"QQPETS"},"image":{"@id":"https:\/\/qqpets.com\/#\/schema\/logo\/image\/"},"sameAs":["https:\/\/www.facebook.com\/QQpetsdogcollars","https:\/\/www.instagram.com\/qqpetscollar\/","https:\/\/www.pinterest.com\/qqpetsdogcollarsfactory\/"]}]}},"_links":{"self":[{"href":"https:\/\/qqpets.com\/fr\/wp-json\/wp\/v2\/product\/9274","targetHints":{"allow":["GET"]}}],"collection":[{"href":"https:\/\/qqpets.com\/fr\/wp-json\/wp\/v2\/product"}],"about":[{"href":"https:\/\/qqpets.com\/fr\/wp-json\/wp\/v2\/types\/product"}],"wp:featuredmedia":[{"embeddable":true,"href":"https:\/\/qqpets.com\/fr\/wp-json\/wp\/v2\/media\/9275"}],"wp:attachment":[{"href":"https:\/\/qqpets.com\/fr\/wp-json\/wp\/v2\/media?parent=9274"}],"wp:term":[{"taxonomy":"product_brand","embeddable":true,"href":"https:\/\/qqpets.com\/fr\/wp-json\/wp\/v2\/product_brand?post=9274"},{"taxonomy":"product_cat","embeddable":true,"href":"https:\/\/qqpets.com\/fr\/wp-json\/wp\/v2\/product_cat?post=9274"},{"taxonomy":"product_tag","embeddable":true,"href":"https:\/\/qqpets.com\/fr\/wp-json\/wp\/v2\/product_tag?post=9274"}],"curies":[{"name":"wp","href":"https:\/\/api.w.org\/{rel}","templated":true}]}}