{"id":9309,"date":"2024-11-14T13:47:12","date_gmt":"2024-11-14T05:47:12","guid":{"rendered":"https:\/\/qqpets.com\/?post_type=product&#038;p=9309"},"modified":"2024-11-14T13:47:12","modified_gmt":"2024-11-14T05:47:12","slug":"poop-bag","status":"publish","type":"product","link":"https:\/\/qqpets.com\/fr\/produit\/poop-bag\/","title":{"rendered":"Sac \u00e0 crottes"},"content":{"rendered":"<p>Ces sacs \u00e0 crottes personnalisables de haute qualit\u00e9 apportent une solution durable et valorisante pour la marque dans le domaine souvent n\u00e9glig\u00e9 de l'\u00e9limination des d\u00e9jections des animaux de compagnie. Fabriqu\u00e9s \u00e0 partir de mat\u00e9riaux durables et respectueux de l'environnement, ces sacs permettent aux marques d'animaux de compagnie de mettre en avant leur engagement en faveur de l'environnement tout en offrant un produit pratique et quotidien auquel les propri\u00e9taires d'animaux de compagnie font confiance. Le mat\u00e9riau solide r\u00e9siste aux d\u00e9chirures et est facile \u00e0 s\u00e9parer, ce qui rend le nettoyage simple et sans d\u00e9sordre.<\/p>\n<p>Pour les clients B2B, ces sacs sont enti\u00e8rement personnalisables avec des options de logo et de motif, ce qui permet aux marques de se d\u00e9marquer \u00e0 chaque utilisation. Ils sont id\u00e9aux pour les d\u00e9taillants de produits pour animaux, les salons de toilettage et les boutiques en ligne qui cherchent \u00e0 \u00e9largir leur gamme de produits \u00e9cologiques. De plus, ces sacs \u00e0 crottes personnalisables constituent un excellent choix pour les cadeaux promotionnels, renfor\u00e7ant la fid\u00e9lit\u00e9 \u00e0 la marque gr\u00e2ce \u00e0 un produit pratique et \u00e0 usage intensif. Avec leur m\u00e9lange de qualit\u00e9 et de durabilit\u00e9, ces sacs \u00e0 crottes aident votre marque \u00e0 faire une d\u00e9claration responsable, qui attire les propri\u00e9taires d'animaux de compagnie soucieux de l'environnement et recherchant des options d'\u00e9limination des d\u00e9chets fiables et \u00e9l\u00e9gantes.<\/p>","protected":false},"excerpt":{"rendered":"<p>Nos sacs \u00e0 crottes personnalisables et respectueux de l'environnement sont id\u00e9aux pour les marques qui souhaitent offrir aux propri\u00e9taires d'animaux une solution fiable en mati\u00e8re de d\u00e9chets. Fabriqu\u00e9s \u00e0 partir de mat\u00e9riaux durables et biod\u00e9gradables, ces sacs offrent des options de personnalisation pour des logos ou des motifs, permettant aux clients B2B d'am\u00e9liorer la visibilit\u00e9 de leur marque tout en soutenant le d\u00e9veloppement durable. Solides et faciles \u00e0 utiliser, ces sacs sont con\u00e7us pour g\u00e9rer les d\u00e9chets en toute s\u00e9curit\u00e9, ce qui les rend parfaits pour la vente au d\u00e9tail ou en tant qu'article promotionnel de marque. Avec cette approche \u00e0 la fois pratique et \u00e9l\u00e9gante de l'\u00e9limination des d\u00e9chets d'animaux domestiques, votre marque peut offrir \u00e0 ses clients \u00e0 la fois la commodit\u00e9 et la responsabilit\u00e9 environnementale.<\/p>","protected":false},"featured_media":9310,"template":"","meta":[],"product_brand":[],"product_cat":[58],"product_tag":[],"class_list":{"0":"post-9309","1":"product","2":"type-product","3":"status-publish","4":"has-post-thumbnail","6":"product_cat-accessories","8":"first","9":"instock","10":"shipping-taxable","11":"product-type-simple"},"yoast_head":"<!-- This site is optimized with the Yoast SEO plugin v26.6 - https:\/\/yoast.com\/wordpress\/plugins\/seo\/ -->\n<title>Poop Bag | QQPETS<\/title>\n<meta name=\"description\" content=\"Eco-friendly, customizable poop bags designed for brands. Perfect for B2B clients needing custom logos or patterns. Convenient, durable, and sustainable waste solution.\" \/>\n<meta name=\"robots\" content=\"index, follow, max-snippet:-1, max-image-preview:large, max-video-preview:-1\" \/>\n<link rel=\"canonical\" href=\"https:\/\/qqpets.com\/fr\/produit\/poop-bag\/\" \/>\n<meta property=\"og:locale\" content=\"fr_FR\" \/>\n<meta property=\"og:type\" content=\"article\" \/>\n<meta property=\"og:title\" content=\"Poop Bag | QQPETS\" \/>\n<meta property=\"og:description\" content=\"Eco-friendly, customizable poop bags designed for brands. Perfect for B2B clients needing custom logos or patterns. Convenient, durable, and sustainable waste solution.\" \/>\n<meta property=\"og:url\" content=\"https:\/\/qqpets.com\/fr\/produit\/poop-bag\/\" \/>\n<meta property=\"og:site_name\" content=\"QQPETS\" \/>\n<meta property=\"article:publisher\" content=\"https:\/\/www.facebook.com\/QQpetsdogcollars\" \/>\n<meta property=\"og:image\" content=\"https:\/\/qqpets.com\/wp-content\/uploads\/2024\/11\/poop-bag1.webp\" \/>\n\t<meta property=\"og:image:width\" content=\"800\" \/>\n\t<meta property=\"og:image:height\" content=\"800\" \/>\n\t<meta property=\"og:image:type\" content=\"image\/webp\" \/>\n<meta name=\"twitter:card\" content=\"summary_large_image\" \/>\n<meta name=\"twitter:label1\" content=\"Dur\u00e9e de lecture estim\u00e9e\" \/>\n\t<meta name=\"twitter:data1\" content=\"1 minute\" \/>\n<script type=\"application\/ld+json\" class=\"yoast-schema-graph\">{\"@context\":\"https:\/\/schema.org\",\"@graph\":[{\"@type\":\"WebPage\",\"@id\":\"https:\/\/qqpets.com\/product\/poop-bag\/\",\"url\":\"https:\/\/qqpets.com\/product\/poop-bag\/\",\"name\":\"Poop Bag | QQPETS\",\"isPartOf\":{\"@id\":\"https:\/\/qqpets.com\/#website\"},\"primaryImageOfPage\":{\"@id\":\"https:\/\/qqpets.com\/product\/poop-bag\/#primaryimage\"},\"image\":{\"@id\":\"https:\/\/qqpets.com\/product\/poop-bag\/#primaryimage\"},\"thumbnailUrl\":\"https:\/\/qqpets.com\/wp-content\/uploads\/2024\/11\/poop-bag1.webp\",\"datePublished\":\"2024-11-14T05:47:12+00:00\",\"description\":\"Eco-friendly, customizable poop bags designed for brands. Perfect for B2B clients needing custom logos or patterns. Convenient, durable, and sustainable waste solution.\",\"breadcrumb\":{\"@id\":\"https:\/\/qqpets.com\/product\/poop-bag\/#breadcrumb\"},\"inLanguage\":\"fr-FR\",\"potentialAction\":[{\"@type\":\"ReadAction\",\"target\":[\"https:\/\/qqpets.com\/product\/poop-bag\/\"]}]},{\"@type\":\"ImageObject\",\"inLanguage\":\"fr-FR\",\"@id\":\"https:\/\/qqpets.com\/product\/poop-bag\/#primaryimage\",\"url\":\"https:\/\/qqpets.com\/wp-content\/uploads\/2024\/11\/poop-bag1.webp\",\"contentUrl\":\"https:\/\/qqpets.com\/wp-content\/uploads\/2024\/11\/poop-bag1.webp\",\"width\":800,\"height\":800},{\"@type\":\"BreadcrumbList\",\"@id\":\"https:\/\/qqpets.com\/product\/poop-bag\/#breadcrumb\",\"itemListElement\":[{\"@type\":\"ListItem\",\"position\":1,\"name\":\"Home\",\"item\":\"https:\/\/qqpets.com\/\"},{\"@type\":\"ListItem\",\"position\":2,\"name\":\"Products\",\"item\":\"https:\/\/qqpets.com\/pet-products-manufacturer\/\"},{\"@type\":\"ListItem\",\"position\":3,\"name\":\"Poop Bag\"}]},{\"@type\":\"WebSite\",\"@id\":\"https:\/\/qqpets.com\/#website\",\"url\":\"https:\/\/qqpets.com\/\",\"name\":\"QQPETS\",\"description\":\"QQPETS is a pet products factory for dog harnesses, dog collars, dog leashes and dog accessories with professional customized service since 2005.\",\"publisher\":{\"@id\":\"https:\/\/qqpets.com\/#organization\"},\"potentialAction\":[{\"@type\":\"SearchAction\",\"target\":{\"@type\":\"EntryPoint\",\"urlTemplate\":\"https:\/\/qqpets.com\/?s={search_term_string}\"},\"query-input\":{\"@type\":\"PropertyValueSpecification\",\"valueRequired\":true,\"valueName\":\"search_term_string\"}}],\"inLanguage\":\"fr-FR\"},{\"@type\":\"Organization\",\"@id\":\"https:\/\/qqpets.com\/#organization\",\"name\":\"QQPETS\",\"url\":\"https:\/\/qqpets.com\/\",\"logo\":{\"@type\":\"ImageObject\",\"inLanguage\":\"fr-FR\",\"@id\":\"https:\/\/qqpets.com\/#\/schema\/logo\/image\/\",\"url\":\"https:\/\/qqpets.com\/wp-content\/uploads\/2023\/09\/cropped-cropped-qqpets-tiktok.jpg\",\"contentUrl\":\"https:\/\/qqpets.com\/wp-content\/uploads\/2023\/09\/cropped-cropped-qqpets-tiktok.jpg\",\"width\":511,\"height\":511,\"caption\":\"QQPETS\"},\"image\":{\"@id\":\"https:\/\/qqpets.com\/#\/schema\/logo\/image\/\"},\"sameAs\":[\"https:\/\/www.facebook.com\/QQpetsdogcollars\",\"https:\/\/www.instagram.com\/qqpetscollar\/\",\"https:\/\/www.pinterest.com\/qqpetsdogcollarsfactory\/\"]}]}<\/script>\n<!-- \/ Yoast SEO plugin. -->","yoast_head_json":{"title":"Sac \u00e0 crottes | QQPETS","description":"Sacs \u00e0 crottes \u00e9cologiques et personnalisables con\u00e7us pour les marques. Parfait pour les clients B2B qui ont besoin de logos ou de motifs personnalis\u00e9s. Solution pratique, durable et viable pour les d\u00e9chets.","robots":{"index":"index","follow":"follow","max-snippet":"max-snippet:-1","max-image-preview":"max-image-preview:large","max-video-preview":"max-video-preview:-1"},"canonical":"https:\/\/qqpets.com\/fr\/produit\/poop-bag\/","og_locale":"fr_FR","og_type":"article","og_title":"Poop Bag | QQPETS","og_description":"Eco-friendly, customizable poop bags designed for brands. Perfect for B2B clients needing custom logos or patterns. Convenient, durable, and sustainable waste solution.","og_url":"https:\/\/qqpets.com\/fr\/produit\/poop-bag\/","og_site_name":"QQPETS","article_publisher":"https:\/\/www.facebook.com\/QQpetsdogcollars","og_image":[{"width":800,"height":800,"url":"https:\/\/qqpets.com\/wp-content\/uploads\/2024\/11\/poop-bag1.webp","type":"image\/webp"}],"twitter_card":"summary_large_image","twitter_misc":{"Dur\u00e9e de lecture estim\u00e9e":"1 minute"},"schema":{"@context":"https:\/\/schema.org","@graph":[{"@type":"WebPage","@id":"https:\/\/qqpets.com\/product\/poop-bag\/","url":"https:\/\/qqpets.com\/product\/poop-bag\/","name":"Sac \u00e0 crottes | QQPETS","isPartOf":{"@id":"https:\/\/qqpets.com\/#website"},"primaryImageOfPage":{"@id":"https:\/\/qqpets.com\/product\/poop-bag\/#primaryimage"},"image":{"@id":"https:\/\/qqpets.com\/product\/poop-bag\/#primaryimage"},"thumbnailUrl":"https:\/\/qqpets.com\/wp-content\/uploads\/2024\/11\/poop-bag1.webp","datePublished":"2024-11-14T05:47:12+00:00","description":"Sacs \u00e0 crottes \u00e9cologiques et personnalisables con\u00e7us pour les marques. Parfait pour les clients B2B qui ont besoin de logos ou de motifs personnalis\u00e9s. Solution pratique, durable et viable pour les d\u00e9chets.","breadcrumb":{"@id":"https:\/\/qqpets.com\/product\/poop-bag\/#breadcrumb"},"inLanguage":"fr-FR","potentialAction":[{"@type":"ReadAction","target":["https:\/\/qqpets.com\/product\/poop-bag\/"]}]},{"@type":"ImageObject","inLanguage":"fr-FR","@id":"https:\/\/qqpets.com\/product\/poop-bag\/#primaryimage","url":"https:\/\/qqpets.com\/wp-content\/uploads\/2024\/11\/poop-bag1.webp","contentUrl":"https:\/\/qqpets.com\/wp-content\/uploads\/2024\/11\/poop-bag1.webp","width":800,"height":800},{"@type":"BreadcrumbList","@id":"https:\/\/qqpets.com\/product\/poop-bag\/#breadcrumb","itemListElement":[{"@type":"ListItem","position":1,"name":"Home","item":"https:\/\/qqpets.com\/"},{"@type":"ListItem","position":2,"name":"Products","item":"https:\/\/qqpets.com\/pet-products-manufacturer\/"},{"@type":"ListItem","position":3,"name":"Poop Bag"}]},{"@type":"WebSite","@id":"https:\/\/qqpets.com\/#website","url":"https:\/\/qqpets.com\/","name":"QQPETS","description":"QQPETS est une usine de produits pour animaux de compagnie qui fabrique des harnais pour chiens, des colliers pour chiens, des laisses pour chiens et des accessoires pour chiens avec un service professionnel personnalis\u00e9 depuis 2005.","publisher":{"@id":"https:\/\/qqpets.com\/#organization"},"potentialAction":[{"@type":"SearchAction","target":{"@type":"EntryPoint","urlTemplate":"https:\/\/qqpets.com\/?s={search_term_string}"},"query-input":{"@type":"PropertyValueSpecification","valueRequired":true,"valueName":"search_term_string"}}],"inLanguage":"fr-FR"},{"@type":"Organization","@id":"https:\/\/qqpets.com\/#organization","name":"QQPETS","url":"https:\/\/qqpets.com\/","logo":{"@type":"ImageObject","inLanguage":"fr-FR","@id":"https:\/\/qqpets.com\/#\/schema\/logo\/image\/","url":"https:\/\/qqpets.com\/wp-content\/uploads\/2023\/09\/cropped-cropped-qqpets-tiktok.jpg","contentUrl":"https:\/\/qqpets.com\/wp-content\/uploads\/2023\/09\/cropped-cropped-qqpets-tiktok.jpg","width":511,"height":511,"caption":"QQPETS"},"image":{"@id":"https:\/\/qqpets.com\/#\/schema\/logo\/image\/"},"sameAs":["https:\/\/www.facebook.com\/QQpetsdogcollars","https:\/\/www.instagram.com\/qqpetscollar\/","https:\/\/www.pinterest.com\/qqpetsdogcollarsfactory\/"]}]}},"_links":{"self":[{"href":"https:\/\/qqpets.com\/fr\/wp-json\/wp\/v2\/product\/9309","targetHints":{"allow":["GET"]}}],"collection":[{"href":"https:\/\/qqpets.com\/fr\/wp-json\/wp\/v2\/product"}],"about":[{"href":"https:\/\/qqpets.com\/fr\/wp-json\/wp\/v2\/types\/product"}],"wp:featuredmedia":[{"embeddable":true,"href":"https:\/\/qqpets.com\/fr\/wp-json\/wp\/v2\/media\/9310"}],"wp:attachment":[{"href":"https:\/\/qqpets.com\/fr\/wp-json\/wp\/v2\/media?parent=9309"}],"wp:term":[{"taxonomy":"product_brand","embeddable":true,"href":"https:\/\/qqpets.com\/fr\/wp-json\/wp\/v2\/product_brand?post=9309"},{"taxonomy":"product_cat","embeddable":true,"href":"https:\/\/qqpets.com\/fr\/wp-json\/wp\/v2\/product_cat?post=9309"},{"taxonomy":"product_tag","embeddable":true,"href":"https:\/\/qqpets.com\/fr\/wp-json\/wp\/v2\/product_tag?post=9309"}],"curies":[{"name":"wp","href":"https:\/\/api.w.org\/{rel}","templated":true}]}}