{"id":9316,"date":"2024-11-14T14:14:02","date_gmt":"2024-11-14T06:14:02","guid":{"rendered":"https:\/\/qqpets.com\/?post_type=product&#038;p=9316"},"modified":"2024-11-14T14:14:02","modified_gmt":"2024-11-14T06:14:02","slug":"collar-bandana","status":"publish","type":"product","link":"https:\/\/qqpets.com\/fr\/produit\/collar-bandana\/","title":{"rendered":"Bandana pour le col"},"content":{"rendered":"<p>Le Bandana pour collier est le moyen id\u00e9al d'ajouter une touche d'\u00e9l\u00e9gance au collier de votre animal. Fabriqu\u00e9 dans un tissu doux et durable, cet accessoire est con\u00e7u pour s'enfiler facilement sur n'importe quel collier standard, offrant \u00e0 la fois confort et \u00e9l\u00e9gance. Sa nature personnalisable offre une excellente occasion aux clients B2B d'ajouter une touche unique, qu'il s'agisse d'un logo, d'un motif ou d'un dessin qui s'aligne sur l'identit\u00e9 de leur marque.<\/p>\n<p>Ces colliers bandanas sont id\u00e9aux pour les animaleries, les salons de toilettage ou m\u00eame dans le cadre d'un cadeau promotionnel de marque. Gr\u00e2ce \u00e0 leurs couleurs vives et \u00e0 leurs mat\u00e9riaux de haute qualit\u00e9, ils peuvent \u00eatre port\u00e9s aussi bien pour les sorties quotidiennes que pour les occasions sp\u00e9ciales. Leur polyvalence et leur personnalisation en font un accessoire de choix pour les propri\u00e9taires d'animaux de compagnie qui souhaitent rehausser le style de leur animal.<\/p>\n<p>Outre l'attrait esth\u00e9tique, ces bandanas sont con\u00e7us pour assurer le confort de l'animal, en veillant \u00e0 ce qu'ils n'entravent pas ses mouvements. Combinant parfaitement style, praticit\u00e9 et potentiel de marque, ces bandanas pour collier sont un produit indispensable pour toute entreprise cherchant \u00e0 exploiter le march\u00e9 en pleine croissance des accessoires pour animaux de compagnie.<\/p>","protected":false},"excerpt":{"rendered":"<p>Nos bandanas personnalisables pour colliers sont un m\u00e9lange parfait de style et de fonctionnalit\u00e9 pour les animaux de compagnie. Fabriqu\u00e9s dans un tissu de haute qualit\u00e9, ces bandanas s'attachent facilement \u00e0 n'importe quel collier pour animaux de compagnie. Ils offrent des possibilit\u00e9s de marquage pour les clients B2B, permettant d'ajouter des logos ou des motifs pour cr\u00e9er un produit unique. Qu'ils soient utilis\u00e9s pour les promenades quotidiennes ou les occasions sp\u00e9ciales, ces bandanas sont un excellent moyen de rehausser le look de l'animal tout en promouvant votre marque. Id\u00e9al pour les animaleries, les salons de toilettage et les cadeaux promotionnels, ces bandanas pour collier sont un excellent choix pour toute entreprise souhaitant se d\u00e9marquer sur le march\u00e9 des accessoires pour animaux de compagnie.<\/p>","protected":false},"featured_media":9317,"template":"","meta":[],"product_brand":[],"product_cat":[58],"product_tag":[],"class_list":{"0":"post-9316","1":"product","2":"type-product","3":"status-publish","4":"has-post-thumbnail","6":"product_cat-accessories","8":"first","9":"instock","10":"shipping-taxable","11":"product-type-simple"},"yoast_head":"<!-- This site is optimized with the Yoast SEO plugin v26.6 - https:\/\/yoast.com\/wordpress\/plugins\/seo\/ -->\n<title>Collar Bandana | QQPETS<\/title>\n<meta name=\"description\" content=\"Customizable collar bandanas for pets. Ideal for B2B clients looking for branded pet accessories with unique logo or pattern options. Stylish, comfortable, and functional.\" \/>\n<meta name=\"robots\" content=\"index, follow, max-snippet:-1, max-image-preview:large, max-video-preview:-1\" \/>\n<link rel=\"canonical\" href=\"https:\/\/qqpets.com\/fr\/produit\/collar-bandana\/\" \/>\n<meta property=\"og:locale\" content=\"fr_FR\" \/>\n<meta property=\"og:type\" content=\"article\" \/>\n<meta property=\"og:title\" content=\"Collar Bandana | QQPETS\" \/>\n<meta property=\"og:description\" content=\"Customizable collar bandanas for pets. Ideal for B2B clients looking for branded pet accessories with unique logo or pattern options. Stylish, comfortable, and functional.\" \/>\n<meta property=\"og:url\" content=\"https:\/\/qqpets.com\/fr\/produit\/collar-bandana\/\" \/>\n<meta property=\"og:site_name\" content=\"QQPETS\" \/>\n<meta property=\"article:publisher\" content=\"https:\/\/www.facebook.com\/QQpetsdogcollars\" \/>\n<meta property=\"og:image\" content=\"https:\/\/qqpets.com\/wp-content\/uploads\/2024\/11\/collar-bandana2-scaled.webp\" \/>\n\t<meta property=\"og:image:width\" content=\"2560\" \/>\n\t<meta property=\"og:image:height\" content=\"2560\" \/>\n\t<meta property=\"og:image:type\" content=\"image\/webp\" \/>\n<meta name=\"twitter:card\" content=\"summary_large_image\" \/>\n<meta name=\"twitter:label1\" content=\"Dur\u00e9e de lecture estim\u00e9e\" \/>\n\t<meta name=\"twitter:data1\" content=\"1 minute\" \/>\n<script type=\"application\/ld+json\" class=\"yoast-schema-graph\">{\"@context\":\"https:\/\/schema.org\",\"@graph\":[{\"@type\":\"WebPage\",\"@id\":\"https:\/\/qqpets.com\/product\/collar-bandana\/\",\"url\":\"https:\/\/qqpets.com\/product\/collar-bandana\/\",\"name\":\"Collar Bandana | QQPETS\",\"isPartOf\":{\"@id\":\"https:\/\/qqpets.com\/#website\"},\"primaryImageOfPage\":{\"@id\":\"https:\/\/qqpets.com\/product\/collar-bandana\/#primaryimage\"},\"image\":{\"@id\":\"https:\/\/qqpets.com\/product\/collar-bandana\/#primaryimage\"},\"thumbnailUrl\":\"https:\/\/qqpets.com\/wp-content\/uploads\/2024\/11\/collar-bandana2-scaled.webp\",\"datePublished\":\"2024-11-14T06:14:02+00:00\",\"description\":\"Customizable collar bandanas for pets. Ideal for B2B clients looking for branded pet accessories with unique logo or pattern options. Stylish, comfortable, and functional.\",\"breadcrumb\":{\"@id\":\"https:\/\/qqpets.com\/product\/collar-bandana\/#breadcrumb\"},\"inLanguage\":\"fr-FR\",\"potentialAction\":[{\"@type\":\"ReadAction\",\"target\":[\"https:\/\/qqpets.com\/product\/collar-bandana\/\"]}]},{\"@type\":\"ImageObject\",\"inLanguage\":\"fr-FR\",\"@id\":\"https:\/\/qqpets.com\/product\/collar-bandana\/#primaryimage\",\"url\":\"https:\/\/qqpets.com\/wp-content\/uploads\/2024\/11\/collar-bandana2-scaled.webp\",\"contentUrl\":\"https:\/\/qqpets.com\/wp-content\/uploads\/2024\/11\/collar-bandana2-scaled.webp\",\"width\":2560,\"height\":2560},{\"@type\":\"BreadcrumbList\",\"@id\":\"https:\/\/qqpets.com\/product\/collar-bandana\/#breadcrumb\",\"itemListElement\":[{\"@type\":\"ListItem\",\"position\":1,\"name\":\"Home\",\"item\":\"https:\/\/qqpets.com\/\"},{\"@type\":\"ListItem\",\"position\":2,\"name\":\"Products\",\"item\":\"https:\/\/qqpets.com\/pet-products-manufacturer\/\"},{\"@type\":\"ListItem\",\"position\":3,\"name\":\"Collar Bandana\"}]},{\"@type\":\"WebSite\",\"@id\":\"https:\/\/qqpets.com\/#website\",\"url\":\"https:\/\/qqpets.com\/\",\"name\":\"QQPETS\",\"description\":\"QQPETS is a pet products factory for dog harnesses, dog collars, dog leashes and dog accessories with professional customized service since 2005.\",\"publisher\":{\"@id\":\"https:\/\/qqpets.com\/#organization\"},\"potentialAction\":[{\"@type\":\"SearchAction\",\"target\":{\"@type\":\"EntryPoint\",\"urlTemplate\":\"https:\/\/qqpets.com\/?s={search_term_string}\"},\"query-input\":{\"@type\":\"PropertyValueSpecification\",\"valueRequired\":true,\"valueName\":\"search_term_string\"}}],\"inLanguage\":\"fr-FR\"},{\"@type\":\"Organization\",\"@id\":\"https:\/\/qqpets.com\/#organization\",\"name\":\"QQPETS\",\"url\":\"https:\/\/qqpets.com\/\",\"logo\":{\"@type\":\"ImageObject\",\"inLanguage\":\"fr-FR\",\"@id\":\"https:\/\/qqpets.com\/#\/schema\/logo\/image\/\",\"url\":\"https:\/\/qqpets.com\/wp-content\/uploads\/2023\/09\/cropped-cropped-qqpets-tiktok.jpg\",\"contentUrl\":\"https:\/\/qqpets.com\/wp-content\/uploads\/2023\/09\/cropped-cropped-qqpets-tiktok.jpg\",\"width\":511,\"height\":511,\"caption\":\"QQPETS\"},\"image\":{\"@id\":\"https:\/\/qqpets.com\/#\/schema\/logo\/image\/\"},\"sameAs\":[\"https:\/\/www.facebook.com\/QQpetsdogcollars\",\"https:\/\/www.instagram.com\/qqpetscollar\/\",\"https:\/\/www.pinterest.com\/qqpetsdogcollarsfactory\/\"]}]}<\/script>\n<!-- \/ Yoast SEO plugin. -->","yoast_head_json":{"title":"Bandana pour collier | QQPETS","description":"Colliers bandanas personnalisables pour animaux de compagnie. Id\u00e9al pour les clients B2B \u00e0 la recherche d'accessoires de marque pour animaux de compagnie avec des options de logo ou de motif uniques. \u00c9l\u00e9gant, confortable et fonctionnel.","robots":{"index":"index","follow":"follow","max-snippet":"max-snippet:-1","max-image-preview":"max-image-preview:large","max-video-preview":"max-video-preview:-1"},"canonical":"https:\/\/qqpets.com\/fr\/produit\/collar-bandana\/","og_locale":"fr_FR","og_type":"article","og_title":"Collar Bandana | QQPETS","og_description":"Customizable collar bandanas for pets. Ideal for B2B clients looking for branded pet accessories with unique logo or pattern options. Stylish, comfortable, and functional.","og_url":"https:\/\/qqpets.com\/fr\/produit\/collar-bandana\/","og_site_name":"QQPETS","article_publisher":"https:\/\/www.facebook.com\/QQpetsdogcollars","og_image":[{"width":2560,"height":2560,"url":"https:\/\/qqpets.com\/wp-content\/uploads\/2024\/11\/collar-bandana2-scaled.webp","type":"image\/webp"}],"twitter_card":"summary_large_image","twitter_misc":{"Dur\u00e9e de lecture estim\u00e9e":"1 minute"},"schema":{"@context":"https:\/\/schema.org","@graph":[{"@type":"WebPage","@id":"https:\/\/qqpets.com\/product\/collar-bandana\/","url":"https:\/\/qqpets.com\/product\/collar-bandana\/","name":"Bandana pour collier | QQPETS","isPartOf":{"@id":"https:\/\/qqpets.com\/#website"},"primaryImageOfPage":{"@id":"https:\/\/qqpets.com\/product\/collar-bandana\/#primaryimage"},"image":{"@id":"https:\/\/qqpets.com\/product\/collar-bandana\/#primaryimage"},"thumbnailUrl":"https:\/\/qqpets.com\/wp-content\/uploads\/2024\/11\/collar-bandana2-scaled.webp","datePublished":"2024-11-14T06:14:02+00:00","description":"Colliers bandanas personnalisables pour animaux de compagnie. Id\u00e9al pour les clients B2B \u00e0 la recherche d'accessoires de marque pour animaux de compagnie avec des options de logo ou de motif uniques. \u00c9l\u00e9gant, confortable et fonctionnel.","breadcrumb":{"@id":"https:\/\/qqpets.com\/product\/collar-bandana\/#breadcrumb"},"inLanguage":"fr-FR","potentialAction":[{"@type":"ReadAction","target":["https:\/\/qqpets.com\/product\/collar-bandana\/"]}]},{"@type":"ImageObject","inLanguage":"fr-FR","@id":"https:\/\/qqpets.com\/product\/collar-bandana\/#primaryimage","url":"https:\/\/qqpets.com\/wp-content\/uploads\/2024\/11\/collar-bandana2-scaled.webp","contentUrl":"https:\/\/qqpets.com\/wp-content\/uploads\/2024\/11\/collar-bandana2-scaled.webp","width":2560,"height":2560},{"@type":"BreadcrumbList","@id":"https:\/\/qqpets.com\/product\/collar-bandana\/#breadcrumb","itemListElement":[{"@type":"ListItem","position":1,"name":"Home","item":"https:\/\/qqpets.com\/"},{"@type":"ListItem","position":2,"name":"Products","item":"https:\/\/qqpets.com\/pet-products-manufacturer\/"},{"@type":"ListItem","position":3,"name":"Collar Bandana"}]},{"@type":"WebSite","@id":"https:\/\/qqpets.com\/#website","url":"https:\/\/qqpets.com\/","name":"QQPETS","description":"QQPETS est une usine de produits pour animaux de compagnie qui fabrique des harnais pour chiens, des colliers pour chiens, des laisses pour chiens et des accessoires pour chiens avec un service professionnel personnalis\u00e9 depuis 2005.","publisher":{"@id":"https:\/\/qqpets.com\/#organization"},"potentialAction":[{"@type":"SearchAction","target":{"@type":"EntryPoint","urlTemplate":"https:\/\/qqpets.com\/?s={search_term_string}"},"query-input":{"@type":"PropertyValueSpecification","valueRequired":true,"valueName":"search_term_string"}}],"inLanguage":"fr-FR"},{"@type":"Organization","@id":"https:\/\/qqpets.com\/#organization","name":"QQPETS","url":"https:\/\/qqpets.com\/","logo":{"@type":"ImageObject","inLanguage":"fr-FR","@id":"https:\/\/qqpets.com\/#\/schema\/logo\/image\/","url":"https:\/\/qqpets.com\/wp-content\/uploads\/2023\/09\/cropped-cropped-qqpets-tiktok.jpg","contentUrl":"https:\/\/qqpets.com\/wp-content\/uploads\/2023\/09\/cropped-cropped-qqpets-tiktok.jpg","width":511,"height":511,"caption":"QQPETS"},"image":{"@id":"https:\/\/qqpets.com\/#\/schema\/logo\/image\/"},"sameAs":["https:\/\/www.facebook.com\/QQpetsdogcollars","https:\/\/www.instagram.com\/qqpetscollar\/","https:\/\/www.pinterest.com\/qqpetsdogcollarsfactory\/"]}]}},"_links":{"self":[{"href":"https:\/\/qqpets.com\/fr\/wp-json\/wp\/v2\/product\/9316","targetHints":{"allow":["GET"]}}],"collection":[{"href":"https:\/\/qqpets.com\/fr\/wp-json\/wp\/v2\/product"}],"about":[{"href":"https:\/\/qqpets.com\/fr\/wp-json\/wp\/v2\/types\/product"}],"wp:featuredmedia":[{"embeddable":true,"href":"https:\/\/qqpets.com\/fr\/wp-json\/wp\/v2\/media\/9317"}],"wp:attachment":[{"href":"https:\/\/qqpets.com\/fr\/wp-json\/wp\/v2\/media?parent=9316"}],"wp:term":[{"taxonomy":"product_brand","embeddable":true,"href":"https:\/\/qqpets.com\/fr\/wp-json\/wp\/v2\/product_brand?post=9316"},{"taxonomy":"product_cat","embeddable":true,"href":"https:\/\/qqpets.com\/fr\/wp-json\/wp\/v2\/product_cat?post=9316"},{"taxonomy":"product_tag","embeddable":true,"href":"https:\/\/qqpets.com\/fr\/wp-json\/wp\/v2\/product_tag?post=9316"}],"curies":[{"name":"wp","href":"https:\/\/api.w.org\/{rel}","templated":true}]}}