{"id":9364,"date":"2024-11-14T16:06:33","date_gmt":"2024-11-14T08:06:33","guid":{"rendered":"https:\/\/qqpets.com\/?post_type=product&#038;p=9364"},"modified":"2024-11-14T16:06:33","modified_gmt":"2024-11-14T08:06:33","slug":"pin-buckle-collar","status":"publish","type":"product","link":"https:\/\/qqpets.com\/fr\/produit\/pin-buckle-collar\/","title":{"rendered":"Collier \u00e0 boucle d'\u00e9pingle"},"content":{"rendered":"<p>Le collier Pin Buckle associe un design classique \u00e0 une fonctionnalit\u00e9 sup\u00e9rieure, ce qui en fait un excellent choix pour les marques qui souhaitent proposer un collier polyvalent et personnalisable. Con\u00e7u pour r\u00e9sister aux rigueurs de l'usage quotidien, ce collier est dot\u00e9 d'une boucle \u00e0 ardillon en m\u00e9tal tr\u00e8s r\u00e9sistant, qui garantit un ajustement s\u00fbr et facile. Sa construction robuste est compl\u00e9t\u00e9e par des mat\u00e9riaux confortables qui \u00e9vitent les irritations, ce qui le rend adapt\u00e9 aux chiens de toutes races et de toutes tailles.<\/p>\n<p>Le principal avantage de ce collier pour les clients B2B est qu'il est enti\u00e8rement personnalisable. Les marques peuvent ajouter des logos, des motifs et des couleurs pour refl\u00e9ter leur identit\u00e9 unique et se d\u00e9marquer sur le march\u00e9 des accessoires pour animaux de compagnie. Le collier \u00e0 boucle d'\u00e9pingle est id\u00e9al pour les entreprises qui souhaitent allier l'aspect pratique \u00e0 la visibilit\u00e9 de leur marque, en transformant un produit de tous les jours pour animaux de compagnie en une pi\u00e8ce de prestige.<\/p>\n<p>Gr\u00e2ce \u00e0 sa durabilit\u00e9, sa facilit\u00e9 d'utilisation et son haut niveau de personnalisation, ce collier est un ajout pr\u00e9cieux \u00e0 la collection de tout animal de compagnie. Qu'il soit utilis\u00e9 pour les promenades, le dressage ou pour une tenue d\u00e9contract\u00e9e, le collier Pin Buckle est con\u00e7u pour impressionner les chiens et leurs ma\u00eetres par sa qualit\u00e9 et son style.<\/p>","protected":false},"excerpt":{"rendered":"<p>Notre collier \u00e0 boucle est con\u00e7u pour \u00eatre durable et confortable. Il est dot\u00e9 d'une boucle m\u00e9tallique robuste qui se fixe facilement et de mani\u00e8re fiable. Ce collier est enti\u00e8rement personnalisable, ce qui permet aux clients B2B d'ajouter des logos ou des motifs uniques correspondant \u00e0 leur marque. Fabriqu\u00e9 \u00e0 partir de mat\u00e9riaux de haute qualit\u00e9, il est id\u00e9al pour un usage quotidien, offrant \u00e0 la fois fonctionnalit\u00e9 et style pour les chiens de toutes tailles. Ce collier est parfait pour les marques d'animaux de compagnie qui souhaitent offrir \u00e0 leurs clients un collier \u00e9l\u00e9gant, durable et de marque, facile \u00e0 utiliser et durable.<\/p>\n<p>&nbsp;<\/p>","protected":false},"featured_media":9365,"template":"","meta":[],"product_brand":[],"product_cat":[26],"product_tag":[],"class_list":{"0":"post-9364","1":"product","2":"type-product","3":"status-publish","4":"has-post-thumbnail","6":"product_cat-dog-collar","8":"first","9":"instock","10":"shipping-taxable","11":"product-type-simple"},"yoast_head":"<!-- This site is optimized with the Yoast SEO plugin v26.6 - https:\/\/yoast.com\/wordpress\/plugins\/seo\/ -->\n<title>Pin Buckle Collar | QQPETS<\/title>\n<meta name=\"description\" content=\"Sturdy and stylish Pin Buckle Collar, designed for durability and comfort. Fully customizable with logos or patterns, ideal for brands seeking unique pet products.\" \/>\n<meta name=\"robots\" content=\"index, follow, max-snippet:-1, max-image-preview:large, max-video-preview:-1\" \/>\n<link rel=\"canonical\" href=\"https:\/\/qqpets.com\/fr\/produit\/pin-buckle-collar\/\" \/>\n<meta property=\"og:locale\" content=\"fr_FR\" \/>\n<meta property=\"og:type\" content=\"article\" \/>\n<meta property=\"og:title\" content=\"Pin Buckle Collar | QQPETS\" \/>\n<meta property=\"og:description\" content=\"Sturdy and stylish Pin Buckle Collar, designed for durability and comfort. Fully customizable with logos or patterns, ideal for brands seeking unique pet products.\" \/>\n<meta property=\"og:url\" content=\"https:\/\/qqpets.com\/fr\/produit\/pin-buckle-collar\/\" \/>\n<meta property=\"og:site_name\" content=\"QQPETS\" \/>\n<meta property=\"article:publisher\" content=\"https:\/\/www.facebook.com\/QQpetsdogcollars\" \/>\n<meta property=\"og:image\" content=\"https:\/\/qqpets.com\/wp-content\/uploads\/2024\/11\/Pin-Buckle-Collar1.webp\" \/>\n\t<meta property=\"og:image:width\" content=\"800\" \/>\n\t<meta property=\"og:image:height\" content=\"800\" \/>\n\t<meta property=\"og:image:type\" content=\"image\/webp\" \/>\n<meta name=\"twitter:card\" content=\"summary_large_image\" \/>\n<meta name=\"twitter:label1\" content=\"Dur\u00e9e de lecture estim\u00e9e\" \/>\n\t<meta name=\"twitter:data1\" content=\"1 minute\" \/>\n<script type=\"application\/ld+json\" class=\"yoast-schema-graph\">{\"@context\":\"https:\/\/schema.org\",\"@graph\":[{\"@type\":\"WebPage\",\"@id\":\"https:\/\/qqpets.com\/product\/pin-buckle-collar\/\",\"url\":\"https:\/\/qqpets.com\/product\/pin-buckle-collar\/\",\"name\":\"Pin Buckle Collar | QQPETS\",\"isPartOf\":{\"@id\":\"https:\/\/qqpets.com\/#website\"},\"primaryImageOfPage\":{\"@id\":\"https:\/\/qqpets.com\/product\/pin-buckle-collar\/#primaryimage\"},\"image\":{\"@id\":\"https:\/\/qqpets.com\/product\/pin-buckle-collar\/#primaryimage\"},\"thumbnailUrl\":\"https:\/\/qqpets.com\/wp-content\/uploads\/2024\/11\/Pin-Buckle-Collar1.webp\",\"datePublished\":\"2024-11-14T08:06:33+00:00\",\"description\":\"Sturdy and stylish Pin Buckle Collar, designed for durability and comfort. Fully customizable with logos or patterns, ideal for brands seeking unique pet products.\",\"breadcrumb\":{\"@id\":\"https:\/\/qqpets.com\/product\/pin-buckle-collar\/#breadcrumb\"},\"inLanguage\":\"fr-FR\",\"potentialAction\":[{\"@type\":\"ReadAction\",\"target\":[\"https:\/\/qqpets.com\/product\/pin-buckle-collar\/\"]}]},{\"@type\":\"ImageObject\",\"inLanguage\":\"fr-FR\",\"@id\":\"https:\/\/qqpets.com\/product\/pin-buckle-collar\/#primaryimage\",\"url\":\"https:\/\/qqpets.com\/wp-content\/uploads\/2024\/11\/Pin-Buckle-Collar1.webp\",\"contentUrl\":\"https:\/\/qqpets.com\/wp-content\/uploads\/2024\/11\/Pin-Buckle-Collar1.webp\",\"width\":800,\"height\":800},{\"@type\":\"BreadcrumbList\",\"@id\":\"https:\/\/qqpets.com\/product\/pin-buckle-collar\/#breadcrumb\",\"itemListElement\":[{\"@type\":\"ListItem\",\"position\":1,\"name\":\"Home\",\"item\":\"https:\/\/qqpets.com\/\"},{\"@type\":\"ListItem\",\"position\":2,\"name\":\"Products\",\"item\":\"https:\/\/qqpets.com\/pet-products-manufacturer\/\"},{\"@type\":\"ListItem\",\"position\":3,\"name\":\"Pin Buckle Collar\"}]},{\"@type\":\"WebSite\",\"@id\":\"https:\/\/qqpets.com\/#website\",\"url\":\"https:\/\/qqpets.com\/\",\"name\":\"QQPETS\",\"description\":\"QQPETS is a pet products factory for dog harnesses, dog collars, dog leashes and dog accessories with professional customized service since 2005.\",\"publisher\":{\"@id\":\"https:\/\/qqpets.com\/#organization\"},\"potentialAction\":[{\"@type\":\"SearchAction\",\"target\":{\"@type\":\"EntryPoint\",\"urlTemplate\":\"https:\/\/qqpets.com\/?s={search_term_string}\"},\"query-input\":{\"@type\":\"PropertyValueSpecification\",\"valueRequired\":true,\"valueName\":\"search_term_string\"}}],\"inLanguage\":\"fr-FR\"},{\"@type\":\"Organization\",\"@id\":\"https:\/\/qqpets.com\/#organization\",\"name\":\"QQPETS\",\"url\":\"https:\/\/qqpets.com\/\",\"logo\":{\"@type\":\"ImageObject\",\"inLanguage\":\"fr-FR\",\"@id\":\"https:\/\/qqpets.com\/#\/schema\/logo\/image\/\",\"url\":\"https:\/\/qqpets.com\/wp-content\/uploads\/2023\/09\/cropped-cropped-qqpets-tiktok.jpg\",\"contentUrl\":\"https:\/\/qqpets.com\/wp-content\/uploads\/2023\/09\/cropped-cropped-qqpets-tiktok.jpg\",\"width\":511,\"height\":511,\"caption\":\"QQPETS\"},\"image\":{\"@id\":\"https:\/\/qqpets.com\/#\/schema\/logo\/image\/\"},\"sameAs\":[\"https:\/\/www.facebook.com\/QQpetsdogcollars\",\"https:\/\/www.instagram.com\/qqpetscollar\/\",\"https:\/\/www.pinterest.com\/qqpetsdogcollarsfactory\/\"]}]}<\/script>\n<!-- \/ Yoast SEO plugin. -->","yoast_head_json":{"title":"Collier \u00e0 boucle d'\u00e9pingle | QQPETS","description":"Collier \u00e0 boucles robustes et \u00e9l\u00e9gantes, con\u00e7u pour la durabilit\u00e9 et le confort. Enti\u00e8rement personnalisable avec des logos ou des motifs, id\u00e9al pour les marques recherchant des produits uniques pour animaux de compagnie.","robots":{"index":"index","follow":"follow","max-snippet":"max-snippet:-1","max-image-preview":"max-image-preview:large","max-video-preview":"max-video-preview:-1"},"canonical":"https:\/\/qqpets.com\/fr\/produit\/pin-buckle-collar\/","og_locale":"fr_FR","og_type":"article","og_title":"Pin Buckle Collar | QQPETS","og_description":"Sturdy and stylish Pin Buckle Collar, designed for durability and comfort. Fully customizable with logos or patterns, ideal for brands seeking unique pet products.","og_url":"https:\/\/qqpets.com\/fr\/produit\/pin-buckle-collar\/","og_site_name":"QQPETS","article_publisher":"https:\/\/www.facebook.com\/QQpetsdogcollars","og_image":[{"width":800,"height":800,"url":"https:\/\/qqpets.com\/wp-content\/uploads\/2024\/11\/Pin-Buckle-Collar1.webp","type":"image\/webp"}],"twitter_card":"summary_large_image","twitter_misc":{"Dur\u00e9e de lecture estim\u00e9e":"1 minute"},"schema":{"@context":"https:\/\/schema.org","@graph":[{"@type":"WebPage","@id":"https:\/\/qqpets.com\/product\/pin-buckle-collar\/","url":"https:\/\/qqpets.com\/product\/pin-buckle-collar\/","name":"Collier \u00e0 boucle d'\u00e9pingle | QQPETS","isPartOf":{"@id":"https:\/\/qqpets.com\/#website"},"primaryImageOfPage":{"@id":"https:\/\/qqpets.com\/product\/pin-buckle-collar\/#primaryimage"},"image":{"@id":"https:\/\/qqpets.com\/product\/pin-buckle-collar\/#primaryimage"},"thumbnailUrl":"https:\/\/qqpets.com\/wp-content\/uploads\/2024\/11\/Pin-Buckle-Collar1.webp","datePublished":"2024-11-14T08:06:33+00:00","description":"Collier \u00e0 boucles robustes et \u00e9l\u00e9gantes, con\u00e7u pour la durabilit\u00e9 et le confort. Enti\u00e8rement personnalisable avec des logos ou des motifs, id\u00e9al pour les marques recherchant des produits uniques pour animaux de compagnie.","breadcrumb":{"@id":"https:\/\/qqpets.com\/product\/pin-buckle-collar\/#breadcrumb"},"inLanguage":"fr-FR","potentialAction":[{"@type":"ReadAction","target":["https:\/\/qqpets.com\/product\/pin-buckle-collar\/"]}]},{"@type":"ImageObject","inLanguage":"fr-FR","@id":"https:\/\/qqpets.com\/product\/pin-buckle-collar\/#primaryimage","url":"https:\/\/qqpets.com\/wp-content\/uploads\/2024\/11\/Pin-Buckle-Collar1.webp","contentUrl":"https:\/\/qqpets.com\/wp-content\/uploads\/2024\/11\/Pin-Buckle-Collar1.webp","width":800,"height":800},{"@type":"BreadcrumbList","@id":"https:\/\/qqpets.com\/product\/pin-buckle-collar\/#breadcrumb","itemListElement":[{"@type":"ListItem","position":1,"name":"Home","item":"https:\/\/qqpets.com\/"},{"@type":"ListItem","position":2,"name":"Products","item":"https:\/\/qqpets.com\/pet-products-manufacturer\/"},{"@type":"ListItem","position":3,"name":"Pin Buckle Collar"}]},{"@type":"WebSite","@id":"https:\/\/qqpets.com\/#website","url":"https:\/\/qqpets.com\/","name":"QQPETS","description":"QQPETS est une usine de produits pour animaux de compagnie qui fabrique des harnais pour chiens, des colliers pour chiens, des laisses pour chiens et des accessoires pour chiens avec un service professionnel personnalis\u00e9 depuis 2005.","publisher":{"@id":"https:\/\/qqpets.com\/#organization"},"potentialAction":[{"@type":"SearchAction","target":{"@type":"EntryPoint","urlTemplate":"https:\/\/qqpets.com\/?s={search_term_string}"},"query-input":{"@type":"PropertyValueSpecification","valueRequired":true,"valueName":"search_term_string"}}],"inLanguage":"fr-FR"},{"@type":"Organization","@id":"https:\/\/qqpets.com\/#organization","name":"QQPETS","url":"https:\/\/qqpets.com\/","logo":{"@type":"ImageObject","inLanguage":"fr-FR","@id":"https:\/\/qqpets.com\/#\/schema\/logo\/image\/","url":"https:\/\/qqpets.com\/wp-content\/uploads\/2023\/09\/cropped-cropped-qqpets-tiktok.jpg","contentUrl":"https:\/\/qqpets.com\/wp-content\/uploads\/2023\/09\/cropped-cropped-qqpets-tiktok.jpg","width":511,"height":511,"caption":"QQPETS"},"image":{"@id":"https:\/\/qqpets.com\/#\/schema\/logo\/image\/"},"sameAs":["https:\/\/www.facebook.com\/QQpetsdogcollars","https:\/\/www.instagram.com\/qqpetscollar\/","https:\/\/www.pinterest.com\/qqpetsdogcollarsfactory\/"]}]}},"_links":{"self":[{"href":"https:\/\/qqpets.com\/fr\/wp-json\/wp\/v2\/product\/9364","targetHints":{"allow":["GET"]}}],"collection":[{"href":"https:\/\/qqpets.com\/fr\/wp-json\/wp\/v2\/product"}],"about":[{"href":"https:\/\/qqpets.com\/fr\/wp-json\/wp\/v2\/types\/product"}],"wp:featuredmedia":[{"embeddable":true,"href":"https:\/\/qqpets.com\/fr\/wp-json\/wp\/v2\/media\/9365"}],"wp:attachment":[{"href":"https:\/\/qqpets.com\/fr\/wp-json\/wp\/v2\/media?parent=9364"}],"wp:term":[{"taxonomy":"product_brand","embeddable":true,"href":"https:\/\/qqpets.com\/fr\/wp-json\/wp\/v2\/product_brand?post=9364"},{"taxonomy":"product_cat","embeddable":true,"href":"https:\/\/qqpets.com\/fr\/wp-json\/wp\/v2\/product_cat?post=9364"},{"taxonomy":"product_tag","embeddable":true,"href":"https:\/\/qqpets.com\/fr\/wp-json\/wp\/v2\/product_tag?post=9364"}],"curies":[{"name":"wp","href":"https:\/\/api.w.org\/{rel}","templated":true}]}}