{"id":9384,"date":"2024-11-14T16:47:51","date_gmt":"2024-11-14T08:47:51","guid":{"rendered":"https:\/\/qqpets.com\/?post_type=product&#038;p=9384"},"modified":"2024-12-12T17:34:57","modified_gmt":"2024-12-12T09:34:57","slug":"running-dog-leash","status":"publish","type":"product","link":"https:\/\/qqpets.com\/fr\/produit\/running-dog-leash\/","title":{"rendered":"Laisse pour chien de course"},"content":{"rendered":"<p>Notre laisse pour chien de course est le choix id\u00e9al pour les propri\u00e9taires d'animaux qui aiment rester actifs avec leur chien. Con\u00e7ue pour un confort mains libres, cette laisse s'enroule solidement autour de la taille, lib\u00e9rant ainsi vos mains tout en assurant un contr\u00f4le stable de votre animal pendant les courses, les joggings ou les randonn\u00e9es. Fabriqu\u00e9e \u00e0 partir de mat\u00e9riaux durables et r\u00e9sistants aux intemp\u00e9ries, cette laisse est con\u00e7ue pour r\u00e9pondre aux exigences d'une utilisation r\u00e9guli\u00e8re, quel que soit le niveau d'activit\u00e9 de l'animal.<\/p>\n<p>La conception amortissante de cette laisse r\u00e9duit la tension exerc\u00e9e sur le coureur et le chien, pour une exp\u00e9rience confortable et fluide. Une section \u00e9lastique am\u00e9liore encore la flexibilit\u00e9, absorbant les tensions soudaines pour prot\u00e9ger \u00e0 la fois le ma\u00eetre et le chien des mouvements brusques. Les coutures r\u00e9fl\u00e9chissantes le long de la laisse ajoutent une couche suppl\u00e9mentaire de s\u00e9curit\u00e9, am\u00e9liorant la visibilit\u00e9 dans des conditions de faible luminosit\u00e9 pour les sorties t\u00f4t le matin ou le soir.<\/p>\n<p>Pour les clients B2B, la laisse Running Dog offre des options de personnalisation id\u00e9ales, permettant aux entreprises d'ajouter des logos ou des motifs uniques qui refl\u00e8tent l'identit\u00e9 de leur marque. Disponible dans une vari\u00e9t\u00e9 de couleurs, elle permet aux entreprises de fournir un produit distinct pour les propri\u00e9taires d'animaux actifs qui recherchent un m\u00e9lange de style, de fonction et de durabilit\u00e9. Cette laisse convient parfaitement aux marques qui cherchent \u00e0 atteindre un march\u00e9 actif et soucieux de sa sant\u00e9, en offrant \u00e0 la fois commodit\u00e9 et potentiel de marque dans un produit unique et polyvalent.<\/p>","protected":false},"excerpt":{"rendered":"<p>La laisse Running Dog est con\u00e7ue pour les propri\u00e9taires d'animaux actifs qui aiment courir et se promener les mains libres avec leur chien. Cette laisse s'attache solidement autour de la taille, ce qui permet des mouvements fluides et contr\u00f4l\u00e9s sans avoir \u00e0 tenir une poign\u00e9e. Fabriqu\u00e9e \u00e0 partir de mat\u00e9riaux solides et de haute qualit\u00e9, elle est con\u00e7ue pour supporter les courses quotidiennes et les animaux actifs avec facilit\u00e9. Parfaite pour les clients B2B, la laisse peut \u00eatre personnalis\u00e9e avec des logos et des motifs pour s'adapter au style de votre marque, ajoutant ainsi une touche personnelle \u00e0 vos clients. Cette laisse mains libres est l'accessoire id\u00e9al pour toute marque ciblant les propri\u00e9taires de chiens en pleine forme.<\/p>","protected":false},"featured_media":9386,"template":"","meta":[],"product_brand":[],"product_cat":[27],"product_tag":[],"class_list":{"0":"post-9384","1":"product","2":"type-product","3":"status-publish","4":"has-post-thumbnail","6":"product_cat-dog-leash","8":"first","9":"instock","10":"shipping-taxable","11":"product-type-simple"},"yoast_head":"<!-- This site is optimized with the Yoast SEO plugin v26.6 - https:\/\/yoast.com\/wordpress\/plugins\/seo\/ -->\n<title>Running Dog Leash | QQPETS<\/title>\n<meta name=\"description\" content=\"Running Dog Leash designed for active lifestyles, ideal for hands-free running with pets. Durable, customizable for brand logos and patterns, perfect for B2B customers.\" \/>\n<meta name=\"robots\" content=\"index, follow, max-snippet:-1, max-image-preview:large, max-video-preview:-1\" \/>\n<link rel=\"canonical\" href=\"https:\/\/qqpets.com\/fr\/produit\/running-dog-leash\/\" \/>\n<meta property=\"og:locale\" content=\"fr_FR\" \/>\n<meta property=\"og:type\" content=\"article\" \/>\n<meta property=\"og:title\" content=\"Running Dog Leash | QQPETS\" \/>\n<meta property=\"og:description\" content=\"Running Dog Leash designed for active lifestyles, ideal for hands-free running with pets. Durable, customizable for brand logos and patterns, perfect for B2B customers.\" \/>\n<meta property=\"og:url\" content=\"https:\/\/qqpets.com\/fr\/produit\/running-dog-leash\/\" \/>\n<meta property=\"og:site_name\" content=\"QQPETS\" \/>\n<meta property=\"article:publisher\" content=\"https:\/\/www.facebook.com\/QQpetsdogcollars\" \/>\n<meta property=\"article:modified_time\" content=\"2024-12-12T09:34:57+00:00\" \/>\n<meta property=\"og:image\" content=\"https:\/\/qqpets.com\/wp-content\/uploads\/2024\/11\/running-dog-leash2.webp\" \/>\n\t<meta property=\"og:image:width\" content=\"1024\" \/>\n\t<meta property=\"og:image:height\" content=\"1024\" \/>\n\t<meta property=\"og:image:type\" content=\"image\/webp\" \/>\n<meta name=\"twitter:card\" content=\"summary_large_image\" \/>\n<meta name=\"twitter:label1\" content=\"Dur\u00e9e de lecture estim\u00e9e\" \/>\n\t<meta name=\"twitter:data1\" content=\"2 minutes\" \/>\n<script type=\"application\/ld+json\" class=\"yoast-schema-graph\">{\"@context\":\"https:\/\/schema.org\",\"@graph\":[{\"@type\":\"WebPage\",\"@id\":\"https:\/\/qqpets.com\/product\/running-dog-leash\/\",\"url\":\"https:\/\/qqpets.com\/product\/running-dog-leash\/\",\"name\":\"Running Dog Leash | QQPETS\",\"isPartOf\":{\"@id\":\"https:\/\/qqpets.com\/#website\"},\"primaryImageOfPage\":{\"@id\":\"https:\/\/qqpets.com\/product\/running-dog-leash\/#primaryimage\"},\"image\":{\"@id\":\"https:\/\/qqpets.com\/product\/running-dog-leash\/#primaryimage\"},\"thumbnailUrl\":\"https:\/\/qqpets.com\/wp-content\/uploads\/2024\/11\/running-dog-leash2.webp\",\"datePublished\":\"2024-11-14T08:47:51+00:00\",\"dateModified\":\"2024-12-12T09:34:57+00:00\",\"description\":\"Running Dog Leash designed for active lifestyles, ideal for hands-free running with pets. Durable, customizable for brand logos and patterns, perfect for B2B customers.\",\"breadcrumb\":{\"@id\":\"https:\/\/qqpets.com\/product\/running-dog-leash\/#breadcrumb\"},\"inLanguage\":\"fr-FR\",\"potentialAction\":[{\"@type\":\"ReadAction\",\"target\":[\"https:\/\/qqpets.com\/product\/running-dog-leash\/\"]}]},{\"@type\":\"ImageObject\",\"inLanguage\":\"fr-FR\",\"@id\":\"https:\/\/qqpets.com\/product\/running-dog-leash\/#primaryimage\",\"url\":\"https:\/\/qqpets.com\/wp-content\/uploads\/2024\/11\/running-dog-leash2.webp\",\"contentUrl\":\"https:\/\/qqpets.com\/wp-content\/uploads\/2024\/11\/running-dog-leash2.webp\",\"width\":1024,\"height\":1024},{\"@type\":\"BreadcrumbList\",\"@id\":\"https:\/\/qqpets.com\/product\/running-dog-leash\/#breadcrumb\",\"itemListElement\":[{\"@type\":\"ListItem\",\"position\":1,\"name\":\"Home\",\"item\":\"https:\/\/qqpets.com\/\"},{\"@type\":\"ListItem\",\"position\":2,\"name\":\"Products\",\"item\":\"https:\/\/qqpets.com\/pet-products-manufacturer\/\"},{\"@type\":\"ListItem\",\"position\":3,\"name\":\"Running Dog Leash\"}]},{\"@type\":\"WebSite\",\"@id\":\"https:\/\/qqpets.com\/#website\",\"url\":\"https:\/\/qqpets.com\/\",\"name\":\"QQPETS\",\"description\":\"QQPETS is a pet products factory for dog harnesses, dog collars, dog leashes and dog accessories with professional customized service since 2005.\",\"publisher\":{\"@id\":\"https:\/\/qqpets.com\/#organization\"},\"potentialAction\":[{\"@type\":\"SearchAction\",\"target\":{\"@type\":\"EntryPoint\",\"urlTemplate\":\"https:\/\/qqpets.com\/?s={search_term_string}\"},\"query-input\":{\"@type\":\"PropertyValueSpecification\",\"valueRequired\":true,\"valueName\":\"search_term_string\"}}],\"inLanguage\":\"fr-FR\"},{\"@type\":\"Organization\",\"@id\":\"https:\/\/qqpets.com\/#organization\",\"name\":\"QQPETS\",\"url\":\"https:\/\/qqpets.com\/\",\"logo\":{\"@type\":\"ImageObject\",\"inLanguage\":\"fr-FR\",\"@id\":\"https:\/\/qqpets.com\/#\/schema\/logo\/image\/\",\"url\":\"https:\/\/qqpets.com\/wp-content\/uploads\/2023\/09\/cropped-cropped-qqpets-tiktok.jpg\",\"contentUrl\":\"https:\/\/qqpets.com\/wp-content\/uploads\/2023\/09\/cropped-cropped-qqpets-tiktok.jpg\",\"width\":511,\"height\":511,\"caption\":\"QQPETS\"},\"image\":{\"@id\":\"https:\/\/qqpets.com\/#\/schema\/logo\/image\/\"},\"sameAs\":[\"https:\/\/www.facebook.com\/QQpetsdogcollars\",\"https:\/\/www.instagram.com\/qqpetscollar\/\",\"https:\/\/www.pinterest.com\/qqpetsdogcollarsfactory\/\"]}]}<\/script>\n<!-- \/ Yoast SEO plugin. -->","yoast_head_json":{"title":"Running Dog Leash | QQPETS","description":"Running Dog Leash designed for active lifestyles, ideal for hands-free running with pets. Durable, customizable for brand logos and patterns, perfect for B2B customers.","robots":{"index":"index","follow":"follow","max-snippet":"max-snippet:-1","max-image-preview":"max-image-preview:large","max-video-preview":"max-video-preview:-1"},"canonical":"https:\/\/qqpets.com\/fr\/produit\/running-dog-leash\/","og_locale":"fr_FR","og_type":"article","og_title":"Running Dog Leash | QQPETS","og_description":"Running Dog Leash designed for active lifestyles, ideal for hands-free running with pets. Durable, customizable for brand logos and patterns, perfect for B2B customers.","og_url":"https:\/\/qqpets.com\/fr\/produit\/running-dog-leash\/","og_site_name":"QQPETS","article_publisher":"https:\/\/www.facebook.com\/QQpetsdogcollars","article_modified_time":"2024-12-12T09:34:57+00:00","og_image":[{"width":1024,"height":1024,"url":"https:\/\/qqpets.com\/wp-content\/uploads\/2024\/11\/running-dog-leash2.webp","type":"image\/webp"}],"twitter_card":"summary_large_image","twitter_misc":{"Dur\u00e9e de lecture estim\u00e9e":"2 minutes"},"schema":{"@context":"https:\/\/schema.org","@graph":[{"@type":"WebPage","@id":"https:\/\/qqpets.com\/product\/running-dog-leash\/","url":"https:\/\/qqpets.com\/product\/running-dog-leash\/","name":"Running Dog Leash | QQPETS","isPartOf":{"@id":"https:\/\/qqpets.com\/#website"},"primaryImageOfPage":{"@id":"https:\/\/qqpets.com\/product\/running-dog-leash\/#primaryimage"},"image":{"@id":"https:\/\/qqpets.com\/product\/running-dog-leash\/#primaryimage"},"thumbnailUrl":"https:\/\/qqpets.com\/wp-content\/uploads\/2024\/11\/running-dog-leash2.webp","datePublished":"2024-11-14T08:47:51+00:00","dateModified":"2024-12-12T09:34:57+00:00","description":"Running Dog Leash designed for active lifestyles, ideal for hands-free running with pets. Durable, customizable for brand logos and patterns, perfect for B2B customers.","breadcrumb":{"@id":"https:\/\/qqpets.com\/product\/running-dog-leash\/#breadcrumb"},"inLanguage":"fr-FR","potentialAction":[{"@type":"ReadAction","target":["https:\/\/qqpets.com\/product\/running-dog-leash\/"]}]},{"@type":"ImageObject","inLanguage":"fr-FR","@id":"https:\/\/qqpets.com\/product\/running-dog-leash\/#primaryimage","url":"https:\/\/qqpets.com\/wp-content\/uploads\/2024\/11\/running-dog-leash2.webp","contentUrl":"https:\/\/qqpets.com\/wp-content\/uploads\/2024\/11\/running-dog-leash2.webp","width":1024,"height":1024},{"@type":"BreadcrumbList","@id":"https:\/\/qqpets.com\/product\/running-dog-leash\/#breadcrumb","itemListElement":[{"@type":"ListItem","position":1,"name":"Home","item":"https:\/\/qqpets.com\/"},{"@type":"ListItem","position":2,"name":"Products","item":"https:\/\/qqpets.com\/pet-products-manufacturer\/"},{"@type":"ListItem","position":3,"name":"Running Dog Leash"}]},{"@type":"WebSite","@id":"https:\/\/qqpets.com\/#website","url":"https:\/\/qqpets.com\/","name":"QQPETS","description":"QQPETS est une usine de produits pour animaux de compagnie qui fabrique des harnais pour chiens, des colliers pour chiens, des laisses pour chiens et des accessoires pour chiens avec un service professionnel personnalis\u00e9 depuis 2005.","publisher":{"@id":"https:\/\/qqpets.com\/#organization"},"potentialAction":[{"@type":"SearchAction","target":{"@type":"EntryPoint","urlTemplate":"https:\/\/qqpets.com\/?s={search_term_string}"},"query-input":{"@type":"PropertyValueSpecification","valueRequired":true,"valueName":"search_term_string"}}],"inLanguage":"fr-FR"},{"@type":"Organization","@id":"https:\/\/qqpets.com\/#organization","name":"QQPETS","url":"https:\/\/qqpets.com\/","logo":{"@type":"ImageObject","inLanguage":"fr-FR","@id":"https:\/\/qqpets.com\/#\/schema\/logo\/image\/","url":"https:\/\/qqpets.com\/wp-content\/uploads\/2023\/09\/cropped-cropped-qqpets-tiktok.jpg","contentUrl":"https:\/\/qqpets.com\/wp-content\/uploads\/2023\/09\/cropped-cropped-qqpets-tiktok.jpg","width":511,"height":511,"caption":"QQPETS"},"image":{"@id":"https:\/\/qqpets.com\/#\/schema\/logo\/image\/"},"sameAs":["https:\/\/www.facebook.com\/QQpetsdogcollars","https:\/\/www.instagram.com\/qqpetscollar\/","https:\/\/www.pinterest.com\/qqpetsdogcollarsfactory\/"]}]}},"_links":{"self":[{"href":"https:\/\/qqpets.com\/fr\/wp-json\/wp\/v2\/product\/9384","targetHints":{"allow":["GET"]}}],"collection":[{"href":"https:\/\/qqpets.com\/fr\/wp-json\/wp\/v2\/product"}],"about":[{"href":"https:\/\/qqpets.com\/fr\/wp-json\/wp\/v2\/types\/product"}],"wp:featuredmedia":[{"embeddable":true,"href":"https:\/\/qqpets.com\/fr\/wp-json\/wp\/v2\/media\/9386"}],"wp:attachment":[{"href":"https:\/\/qqpets.com\/fr\/wp-json\/wp\/v2\/media?parent=9384"}],"wp:term":[{"taxonomy":"product_brand","embeddable":true,"href":"https:\/\/qqpets.com\/fr\/wp-json\/wp\/v2\/product_brand?post=9384"},{"taxonomy":"product_cat","embeddable":true,"href":"https:\/\/qqpets.com\/fr\/wp-json\/wp\/v2\/product_cat?post=9384"},{"taxonomy":"product_tag","embeddable":true,"href":"https:\/\/qqpets.com\/fr\/wp-json\/wp\/v2\/product_tag?post=9384"}],"curies":[{"name":"wp","href":"https:\/\/api.w.org\/{rel}","templated":true}]}}